{"id":12803,"date":"2024-05-01T08:30:47","date_gmt":"2024-05-01T08:30:47","guid":{"rendered":"https:\/\/starlediluminacion.com\/?post_type=product&#038;p=12803"},"modified":"2024-09-15T11:47:03","modified_gmt":"2024-09-15T11:47:03","slug":"sensor-de-movimiento-estatico-para-perfiles-led-12v-24v","status":"publish","type":"product","link":"https:\/\/starlediluminacion.com\/pt\/product\/sensor-de-movimento-sensor-estatico-para-perfis-led-12v-24v\/","title":{"rendered":"<p>Sensor de movimento est\u00e1tico - Para perfis de LED - 12V - 24V<\/p>"},"content":{"rendered":"<h1>Sensor de movimento - Est\u00e1tico - para perfis LED - 12V - 24V<h1><\/h1><p>Descubra o nosso inovador sensor de movimento concebido especificamente para perfis de fita LED monocrom\u00e1tica de 12V-24V! Este sensor oferece a comodidade de acender automaticamente as luzes quando detecta movimento, proporcionando uma solu\u00e7\u00e3o eficiente e pr\u00e1tica para as suas necessidades de ilumina\u00e7\u00e3o.<\/p><p>Uma das principais vantagens deste modelo \u00e9 o seu design compacto e vers\u00e1til, que se adapta facilmente a uma grande variedade de perfis, oferecendo uma instala\u00e7\u00e3o simples e discreta.<\/p><p>A instala\u00e7\u00e3o \u00e9 simples: basta efetuar um furo no difusor opalino do perfil para alojar o sensor, garantindo uma integra\u00e7\u00e3o discreta e eficaz. Uma vez instalado, o sensor activar\u00e1 a fita LED assim que detetar movimento e mant\u00ea-la-\u00e1 acesa durante 40 segundos ap\u00f3s o movimento parar, fornecendo a quantidade perfeita de luz quando esta \u00e9 mais necess\u00e1ria.<\/p><p>Com o nosso sensor de movimento, desfrute de uma ilumina\u00e7\u00e3o inteligente e eficiente que se adapta \u00e0s suas necessidades, proporcionando conforto e comodidade em sua casa ou no seu escrit\u00f3rio. Torne a sua experi\u00eancia de ilumina\u00e7\u00e3o ainda mais pr\u00e1tica e confort\u00e1vel com este dispositivo inovador!<\/p><h3 class=\"h6\">Folha de dados do produto<\/h3><dl class=\"data-sheet\">\n<dt class=\"name\"><img loading=\"lazy\" decoding=\"async\" src=\"https:\/\/www.factorled.com\/modules\/oa_features\/img\/2-default.jpg\" width=\"32\" height=\"32\">&nbsp;REFER\u00caNCIA<\/dt>\n<dd class=\"value\">2680<\/dd>\n<dt class=\"name\"><img loading=\"lazy\" decoding=\"async\" src=\"https:\/\/www.factorled.com\/modules\/oa_features\/img\/4-default.jpg\" width=\"32\" height=\"32\">&nbsp;Tens\u00e3o nominal<\/dt>\n<dd class=\"value\">DC 12-24V<\/dd>\n<dt class=\"name\"><img loading=\"lazy\" decoding=\"async\" src=\"https:\/\/www.factorled.com\/modules\/oa_features\/img\/25-default.jpg\" width=\"32\" height=\"32\">&nbsp;Material de constru\u00e7\u00e3o<\/dt>\n<dd class=\"value\">Alum\u00ednio +PC<\/dd>\n<dt class=\"name\"><img loading=\"lazy\" decoding=\"async\" src=\"https:\/\/www.factorled.com\/modules\/oa_features\/img\/10-default.jpg\" width=\"32\" height=\"32\">&nbsp;\u00c2ngulo de abertura (\u00ba)<\/dt>\n<dd class=\"value\">180\u00ba<\/dd>\n<dt class=\"name\"><img loading=\"lazy\" decoding=\"async\" src=\"https:\/\/www.factorled.com\/modules\/oa_features\/img\/15-default.jpg\" width=\"32\" height=\"32\">&nbsp;Certificados<\/dt>\n<dd class=\"value\">CE - ROHS<\/dd>\n<dt class=\"name\"><img loading=\"lazy\" decoding=\"async\" src=\"https:\/\/www.factorled.com\/modules\/oa_features\/img\/16-default.jpg\" width=\"32\" height=\"32\">&nbsp;Classifica\u00e7\u00e3o IP<\/dt>\n<dd class=\"value\">IP20<\/dd>\n<dt class=\"name\"><img loading=\"lazy\" decoding=\"async\" src=\"https:\/\/www.factorled.com\/modules\/oa_features\/img\/17-default.jpg\" width=\"32\" height=\"32\">&nbsp;Vida \u00fatil estimada D\u00edodo LED (H)<\/dt>\n<dd class=\"value\">20.000<\/dd>\n<dt class=\"name\"><img loading=\"lazy\" decoding=\"async\" src=\"https:\/\/www.factorled.com\/modules\/oa_features\/img\/18-default.jpg\" width=\"32\" height=\"32\">&nbsp;Medidas (Mm)<\/dt>\n<dd class=\"value\">36x10x11 mm<\/dd>\n<dt class=\"name\"><img loading=\"lazy\" decoding=\"async\" src=\"https:\/\/www.factorled.com\/modules\/oa_features\/img\/21-default.jpg\" width=\"32\" height=\"32\">&nbsp;Frequ\u00eancia de trabalho (Hz)<\/dt>\n<dd class=\"value\">50\/60Hz<\/dd>\n<dt class=\"name\"><img loading=\"lazy\" decoding=\"async\" src=\"https:\/\/www.factorled.com\/modules\/oa_features\/img\/23-default.jpg\" width=\"32\" height=\"32\">&nbsp;Ciclos de igni\u00e7\u00e3o<\/dt>\n<dd class=\"value\">100.000<\/dd>\n<dt class=\"name\"><img loading=\"lazy\" decoding=\"async\" src=\"https:\/\/www.factorled.com\/modules\/oa_features\/img\/37-default.jpg\" width=\"32\" height=\"32\">&nbsp;Modos de controlo<\/dt>\n<dd class=\"value\">INFRARED<\/dd>\n<dt class=\"name\"><img loading=\"lazy\" decoding=\"async\" src=\"https:\/\/www.factorled.com\/modules\/oa_features\/img\/7-default.jpg\" width=\"32\" height=\"32\">&nbsp;Classe energ\u00e9tica (2021-UE-2019\/2015)<\/dt>\n<dd class=\"value\">A+<\/dd>\n<dt class=\"name\"><img loading=\"lazy\" decoding=\"async\" src=\"https:\/\/www.factorled.com\/modules\/oa_features\/img\/75-default.jpg\" width=\"32\" height=\"32\">&nbsp;Anos de garantia<\/dt>\n<dd class=\"value\">3<\/dd>\n<dt class=\"name\"><img loading=\"lazy\" decoding=\"async\" src=\"https:\/\/www.factorled.com\/modules\/oa_features\/img\/77-default.jpg\" width=\"32\" height=\"32\">&nbsp;Alcance (M)<\/dt>\n<dd class=\"value\">8 m.<\/dd>\n<dt class=\"name\"><img loading=\"lazy\" decoding=\"async\" src=\"https:\/\/www.factorled.com\/modules\/oa_features\/img\/78-default.jpg\" width=\"32\" height=\"32\">&nbsp;Tempo de liga\u00e7\u00e3o<\/dt>\n<dd class=\"value\">40 seg.<\/dd>\n<\/dl><\/h1>","protected":false},"excerpt":{"rendered":"<div class=\"product-reference\"><strong><label class=\"label\">Refer\u00eancia:<\/label> SL2680<\/strong><div><\/div><div class=\"product-description-short\">\n<div id=\"product-description-short-3529\">\n<p><strong>Sensor de movimento<\/strong>&nbsp;concebido&nbsp;<strong>para perfis<\/strong>&nbsp;de tiras&nbsp;<strong>LED monocrom\u00e1tico de 12V-24V.<\/strong>&nbsp;Ativa automaticamente a ilumina\u00e7\u00e3o quando detecta movimento, oferecendo uma solu\u00e7\u00e3o pr\u00e1tica e eficiente para manter os seus espa\u00e7os iluminados quando mais precisa.&nbsp;<strong>O seu design compacto permite uma instala\u00e7\u00e3o vers\u00e1til em v\u00e1rios perfis.<\/strong>&nbsp;Mantenha os seus espa\u00e7os iluminados com facilidade e comodidade!<\/p>\n<p><i class=\"fa fa-truck\"><\/i>&nbsp;<span class=\"text-muted textprop\">Entrega em 24\/48 horas<\/span><\/p>\n<\/div>\n<\/div><\/div>","protected":false},"featured_media":12809,"template":"","meta":{"site-sidebar-layout":"default","site-content-layout":"default","ast-global-header-display":"","ast-main-header-display":"","ast-hfb-above-header-display":"","ast-hfb-below-header-display":"","ast-hfb-mobile-header-display":"","site-post-title":"","ast-breadcrumbs-content":"","ast-featured-img":"","footer-sml-layout":"","theme-transparent-header-meta":"default","adv-header-id-meta":"","stick-header-meta":"","header-above-stick-meta":"","header-main-stick-meta":"","header-below-stick-meta":""},"product_cat":[92,45],"product_tag":[],"class_list":["post-12803","product","type-product","status-publish","has-post-thumbnail","hentry","product_cat-accesorios-tiras-led","product_cat-tiras-led-y-neon-flexible"],"_links":{"self":[{"href":"https:\/\/starlediluminacion.com\/pt\/wp-json\/wp\/v3\/product\/12803","targetHints":{"allow":["GET"]}}],"collection":[{"href":"https:\/\/starlediluminacion.com\/pt\/wp-json\/wp\/v3\/product"}],"about":[{"href":"https:\/\/starlediluminacion.com\/pt\/wp-json\/wp\/v2\/types\/product"}],"wp:featuredmedia":[{"embeddable":true,"href":"https:\/\/starlediluminacion.com\/pt\/wp-json\/wp\/v2\/media\/12809"}],"wp:attachment":[{"href":"https:\/\/starlediluminacion.com\/pt\/wp-json\/wp\/v2\/media?parent=12803"}],"wp:term":[{"taxonomy":"product_cat","embeddable":true,"href":"https:\/\/starlediluminacion.com\/pt\/wp-json\/wp\/v2\/product_cat?post=12803"},{"taxonomy":"product_tag","embeddable":true,"href":"https:\/\/starlediluminacion.com\/pt\/wp-json\/wp\/v2\/product_tag?post=12803"}],"curies":[{"name":"wp","href":"https:\/\/api.w.org\/{rel}","templated":true}]}}