{"id":12679,"date":"2024-03-28T12:09:39","date_gmt":"2024-03-28T12:09:39","guid":{"rendered":"https:\/\/starlediluminacion.com\/?post_type=product&#038;p=12679"},"modified":"2024-09-15T11:45:12","modified_gmt":"2024-09-15T11:45:12","slug":"downlight-led-circular-15w-blanco-cri92-ip65-ugr13","status":"publish","type":"product","link":"https:\/\/starlediluminacion.com\/pt\/product\/downlight-led-circular-15w-blanco-cri92-ip65-ugr13\/","title":{"rendered":"<p>Lumin\u00e1ria embutida CIRCULAR LED 15W - BRANCO - CRI+92 - IP65 - UGR13<\/p>"},"content":{"rendered":"<h1>Lumin\u00e1ria embutida CIRCULAR LED 15W - BRANCO - CRI+92 - IP65 - UGR13<p>O&nbsp;<strong>Lumin\u00e1ria embutida CIRCULAR LED 15W<\/strong>&nbsp;\u00e9 um produto muito vers\u00e1til, que combina um bom desempenho com uma grande poupan\u00e7a de energia. O seu tamanho reduzido torna o seu design perfeito<\/p><p>O nosso m\u00f3dulo incorpora um&nbsp;<strong>Condutor externo<\/strong>&nbsp;permite que o LED trabalhe com pot\u00eancias mais elevadas, prolonga a vida \u00fatil e aumenta a pot\u00eancia luminosa do d\u00edodo LED, uma vez que o calor gerado pelo condutor n\u00e3o interfere com o d\u00edodo, conseguindo assim&nbsp;<strong>aumentar a vida<\/strong>&nbsp;de todo o&nbsp;<strong>lumin\u00e1ria<\/strong>.<\/p><p>O seu d\u00edodo&nbsp;<strong>COB Bridgelux<\/strong>&nbsp;entrega&nbsp;<strong>130 lm\/W,<\/strong>&nbsp;lo que hace que tenga un gran rendimiento y ahorro energ&eacute;tico. Bridgelux es una marca reconocida en la fabricaci&oacute;n de diodos COB de alta calidad. Algunas de las ventajas espec&iacute;ficas del diodo COB Bridgelux son:<\/p><ol>\n<li>Elevada efici\u00eancia energ\u00e9tica: Os d\u00edodos COB da Bridgelux oferecem uma elevada efici\u00eancia energ\u00e9tica, permitindo uma sa\u00edda de luz potente com um consumo de energia relativamente baixo.<\/li>\n<li>Elevada qualidade de luz: os d\u00edodos COB Bridgelux oferecem uma qualidade de luz superior com uma excelente restitui\u00e7\u00e3o de cor (CRI elevado) e uma temperatura de cor constante, fazendo com que os objectos e os espa\u00e7os pare\u00e7am mais naturais e v\u00edvidos.<\/li>\n<li>Design compacto: Os d\u00edodos COB da Bridgelux t\u00eam um design compacto e leve, o que facilita a sua integra\u00e7\u00e3o em diferentes tipos de lumin\u00e1rias e aplica\u00e7\u00f5es de ilumina\u00e7\u00e3o.<\/li>\n<li>Maior fiabilidade e durabilidade: Os d\u00edodos COB da Bridgelux foram concebidos para serem duradouros e fi\u00e1veis.<\/li>\n<li>Com classifica\u00e7\u00e3o IP65, este downlight \u00e9 a escolha perfeita para quem procura uma ilumina\u00e7\u00e3o de qualidade em ambientes h\u00famidos, como casas de banho ou \u00e1reas exteriores.<\/li>\n<\/ol><p>O nosso projetor est\u00e1 equipado com um n\u00edvel&nbsp;&nbsp;<strong>UGR&lt;13<\/strong>&nbsp;- Baixo n\u00edvel de UGR -<\/p><p>UGR significa \"Unified Glare Ratio\" (r\u00e1cio de encandeamento unificado) e \u00e9 utilizado para medir a quantidade de encandeamento que pode ser percebida por uma pessoa num ambiente iluminado. Um UGR baixo indica que o ambiente tem um n\u00edvel mais baixo de encandeamento e, por conseguinte, proporciona uma melhor qualidade de ilumina\u00e7\u00e3o.<\/p><p>Algumas vantagens de ter uma UGR baixa s\u00e3o:<\/p><ol>\n<li>Maior conforto visual: Ao reduzir o encandeamento, o ambiente torna-se mais confort\u00e1vel para os olhos e reduz a fadiga ocular, o que pode melhorar a produtividade e a concentra\u00e7\u00e3o.<\/li>\n<li>Melhor desempenho: Um ambiente com baixa UGR proporciona uma melhor qualidade de luz e pode melhorar o desempenho visual, o que \u00e9 especialmente importante em ambientes de trabalho e de estudo.<\/li>\n<li>Maior seguran\u00e7a: Um UGR baixo pode tamb\u00e9m melhorar a seguran\u00e7a nos espa\u00e7os de trabalho, reduzindo o risco de acidentes causados pelo encandeamento.<\/li>\n<li>Esteticamente apelativo: Os ambientes com uma UGR baixa podem ser mais apelativos do ponto de vista est\u00e9tico, uma vez que os objectos e as superf\u00edcies parecem mais claros e n\u00edtidos, criando um ambiente mais agrad\u00e1vel.<\/li>\n<\/ol><p>Em resumo, uma UGR baixa pode proporcionar uma s\u00e9rie de benef\u00edcios, tais como maior conforto visual, melhor desempenho, maior seguran\u00e7a e uma est\u00e9tica atraente, tornando-a um fator importante a considerar ao conceber e planear a ilumina\u00e7\u00e3o em espa\u00e7os de trabalho, de estudo e outros ambientes.<\/p><p>&nbsp;<\/p><p>O seu&nbsp;<strong>CRI +92<\/strong>&nbsp;A reprodu\u00e7\u00e3o de cores da luz permite uma perce\u00e7\u00e3o profissional e precisa das cores, o que tamb\u00e9m \u00e9 perfeito para est\u00fadios fotogr\u00e1ficos e instala\u00e7\u00f5es comerciais onde \u00e9 necess\u00e1ria uma ilumina\u00e7\u00e3o profissional de elevado desempenho.<\/p><p>O CRI, ou \"Colour Rendering Index\", \u00e9 uma medida da capacidade de uma fonte de luz para reproduzir com precis\u00e3o as cores dos objectos, em compara\u00e7\u00e3o com uma fonte de luz natural. Um CRI elevado indica que a fonte de luz consegue reproduzir as cores com mais precis\u00e3o e mais pormenor. As vantagens de ter um CRI elevado s\u00e3o:<\/p><ol>\n<li>Cores mais naturais e vivas: Com um CRI elevado, as cores dos objectos parecem mais naturais e vivas, o que pode melhorar a apar\u00eancia e a perce\u00e7\u00e3o dos objectos e dos espa\u00e7os.<\/li>\n<li>Perce\u00e7\u00e3o de cor mais precisa: Uma fonte de luz com um CRI elevado permite uma perce\u00e7\u00e3o mais precisa das diferen\u00e7as de cor, o que pode ser especialmente importante em aplica\u00e7\u00f5es como a moda, o design de interiores, a arte e a ilumina\u00e7\u00e3o de museus.<\/li>\n<li>Melhoria da qualidade da luz: Uma fonte de luz com um CRI elevado pode tamb\u00e9m melhorar a qualidade da luz em termos de contraste e brilho, o que pode fazer com que os objectos e as superf\u00edcies pare\u00e7am mais n\u00edtidos e mais claros.<\/li>\n<li>Melhor desempenho visual: Uma fonte de luz com um CRI elevado pode melhorar o desempenho visual em tarefas que exigem uma boa perce\u00e7\u00e3o das cores e dos detalhes, como a leitura, a costura ou o trabalho de precis\u00e3o.<\/li>\n<li>Maior conforto visual: cores mais naturais e vivas e uma melhor perce\u00e7\u00e3o dos detalhes reduzem a fadiga visual e melhoram o conforto visual, o que pode aumentar o bem-estar e a produtividade em ambientes de trabalho e de estudo.<\/li>\n<\/ol><p>Em suma, um CRI elevado pode proporcionar uma s\u00e9rie de benef\u00edcios em termos de qualidade da luz, perce\u00e7\u00e3o da cor, desempenho visual e conforto visual, tornando-o um fator importante a considerar ao selecionar fontes de luz para diferentes aplica\u00e7\u00f5es.<\/p><p>O feixe de luz \u00e9 de alta qualidade devido \u00e0 sua elevada&nbsp;<strong>CRI+92,<\/strong>&nbsp;e a sua&nbsp;<strong>\u00e2ngulo&nbsp;<\/strong>prim\u00e1rio de<strong>&nbsp;36\u00ba<\/strong>O novo sistema de ilumina\u00e7\u00e3o, que nos d\u00e1 a possibilidade de destacar elementos espec\u00edficos de uma sala; ao mesmo tempo, proporciona-nos uma poupan\u00e7a significativa no consumo de eletricidade.<\/p><p>O nosso&nbsp;<strong>Downlingt&nbsp;<\/strong>&nbsp;\u00e9 feito de alum\u00ednio +PC, que \u00e9 um bom condutor de calor, o que ajuda a dissipar o calor gerado pelos LEDs, o que, por sua vez, prolonga a sua vida \u00fatil.<\/p><p>&nbsp;<\/p><h2>Utiliza\u00e7\u00f5es da lumin\u00e1ria embutida CIRCULAR LED 15W - BRANCO - CRI+92 - IP65 - UGR13<\/h2><ul>\n<li>Retretes<\/li>\n<li>Gabinetes<\/li>\n<li>Quartos<\/li>\n<li>Vitrinas<\/li>\n<li>Montras de lojas<\/li>\n<li>Corredores<\/li>\n<li>Lojas<\/li>\n<li>Instala\u00e7\u00f5es comerciais<\/li>\n<li>\u00c1reas de trabalho<\/li>\n<\/ul><h3 class=\"h6\">Folha de dados do produto<\/h3><dl class=\"data-sheet\">\n<dt class=\"name\"><img loading=\"lazy\" decoding=\"async\" src=\"https:\/\/www.factorled.com\/modules\/oa_features\/img\/2-default.jpg\" width=\"32\" height=\"32\">&nbsp;REFER\u00caNCIA<\/dt>\n<dd class=\"value\">SL91815-15WUGR13<\/dd>\n<dt class=\"name\"><img loading=\"lazy\" decoding=\"async\" src=\"https:\/\/www.factorled.com\/modules\/oa_features\/img\/3-default.jpg\" width=\"32\" height=\"32\">&nbsp;Pot\u00eancia nominal<\/dt>\n<dd class=\"value\">15w<\/dd>\n<dt class=\"name\"><img loading=\"lazy\" decoding=\"async\" src=\"https:\/\/www.factorled.com\/modules\/oa_features\/img\/4-default.jpg\" width=\"32\" height=\"32\">&nbsp;Tens\u00e3o nominal<\/dt>\n<dd class=\"value\">85V-265V<\/dd>\n<dt class=\"name\"><img loading=\"lazy\" decoding=\"async\" src=\"https:\/\/www.factorled.com\/modules\/oa_features\/img\/5-default.jpg\" width=\"32\" height=\"32\">&nbsp;Temperatura da luz<\/dt>\n<dd class=\"value\">3000K - 4000K<\/dd>\n<dt class=\"name\"><img loading=\"lazy\" decoding=\"async\" src=\"https:\/\/www.factorled.com\/modules\/oa_features\/img\/6-default.jpg\" width=\"32\" height=\"32\">&nbsp;CRI - \u00cdndice de restitui\u00e7\u00e3o de cor<\/dt>\n<dd class=\"value\">92<\/dd>\n<dt class=\"name\"><img loading=\"lazy\" decoding=\"async\" src=\"https:\/\/www.factorled.com\/modules\/oa_features\/img\/25-default.jpg\" width=\"32\" height=\"32\">&nbsp;Material de constru\u00e7\u00e3o<\/dt>\n<dd class=\"value\">Alum\u00ednio +PC<\/dd>\n<dt class=\"name\"><img loading=\"lazy\" decoding=\"async\" src=\"https:\/\/www.factorled.com\/modules\/oa_features\/img\/8-default.jpg\" width=\"32\" height=\"32\">&nbsp;Luminosidade-Lm<\/dt>\n<dd class=\"value\">1950 Lm<\/dd>\n<dt class=\"name\"><img loading=\"lazy\" decoding=\"async\" src=\"https:\/\/www.factorled.com\/modules\/oa_features\/img\/9-default.jpg\" width=\"32\" height=\"32\">&nbsp;Tipo de LED<\/dt>\n<dd class=\"value\">Chip Bridgelux no interior do 12C3B<\/dd>\n<dt class=\"name\"><img loading=\"lazy\" decoding=\"async\" src=\"https:\/\/www.factorled.com\/modules\/oa_features\/img\/10-default.jpg\" width=\"32\" height=\"32\">&nbsp;\u00c2ngulo de abertura (\u00ba)<\/dt>\n<dd class=\"value\">36\u00ba<\/dd>\n<dt class=\"name\"><img loading=\"lazy\" decoding=\"async\" src=\"https:\/\/www.factorled.com\/modules\/oa_features\/img\/12-default.jpg\" width=\"32\" height=\"32\">&nbsp;Efici\u00eancia do d\u00edodo LED (Lm\/W)<\/dt>\n<dd class=\"value\">160 Lm\/w<\/dd>\n<dt class=\"name\"><img loading=\"lazy\" decoding=\"async\" src=\"https:\/\/www.factorled.com\/modules\/oa_features\/img\/13-default.jpg\" width=\"32\" height=\"32\">&nbsp;Efic\u00e1cia luminosa (Lm\/W)<\/dt>\n<dd class=\"value\">130 Lm\/W<\/dd>\n<dt class=\"name\"><img loading=\"lazy\" decoding=\"async\" src=\"https:\/\/www.factorled.com\/modules\/oa_features\/img\/15-default.jpg\" width=\"32\" height=\"32\">&nbsp;Certificados<\/dt>\n<dd class=\"value\">CE - ROHS<\/dd>\n<dt class=\"name\"><img loading=\"lazy\" decoding=\"async\" src=\"https:\/\/www.factorled.com\/modules\/oa_features\/img\/16-default.jpg\" width=\"32\" height=\"32\">&nbsp;Classifica\u00e7\u00e3o IP<\/dt>\n<dd class=\"value\">IP65-Outdoor<\/dd>\n<dt class=\"name\"><img loading=\"lazy\" decoding=\"async\" src=\"https:\/\/www.factorled.com\/modules\/oa_features\/img\/17-default.jpg\" width=\"32\" height=\"32\">&nbsp;Vida \u00fatil estimada D\u00edodo LED (H)<\/dt>\n<dd class=\"value\">35.000<\/dd>\n<dt class=\"name\"><img loading=\"lazy\" decoding=\"async\" src=\"https:\/\/www.factorled.com\/modules\/oa_features\/img\/18-default.jpg\" width=\"32\" height=\"32\">&nbsp;Medidas (Mm)<\/dt>\n<dd class=\"value\">\u00d870xH75mm<\/dd>\n<dt class=\"name\"><img loading=\"lazy\" decoding=\"async\" src=\"https:\/\/www.factorled.com\/modules\/oa_features\/img\/21-default.jpg\" width=\"32\" height=\"32\">&nbsp;Frequ\u00eancia de trabalho (Hz)<\/dt>\n<dd class=\"value\">50\/60Hz<\/dd>\n<dt class=\"name\"><img loading=\"lazy\" decoding=\"async\" src=\"https:\/\/www.factorled.com\/modules\/oa_features\/img\/22-default.jpg\" width=\"32\" height=\"32\">&nbsp;Gama de temperaturas (\u00baC)<\/dt>\n<dd class=\"value\">-20\u00b0C ~ +55\u00b0C<\/dd>\n<dt class=\"name\"><img loading=\"lazy\" decoding=\"async\" src=\"https:\/\/www.factorled.com\/modules\/oa_features\/img\/23-default.jpg\" width=\"32\" height=\"32\">&nbsp;Ciclos de igni\u00e7\u00e3o<\/dt>\n<dd class=\"value\">100.000<\/dd>\n<dt class=\"name\"><img loading=\"lazy\" decoding=\"async\" src=\"https:\/\/www.factorled.com\/modules\/oa_features\/img\/24-default.jpg\" width=\"32\" height=\"32\">&nbsp;Tempo de arranque (S)<\/dt>\n<dd class=\"value\">0,2s<\/dd>\n<dt class=\"name\"><img loading=\"lazy\" decoding=\"async\" src=\"https:\/\/www.factorled.com\/modules\/oa_features\/img\/27-default.jpg\" width=\"32\" height=\"32\">&nbsp;Corte no teto (Mm)<\/dt>\n<dd class=\"value\">\u00d875mm<\/dd>\n<dt class=\"name\"><img loading=\"lazy\" decoding=\"async\" src=\"https:\/\/www.factorled.com\/modules\/oa_features\/img\/72-default.jpg\" width=\"32\" height=\"32\">&nbsp;\u00cdndice de encandeamento (UGR)<\/dt>\n<dd class=\"value\">13<\/dd>\n<dt class=\"name\"><img loading=\"lazy\" decoding=\"async\" src=\"https:\/\/www.factorled.com\/modules\/oa_features\/img\/7-default.jpg\" width=\"32\" height=\"32\">&nbsp;Classe energ\u00e9tica (2021-UE-2019\/2015)<\/dt>\n<dd class=\"value\">A+<\/dd>\n<dt class=\"name\"><img loading=\"lazy\" decoding=\"async\" src=\"https:\/\/www.factorled.com\/modules\/oa_features\/img\/101-default.jpg\" width=\"32\" height=\"32\">&nbsp;Classe energ\u00e9tica (2023 - UE-2019\/2015)<\/dt>\n<dd class=\"value\">E<\/dd>\n<dt class=\"name\"><img loading=\"lazy\" decoding=\"async\" src=\"https:\/\/www.factorled.com\/modules\/oa_features\/img\/75-default.jpg\" width=\"32\" height=\"32\">&nbsp;Anos de garantia<\/dt>\n<dd class=\"value\">3<\/dd>\n<\/dl><\/h1>","protected":false},"excerpt":{"rendered":"<div class=\"product-reference\"><strong><label class=\"label\">Refer\u00eancia:<\/label> SL91815-15WUGR13-4K<\/strong>\n<div><\/div>\n<div class=\"product-description-short\">\n<div id=\"product-description-short-3302\">\n<p>O&nbsp;<strong>Lumin\u00e1ria embutida CIRCULAR LED 15W<\/strong>&nbsp;<strong>IP65<\/strong>&nbsp;- \u00e9 feito de alum\u00ednio +PC, o seu d\u00edodo \u00e9 feito de&nbsp;<strong>COB<\/strong>&nbsp;a partir de&nbsp;<strong>Bridgelux<\/strong>&nbsp;\u00e9 de alta pot\u00eancia e tem um controlador externo, com uma boa&nbsp;<strong>130Lm\/W.<\/strong>&nbsp;Elevada taxa de&nbsp;<strong>reprodu\u00e7\u00e3o de cores +92<\/strong>&nbsp;- PROFESSIONAL COLOUR - para desfrutar&nbsp;<strong>qualidade da luz<\/strong>&nbsp;e t\u00eam \u00e0 sua disposi\u00e7\u00e3o&nbsp;<strong>cores verdadeiras<\/strong>&nbsp;<strong>e profissionais<\/strong>. Este downlight \u00e9 a escolha perfeita para quem procura uma ilumina\u00e7\u00e3o de qualidade em ambientes h\u00famidos, como casas de banho ou \u00e1reas exteriores, gra\u00e7as \u00e0 sua&nbsp;<strong>grau de prote\u00e7\u00e3o IP65.<\/strong><\/p>\n<p>Tem um&nbsp;<strong>UGR&lt;13&nbsp;<\/strong>o que significa que \u00e9 uma lumin\u00e1ria sem encandeamento, tornando-a perfeita para \u00e1reas de trabalho.<\/p>\n<p><strong>Temperatura de cor: 3000K\/4000K<\/strong><\/p>\n<p><i class=\"fa fa-truck\"><\/i>&nbsp;<span class=\"text-muted textprop\">Entrega em 24\/48 horas<\/span><\/p>\n<\/div>\n<\/div><\/div>","protected":false},"featured_media":12680,"template":"","meta":{"site-sidebar-layout":"default","site-content-layout":"default","ast-global-header-display":"","ast-main-header-display":"","ast-hfb-above-header-display":"","ast-hfb-below-header-display":"","ast-hfb-mobile-header-display":"","site-post-title":"","ast-breadcrumbs-content":"","ast-featured-img":"","footer-sml-layout":"","theme-transparent-header-meta":"default","adv-header-id-meta":"","stick-header-meta":"","header-above-stick-meta":"","header-main-stick-meta":"","header-below-stick-meta":""},"product_cat":[27,70],"product_tag":[],"class_list":["post-12679","product","type-product","status-publish","has-post-thumbnail","hentry","product_cat-downlight-plafones-y-placas-led","product_cat-focos-downlight-led"],"yoast_head":"<!-- This site is optimized with the Yoast SEO plugin v27.4 - https:\/\/yoast.com\/product\/yoast-seo-wordpress\/ -->\n<title>Downlight LED CIRCULAR 15W - BLANCO - CRI+92 - IP65 - UGR13 - STARLED Iluminacion<\/title>\n<meta name=\"robots\" content=\"index, follow, max-snippet:-1, max-image-preview:large, max-video-preview:-1\" \/>\n<link rel=\"canonical\" href=\"https:\/\/starlediluminacion.com\/pt\/?attachment_id=12680\/\" \/>\n<meta property=\"og:locale\" content=\"pt_PT\" \/>\n<meta property=\"og:type\" content=\"article\" \/>\n<meta property=\"og:title\" content=\"Downlight LED CIRCULAR 15W - BLANCO - CRI+92 - IP65 - UGR13 - STARLED Iluminacion\" \/>\n<meta property=\"og:description\" content=\"Referencia: SL91815-15WUGR13-4K      El\u00a0Downlight\u00a0LED\u00a0CIRCULAR 15W\u00a0IP65\u00a0- esta fabricado en aluminio +PC, su diodo\u00a0COB\u00a0de\u00a0Bridgelux\u00a0es de alta potencia y dispone de driver externo, con buen rendimiento de\u00a0130Lm\/W.\u00a0Alto \u00edndice de\u00a0rendimiento crom\u00e1tico +92\u00a0- COLOR PROFESIONAL - para disfrutar de\u00a0calidad de luz\u00a0y disponer de\u00a0colores reales\u00a0y profesionales. Este downlight es la elecci\u00f3n perfecta para aquellos que buscan iluminaci\u00f3n de calidad en entornos h\u00famedos, como ba\u00f1os o \u00e1reas exteriores, gracias a su\u00a0grado de protecci\u00f3n IP65.  Cuenta con un\u00a0UGR&lt;13\u00a0lo que significa que\u00a0es una luminaria que no produce deslumbramiento, lo que la hace\u00a0perfecta para zonas de trabajo.  Temperatura de Color: 3000K\/4000K  \u00a0Entrega en 24\/48 horas\" \/>\n<meta property=\"og:url\" content=\"https:\/\/starlediluminacion.com\/pt\/?attachment_id=12680\/\" \/>\n<meta property=\"og:site_name\" content=\"STARLED Iluminacion\" \/>\n<meta property=\"article:modified_time\" content=\"2024-09-15T11:45:12+00:00\" \/>\n<meta property=\"og:image\" content=\"https:\/\/starlediluminacion.com\/wp-content\/uploads\/2024\/03\/downlight-led-circular-15w-blanco-cri92-ip65-ugr13.jpg\" \/>\n\t<meta property=\"og:image:width\" content=\"744\" \/>\n\t<meta property=\"og:image:height\" content=\"800\" \/>\n\t<meta property=\"og:image:type\" content=\"image\/jpeg\" \/>\n<meta name=\"twitter:card\" content=\"summary_large_image\" \/>\n<meta name=\"twitter:label1\" content=\"Tempo estimado de leitura\" \/>\n\t<meta name=\"twitter:data1\" content=\"6 minutos\" \/>\n<script type=\"application\/ld+json\" class=\"yoast-schema-graph\">{\"@context\":\"https:\\\/\\\/schema.org\",\"@graph\":[{\"@type\":\"WebPage\",\"@id\":\"https:\\\/\\\/starlediluminacion.com\\\/pt\\\/product\\\/downlight-led-circular-15w-blanco-cri92-ip65-ugr13\\\/\",\"url\":\"https:\\\/\\\/starlediluminacion.com\\\/pt\\\/product\\\/downlight-led-circular-15w-blanco-cri92-ip65-ugr13\\\/\",\"name\":\"Downlight LED CIRCULAR 15W - BLANCO - CRI+92 - IP65 - UGR13 - STARLED Iluminacion\",\"isPartOf\":{\"@id\":\"https:\\\/\\\/starlediluminacion.com\\\/#website\"},\"primaryImageOfPage\":{\"@id\":\"https:\\\/\\\/starlediluminacion.com\\\/pt\\\/product\\\/downlight-led-circular-15w-blanco-cri92-ip65-ugr13\\\/#primaryimage\"},\"image\":{\"@id\":\"https:\\\/\\\/starlediluminacion.com\\\/pt\\\/product\\\/downlight-led-circular-15w-blanco-cri92-ip65-ugr13\\\/#primaryimage\"},\"thumbnailUrl\":\"https:\\\/\\\/starlediluminacion.com\\\/wp-content\\\/uploads\\\/2024\\\/03\\\/downlight-led-circular-15w-blanco-cri92-ip65-ugr13.jpg\",\"datePublished\":\"2024-03-28T12:09:39+00:00\",\"dateModified\":\"2024-09-15T11:45:12+00:00\",\"breadcrumb\":{\"@id\":\"https:\\\/\\\/starlediluminacion.com\\\/pt\\\/product\\\/downlight-led-circular-15w-blanco-cri92-ip65-ugr13\\\/#breadcrumb\"},\"inLanguage\":\"pt-PT\",\"potentialAction\":[{\"@type\":\"ReadAction\",\"target\":[\"https:\\\/\\\/starlediluminacion.com\\\/pt\\\/product\\\/downlight-led-circular-15w-blanco-cri92-ip65-ugr13\\\/\"]}]},{\"@type\":\"ImageObject\",\"inLanguage\":\"pt-PT\",\"@id\":\"https:\\\/\\\/starlediluminacion.com\\\/pt\\\/product\\\/downlight-led-circular-15w-blanco-cri92-ip65-ugr13\\\/#primaryimage\",\"url\":\"https:\\\/\\\/starlediluminacion.com\\\/wp-content\\\/uploads\\\/2024\\\/03\\\/downlight-led-circular-15w-blanco-cri92-ip65-ugr13.jpg\",\"contentUrl\":\"https:\\\/\\\/starlediluminacion.com\\\/wp-content\\\/uploads\\\/2024\\\/03\\\/downlight-led-circular-15w-blanco-cri92-ip65-ugr13.jpg\",\"width\":744,\"height\":800},{\"@type\":\"BreadcrumbList\",\"@id\":\"https:\\\/\\\/starlediluminacion.com\\\/pt\\\/product\\\/downlight-led-circular-15w-blanco-cri92-ip65-ugr13\\\/#breadcrumb\",\"itemListElement\":[{\"@type\":\"ListItem\",\"position\":1,\"name\":\"Portada\",\"item\":\"https:\\\/\\\/starlediluminacion.com\\\/\"},{\"@type\":\"ListItem\",\"position\":2,\"name\":\"Shop\",\"item\":\"https:\\\/\\\/starlediluminacion.com\\\/shop-2\\\/\"},{\"@type\":\"ListItem\",\"position\":3,\"name\":\"Downlight LED CIRCULAR 15W &#8211; BLANCO &#8211; CRI+92 &#8211; IP65 &#8211; UGR13\"}]},{\"@type\":\"WebSite\",\"@id\":\"https:\\\/\\\/starlediluminacion.com\\\/#website\",\"url\":\"https:\\\/\\\/starlediluminacion.com\\\/\",\"name\":\"STARLED Iluminacion\",\"description\":\"\",\"potentialAction\":[{\"@type\":\"SearchAction\",\"target\":{\"@type\":\"EntryPoint\",\"urlTemplate\":\"https:\\\/\\\/starlediluminacion.com\\\/?s={search_term_string}\"},\"query-input\":{\"@type\":\"PropertyValueSpecification\",\"valueRequired\":true,\"valueName\":\"search_term_string\"}}],\"inLanguage\":\"pt-PT\"}]}<\/script>\n<!-- \/ Yoast SEO plugin. -->","yoast_head_json":{"title":"Downlight LED CIRCULAR 15W - BLANCO - CRI+92 - IP65 - UGR13 - STARLED Iluminacion","robots":{"index":"index","follow":"follow","max-snippet":"max-snippet:-1","max-image-preview":"max-image-preview:large","max-video-preview":"max-video-preview:-1"},"canonical":"https:\/\/starlediluminacion.com\/pt\/?attachment_id=12680\/","og_locale":"pt_PT","og_type":"article","og_title":"Downlight LED CIRCULAR 15W - BLANCO - CRI+92 - IP65 - UGR13 - STARLED Iluminacion","og_description":"Referencia: SL91815-15WUGR13-4K      El\u00a0Downlight\u00a0LED\u00a0CIRCULAR 15W\u00a0IP65\u00a0- esta fabricado en aluminio +PC, su diodo\u00a0COB\u00a0de\u00a0Bridgelux\u00a0es de alta potencia y dispone de driver externo, con buen rendimiento de\u00a0130Lm\/W.\u00a0Alto \u00edndice de\u00a0rendimiento crom\u00e1tico +92\u00a0- COLOR PROFESIONAL - para disfrutar de\u00a0calidad de luz\u00a0y disponer de\u00a0colores reales\u00a0y profesionales. Este downlight es la elecci\u00f3n perfecta para aquellos que buscan iluminaci\u00f3n de calidad en entornos h\u00famedos, como ba\u00f1os o \u00e1reas exteriores, gracias a su\u00a0grado de protecci\u00f3n IP65.  Cuenta con un\u00a0UGR&lt;13\u00a0lo que significa que\u00a0es una luminaria que no produce deslumbramiento, lo que la hace\u00a0perfecta para zonas de trabajo.  Temperatura de Color: 3000K\/4000K  \u00a0Entrega en 24\/48 horas","og_url":"https:\/\/starlediluminacion.com\/pt\/?attachment_id=12680\/","og_site_name":"STARLED Iluminacion","article_modified_time":"2024-09-15T11:45:12+00:00","og_image":[{"width":744,"height":800,"url":"https:\/\/starlediluminacion.com\/wp-content\/uploads\/2024\/03\/downlight-led-circular-15w-blanco-cri92-ip65-ugr13.jpg","type":"image\/jpeg"}],"twitter_card":"summary_large_image","twitter_misc":{"Tempo estimado de leitura":"6 minutos"},"schema":{"@context":"https:\/\/schema.org","@graph":[{"@type":"WebPage","@id":"https:\/\/starlediluminacion.com\/pt\/product\/downlight-led-circular-15w-blanco-cri92-ip65-ugr13\/","url":"https:\/\/starlediluminacion.com\/pt\/product\/downlight-led-circular-15w-blanco-cri92-ip65-ugr13\/","name":"Downlight LED CIRCULAR 15W - BLANCO - CRI+92 - IP65 - UGR13 - STARLED Iluminacion","isPartOf":{"@id":"https:\/\/starlediluminacion.com\/#website"},"primaryImageOfPage":{"@id":"https:\/\/starlediluminacion.com\/pt\/product\/downlight-led-circular-15w-blanco-cri92-ip65-ugr13\/#primaryimage"},"image":{"@id":"https:\/\/starlediluminacion.com\/pt\/product\/downlight-led-circular-15w-blanco-cri92-ip65-ugr13\/#primaryimage"},"thumbnailUrl":"https:\/\/starlediluminacion.com\/wp-content\/uploads\/2024\/03\/downlight-led-circular-15w-blanco-cri92-ip65-ugr13.jpg","datePublished":"2024-03-28T12:09:39+00:00","dateModified":"2024-09-15T11:45:12+00:00","breadcrumb":{"@id":"https:\/\/starlediluminacion.com\/pt\/product\/downlight-led-circular-15w-blanco-cri92-ip65-ugr13\/#breadcrumb"},"inLanguage":"pt-PT","potentialAction":[{"@type":"ReadAction","target":["https:\/\/starlediluminacion.com\/pt\/product\/downlight-led-circular-15w-blanco-cri92-ip65-ugr13\/"]}]},{"@type":"ImageObject","inLanguage":"pt-PT","@id":"https:\/\/starlediluminacion.com\/pt\/product\/downlight-led-circular-15w-blanco-cri92-ip65-ugr13\/#primaryimage","url":"https:\/\/starlediluminacion.com\/wp-content\/uploads\/2024\/03\/downlight-led-circular-15w-blanco-cri92-ip65-ugr13.jpg","contentUrl":"https:\/\/starlediluminacion.com\/wp-content\/uploads\/2024\/03\/downlight-led-circular-15w-blanco-cri92-ip65-ugr13.jpg","width":744,"height":800},{"@type":"BreadcrumbList","@id":"https:\/\/starlediluminacion.com\/pt\/product\/downlight-led-circular-15w-blanco-cri92-ip65-ugr13\/#breadcrumb","itemListElement":[{"@type":"ListItem","position":1,"name":"Portada","item":"https:\/\/starlediluminacion.com\/"},{"@type":"ListItem","position":2,"name":"Shop","item":"https:\/\/starlediluminacion.com\/shop-2\/"},{"@type":"ListItem","position":3,"name":"Downlight LED CIRCULAR 15W &#8211; BLANCO &#8211; CRI+92 &#8211; IP65 &#8211; UGR13"}]},{"@type":"WebSite","@id":"https:\/\/starlediluminacion.com\/#website","url":"https:\/\/starlediluminacion.com\/","name":"STARLED Iluminacion","description":"","potentialAction":[{"@type":"SearchAction","target":{"@type":"EntryPoint","urlTemplate":"https:\/\/starlediluminacion.com\/?s={search_term_string}"},"query-input":{"@type":"PropertyValueSpecification","valueRequired":true,"valueName":"search_term_string"}}],"inLanguage":"pt-PT"}]}},"_links":{"self":[{"href":"https:\/\/starlediluminacion.com\/pt\/wp-json\/wp\/v3\/product\/12679","targetHints":{"allow":["GET"]}}],"collection":[{"href":"https:\/\/starlediluminacion.com\/pt\/wp-json\/wp\/v3\/product"}],"about":[{"href":"https:\/\/starlediluminacion.com\/pt\/wp-json\/wp\/v2\/types\/product"}],"wp:featuredmedia":[{"embeddable":true,"href":"https:\/\/starlediluminacion.com\/pt\/wp-json\/wp\/v2\/media\/12680"}],"wp:attachment":[{"href":"https:\/\/starlediluminacion.com\/pt\/wp-json\/wp\/v2\/media?parent=12679"}],"wp:term":[{"taxonomy":"product_cat","embeddable":true,"href":"https:\/\/starlediluminacion.com\/pt\/wp-json\/wp\/v2\/product_cat?post=12679"},{"taxonomy":"product_tag","embeddable":true,"href":"https:\/\/starlediluminacion.com\/pt\/wp-json\/wp\/v2\/product_tag?post=12679"}],"curies":[{"name":"wp","href":"https:\/\/api.w.org\/{rel}","templated":true}]}}