{"id":12590,"date":"2024-03-28T11:37:19","date_gmt":"2024-03-28T11:37:19","guid":{"rendered":"https:\/\/starlediluminacion.com\/?post_type=product&#038;p=12590"},"modified":"2024-03-28T12:46:08","modified_gmt":"2024-03-28T12:46:08","slug":"campana-industrial-led-200w-ufo-titan-chip-lumileds-smd-2835-campana-industrial-led-200w-ufo-titan-chip-lumileds-smd-2835","status":"publish","type":"product","link":"https:\/\/starlediluminacion.com\/pt\/product\/campana-industrial-led-200w-ufo-titan-chip-lumileds-smd-2835-campana-industrial-led-200w-ufo-titan-chip-lumileds-smd-2835\/","title":{"rendered":"<p>Campana Industrial LED 200W UFO TITAN CHIP LUMILEDS SMD 2835<\/p>"},"content":{"rendered":"<h1>Campana Industrial LED 200W UFO TITAN CHIP LUMILEDS SMD 2835<strong><br>\n<\/strong><p>&nbsp;<\/p><p>Bem-vindo \u00e0 revolu\u00e7\u00e3o da luz com a nossa&nbsp;<strong>Camp\u00e2nula UFO TITAN LED,<\/strong>&nbsp;a mais recente inova\u00e7\u00e3o em tecnologia de ilumina\u00e7\u00e3o. Concebido para exceder as expectativas, este exaustor incorpora&nbsp;<strong>D\u00edodos SMD 2835 de alto brilho da LUMILEDS,<\/strong>&nbsp;alcan\u00e7ando uma efici\u00eancia excecional de at\u00e9&nbsp;<strong>150 Lm\/W<\/strong>. Com um&nbsp;<strong>CRI +80,<\/strong>&nbsp;garante uma reprodu\u00e7\u00e3o fiel das cores, criando ambientes luminosos de alta qualidade.<\/p><p>A tecnologia avan\u00e7ada do seu condutor&nbsp;<strong>Sem Flick<\/strong>&nbsp;e o&nbsp;<strong>Lente de 90\u00b0<\/strong>&nbsp;A ampla abertura garante uma ilumina\u00e7\u00e3o uniforme, sem cintila\u00e7\u00f5es inc\u00f3modas, proporcionando uma experi\u00eancia visual confort\u00e1vel e eficiente. Quer se trate de aplica\u00e7\u00f5es industriais, comerciais ou residenciais, esta cobertura LED oferece uma solu\u00e7\u00e3o de ilumina\u00e7\u00e3o potente e de \u00faltima gera\u00e7\u00e3o.<\/p><p>&nbsp;<\/p><p><strong>Caracter\u00edsticas principais:<\/strong><\/p><p><strong>1. Efici\u00eancia energ\u00e9tica:<\/strong>&nbsp;Com uma efic\u00e1cia de at\u00e9 150 Lm\/W, este dossel UFO TITAN LED maximiza a sa\u00edda de luz, proporcionando uma ilumina\u00e7\u00e3o intensa com um menor consumo de energia.<\/p><p><strong>2. Qualidade de luz superior:<\/strong>&nbsp;O elevado CRI +80 garante uma reprodu\u00e7\u00e3o natural das cores, essencial para ambientes onde a precis\u00e3o visual \u00e9 crucial.<\/p><p><strong>3. sem cintila\u00e7\u00e3o irritante:<\/strong>&nbsp;Gra\u00e7as ao controlador No Flick, a ilumina\u00e7\u00e3o \u00e9 est\u00e1vel e sem cintila\u00e7\u00e3o, melhorando o conforto e reduzindo a fadiga ocular.<\/p><p><strong>4. Versatilidade e prote\u00e7\u00e3o:<\/strong>&nbsp;Com uma lente de abertura de 90\u00b0 e prote\u00e7\u00e3o IP65, este capuz \u00e9 adequado para uma vasta gama de aplica\u00e7\u00f5es, tanto no interior como no exterior, resistindo a condi\u00e7\u00f5es adversas.<\/p><p>&nbsp;<\/p><p><strong>Utiliza\u00e7\u00f5es e aplica\u00e7\u00f5es recomendadas:<\/strong><\/p><ul>\n<li><strong>Ind\u00fastria:<\/strong>&nbsp;Ideal para a ilumina\u00e7\u00e3o de edif\u00edcios industriais, armaz\u00e9ns e f\u00e1bricas, proporcionando uma luz potente e uniforme para otimizar a produtividade e a seguran\u00e7a.<\/li>\n<li><strong>Lojas:<\/strong>&nbsp;Perfeito para lojas, supermercados e centros comerciais, aumentando a visibilidade dos produtos e criando um ambiente atrativo para os clientes.<\/li>\n<li><strong>Espa\u00e7os exteriores:<\/strong>&nbsp;Com a sua prote\u00e7\u00e3o IP65, este dossel \u00e9 adequado para iluminar \u00e1reas exteriores como parques de estacionamento, p\u00e1tios e entradas de autom\u00f3veis e \u00e9 resistente \u00e0s intemp\u00e9ries.<\/li>\n<li><strong>Espa\u00e7os residenciais:<\/strong>&nbsp;Para iluminar grandes espa\u00e7os nas casas, como salas de estar ou \u00e1reas de entretenimento, proporcionando uma ilumina\u00e7\u00e3o brilhante e acolhedora.<\/li>\n<\/ul><p>&nbsp;<\/p><p>Descubra o poder da ilumina\u00e7\u00e3o avan\u00e7ada com o&nbsp;<strong>Exaustor UFO TITAN LED<\/strong>. Renove os seus espa\u00e7os com luz superior que transforma a forma como experimenta a ilumina\u00e7\u00e3o - ilumine o seu mundo com tecnologia de ponta!<\/p><h3 class=\"h6\">Folha de dados do produto<\/h3><dl class=\"data-sheet\">\n<dt class=\"name\"><img loading=\"lazy\" decoding=\"async\" src=\"https:\/\/www.factorled.com\/modules\/oa_features\/img\/2-default.jpg\" width=\"32\" height=\"32\">&nbsp;REFER\u00caNCIA<\/dt>\n<dd class=\"value\">SLHB200W-TITAN<\/dd>\n<dt class=\"name\"><img loading=\"lazy\" decoding=\"async\" src=\"https:\/\/www.factorled.com\/modules\/oa_features\/img\/3-default.jpg\" width=\"32\" height=\"32\">&nbsp;Pot\u00eancia nominal<\/dt>\n<dd class=\"value\">200w<\/dd>\n<dt class=\"name\"><img loading=\"lazy\" decoding=\"async\" src=\"https:\/\/www.factorled.com\/modules\/oa_features\/img\/4-default.jpg\" width=\"32\" height=\"32\">&nbsp;Tens\u00e3o nominal<\/dt>\n<dd class=\"value\">AC180-265V<\/dd>\n<dt class=\"name\"><img loading=\"lazy\" decoding=\"async\" src=\"https:\/\/www.factorled.com\/modules\/oa_features\/img\/5-default.jpg\" width=\"32\" height=\"32\">&nbsp;Temperatura da luz<\/dt>\n<dd class=\"value\">4000K - 5700K<\/dd>\n<dt class=\"name\"><img loading=\"lazy\" decoding=\"async\" src=\"https:\/\/www.factorled.com\/modules\/oa_features\/img\/6-default.jpg\" width=\"32\" height=\"32\">&nbsp;CRI - \u00cdndice de restitui\u00e7\u00e3o de cor<\/dt>\n<dd class=\"value\">80<\/dd>\n<dt class=\"name\"><img loading=\"lazy\" decoding=\"async\" src=\"https:\/\/www.factorled.com\/modules\/oa_features\/img\/25-default.jpg\" width=\"32\" height=\"32\">&nbsp;Material de constru\u00e7\u00e3o<\/dt>\n<dd class=\"value\">Alum\u00ednio + Vidro<\/dd>\n<dt class=\"name\"><img loading=\"lazy\" decoding=\"async\" src=\"https:\/\/www.factorled.com\/modules\/oa_features\/img\/8-default.jpg\" width=\"32\" height=\"32\">&nbsp;Luminosidade-Lm<\/dt>\n<dd class=\"value\">24000<\/dd>\n<dt class=\"name\"><img loading=\"lazy\" decoding=\"async\" src=\"https:\/\/www.factorled.com\/modules\/oa_features\/img\/9-default.jpg\" width=\"32\" height=\"32\">&nbsp;Tipo de LED<\/dt>\n<dd class=\"value\">SMD 2835 LUMILEDS<\/dd>\n<dt class=\"name\"><img loading=\"lazy\" decoding=\"async\" src=\"https:\/\/www.factorled.com\/modules\/oa_features\/img\/10-default.jpg\" width=\"32\" height=\"32\">&nbsp;\u00c2ngulo de abertura (\u00ba)<\/dt>\n<dd class=\"value\">90\u00b0<\/dd>\n<dt class=\"name\"><img loading=\"lazy\" decoding=\"async\" src=\"https:\/\/www.factorled.com\/modules\/oa_features\/img\/12-default.jpg\" width=\"32\" height=\"32\">&nbsp;Efici\u00eancia do d\u00edodo LED (Lm\/W)<\/dt>\n<dd class=\"value\">150Lm\/W<\/dd>\n<dt class=\"name\"><img loading=\"lazy\" decoding=\"async\" src=\"https:\/\/www.factorled.com\/modules\/oa_features\/img\/13-default.jpg\" width=\"32\" height=\"32\">&nbsp;Efic\u00e1cia luminosa (Lm\/W)<\/dt>\n<dd class=\"value\">120 Lm\/W<\/dd>\n<dt class=\"name\"><img loading=\"lazy\" decoding=\"async\" src=\"https:\/\/www.factorled.com\/modules\/oa_features\/img\/15-default.jpg\" width=\"32\" height=\"32\">&nbsp;Certificados<\/dt>\n<dd class=\"value\">CE - ROHS<\/dd>\n<dt class=\"name\"><img loading=\"lazy\" decoding=\"async\" src=\"https:\/\/www.factorled.com\/modules\/oa_features\/img\/16-default.jpg\" width=\"32\" height=\"32\">&nbsp;Classifica\u00e7\u00e3o IP<\/dt>\n<dd class=\"value\">IP65-Outdoor<\/dd>\n<dt class=\"name\"><img loading=\"lazy\" decoding=\"async\" src=\"https:\/\/www.factorled.com\/modules\/oa_features\/img\/17-default.jpg\" width=\"32\" height=\"32\">&nbsp;Vida \u00fatil estimada D\u00edodo LED (H)<\/dt>\n<dd class=\"value\">35.000<\/dd>\n<dt class=\"name\"><img loading=\"lazy\" decoding=\"async\" src=\"https:\/\/www.factorled.com\/modules\/oa_features\/img\/18-default.jpg\" width=\"32\" height=\"32\">&nbsp;Medidas (Mm)<\/dt>\n<dd class=\"value\">&Oslash;330XH68mm<\/dd>\n<dt class=\"name\"><img loading=\"lazy\" decoding=\"async\" src=\"https:\/\/www.factorled.com\/modules\/oa_features\/img\/20-default.jpg\" width=\"32\" height=\"32\">&nbsp;Fator de pot\u00eancia (PF)<\/dt>\n<dd class=\"value\">0.95<\/dd>\n<dt class=\"name\"><img loading=\"lazy\" decoding=\"async\" src=\"https:\/\/www.factorled.com\/modules\/oa_features\/img\/21-default.jpg\" width=\"32\" height=\"32\">&nbsp;Frequ\u00eancia de trabalho (Hz)<\/dt>\n<dd class=\"value\">50\/60Hz<\/dd>\n<dt class=\"name\"><img loading=\"lazy\" decoding=\"async\" src=\"https:\/\/www.factorled.com\/modules\/oa_features\/img\/22-default.jpg\" width=\"32\" height=\"32\">&nbsp;Gama de temperaturas (\u00baC)<\/dt>\n<dd class=\"value\">-20\u00b0C ~ +55\u00b0C<\/dd>\n<dt class=\"name\"><img loading=\"lazy\" decoding=\"async\" src=\"https:\/\/www.factorled.com\/modules\/oa_features\/img\/23-default.jpg\" width=\"32\" height=\"32\">&nbsp;Ciclos de igni\u00e7\u00e3o<\/dt>\n<dd class=\"value\">100.000<\/dd>\n<dt class=\"name\"><img loading=\"lazy\" decoding=\"async\" src=\"https:\/\/www.factorled.com\/modules\/oa_features\/img\/24-default.jpg\" width=\"32\" height=\"32\">&nbsp;Tempo de arranque (S)<\/dt>\n<dd class=\"value\">0,2s<\/dd>\n<dt class=\"name\"><img loading=\"lazy\" decoding=\"async\" src=\"https:\/\/www.factorled.com\/modules\/oa_features\/img\/31-default.jpg\" width=\"32\" height=\"32\">&nbsp;Protetor de sobretens\u00e3o<\/dt>\n<dd class=\"value\">10K<\/dd>\n<dt class=\"name\"><img loading=\"lazy\" decoding=\"async\" src=\"https:\/\/www.factorled.com\/modules\/oa_features\/img\/73-default.jpg\" width=\"32\" height=\"32\">&nbsp;Prote\u00e7\u00e3o contra impactos (IK)<\/dt>\n<dd class=\"value\">IK08<\/dd>\n<dt class=\"name\"><img loading=\"lazy\" decoding=\"async\" src=\"https:\/\/www.factorled.com\/modules\/oa_features\/img\/74-default.jpg\" width=\"32\" height=\"32\">&nbsp;Motorista inclu\u00eddo<\/dt>\n<dd class=\"value\">SEM CINTILADOR - SEM CINTILA\u00c7\u00c3O<\/dd>\n<dt class=\"name\"><img loading=\"lazy\" decoding=\"async\" src=\"https:\/\/www.factorled.com\/modules\/oa_features\/img\/7-default.jpg\" width=\"32\" height=\"32\">&nbsp;Classe energ\u00e9tica (2021-UE-2019\/2015)<\/dt>\n<dd class=\"value\">A+<\/dd>\n<dt class=\"name\"><img loading=\"lazy\" decoding=\"async\" src=\"https:\/\/www.factorled.com\/modules\/oa_features\/img\/101-default.jpg\" width=\"32\" height=\"32\">&nbsp;Classe energ\u00e9tica (2023 - UE-2019\/2015)<\/dt>\n<dd class=\"value\">E<\/dd>\n<dt class=\"name\"><img loading=\"lazy\" decoding=\"async\" src=\"https:\/\/www.factorled.com\/modules\/oa_features\/img\/75-default.jpg\" width=\"32\" height=\"32\">&nbsp;Anos de garantia<\/dt>\n<dd class=\"value\">3<\/dd>\n<\/dl><\/h1>","protected":false},"excerpt":{"rendered":"<div class=\"product-reference\"><strong><label class=\"label\">Refer\u00eancia:<\/label> SLHB200W-TITAN-91849-57K<\/strong>\n<div><\/div>\n<div class=\"product-description-short\">\n<div id=\"product-description-short-3268\">\n<p>Experimente a vanguarda com o nosso&nbsp;<strong>Exaustor UFO TITAN LED&nbsp;<\/strong><b>200W&nbsp;<\/b>de \u00faltima gera\u00e7\u00e3o! Equipado com d\u00edodos&nbsp;<strong>SMD 2835 da LUMILEDS,<\/strong>&nbsp;atinge uma efic\u00e1cia impressionante de at\u00e9 150 Lm\/W e um CRI elevado de +80 para uma ilumina\u00e7\u00e3o brilhante e n\u00edtida. O driver&nbsp;<strong>Sem Flick<\/strong>&nbsp;e a lente de 90\u00b0 garantem uma luz uniforme e sem cintila\u00e7\u00e3o.<\/p>\n<p>Com prote\u00e7\u00e3o&nbsp;<strong>IP65,<\/strong>&nbsp;esta campana es perfecta para interiores y exteriores. &iexcl;Potencia tu espacio con esta<\/p>\n<p><strong>Temperatura de cor: 4000K\/5700K<\/strong><\/p>\n<p><i class=\"fa fa-truck\"><\/i>&nbsp;<span class=\"text-muted textprop\">Entrega em 24\/48 horas<\/span><\/p>\n<p>&nbsp;<\/p>\n<\/div>\n<\/div><\/div>","protected":false},"featured_media":12595,"template":"","meta":{"site-sidebar-layout":"default","site-content-layout":"default","ast-global-header-display":"","ast-main-header-display":"","ast-hfb-above-header-display":"","ast-hfb-below-header-display":"","ast-hfb-mobile-header-display":"","site-post-title":"","ast-breadcrumbs-content":"","ast-featured-img":"","footer-sml-layout":"","theme-transparent-header-meta":"default","adv-header-id-meta":"","stick-header-meta":"","header-above-stick-meta":"","header-main-stick-meta":"","header-below-stick-meta":""},"product_cat":[100,29],"product_tag":[],"class_list":["post-12590","product","type-product","status-publish","has-post-thumbnail","hentry","product_cat-campanas-industriales-pro-led-ufo","product_cat-iluminacion-industrial-led"],"yoast_head":"<!-- This site is optimized with the Yoast SEO plugin v27.4 - https:\/\/yoast.com\/product\/yoast-seo-wordpress\/ -->\n<title>Campana Industrial LED 200W UFO TITAN CHIP LUMILEDS SMD 2835 - STARLED Iluminacion<\/title>\n<meta name=\"robots\" content=\"index, follow, max-snippet:-1, max-image-preview:large, max-video-preview:-1\" \/>\n<link rel=\"canonical\" href=\"https:\/\/starlediluminacion.com\/pt\/product\/campana-industrial-led-200w-ufo-titan-chip-lumileds-smd-2835-campana-industrial-led-200w-ufo-titan-chip-lumileds-smd-2835\/\" \/>\n<meta property=\"og:locale\" content=\"pt_PT\" \/>\n<meta property=\"og:type\" content=\"article\" \/>\n<meta property=\"og:title\" content=\"Campana Industrial LED 200W UFO TITAN CHIP LUMILEDS SMD 2835 - STARLED Iluminacion\" \/>\n<meta property=\"og:description\" content=\"Referencia: SLHB200W-TITAN-91849-57K      \u00a1Experimenta la vanguardia con nuestra\u00a0Campana LED UFO TITAN\u00a0200W\u00a0de \u00faltima generaci\u00f3n! Equipada con diodos\u00a0SMD 2835 de LUMILEDS,\u00a0logra una eficacia impresionante de hasta 150 Lm\/W y un alto CRI +80 para una iluminaci\u00f3n brillante y n\u00edtida. El driver\u00a0No Flick\u00a0y la lente de 90\u00ba aseguran una luz uniforme y sin parpadeos.  Con protecci\u00f3n\u00a0IP65,\u00a0esta campana es perfecta para interiores y exteriores. \u00a1Potencia tu espacio con esta  Temperatura de Color: 4000K\/5700K  \u00a0Entrega en 24\/48 horas  &nbsp;\" \/>\n<meta property=\"og:url\" content=\"https:\/\/starlediluminacion.com\/pt\/product\/campana-industrial-led-200w-ufo-titan-chip-lumileds-smd-2835-campana-industrial-led-200w-ufo-titan-chip-lumileds-smd-2835\/\" \/>\n<meta property=\"og:site_name\" content=\"STARLED Iluminacion\" \/>\n<meta property=\"article:modified_time\" content=\"2024-03-28T12:46:08+00:00\" \/>\n<meta property=\"og:image\" content=\"https:\/\/starlediluminacion.com\/wp-content\/uploads\/2024\/03\/campana-industrial-led-200w-ufo-titan-chip-lumileds-smd-2835.jpg\" \/>\n\t<meta property=\"og:image:width\" content=\"744\" \/>\n\t<meta property=\"og:image:height\" content=\"800\" \/>\n\t<meta property=\"og:image:type\" content=\"image\/jpeg\" \/>\n<meta name=\"twitter:card\" content=\"summary_large_image\" \/>\n<meta name=\"twitter:label1\" content=\"Tempo estimado de leitura\" \/>\n\t<meta name=\"twitter:data1\" content=\"3 minutos\" \/>\n<script type=\"application\/ld+json\" class=\"yoast-schema-graph\">{\"@context\":\"https:\\\/\\\/schema.org\",\"@graph\":[{\"@type\":\"WebPage\",\"@id\":\"https:\\\/\\\/starlediluminacion.com\\\/producto\\\/campana-industrial-led-200w-ufo-titan-chip-lumileds-smd-2835-campana-industrial-led-200w-ufo-titan-chip-lumileds-smd-2835\\\/\",\"url\":\"https:\\\/\\\/starlediluminacion.com\\\/producto\\\/campana-industrial-led-200w-ufo-titan-chip-lumileds-smd-2835-campana-industrial-led-200w-ufo-titan-chip-lumileds-smd-2835\\\/\",\"name\":\"Campana Industrial LED 200W UFO TITAN CHIP LUMILEDS SMD 2835 - STARLED Iluminacion\",\"isPartOf\":{\"@id\":\"https:\\\/\\\/starlediluminacion.com\\\/#website\"},\"primaryImageOfPage\":{\"@id\":\"https:\\\/\\\/starlediluminacion.com\\\/producto\\\/campana-industrial-led-200w-ufo-titan-chip-lumileds-smd-2835-campana-industrial-led-200w-ufo-titan-chip-lumileds-smd-2835\\\/#primaryimage\"},\"image\":{\"@id\":\"https:\\\/\\\/starlediluminacion.com\\\/producto\\\/campana-industrial-led-200w-ufo-titan-chip-lumileds-smd-2835-campana-industrial-led-200w-ufo-titan-chip-lumileds-smd-2835\\\/#primaryimage\"},\"thumbnailUrl\":\"https:\\\/\\\/starlediluminacion.com\\\/wp-content\\\/uploads\\\/2024\\\/03\\\/campana-industrial-led-200w-ufo-titan-chip-lumileds-smd-2835.jpg\",\"datePublished\":\"2024-03-28T11:37:19+00:00\",\"dateModified\":\"2024-03-28T12:46:08+00:00\",\"breadcrumb\":{\"@id\":\"https:\\\/\\\/starlediluminacion.com\\\/producto\\\/campana-industrial-led-200w-ufo-titan-chip-lumileds-smd-2835-campana-industrial-led-200w-ufo-titan-chip-lumileds-smd-2835\\\/#breadcrumb\"},\"inLanguage\":\"pt-PT\",\"potentialAction\":[{\"@type\":\"ReadAction\",\"target\":[\"https:\\\/\\\/starlediluminacion.com\\\/producto\\\/campana-industrial-led-200w-ufo-titan-chip-lumileds-smd-2835-campana-industrial-led-200w-ufo-titan-chip-lumileds-smd-2835\\\/\"]}]},{\"@type\":\"ImageObject\",\"inLanguage\":\"pt-PT\",\"@id\":\"https:\\\/\\\/starlediluminacion.com\\\/producto\\\/campana-industrial-led-200w-ufo-titan-chip-lumileds-smd-2835-campana-industrial-led-200w-ufo-titan-chip-lumileds-smd-2835\\\/#primaryimage\",\"url\":\"https:\\\/\\\/starlediluminacion.com\\\/wp-content\\\/uploads\\\/2024\\\/03\\\/campana-industrial-led-200w-ufo-titan-chip-lumileds-smd-2835.jpg\",\"contentUrl\":\"https:\\\/\\\/starlediluminacion.com\\\/wp-content\\\/uploads\\\/2024\\\/03\\\/campana-industrial-led-200w-ufo-titan-chip-lumileds-smd-2835.jpg\",\"width\":744,\"height\":800},{\"@type\":\"BreadcrumbList\",\"@id\":\"https:\\\/\\\/starlediluminacion.com\\\/producto\\\/campana-industrial-led-200w-ufo-titan-chip-lumileds-smd-2835-campana-industrial-led-200w-ufo-titan-chip-lumileds-smd-2835\\\/#breadcrumb\",\"itemListElement\":[{\"@type\":\"ListItem\",\"position\":1,\"name\":\"Portada\",\"item\":\"https:\\\/\\\/starlediluminacion.com\\\/\"},{\"@type\":\"ListItem\",\"position\":2,\"name\":\"Shop\",\"item\":\"https:\\\/\\\/starlediluminacion.com\\\/shop-2\\\/\"},{\"@type\":\"ListItem\",\"position\":3,\"name\":\"Campana Industrial LED 200W UFO TITAN CHIP LUMILEDS SMD 2835\"}]},{\"@type\":\"WebSite\",\"@id\":\"https:\\\/\\\/starlediluminacion.com\\\/#website\",\"url\":\"https:\\\/\\\/starlediluminacion.com\\\/\",\"name\":\"STARLED Iluminacion\",\"description\":\"\",\"potentialAction\":[{\"@type\":\"SearchAction\",\"target\":{\"@type\":\"EntryPoint\",\"urlTemplate\":\"https:\\\/\\\/starlediluminacion.com\\\/?s={search_term_string}\"},\"query-input\":{\"@type\":\"PropertyValueSpecification\",\"valueRequired\":true,\"valueName\":\"search_term_string\"}}],\"inLanguage\":\"pt-PT\"}]}<\/script>\n<!-- \/ Yoast SEO plugin. -->","yoast_head_json":{"title":"Campana Industrial LED 200W UFO TITAN CHIP LUMILEDS SMD 2835 - STARLED Iluminacion","robots":{"index":"index","follow":"follow","max-snippet":"max-snippet:-1","max-image-preview":"max-image-preview:large","max-video-preview":"max-video-preview:-1"},"canonical":"https:\/\/starlediluminacion.com\/pt\/product\/campana-industrial-led-200w-ufo-titan-chip-lumileds-smd-2835-campana-industrial-led-200w-ufo-titan-chip-lumileds-smd-2835\/","og_locale":"pt_PT","og_type":"article","og_title":"Campana Industrial LED 200W UFO TITAN CHIP LUMILEDS SMD 2835 - STARLED Iluminacion","og_description":"Referencia: SLHB200W-TITAN-91849-57K      \u00a1Experimenta la vanguardia con nuestra\u00a0Campana LED UFO TITAN\u00a0200W\u00a0de \u00faltima generaci\u00f3n! Equipada con diodos\u00a0SMD 2835 de LUMILEDS,\u00a0logra una eficacia impresionante de hasta 150 Lm\/W y un alto CRI +80 para una iluminaci\u00f3n brillante y n\u00edtida. El driver\u00a0No Flick\u00a0y la lente de 90\u00ba aseguran una luz uniforme y sin parpadeos.  Con protecci\u00f3n\u00a0IP65,\u00a0esta campana es perfecta para interiores y exteriores. \u00a1Potencia tu espacio con esta  Temperatura de Color: 4000K\/5700K  \u00a0Entrega en 24\/48 horas  &nbsp;","og_url":"https:\/\/starlediluminacion.com\/pt\/product\/campana-industrial-led-200w-ufo-titan-chip-lumileds-smd-2835-campana-industrial-led-200w-ufo-titan-chip-lumileds-smd-2835\/","og_site_name":"STARLED Iluminacion","article_modified_time":"2024-03-28T12:46:08+00:00","og_image":[{"width":744,"height":800,"url":"https:\/\/starlediluminacion.com\/wp-content\/uploads\/2024\/03\/campana-industrial-led-200w-ufo-titan-chip-lumileds-smd-2835.jpg","type":"image\/jpeg"}],"twitter_card":"summary_large_image","twitter_misc":{"Tempo estimado de leitura":"3 minutos"},"schema":{"@context":"https:\/\/schema.org","@graph":[{"@type":"WebPage","@id":"https:\/\/starlediluminacion.com\/producto\/campana-industrial-led-200w-ufo-titan-chip-lumileds-smd-2835-campana-industrial-led-200w-ufo-titan-chip-lumileds-smd-2835\/","url":"https:\/\/starlediluminacion.com\/producto\/campana-industrial-led-200w-ufo-titan-chip-lumileds-smd-2835-campana-industrial-led-200w-ufo-titan-chip-lumileds-smd-2835\/","name":"Campana Industrial LED 200W UFO TITAN CHIP LUMILEDS SMD 2835 - STARLED Iluminacion","isPartOf":{"@id":"https:\/\/starlediluminacion.com\/#website"},"primaryImageOfPage":{"@id":"https:\/\/starlediluminacion.com\/producto\/campana-industrial-led-200w-ufo-titan-chip-lumileds-smd-2835-campana-industrial-led-200w-ufo-titan-chip-lumileds-smd-2835\/#primaryimage"},"image":{"@id":"https:\/\/starlediluminacion.com\/producto\/campana-industrial-led-200w-ufo-titan-chip-lumileds-smd-2835-campana-industrial-led-200w-ufo-titan-chip-lumileds-smd-2835\/#primaryimage"},"thumbnailUrl":"https:\/\/starlediluminacion.com\/wp-content\/uploads\/2024\/03\/campana-industrial-led-200w-ufo-titan-chip-lumileds-smd-2835.jpg","datePublished":"2024-03-28T11:37:19+00:00","dateModified":"2024-03-28T12:46:08+00:00","breadcrumb":{"@id":"https:\/\/starlediluminacion.com\/producto\/campana-industrial-led-200w-ufo-titan-chip-lumileds-smd-2835-campana-industrial-led-200w-ufo-titan-chip-lumileds-smd-2835\/#breadcrumb"},"inLanguage":"pt-PT","potentialAction":[{"@type":"ReadAction","target":["https:\/\/starlediluminacion.com\/producto\/campana-industrial-led-200w-ufo-titan-chip-lumileds-smd-2835-campana-industrial-led-200w-ufo-titan-chip-lumileds-smd-2835\/"]}]},{"@type":"ImageObject","inLanguage":"pt-PT","@id":"https:\/\/starlediluminacion.com\/producto\/campana-industrial-led-200w-ufo-titan-chip-lumileds-smd-2835-campana-industrial-led-200w-ufo-titan-chip-lumileds-smd-2835\/#primaryimage","url":"https:\/\/starlediluminacion.com\/wp-content\/uploads\/2024\/03\/campana-industrial-led-200w-ufo-titan-chip-lumileds-smd-2835.jpg","contentUrl":"https:\/\/starlediluminacion.com\/wp-content\/uploads\/2024\/03\/campana-industrial-led-200w-ufo-titan-chip-lumileds-smd-2835.jpg","width":744,"height":800},{"@type":"BreadcrumbList","@id":"https:\/\/starlediluminacion.com\/producto\/campana-industrial-led-200w-ufo-titan-chip-lumileds-smd-2835-campana-industrial-led-200w-ufo-titan-chip-lumileds-smd-2835\/#breadcrumb","itemListElement":[{"@type":"ListItem","position":1,"name":"Portada","item":"https:\/\/starlediluminacion.com\/"},{"@type":"ListItem","position":2,"name":"Shop","item":"https:\/\/starlediluminacion.com\/shop-2\/"},{"@type":"ListItem","position":3,"name":"Campana Industrial LED 200W UFO TITAN CHIP LUMILEDS SMD 2835"}]},{"@type":"WebSite","@id":"https:\/\/starlediluminacion.com\/#website","url":"https:\/\/starlediluminacion.com\/","name":"STARLED Iluminacion","description":"","potentialAction":[{"@type":"SearchAction","target":{"@type":"EntryPoint","urlTemplate":"https:\/\/starlediluminacion.com\/?s={search_term_string}"},"query-input":{"@type":"PropertyValueSpecification","valueRequired":true,"valueName":"search_term_string"}}],"inLanguage":"pt-PT"}]}},"_links":{"self":[{"href":"https:\/\/starlediluminacion.com\/pt\/wp-json\/wp\/v3\/product\/12590","targetHints":{"allow":["GET"]}}],"collection":[{"href":"https:\/\/starlediluminacion.com\/pt\/wp-json\/wp\/v3\/product"}],"about":[{"href":"https:\/\/starlediluminacion.com\/pt\/wp-json\/wp\/v2\/types\/product"}],"wp:featuredmedia":[{"embeddable":true,"href":"https:\/\/starlediluminacion.com\/pt\/wp-json\/wp\/v2\/media\/12595"}],"wp:attachment":[{"href":"https:\/\/starlediluminacion.com\/pt\/wp-json\/wp\/v2\/media?parent=12590"}],"wp:term":[{"taxonomy":"product_cat","embeddable":true,"href":"https:\/\/starlediluminacion.com\/pt\/wp-json\/wp\/v2\/product_cat?post=12590"},{"taxonomy":"product_tag","embeddable":true,"href":"https:\/\/starlediluminacion.com\/pt\/wp-json\/wp\/v2\/product_tag?post=12590"}],"curies":[{"name":"wp","href":"https:\/\/api.w.org\/{rel}","templated":true}]}}