{"id":12542,"date":"2024-03-28T11:16:19","date_gmt":"2024-03-28T11:16:19","guid":{"rendered":"https:\/\/starlediluminacion.com\/?post_type=product&#038;p=12542"},"modified":"2024-09-15T11:44:17","modified_gmt":"2024-09-15T11:44:17","slug":"kit-tira-led-solar-para-exterior-5-metros-3000k-ip65-kit-tira-led-solar-para-exterior-5-metros-3000k-ip65-kit-tira-led-solar-para-exterior-5-metros-3000k-ip65-kit-tira-led-s","status":"publish","type":"product","link":"https:\/\/starlediluminacion.com\/pt\/product\/kit-tira-led-solar-para-exterior-5-metros-3000k-ip65-kit-tira-led-solar-para-exterior-5-metros-3000k-ip65-kit-tira-led-solar-para-exterior-5-metros-3000k-ip65-kit-tira-led-s\/","title":{"rendered":"<p>Kit de fitas LED solares - Exterior - 5 metros - 3000K - IP65<\/p>"},"content":{"rendered":"<h1><strong>Kit de fitas LED solares - Para utiliza\u00e7\u00e3o no exterior - 5 metros -&nbsp;<\/strong>2700K - IP66<p>Descubra a maravilha do&nbsp;<strong>Fita LED solar<\/strong>O produto revolucion\u00e1rio que lhe proporcionar\u00e1 uma ilumina\u00e7\u00e3o sustent\u00e1vel e de alta qualidade para qualquer ambiente exterior! Concebida para responder \u00e0s necessidades mais exigentes, esta faixa de luz solar combina a efici\u00eancia da energia solar com a versatilidade da ilumina\u00e7\u00e3o LED de \u00faltima gera\u00e7\u00e3o.<\/p><p>No cora\u00e7\u00e3o desta maravilha tecnol\u00f3gica est\u00e1 o seu poderoso&nbsp;<strong>Painel solar de 1,8W\/5V<\/strong>que capta e converte a luz solar em energia limpa e renov\u00e1vel. Imagine poder desfrutar de uma ilumina\u00e7\u00e3o bonita sem ter de se preocupar com a conta da eletricidade ou com a pegada de carbono - \u00e9 uma escolha inteligente para a sua casa e para o ambiente!<\/p><p>O&nbsp;<strong>bateria<\/strong>&nbsp;de longa dura\u00e7\u00e3o, com uma capacidade de&nbsp;<strong>1800mAH\/3,2V<\/strong>garante que as suas noites sejam iluminadas durante horas. Com um tempo de combust\u00e3o de&nbsp;<strong>funcionamento<\/strong>&nbsp;em modo autom\u00e1tico de at\u00e9&nbsp;<strong>12 horas<\/strong>Esta fita LED solar d\u00e1-lhe a liberdade de desfrutar dos seus espa\u00e7os exteriores sem se preocupar com recargas constantes.<\/p><p>A temperatura de cor de&nbsp;<strong>2700K<\/strong>&nbsp;fornece um&nbsp;<strong>luz quente<\/strong>&nbsp;e acolhedor, perfeito para criar uma atmosfera relaxante e encantadora. Quer seja para embelezar o seu jardim, decorar o seu p\u00e1tio ou iluminar o seu terra\u00e7o, esta fita LED solar \u00e9 adequada para qualquer lugar e qualquer ocasi\u00e3o.<\/p><p>O seu design dur\u00e1vel e resistente \u00e9 outra carater\u00edstica impressionante. Fabricada com materiais de primeira qualidade, como o ABS e o PVC, esta fita LED \u00e9 capaz de resistir aos elementos, desde a chuva ao vento e ao p\u00f3. Gra\u00e7as \u00e0 sua<strong>&nbsp;Prote\u00e7\u00e3o IP65<\/strong>Esta fita LED solar \u00e9 totalmente \u00e0 prova de \u00e1gua, o que a torna ideal para utiliza\u00e7\u00e3o no exterior, independentemente das condi\u00e7\u00f5es climat\u00e9ricas.<\/p><p>Al\u00e9m disso, a instala\u00e7\u00e3o \u00e9 r\u00e1pida e f\u00e1cil. A tira de&nbsp;<strong>5 metros<\/strong>&nbsp;O comprimento da fita solar LED d\u00e1-lhe flexibilidade suficiente para a colocar onde quiser. Quer seja para delinear caminhos, iluminar degraus ou decorar a sua p\u00e9rgula, esta fita LED solar adapta-se perfeitamente \u00e0s suas necessidades de ilumina\u00e7\u00e3o.<\/p><p>O melhor de tudo \u00e9 que a Fita LED Solar tem um carregamento r\u00e1pido e eficiente. Com apenas 4-6 horas de exposi\u00e7\u00e3o a 40000 lux de luz solar, a bateria recarregar\u00e1 totalmente, proporcionando-lhe horas de luz ininterrupta.<\/p><p>O seu design robusto e a capacidade de ser alimentado por energia solar tornam-no perfeito para utiliza\u00e7\u00e3o no exterior, onde pode proporcionar uma ilumina\u00e7\u00e3o pr\u00e1tica e atraente. Aqui est\u00e3o algumas ideias de onde este fant\u00e1stico produto pode ser utilizado:<\/p><ol>\n<li><strong>Jardins e p\u00e1tios:<\/strong>&nbsp;A Fita LED Solar \u00e9 ideal para iluminar e real\u00e7ar a beleza do seu jardim ou p\u00e1tio. Pode instal\u00e1-la ao longo de caminhos e passadeiras para criar um ambiente encantador durante a noite. Pode tamb\u00e9m coloc\u00e1-la \u00e0 volta de \u00e1reas de estar ou perto de plantas e flores para dar um toque m\u00e1gico ao seu espa\u00e7o exterior.<\/li>\n<li><strong>Terra\u00e7os e varandas:<\/strong>&nbsp;Se tiver um terra\u00e7o ou uma varanda, a Fita LED Solar pode transform\u00e1-lo num espa\u00e7o acolhedor e relaxante para desfrutar dos ser\u00f5es ao ar livre. Pode coloc\u00e1-la em grades, colunas ou no teto para iluminar a \u00e1rea e criar uma atmosfera mais \u00edntima.<\/li>\n<li><strong>Ilumina\u00e7\u00e3o decorativa para eventos ao ar livre:<\/strong>&nbsp;A Fita LED Solar \u00e9 perfeita para eventos ao ar livre, como festas, casamentos, churrascos e reuni\u00f5es familiares. Pode utiliz\u00e1-la para decorar tendas, toldos ou p\u00e9rgulas, criando um ambiente festivo e alegre.<\/li>\n<li><strong>Campismo e actividades ao ar livre:<\/strong>&nbsp;Se \u00e9 um entusiasta do campismo ou gosta de actividades ao ar livre, esta fita LED solar \u00e9 uma excelente escolha para iluminar a sua tenda ou \u00e1rea de dormir. Tamb\u00e9m pode ser \u00fatil para iluminar \u00e1reas de campismo ou trilhos durante a noite.<\/li>\n<li><strong>Ilumina\u00e7\u00e3o de seguran\u00e7a:<\/strong>&nbsp;Para al\u00e9m da sua utiliza\u00e7\u00e3o decorativa, a Fita LED Solar tamb\u00e9m pode servir como ilumina\u00e7\u00e3o de seguran\u00e7a. Pode instal\u00e1-la \u00e0 volta de portas, janelas ou zonas escuras para proporcionar ilumina\u00e7\u00e3o adicional e dissuadir potenciais intrusos.<\/li>\n<li><strong>Ilumina\u00e7\u00e3o de navios e embarca\u00e7\u00f5es:<\/strong>&nbsp;Se tem um barco ou uma embarca\u00e7\u00e3o, a Fita LED Solar pode ser uma solu\u00e7\u00e3o de ilumina\u00e7\u00e3o eficiente e pr\u00e1tica para iluminar \u00e1reas como decks, corredores ou escadas.<\/li>\n<li><strong>Projectos de bricolage e artesanato:<\/strong>&nbsp;Esta fita LED solar \u00e9 ideal para projectos de bricolage e artesanato. Pode utiliz\u00e1-la para criar candeeiros solares personalizados, decora\u00e7\u00e3o de interiores ou qualquer outra ideia criativa de que se lembre.<\/li>\n<\/ol><p>&nbsp;<\/p><p>N\u00e3o fique para tr\u00e1s e fa\u00e7a parte da revolu\u00e7\u00e3o da ilumina\u00e7\u00e3o solar com a Fita LED Solar. Uma combina\u00e7\u00e3o perfeita de tecnologia inovadora, design funcional e compromisso com o ambiente. Ilumine a sua vida com energia sustent\u00e1vel e tire o m\u00e1ximo partido dos seus espa\u00e7os exteriores com esta fant\u00e1stica fita LED solar - \u00e9 tempo de brilhar com a luz solar!<\/p><dl class=\"data-sheet\">\n<dd class=\"value\">\n<h3 class=\"h6\">Folha de dados do produto<\/h3>\n<dl class=\"data-sheet\">\n<dt class=\"name\"><img loading=\"lazy\" decoding=\"async\" src=\"https:\/\/www.factorled.com\/modules\/oa_features\/img\/2-default.jpg\" width=\"32\" height=\"32\">&nbsp;REFER\u00caNCIA<\/dt>\n<dd class=\"value\">SLSSP-WW-91799<\/dd>\n<dt class=\"name\"><img loading=\"lazy\" decoding=\"async\" src=\"https:\/\/www.factorled.com\/modules\/oa_features\/img\/3-default.jpg\" width=\"32\" height=\"32\">&nbsp;Pot\u00eancia nominal<\/dt>\n<dd class=\"value\">3,2V - Bateria: 1800 mAH<\/dd>\n<dt class=\"name\"><img loading=\"lazy\" decoding=\"async\" src=\"https:\/\/www.factorled.com\/modules\/oa_features\/img\/5-default.jpg\" width=\"32\" height=\"32\">&nbsp;Temperatura da luz<\/dt>\n<dd class=\"value\">2700K<\/dd>\n<dt class=\"name\"><img loading=\"lazy\" decoding=\"async\" src=\"https:\/\/www.factorled.com\/modules\/oa_features\/img\/6-default.jpg\" width=\"32\" height=\"32\">&nbsp;CRI - \u00cdndice de restitui\u00e7\u00e3o de cor<\/dt>\n<dd class=\"value\">82<\/dd>\n<dt class=\"name\"><img loading=\"lazy\" decoding=\"async\" src=\"https:\/\/www.factorled.com\/modules\/oa_features\/img\/25-default.jpg\" width=\"32\" height=\"32\">&nbsp;Material de constru\u00e7\u00e3o<\/dt>\n<dd class=\"value\">ABS+PCB<\/dd>\n<dt class=\"name\"><img loading=\"lazy\" decoding=\"async\" src=\"https:\/\/www.factorled.com\/modules\/oa_features\/img\/9-default.jpg\" width=\"32\" height=\"32\">&nbsp;Tipo de LED<\/dt>\n<dd class=\"value\">SMD 2835<\/dd>\n<dt class=\"name\"><img loading=\"lazy\" decoding=\"async\" src=\"https:\/\/www.factorled.com\/modules\/oa_features\/img\/10-default.jpg\" width=\"32\" height=\"32\">&nbsp;\u00c2ngulo de abertura (\u00ba)<\/dt>\n<dd class=\"value\">120\u00ba<\/dd>\n<dt class=\"name\"><img loading=\"lazy\" decoding=\"async\" src=\"https:\/\/www.factorled.com\/modules\/oa_features\/img\/15-default.jpg\" width=\"32\" height=\"32\">&nbsp;Certificados<\/dt>\n<dd class=\"value\">CE - ROHS<\/dd>\n<dt class=\"name\"><img loading=\"lazy\" decoding=\"async\" src=\"https:\/\/www.factorled.com\/modules\/oa_features\/img\/16-default.jpg\" width=\"32\" height=\"32\">&nbsp;Classifica\u00e7\u00e3o IP<\/dt>\n<dd class=\"value\">IP65-Outdoor<\/dd>\n<dt class=\"name\"><img loading=\"lazy\" decoding=\"async\" src=\"https:\/\/www.factorled.com\/modules\/oa_features\/img\/17-default.jpg\" width=\"32\" height=\"32\">&nbsp;Vida \u00fatil estimada D\u00edodo LED (H)<\/dt>\n<dd class=\"value\">35.000<\/dd>\n<dt class=\"name\"><img loading=\"lazy\" decoding=\"async\" src=\"https:\/\/www.factorled.com\/modules\/oa_features\/img\/18-default.jpg\" width=\"32\" height=\"32\">&nbsp;Medidas (Mm)<\/dt>\n<dd class=\"value\">Painel: 138x82x3mm - Tira 5 Metros<\/dd>\n<dt class=\"name\"><img loading=\"lazy\" decoding=\"async\" src=\"https:\/\/www.factorled.com\/modules\/oa_features\/img\/22-default.jpg\" width=\"32\" height=\"32\">&nbsp;Gama de temperaturas (\u00baC)<\/dt>\n<dd class=\"value\">+40\u00baC ~ -20\u00baC<\/dd>\n<dt class=\"name\"><img loading=\"lazy\" decoding=\"async\" src=\"https:\/\/www.factorled.com\/modules\/oa_features\/img\/26-default.jpg\" width=\"32\" height=\"32\">&nbsp;Informa\u00e7\u00f5es adicionais<\/dt>\n<dd class=\"value\">Bateria LiFePO4-3,2V<\/dd>\n<dt class=\"name\"><img loading=\"lazy\" decoding=\"async\" src=\"https:\/\/www.factorled.com\/modules\/oa_features\/img\/29-default.jpg\" width=\"32\" height=\"32\">&nbsp;Tempo de descarga (H)<\/dt>\n<dd class=\"value\">12H<\/dd>\n<dt class=\"name\"><img loading=\"lazy\" decoding=\"async\" src=\"https:\/\/www.factorled.com\/modules\/oa_features\/img\/75-default.jpg\" width=\"32\" height=\"32\">&nbsp;Anos de garantia<\/dt>\n<dd class=\"value\">3<\/dd>\n<dt class=\"name\"><img loading=\"lazy\" decoding=\"async\" src=\"https:\/\/www.factorled.com\/modules\/oa_features\/img\/131-default.jpg\" width=\"32\" height=\"32\">&nbsp;Tempo de carregamento (H)<\/dt>\n<dd class=\"value\">4-6h<\/dd>\n<\/dl>\n<\/dd>\n<\/dl><\/h1>","protected":false},"excerpt":{"rendered":"<p><label class=\"label\">Refer\u00eancia:<\/label> SLSSP-WW-91799<p>O<strong>&nbsp;Fita LED solar de 5 METROS<\/strong>&nbsp;com bateria de l\u00edtio \u00e9 um produto revolucion\u00e1rio que oferece uma&nbsp;<strong>ilumina\u00e7\u00e3o<\/strong>&nbsp;sustent\u00e1vel e de alta qualidade&nbsp;<strong>para utiliza\u00e7\u00e3o no exterior<\/strong>. Combina a efici\u00eancia do&nbsp;<strong>energia solar<\/strong>&nbsp;com a versatilidade do&nbsp;<strong>Ilumina\u00e7\u00e3o LED<\/strong>&nbsp;O novo sistema de ilumina\u00e7\u00e3o, de vanguarda, satisfaz as necessidades mais exigentes.  \u00c9 ideal para iluminar e embelezar jardins e p\u00e1tios, bem como para criar um ambiente acolhedor em terra\u00e7os e varandas.<\/p><p>\u00c9 tamb\u00e9m perfeita para eventos e actividades ao ar livre, como o campismo. Pode tamb\u00e9m servir como ilumina\u00e7\u00e3o de seguran\u00e7a e \u00e9 uma escolha pr\u00e1tica para iluminar barcos e navios. A sua utiliza\u00e7\u00e3o em projectos de bricolage e artesanato permite-lhe dar largas \u00e0 sua criatividade.<\/p><p><i class=\"fa fa-truck\"><\/i>&nbsp;<span class=\"text-muted textprop\">Entrega em 24\/48 horas<\/span><\/p><p>&nbsp;<\/p><\/p>","protected":false},"featured_media":12547,"template":"","meta":{"site-sidebar-layout":"default","site-content-layout":"default","ast-global-header-display":"","ast-main-header-display":"","ast-hfb-above-header-display":"","ast-hfb-below-header-display":"","ast-hfb-mobile-header-display":"","site-post-title":"","ast-breadcrumbs-content":"","ast-featured-img":"","footer-sml-layout":"","theme-transparent-header-meta":"default","adv-header-id-meta":"","stick-header-meta":"","header-above-stick-meta":"","header-main-stick-meta":"","header-below-stick-meta":""},"product_cat":[80,28,45],"product_tag":[],"class_list":["post-12542","product","type-product","status-publish","has-post-thumbnail","hentry","product_cat-foco-proyector-serie-eco-y-solar","product_cat-proyectores-led-exterior-y-jardin","product_cat-tiras-led-y-neon-flexible"],"_links":{"self":[{"href":"https:\/\/starlediluminacion.com\/pt\/wp-json\/wp\/v3\/product\/12542","targetHints":{"allow":["GET"]}}],"collection":[{"href":"https:\/\/starlediluminacion.com\/pt\/wp-json\/wp\/v3\/product"}],"about":[{"href":"https:\/\/starlediluminacion.com\/pt\/wp-json\/wp\/v2\/types\/product"}],"wp:featuredmedia":[{"embeddable":true,"href":"https:\/\/starlediluminacion.com\/pt\/wp-json\/wp\/v2\/media\/12547"}],"wp:attachment":[{"href":"https:\/\/starlediluminacion.com\/pt\/wp-json\/wp\/v2\/media?parent=12542"}],"wp:term":[{"taxonomy":"product_cat","embeddable":true,"href":"https:\/\/starlediluminacion.com\/pt\/wp-json\/wp\/v2\/product_cat?post=12542"},{"taxonomy":"product_tag","embeddable":true,"href":"https:\/\/starlediluminacion.com\/pt\/wp-json\/wp\/v2\/product_tag?post=12542"}],"curies":[{"name":"wp","href":"https:\/\/api.w.org\/{rel}","templated":true}]}}