{"id":12403,"date":"2024-01-07T12:17:14","date_gmt":"2024-01-07T12:17:14","guid":{"rendered":"https:\/\/starlediluminacion.com\/?post_type=product&#038;p=12403"},"modified":"2024-06-16T14:50:14","modified_gmt":"2024-06-16T14:50:14","slug":"aro-fijo-circular-para-gu10-mr16-blanco","status":"publish","type":"product","link":"https:\/\/starlediluminacion.com\/pt\/product\/anel-fixo-circular-anel-para-gu10-mr16-branco\/","title":{"rendered":"<p>Anel fixo circular para GU10-MR16 - BRANCO<\/p>"},"content":{"rendered":"<h1>Anel fixo circular para GU10-MR16 - BRANCO<p><strong>Anel de encastrar<\/strong>&nbsp;para&nbsp;<strong>LED dicr\u00f3ico<\/strong>ambos&nbsp;<strong>MR16<\/strong>&nbsp;como&nbsp;<strong>GU10<\/strong>foi concebida para obter uma decora\u00e7\u00e3o atractiva e refinada, gra\u00e7as \u00e0 sua forma.&nbsp;<strong>circular<\/strong>&nbsp;podem ser criadas atmosferas muito exclusivas.<\/p><p>Todo o seu material \u00e9 feito de alum\u00ednio com um acabamento preto, o que faz deste aro um produto muito resistente, pelo que tem uma grande durabilidade, o que o torna um produto muito dur\u00e1vel.&nbsp;<strong>anel de a\u00e7o inoxid\u00e1vel<\/strong>.<\/p><p>&nbsp;<\/p><h2>Aplica\u00e7\u00f5es do anel fixo circular para GU10-MR16 - BRANCO<\/h2><ul>\n<li>Cozinha<\/li>\n<li>Banho<\/li>\n<li>Varandas<\/li>\n<li>Escrit\u00f3rios<\/li>\n<li>Hipermercados<\/li>\n<\/ul><p>\u00c9 ideal para qualquer \u00e1rea de eventos onde seja necess\u00e1rio recriar atmosferas seleccionadas. \u00c9 tamb\u00e9m capaz de resistir a espa\u00e7os exteriores gra\u00e7as ao seu material.<\/p><h3 class=\"h6\">Folha de dados do produto<\/h3><dl class=\"data-sheet\">\n<dt class=\"name\"><img loading=\"lazy\" decoding=\"async\" src=\"https:\/\/www.factorled.com\/modules\/oa_features\/img\/2-default.jpg\" width=\"32\" height=\"32\">&nbsp;REFER\u00caNCIA<\/dt>\n<dd class=\"value\">91823<\/dd>\n<dt class=\"name\"><img loading=\"lazy\" decoding=\"async\" src=\"https:\/\/www.factorled.com\/modules\/oa_features\/img\/25-default.jpg\" width=\"32\" height=\"32\">&nbsp;Material de constru\u00e7\u00e3o<\/dt>\n<dd class=\"value\">Alum\u00ednio<\/dd>\n<dt class=\"name\"><img loading=\"lazy\" decoding=\"async\" src=\"https:\/\/www.factorled.com\/modules\/oa_features\/img\/15-default.jpg\" width=\"32\" height=\"32\">&nbsp;Certificados<\/dt>\n<dd class=\"value\">CE - ROHS<\/dd>\n<dt class=\"name\"><img loading=\"lazy\" decoding=\"async\" src=\"https:\/\/www.factorled.com\/modules\/oa_features\/img\/18-default.jpg\" width=\"32\" height=\"32\">&nbsp;Medidas (Mm)<\/dt>\n<dd class=\"value\">\u00d885mm x H40mm<\/dd>\n<dt class=\"name\"><img loading=\"lazy\" decoding=\"async\" src=\"https:\/\/www.factorled.com\/modules\/oa_features\/img\/27-default.jpg\" width=\"32\" height=\"32\">&nbsp;Corte no teto (Mm)<\/dt>\n<dd class=\"value\">\u00d875mm<\/dd>\n<dt class=\"name\"><img loading=\"lazy\" decoding=\"async\" src=\"https:\/\/www.factorled.com\/modules\/oa_features\/img\/76-default.jpg\" width=\"32\" height=\"32\">&nbsp;Acess\u00f3rios e complementos<\/dt>\n<dd class=\"value\">Porta-l\u00e2mpadas GU10<\/dd>\n<dt class=\"name\"><img loading=\"lazy\" decoding=\"async\" src=\"https:\/\/www.factorled.com\/modules\/oa_features\/img\/104-default.jpg\" width=\"32\" height=\"32\">&nbsp;Acabamento<\/dt>\n<dd class=\"value\">Mate<\/dd>\n<dt class=\"name\"><img loading=\"lazy\" decoding=\"async\" src=\"https:\/\/www.factorled.com\/modules\/oa_features\/img\/128-default.jpg\" width=\"32\" height=\"32\">&nbsp;L\u00e2mpada inclu\u00edda<\/dt>\n<dd class=\"value\">N\u00e3o<\/dd>\n<\/dl><\/h1>","protected":false},"excerpt":{"rendered":"<div class=\"product-reference\"><strong><label class=\"label\">Refer\u00eancia:<\/label> SL91823<\/strong><div><\/div><div class=\"product-description-short\">\n<div id=\"product-description-short-3247\">\n<p>Transforme os seus espa\u00e7os com o nosso Anel Circular Fixo, um design elegante e \u00fanico que acrescenta um toque contempor\u00e2neo \u00e0 sua ilumina\u00e7\u00e3o. Compat\u00edvel com l\u00e2mpadas LED GU10 ou MR16, \u00e9 ideal tanto para novas instala\u00e7\u00f5es como para atualizar as l\u00e2mpadas existentes. Feito para se adequar a qualquer tipo de ambiente ou decora\u00e7\u00e3o, este anel circular fixo \u00e9 a escolha perfeita para melhorar a est\u00e9tica dos seus espa\u00e7os com estilo e funcionalidade. Renove a sua ilumina\u00e7\u00e3o com esta lumin\u00e1ria de qualidade.<\/p>\n<div class=\"col-md-12\"><i class=\"fa fa-truck\"><\/i>&nbsp;<span class=\"text-muted textprop\">Entrega em 24\/48 horas<\/span><\/div>\n<div class=\"col-md-12\"><i class=\"fa fa-exchange\"><\/i>&nbsp;<span class=\"text-muted textprop\">Garantia de produto assegurada<\/span><\/div>\n<div class=\"col-md-12 certificados\">\n<hr>\n<p><img decoding=\"async\" class=\"cert\" title=\"Certifica\u00e7\u00e3o CE\" src=\"https:\/\/www.factorled.com\/img\/icono-sello-ce.jpg\" alt=\"Certifica\u00e7\u00e3o CE\">&nbsp;<img decoding=\"async\" class=\"cert\" title=\"Certificado ROHS\" src=\"https:\/\/www.factorled.com\/img\/icono-sello-rosh.jpg\" alt=\"Certificado ROHS\"><\/p><\/div>\n<\/div>\n<\/div><\/div>","protected":false},"featured_media":12408,"template":"","meta":{"site-sidebar-layout":"default","site-content-layout":"default","ast-global-header-display":"","ast-main-header-display":"","ast-hfb-above-header-display":"","ast-hfb-below-header-display":"","ast-hfb-mobile-header-display":"","site-post-title":"","ast-breadcrumbs-content":"","ast-featured-img":"","footer-sml-layout":"","theme-transparent-header-meta":"default","adv-header-id-meta":"","stick-header-meta":"","header-above-stick-meta":"","header-main-stick-meta":"","header-below-stick-meta":""},"product_cat":[62,23],"product_tag":[],"class_list":["post-12403","product","type-product","status-publish","has-post-thumbnail","hentry","product_cat-accesorios-lamparas-led","product_cat-bombillas-y-lamparas-led"],"_links":{"self":[{"href":"https:\/\/starlediluminacion.com\/pt\/wp-json\/wp\/v3\/product\/12403","targetHints":{"allow":["GET"]}}],"collection":[{"href":"https:\/\/starlediluminacion.com\/pt\/wp-json\/wp\/v3\/product"}],"about":[{"href":"https:\/\/starlediluminacion.com\/pt\/wp-json\/wp\/v2\/types\/product"}],"wp:featuredmedia":[{"embeddable":true,"href":"https:\/\/starlediluminacion.com\/pt\/wp-json\/wp\/v2\/media\/12408"}],"wp:attachment":[{"href":"https:\/\/starlediluminacion.com\/pt\/wp-json\/wp\/v2\/media?parent=12403"}],"wp:term":[{"taxonomy":"product_cat","embeddable":true,"href":"https:\/\/starlediluminacion.com\/pt\/wp-json\/wp\/v2\/product_cat?post=12403"},{"taxonomy":"product_tag","embeddable":true,"href":"https:\/\/starlediluminacion.com\/pt\/wp-json\/wp\/v2\/product_tag?post=12403"}],"curies":[{"name":"wp","href":"https:\/\/api.w.org\/{rel}","templated":true}]}}