{"id":12359,"date":"2024-01-04T15:48:21","date_gmt":"2024-01-04T15:48:21","guid":{"rendered":"https:\/\/starlediluminacion.com\/?post_type=product&#038;p=12359"},"modified":"2024-06-16T14:38:52","modified_gmt":"2024-06-16T14:38:52","slug":"aro-redondo-orientable-para-dicroica-led-gu10-mr16-aluminio","status":"publish","type":"product","link":"https:\/\/starlediluminacion.com\/pt\/product\/aro-redondo-orientable-para-dicroica-led-gu10-mr16-aluminio\/","title":{"rendered":"<p>Aro Redondo Orientable Para Dicroica LED GU10 MR16 &ndash; Aluminio<\/p>"},"content":{"rendered":"<h1>Anel girat\u00f3rio redondo para l\u00e2mpada dicr\u00f3ica LED GU10 MR16 - Alum\u00ednio<p><strong>Anel de encastrar<\/strong>&nbsp;para&nbsp;<strong>LED dicr\u00f3ico<\/strong>ambos&nbsp;<strong>MR16<\/strong>&nbsp;como&nbsp;<strong>GU10<\/strong>Foi concebido para obter uma decora\u00e7\u00e3o atractiva e refinada. Gra\u00e7as \u00e0 sua forma ajust\u00e1vel, \u00e9 poss\u00edvel criar atmosferas muito exclusivas.<\/p><p>Todo su material esta fabricado en aluminio con acabado en color blanco lo que hace de este aro un producto muy resistente por lo que&nbsp;tiene una gran durabilidad, lo convierte en un&nbsp;<strong>anel de a\u00e7o inoxid\u00e1vel<\/strong>.<\/p><p>\u00c9 ideal para espa\u00e7os dom\u00e9sticos tais como cozinhas, casas de banho, alpendres e tamb\u00e9m em escrit\u00f3rios, hipermercados, ou qualquer \u00e1rea de eventos onde seja necess\u00e1rio recriar atmosferas seleccionadas.<\/p><h3 class=\"h6\">Folha de dados do produto<\/h3><dl class=\"data-sheet\">\n<dt class=\"name\"><img loading=\"lazy\" decoding=\"async\" src=\"https:\/\/www.factorled.com\/modules\/oa_features\/img\/2-default.jpg\" width=\"32\" height=\"32\">&nbsp;REFER\u00caNCIA<\/dt>\n<dd class=\"value\">91813<\/dd>\n<dt class=\"name\"><img loading=\"lazy\" decoding=\"async\" src=\"https:\/\/www.factorled.com\/modules\/oa_features\/img\/25-default.jpg\" width=\"32\" height=\"32\">&nbsp;Material de constru\u00e7\u00e3o<\/dt>\n<dd class=\"value\">Alum\u00ednio<\/dd>\n<dt class=\"name\"><img loading=\"lazy\" decoding=\"async\" src=\"https:\/\/www.factorled.com\/modules\/oa_features\/img\/15-default.jpg\" width=\"32\" height=\"32\">&nbsp;Certificados<\/dt>\n<dd class=\"value\">CE<\/dd>\n<dt class=\"name\"><img loading=\"lazy\" decoding=\"async\" src=\"https:\/\/www.factorled.com\/modules\/oa_features\/img\/16-default.jpg\" width=\"32\" height=\"32\">&nbsp;Classifica\u00e7\u00e3o IP<\/dt>\n<dd class=\"value\">IP20<\/dd>\n<dt class=\"name\"><img loading=\"lazy\" decoding=\"async\" src=\"https:\/\/www.factorled.com\/modules\/oa_features\/img\/18-default.jpg\" width=\"32\" height=\"32\">&nbsp;Medidas (Mm)<\/dt>\n<dd class=\"value\">&Oslash;90mm<\/dd>\n<dt class=\"name\"><img loading=\"lazy\" decoding=\"async\" src=\"https:\/\/www.factorled.com\/modules\/oa_features\/img\/27-default.jpg\" width=\"32\" height=\"32\">&nbsp;Corte no teto (Mm)<\/dt>\n<dd class=\"value\">\u00d875mm<\/dd>\n<\/dl><\/h1>","protected":false},"excerpt":{"rendered":"<div class=\"product-reference\"><strong><label class=\"label\">Refer\u00eancia:<\/label> SL91813<\/strong>\n<div><\/div>\n<div class=\"product-description-short\">\n<div id=\"product-description-short-3237\">\n<p><strong>Buraco<\/strong>&nbsp;<strong>orient\u00e1veis<\/strong>&nbsp;com acabamento branco, design elegante e exclusivo. Recomendado para utiliza\u00e7\u00e3o com l\u00e2mpadas&nbsp;<strong>dichroics<\/strong>&nbsp;<strong>GU10<\/strong>&nbsp;o&nbsp;<strong>MR16<\/strong>. \u00c9 perfeito para um novo local de constru\u00e7\u00e3o ou para mudar as luzes da ribalta.<\/p>\n<\/div>\n<\/div><\/div>","protected":false},"featured_media":12364,"template":"","meta":{"site-sidebar-layout":"default","site-content-layout":"default","ast-global-header-display":"","ast-main-header-display":"","ast-hfb-above-header-display":"","ast-hfb-below-header-display":"","ast-hfb-mobile-header-display":"","site-post-title":"","ast-breadcrumbs-content":"","ast-featured-img":"","footer-sml-layout":"","theme-transparent-header-meta":"default","adv-header-id-meta":"","stick-header-meta":"","header-above-stick-meta":"","header-main-stick-meta":"","header-below-stick-meta":""},"product_cat":[62,23],"product_tag":[],"class_list":["post-12359","product","type-product","status-publish","has-post-thumbnail","hentry","product_cat-accesorios-lamparas-led","product_cat-bombillas-y-lamparas-led"],"_links":{"self":[{"href":"https:\/\/starlediluminacion.com\/pt\/wp-json\/wp\/v3\/product\/12359","targetHints":{"allow":["GET"]}}],"collection":[{"href":"https:\/\/starlediluminacion.com\/pt\/wp-json\/wp\/v3\/product"}],"about":[{"href":"https:\/\/starlediluminacion.com\/pt\/wp-json\/wp\/v2\/types\/product"}],"wp:featuredmedia":[{"embeddable":true,"href":"https:\/\/starlediluminacion.com\/pt\/wp-json\/wp\/v2\/media\/12364"}],"wp:attachment":[{"href":"https:\/\/starlediluminacion.com\/pt\/wp-json\/wp\/v2\/media?parent=12359"}],"wp:term":[{"taxonomy":"product_cat","embeddable":true,"href":"https:\/\/starlediluminacion.com\/pt\/wp-json\/wp\/v2\/product_cat?post=12359"},{"taxonomy":"product_tag","embeddable":true,"href":"https:\/\/starlediluminacion.com\/pt\/wp-json\/wp\/v2\/product_tag?post=12359"}],"curies":[{"name":"wp","href":"https:\/\/api.w.org\/{rel}","templated":true}]}}