{"id":12305,"date":"2024-01-04T15:06:47","date_gmt":"2024-01-04T15:06:47","guid":{"rendered":"https:\/\/starlediluminacion.com\/?post_type=product&#038;p=12305"},"modified":"2024-06-16T14:49:18","modified_gmt":"2024-06-16T14:49:18","slug":"tira-led-220v-120xled-m-20m-smd2835-1540lm-m-14w-m-ip67-corte-cada-10cm-2","status":"publish","type":"product","link":"https:\/\/starlediluminacion.com\/pt\/product\/tira-led-220v-120xled-m-20m-smd2835-1540lm-m-14w-m-ip67-corte-cada-10cm-2\/","title":{"rendered":"<p>Tira LED 220V | 120xLED\/M | 20m | SMD2835 | 1540Lm\/M | 14W\/M | IP67 | Corte Cada 10cm<\/p>"},"content":{"rendered":"<h1>Fita LED 220V | 120xLED\/m | 20m | SMD2835 | 1450Lm\/M | 14W\/M | IP67 | Corte a cada 10cm | 10cm<p>Isto&nbsp;<strong>Fita LED 220V<\/strong>&nbsp;DC 120LED\/m<strong>&nbsp;IP67<\/strong>&nbsp;tem um comprimento de&nbsp;<strong>20 metros<\/strong>&nbsp;e integra&nbsp;<b>120&nbsp;<\/b><strong>LED<\/strong>&nbsp;de tecnologia&nbsp;<strong>SMD2835<\/strong>&nbsp;que consomem apenas uma pequena quantidade de energia.&nbsp;<strong>14w&nbsp;<\/strong>por metro. A luz brilhante e colorida que emite est\u00e1 espalhada por um \u00e2ngulo de 120\u00b0.<\/p><p>A nossa fita LED \u00e9 auto-adesiva para uma instala\u00e7\u00e3o f\u00e1cil. Pode ser&nbsp;<strong>regular<\/strong>&nbsp;a intensidade das tiras de LED<\/p><p>Esta Fita LED SMD2835 est\u00e1 equipada com&nbsp;<strong>120 fichas por metro<\/strong>com a sua&nbsp;<b>IRC &gt;82<\/b>&nbsp;conseguimos que as cores pare\u00e7am muito reais. Isto torna esta faixa LED perfeita para iluminar espa\u00e7os onde queremos que as cores pare\u00e7am perfeitas.<\/p><p>O&nbsp;<strong>Fita LED<\/strong>&nbsp;pode ser cortado e unido nos espa\u00e7os indicados na tira (zona de jun\u00e7\u00e3o de cobre), seguindo sempre as instru\u00e7\u00f5es pertinentes (ter o cuidado de o ferro de solda manter um breve contacto com a tira ao soldar, pois o calor excessivo danificar\u00e1 o condutor).<\/p><p>A fim de aumentar a vida \u00fatil da faixa LED, \u00e9&nbsp;<strong>recomendado<\/strong>&nbsp;utilizar a fita adesiva de dupla face, bem como coloc\u00e1-la em cima do&nbsp;<strong>perfil de alum\u00ednio<\/strong>para uma gest\u00e3o adequada do calor da pr\u00f3pria fita LED.<\/p><p>As fitas LED s\u00e3o ideais para iluminar qualquer tipo de canto ou elemento da sua empresa ou casa, gra\u00e7as \u00e0 sua flexibilidade. Pode dizer-se que uma das suas principais vantagens \u00e9 a sua grande flexibilidade.&nbsp;<strong>versatilidade de utiliza\u00e7\u00e3o<\/strong>&nbsp;Podem ser instalados em qualquer \u00e1rea e adaptar-se a qualquer canto, podendo assim ser colocados em qualquer posi\u00e7\u00e3o, devido \u00e0 sua&nbsp;<strong>conce\u00e7\u00e3o linear adapt\u00e1vel.<\/strong><\/p><h2>\n<strong>Usos da Fita LED 220V | 120xLED\/m | 20m | SMD2835 | 1450Lm\/M | 14W\/M | IP67 | Corte a cada 10cm | Corte a cada 10cm<\/strong><\/h2><ul>\n<li>&nbsp;&nbsp;&nbsp; Em bibliotecas<\/li>\n<li>&nbsp;&nbsp;&nbsp; Bares<\/li>\n<li>&nbsp;&nbsp;&nbsp; In\u00edcio<\/li>\n<li>&nbsp;&nbsp;&nbsp; Restaurantes<\/li>\n<li>&nbsp;&nbsp;&nbsp; Abrange<\/li>\n<\/ul><h3 class=\"h6\">Folha de dados do produto<\/h3><dl class=\"data-sheet\">\n<dt class=\"name\"><img loading=\"lazy\" decoding=\"async\" src=\"https:\/\/www.factorled.com\/modules\/oa_features\/img\/2-default.jpg\" width=\"32\" height=\"32\">&nbsp;REFER\u00caNCIA<\/dt>\n<dd class=\"value\">SP120D14W<\/dd>\n<dt class=\"name\"><img loading=\"lazy\" decoding=\"async\" src=\"https:\/\/www.factorled.com\/modules\/oa_features\/img\/3-default.jpg\" width=\"32\" height=\"32\">&nbsp;Pot\u00eancia nominal<\/dt>\n<dd class=\"value\">14W<\/dd>\n<dt class=\"name\"><img loading=\"lazy\" decoding=\"async\" src=\"https:\/\/www.factorled.com\/modules\/oa_features\/img\/4-default.jpg\" width=\"32\" height=\"32\">&nbsp;Tens\u00e3o nominal<\/dt>\n<dd class=\"value\">220-240 V AC<\/dd>\n<dt class=\"name\"><img loading=\"lazy\" decoding=\"async\" src=\"https:\/\/www.factorled.com\/modules\/oa_features\/img\/5-default.jpg\" width=\"32\" height=\"32\">&nbsp;Temperatura da luz<\/dt>\n<dd class=\"value\">2300K - 2700K - 4000K - 6000K<\/dd>\n<dt class=\"name\"><img loading=\"lazy\" decoding=\"async\" src=\"https:\/\/www.factorled.com\/modules\/oa_features\/img\/6-default.jpg\" width=\"32\" height=\"32\">&nbsp;CRI - \u00cdndice de restitui\u00e7\u00e3o de cor<\/dt>\n<dd class=\"value\">82<\/dd>\n<dt class=\"name\"><img loading=\"lazy\" decoding=\"async\" src=\"https:\/\/www.factorled.com\/modules\/oa_features\/img\/25-default.jpg\" width=\"32\" height=\"32\">&nbsp;Material de constru\u00e7\u00e3o<\/dt>\n<dd class=\"value\">Silicone<\/dd>\n<dt class=\"name\"><img loading=\"lazy\" decoding=\"async\" src=\"https:\/\/www.factorled.com\/modules\/oa_features\/img\/8-default.jpg\" width=\"32\" height=\"32\">&nbsp;Luminosidade-Lm<\/dt>\n<dd class=\"value\">1M: 1540Lm -10M: 15400 Lm - 20M: 30800Lm<\/dd>\n<dt class=\"name\"><img loading=\"lazy\" decoding=\"async\" src=\"https:\/\/www.factorled.com\/modules\/oa_features\/img\/9-default.jpg\" width=\"32\" height=\"32\">&nbsp;Tipo de LED<\/dt>\n<dd class=\"value\">140 LEDs\/M - SMD2835 BRIDGELUX CHIP<\/dd>\n<dt class=\"name\"><img loading=\"lazy\" decoding=\"async\" src=\"https:\/\/www.factorled.com\/modules\/oa_features\/img\/10-default.jpg\" width=\"32\" height=\"32\">&nbsp;\u00c2ngulo de abertura (\u00ba)<\/dt>\n<dd class=\"value\">120\u00ba<\/dd>\n<dt class=\"name\"><img loading=\"lazy\" decoding=\"async\" src=\"https:\/\/www.factorled.com\/modules\/oa_features\/img\/12-default.jpg\" width=\"32\" height=\"32\">&nbsp;Efici\u00eancia do d\u00edodo LED (Lm\/W)<\/dt>\n<dd class=\"value\">155 Lm\/W<\/dd>\n<dt class=\"name\"><img loading=\"lazy\" decoding=\"async\" src=\"https:\/\/www.factorled.com\/modules\/oa_features\/img\/13-default.jpg\" width=\"32\" height=\"32\">&nbsp;Efic\u00e1cia luminosa (Lm\/W)<\/dt>\n<dd class=\"value\">135 Lm\/W<\/dd>\n<dt class=\"name\"><img loading=\"lazy\" decoding=\"async\" src=\"https:\/\/www.factorled.com\/modules\/oa_features\/img\/11-default.jpg\" width=\"32\" height=\"32\">&nbsp;Dimension\u00e1vel<\/dt>\n<dd class=\"value\">TRIAC<\/dd>\n<dt class=\"name\"><img loading=\"lazy\" decoding=\"async\" src=\"https:\/\/www.factorled.com\/modules\/oa_features\/img\/15-default.jpg\" width=\"32\" height=\"32\">&nbsp;Certificados<\/dt>\n<dd class=\"value\">CE - ROHS<\/dd>\n<dt class=\"name\"><img loading=\"lazy\" decoding=\"async\" src=\"https:\/\/www.factorled.com\/modules\/oa_features\/img\/16-default.jpg\" width=\"32\" height=\"32\">&nbsp;Classifica\u00e7\u00e3o IP<\/dt>\n<dd class=\"value\">IP67-Outdoor<\/dd>\n<dt class=\"name\"><img loading=\"lazy\" decoding=\"async\" src=\"https:\/\/www.factorled.com\/modules\/oa_features\/img\/17-default.jpg\" width=\"32\" height=\"32\">&nbsp;Vida \u00fatil estimada D\u00edodo LED (H)<\/dt>\n<dd class=\"value\">100.000<\/dd>\n<dt class=\"name\"><img loading=\"lazy\" decoding=\"async\" src=\"https:\/\/www.factorled.com\/modules\/oa_features\/img\/18-default.jpg\" width=\"32\" height=\"32\">&nbsp;Medidas (Mm)<\/dt>\n<dd class=\"value\">L20m x 12mm x H4,2mm<\/dd>\n<dt class=\"name\"><img loading=\"lazy\" decoding=\"async\" src=\"https:\/\/www.factorled.com\/modules\/oa_features\/img\/20-default.jpg\" width=\"32\" height=\"32\">&nbsp;Fator de pot\u00eancia (PF)<\/dt>\n<dd class=\"value\">0,91<\/dd>\n<dt class=\"name\"><img loading=\"lazy\" decoding=\"async\" src=\"https:\/\/www.factorled.com\/modules\/oa_features\/img\/21-default.jpg\" width=\"32\" height=\"32\">&nbsp;Frequ\u00eancia de trabalho (Hz)<\/dt>\n<dd class=\"value\">50\/60Hz<\/dd>\n<dt class=\"name\"><img loading=\"lazy\" decoding=\"async\" src=\"https:\/\/www.factorled.com\/modules\/oa_features\/img\/22-default.jpg\" width=\"32\" height=\"32\">&nbsp;Gama de temperaturas (\u00baC)<\/dt>\n<dd class=\"value\">-20\u00b0C ~ +55\u00b0C<\/dd>\n<dt class=\"name\"><img loading=\"lazy\" decoding=\"async\" src=\"https:\/\/www.factorled.com\/modules\/oa_features\/img\/23-default.jpg\" width=\"32\" height=\"32\">&nbsp;Ciclos de igni\u00e7\u00e3o<\/dt>\n<dd class=\"value\">100.000<\/dd>\n<dt class=\"name\"><img loading=\"lazy\" decoding=\"async\" src=\"https:\/\/www.factorled.com\/modules\/oa_features\/img\/7-default.jpg\" width=\"32\" height=\"32\">&nbsp;Classe energ\u00e9tica (2021-UE-2019\/2015)<\/dt>\n<dd class=\"value\">A+<\/dd>\n<dt class=\"name\"><img loading=\"lazy\" decoding=\"async\" src=\"https:\/\/www.factorled.com\/modules\/oa_features\/img\/75-default.jpg\" width=\"32\" height=\"32\">&nbsp;Anos de garantia<\/dt>\n<dd class=\"value\">3<\/dd>\n<\/dl><\/h1>","protected":false},"excerpt":{"rendered":"<div class=\"product-reference\"><strong><label class=\"label\">Refer\u00eancia:<\/label> SLSP120D14W-91833<\/strong>\n<div><\/div>\n<div class=\"product-description-short\">\n<div id=\"product-description-short-3226\">\n<p><strong>Fita LED<\/strong>&nbsp;<strong>PROFISSIONAL<\/strong>&nbsp;<strong>14W<\/strong>&nbsp;por metro<strong>,&nbsp;<\/strong>a partir de&nbsp;<strong>220V<\/strong>&nbsp;com um comprimento de&nbsp;<strong>20<\/strong>&nbsp;<strong>metros<\/strong>. Concebida para instala\u00e7\u00e3o no interior. Ideal para ILUMINAR todo o tipo de espa\u00e7os. N\u00c3O necessita de alimenta\u00e7\u00e3o el\u00e9ctrica e \u00e9 aconselh\u00e1vel instal\u00e1-la sobre um perfil de alum\u00ednio para uma boa dissipa\u00e7\u00e3o do calor.<b>&nbsp;10 mm<\/b><\/p>\n<p><b>120 Leds\/metro SMD2835 CHIP de alta pot\u00eancia.<\/b><\/p>\n<p><strong>Temperatura de Color: 2300K\/2<span style=\"font-size: 16px; font-style: normal;\">700K<\/span><span style=\"font-size: 16px;\">\/4000K\/5700K<\/span><\/strong><\/p>\n<\/div>\n<\/div><\/div>","protected":false},"featured_media":12317,"template":"","meta":{"site-sidebar-layout":"default","site-content-layout":"default","ast-global-header-display":"","ast-main-header-display":"","ast-hfb-above-header-display":"","ast-hfb-below-header-display":"","ast-hfb-mobile-header-display":"","site-post-title":"","ast-breadcrumbs-content":"","ast-featured-img":"","footer-sml-layout":"","theme-transparent-header-meta":"default","adv-header-id-meta":"","stick-header-meta":"","header-above-stick-meta":"","header-main-stick-meta":"","header-below-stick-meta":""},"product_cat":[90,45],"product_tag":[],"class_list":["post-12305","product","type-product","status-publish","has-post-thumbnail","hentry","product_cat-tiras-led-220v-240v-ac","product_cat-tiras-led-y-neon-flexible"],"yoast_head":"<!-- This site is optimized with the Yoast SEO plugin v27.4 - https:\/\/yoast.com\/product\/yoast-seo-wordpress\/ -->\n<title>Tira LED 220V | 120xLED\/M | 20m | SMD2835 | 1540Lm\/M | 14W\/M | IP67 | Corte Cada 10cm - STARLED Iluminacion<\/title>\n<meta name=\"robots\" content=\"index, follow, max-snippet:-1, max-image-preview:large, max-video-preview:-1\" \/>\n<link rel=\"canonical\" href=\"https:\/\/starlediluminacion.com\/pt\/product\/tira-led-220v-120xled-m-20m-smd2835-1540lm-m-14w-m-ip67-corte-cada-10cm-2\/\" \/>\n<meta property=\"og:locale\" content=\"pt_PT\" \/>\n<meta property=\"og:type\" content=\"article\" \/>\n<meta property=\"og:title\" content=\"Tira LED 220V | 120xLED\/M | 20m | SMD2835 | 1540Lm\/M | 14W\/M | IP67 | Corte Cada 10cm - STARLED Iluminacion\" \/>\n<meta property=\"og:description\" content=\"Referencia: SLSP120D14W-91833      Tira led\u00a0PROFESIONAL\u00a014W\u00a0por metro,\u00a0de\u00a0220V\u00a0con una longitud\u00a020\u00a0metros.\u00a0Dise\u00f1ada para su colocaci\u00f3n en interior. Perfecta para ILUMINAR todo tipo de espacios. NO requiere de fuente de alimentaci\u00f3n y es conveniente instalarla sobre un perfil de aluminio para conseguir una buena disipaci\u00f3n del calor.\u00a010mm  120 Leds\/metro SMD2835 CHIP de alta potencia.  Temperatura de Color: 2300K\/2700K\/4000K\/5700K\" \/>\n<meta property=\"og:url\" content=\"https:\/\/starlediluminacion.com\/pt\/product\/tira-led-220v-120xled-m-20m-smd2835-1540lm-m-14w-m-ip67-corte-cada-10cm-2\/\" \/>\n<meta property=\"og:site_name\" content=\"STARLED Iluminacion\" \/>\n<meta property=\"article:modified_time\" content=\"2024-06-16T14:49:18+00:00\" \/>\n<meta property=\"og:image\" content=\"https:\/\/starlediluminacion.com\/wp-content\/uploads\/2024\/01\/tira-led-220v-20m-smd2835-1540lmm-14wm-ip67-corte-cada-10cm.jpg\" \/>\n\t<meta property=\"og:image:width\" content=\"744\" \/>\n\t<meta property=\"og:image:height\" content=\"800\" \/>\n\t<meta property=\"og:image:type\" content=\"image\/jpeg\" \/>\n<meta name=\"twitter:card\" content=\"summary_large_image\" \/>\n<meta name=\"twitter:label1\" content=\"Tempo estimado de leitura\" \/>\n\t<meta name=\"twitter:data1\" content=\"2 minutos\" \/>\n<script type=\"application\/ld+json\" class=\"yoast-schema-graph\">{\"@context\":\"https:\\\/\\\/schema.org\",\"@graph\":[{\"@type\":\"WebPage\",\"@id\":\"https:\\\/\\\/starlediluminacion.com\\\/pt\\\/product\\\/tira-led-220v-120xled-m-20m-smd2835-1540lm-m-14w-m-ip67-corte-cada-10cm-2\\\/\",\"url\":\"https:\\\/\\\/starlediluminacion.com\\\/pt\\\/product\\\/tira-led-220v-120xled-m-20m-smd2835-1540lm-m-14w-m-ip67-corte-cada-10cm-2\\\/\",\"name\":\"Tira LED 220V | 120xLED\\\/M | 20m | SMD2835 | 1540Lm\\\/M | 14W\\\/M | IP67 | Corte Cada 10cm - STARLED Iluminacion\",\"isPartOf\":{\"@id\":\"https:\\\/\\\/starlediluminacion.com\\\/#website\"},\"primaryImageOfPage\":{\"@id\":\"https:\\\/\\\/starlediluminacion.com\\\/pt\\\/product\\\/tira-led-220v-120xled-m-20m-smd2835-1540lm-m-14w-m-ip67-corte-cada-10cm-2\\\/#primaryimage\"},\"image\":{\"@id\":\"https:\\\/\\\/starlediluminacion.com\\\/pt\\\/product\\\/tira-led-220v-120xled-m-20m-smd2835-1540lm-m-14w-m-ip67-corte-cada-10cm-2\\\/#primaryimage\"},\"thumbnailUrl\":\"https:\\\/\\\/starlediluminacion.com\\\/wp-content\\\/uploads\\\/2024\\\/01\\\/tira-led-220v-20m-smd2835-1540lmm-14wm-ip67-corte-cada-10cm.jpg\",\"datePublished\":\"2024-01-04T15:06:47+00:00\",\"dateModified\":\"2024-06-16T14:49:18+00:00\",\"breadcrumb\":{\"@id\":\"https:\\\/\\\/starlediluminacion.com\\\/pt\\\/product\\\/tira-led-220v-120xled-m-20m-smd2835-1540lm-m-14w-m-ip67-corte-cada-10cm-2\\\/#breadcrumb\"},\"inLanguage\":\"pt-PT\",\"potentialAction\":[{\"@type\":\"ReadAction\",\"target\":[\"https:\\\/\\\/starlediluminacion.com\\\/pt\\\/product\\\/tira-led-220v-120xled-m-20m-smd2835-1540lm-m-14w-m-ip67-corte-cada-10cm-2\\\/\"]}]},{\"@type\":\"ImageObject\",\"inLanguage\":\"pt-PT\",\"@id\":\"https:\\\/\\\/starlediluminacion.com\\\/pt\\\/product\\\/tira-led-220v-120xled-m-20m-smd2835-1540lm-m-14w-m-ip67-corte-cada-10cm-2\\\/#primaryimage\",\"url\":\"https:\\\/\\\/starlediluminacion.com\\\/wp-content\\\/uploads\\\/2024\\\/01\\\/tira-led-220v-20m-smd2835-1540lmm-14wm-ip67-corte-cada-10cm.jpg\",\"contentUrl\":\"https:\\\/\\\/starlediluminacion.com\\\/wp-content\\\/uploads\\\/2024\\\/01\\\/tira-led-220v-20m-smd2835-1540lmm-14wm-ip67-corte-cada-10cm.jpg\",\"width\":744,\"height\":800},{\"@type\":\"BreadcrumbList\",\"@id\":\"https:\\\/\\\/starlediluminacion.com\\\/pt\\\/product\\\/tira-led-220v-120xled-m-20m-smd2835-1540lm-m-14w-m-ip67-corte-cada-10cm-2\\\/#breadcrumb\",\"itemListElement\":[{\"@type\":\"ListItem\",\"position\":1,\"name\":\"Portada\",\"item\":\"https:\\\/\\\/starlediluminacion.com\\\/\"},{\"@type\":\"ListItem\",\"position\":2,\"name\":\"Shop\",\"item\":\"https:\\\/\\\/starlediluminacion.com\\\/shop-2\\\/\"},{\"@type\":\"ListItem\",\"position\":3,\"name\":\"Tira LED 220V | 120xLED\\\/M | 20m | SMD2835 | 1540Lm\\\/M | 14W\\\/M | IP67 | Corte Cada 10cm\"}]},{\"@type\":\"WebSite\",\"@id\":\"https:\\\/\\\/starlediluminacion.com\\\/#website\",\"url\":\"https:\\\/\\\/starlediluminacion.com\\\/\",\"name\":\"STARLED Iluminacion\",\"description\":\"\",\"potentialAction\":[{\"@type\":\"SearchAction\",\"target\":{\"@type\":\"EntryPoint\",\"urlTemplate\":\"https:\\\/\\\/starlediluminacion.com\\\/?s={search_term_string}\"},\"query-input\":{\"@type\":\"PropertyValueSpecification\",\"valueRequired\":true,\"valueName\":\"search_term_string\"}}],\"inLanguage\":\"pt-PT\"}]}<\/script>\n<!-- \/ Yoast SEO plugin. -->","yoast_head_json":{"title":"Tira LED 220V | 120xLED\/M | 20m | SMD2835 | 1540Lm\/M | 14W\/M | IP67 | Corte Cada 10cm - STARLED Iluminacion","robots":{"index":"index","follow":"follow","max-snippet":"max-snippet:-1","max-image-preview":"max-image-preview:large","max-video-preview":"max-video-preview:-1"},"canonical":"https:\/\/starlediluminacion.com\/pt\/product\/tira-led-220v-120xled-m-20m-smd2835-1540lm-m-14w-m-ip67-corte-cada-10cm-2\/","og_locale":"pt_PT","og_type":"article","og_title":"Tira LED 220V | 120xLED\/M | 20m | SMD2835 | 1540Lm\/M | 14W\/M | IP67 | Corte Cada 10cm - STARLED Iluminacion","og_description":"Referencia: SLSP120D14W-91833      Tira led\u00a0PROFESIONAL\u00a014W\u00a0por metro,\u00a0de\u00a0220V\u00a0con una longitud\u00a020\u00a0metros.\u00a0Dise\u00f1ada para su colocaci\u00f3n en interior. Perfecta para ILUMINAR todo tipo de espacios. NO requiere de fuente de alimentaci\u00f3n y es conveniente instalarla sobre un perfil de aluminio para conseguir una buena disipaci\u00f3n del calor.\u00a010mm  120 Leds\/metro SMD2835 CHIP de alta potencia.  Temperatura de Color: 2300K\/2700K\/4000K\/5700K","og_url":"https:\/\/starlediluminacion.com\/pt\/product\/tira-led-220v-120xled-m-20m-smd2835-1540lm-m-14w-m-ip67-corte-cada-10cm-2\/","og_site_name":"STARLED Iluminacion","article_modified_time":"2024-06-16T14:49:18+00:00","og_image":[{"width":744,"height":800,"url":"https:\/\/starlediluminacion.com\/wp-content\/uploads\/2024\/01\/tira-led-220v-20m-smd2835-1540lmm-14wm-ip67-corte-cada-10cm.jpg","type":"image\/jpeg"}],"twitter_card":"summary_large_image","twitter_misc":{"Tempo estimado de leitura":"2 minutos"},"schema":{"@context":"https:\/\/schema.org","@graph":[{"@type":"WebPage","@id":"https:\/\/starlediluminacion.com\/pt\/product\/tira-led-220v-120xled-m-20m-smd2835-1540lm-m-14w-m-ip67-corte-cada-10cm-2\/","url":"https:\/\/starlediluminacion.com\/pt\/product\/tira-led-220v-120xled-m-20m-smd2835-1540lm-m-14w-m-ip67-corte-cada-10cm-2\/","name":"Tira LED 220V | 120xLED\/M | 20m | SMD2835 | 1540Lm\/M | 14W\/M | IP67 | Corte Cada 10cm - STARLED Iluminacion","isPartOf":{"@id":"https:\/\/starlediluminacion.com\/#website"},"primaryImageOfPage":{"@id":"https:\/\/starlediluminacion.com\/pt\/product\/tira-led-220v-120xled-m-20m-smd2835-1540lm-m-14w-m-ip67-corte-cada-10cm-2\/#primaryimage"},"image":{"@id":"https:\/\/starlediluminacion.com\/pt\/product\/tira-led-220v-120xled-m-20m-smd2835-1540lm-m-14w-m-ip67-corte-cada-10cm-2\/#primaryimage"},"thumbnailUrl":"https:\/\/starlediluminacion.com\/wp-content\/uploads\/2024\/01\/tira-led-220v-20m-smd2835-1540lmm-14wm-ip67-corte-cada-10cm.jpg","datePublished":"2024-01-04T15:06:47+00:00","dateModified":"2024-06-16T14:49:18+00:00","breadcrumb":{"@id":"https:\/\/starlediluminacion.com\/pt\/product\/tira-led-220v-120xled-m-20m-smd2835-1540lm-m-14w-m-ip67-corte-cada-10cm-2\/#breadcrumb"},"inLanguage":"pt-PT","potentialAction":[{"@type":"ReadAction","target":["https:\/\/starlediluminacion.com\/pt\/product\/tira-led-220v-120xled-m-20m-smd2835-1540lm-m-14w-m-ip67-corte-cada-10cm-2\/"]}]},{"@type":"ImageObject","inLanguage":"pt-PT","@id":"https:\/\/starlediluminacion.com\/pt\/product\/tira-led-220v-120xled-m-20m-smd2835-1540lm-m-14w-m-ip67-corte-cada-10cm-2\/#primaryimage","url":"https:\/\/starlediluminacion.com\/wp-content\/uploads\/2024\/01\/tira-led-220v-20m-smd2835-1540lmm-14wm-ip67-corte-cada-10cm.jpg","contentUrl":"https:\/\/starlediluminacion.com\/wp-content\/uploads\/2024\/01\/tira-led-220v-20m-smd2835-1540lmm-14wm-ip67-corte-cada-10cm.jpg","width":744,"height":800},{"@type":"BreadcrumbList","@id":"https:\/\/starlediluminacion.com\/pt\/product\/tira-led-220v-120xled-m-20m-smd2835-1540lm-m-14w-m-ip67-corte-cada-10cm-2\/#breadcrumb","itemListElement":[{"@type":"ListItem","position":1,"name":"Portada","item":"https:\/\/starlediluminacion.com\/"},{"@type":"ListItem","position":2,"name":"Shop","item":"https:\/\/starlediluminacion.com\/shop-2\/"},{"@type":"ListItem","position":3,"name":"Tira LED 220V | 120xLED\/M | 20m | SMD2835 | 1540Lm\/M | 14W\/M | IP67 | Corte Cada 10cm"}]},{"@type":"WebSite","@id":"https:\/\/starlediluminacion.com\/#website","url":"https:\/\/starlediluminacion.com\/","name":"STARLED Iluminacion","description":"","potentialAction":[{"@type":"SearchAction","target":{"@type":"EntryPoint","urlTemplate":"https:\/\/starlediluminacion.com\/?s={search_term_string}"},"query-input":{"@type":"PropertyValueSpecification","valueRequired":true,"valueName":"search_term_string"}}],"inLanguage":"pt-PT"}]}},"_links":{"self":[{"href":"https:\/\/starlediluminacion.com\/pt\/wp-json\/wp\/v3\/product\/12305","targetHints":{"allow":["GET"]}}],"collection":[{"href":"https:\/\/starlediluminacion.com\/pt\/wp-json\/wp\/v3\/product"}],"about":[{"href":"https:\/\/starlediluminacion.com\/pt\/wp-json\/wp\/v2\/types\/product"}],"wp:featuredmedia":[{"embeddable":true,"href":"https:\/\/starlediluminacion.com\/pt\/wp-json\/wp\/v2\/media\/12317"}],"wp:attachment":[{"href":"https:\/\/starlediluminacion.com\/pt\/wp-json\/wp\/v2\/media?parent=12305"}],"wp:term":[{"taxonomy":"product_cat","embeddable":true,"href":"https:\/\/starlediluminacion.com\/pt\/wp-json\/wp\/v2\/product_cat?post=12305"},{"taxonomy":"product_tag","embeddable":true,"href":"https:\/\/starlediluminacion.com\/pt\/wp-json\/wp\/v2\/product_tag?post=12305"}],"curies":[{"name":"wp","href":"https:\/\/api.w.org\/{rel}","templated":true}]}}