{"id":12283,"date":"2024-01-04T14:50:40","date_gmt":"2024-01-04T14:50:40","guid":{"rendered":"https:\/\/starlediluminacion.com\/?post_type=product&#038;p=12283"},"modified":"2024-03-28T12:45:23","modified_gmt":"2024-03-28T12:45:23","slug":"farola-led-solar-3x1-500lm-con-sensor-de-movimiento","status":"publish","type":"product","link":"https:\/\/starlediluminacion.com\/pt\/product\/candeeiro-de-rua-solar-3x1-500lm-com-sensor-de-movimento\/","title":{"rendered":"<p>Candeeiro de rua solar LED 3X1 - 500Lm - Com sensor de movimento<\/p>"},"content":{"rendered":"<h1>Luz de rua solar LED 3X1 - 500Lm - com sensor de movimento<p>O candeeiro de rua 3\u00d71 Solar LED \u00e9 uma solu\u00e7\u00e3o inovadora e sustent\u00e1vel que proporciona uma ilumina\u00e7\u00e3o eficiente e amiga do ambiente. Concebida para se adaptar a uma variedade de instala\u00e7\u00f5es, esta lumin\u00e1ria vers\u00e1til pode ser montada de tr\u00eas formas diferentes: na parede, numa coluna de ilumina\u00e7\u00e3o p\u00fablica LED ou num suporte de ilumina\u00e7\u00e3o p\u00fablica LED com detetor de movimento.<\/p><p>A sua fonte de energia prov\u00e9m de pain\u00e9is solares integrados, o que o torna uma op\u00e7\u00e3o ecol\u00f3gica ao aproveitar a energia solar para alimentar os seus LEDs de elevada efici\u00eancia. Este facto n\u00e3o s\u00f3 contribui para a conserva\u00e7\u00e3o dos recursos, como tamb\u00e9m reduz significativamente os custos de energia ao longo do tempo.<\/p><p>O design modular e robusto do candeeiro de rua Solar LED garante uma instala\u00e7\u00e3o f\u00e1cil e uma durabilidade a longo prazo. A sua capacidade de adapta\u00e7\u00e3o a diferentes locais torna-a uma escolha vers\u00e1til para a ilumina\u00e7\u00e3o de ruas, parques, jardins e \u00e1reas residenciais.<\/p><p>O detetor de movimento incorporado acrescenta um n\u00edvel extra de efici\u00eancia ao ativar a ilumina\u00e7\u00e3o apenas quando \u00e9 detectado movimento, o que n\u00e3o s\u00f3 poupa energia, como tamb\u00e9m proporciona uma seguran\u00e7a acrescida ao iluminar automaticamente as \u00e1reas quando necess\u00e1rio.<\/p><p>Com um estilo moderno e atrativo, este candeeiro de rua Solar LED n\u00e3o s\u00f3 cumpre as normas de efici\u00eancia energ\u00e9tica, como tamb\u00e9m d\u00e1 um toque est\u00e9tico a qualquer ambiente. Descubra a combina\u00e7\u00e3o perfeita de funcionalidade, sustentabilidade e design com o candeeiro de rua Solar LED adapt\u00e1vel \u00e0s suas necessidades de ilumina\u00e7\u00e3o.<\/p><p>Al\u00e9m disso, pode beneficiar das vantagens deste&nbsp;<strong>Ilumina\u00e7\u00e3o p\u00fablica 3X1<\/strong>&nbsp;pois algumas das suas vantagens s\u00e3o que, gra\u00e7as \u00e0 sua avan\u00e7ada tecnologia LED, conseguir\u00e1 uma grande sa\u00edda de luz.<\/p><ol>\n<li>Economia nos custos de manuten\u00e7\u00e3o.<\/li>\n<li>Ideal como um substituto para l\u00e2mpadas de rua antigas.<\/li>\n<li>Tem uma protec\u00e7\u00e3o&nbsp;<strong>IP65.<\/strong><\/li>\n<li>N\u00e3o \u00e9 necess\u00e1ria fonte de alimenta\u00e7\u00e3o externa.<\/li>\n<li>N\u00e3o \u00e9 necess\u00e1ria instala\u00e7\u00e3o de cablagem.<\/li>\n<\/ol><p>Fazer uso de um&nbsp;<strong>energia<\/strong>&nbsp;limpo e&nbsp;<strong>renov\u00e1vel<\/strong>&nbsp;porque este painel capta o calor produzido pelo sol durante o dia e converte-o em energia, carregando assim a sua bateria, e \u00e0 noite o m\u00f3dulo LED acende-se utilizando a energia armazenada.<\/p><p>A instala\u00e7\u00e3o \u00e9 muito simples.<\/p><p>A versatilidade de instala\u00e7\u00e3o permite que a lanterna se adapte perfeitamente a qualquer ambiente. Pode ser montada na parede para iluminar \u00e1reas espec\u00edficas, numa coluna para uma ilumina\u00e7\u00e3o mais ampla e mais focada, ou num suporte de lanterna LED para real\u00e7ar caminhos e \u00e1reas exteriores.<\/p><p>Uma vez instalada, s\u00f3 tem de esperar que o sol carregue as suas baterias e \u00e0 noite ligar-se-\u00e1 automaticamente, de modo a oferecer-lhe a luz de que necessita no local onde a instalou. Tamb\u00e9m se desliga automaticamente quando detecta o nascer do sol.<\/p><p>Obtenha-o agora na nossa loja online, n\u00e3o o perca e comece a&nbsp;<strong>SALVAR!<\/strong><\/p><h3><strong>Funcionamento da luz solar de rua:<\/strong><\/h3><ul>\n<li>Funcionamento normal a 20% e, em caso de dete\u00e7\u00e3o de presen\u00e7a, funciona a 100% durante cerca de 15 segundos.<\/li>\n<\/ul><h2>Usos do produto<\/h2><ul>\n<li>Jardins<\/li>\n<li>Parques p\u00fablicos<\/li>\n<li>Estradas<\/li>\n<li>Ruas<\/li>\n<li>Lugares?<\/li>\n<\/ul><h3 class=\"h6\">Folha de dados do produto<\/h3><dl class=\"data-sheet\">\n<dt class=\"name\"><img loading=\"lazy\" decoding=\"async\" src=\"https:\/\/www.factorled.com\/modules\/oa_features\/img\/2-default.jpg\" width=\"32\" height=\"32\">&nbsp;REFER\u00caNCIA<\/dt>\n<dd class=\"value\">SL-CW-91798<\/dd>\n<dt class=\"name\"><img loading=\"lazy\" decoding=\"async\" src=\"https:\/\/www.factorled.com\/modules\/oa_features\/img\/3-default.jpg\" width=\"32\" height=\"32\">&nbsp;Pot\u00eancia nominal<\/dt>\n<dd class=\"value\">4W<\/dd>\n<dt class=\"name\"><img loading=\"lazy\" decoding=\"async\" src=\"https:\/\/www.factorled.com\/modules\/oa_features\/img\/4-default.jpg\" width=\"32\" height=\"32\">&nbsp;Tens\u00e3o nominal<\/dt>\n<dd class=\"value\">3,7V 6A i\u00f5es de l\u00edtio<\/dd>\n<dt class=\"name\"><img loading=\"lazy\" decoding=\"async\" src=\"https:\/\/www.factorled.com\/modules\/oa_features\/img\/5-default.jpg\" width=\"32\" height=\"32\">&nbsp;Temperatura da luz<\/dt>\n<dd class=\"value\">6000K<\/dd>\n<dt class=\"name\"><img loading=\"lazy\" decoding=\"async\" src=\"https:\/\/www.factorled.com\/modules\/oa_features\/img\/6-default.jpg\" width=\"32\" height=\"32\">&nbsp;CRI - \u00cdndice de restitui\u00e7\u00e3o de cor<\/dt>\n<dd class=\"value\">72<\/dd>\n<dt class=\"name\"><img loading=\"lazy\" decoding=\"async\" src=\"https:\/\/www.factorled.com\/modules\/oa_features\/img\/25-default.jpg\" width=\"32\" height=\"32\">&nbsp;Material de constru\u00e7\u00e3o<\/dt>\n<dd class=\"value\">Alum\u00ednio +PC<\/dd>\n<dt class=\"name\"><img loading=\"lazy\" decoding=\"async\" src=\"https:\/\/www.factorled.com\/modules\/oa_features\/img\/8-default.jpg\" width=\"32\" height=\"32\">&nbsp;Luminosidade-Lm<\/dt>\n<dd class=\"value\">520Lm<\/dd>\n<dt class=\"name\"><img loading=\"lazy\" decoding=\"async\" src=\"https:\/\/www.factorled.com\/modules\/oa_features\/img\/9-default.jpg\" width=\"32\" height=\"32\">&nbsp;Tipo de LED<\/dt>\n<dd class=\"value\">SMD 2835<\/dd>\n<dt class=\"name\"><img loading=\"lazy\" decoding=\"async\" src=\"https:\/\/www.factorled.com\/modules\/oa_features\/img\/10-default.jpg\" width=\"32\" height=\"32\">&nbsp;\u00c2ngulo de abertura (\u00ba)<\/dt>\n<dd class=\"value\">90\u00ba x 110\u00ba.<\/dd>\n<dt class=\"name\"><img loading=\"lazy\" decoding=\"async\" src=\"https:\/\/www.factorled.com\/modules\/oa_features\/img\/15-default.jpg\" width=\"32\" height=\"32\">&nbsp;Certificados<\/dt>\n<dd class=\"value\">CE - ROHS<\/dd>\n<dt class=\"name\"><img loading=\"lazy\" decoding=\"async\" src=\"https:\/\/www.factorled.com\/modules\/oa_features\/img\/16-default.jpg\" width=\"32\" height=\"32\">&nbsp;Classifica\u00e7\u00e3o IP<\/dt>\n<dd class=\"value\">IP65-Outdoor<\/dd>\n<dt class=\"name\"><img loading=\"lazy\" decoding=\"async\" src=\"https:\/\/www.factorled.com\/modules\/oa_features\/img\/17-default.jpg\" width=\"32\" height=\"32\">&nbsp;Vida \u00fatil estimada D\u00edodo LED (H)<\/dt>\n<dd class=\"value\">100.000<\/dd>\n<dt class=\"name\"><img loading=\"lazy\" decoding=\"async\" src=\"https:\/\/www.factorled.com\/modules\/oa_features\/img\/18-default.jpg\" width=\"32\" height=\"32\">&nbsp;Medidas (Mm)<\/dt>\n<dd class=\"value\">430x195x70mm<\/dd>\n<dt class=\"name\"><img loading=\"lazy\" decoding=\"async\" src=\"https:\/\/www.factorled.com\/modules\/oa_features\/img\/22-default.jpg\" width=\"32\" height=\"32\">&nbsp;Gama de temperaturas (\u00baC)<\/dt>\n<dd class=\"value\">-20\u00baC - +40\u00baC<\/dd>\n<dt class=\"name\"><img loading=\"lazy\" decoding=\"async\" src=\"https:\/\/www.factorled.com\/modules\/oa_features\/img\/24-default.jpg\" width=\"32\" height=\"32\">&nbsp;Tempo de arranque (S)<\/dt>\n<dd class=\"value\">0,2s<\/dd>\n<dt class=\"name\"><img loading=\"lazy\" decoding=\"async\" src=\"https:\/\/www.factorled.com\/modules\/oa_features\/img\/26-default.jpg\" width=\"32\" height=\"32\">&nbsp;Informa\u00e7\u00f5es adicionais<\/dt>\n<dd class=\"value\">Painel solar: Monocristalino Classe: A - 9V 20W<\/dd>\n<dt class=\"name\"><img loading=\"lazy\" decoding=\"async\" src=\"https:\/\/www.factorled.com\/modules\/oa_features\/img\/28-default.jpg\" width=\"32\" height=\"32\">&nbsp;Material da bateria<\/dt>\n<dd class=\"value\">LiFePO4 - L\u00edtio-Ferrofosfato -LPF 16AH 6.4V<\/dd>\n<dt class=\"name\"><img loading=\"lazy\" decoding=\"async\" src=\"https:\/\/www.factorled.com\/modules\/oa_features\/img\/29-default.jpg\" width=\"32\" height=\"32\">&nbsp;Tempo de descarga (H)<\/dt>\n<dd class=\"value\">24h. (2 dias)<\/dd>\n<dt class=\"name\"><img loading=\"lazy\" decoding=\"async\" src=\"https:\/\/www.factorled.com\/modules\/oa_features\/img\/37-default.jpg\" width=\"32\" height=\"32\">&nbsp;Modos de controlo<\/dt>\n<dd class=\"value\">RADAR<\/dd>\n<dt class=\"name\"><img loading=\"lazy\" decoding=\"async\" src=\"https:\/\/www.factorled.com\/modules\/oa_features\/img\/73-default.jpg\" width=\"32\" height=\"32\">&nbsp;Prote\u00e7\u00e3o contra impactos (IK)<\/dt>\n<dd class=\"value\">IK10<\/dd>\n<dt class=\"name\"><img loading=\"lazy\" decoding=\"async\" src=\"https:\/\/www.factorled.com\/modules\/oa_features\/img\/101-default.jpg\" width=\"32\" height=\"32\">&nbsp;Classe energ\u00e9tica (2023 - UE-2019\/2015)<\/dt>\n<dd class=\"value\">A<\/dd>\n<dt class=\"name\"><img loading=\"lazy\" decoding=\"async\" src=\"https:\/\/www.factorled.com\/modules\/oa_features\/img\/75-default.jpg\" width=\"32\" height=\"32\">&nbsp;Anos de garantia<\/dt>\n<dd class=\"value\">3 anos<\/dd>\n<dt class=\"name\"><img loading=\"lazy\" decoding=\"async\" src=\"https:\/\/www.factorled.com\/modules\/oa_features\/img\/78-default.jpg\" width=\"32\" height=\"32\">&nbsp;Tempo de liga\u00e7\u00e3o<\/dt>\n<dd class=\"value\">Detetor Normal: 20% - Com pessoas: 100% 15s.<\/dd>\n<\/dl><\/h1>","protected":false},"excerpt":{"rendered":"<div class=\"product-reference\"><strong><label class=\"label\">Refer\u00eancia:<\/label> SLSL-CW-91798<\/strong>\n<div><\/div>\n<div class=\"product-description-short\">\n<div id=\"product-description-short-3220\">\n<p>O nosso&nbsp;<strong>Candeeiro de rua solar 3X1<\/strong>&nbsp;tem a versatilidade de instala\u00e7\u00e3o que permite que a lanterna se adapte perfeitamente a qualquer ambiente. Pode ser montada na parede para iluminar \u00e1reas espec\u00edficas, numa coluna para uma ilumina\u00e7\u00e3o mais ampla e mais focada, ou num suporte de lanterna LED para real\u00e7ar caminhos e \u00e1reas exteriores. Fabricada com materiais resistentes \u00e0s intemp\u00e9ries, esta lanterna apresenta um design elegante que combina funcionalidade e est\u00e9tica. A sua constru\u00e7\u00e3o robusta garante uma longa vida \u00fatil e resist\u00eancia a condi\u00e7\u00f5es climat\u00e9ricas adversas.<\/p>\n<\/div>\n<\/div><\/div>","protected":false},"featured_media":12289,"template":"","meta":{"site-sidebar-layout":"default","site-content-layout":"default","ast-global-header-display":"","ast-main-header-display":"","ast-hfb-above-header-display":"","ast-hfb-below-header-display":"","ast-hfb-mobile-header-display":"","site-post-title":"","ast-breadcrumbs-content":"","ast-featured-img":"","footer-sml-layout":"","theme-transparent-header-meta":"default","adv-header-id-meta":"","stick-header-meta":"","header-above-stick-meta":"","header-main-stick-meta":"","header-below-stick-meta":""},"product_cat":[97,30],"product_tag":[],"class_list":["post-12283","product","type-product","status-publish","has-post-thumbnail","hentry","product_cat-farolas-led-solares","product_cat-iluminacion-publica-y-vial"],"yoast_head":"<!-- This site is optimized with the Yoast SEO plugin v27.4 - https:\/\/yoast.com\/product\/yoast-seo-wordpress\/ -->\n<title>Farola LED Solar 3X1 - 500Lm - Con Sensor De Movimiento - STARLED Iluminacion<\/title>\n<meta name=\"robots\" content=\"index, follow, max-snippet:-1, max-image-preview:large, max-video-preview:-1\" \/>\n<link rel=\"canonical\" href=\"https:\/\/starlediluminacion.com\/pt\/product\/candeeiro-de-rua-solar-3x1-500lm-com-sensor-de-movimento\/\" \/>\n<meta property=\"og:locale\" content=\"pt_PT\" \/>\n<meta property=\"og:type\" content=\"article\" \/>\n<meta property=\"og:title\" content=\"Farola LED Solar 3X1 - 500Lm - Con Sensor De Movimiento - STARLED Iluminacion\" \/>\n<meta property=\"og:description\" content=\"Referencia: SLSL-CW-91798      Nuestra\u00a0Farola Solar 3X1\u00a0tiene la versatilidad de instalaci\u00f3n permite que la farola se adapte perfectamente a cualquier entorno. Puede ser montada en la pared para iluminar \u00e1reas espec\u00edficas, en una columna para una iluminaci\u00f3n m\u00e1s amplia y focalizada, o en un soporte para farola LED para destacar caminos y \u00e1reas al aire libre.\u00a0Fabricada con materiales resistentes a la intemperie, esta farola presenta un dise\u00f1o estilizado que combina funcionalidad y est\u00e9tica. Su construcci\u00f3n robusta garantiza una larga vida \u00fatil y resistencia a las condiciones clim\u00e1ticas adversas.\" \/>\n<meta property=\"og:url\" content=\"https:\/\/starlediluminacion.com\/pt\/product\/candeeiro-de-rua-solar-3x1-500lm-com-sensor-de-movimento\/\" \/>\n<meta property=\"og:site_name\" content=\"STARLED Iluminacion\" \/>\n<meta property=\"article:modified_time\" content=\"2024-03-28T12:45:23+00:00\" \/>\n<meta property=\"og:image\" content=\"https:\/\/starlediluminacion.com\/wp-content\/uploads\/2024\/01\/farola-led-4w-solar-3x1-con-sensor-de-movimiento.jpg\" \/>\n\t<meta property=\"og:image:width\" content=\"744\" \/>\n\t<meta property=\"og:image:height\" content=\"800\" \/>\n\t<meta property=\"og:image:type\" content=\"image\/jpeg\" \/>\n<meta name=\"twitter:card\" content=\"summary_large_image\" \/>\n<meta name=\"twitter:label1\" content=\"Tempo estimado de leitura\" \/>\n\t<meta name=\"twitter:data1\" content=\"3 minutos\" \/>\n<script type=\"application\/ld+json\" class=\"yoast-schema-graph\">{\"@context\":\"https:\\\/\\\/schema.org\",\"@graph\":[{\"@type\":\"WebPage\",\"@id\":\"https:\\\/\\\/starlediluminacion.com\\\/producto\\\/farola-led-solar-3x1-500lm-con-sensor-de-movimiento\\\/\",\"url\":\"https:\\\/\\\/starlediluminacion.com\\\/producto\\\/farola-led-solar-3x1-500lm-con-sensor-de-movimiento\\\/\",\"name\":\"Farola LED Solar 3X1 - 500Lm - Con Sensor De Movimiento - STARLED Iluminacion\",\"isPartOf\":{\"@id\":\"https:\\\/\\\/starlediluminacion.com\\\/#website\"},\"primaryImageOfPage\":{\"@id\":\"https:\\\/\\\/starlediluminacion.com\\\/producto\\\/farola-led-solar-3x1-500lm-con-sensor-de-movimiento\\\/#primaryimage\"},\"image\":{\"@id\":\"https:\\\/\\\/starlediluminacion.com\\\/producto\\\/farola-led-solar-3x1-500lm-con-sensor-de-movimiento\\\/#primaryimage\"},\"thumbnailUrl\":\"https:\\\/\\\/starlediluminacion.com\\\/wp-content\\\/uploads\\\/2024\\\/01\\\/farola-led-4w-solar-3x1-con-sensor-de-movimiento.jpg\",\"datePublished\":\"2024-01-04T14:50:40+00:00\",\"dateModified\":\"2024-03-28T12:45:23+00:00\",\"breadcrumb\":{\"@id\":\"https:\\\/\\\/starlediluminacion.com\\\/producto\\\/farola-led-solar-3x1-500lm-con-sensor-de-movimiento\\\/#breadcrumb\"},\"inLanguage\":\"pt-PT\",\"potentialAction\":[{\"@type\":\"ReadAction\",\"target\":[\"https:\\\/\\\/starlediluminacion.com\\\/producto\\\/farola-led-solar-3x1-500lm-con-sensor-de-movimiento\\\/\"]}]},{\"@type\":\"ImageObject\",\"inLanguage\":\"pt-PT\",\"@id\":\"https:\\\/\\\/starlediluminacion.com\\\/producto\\\/farola-led-solar-3x1-500lm-con-sensor-de-movimiento\\\/#primaryimage\",\"url\":\"https:\\\/\\\/starlediluminacion.com\\\/wp-content\\\/uploads\\\/2024\\\/01\\\/farola-led-4w-solar-3x1-con-sensor-de-movimiento.jpg\",\"contentUrl\":\"https:\\\/\\\/starlediluminacion.com\\\/wp-content\\\/uploads\\\/2024\\\/01\\\/farola-led-4w-solar-3x1-con-sensor-de-movimiento.jpg\",\"width\":744,\"height\":800},{\"@type\":\"BreadcrumbList\",\"@id\":\"https:\\\/\\\/starlediluminacion.com\\\/producto\\\/farola-led-solar-3x1-500lm-con-sensor-de-movimiento\\\/#breadcrumb\",\"itemListElement\":[{\"@type\":\"ListItem\",\"position\":1,\"name\":\"Portada\",\"item\":\"https:\\\/\\\/starlediluminacion.com\\\/\"},{\"@type\":\"ListItem\",\"position\":2,\"name\":\"Shop\",\"item\":\"https:\\\/\\\/starlediluminacion.com\\\/shop-2\\\/\"},{\"@type\":\"ListItem\",\"position\":3,\"name\":\"Farola LED Solar 3X1 &#8211; 500Lm &#8211; Con Sensor De Movimiento\"}]},{\"@type\":\"WebSite\",\"@id\":\"https:\\\/\\\/starlediluminacion.com\\\/#website\",\"url\":\"https:\\\/\\\/starlediluminacion.com\\\/\",\"name\":\"STARLED Iluminacion\",\"description\":\"\",\"potentialAction\":[{\"@type\":\"SearchAction\",\"target\":{\"@type\":\"EntryPoint\",\"urlTemplate\":\"https:\\\/\\\/starlediluminacion.com\\\/?s={search_term_string}\"},\"query-input\":{\"@type\":\"PropertyValueSpecification\",\"valueRequired\":true,\"valueName\":\"search_term_string\"}}],\"inLanguage\":\"pt-PT\"}]}<\/script>\n<!-- \/ Yoast SEO plugin. -->","yoast_head_json":{"title":"Farola LED Solar 3X1 - 500Lm - Con Sensor De Movimiento - STARLED Iluminacion","robots":{"index":"index","follow":"follow","max-snippet":"max-snippet:-1","max-image-preview":"max-image-preview:large","max-video-preview":"max-video-preview:-1"},"canonical":"https:\/\/starlediluminacion.com\/pt\/product\/candeeiro-de-rua-solar-3x1-500lm-com-sensor-de-movimento\/","og_locale":"pt_PT","og_type":"article","og_title":"Farola LED Solar 3X1 - 500Lm - Con Sensor De Movimiento - STARLED Iluminacion","og_description":"Referencia: SLSL-CW-91798      Nuestra\u00a0Farola Solar 3X1\u00a0tiene la versatilidad de instalaci\u00f3n permite que la farola se adapte perfectamente a cualquier entorno. Puede ser montada en la pared para iluminar \u00e1reas espec\u00edficas, en una columna para una iluminaci\u00f3n m\u00e1s amplia y focalizada, o en un soporte para farola LED para destacar caminos y \u00e1reas al aire libre.\u00a0Fabricada con materiales resistentes a la intemperie, esta farola presenta un dise\u00f1o estilizado que combina funcionalidad y est\u00e9tica. Su construcci\u00f3n robusta garantiza una larga vida \u00fatil y resistencia a las condiciones clim\u00e1ticas adversas.","og_url":"https:\/\/starlediluminacion.com\/pt\/product\/candeeiro-de-rua-solar-3x1-500lm-com-sensor-de-movimento\/","og_site_name":"STARLED Iluminacion","article_modified_time":"2024-03-28T12:45:23+00:00","og_image":[{"width":744,"height":800,"url":"https:\/\/starlediluminacion.com\/wp-content\/uploads\/2024\/01\/farola-led-4w-solar-3x1-con-sensor-de-movimiento.jpg","type":"image\/jpeg"}],"twitter_card":"summary_large_image","twitter_misc":{"Tempo estimado de leitura":"3 minutos"},"schema":{"@context":"https:\/\/schema.org","@graph":[{"@type":"WebPage","@id":"https:\/\/starlediluminacion.com\/producto\/farola-led-solar-3x1-500lm-con-sensor-de-movimiento\/","url":"https:\/\/starlediluminacion.com\/producto\/farola-led-solar-3x1-500lm-con-sensor-de-movimiento\/","name":"Farola LED Solar 3X1 - 500Lm - Con Sensor De Movimiento - STARLED Iluminacion","isPartOf":{"@id":"https:\/\/starlediluminacion.com\/#website"},"primaryImageOfPage":{"@id":"https:\/\/starlediluminacion.com\/producto\/farola-led-solar-3x1-500lm-con-sensor-de-movimiento\/#primaryimage"},"image":{"@id":"https:\/\/starlediluminacion.com\/producto\/farola-led-solar-3x1-500lm-con-sensor-de-movimiento\/#primaryimage"},"thumbnailUrl":"https:\/\/starlediluminacion.com\/wp-content\/uploads\/2024\/01\/farola-led-4w-solar-3x1-con-sensor-de-movimiento.jpg","datePublished":"2024-01-04T14:50:40+00:00","dateModified":"2024-03-28T12:45:23+00:00","breadcrumb":{"@id":"https:\/\/starlediluminacion.com\/producto\/farola-led-solar-3x1-500lm-con-sensor-de-movimiento\/#breadcrumb"},"inLanguage":"pt-PT","potentialAction":[{"@type":"ReadAction","target":["https:\/\/starlediluminacion.com\/producto\/farola-led-solar-3x1-500lm-con-sensor-de-movimiento\/"]}]},{"@type":"ImageObject","inLanguage":"pt-PT","@id":"https:\/\/starlediluminacion.com\/producto\/farola-led-solar-3x1-500lm-con-sensor-de-movimiento\/#primaryimage","url":"https:\/\/starlediluminacion.com\/wp-content\/uploads\/2024\/01\/farola-led-4w-solar-3x1-con-sensor-de-movimiento.jpg","contentUrl":"https:\/\/starlediluminacion.com\/wp-content\/uploads\/2024\/01\/farola-led-4w-solar-3x1-con-sensor-de-movimiento.jpg","width":744,"height":800},{"@type":"BreadcrumbList","@id":"https:\/\/starlediluminacion.com\/producto\/farola-led-solar-3x1-500lm-con-sensor-de-movimiento\/#breadcrumb","itemListElement":[{"@type":"ListItem","position":1,"name":"Portada","item":"https:\/\/starlediluminacion.com\/"},{"@type":"ListItem","position":2,"name":"Shop","item":"https:\/\/starlediluminacion.com\/shop-2\/"},{"@type":"ListItem","position":3,"name":"Farola LED Solar 3X1 &#8211; 500Lm &#8211; Con Sensor De Movimiento"}]},{"@type":"WebSite","@id":"https:\/\/starlediluminacion.com\/#website","url":"https:\/\/starlediluminacion.com\/","name":"STARLED Iluminacion","description":"","potentialAction":[{"@type":"SearchAction","target":{"@type":"EntryPoint","urlTemplate":"https:\/\/starlediluminacion.com\/?s={search_term_string}"},"query-input":{"@type":"PropertyValueSpecification","valueRequired":true,"valueName":"search_term_string"}}],"inLanguage":"pt-PT"}]}},"_links":{"self":[{"href":"https:\/\/starlediluminacion.com\/pt\/wp-json\/wp\/v3\/product\/12283","targetHints":{"allow":["GET"]}}],"collection":[{"href":"https:\/\/starlediluminacion.com\/pt\/wp-json\/wp\/v3\/product"}],"about":[{"href":"https:\/\/starlediluminacion.com\/pt\/wp-json\/wp\/v2\/types\/product"}],"wp:featuredmedia":[{"embeddable":true,"href":"https:\/\/starlediluminacion.com\/pt\/wp-json\/wp\/v2\/media\/12289"}],"wp:attachment":[{"href":"https:\/\/starlediluminacion.com\/pt\/wp-json\/wp\/v2\/media?parent=12283"}],"wp:term":[{"taxonomy":"product_cat","embeddable":true,"href":"https:\/\/starlediluminacion.com\/pt\/wp-json\/wp\/v2\/product_cat?post=12283"},{"taxonomy":"product_tag","embeddable":true,"href":"https:\/\/starlediluminacion.com\/pt\/wp-json\/wp\/v2\/product_tag?post=12283"}],"curies":[{"name":"wp","href":"https:\/\/api.w.org\/{rel}","templated":true}]}}