{"id":11944,"date":"2023-12-05T15:36:27","date_gmt":"2023-12-05T15:36:27","guid":{"rendered":"https:\/\/starlediluminacion.com\/?post_type=product&#038;p=11944"},"modified":"2024-06-16T14:41:09","modified_gmt":"2024-06-16T14:41:09","slug":"aro-marco-negro-triple-orientable-para-gu10-2","status":"publish","type":"product","link":"https:\/\/starlediluminacion.com\/pt\/product\/anel-de-armacao-preto-triplo-orientavel-preto-para-gu10-2\/","title":{"rendered":"<p>PRETO - TRIPLO - Ajust\u00e1vel para GU10<\/p>"},"content":{"rendered":"<h1>PRETO - TRIPLO - ajust\u00e1vel para GU10<p>O&nbsp;<strong>anel girat\u00f3rio preto<\/strong>&nbsp;para&nbsp;<strong>GU10&nbsp;<\/strong>\u00e9 um aparelho de ilumina\u00e7\u00e3o elegante e funcional, concebido para proporcionar uma solu\u00e7\u00e3o de ilumina\u00e7\u00e3o interior flex\u00edvel e precisa.<\/p><p>O&nbsp;<strong>moldura preta tripla&nbsp;<\/strong>para m\u00f3dulos LED GU10 e dicr\u00f3icos, tem um acabamento elegante que se integra perfeitamente em qualquer decora\u00e7\u00e3o interior e d\u00e1 um toque de sofistica\u00e7\u00e3o. Al\u00e9m disso, o seu tamanho compacto e o seu peso reduzido facilitam a instala\u00e7\u00e3o e o manuseamento.<\/p><p>Uma das principais vantagens do anel branco triplo girat\u00f3rio \u00e9 o facto de permitir a utiliza\u00e7\u00e3o de at\u00e9 tr\u00eas l\u00e2mpadas GU10 em vez de uma ou duas. Isto significa que obt\u00e9m uma ilumina\u00e7\u00e3o ainda mais brilhante e mais ampla em compara\u00e7\u00e3o com aros mais pequenos. Se necessitar de mais luz ou se quiser cobrir uma \u00e1rea maior, o anel girat\u00f3rio triplo dar-lhe-\u00e1 mais sa\u00edda de luz e uma distribui\u00e7\u00e3o mais uniforme da luz no espa\u00e7o. E como \u00e9 ajust\u00e1vel, pode ajustar a dire\u00e7\u00e3o de cada anel individualmente para adaptar a ilumina\u00e7\u00e3o \u00e0s suas necessidades espec\u00edficas, dando-lhe maior flexibilidade no design da ilumina\u00e7\u00e3o do seu ambiente.<\/p><p>O anel \u00e9 feito de PC (policarbonato) e tem v\u00e1rias vantagens para utiliza\u00e7\u00e3o em zonas h\u00famidas ou costeiras:<\/p><ol>\n<li>Resist\u00eancia \u00e0 humidade: O material de PC utilizado no fabrico do aro tem propriedades resistentes \u00e0 humidade. Isto significa que pode suportar condi\u00e7\u00f5es de humidade elevada sem danos ou corros\u00e3o, tornando-o adequado para utiliza\u00e7\u00e3o em \u00e1reas com n\u00edveis de humidade mais elevados.<\/li>\n<li>Prote\u00e7\u00e3o contra a corros\u00e3o: Sendo feito de PC, o anel de arma\u00e7\u00e3o triplo BLACK \u00e9 resistente \u00e0 corros\u00e3o causada pela exposi\u00e7\u00e3o \u00e0 \u00e1gua salgada nas zonas costeiras. Isto permite-lhe manter o seu aspeto e funcionalidade mesmo em ambientes marinhos adversos.<\/li>\n<li>Durabilidade: O material PC utilizado no seu fabrico \u00e9 conhecido pela sua durabilidade e resist\u00eancia ao impacto. Isto torna o aro capaz de resistir a condi\u00e7\u00f5es adversas, como ventos fortes, salpicos de \u00e1gua ou areia, t\u00edpicos das zonas costeiras.<\/li>\n<\/ol><p>&nbsp;<\/p><p>Esta estrutura foi especificamente concebida para acomodar at\u00e9 tr\u00eas l\u00e2mpadas GU10 e m\u00f3dulos LED dicr\u00f3icos, que podem ser facilmente instalados e substitu\u00eddos gra\u00e7as ao seu mecanismo de fixa\u00e7\u00e3o simples e seguro.<\/p><h3 class=\"h6\">Folha de dados do produto<\/h3><dl class=\"data-sheet\">\n<dt class=\"name\"><img loading=\"lazy\" decoding=\"async\" src=\"https:\/\/www.factorled.com\/modules\/oa_features\/img\/2-default.jpg\" width=\"32\" height=\"32\">&nbsp;REFER\u00caNCIA<\/dt>\n<dd class=\"value\">91806<\/dd>\n<dt class=\"name\"><img loading=\"lazy\" decoding=\"async\" src=\"https:\/\/www.factorled.com\/modules\/oa_features\/img\/25-default.jpg\" width=\"32\" height=\"32\">&nbsp;Material de constru\u00e7\u00e3o<\/dt>\n<dd class=\"value\">Policarbonato<\/dd>\n<dt class=\"name\"><img loading=\"lazy\" decoding=\"async\" src=\"https:\/\/www.factorled.com\/modules\/oa_features\/img\/14-default.jpg\" width=\"32\" height=\"32\">&nbsp;Tampa<\/dt>\n<dd class=\"value\">GU10 - MR16<\/dd>\n<dt class=\"name\"><img loading=\"lazy\" decoding=\"async\" src=\"https:\/\/www.factorled.com\/modules\/oa_features\/img\/15-default.jpg\" width=\"32\" height=\"32\">&nbsp;Certificados<\/dt>\n<dd class=\"value\">CE<\/dd>\n<dt class=\"name\"><img loading=\"lazy\" decoding=\"async\" src=\"https:\/\/www.factorled.com\/modules\/oa_features\/img\/18-default.jpg\" width=\"32\" height=\"32\">&nbsp;Medidas (Mm)<\/dt>\n<dd class=\"value\">93 x 255 x 25 mm<\/dd>\n<dt class=\"name\"><img loading=\"lazy\" decoding=\"async\" src=\"https:\/\/www.factorled.com\/modules\/oa_features\/img\/27-default.jpg\" width=\"32\" height=\"32\">&nbsp;Corte no teto (Mm)<\/dt>\n<dd class=\"value\">75 x 232 mm<\/dd>\n<dt class=\"name\"><img loading=\"lazy\" decoding=\"async\" src=\"https:\/\/www.factorled.com\/modules\/oa_features\/img\/75-default.jpg\" width=\"32\" height=\"32\">&nbsp;Anos de garantia<\/dt>\n<dd class=\"value\">3<\/dd>\n<\/dl><\/h1>","protected":false},"excerpt":{"rendered":"<div class=\"product-reference\"><label class=\"label\">Refer\u00eancia:<\/label> <strong>SL91806<\/strong>\n<div><\/div>\n<div class=\"product-description-short\">\n<div id=\"product-description-short-3172\">\n<p>O&nbsp;<strong>Anel preto&nbsp;<\/strong><strong>Triplo ajust\u00e1vel&nbsp;<\/strong>para<strong>&nbsp;GU10&nbsp;<\/strong>em policarbonato,<strong>&nbsp;<\/strong>\u00e9 uma solu\u00e7\u00e3o elegante e funcional para a ilumina\u00e7\u00e3o interior, ao mesmo tempo que pode ser instalada em zonas de elevada humidade e zonas costeiras salinas, uma vez que n\u00e3o se deteriora como os metais.<\/p>\n<p>O design permite regular a dire\u00e7\u00e3o da luz, tornando-a ideal para real\u00e7ar elementos espec\u00edficos de uma divis\u00e3o ou para criar um ambiente agrad\u00e1vel em qualquer espa\u00e7o. Instala\u00e7\u00e3o super f\u00e1cil. Resiste \u00e0s zonas costeiras e \u00e0s zonas de humidade elevada sem se deteriorar, pois \u00e9 fabricado em PC.<\/p>\n<div class=\"col-md-12\"><i class=\"fa fa-truck\"><\/i>&nbsp;<span class=\"text-muted textprop\">Entrega em 24\/48 horas<\/span><\/div>\n<div class=\"col-md-12\"><i class=\"fa fa-exchange\"><\/i>&nbsp;<span class=\"text-muted textprop\">Garantia de produto assegurada<\/span><\/div>\n<div class=\"col-md-12 certificados\">\n<hr>\n<p><img decoding=\"async\" class=\"cert\" title=\"Classe energ\u00e9tica A++\" src=\"https:\/\/www.factorled.com\/img\/icono-sello-ce.jpg\" alt=\"Certifica\u00e7\u00e3o CE\"><\/p><\/div>\n<\/div>\n<\/div><\/div>","protected":false},"featured_media":11948,"template":"","meta":{"site-sidebar-layout":"default","site-content-layout":"default","ast-global-header-display":"","ast-main-header-display":"","ast-hfb-above-header-display":"","ast-hfb-below-header-display":"","ast-hfb-mobile-header-display":"","site-post-title":"","ast-breadcrumbs-content":"","ast-featured-img":"","footer-sml-layout":"","theme-transparent-header-meta":"default","adv-header-id-meta":"","stick-header-meta":"","header-above-stick-meta":"","header-main-stick-meta":"","header-below-stick-meta":""},"product_cat":[62,23],"product_tag":[],"class_list":["post-11944","product","type-product","status-publish","has-post-thumbnail","hentry","product_cat-accesorios-lamparas-led","product_cat-bombillas-y-lamparas-led"],"_links":{"self":[{"href":"https:\/\/starlediluminacion.com\/pt\/wp-json\/wp\/v3\/product\/11944","targetHints":{"allow":["GET"]}}],"collection":[{"href":"https:\/\/starlediluminacion.com\/pt\/wp-json\/wp\/v3\/product"}],"about":[{"href":"https:\/\/starlediluminacion.com\/pt\/wp-json\/wp\/v2\/types\/product"}],"wp:featuredmedia":[{"embeddable":true,"href":"https:\/\/starlediluminacion.com\/pt\/wp-json\/wp\/v2\/media\/11948"}],"wp:attachment":[{"href":"https:\/\/starlediluminacion.com\/pt\/wp-json\/wp\/v2\/media?parent=11944"}],"wp:term":[{"taxonomy":"product_cat","embeddable":true,"href":"https:\/\/starlediluminacion.com\/pt\/wp-json\/wp\/v2\/product_cat?post=11944"},{"taxonomy":"product_tag","embeddable":true,"href":"https:\/\/starlediluminacion.com\/pt\/wp-json\/wp\/v2\/product_tag?post=11944"}],"curies":[{"name":"wp","href":"https:\/\/api.w.org\/{rel}","templated":true}]}}