{"id":11906,"date":"2023-12-05T14:36:34","date_gmt":"2023-12-05T14:36:34","guid":{"rendered":"https:\/\/starlediluminacion.com\/?post_type=product&#038;p=11906"},"modified":"2024-06-16T14:42:14","modified_gmt":"2024-06-16T14:42:14","slug":"bombilla-led-modern-metal-4w-e27-negro-big-o220mm","status":"publish","type":"product","link":"https:\/\/starlediluminacion.com\/pt\/product\/light-bulb-led-modern-metal-4w-e27-black-big-o220mm\/","title":{"rendered":"<p>L\u00e2mpada LED - Metal moderno - 4W E27 - Preto - BIG \u00d8220mm<\/p>"},"content":{"rendered":"<h1>L\u00e2mpada decorativa moderna de metal preto 4W E27<h2>Ilumina\u00e7\u00e3o elegante e quente para qualquer espa\u00e7o<\/h2><p>O&nbsp;<strong>l\u00e2mpada decorativa grande 4W<\/strong>alum\u00ednio, acabamento em branco, com tampa branca&nbsp;<strong>E27<\/strong>&nbsp;\u00e9 uma op\u00e7\u00e3o elegante e acolhedora para qualquer espa\u00e7o interior. O seu design simples e minimalista adapta-se a qualquer estilo de decora\u00e7\u00e3o, do cl\u00e1ssico ao moderno.<\/p><p>A l\u00e2mpada \u00e9 feita de material de alum\u00ednio de alta qualidade, com um acabamento de alta qualidade.&nbsp;<strong>preto mate<\/strong>&nbsp;o que lhe confere um aspeto moderno e sofisticado. A l\u00e2mpada tem uma pot\u00eancia de 4W, o que a torna eficiente em termos energ\u00e9ticos. Produz uma luz quente de 2200K ou 4000K, que \u00e9 ideal para criar um ambiente acolhedor e descontra\u00eddo.<\/p><p>Caracter\u00edsticas:<\/p><ul>\n<li>Design simples e minimalista<\/li>\n<li>Fabricado em material de alum\u00ednio de alta qualidade<\/li>\n<li>Acabamento preto mate<\/li>\n<li>Filamento exposto<\/li>\n<li>4W de pot\u00eancia<\/li>\n<li>Temperatura da luz: 2200K e 4000K<\/li>\n<\/ul><p>Benef\u00edcios:<\/p><ul>\n<li>Ilumina\u00e7\u00e3o elegante e quente<\/li>\n<li>Adapt\u00e1vel a qualquer estilo de decora\u00e7\u00e3o<\/li>\n<li>F\u00e1cil de instalar<\/li>\n<li>Poupa energia<\/li>\n<li>Cria um ambiente acolhedor e descontra\u00eddo<\/li>\n<\/ul><p>&nbsp;<\/p><h2>Utiliza\u00e7\u00f5es da l\u00e2mpada decorativa moderna Metal moderno preto 4W E27<\/h2><ul>\n<li>Ilumina\u00e7\u00e3o geral de habita\u00e7\u00f5es, escrit\u00f3rios e estabelecimentos comerciais.<\/li>\n<li>Ilumina\u00e7\u00e3o decorativa nas salas de estar, quartos, salas de jantar e outras \u00e1reas comuns da casa.<\/li>\n<li>Ilumina\u00e7\u00e3o de destaque em corredores, escadas, roupeiros e outras \u00e1reas de passagem da casa.<\/li>\n<li>Ilumina\u00e7\u00e3o de trabalho em \u00e1reas de escrit\u00f3rio, secret\u00e1rias e outros postos de trabalho.<\/li>\n<li>Ilumina\u00e7\u00e3o em zonas de leitura, quer em casa quer em bibliotecas.<\/li>\n<li>Ilumina\u00e7\u00e3o de lojas e exposi\u00e7\u00f5es em lojas e showrooms.<\/li>\n<\/ul><h3 class=\"h6\">Folha de dados do produto<\/h3><dl class=\"data-sheet\">\n<dt class=\"name\"><img loading=\"lazy\" decoding=\"async\" src=\"https:\/\/www.factorled.com\/modules\/oa_features\/img\/3-default.jpg\" width=\"32\" height=\"32\">&nbsp;Pot\u00eancia nominal<\/dt>\n<dd class=\"value\">4W<\/dd>\n<dt class=\"name\"><img loading=\"lazy\" decoding=\"async\" src=\"https:\/\/www.factorled.com\/modules\/oa_features\/img\/4-default.jpg\" width=\"32\" height=\"32\">&nbsp;Tens\u00e3o nominal<\/dt>\n<dd class=\"value\">220-240 V AC<\/dd>\n<dt class=\"name\"><img loading=\"lazy\" decoding=\"async\" src=\"https:\/\/www.factorled.com\/modules\/oa_features\/img\/5-default.jpg\" width=\"32\" height=\"32\">&nbsp;Temperatura da luz<\/dt>\n<dd class=\"value\">2200K - 4000K<\/dd>\n<dt class=\"name\"><img loading=\"lazy\" decoding=\"async\" src=\"https:\/\/www.factorled.com\/modules\/oa_features\/img\/6-default.jpg\" width=\"32\" height=\"32\">&nbsp;CRI - \u00cdndice de restitui\u00e7\u00e3o de cor<\/dt>\n<dd class=\"value\">85<\/dd>\n<dt class=\"name\"><img loading=\"lazy\" decoding=\"async\" src=\"https:\/\/www.factorled.com\/modules\/oa_features\/img\/8-default.jpg\" width=\"32\" height=\"32\">&nbsp;Luminosidade-Lm<\/dt>\n<dd class=\"value\">400<\/dd>\n<dt class=\"name\"><img loading=\"lazy\" decoding=\"async\" src=\"https:\/\/www.factorled.com\/modules\/oa_features\/img\/10-default.jpg\" width=\"32\" height=\"32\">&nbsp;\u00c2ngulo de abertura (\u00ba)<\/dt>\n<dd class=\"value\">360\u00ba<\/dd>\n<dt class=\"name\"><img loading=\"lazy\" decoding=\"async\" src=\"https:\/\/www.factorled.com\/modules\/oa_features\/img\/14-default.jpg\" width=\"32\" height=\"32\">&nbsp;Tampa<\/dt>\n<dd class=\"value\">E27<\/dd>\n<dt class=\"name\"><img loading=\"lazy\" decoding=\"async\" src=\"https:\/\/www.factorled.com\/modules\/oa_features\/img\/15-default.jpg\" width=\"32\" height=\"32\">&nbsp;Certificados<\/dt>\n<dd class=\"value\">CE - ROHS<\/dd>\n<dt class=\"name\"><img loading=\"lazy\" decoding=\"async\" src=\"https:\/\/www.factorled.com\/modules\/oa_features\/img\/16-default.jpg\" width=\"32\" height=\"32\">&nbsp;Classifica\u00e7\u00e3o IP<\/dt>\n<dd class=\"value\">IP20<\/dd>\n<dt class=\"name\"><img loading=\"lazy\" decoding=\"async\" src=\"https:\/\/www.factorled.com\/modules\/oa_features\/img\/21-default.jpg\" width=\"32\" height=\"32\">&nbsp;Frequ\u00eancia de trabalho (Hz)<\/dt>\n<dd class=\"value\">50\/60Hz<\/dd>\n<dt class=\"name\"><img loading=\"lazy\" decoding=\"async\" src=\"https:\/\/www.factorled.com\/modules\/oa_features\/img\/22-default.jpg\" width=\"32\" height=\"32\">&nbsp;Gama de temperaturas (\u00baC)<\/dt>\n<dd class=\"value\">-20?C ~ +55?C<\/dd>\n<dt class=\"name\"><img loading=\"lazy\" decoding=\"async\" src=\"https:\/\/www.factorled.com\/modules\/oa_features\/img\/23-default.jpg\" width=\"32\" height=\"32\">&nbsp;Ciclos de igni\u00e7\u00e3o<\/dt>\n<dd class=\"value\">100.000<\/dd>\n<dt class=\"name\"><img loading=\"lazy\" decoding=\"async\" src=\"https:\/\/www.factorled.com\/modules\/oa_features\/img\/24-default.jpg\" width=\"32\" height=\"32\">&nbsp;Tempo de arranque (S)<\/dt>\n<dd class=\"value\">0,2s<\/dd>\n<dt class=\"name\"><img loading=\"lazy\" decoding=\"async\" src=\"https:\/\/www.factorled.com\/modules\/oa_features\/img\/26-default.jpg\" width=\"32\" height=\"32\">&nbsp;Informa\u00e7\u00f5es adicionais<\/dt>\n<dd class=\"value\">SEM FLICK<\/dd>\n<dt class=\"name\"><img loading=\"lazy\" decoding=\"async\" src=\"https:\/\/www.factorled.com\/modules\/oa_features\/img\/7-default.jpg\" width=\"32\" height=\"32\">&nbsp;Classe energ\u00e9tica (2021-UE-2019\/2015)<\/dt>\n<dd class=\"value\">A+<\/dd>\n<dt class=\"name\"><img loading=\"lazy\" decoding=\"async\" src=\"https:\/\/www.factorled.com\/modules\/oa_features\/img\/101-default.jpg\" width=\"32\" height=\"32\">&nbsp;Classe energ\u00e9tica (2023 - UE-2019\/2015)<\/dt>\n<dd class=\"value\">F<\/dd>\n<dt class=\"name\"><img loading=\"lazy\" decoding=\"async\" src=\"https:\/\/www.factorled.com\/modules\/oa_features\/img\/75-default.jpg\" width=\"32\" height=\"32\">&nbsp;Anos de garantia<\/dt>\n<dd class=\"value\">3<\/dd>\n<\/dl><\/h1>","protected":false},"excerpt":{"rendered":"<div class=\"product-reference\"><label class=\"label\">Refer\u00eancia:<\/label><strong> SL91755<\/strong>\n<div><\/div>\n<div class=\"product-description-short\">\n<div id=\"product-description-short-3160\">\n<p>Isto&nbsp;<strong>l\u00e2mpada decorativa grande<\/strong>Tem um filamento interno feito de PMMA e \u00e9 tamb\u00e9m amigo do ambiente gra\u00e7as \u00e0 sua efici\u00eancia energ\u00e9tica com um&nbsp;<strong>E27<\/strong>. Ideal para a ilumina\u00e7\u00e3o decorativa, para real\u00e7ar os espa\u00e7os interiores e para dar um aspeto original \u00e0 noite.<\/p>\n<p>A l\u00e2mpada \u00e9 feita de material de alum\u00ednio de alta qualidade, o que lhe confere um aspeto vintage e retro. A sua pot\u00eancia de&nbsp;<strong>4W<\/strong>&nbsp;\u00e9 perfeito para \u00e1reas acolhedoras e descontra\u00eddas.<\/p>\n<div class=\"col-md-12\"><i class=\"fa fa-truck\"><\/i>&nbsp;<span class=\"text-muted textprop\">Entrega em 24\/48 horas<\/span><\/div>\n<div class=\"col-md-12\"><i class=\"fa fa-exchange\"><\/i>&nbsp;<span class=\"text-muted textprop\">Garantia de produto assegurada<\/span><\/div>\n<div class=\"col-md-12 certificados\">\n<hr>\n<p><img decoding=\"async\" class=\"cert\" title=\"Certifica\u00e7\u00e3o CE\" src=\"https:\/\/www.factorled.com\/img\/icono-sello-ce.jpg\" alt=\"Certifica\u00e7\u00e3o CE\">&nbsp;<img decoding=\"async\" class=\"cert\" title=\"Certificado ROHS\" src=\"https:\/\/www.factorled.com\/img\/icono-sello-rosh.jpg\" alt=\"Certificado ROHS\">&nbsp;<img decoding=\"async\" class=\"cert\" title=\"Classe energ\u00e9tica A+\" src=\"https:\/\/www.factorled.com\/img\/icono-sello-a+.jpg\" alt=\"Classe energ\u00e9tica A+\"><\/p><\/div>\n<\/div>\n<\/div><\/div>","protected":false},"featured_media":11913,"template":"","meta":{"site-sidebar-layout":"default","site-content-layout":"default","ast-global-header-display":"","ast-main-header-display":"","ast-hfb-above-header-display":"","ast-hfb-below-header-display":"","ast-hfb-mobile-header-display":"","site-post-title":"","ast-breadcrumbs-content":"","ast-featured-img":"","footer-sml-layout":"","theme-transparent-header-meta":"default","adv-header-id-meta":"","stick-header-meta":"","header-above-stick-meta":"","header-main-stick-meta":"","header-below-stick-meta":""},"product_cat":[46,23],"product_tag":[],"class_list":["post-11906","product","type-product","status-publish","has-post-thumbnail","hentry","product_cat-bombillas-led-e27","product_cat-bombillas-y-lamparas-led"],"_links":{"self":[{"href":"https:\/\/starlediluminacion.com\/pt\/wp-json\/wp\/v3\/product\/11906","targetHints":{"allow":["GET"]}}],"collection":[{"href":"https:\/\/starlediluminacion.com\/pt\/wp-json\/wp\/v3\/product"}],"about":[{"href":"https:\/\/starlediluminacion.com\/pt\/wp-json\/wp\/v2\/types\/product"}],"wp:featuredmedia":[{"embeddable":true,"href":"https:\/\/starlediluminacion.com\/pt\/wp-json\/wp\/v2\/media\/11913"}],"wp:attachment":[{"href":"https:\/\/starlediluminacion.com\/pt\/wp-json\/wp\/v2\/media?parent=11906"}],"wp:term":[{"taxonomy":"product_cat","embeddable":true,"href":"https:\/\/starlediluminacion.com\/pt\/wp-json\/wp\/v2\/product_cat?post=11906"},{"taxonomy":"product_tag","embeddable":true,"href":"https:\/\/starlediluminacion.com\/pt\/wp-json\/wp\/v2\/product_tag?post=11906"}],"curies":[{"name":"wp","href":"https:\/\/api.w.org\/{rel}","templated":true}]}}