{"id":11801,"date":"2023-12-05T12:26:29","date_gmt":"2023-12-05T12:26:29","guid":{"rendered":"https:\/\/starlediluminacion.com\/?post_type=product&#038;p=11801"},"modified":"2024-06-16T14:44:23","modified_gmt":"2024-06-16T14:44:23","slug":"aplique-techo-led-negro-de-aluminio-para-gu10-led-ip65-2","status":"publish","type":"product","link":"https:\/\/starlediluminacion.com\/pt\/product\/parede-teto-led-preto-aluminio-teto-aparelho-gu10-led-ip65-2-2\/","title":{"rendered":"<p>Aplique Techo LED Negro De Aluminio Para GU10 LED &ndash; IP65<\/p>"},"content":{"rendered":"<h1>Aplique Techo LED Negro Aluminio &ndash; Efecto doble Aro &ndash; para GU10 LED<p>O nosso&nbsp;<strong>aplique Led&nbsp;<\/strong>a partir de<strong>&nbsp;techo negro&nbsp;<\/strong>\u00e9 um elemento de alta qualidade decorativa, tornando-o adapt\u00e1vel a qualquer tipo de estilo. Receber\u00e1 uma grande ilumina\u00e7\u00e3o quente.<\/p><p>La luminaria dispone de un aro que se ilumina por la misma bombilla, lo que consigue un precioso efecto de dise&ntilde;o al entregar la luz por el mismo aro.&nbsp; Efecto de aro encendido al mismo tiempo que ilumina la zona de la&nbsp;<strong>bombilla de GU10.<\/strong><\/p><p>F&aacute;cil sustituci&oacute;n de la bombilla en caso de ser necesario.<\/p><p>O&nbsp;<strong>Luz de teto<\/strong>&nbsp;est&aacute; fabricado en Aluminio, un material de alta calidad que otorgan al producto unas propiedades de solidez, dureza y consistencia elevadas. Puede usarse en interiores y tambi&eacute;n en exteriores (siempre en sitios cubiertos y sin contacto con la lluvia). Recomendado para cualquier habitaci&oacute;n en la que se requiera luz decorativa y elegante, con una&nbsp;luz indirecta o luz de compa&ntilde;&iacute;a.<\/p><h2>Usos Aplique Techo LED Negro Aluminio &ndash; efecto doble Aro &ndash; para GU10 LED<\/h2><ul>\n<li>Paredes<\/li>\n<li>Corredores<\/li>\n<li>Quartos<\/li>\n<li>Hot\u00e9is<\/li>\n<li>Bilhetes<\/li>\n<li>Varandas<\/li>\n<\/ul><p>Com este&nbsp;<strong>tecnolog&iacute;a<\/strong>&nbsp;<strong>conduzido<\/strong>, podr&aacute;&nbsp;<strong>salvar<\/strong>&nbsp;mucho mas en su factura de luz.<\/p><h3 class=\"h6\">Folha de dados do produto<\/h3><dl class=\"data-sheet\">\n<dt class=\"name\"><img loading=\"lazy\" decoding=\"async\" src=\"https:\/\/www.factorled.com\/modules\/oa_features\/img\/2-default.jpg\" width=\"32\" height=\"32\">&nbsp;REFER\u00caNCIA<\/dt>\n<dd class=\"value\">91724<\/dd>\n<dt class=\"name\"><img loading=\"lazy\" decoding=\"async\" src=\"https:\/\/www.factorled.com\/modules\/oa_features\/img\/3-default.jpg\" width=\"32\" height=\"32\">&nbsp;Pot\u00eancia nominal<\/dt>\n<dd class=\"value\">Max. GU10 7W<\/dd>\n<dt class=\"name\"><img loading=\"lazy\" decoding=\"async\" src=\"https:\/\/www.factorled.com\/modules\/oa_features\/img\/4-default.jpg\" width=\"32\" height=\"32\">&nbsp;Tens\u00e3o nominal<\/dt>\n<dd class=\"value\">110V - 240V<\/dd>\n<dt class=\"name\"><img loading=\"lazy\" decoding=\"async\" src=\"https:\/\/www.factorled.com\/modules\/oa_features\/img\/25-default.jpg\" width=\"32\" height=\"32\">&nbsp;Material de constru\u00e7\u00e3o<\/dt>\n<dd class=\"value\">Alum\u00ednio<\/dd>\n<dt class=\"name\"><img loading=\"lazy\" decoding=\"async\" src=\"https:\/\/www.factorled.com\/modules\/oa_features\/img\/14-default.jpg\" width=\"32\" height=\"32\">&nbsp;Tampa<\/dt>\n<dd class=\"value\">GU10<\/dd>\n<dt class=\"name\"><img loading=\"lazy\" decoding=\"async\" src=\"https:\/\/www.factorled.com\/modules\/oa_features\/img\/15-default.jpg\" width=\"32\" height=\"32\">&nbsp;Certificados<\/dt>\n<dd class=\"value\">CE - ROHS<\/dd>\n<dt class=\"name\"><img loading=\"lazy\" decoding=\"async\" src=\"https:\/\/www.factorled.com\/modules\/oa_features\/img\/16-default.jpg\" width=\"32\" height=\"32\">&nbsp;Classifica\u00e7\u00e3o IP<\/dt>\n<dd class=\"value\">IP65-Outdoor<\/dd>\n<dt class=\"name\"><img loading=\"lazy\" decoding=\"async\" src=\"https:\/\/www.factorled.com\/modules\/oa_features\/img\/18-default.jpg\" width=\"32\" height=\"32\">&nbsp;Medidas (Mm)<\/dt>\n<dd class=\"value\">&Oslash;100mm * H96mm<\/dd>\n<dt class=\"name\"><img loading=\"lazy\" decoding=\"async\" src=\"https:\/\/www.factorled.com\/modules\/oa_features\/img\/21-default.jpg\" width=\"32\" height=\"32\">&nbsp;Frequ\u00eancia de trabalho (Hz)<\/dt>\n<dd class=\"value\">50\/60Hz<\/dd>\n<dt class=\"name\"><img loading=\"lazy\" decoding=\"async\" src=\"https:\/\/www.factorled.com\/modules\/oa_features\/img\/22-default.jpg\" width=\"32\" height=\"32\">&nbsp;Gama de temperaturas (\u00baC)<\/dt>\n<dd class=\"value\">-20\u00baC ~ 40\u00baC<\/dd>\n<dt class=\"name\"><img loading=\"lazy\" decoding=\"async\" src=\"https:\/\/www.factorled.com\/modules\/oa_features\/img\/73-default.jpg\" width=\"32\" height=\"32\">&nbsp;Prote\u00e7\u00e3o contra impactos (IK)<\/dt>\n<dd class=\"value\">IK06<\/dd>\n<dt class=\"name\"><img loading=\"lazy\" decoding=\"async\" src=\"https:\/\/www.factorled.com\/modules\/oa_features\/img\/75-default.jpg\" width=\"32\" height=\"32\">&nbsp;Anos de garantia<\/dt>\n<dd class=\"value\">5<\/dd>\n<\/dl><\/h1>","protected":false},"excerpt":{"rendered":"<div class=\"product-reference\"><label class=\"label\">Refer\u00eancia:<\/label> <strong>SL91724<\/strong>\n<div><\/div>\n<div class=\"product-description-short\">\n<div id=\"product-description-short-3136\">\n<p>Isto&nbsp;<strong>aplicar<\/strong>&nbsp;a partir de&nbsp;<strong>techo negro<\/strong>&nbsp;de aluminio de dise&ntilde;o&nbsp;<strong>cil&iacute;ndrico<\/strong>, dispone de un aro decorativo que la misma&nbsp;<strong>bombilla GU10<\/strong>&nbsp;iluminara, haciendo el efecto de doble aro, lo que al mismo tiempo de iluminar la zona, te dar&aacute; una&nbsp;<strong>ilumina\u00e7\u00e3o<\/strong>&nbsp;c&aacute;lida y acogedora, aport&aacute;ndole un toque elegante y moderno.&nbsp;(<strong>Bombilla GU10 no incluida<\/strong>)<\/p>\n<div class=\"row\">\n<div class=\"pp-right-column col-xs-12  col-sm-7 col-md-7\">\n<div class=\"product-information\">\n<div class=\"col-md-6\">\n<div class=\"columna-central\">\n<div class=\"product-calculator\">\n<div class=\"col-md-12\"><i class=\"fa fa-truck\"><\/i>&nbsp;<span class=\"text-muted textprop\">Entrega em 24\/48 horas<\/span><\/div>\n<div class=\"col-md-12\"><i class=\"fa fa-exchange\"><\/i>&nbsp;<span class=\"text-muted textprop\">Garantia de produto assegurada<\/span><\/div>\n<div class=\"col-md-12 certificados\">\n<hr>\n<p><img decoding=\"async\" class=\"cert\" title=\"Certifica\u00e7\u00e3o CE\" src=\"https:\/\/www.factorled.com\/img\/icono-sello-ce.jpg\" alt=\"Certifica\u00e7\u00e3o CE\">&nbsp;<img decoding=\"async\" class=\"cert\" title=\"Certificado ROHS\" src=\"https:\/\/www.factorled.com\/img\/icono-sello-rosh.jpg\" alt=\"Certificado ROHS\"><\/p><\/div>\n<\/div>\n<\/div>\n<\/div>\n<\/div>\n<\/div>\n<\/div>\n<\/div>\n<\/div><\/div>","protected":false},"featured_media":11810,"template":"","meta":{"site-sidebar-layout":"default","site-content-layout":"default","ast-global-header-display":"","ast-main-header-display":"","ast-hfb-above-header-display":"","ast-hfb-below-header-display":"","ast-hfb-mobile-header-display":"","site-post-title":"","ast-breadcrumbs-content":"","ast-featured-img":"","footer-sml-layout":"","theme-transparent-header-meta":"default","adv-header-id-meta":"","stick-header-meta":"","header-above-stick-meta":"","header-main-stick-meta":"","header-below-stick-meta":""},"product_cat":[64,36],"product_tag":[],"class_list":["post-11801","product","type-product","status-publish","has-post-thumbnail","hentry","product_cat-apliques-led","product_cat-apliques-led-y-decoracion"],"_links":{"self":[{"href":"https:\/\/starlediluminacion.com\/pt\/wp-json\/wp\/v3\/product\/11801","targetHints":{"allow":["GET"]}}],"collection":[{"href":"https:\/\/starlediluminacion.com\/pt\/wp-json\/wp\/v3\/product"}],"about":[{"href":"https:\/\/starlediluminacion.com\/pt\/wp-json\/wp\/v2\/types\/product"}],"wp:featuredmedia":[{"embeddable":true,"href":"https:\/\/starlediluminacion.com\/pt\/wp-json\/wp\/v2\/media\/11810"}],"wp:attachment":[{"href":"https:\/\/starlediluminacion.com\/pt\/wp-json\/wp\/v2\/media?parent=11801"}],"wp:term":[{"taxonomy":"product_cat","embeddable":true,"href":"https:\/\/starlediluminacion.com\/pt\/wp-json\/wp\/v2\/product_cat?post=11801"},{"taxonomy":"product_tag","embeddable":true,"href":"https:\/\/starlediluminacion.com\/pt\/wp-json\/wp\/v2\/product_tag?post=11801"}],"curies":[{"name":"wp","href":"https:\/\/api.w.org\/{rel}","templated":true}]}}