{"id":11638,"date":"2023-12-04T17:46:49","date_gmt":"2023-12-04T17:46:49","guid":{"rendered":"https:\/\/starlediluminacion.com\/?post_type=product&#038;p=11638"},"modified":"2024-06-16T14:42:40","modified_gmt":"2024-06-16T14:42:40","slug":"aplique-led-negro-lerum-para-e27-led","status":"publish","type":"product","link":"https:\/\/starlediluminacion.com\/pt\/product\/candeeiros-de-parede-led-preto-lerum-for-e27-led\/","title":{"rendered":"<p>Lumin\u00e1ria de parede LED preta - LERUM - Para E27 LED<\/p>"},"content":{"rendered":"<h1>Candeeiro de parede LED preto LERUM com casquilho de madeira para l\u00e2mpada E27<h2>Ilumina\u00e7\u00e3o moderna e natural para qualquer espa\u00e7o<\/h2><p>O&nbsp;<strong>Candeeiro de parede LED Preto<\/strong>&nbsp;com&nbsp;<strong>Base de madeira<\/strong>&nbsp;para l\u00e2mpada&nbsp;<strong>E27<\/strong>&nbsp;\u00e9 uma escolha moderna e natural para qualquer interior. O seu design minimalista e intemporal adapta-se a qualquer estilo de decora\u00e7\u00e3o, do cl\u00e1ssico ao moderno. O&nbsp;<strong>abajur<\/strong>&nbsp;tem a forma de um cone com uma abertura de&nbsp;<strong>120\u00ba<\/strong>para distribuir a luz uniformemente e iluminar mais espa\u00e7o.<\/p><p>O candeeiro de parede \u00e9 feito de alum\u00ednio e madeira de alta qualidade, com um acabamento atraente.&nbsp;<strong>preto mate<\/strong>&nbsp;o que lhe confere um aspeto moderno e sofisticado. A base de madeira d\u00e1 um toque natural e quente ao design. Tanto o abajur como os seus acess\u00f3rios s\u00e3o em preto mate, respeitando a cor principal deste candeeiro.&nbsp;<strong>candeeiro de parede<\/strong>.<\/p><p>O candeeiro de parede aceita l\u00e2mpadas com&nbsp;<strong>Tomada E27<\/strong>Pode escolher a que melhor se adapta \u00e0s suas necessidades de ilumina\u00e7\u00e3o. As l\u00e2mpadas de incandesc\u00eancia s\u00e3o a escolha ideal, pois recriam ambientes quentes e agrad\u00e1veis, dando origem a um design vintage.<\/p><p>Caracter\u00edsticas:<\/p><ul>\n<li>Design natural e moderno<\/li>\n<li>Fabricado em alum\u00ednio e madeira de alta qualidade<\/li>\n<li>Acabamento preto mate<\/li>\n<li>Base de madeira<\/li>\n<li>Acess\u00f3rios pretos<\/li>\n<li>Aceita l\u00e2mpadas E27<\/li>\n<\/ul><p>Benef\u00edcios:<\/p><ul>\n<li>Ilumina\u00e7\u00e3o moderna e agrad\u00e1vel<\/li>\n<li>Adapt\u00e1vel a qualquer estilo de decora\u00e7\u00e3o<\/li>\n<li>F\u00e1cil de instalar<\/li>\n<li>Poupa energia<\/li>\n<\/ul><p>&nbsp;<\/p><p>Instala\u00e7\u00e3o:<\/p><ol>\n<li>Fa\u00e7a dois furos na parede com o mesmo tamanho que os furos na base.<\/li>\n<li>Colocar a l\u00e2mpada e fix\u00e1-la na base.<\/li>\n<li>Ligar o cabo de alimenta\u00e7\u00e3o.<\/li>\n<li>Utilize os parafusos para o instalar na parede.<\/li>\n<li>Introduzir uma l\u00e2mpada com casquilho E27. Prima o interrutor para testar a luz.<\/li>\n<\/ol><h2>Utiliza\u00e7\u00f5es da lumin\u00e1ria de parede LED preta LERUM com base de madeira para l\u00e2mpadas E27<\/h2><ul>\n<li>Cozinha<\/li>\n<li>Sala de jantar<\/li>\n<li>Sala de estar<\/li>\n<li>Quarto de dormir<\/li>\n<li>Escrit\u00f3rio<\/li>\n<li>Corredores<\/li>\n<li>Bilhetes<\/li>\n<\/ul><h3 class=\"h6\">Folha de dados do produto<\/h3><dl class=\"data-sheet\">\n<dt class=\"name\"><img loading=\"lazy\" decoding=\"async\" src=\"https:\/\/www.factorled.com\/modules\/oa_features\/img\/4-default.jpg\" width=\"32\" height=\"32\">&nbsp;Tens\u00e3o nominal<\/dt>\n<dd class=\"value\">175V-260V<\/dd>\n<dt class=\"name\"><img loading=\"lazy\" decoding=\"async\" src=\"https:\/\/www.factorled.com\/modules\/oa_features\/img\/25-default.jpg\" width=\"32\" height=\"32\">&nbsp;Material de constru\u00e7\u00e3o<\/dt>\n<dd class=\"value\">Alum\u00ednio<\/dd>\n<dt class=\"name\"><img loading=\"lazy\" decoding=\"async\" src=\"https:\/\/www.factorled.com\/modules\/oa_features\/img\/14-default.jpg\" width=\"32\" height=\"32\">&nbsp;Tampa<\/dt>\n<dd class=\"value\">E27<\/dd>\n<dt class=\"name\"><img loading=\"lazy\" decoding=\"async\" src=\"https:\/\/www.factorled.com\/modules\/oa_features\/img\/15-default.jpg\" width=\"32\" height=\"32\">&nbsp;Certificados<\/dt>\n<dd class=\"value\">CE - ROHS<\/dd>\n<dt class=\"name\"><img loading=\"lazy\" decoding=\"async\" src=\"https:\/\/www.factorled.com\/modules\/oa_features\/img\/16-default.jpg\" width=\"32\" height=\"32\">&nbsp;Classifica\u00e7\u00e3o IP<\/dt>\n<dd class=\"value\">IP20<\/dd>\n<dt class=\"name\"><img loading=\"lazy\" decoding=\"async\" src=\"https:\/\/www.factorled.com\/modules\/oa_features\/img\/75-default.jpg\" width=\"32\" height=\"32\">&nbsp;Anos de garantia<\/dt>\n<dd class=\"value\">3<\/dd>\n<dt class=\"name\"><img loading=\"lazy\" decoding=\"async\" src=\"https:\/\/www.factorled.com\/modules\/oa_features\/img\/103-default.jpg\" width=\"32\" height=\"32\">&nbsp;Cor da carro\u00e7aria<\/dt>\n<dd class=\"value\">Preto<\/dd>\n<\/dl><\/h1>","protected":false},"excerpt":{"rendered":"<div class=\"product-reference\"><label class=\"label\">Refer\u00eancia:<\/label> <strong>SL91739<\/strong>\n<div><\/div>\n<div class=\"product-description-short\">\n<div id=\"product-description-short-3118\">\n<p>O nosso&nbsp;<strong>Candeeiro de parede LED&nbsp;<\/strong>O LERUM oferece v\u00e1rios estilos para todos os tipos de decora\u00e7\u00e3o, destacando-se pela sua cor.&nbsp;<strong>preto&nbsp;<\/strong>e foi fabricado em<strong>&nbsp;alum\u00ednio&nbsp;<\/strong>de alta resist\u00eancia. O&nbsp;<strong>candeeiro de parede<\/strong>&nbsp;precisa de um&nbsp;<strong>bulbo<\/strong>&nbsp;com casquilho&nbsp;<strong>E27&nbsp;<\/strong>para o seu correto funcionamento<strong>.&nbsp;<\/strong>Al\u00e9m disso, gra\u00e7as \u00e0 sua&nbsp;<strong>base<\/strong>&nbsp;a partir de&nbsp;<strong>madeira natural<\/strong>&nbsp;\u00e9 ideal para ser colocado em qualquer espa\u00e7o interior criando ambientes quentes e modernos, se adicionar uma l\u00e2mpada de incandesc\u00eancia obt\u00e9m uma ilumina\u00e7\u00e3o relaxante e vintage.<\/p>\n<p>O seu&nbsp;<strong>abajur<\/strong>&nbsp;em forma de cone tem uma abertura de&nbsp;<strong>120\u00ba<\/strong>A luz \u00e9 distribu\u00edda uniformemente e ilumina mais espa\u00e7o. O&nbsp;<strong>instala\u00e7\u00e3o&nbsp;<\/strong>\u00e9 muito&nbsp;<strong>simples<\/strong>&nbsp;e r\u00e1pido, de modo a que qualquer pessoa o possa montar seguindo as instru\u00e7\u00f5es.<\/p>\n<p>O produto N\u00c3O inclui uma l\u00e2mpada.<\/p>\n<div class=\"col-md-12\"><i class=\"fa fa-truck\"><\/i>&nbsp;<span class=\"text-muted textprop\">Entrega em 24\/48 horas<\/span><\/div>\n<div class=\"col-md-12\"><i class=\"fa fa-exchange\"><\/i>&nbsp;<span class=\"text-muted textprop\">Garantia de produto assegurada<\/span><\/div>\n<div class=\"col-md-12 certificados\">\n<hr>\n<p><img decoding=\"async\" class=\"cert\" title=\"Certifica\u00e7\u00e3o CE\" src=\"https:\/\/www.factorled.com\/img\/icono-sello-ce.jpg\" alt=\"Certifica\u00e7\u00e3o CE\">&nbsp;<img decoding=\"async\" class=\"cert\" title=\"Certificado ROHS\" src=\"https:\/\/www.factorled.com\/img\/icono-sello-rosh.jpg\" alt=\"Certificado ROHS\"><\/p><\/div>\n<\/div>\n<\/div><\/div>","protected":false},"featured_media":11657,"template":"","meta":{"site-sidebar-layout":"default","site-content-layout":"default","ast-global-header-display":"","ast-main-header-display":"","ast-hfb-above-header-display":"","ast-hfb-below-header-display":"","ast-hfb-mobile-header-display":"","site-post-title":"","ast-breadcrumbs-content":"","ast-featured-img":"","footer-sml-layout":"","theme-transparent-header-meta":"default","adv-header-id-meta":"","stick-header-meta":"","header-above-stick-meta":"","header-main-stick-meta":"","header-below-stick-meta":""},"product_cat":[36,65],"product_tag":[],"class_list":["post-11638","product","type-product","status-publish","has-post-thumbnail","hentry","product_cat-apliques-led-y-decoracion","product_cat-decoracion-led"],"yoast_head":"<!-- This site is optimized with the Yoast SEO plugin v27.4 - https:\/\/yoast.com\/product\/yoast-seo-wordpress\/ -->\n<title>Aplique LED Negro - LERUM - Para E27 LED - STARLED Iluminacion<\/title>\n<meta name=\"robots\" content=\"index, follow, max-snippet:-1, max-image-preview:large, max-video-preview:-1\" \/>\n<link rel=\"canonical\" href=\"https:\/\/starlediluminacion.com\/pt\/product\/lampes-murales-led-noir-lerum-pour-e27-led-2\/\" \/>\n<meta property=\"og:locale\" content=\"pt_PT\" \/>\n<meta property=\"og:type\" content=\"article\" \/>\n<meta property=\"og:title\" content=\"Aplique LED Negro - LERUM - Para E27 LED - STARLED Iluminacion\" \/>\n<meta property=\"og:description\" content=\"Referencia: SL91739      Nuestro\u00a0Aplique Led\u00a0LERUM\u00a0ofrece m\u00faltiples estilos para todo tipo de decoraci\u00f3n, destaca por su color\u00a0negro\u00a0y ha sido fabricado en\u00a0aluminio\u00a0de alta resistencia. La\u00a0l\u00e1mpara de pared\u00a0necesita una\u00a0bombilla\u00a0con casquillo\u00a0E27\u00a0para su funcionamiento correcto.\u00a0Adem\u00e1s gracias a su\u00a0base\u00a0de\u00a0madera natural\u00a0es ideal para colocarlo en cualquier zona de interior creando ambientes c\u00e1lidos y modernos,\u00a0si se a\u00f1ade una bombilla de Filamento se consigue una iluminaci\u00f3n relajante y vintage.  Su\u00a0tulipa\u00a0con forma de cono tiene una apertura de\u00a0120\u00ba, consiguiendo\u00a0repartir\u00a0la luz de forma homog\u00e9nea llegando a iluminar m\u00e1s espacio. La\u00a0instalaci\u00f3n\u00a0es muy\u00a0sencilla\u00a0y r\u00e1pida para que cualquier persona pueda montarlo siguiendo las instrucciones.  El producto NO incluye bombilla. \u00a0Entrega en 24\/48 horas \u00a0Garant\u00eda de producto asegurada     \u00a0\" \/>\n<meta property=\"og:url\" content=\"https:\/\/starlediluminacion.com\/pt\/product\/lampes-murales-led-noir-lerum-pour-e27-led-2\/\" \/>\n<meta property=\"og:site_name\" content=\"STARLED Iluminacion\" \/>\n<meta property=\"article:modified_time\" content=\"2024-06-16T14:42:40+00:00\" \/>\n<meta property=\"og:image\" content=\"https:\/\/starlediluminacion.com\/wp-content\/uploads\/2023\/12\/aplique-led-negro-lerum-para-e27-led.jpg\" \/>\n\t<meta property=\"og:image:width\" content=\"744\" \/>\n\t<meta property=\"og:image:height\" content=\"800\" \/>\n\t<meta property=\"og:image:type\" content=\"image\/jpeg\" \/>\n<meta name=\"twitter:card\" content=\"summary_large_image\" \/>\n<meta name=\"twitter:label1\" content=\"Tempo estimado de leitura\" \/>\n\t<meta name=\"twitter:data1\" content=\"2 minutos\" \/>\n<script type=\"application\/ld+json\" class=\"yoast-schema-graph\">{\"@context\":\"https:\\\/\\\/schema.org\",\"@graph\":[{\"@type\":\"WebPage\",\"@id\":\"https:\\\/\\\/starlediluminacion.com\\\/fr\\\/product\\\/lampes-murales-led-noir-lerum-pour-e27-led-2\\\/\",\"url\":\"https:\\\/\\\/starlediluminacion.com\\\/fr\\\/product\\\/lampes-murales-led-noir-lerum-pour-e27-led-2\\\/\",\"name\":\"Aplique LED Negro - LERUM - Para E27 LED - STARLED Iluminacion\",\"isPartOf\":{\"@id\":\"https:\\\/\\\/starlediluminacion.com\\\/#website\"},\"primaryImageOfPage\":{\"@id\":\"https:\\\/\\\/starlediluminacion.com\\\/fr\\\/product\\\/lampes-murales-led-noir-lerum-pour-e27-led-2\\\/#primaryimage\"},\"image\":{\"@id\":\"https:\\\/\\\/starlediluminacion.com\\\/fr\\\/product\\\/lampes-murales-led-noir-lerum-pour-e27-led-2\\\/#primaryimage\"},\"thumbnailUrl\":\"https:\\\/\\\/starlediluminacion.com\\\/wp-content\\\/uploads\\\/2023\\\/12\\\/aplique-led-negro-lerum-para-e27-led.jpg\",\"datePublished\":\"2023-12-04T17:46:49+00:00\",\"dateModified\":\"2024-06-16T14:42:40+00:00\",\"breadcrumb\":{\"@id\":\"https:\\\/\\\/starlediluminacion.com\\\/fr\\\/product\\\/lampes-murales-led-noir-lerum-pour-e27-led-2\\\/#breadcrumb\"},\"inLanguage\":\"pt-PT\",\"potentialAction\":[{\"@type\":\"ReadAction\",\"target\":[\"https:\\\/\\\/starlediluminacion.com\\\/fr\\\/product\\\/lampes-murales-led-noir-lerum-pour-e27-led-2\\\/\"]}]},{\"@type\":\"ImageObject\",\"inLanguage\":\"pt-PT\",\"@id\":\"https:\\\/\\\/starlediluminacion.com\\\/fr\\\/product\\\/lampes-murales-led-noir-lerum-pour-e27-led-2\\\/#primaryimage\",\"url\":\"https:\\\/\\\/starlediluminacion.com\\\/wp-content\\\/uploads\\\/2023\\\/12\\\/aplique-led-negro-lerum-para-e27-led.jpg\",\"contentUrl\":\"https:\\\/\\\/starlediluminacion.com\\\/wp-content\\\/uploads\\\/2023\\\/12\\\/aplique-led-negro-lerum-para-e27-led.jpg\",\"width\":744,\"height\":800},{\"@type\":\"BreadcrumbList\",\"@id\":\"https:\\\/\\\/starlediluminacion.com\\\/fr\\\/product\\\/lampes-murales-led-noir-lerum-pour-e27-led-2\\\/#breadcrumb\",\"itemListElement\":[{\"@type\":\"ListItem\",\"position\":1,\"name\":\"Portada\",\"item\":\"https:\\\/\\\/starlediluminacion.com\\\/\"},{\"@type\":\"ListItem\",\"position\":2,\"name\":\"Shop\",\"item\":\"https:\\\/\\\/starlediluminacion.com\\\/shop-2\\\/\"},{\"@type\":\"ListItem\",\"position\":3,\"name\":\"Aplique LED Negro &#8211; LERUM &#8211; Para E27 LED\"}]},{\"@type\":\"WebSite\",\"@id\":\"https:\\\/\\\/starlediluminacion.com\\\/#website\",\"url\":\"https:\\\/\\\/starlediluminacion.com\\\/\",\"name\":\"STARLED Iluminacion\",\"description\":\"\",\"potentialAction\":[{\"@type\":\"SearchAction\",\"target\":{\"@type\":\"EntryPoint\",\"urlTemplate\":\"https:\\\/\\\/starlediluminacion.com\\\/?s={search_term_string}\"},\"query-input\":{\"@type\":\"PropertyValueSpecification\",\"valueRequired\":true,\"valueName\":\"search_term_string\"}}],\"inLanguage\":\"pt-PT\"}]}<\/script>\n<!-- \/ Yoast SEO plugin. -->","yoast_head_json":{"title":"Aplique LED Negro - LERUM - Para E27 LED - STARLED Iluminacion","robots":{"index":"index","follow":"follow","max-snippet":"max-snippet:-1","max-image-preview":"max-image-preview:large","max-video-preview":"max-video-preview:-1"},"canonical":"https:\/\/starlediluminacion.com\/pt\/product\/lampes-murales-led-noir-lerum-pour-e27-led-2\/","og_locale":"pt_PT","og_type":"article","og_title":"Aplique LED Negro - LERUM - Para E27 LED - STARLED Iluminacion","og_description":"Referencia: SL91739      Nuestro\u00a0Aplique Led\u00a0LERUM\u00a0ofrece m\u00faltiples estilos para todo tipo de decoraci\u00f3n, destaca por su color\u00a0negro\u00a0y ha sido fabricado en\u00a0aluminio\u00a0de alta resistencia. La\u00a0l\u00e1mpara de pared\u00a0necesita una\u00a0bombilla\u00a0con casquillo\u00a0E27\u00a0para su funcionamiento correcto.\u00a0Adem\u00e1s gracias a su\u00a0base\u00a0de\u00a0madera natural\u00a0es ideal para colocarlo en cualquier zona de interior creando ambientes c\u00e1lidos y modernos,\u00a0si se a\u00f1ade una bombilla de Filamento se consigue una iluminaci\u00f3n relajante y vintage.  Su\u00a0tulipa\u00a0con forma de cono tiene una apertura de\u00a0120\u00ba, consiguiendo\u00a0repartir\u00a0la luz de forma homog\u00e9nea llegando a iluminar m\u00e1s espacio. La\u00a0instalaci\u00f3n\u00a0es muy\u00a0sencilla\u00a0y r\u00e1pida para que cualquier persona pueda montarlo siguiendo las instrucciones.  El producto NO incluye bombilla. \u00a0Entrega en 24\/48 horas \u00a0Garant\u00eda de producto asegurada     \u00a0","og_url":"https:\/\/starlediluminacion.com\/pt\/product\/lampes-murales-led-noir-lerum-pour-e27-led-2\/","og_site_name":"STARLED Iluminacion","article_modified_time":"2024-06-16T14:42:40+00:00","og_image":[{"width":744,"height":800,"url":"https:\/\/starlediluminacion.com\/wp-content\/uploads\/2023\/12\/aplique-led-negro-lerum-para-e27-led.jpg","type":"image\/jpeg"}],"twitter_card":"summary_large_image","twitter_misc":{"Tempo estimado de leitura":"2 minutos"},"schema":{"@context":"https:\/\/schema.org","@graph":[{"@type":"WebPage","@id":"https:\/\/starlediluminacion.com\/fr\/product\/lampes-murales-led-noir-lerum-pour-e27-led-2\/","url":"https:\/\/starlediluminacion.com\/fr\/product\/lampes-murales-led-noir-lerum-pour-e27-led-2\/","name":"Aplique LED Negro - LERUM - Para E27 LED - STARLED Iluminacion","isPartOf":{"@id":"https:\/\/starlediluminacion.com\/#website"},"primaryImageOfPage":{"@id":"https:\/\/starlediluminacion.com\/fr\/product\/lampes-murales-led-noir-lerum-pour-e27-led-2\/#primaryimage"},"image":{"@id":"https:\/\/starlediluminacion.com\/fr\/product\/lampes-murales-led-noir-lerum-pour-e27-led-2\/#primaryimage"},"thumbnailUrl":"https:\/\/starlediluminacion.com\/wp-content\/uploads\/2023\/12\/aplique-led-negro-lerum-para-e27-led.jpg","datePublished":"2023-12-04T17:46:49+00:00","dateModified":"2024-06-16T14:42:40+00:00","breadcrumb":{"@id":"https:\/\/starlediluminacion.com\/fr\/product\/lampes-murales-led-noir-lerum-pour-e27-led-2\/#breadcrumb"},"inLanguage":"pt-PT","potentialAction":[{"@type":"ReadAction","target":["https:\/\/starlediluminacion.com\/fr\/product\/lampes-murales-led-noir-lerum-pour-e27-led-2\/"]}]},{"@type":"ImageObject","inLanguage":"pt-PT","@id":"https:\/\/starlediluminacion.com\/fr\/product\/lampes-murales-led-noir-lerum-pour-e27-led-2\/#primaryimage","url":"https:\/\/starlediluminacion.com\/wp-content\/uploads\/2023\/12\/aplique-led-negro-lerum-para-e27-led.jpg","contentUrl":"https:\/\/starlediluminacion.com\/wp-content\/uploads\/2023\/12\/aplique-led-negro-lerum-para-e27-led.jpg","width":744,"height":800},{"@type":"BreadcrumbList","@id":"https:\/\/starlediluminacion.com\/fr\/product\/lampes-murales-led-noir-lerum-pour-e27-led-2\/#breadcrumb","itemListElement":[{"@type":"ListItem","position":1,"name":"Portada","item":"https:\/\/starlediluminacion.com\/"},{"@type":"ListItem","position":2,"name":"Shop","item":"https:\/\/starlediluminacion.com\/shop-2\/"},{"@type":"ListItem","position":3,"name":"Aplique LED Negro &#8211; LERUM &#8211; Para E27 LED"}]},{"@type":"WebSite","@id":"https:\/\/starlediluminacion.com\/#website","url":"https:\/\/starlediluminacion.com\/","name":"STARLED Iluminacion","description":"","potentialAction":[{"@type":"SearchAction","target":{"@type":"EntryPoint","urlTemplate":"https:\/\/starlediluminacion.com\/?s={search_term_string}"},"query-input":{"@type":"PropertyValueSpecification","valueRequired":true,"valueName":"search_term_string"}}],"inLanguage":"pt-PT"}]}},"_links":{"self":[{"href":"https:\/\/starlediluminacion.com\/pt\/wp-json\/wp\/v3\/product\/11638","targetHints":{"allow":["GET"]}}],"collection":[{"href":"https:\/\/starlediluminacion.com\/pt\/wp-json\/wp\/v3\/product"}],"about":[{"href":"https:\/\/starlediluminacion.com\/pt\/wp-json\/wp\/v2\/types\/product"}],"wp:featuredmedia":[{"embeddable":true,"href":"https:\/\/starlediluminacion.com\/pt\/wp-json\/wp\/v2\/media\/11657"}],"wp:attachment":[{"href":"https:\/\/starlediluminacion.com\/pt\/wp-json\/wp\/v2\/media?parent=11638"}],"wp:term":[{"taxonomy":"product_cat","embeddable":true,"href":"https:\/\/starlediluminacion.com\/pt\/wp-json\/wp\/v2\/product_cat?post=11638"},{"taxonomy":"product_tag","embeddable":true,"href":"https:\/\/starlediluminacion.com\/pt\/wp-json\/wp\/v2\/product_tag?post=11638"}],"curies":[{"name":"wp","href":"https:\/\/api.w.org\/{rel}","templated":true}]}}