{"id":11403,"date":"2023-12-04T11:00:39","date_gmt":"2023-12-04T11:00:39","guid":{"rendered":"https:\/\/starlediluminacion.com\/?post_type=product&#038;p=11403"},"modified":"2024-01-29T12:32:07","modified_gmt":"2024-01-29T12:32:07","slug":"bombilla-led-filamento-decorativa-7w-e27-ambar","status":"publish","type":"product","link":"https:\/\/starlediluminacion.com\/pt\/product\/lampada-led-filamento-decorativa-7w-e27-ambar-2\/","title":{"rendered":"<p>L\u00e2mpada de filamento decorativa LED 7W E27 - \u00c2mbar<\/p>"},"content":{"rendered":"<h1>L\u00e2mpada de filamento decorativa LED 7W E27 - \u00c2mbar<p>Isto&nbsp;<strong>l\u00e2mpada decorativa&nbsp;<\/strong>a partir de<strong>&nbsp;7W<\/strong>&nbsp;com&nbsp;<strong>Base E27<\/strong>&nbsp;oferece uma alternativa altamente eficiente em termos energ\u00e9ticos para embelezar tanto a sua casa como a sua empresa.<\/p><p>Esta joia luminosa em forma de ab\u00f3bora, equipada com a mais recente tecnologia&nbsp;<strong>Filamento LED<\/strong>A nova l\u00e2mpada funde um design sofisticado com uma abordagem ecol\u00f3gica. Meticulosamente trabalhada a partir de materiais de primeira qualidade e de um vidro com um padr\u00e3o excecional, esta l\u00e2mpada n\u00e3o s\u00f3 ilumina os seus espa\u00e7os com uma efici\u00eancia extraordin\u00e1ria, como tamb\u00e9m se junta \u00e0 causa da prote\u00e7\u00e3o do planeta gra\u00e7as \u00e0 sua extraordin\u00e1ria poupan\u00e7a de energia.<\/p><p>O seu design elegante e moderno, caracterizado por uma elegante caixa de vidro em forma de ab\u00f3bora, integra-se perfeitamente em qualquer esquema de decora\u00e7\u00e3o interior. Este complemento n\u00e3o s\u00f3 ilumina os seus espa\u00e7os, como tamb\u00e9m acrescenta um toque de charme e estilo inigual\u00e1veis ao seu ambiente.<\/p><p>Para al\u00e9m da sua est\u00e9tica impressionante, esta l\u00e2mpada foi meticulosamente concebida para uma durabilidade excecional, tornando-a um investimento inteligente a longo prazo. Com uma vida \u00fatil prolongada e um consumo de energia m\u00ednimo, esta l\u00e2mpada permite-lhe desfrutar de uma ilumina\u00e7\u00e3o eficiente e sustent\u00e1vel sem comprometer o estilo ou o desempenho.<\/p><h2>Utiliza\u00e7\u00f5es da L\u00e2mpada de Filamento Decorativa LED 7W E27 - \u00c2mbar<\/h2><ul>\n<li>Ilumina\u00e7\u00e3o decorativa<\/li>\n<li>L\u00e2mpadas pendentes<\/li>\n<li>Luzes de parede industriais<\/li>\n<li>Candeeiros de secret\u00e1ria ou de cabeceira<\/li>\n<\/ul><h3 class=\"h6\">Folha de dados do produto<\/h3><dl class=\"data-sheet\">\n<dt class=\"name\"><img loading=\"lazy\" decoding=\"async\" src=\"https:\/\/www.factorled.com\/modules\/oa_features\/img\/2-default.jpg\" width=\"32\" height=\"32\">&nbsp;REFER\u00caNCIA<\/dt>\n<dd class=\"value\">DL7W-GW-91178<\/dd>\n<dt class=\"name\"><img loading=\"lazy\" decoding=\"async\" src=\"https:\/\/www.factorled.com\/modules\/oa_features\/img\/3-default.jpg\" width=\"32\" height=\"32\">&nbsp;Pot\u00eancia nominal<\/dt>\n<dd class=\"value\">7W<\/dd>\n<dt class=\"name\"><img loading=\"lazy\" decoding=\"async\" src=\"https:\/\/www.factorled.com\/modules\/oa_features\/img\/4-default.jpg\" width=\"32\" height=\"32\">&nbsp;Tens\u00e3o nominal<\/dt>\n<dd class=\"value\">220-240V<\/dd>\n<dt class=\"name\"><img loading=\"lazy\" decoding=\"async\" src=\"https:\/\/www.factorled.com\/modules\/oa_features\/img\/5-default.jpg\" width=\"32\" height=\"32\">&nbsp;Temperatura da luz<\/dt>\n<dd class=\"value\">1800K<\/dd>\n<dt class=\"name\"><img loading=\"lazy\" decoding=\"async\" src=\"https:\/\/www.factorled.com\/modules\/oa_features\/img\/6-default.jpg\" width=\"32\" height=\"32\">&nbsp;CRI - \u00cdndice de restitui\u00e7\u00e3o de cor<\/dt>\n<dd class=\"value\">80<\/dd>\n<dt class=\"name\"><img loading=\"lazy\" decoding=\"async\" src=\"https:\/\/www.factorled.com\/modules\/oa_features\/img\/25-default.jpg\" width=\"32\" height=\"32\">&nbsp;Material de constru\u00e7\u00e3o<\/dt>\n<dd class=\"value\">PMMA + A\u00e7o<\/dd>\n<dt class=\"name\"><img loading=\"lazy\" decoding=\"async\" src=\"https:\/\/www.factorled.com\/modules\/oa_features\/img\/8-default.jpg\" width=\"32\" height=\"32\">&nbsp;Luminosidade-Lm<\/dt>\n<dd class=\"value\">85<\/dd>\n<dt class=\"name\"><img loading=\"lazy\" decoding=\"async\" src=\"https:\/\/www.factorled.com\/modules\/oa_features\/img\/10-default.jpg\" width=\"32\" height=\"32\">&nbsp;\u00c2ngulo de abertura (\u00ba)<\/dt>\n<dd class=\"value\">360\u00ba<\/dd>\n<dt class=\"name\"><img loading=\"lazy\" decoding=\"async\" src=\"https:\/\/www.factorled.com\/modules\/oa_features\/img\/14-default.jpg\" width=\"32\" height=\"32\">&nbsp;Tampa<\/dt>\n<dd class=\"value\">E27<\/dd>\n<dt class=\"name\"><img loading=\"lazy\" decoding=\"async\" src=\"https:\/\/www.factorled.com\/modules\/oa_features\/img\/15-default.jpg\" width=\"32\" height=\"32\">&nbsp;Certificados<\/dt>\n<dd class=\"value\">CE - ROHS<\/dd>\n<dt class=\"name\"><img loading=\"lazy\" decoding=\"async\" src=\"https:\/\/www.factorled.com\/modules\/oa_features\/img\/16-default.jpg\" width=\"32\" height=\"32\">&nbsp;Classifica\u00e7\u00e3o IP<\/dt>\n<dd class=\"value\">IP20<\/dd>\n<dt class=\"name\"><img loading=\"lazy\" decoding=\"async\" src=\"https:\/\/www.factorled.com\/modules\/oa_features\/img\/18-default.jpg\" width=\"32\" height=\"32\">&nbsp;Medidas (Mm)<\/dt>\n<dd class=\"value\">130x166mm<\/dd>\n<dt class=\"name\"><img loading=\"lazy\" decoding=\"async\" src=\"https:\/\/www.factorled.com\/modules\/oa_features\/img\/21-default.jpg\" width=\"32\" height=\"32\">&nbsp;Frequ\u00eancia de trabalho (Hz)<\/dt>\n<dd class=\"value\">50\/60Hz<\/dd>\n<dt class=\"name\"><img loading=\"lazy\" decoding=\"async\" src=\"https:\/\/www.factorled.com\/modules\/oa_features\/img\/22-default.jpg\" width=\"32\" height=\"32\">&nbsp;Gama de temperaturas (\u00baC)<\/dt>\n<dd class=\"value\">-20?C ~ +55?C<\/dd>\n<dt class=\"name\"><img loading=\"lazy\" decoding=\"async\" src=\"https:\/\/www.factorled.com\/modules\/oa_features\/img\/23-default.jpg\" width=\"32\" height=\"32\">&nbsp;Ciclos de igni\u00e7\u00e3o<\/dt>\n<dd class=\"value\">100.000<\/dd>\n<dt class=\"name\"><img loading=\"lazy\" decoding=\"async\" src=\"https:\/\/www.factorled.com\/modules\/oa_features\/img\/24-default.jpg\" width=\"32\" height=\"32\">&nbsp;Tempo de arranque (S)<\/dt>\n<dd class=\"value\">0,2s<\/dd>\n<dt class=\"name\"><img loading=\"lazy\" decoding=\"async\" src=\"https:\/\/www.factorled.com\/modules\/oa_features\/img\/7-default.jpg\" width=\"32\" height=\"32\">&nbsp;Classe energ\u00e9tica (2021-UE-2019\/2015)<\/dt>\n<dd class=\"value\">A+<\/dd>\n<dt class=\"name\"><img loading=\"lazy\" decoding=\"async\" src=\"https:\/\/www.factorled.com\/modules\/oa_features\/img\/101-default.jpg\" width=\"32\" height=\"32\">&nbsp;Classe energ\u00e9tica (2023 - UE-2019\/2015)<\/dt>\n<dd class=\"value\">F<\/dd>\n<dt class=\"name\"><img loading=\"lazy\" decoding=\"async\" src=\"https:\/\/www.factorled.com\/modules\/oa_features\/img\/75-default.jpg\" width=\"32\" height=\"32\">&nbsp;Anos de garantia<\/dt>\n<dd class=\"value\">3<\/dd>\n<\/dl><\/h1>","protected":false},"excerpt":{"rendered":"<div class=\"product-reference\"><label class=\"label\">Refer\u00eancia:<\/label><strong> SLDL7W-GW-91178<\/strong>\n<div><\/div>\n<div class=\"product-description-short\">\n<div id=\"product-description-short-3080\">\n<p>Isto&nbsp;<strong>L\u00e2mpada de filamento LED<\/strong>&nbsp;<strong>7W<\/strong>&nbsp;com um desenho em forma de ab\u00f3bora, em vidro estampado e com uma&nbsp;<strong>Tomada E27<\/strong>\u00e9 uma escolha amiga do ambiente gra\u00e7as \u00e0 sua efici\u00eancia energ\u00e9tica. O seu design atraente, moderno e elegante, caracterizado pela sua caixa de vidro com padr\u00e3o de ab\u00f3bora, complementar\u00e1 com estilo qualquer decora\u00e7\u00e3o interior.<\/p>\n<div class=\"col-md-12\"><i class=\"fa fa-truck\"><\/i>&nbsp;<span class=\"text-muted textprop\">Entrega em 24\/48 horas<\/span><\/div>\n<div class=\"col-md-12\"><i class=\"fa fa-exchange\"><\/i>&nbsp;<span class=\"text-muted textprop\">Garantia de produto assegurada<\/span><\/div>\n<\/div>\n<\/div><\/div>","protected":false},"featured_media":11408,"template":"","meta":{"site-sidebar-layout":"default","site-content-layout":"default","ast-global-header-display":"","ast-main-header-display":"","ast-hfb-above-header-display":"","ast-hfb-below-header-display":"","ast-hfb-mobile-header-display":"","site-post-title":"","ast-breadcrumbs-content":"","ast-featured-img":"","footer-sml-layout":"","theme-transparent-header-meta":"default","adv-header-id-meta":"","stick-header-meta":"","header-above-stick-meta":"","header-main-stick-meta":"","header-below-stick-meta":""},"product_cat":[46,23],"product_tag":[],"class_list":["post-11403","product","type-product","status-publish","has-post-thumbnail","hentry","product_cat-bombillas-led-e27","product_cat-bombillas-y-lamparas-led"],"_links":{"self":[{"href":"https:\/\/starlediluminacion.com\/pt\/wp-json\/wp\/v3\/product\/11403","targetHints":{"allow":["GET"]}}],"collection":[{"href":"https:\/\/starlediluminacion.com\/pt\/wp-json\/wp\/v3\/product"}],"about":[{"href":"https:\/\/starlediluminacion.com\/pt\/wp-json\/wp\/v2\/types\/product"}],"wp:featuredmedia":[{"embeddable":true,"href":"https:\/\/starlediluminacion.com\/pt\/wp-json\/wp\/v2\/media\/11408"}],"wp:attachment":[{"href":"https:\/\/starlediluminacion.com\/pt\/wp-json\/wp\/v2\/media?parent=11403"}],"wp:term":[{"taxonomy":"product_cat","embeddable":true,"href":"https:\/\/starlediluminacion.com\/pt\/wp-json\/wp\/v2\/product_cat?post=11403"},{"taxonomy":"product_tag","embeddable":true,"href":"https:\/\/starlediluminacion.com\/pt\/wp-json\/wp\/v2\/product_tag?post=11403"}],"curies":[{"name":"wp","href":"https:\/\/api.w.org\/{rel}","templated":true}]}}