{"id":11109,"date":"2023-09-26T09:31:15","date_gmt":"2023-09-26T09:31:15","guid":{"rendered":"https:\/\/starlediluminacion.com\/?post_type=product&#038;p=11109"},"modified":"2023-12-04T10:33:53","modified_gmt":"2023-12-04T10:33:53","slug":"pica-solar-led-jardin-rgbcct-ip65","status":"publish","type":"product","link":"https:\/\/starlediluminacion.com\/pt\/product\/pica-solar-led-jardin-rgbcct-ip65\/","title":{"rendered":"<p>Poste de jardim solar LED - RGB+CCT - IP65<\/p>"},"content":{"rendered":"<h1>Poste de jardim solar LED - RGB+CCT - IP65- Luz selecion\u00e1vel<p>&nbsp;<\/p><p>Transforme o seu&nbsp;<strong>jardim<\/strong>&nbsp;num o\u00e1sis de luz e cor com o fascinante&nbsp;<strong>Bast\u00f5es solares LED RGB+CCT<\/strong>. Concebidos para proporcionar uma experi\u00eancia de ilumina\u00e7\u00e3o \u00fanica, estes&nbsp;<strong>projectores solares<\/strong>&nbsp;a partir de<strong>&nbsp;fora<\/strong>&nbsp;s\u00e3o ideais para real\u00e7ar a beleza do seu espa\u00e7o exterior. A sua resist\u00eancia \u00e0 \u00e1gua garante um desempenho duradouro, permitindo-lhe desfrutar de noites m\u00e1gicas sob o c\u00e9u estrelado.<\/p><p>&nbsp;<\/p><h3>Descri\u00e7\u00e3o das fun\u00e7\u00f5es:<\/h3><p>1. bot\u00e3o ON\/OFF traseiro: Prima o bot\u00e3o na parte de tr\u00e1s para ligar e desligar a l\u00e2mpada. Tem fun\u00e7\u00e3o de mem\u00f3ria, pelo que pode memorizar o \u00faltimo modo de funcionamento sempre que \u00e9 ligado.<br>\n2. No total, tem&nbsp;<strong>10 cores:<\/strong>&nbsp;Branco quente (3000k), Branco natural (4000k), Branco frio (6000k), Vermelho, Verde, Azul, Ciano, Roxo, Azul celeste, Azul branco.<br>\n3. Existem duas formas de trabalhar:<\/p><ul>\n<li>Luzes que mudam: dez cores mudam automaticamente a cada 5 segundos.<\/li>\n<li>B - Sempre ligado com 1 cor: Muda de cor tocando no corpo da l\u00e2mpada. Ao mudar o modo, a primeira cor branca quente (3000k) est\u00e1 no modo de respira\u00e7\u00e3o. Aguarde 5 segundos para que a cor mude automaticamente.<\/li>\n<\/ul><p><strong>Carater\u00edsticas brilhantes:<\/strong><\/p><p>Imagine poder personalizar a ilumina\u00e7\u00e3o do seu jardim de acordo com o seu estado de esp\u00edrito ou a ocasi\u00e3o. Os projectores LED solares RGB+CCT d\u00e3o-lhe a liberdade de escolher entre uma vasta gama de cores e temperaturas de luz, desde tons quentes e acolhedores a cores vibrantes. Estes vers\u00e1teis projectores permitem-lhe criar atmosferas \u00fanicas com o toque de um bot\u00e3o.<\/p><p>&nbsp;<\/p><p><strong>Antes de mais, a durabilidade:<\/strong><\/p><p>Independentemente de estar a chover ou a fazer sol, os LED Solar Sticks s\u00e3o \u00e0 prova de \u00e1gua e t\u00eam classifica\u00e7\u00e3o de resist\u00eancia \u00e0 \u00e1gua.&nbsp;<strong>IP65<\/strong>o que significa que foram concebidos para resistir a uma variedade de condi\u00e7\u00f5es climat\u00e9ricas. Quer seja no inverno ou no ver\u00e3o, pode contar com estes projectores solares para manter a sua qualidade e desempenho, proporcionando-lhe uma ilumina\u00e7\u00e3o fi\u00e1vel em qualquer altura.<\/p><p>&nbsp;<\/p><p><strong>Sustentabilidade em cada raio de luz:<\/strong><\/p><p>Para al\u00e9m do seu fant\u00e1stico desempenho, as LED Solar Spades s\u00e3o amigas do ambiente. Ao funcionar com&nbsp;<strong>energia solar,<\/strong>&nbsp;ajudam-no a reduzir a sua pegada de carbono enquanto iluminam o seu jardim. Esque\u00e7a os fios e as contas de eletricidade e adopte uma op\u00e7\u00e3o sustent\u00e1vel que ajuda a cuidar do planeta.<\/p><p>&nbsp;<\/p><p><strong>Instala\u00e7\u00e3o simples:<\/strong><\/p><p>A instala\u00e7\u00e3o dos Espig\u00f5es Solares LED \u00e9 r\u00e1pida e f\u00e1cil. Gra\u00e7as ao seu design inteligente e compacto, pode coloc\u00e1-los em qualquer parte do seu jardim sem problemas. Quer seja no relvado, num caminho de pedra ou \u00e0 volta de arbustos, estes projectores integram-se perfeitamente em qualquer ambiente.<\/p><p>&nbsp;<\/p><p><strong>Cria um ambiente m\u00e1gico:<\/strong><\/p><p>Imagine as noites m\u00e1gicas que o esperam com as Picas Solares LED RGB+CCT. Quer se trate de um jantar \u00edntimo ao ar livre, de um encontro com amigos ou simplesmente de relaxar sob as estrelas, estas luzes transformar\u00e3o o seu jardim num cen\u00e1rio de sonho, cheio de cor e encanto.<\/p><p>&nbsp;<\/p><p>D\u00ea vida ao seu jardim com a ilumina\u00e7\u00e3o que ele merece. Descubra a beleza das p\u00e1s LED solares RGB+CCT e experimente a magia da luz e da cor em cada canto. Clique para obter a sua hoje e comece a criar momentos inesquec\u00edveis no seu espa\u00e7o exterior!<\/p><h3 class=\"page-product-heading\">DADOS T\u00c9CNICOS<\/h3><div class=\"col-xs-12 col-md-6\">\n<table class=\"table table-data-sheet 1\">\n<tbody>\n<tr class=\"odd\">\n<td valign=\"middle\" width=\"32\"><img decoding=\"async\" title=\"refer\u00eancia\" src=\"https:\/\/www.factorled.com\/modules\/oa_features\/img\/2-default.jpg\" alt=\"refer\u00eancia\"><\/td>\n<td valign=\"middle\">REFER\u00caNCIA :<\/td>\n<td valign=\"middle\">SLSGL-CCTRGB-91702<\/td>\n<\/tr>\n<tr class=\"even\">\n<td valign=\"middle\" width=\"32\"><img decoding=\"async\" title=\"Pot\u00eancia nominal \" src=\"https:\/\/www.factorled.com\/modules\/oa_features\/img\/3-default.jpg\" alt=\"Pot\u00eancia nominal \"><\/td>\n<td valign=\"middle\">Pot\u00eancia nominal :<\/td>\n<td valign=\"middle\">5W<\/td>\n<\/tr>\n<tr class=\"odd\">\n<td valign=\"middle\" width=\"32\"><img decoding=\"async\" title=\"Tens\u00e3o nominal\" src=\"https:\/\/www.factorled.com\/modules\/oa_features\/img\/4-default.jpg\" alt=\"Tens\u00e3o nominal\"><\/td>\n<td valign=\"middle\">Tens\u00e3o Nominal:<\/td>\n<td valign=\"middle\">3,7V DC<\/td>\n<\/tr>\n<tr class=\"even\">\n<td valign=\"middle\" width=\"32\"><img decoding=\"async\" title=\"Temperatura da luz\" src=\"https:\/\/www.factorled.com\/modules\/oa_features\/img\/5-default.jpg\" alt=\"Temperatura da luz\"><\/td>\n<td valign=\"middle\">Temperatura ligeira:<\/td>\n<td valign=\"middle\">RGB+CCT<\/td>\n<\/tr>\n<tr class=\"odd\">\n<td valign=\"middle\" width=\"32\"><img decoding=\"async\" title=\"IRC\" src=\"https:\/\/www.factorled.com\/modules\/oa_features\/img\/6-default.jpg\" alt=\"IRC\"><\/td>\n<td valign=\"middle\">CRI - Colour Rendering Index:<\/td>\n<td valign=\"middle\">80<\/td>\n<\/tr>\n<tr class=\"even\">\n<td valign=\"middle\" width=\"32\"><img decoding=\"async\" title=\"Material de constru\u00e7\u00e3o\" src=\"https:\/\/www.factorled.com\/modules\/oa_features\/img\/25-default.jpg\" alt=\"Material de constru\u00e7\u00e3o\"><\/td>\n<td valign=\"middle\">Material de constru\u00e7\u00e3o:<\/td>\n<td valign=\"middle\">ABS+PCB<\/td>\n<\/tr>\n<tr class=\"odd\">\n<td valign=\"middle\" width=\"32\"><img decoding=\"async\" title=\"Brilho \" src=\"https:\/\/www.factorled.com\/modules\/oa_features\/img\/8-default.jpg\" alt=\"Brilho \"><\/td>\n<td valign=\"middle\">Luminosidade-Lm:<\/td>\n<td valign=\"middle\">150<\/td>\n<\/tr>\n<tr class=\"even\">\n<td valign=\"middle\" width=\"32\"><img decoding=\"async\" title=\"Tipo de LEDs\" src=\"https:\/\/www.factorled.com\/modules\/oa_features\/img\/9-default.jpg\" alt=\"Tipo de LEDs\"><\/td>\n<td valign=\"middle\">Tipo de LEDs:<\/td>\n<td valign=\"middle\">SMD<\/td>\n<\/tr>\n<tr class=\"odd\">\n<td valign=\"middle\" width=\"32\"><img decoding=\"async\" title=\"\u00c2ngulo de abertura\" src=\"https:\/\/www.factorled.com\/modules\/oa_features\/img\/10-default.jpg\" alt=\"\u00c2ngulo de abertura\"><\/td>\n<td valign=\"middle\">\u00c2ngulo de abertura (\u00ba):<\/td>\n<td valign=\"middle\">36\u00ba<\/td>\n<\/tr>\n<tr class=\"even\">\n<td valign=\"middle\" width=\"32\"><img decoding=\"async\" title=\"Efic\u00e1cia luminosa\" src=\"https:\/\/www.factorled.com\/modules\/oa_features\/img\/13-default.jpg\" alt=\"Efic\u00e1cia luminosa\"><\/td>\n<td valign=\"middle\">Efic\u00e1cia luminosa (Lm\/W):<\/td>\n<td valign=\"middle\">90Lm\/W<\/td>\n<\/tr>\n<\/tbody>\n<\/table>\n<\/div><div class=\"col-xs-12 col-md-6 2\">\n<table class=\"table table-data-sheet 2\">\n<tbody>\n<tr class=\"odd\">\n<td valign=\"middle\" width=\"32\"><img decoding=\"async\" title=\"Certificados\" src=\"https:\/\/www.factorled.com\/modules\/oa_features\/img\/15-default.jpg\" alt=\"Certificados\"><\/td>\n<td valign=\"middle\">Certificados:<\/td>\n<td valign=\"middle\">CE - ROHS<\/td>\n<\/tr>\n<tr class=\"even\">\n<td valign=\"middle\" width=\"32\"><img decoding=\"async\" title=\"Grau IP\" src=\"https:\/\/www.factorled.com\/modules\/oa_features\/img\/16-default.jpg\" alt=\"Grau IP\"><\/td>\n<td valign=\"middle\">Classifica\u00e7\u00e3o IP:<\/td>\n<td valign=\"middle\">IP65-Outdoor<\/td>\n<\/tr>\n<tr class=\"odd\">\n<td valign=\"middle\" width=\"32\"><img decoding=\"async\" title=\"Vida \u00fatil estimada \" src=\"https:\/\/www.factorled.com\/modules\/oa_features\/img\/17-default.jpg\" alt=\"Vida \u00fatil estimada \"><\/td>\n<td valign=\"middle\">D\u00edodo LED de vida estimada (H):<\/td>\n<td valign=\"middle\">35.000<\/td>\n<\/tr>\n<tr class=\"even\">\n<td valign=\"middle\" width=\"32\"><img decoding=\"async\" title=\"Medidas \" src=\"https:\/\/www.factorled.com\/modules\/oa_features\/img\/18-default.jpg\" alt=\"Medidas \"><\/td>\n<td valign=\"middle\">Dimens\u00f5es (mm):<\/td>\n<td valign=\"middle\">Tamanho da l\u00e2mpada: \u00d8165x35mm<\/td>\n<\/tr>\n<tr class=\"odd\">\n<td valign=\"middle\" width=\"32\"><img decoding=\"async\" title=\"Tempo de carregamento \" src=\"https:\/\/www.factorled.com\/modules\/oa_features\/img\/28-default.jpg\" alt=\"Tempo de carregamento \"><\/td>\n<td valign=\"middle\">Material da bateria :<\/td>\n<td valign=\"middle\">Bateria de l\u00edtio -LiFeO4?3.7V 2000mAH<\/td>\n<\/tr>\n<tr class=\"even\">\n<td valign=\"middle\" width=\"32\"><img decoding=\"async\" title=\"Tempo de descarga \" src=\"https:\/\/www.factorled.com\/modules\/oa_features\/img\/29-default.jpg\" alt=\"Tempo de descarga \"><\/td>\n<td valign=\"middle\">Tempo de descarga (h):<\/td>\n<td valign=\"middle\">6-8H<\/td>\n<\/tr>\n<tr class=\"odd\">\n<td valign=\"middle\" width=\"32\"><img decoding=\"async\" title=\"Prote\u00e7\u00e3o contra impactos (IK)\" src=\"https:\/\/www.factorled.com\/modules\/oa_features\/img\/73-default.jpg\" alt=\"Prote\u00e7\u00e3o contra impactos (IK)\"><\/td>\n<td valign=\"middle\">Protec\u00e7\u00e3o contra impactos (IK):<\/td>\n<td valign=\"middle\">IK08<\/td>\n<\/tr>\n<tr class=\"even\">\n<td valign=\"middle\" width=\"32\"><img decoding=\"async\" title=\"Classe energ\u00e9tica\" src=\"https:\/\/www.factorled.com\/modules\/oa_features\/img\/7-default.jpg\" alt=\"Classe energ\u00e9tica\"><\/td>\n<td valign=\"middle\">Classe energ\u00e9tica (2021-EU-2019\/2015):<\/td>\n<td valign=\"middle\">A++<\/td>\n<\/tr>\n<tr class=\"odd\">\n<td valign=\"middle\" width=\"32\"><img decoding=\"async\" title=\"Garantia\" src=\"https:\/\/www.factorled.com\/modules\/oa_features\/img\/75-default.jpg\" alt=\"Garantia\"><\/td>\n<td valign=\"middle\">Anos de garantia:<\/td>\n<td valign=\"middle\">3<\/td>\n<\/tr>\n<tr class=\"even\">\n<td valign=\"middle\" width=\"32\"><img decoding=\"async\" title=\"\" src=\"https:\/\/www.factorled.com\/es\/foco-proyector-serie-eco-y-solar\/2975-pica-solar-led-jardin-rgb-cct-ip65-8435612964549.html\" alt=\"\"><\/td>\n<td valign=\"middle\">Painel solar:<\/td>\n<td valign=\"middle\">Policristalino 5V 1W<\/td>\n<\/tr>\n<\/tbody>\n<\/table>\n<\/div><\/h1>","protected":false},"excerpt":{"rendered":"<p>REFER\u00caNCIA: SL91702<p><strong>Piquete solar LED<\/strong>&nbsp;para&nbsp;<strong>jardim<\/strong>&nbsp;com cor de&nbsp;<strong>Luz CCT + RGB&nbsp;<\/strong>&nbsp;\u00e9 uma op\u00e7\u00e3o elegante e moderna que funciona com&nbsp;<strong>energia solar<\/strong>&nbsp;e emite uma luz agrad\u00e1vel. Descubra a magia da ilumina\u00e7\u00e3o exterior com luzes RGB e tr\u00eas tonalidades de branco 3000K 4000K, 6000K e eleve o seu espa\u00e7o exterior a um novo n\u00edvel de estilo e ambiente.<\/p><p>Com este<strong>&nbsp;projetor solar de exterior<\/strong>&nbsp;pode desfrutar da flexibilidade de alternar entre tons de luz quentes e frios, bem como de uma gama completa de cores vibrantes. Comece a desfrutar agora!<\/p><div class=\"col-md-12\"><i class=\"fa fa-truck\"><\/i>&nbsp;<span class=\"text-muted textprop\">Entrega em 24\/48 horas<\/span><\/div><div class=\"col-md-12\"><i class=\"fa fa-exchange\"><\/i>&nbsp;<span class=\"text-muted textprop\">Garantia do segurado<\/span><\/div><div class=\"col-md-12\"><i class=\"fa fa-box\"><\/i>&nbsp;<span class=\"text-muted textprop\">20 unidade(s) por Masterbox<\/span><\/div><\/p>","protected":false},"featured_media":11118,"template":"","meta":{"site-sidebar-layout":"default","site-content-layout":"default","ast-global-header-display":"","ast-main-header-display":"","ast-hfb-above-header-display":"","ast-hfb-below-header-display":"","ast-hfb-mobile-header-display":"","site-post-title":"","ast-breadcrumbs-content":"","ast-featured-img":"","footer-sml-layout":"","theme-transparent-header-meta":"default","adv-header-id-meta":"","stick-header-meta":"","header-above-stick-meta":"","header-main-stick-meta":"","header-below-stick-meta":""},"product_cat":[80,28],"product_tag":[],"class_list":["post-11109","product","type-product","status-publish","has-post-thumbnail","hentry","product_cat-foco-proyector-serie-eco-y-solar","product_cat-proyectores-led-exterior-y-jardin"],"_links":{"self":[{"href":"https:\/\/starlediluminacion.com\/pt\/wp-json\/wp\/v3\/product\/11109","targetHints":{"allow":["GET"]}}],"collection":[{"href":"https:\/\/starlediluminacion.com\/pt\/wp-json\/wp\/v3\/product"}],"about":[{"href":"https:\/\/starlediluminacion.com\/pt\/wp-json\/wp\/v2\/types\/product"}],"wp:featuredmedia":[{"embeddable":true,"href":"https:\/\/starlediluminacion.com\/pt\/wp-json\/wp\/v2\/media\/11118"}],"wp:attachment":[{"href":"https:\/\/starlediluminacion.com\/pt\/wp-json\/wp\/v2\/media?parent=11109"}],"wp:term":[{"taxonomy":"product_cat","embeddable":true,"href":"https:\/\/starlediluminacion.com\/pt\/wp-json\/wp\/v2\/product_cat?post=11109"},{"taxonomy":"product_tag","embeddable":true,"href":"https:\/\/starlediluminacion.com\/pt\/wp-json\/wp\/v2\/product_tag?post=11109"}],"curies":[{"name":"wp","href":"https:\/\/api.w.org\/{rel}","templated":true}]}}