{"id":10779,"date":"2023-09-19T10:53:05","date_gmt":"2023-09-19T10:53:05","guid":{"rendered":"https:\/\/starlediluminacion.com\/?post_type=product&#038;p=10779"},"modified":"2024-01-29T12:46:36","modified_gmt":"2024-01-29T12:46:36","slug":"pack-10-panel-led-60x60-multivatio-48w-40w-36w-24w-osram-chip-duris-e-2835","status":"publish","type":"product","link":"https:\/\/starlediluminacion.com\/pt\/product\/pack-10-panel-led-60x60-multivatio-48w-40w-36w-24w-osram-chip-duris-e-2835\/","title":{"rendered":"<p>PACK 10 Painel LED 60\u00d760 Multivatio - 48W-40W-36W-24W - OSRAM CHIP DURIS E 2835<\/p>"},"content":{"rendered":"<h1>PACK 10 Painel LED 60\u00d760 Multivatio - 48W-40W-36W-24W - OSRAM CHIP DURIS E 2835<p>Descubra o inovador&nbsp;<strong>Painel LED Multivatio,<\/strong>&nbsp;uma solu\u00e7\u00e3o de ilumina\u00e7\u00e3o vers\u00e1til e eficiente que foi concebida para exceder as expectativas das suas necessidades de ilumina\u00e7\u00e3o. Com as suas carater\u00edsticas \u00fanicas e&nbsp;<strong>capacidade de selecionar diferentes pot\u00eancias,<\/strong>&nbsp;este painel adapta-se a uma variedade de aplica\u00e7\u00f5es, oferecendo um desempenho superior em qualquer ambiente.<\/p><ul>\n<li>Uma das carater\u00edsticas mais importantes do painel Multivatio LED \u00e9 a sua&nbsp;<strong>capacidade de adapta\u00e7\u00e3o a diferentes cen\u00e1rios de ilumina\u00e7\u00e3o.<\/strong>&nbsp;Com op\u00e7\u00f5es para&nbsp;<strong>pot\u00eancia selecion\u00e1vel de 48W, 40W, 36W e 24W,<\/strong>&nbsp;Este painel permite-lhe ajustar a intensidade da luz de acordo com as suas necessidades espec\u00edficas. Precisa de uma ilumina\u00e7\u00e3o brilhante e potente para espa\u00e7os de trabalho? Opte por 48 W. Prefere um ambiente mais descontra\u00eddo nas \u00e1reas de descanso? Escolha a defini\u00e7\u00e3o de 24W. A escolha est\u00e1 nas suas m\u00e3os, permitindo-lhe ter um controlo total sobre o seu ambiente.<\/li>\n<\/ul><ul>\n<li>O painel LED Multivatio n\u00e3o s\u00f3 lhe oferece op\u00e7\u00f5es de alimenta\u00e7\u00e3o vers\u00e1teis, como tamb\u00e9m disp\u00f5e de tecnologia de ponta para garantir um desempenho excecional. Equipado com LEDs de alto brilho&nbsp;<strong>OSRAM CHIP,<\/strong>&nbsp;este painel proporciona uma ilumina\u00e7\u00e3o brilhante e n\u00edtida sem comprometer a efici\u00eancia energ\u00e9tica. Para al\u00e9m disso, com o&nbsp;<strong>condutor NO FLICK<\/strong>&nbsp;integrado, desfrutar\u00e1 de uma experi\u00eancia sem cintila\u00e7\u00e3o, cuidando do seu bem-estar e do dos outros.<\/li>\n<\/ul><ul>\n<li>Quer esteja a atualizar as suas instala\u00e7\u00f5es existentes ou a planear uma nova constru\u00e7\u00e3o, o painel LED Multivatio \u00e9 a solu\u00e7\u00e3o ideal.&nbsp;<strong>adapta-se a diferentes necessidades de instala\u00e7\u00e3o.<\/strong>&nbsp;O seu design de 60\u00d760 (595\u00d7595 mm) torna-o perfeito para tectos desmont\u00e1veis e a sua versatilidade permite-lhe ser instalado de tr\u00eas formas diferentes: encastrado com o conversor, montado \u00e0 superf\u00edcie com o nosso kit de conversor de superf\u00edcie ou suspenso com o nosso kit de suspens\u00e3o. Poupe tempo e dinheiro ao ter uma op\u00e7\u00e3o de ilumina\u00e7\u00e3o que corresponde perfeitamente \u00e0s suas necessidades espec\u00edficas.<\/li>\n<\/ul><ul>\n<li>Em suma, o Painel LED Multivatio oferece uma combina\u00e7\u00e3o inigual\u00e1vel de versatilidade, efici\u00eancia e qualidade, dando-lhe a liberdade de personalizar a sua ilumina\u00e7\u00e3o como desejar. Desde espa\u00e7os comerciais a espa\u00e7os residenciais, este painel destaca-se como uma op\u00e7\u00e3o l\u00edder de mercado. Se procura uma solu\u00e7\u00e3o de ilumina\u00e7\u00e3o vers\u00e1til e atractiva, escolha o Painel LED Multivatio e experimente uma ilumina\u00e7\u00e3o que se adapta perfeitamente \u00e0s suas necessidades. A ilumina\u00e7\u00e3o do futuro est\u00e1 ao seu alcance - ilumine com confian\u00e7a!<\/li>\n<\/ul><h2><strong>Usos do PACK 10 Painel LED 60\u00d760 Multivatio - 48W-40W-36W-24W - OSRAM CHIP DURIS E 2835<\/strong><\/h2><ul>\n<li>O painel LED Multivatio, com a sua pot\u00eancia selecion\u00e1vel e design vers\u00e1til, oferece uma vasta gama de utiliza\u00e7\u00f5es e aplica\u00e7\u00f5es em v\u00e1rios ambientes. Alguns dos principais usos e aplica\u00e7\u00f5es incluem:1.&nbsp;<strong>Escrit\u00f3rios e espa\u00e7os de trabalho:<\/strong>&nbsp;O painel pode ser ajustado para diferentes n\u00edveis de ilumina\u00e7\u00e3o de acordo com as tarefas e o conforto do pessoal, melhorando a produtividade e o bem-estar geral.2.&nbsp;<strong>Lojas e pontos de venda a retalho:<\/strong>&nbsp;A op\u00e7\u00e3o de alimenta\u00e7\u00e3o selecion\u00e1vel permite-lhe destacar produtos ou criar ambientes atractivos para os clientes, melhorando a experi\u00eancia de compra.\n<p>3.&nbsp;<strong>Escolas e salas de aula:<\/strong>&nbsp;A capacidade de ajustar a sa\u00edda de luz facilita a ilumina\u00e7\u00e3o adequada para actividades educativas e apresenta\u00e7\u00f5es.<\/p>\n<p>4.&nbsp;<strong>Hospitais e centros de sa\u00fade:<\/strong>&nbsp;A ilumina\u00e7\u00e3o regul\u00e1vel ajuda a criar um ambiente confort\u00e1vel e relaxante para os doentes e o pessoal m\u00e9dico.<\/p>\n<p>5.&nbsp;<strong>Hot\u00e9is e restaurantes:<\/strong>&nbsp;A possibilidade de configurar a pot\u00eancia de ilumina\u00e7\u00e3o ajuda a criar atmosferas acolhedoras e elegantes para os convidados e comensais.<\/p>\n<p>6.&nbsp;<strong>Casas e resid\u00eancias:<\/strong>&nbsp;O Painel LED Multivatio adapta-se a diferentes necessidades de ilumina\u00e7\u00e3o em espa\u00e7os residenciais, desde \u00e1reas de estudo a salas de estar.<\/p>\n<p>7.&nbsp;<strong>Centros comerciais e zonas p\u00fablicas:<\/strong>&nbsp;A versatilidade do painel permite uma ilumina\u00e7\u00e3o uniforme e de alta qualidade em grandes espa\u00e7os.<\/p>\n<p>8.&nbsp;<strong>Galerias de arte e museus:<\/strong>&nbsp;A op\u00e7\u00e3o de pot\u00eancia selecion\u00e1vel garante uma ilumina\u00e7\u00e3o adequada para a exposi\u00e7\u00e3o de obras de arte e objectos de valor hist\u00f3rico.<\/p>\n<p>9.&nbsp;<strong>Ind\u00fastria e armaz\u00e9ns:<\/strong>&nbsp;A ilumina\u00e7\u00e3o ajust\u00e1vel \u00e9 ben\u00e9fica para se adaptar a diferentes tarefas e necessidades de ilumina\u00e7\u00e3o em \u00e1reas industriais.<\/p>\n<p>10.&nbsp;<strong>Instala\u00e7\u00f5es desportivas e gin\u00e1sios:<\/strong>&nbsp;O painel pode fornecer n\u00edveis adequados de ilumina\u00e7\u00e3o para diferentes actividades desportivas e recreativas.<\/p><\/li>\n<li>Globalmente, o Painel LED Multivatio \u00e9 uma op\u00e7\u00e3o vers\u00e1til e eficiente para praticamente qualquer ambiente onde seja necess\u00e1ria ilumina\u00e7\u00e3o, proporcionando uma solu\u00e7\u00e3o adapt\u00e1vel a diferentes necessidades e espa\u00e7os. A sua ajustabilidade e desempenho excecional tornam-no uma op\u00e7\u00e3o atractiva para quem procura uma ilumina\u00e7\u00e3o de qualidade e energeticamente eficiente em diversos contextos.<\/li>\n<\/ul><h3 class=\"page-product-heading\">DADOS T\u00c9CNICOS<\/h3><div class=\"col-xs-12 col-md-6\">\n<table class=\"table table-data-sheet 1\">\n<tbody>\n<tr class=\"odd\">\n<td valign=\"middle\" width=\"32\"><\/td>\n<td valign=\"middle\">REFER\u00caNCIA :<\/td>\n<td valign=\"middle\">SLPNOSR48W-PACK10<\/td>\n<\/tr>\n<tr class=\"even\">\n<td valign=\"middle\" width=\"32\"><\/td>\n<td valign=\"middle\">Pot\u00eancia nominal :<\/td>\n<td valign=\"middle\">48W<\/td>\n<\/tr>\n<tr class=\"odd\">\n<td valign=\"middle\" width=\"32\"><\/td>\n<td valign=\"middle\">Tens\u00e3o Nominal:<\/td>\n<td valign=\"middle\">175-265V<\/td>\n<\/tr>\n<tr class=\"even\">\n<td valign=\"middle\" width=\"32\"><\/td>\n<td valign=\"middle\">Temperatura ligeira:<\/td>\n<td valign=\"middle\">4000K-6000K<\/td>\n<\/tr>\n<tr class=\"odd\">\n<td valign=\"middle\" width=\"32\"><\/td>\n<td valign=\"middle\">CRI - Colour Rendering Index:<\/td>\n<td valign=\"middle\">82<\/td>\n<\/tr>\n<tr class=\"even\">\n<td valign=\"middle\" width=\"32\"><\/td>\n<td valign=\"middle\">Material de constru\u00e7\u00e3o:<\/td>\n<td valign=\"middle\">Alum\u00ednio +PC<\/td>\n<\/tr>\n<tr class=\"odd\">\n<td valign=\"middle\" width=\"32\"><\/td>\n<td valign=\"middle\">Luminosidade-Lm:<\/td>\n<td valign=\"middle\">5280<\/td>\n<\/tr>\n<tr class=\"even\">\n<td valign=\"middle\" width=\"32\"><\/td>\n<td valign=\"middle\">Tipo de LEDs:<\/td>\n<td valign=\"middle\">SMD 2835 OSRAM CHIP<\/td>\n<\/tr>\n<tr class=\"odd\">\n<td valign=\"middle\" width=\"32\"><\/td>\n<td valign=\"middle\">\u00c2ngulo de abertura (\u00ba):<\/td>\n<td valign=\"middle\">120\u00ba<\/td>\n<\/tr>\n<tr class=\"even\">\n<td valign=\"middle\" width=\"32\"><\/td>\n<td valign=\"middle\">Efici\u00eancia dos d\u00edodos LED (Lm\/W):<\/td>\n<td valign=\"middle\">160 Lm\/w<\/td>\n<\/tr>\n<tr class=\"odd\">\n<td valign=\"middle\" width=\"32\"><\/td>\n<td valign=\"middle\">Efic\u00e1cia luminosa (Lm\/W):<\/td>\n<td valign=\"middle\">110Lm\/W<\/td>\n<\/tr>\n<tr class=\"even\">\n<td valign=\"middle\" width=\"32\"><\/td>\n<td valign=\"middle\">Certificados:<\/td>\n<td valign=\"middle\">CE - ROHS<\/td>\n<\/tr>\n<tr class=\"odd\">\n<td valign=\"middle\" width=\"32\"><\/td>\n<td valign=\"middle\">Classifica\u00e7\u00e3o IP:<\/td>\n<td valign=\"middle\">IP40<\/td>\n<\/tr>\n<\/tbody>\n<\/table>\n<\/div><div class=\"col-xs-12 col-md-6 2\">\n<table class=\"table table-data-sheet 2\">\n<tbody>\n<tr class=\"odd\">\n<td valign=\"middle\" width=\"32\"><\/td>\n<td valign=\"middle\">D\u00edodo LED de vida estimada (H):<\/td>\n<td valign=\"middle\">50.000<\/td>\n<\/tr>\n<tr class=\"even\">\n<td valign=\"middle\" width=\"32\"><\/td>\n<td valign=\"middle\">Dimens\u00f5es (mm):<\/td>\n<td valign=\"middle\">595\u00d7595<\/td>\n<\/tr>\n<tr class=\"odd\">\n<td valign=\"middle\" width=\"32\"><\/td>\n<td valign=\"middle\">Factor de pot\u00eancia (PF):<\/td>\n<td valign=\"middle\">0,95<\/td>\n<\/tr>\n<tr class=\"even\">\n<td valign=\"middle\" width=\"32\"><\/td>\n<td valign=\"middle\">Frequ\u00eancia de trabalho (Hz):<\/td>\n<td valign=\"middle\">50\/60Hz<\/td>\n<\/tr>\n<tr class=\"odd\">\n<td valign=\"middle\" width=\"32\"><\/td>\n<td valign=\"middle\">Gama de temperaturas (\u00baC):<\/td>\n<td valign=\"middle\">-20\u00b0C ~ +55\u00b0C<\/td>\n<\/tr>\n<tr class=\"even\">\n<td valign=\"middle\" width=\"32\"><\/td>\n<td valign=\"middle\">Ciclos de Igni\u00e7\u00e3o:<\/td>\n<td valign=\"middle\">100.000<\/td>\n<\/tr>\n<tr class=\"odd\">\n<td valign=\"middle\" width=\"32\"><\/td>\n<td valign=\"middle\">Tempo de arranque (s):<\/td>\n<td valign=\"middle\">0,2s<\/td>\n<\/tr>\n<tr class=\"even\">\n<td valign=\"middle\" width=\"32\"><\/td>\n<td valign=\"middle\">Informa\u00e7\u00e3o adicional:<\/td>\n<td valign=\"middle\">Pot\u00eancia selecion\u00e1vel: 48W - 40W - 36W - 24W<\/td>\n<\/tr>\n<tr class=\"odd\">\n<td valign=\"middle\" width=\"32\"><\/td>\n<td valign=\"middle\">Protec\u00e7\u00e3o contra impactos (IK):<\/td>\n<td valign=\"middle\">IK05<\/td>\n<\/tr>\n<tr class=\"even\">\n<td valign=\"middle\" width=\"32\"><\/td>\n<td valign=\"middle\">Condutor inclu\u00eddo:<\/td>\n<td valign=\"middle\">CONDUTOR SEM MOVIMENTO<\/td>\n<\/tr>\n<tr class=\"odd\">\n<td valign=\"middle\" width=\"32\"><\/td>\n<td valign=\"middle\">Classe energ\u00e9tica (2021-EU-2019\/2015):<\/td>\n<td valign=\"middle\">A+<\/td>\n<\/tr>\n<tr class=\"even\">\n<td valign=\"middle\" width=\"32\"><\/td>\n<td valign=\"middle\">Anos de garantia:<\/td>\n<td valign=\"middle\">3<\/td>\n<\/tr>\n<\/tbody>\n<\/table>\n<p>&nbsp;<\/p>\n<\/div><\/h1>","protected":false},"excerpt":{"rendered":"<p><strong>N\u00daMERO DE PE\u00c7A: SLPNOSR48W-PACK10-4K<\/strong><h3>Este produto \u00e9 vendido em caixas completas de 10 unidades.<strong>&nbsp;1 caixa = 10 pain\u00e9is LED<\/strong><\/h3><p>O&nbsp;<strong>Painel LED Multivatio,<\/strong>&nbsp;com pot\u00eancia selecion\u00e1vel&nbsp;<strong>(48W - 40W - 36W - 24W)<\/strong>est\u00e1 equipado com d\u00edodos de alta luminosidade.&nbsp;<strong>OSRAM CHIP<\/strong>&nbsp;e um condutor&nbsp;<strong>SEM FLICK.<\/strong>&nbsp;Com dimens\u00f5es de 60\u00d760 (595\u00d7595 mm), \u00e9 ideal para tectos desmont\u00e1veis. Pode ser encastrado com o conversor, montado \u00e0 superf\u00edcie e suspenso com o nosso kit de suspens\u00e3o.<\/p><p><strong>TEMPERATURA DE COR: 4000K\/5700K<\/strong><\/p><div class=\"col-md-12\"><i class=\"fa fa-truck\"><\/i>&nbsp;<span class=\"text-muted textprop\">Entrega em 24\/48 horas<\/span><\/div><div class=\"col-md-12\"><i class=\"fa fa-exchange\"><\/i>&nbsp;<span class=\"text-muted textprop\">Garantia do segurado<\/span><\/div><div class=\"col-md-12\"><i class=\"fa fa-box\"><\/i>&nbsp;<span class=\"text-muted textprop\">1 unidade(s) por Masterbox<\/span><\/div><\/p>","protected":false},"featured_media":10792,"template":"","meta":{"site-sidebar-layout":"default","site-content-layout":"default","ast-global-header-display":"","ast-main-header-display":"","ast-hfb-above-header-display":"","ast-hfb-below-header-display":"","ast-hfb-mobile-header-display":"","site-post-title":"","ast-breadcrumbs-content":"","ast-featured-img":"","footer-sml-layout":"","theme-transparent-header-meta":"default","adv-header-id-meta":"","stick-header-meta":"","header-above-stick-meta":"","header-main-stick-meta":"","header-below-stick-meta":""},"product_cat":[31,104],"product_tag":[],"class_list":["post-10779","product","type-product","status-publish","has-post-thumbnail","hentry","product_cat-paneles-led","product_cat-paneles-led-paneles-led"],"yoast_head":"<!-- This site is optimized with the Yoast SEO plugin v27.4 - https:\/\/yoast.com\/product\/yoast-seo-wordpress\/ -->\n<title>PACK 10 Panel LED 60x60 Multivatio - 48W-40W-36W-24W - OSRAM CHIP DURIS E 2835 - STARLED Iluminacion<\/title>\n<meta name=\"robots\" content=\"index, follow, max-snippet:-1, max-image-preview:large, max-video-preview:-1\" \/>\n<link rel=\"canonical\" href=\"https:\/\/starlediluminacion.com\/pt\/product\/pack-10-panel-led-60x60-multivatio-48w-40w-36w-24w-osram-chip-duris-e-2835\/\" \/>\n<meta property=\"og:locale\" content=\"pt_PT\" \/>\n<meta property=\"og:type\" content=\"article\" \/>\n<meta property=\"og:title\" content=\"PACK 10 Panel LED 60x60 Multivatio - 48W-40W-36W-24W - OSRAM CHIP DURIS E 2835 - STARLED Iluminacion\" \/>\n<meta property=\"og:description\" content=\"REFERENCIA: SLPNOSR48W-PACK10-4K Este producto se vende en cajas completas de 10 unidades.\u00a01 caja = 10 paneles led El\u00a0Panel LED Multivatio,\u00a0con potencia seleccionable\u00a0(48W - 40W - 36W - 24W), est\u00e1 equipado con Diodos de alta luminosidad\u00a0OSRAM CHIP\u00a0y un driver\u00a0NO FLICK.\u00a0Con dimensiones de 60x60 (595x595 mm), es ideal para techos desmontables. Permite instalaci\u00f3n empotrada con el convertidor, en superficie y en suspensi\u00f3n mediante nuestro kit de suspensi\u00f3n.  TEMPERATURA DE COLOR: 4000K\/5700K \u00a0Entrega en 24\/48 horas \u00a0Garant\u00eda asegurada \u00a01 unidad(es) por Masterbox\" \/>\n<meta property=\"og:url\" content=\"https:\/\/starlediluminacion.com\/pt\/product\/pack-10-panel-led-60x60-multivatio-48w-40w-36w-24w-osram-chip-duris-e-2835\/\" \/>\n<meta property=\"og:site_name\" content=\"STARLED Iluminacion\" \/>\n<meta property=\"article:modified_time\" content=\"2024-01-29T12:46:36+00:00\" \/>\n<meta property=\"og:image\" content=\"https:\/\/starlediluminacion.com\/wp-content\/uploads\/2023\/09\/pack-10-panel-led-60x60-multivatio-48w-40w-36w-24w-osram-chip-duris-e-2835-factorled-11-1.jpg\" \/>\n\t<meta property=\"og:image:width\" content=\"1000\" \/>\n\t<meta property=\"og:image:height\" content=\"1000\" \/>\n\t<meta property=\"og:image:type\" content=\"image\/jpeg\" \/>\n<meta name=\"twitter:card\" content=\"summary_large_image\" \/>\n<meta name=\"twitter:label1\" content=\"Tempo estimado de leitura\" \/>\n\t<meta name=\"twitter:data1\" content=\"5 minutos\" \/>\n<script type=\"application\/ld+json\" class=\"yoast-schema-graph\">{\"@context\":\"https:\\\/\\\/schema.org\",\"@graph\":[{\"@type\":\"WebPage\",\"@id\":\"https:\\\/\\\/starlediluminacion.com\\\/producto\\\/pack-10-panel-led-60x60-multivatio-48w-40w-36w-24w-osram-chip-duris-e-2835\\\/\",\"url\":\"https:\\\/\\\/starlediluminacion.com\\\/producto\\\/pack-10-panel-led-60x60-multivatio-48w-40w-36w-24w-osram-chip-duris-e-2835\\\/\",\"name\":\"PACK 10 Panel LED 60x60 Multivatio - 48W-40W-36W-24W - OSRAM CHIP DURIS E 2835 - STARLED Iluminacion\",\"isPartOf\":{\"@id\":\"https:\\\/\\\/starlediluminacion.com\\\/#website\"},\"primaryImageOfPage\":{\"@id\":\"https:\\\/\\\/starlediluminacion.com\\\/producto\\\/pack-10-panel-led-60x60-multivatio-48w-40w-36w-24w-osram-chip-duris-e-2835\\\/#primaryimage\"},\"image\":{\"@id\":\"https:\\\/\\\/starlediluminacion.com\\\/producto\\\/pack-10-panel-led-60x60-multivatio-48w-40w-36w-24w-osram-chip-duris-e-2835\\\/#primaryimage\"},\"thumbnailUrl\":\"https:\\\/\\\/starlediluminacion.com\\\/wp-content\\\/uploads\\\/2023\\\/09\\\/pack-10-panel-led-60x60-multivatio-48w-40w-36w-24w-osram-chip-duris-e-2835-factorled-11-1.jpg\",\"datePublished\":\"2023-09-19T10:53:05+00:00\",\"dateModified\":\"2024-01-29T12:46:36+00:00\",\"breadcrumb\":{\"@id\":\"https:\\\/\\\/starlediluminacion.com\\\/producto\\\/pack-10-panel-led-60x60-multivatio-48w-40w-36w-24w-osram-chip-duris-e-2835\\\/#breadcrumb\"},\"inLanguage\":\"pt-PT\",\"potentialAction\":[{\"@type\":\"ReadAction\",\"target\":[\"https:\\\/\\\/starlediluminacion.com\\\/producto\\\/pack-10-panel-led-60x60-multivatio-48w-40w-36w-24w-osram-chip-duris-e-2835\\\/\"]}]},{\"@type\":\"ImageObject\",\"inLanguage\":\"pt-PT\",\"@id\":\"https:\\\/\\\/starlediluminacion.com\\\/producto\\\/pack-10-panel-led-60x60-multivatio-48w-40w-36w-24w-osram-chip-duris-e-2835\\\/#primaryimage\",\"url\":\"https:\\\/\\\/starlediluminacion.com\\\/wp-content\\\/uploads\\\/2023\\\/09\\\/pack-10-panel-led-60x60-multivatio-48w-40w-36w-24w-osram-chip-duris-e-2835-factorled-11-1.jpg\",\"contentUrl\":\"https:\\\/\\\/starlediluminacion.com\\\/wp-content\\\/uploads\\\/2023\\\/09\\\/pack-10-panel-led-60x60-multivatio-48w-40w-36w-24w-osram-chip-duris-e-2835-factorled-11-1.jpg\",\"width\":1000,\"height\":1000},{\"@type\":\"BreadcrumbList\",\"@id\":\"https:\\\/\\\/starlediluminacion.com\\\/producto\\\/pack-10-panel-led-60x60-multivatio-48w-40w-36w-24w-osram-chip-duris-e-2835\\\/#breadcrumb\",\"itemListElement\":[{\"@type\":\"ListItem\",\"position\":1,\"name\":\"Portada\",\"item\":\"https:\\\/\\\/starlediluminacion.com\\\/\"},{\"@type\":\"ListItem\",\"position\":2,\"name\":\"Shop\",\"item\":\"https:\\\/\\\/starlediluminacion.com\\\/shop-2\\\/\"},{\"@type\":\"ListItem\",\"position\":3,\"name\":\"PACK 10 Panel LED 60&#215;60 Multivatio &#8211; 48W-40W-36W-24W &#8211; OSRAM CHIP DURIS E 2835\"}]},{\"@type\":\"WebSite\",\"@id\":\"https:\\\/\\\/starlediluminacion.com\\\/#website\",\"url\":\"https:\\\/\\\/starlediluminacion.com\\\/\",\"name\":\"STARLED Iluminacion\",\"description\":\"\",\"potentialAction\":[{\"@type\":\"SearchAction\",\"target\":{\"@type\":\"EntryPoint\",\"urlTemplate\":\"https:\\\/\\\/starlediluminacion.com\\\/?s={search_term_string}\"},\"query-input\":{\"@type\":\"PropertyValueSpecification\",\"valueRequired\":true,\"valueName\":\"search_term_string\"}}],\"inLanguage\":\"pt-PT\"}]}<\/script>\n<!-- \/ Yoast SEO plugin. -->","yoast_head_json":{"title":"PACK 10 Panel LED 60x60 Multivatio - 48W-40W-36W-24W - OSRAM CHIP DURIS E 2835 - STARLED Iluminacion","robots":{"index":"index","follow":"follow","max-snippet":"max-snippet:-1","max-image-preview":"max-image-preview:large","max-video-preview":"max-video-preview:-1"},"canonical":"https:\/\/starlediluminacion.com\/pt\/product\/pack-10-panel-led-60x60-multivatio-48w-40w-36w-24w-osram-chip-duris-e-2835\/","og_locale":"pt_PT","og_type":"article","og_title":"PACK 10 Panel LED 60x60 Multivatio - 48W-40W-36W-24W - OSRAM CHIP DURIS E 2835 - STARLED Iluminacion","og_description":"REFERENCIA: SLPNOSR48W-PACK10-4K Este producto se vende en cajas completas de 10 unidades.\u00a01 caja = 10 paneles led El\u00a0Panel LED Multivatio,\u00a0con potencia seleccionable\u00a0(48W - 40W - 36W - 24W), est\u00e1 equipado con Diodos de alta luminosidad\u00a0OSRAM CHIP\u00a0y un driver\u00a0NO FLICK.\u00a0Con dimensiones de 60x60 (595x595 mm), es ideal para techos desmontables. Permite instalaci\u00f3n empotrada con el convertidor, en superficie y en suspensi\u00f3n mediante nuestro kit de suspensi\u00f3n.  TEMPERATURA DE COLOR: 4000K\/5700K \u00a0Entrega en 24\/48 horas \u00a0Garant\u00eda asegurada \u00a01 unidad(es) por Masterbox","og_url":"https:\/\/starlediluminacion.com\/pt\/product\/pack-10-panel-led-60x60-multivatio-48w-40w-36w-24w-osram-chip-duris-e-2835\/","og_site_name":"STARLED Iluminacion","article_modified_time":"2024-01-29T12:46:36+00:00","og_image":[{"width":1000,"height":1000,"url":"https:\/\/starlediluminacion.com\/wp-content\/uploads\/2023\/09\/pack-10-panel-led-60x60-multivatio-48w-40w-36w-24w-osram-chip-duris-e-2835-factorled-11-1.jpg","type":"image\/jpeg"}],"twitter_card":"summary_large_image","twitter_misc":{"Tempo estimado de leitura":"5 minutos"},"schema":{"@context":"https:\/\/schema.org","@graph":[{"@type":"WebPage","@id":"https:\/\/starlediluminacion.com\/producto\/pack-10-panel-led-60x60-multivatio-48w-40w-36w-24w-osram-chip-duris-e-2835\/","url":"https:\/\/starlediluminacion.com\/producto\/pack-10-panel-led-60x60-multivatio-48w-40w-36w-24w-osram-chip-duris-e-2835\/","name":"PACK 10 Panel LED 60x60 Multivatio - 48W-40W-36W-24W - OSRAM CHIP DURIS E 2835 - STARLED Iluminacion","isPartOf":{"@id":"https:\/\/starlediluminacion.com\/#website"},"primaryImageOfPage":{"@id":"https:\/\/starlediluminacion.com\/producto\/pack-10-panel-led-60x60-multivatio-48w-40w-36w-24w-osram-chip-duris-e-2835\/#primaryimage"},"image":{"@id":"https:\/\/starlediluminacion.com\/producto\/pack-10-panel-led-60x60-multivatio-48w-40w-36w-24w-osram-chip-duris-e-2835\/#primaryimage"},"thumbnailUrl":"https:\/\/starlediluminacion.com\/wp-content\/uploads\/2023\/09\/pack-10-panel-led-60x60-multivatio-48w-40w-36w-24w-osram-chip-duris-e-2835-factorled-11-1.jpg","datePublished":"2023-09-19T10:53:05+00:00","dateModified":"2024-01-29T12:46:36+00:00","breadcrumb":{"@id":"https:\/\/starlediluminacion.com\/producto\/pack-10-panel-led-60x60-multivatio-48w-40w-36w-24w-osram-chip-duris-e-2835\/#breadcrumb"},"inLanguage":"pt-PT","potentialAction":[{"@type":"ReadAction","target":["https:\/\/starlediluminacion.com\/producto\/pack-10-panel-led-60x60-multivatio-48w-40w-36w-24w-osram-chip-duris-e-2835\/"]}]},{"@type":"ImageObject","inLanguage":"pt-PT","@id":"https:\/\/starlediluminacion.com\/producto\/pack-10-panel-led-60x60-multivatio-48w-40w-36w-24w-osram-chip-duris-e-2835\/#primaryimage","url":"https:\/\/starlediluminacion.com\/wp-content\/uploads\/2023\/09\/pack-10-panel-led-60x60-multivatio-48w-40w-36w-24w-osram-chip-duris-e-2835-factorled-11-1.jpg","contentUrl":"https:\/\/starlediluminacion.com\/wp-content\/uploads\/2023\/09\/pack-10-panel-led-60x60-multivatio-48w-40w-36w-24w-osram-chip-duris-e-2835-factorled-11-1.jpg","width":1000,"height":1000},{"@type":"BreadcrumbList","@id":"https:\/\/starlediluminacion.com\/producto\/pack-10-panel-led-60x60-multivatio-48w-40w-36w-24w-osram-chip-duris-e-2835\/#breadcrumb","itemListElement":[{"@type":"ListItem","position":1,"name":"Portada","item":"https:\/\/starlediluminacion.com\/"},{"@type":"ListItem","position":2,"name":"Shop","item":"https:\/\/starlediluminacion.com\/shop-2\/"},{"@type":"ListItem","position":3,"name":"PACK 10 Panel LED 60&#215;60 Multivatio &#8211; 48W-40W-36W-24W &#8211; OSRAM CHIP DURIS E 2835"}]},{"@type":"WebSite","@id":"https:\/\/starlediluminacion.com\/#website","url":"https:\/\/starlediluminacion.com\/","name":"STARLED Iluminacion","description":"","potentialAction":[{"@type":"SearchAction","target":{"@type":"EntryPoint","urlTemplate":"https:\/\/starlediluminacion.com\/?s={search_term_string}"},"query-input":{"@type":"PropertyValueSpecification","valueRequired":true,"valueName":"search_term_string"}}],"inLanguage":"pt-PT"}]}},"_links":{"self":[{"href":"https:\/\/starlediluminacion.com\/pt\/wp-json\/wp\/v3\/product\/10779","targetHints":{"allow":["GET"]}}],"collection":[{"href":"https:\/\/starlediluminacion.com\/pt\/wp-json\/wp\/v3\/product"}],"about":[{"href":"https:\/\/starlediluminacion.com\/pt\/wp-json\/wp\/v2\/types\/product"}],"wp:featuredmedia":[{"embeddable":true,"href":"https:\/\/starlediluminacion.com\/pt\/wp-json\/wp\/v2\/media\/10792"}],"wp:attachment":[{"href":"https:\/\/starlediluminacion.com\/pt\/wp-json\/wp\/v2\/media?parent=10779"}],"wp:term":[{"taxonomy":"product_cat","embeddable":true,"href":"https:\/\/starlediluminacion.com\/pt\/wp-json\/wp\/v2\/product_cat?post=10779"},{"taxonomy":"product_tag","embeddable":true,"href":"https:\/\/starlediluminacion.com\/pt\/wp-json\/wp\/v2\/product_tag?post=10779"}],"curies":[{"name":"wp","href":"https:\/\/api.w.org\/{rel}","templated":true}]}}