{"id":10754,"date":"2023-09-19T10:23:45","date_gmt":"2023-09-19T10:23:45","guid":{"rendered":"https:\/\/starlediluminacion.com\/?post_type=product&#038;p=10754"},"modified":"2025-10-18T08:39:06","modified_gmt":"2025-10-18T08:39:06","slug":"pack-panel-led-60x60-slim-frame-40w-philips-driver-ugr19-enec","status":"publish","type":"product","link":"https:\/\/starlediluminacion.com\/pt\/product\/pack-panel-led-60x60-slim-frame-40w-philips-driver-ugr19-enec\/","title":{"rendered":"<p>pack panel led 60&times;60 &ndash; slim frame- 40w &ndash;  driver &ndash; ugr19 &ndash; enec<\/p>"},"content":{"rendered":"<h1>pack panel led 60&times;60 -slim frame- 40w &ndash;  driver &ndash; ugr&gt;19 &ndash; no flick- certificaci&oacute;n enec05<p>&iexcl;descubre las ventajas del incre&iacute;ble&nbsp;<strong>panel led -slim frame- 60&times;60<\/strong>&nbsp;a partir de&nbsp;<strong>40w<\/strong>&nbsp;con  driver, el complemento perfecto para iluminar tus espacios! dise&ntilde;ado con los m&aacute;s altos est&aacute;ndares de calidad, este panel te ofrece una iluminaci&oacute;n perfecta y duradera.<\/p><p><strong>ventajas del dise&ntilde;o del nuevo panel slim frame:<\/strong><\/p><p>nuestro panel est&aacute; dise&ntilde;ado desde el punto de vista de mejorar significativamente la superficie iluminada que ofrece el panel.&nbsp; al disponer de un dise&ntilde;o m&aacute;s avanzado donde se ha buscado la est&eacute;tica para minimizar el marco,&nbsp;se ha conseguido aumentar en m&aacute;s de 1 cent&iacute;metro el per&iacute;metro iluminado en el producto; al mismo tiempo eliminando los tornillos que fijaban el marco se ha reducido la altura de producto, quedando a la perfecci&oacute;n colocado a ras del techo, y consiguiendo el efecto perfecto para que la luz se integre en el techo.<\/p><p><strong>nuevo difusor ultra microprisma:&nbsp;<\/strong><\/p><p>nuestro panel incorpora la &uacute;ltima tecnolog&iacute;a que ha salido al mercado en difusores de ultra microprisma.<\/p><p>las ultimas mejoras son difusores que tienen un bajo nivel de deslumbramiento, pero&nbsp;al mismo tiempo no merman la disminuci&oacute;n de l&uacute;menes de manera significativa y mejorando la est&eacute;tica del panel.<\/p><p><strong>bajo indice de deslumbramiento ugr&lt;19:<\/strong><\/p><p>el ugr es la abreviatura de &laquo;&iacute;ndice de deslumbramiento unificado&raquo; y se utiliza para medir la cantidad de deslumbramiento que puede ser percibido por una persona en un ambiente iluminado. un ugr bajo indica que el ambiente tiene un menor nivel de deslumbramiento y, por lo tanto, proporciona una mejor calidad de iluminaci&oacute;n.<\/p><p>algunas ventajas de tener un ugr bajo son:<\/p><ol>\n<li>mayor comodidad visual: al reducir el deslumbramiento, el ambiente se vuelve m&aacute;s c&oacute;modo para los ojos y reduce la fatiga visual, lo que puede mejorar la productividad y la concentraci&oacute;n.<\/li>\n<li>mejora del rendimiento: un ambiente con ugr bajo proporciona una mejor calidad de luz y puede mejorar el rendimiento visual, lo que es especialmente importante en entornos de trabajo y estudio.<\/li>\n<li>mayor seguridad: un ugr bajo tambi&eacute;n puede mejorar la seguridad en los espacios de trabajo, ya que reduce el riesgo de accidentes causados por el deslumbramiento.<\/li>\n<li>est&eacute;tica atractiva: los entornos con un ugr bajo pueden ser m&aacute;s es. t&eacute;ticamente atractivos, ya que los objetos y superficies se ven m&aacute;s claros y n&iacute;tidos, lo que crea un ambiente m&aacute;s agradable.<\/li>\n<\/ol><p>en resumen, un ugr bajo puede proporcionar una serie de beneficios, como mayor comodidad visual, mejora del rendimiento, mayor seguridad y est&eacute;tica atractiva, lo que lo convierte en un factor importante a tener en cuenta al dise&ntilde;ar y planificar la iluminaci&oacute;n en espacios de trabajo, estudio y otros entornos<\/p><p>&nbsp;<\/p><p><strong>smd2835&nbsp;de alta luminosidad:&nbsp;&nbsp;<\/strong><\/p><p>el panel led 60&times;60 cuenta con la tecnolog&iacute;a smd2835, que proporciona una iluminaci&oacute;n brillante y uniforme en todo el espacio. su tama&ntilde;o de 595x595mm se adapta perfectamente a la mayor&iacute;a de los techos est&aacute;ndar, y su altura de 31mm lo hace discreto y elegante.<\/p><p>con un marco blanco mas delgado que se integra a la perfecci&oacute;n en cualquier ambiente, este panel no solo ofrece una iluminaci&oacute;n excepcional, sino que tambi&eacute;n agrega un toque de estilo a tus espacios. adem&aacute;s, su dise&ntilde;o resistente y duradero garantiza una vida &uacute;til prolongada, con una garant&iacute;a de 5 a&ntilde;os que respalda su calidad superior.<\/p><p>el panel led 60&times;60 tambi&eacute;n cuenta con el renombrado driver , reconocido por su confiabilidad y eficiencia energ&eacute;tica. gracias a su avanzada tecnolog&iacute;a, el panel logra una disipaci&oacute;n de calor efectiva, asegurando un funcionamiento seguro y estable incluso en condiciones de uso prolongado.<\/p><p>una de las ventajas destacadas de este producto es su capacidad para evitar el amarilleo con el paso del tiempo. a diferencia de otros paneles convencionales, este panel led conserva su luminosidad y tonalidad original a lo largo de su vida &uacute;til, brindando una iluminaci&oacute;n constante y agradable.<\/p><p><strong>driver -no fliker- sin parpadeos:<\/strong><\/p><p>la calidad de los componentes de los driver  es conocida e inmejorable. mucho drivers del mercado no alcanzan los niveles de calidad de  y tienen parpadeos lo que provoca dolores de cabeza y cansancio visual. los driver de  por el contrario, mejoran estos aspecto.<\/p><p><strong>pintura lacada al horno de alta resistencia:<\/strong><\/p><p>el panel led&nbsp;esta lacado con pintura de alta calidad al horno&nbsp;lo que le aporta una&nbsp;durabilidad y est&eacute;tica excepcional al producto. este proceso de recubrimiento garantiza un acabado de alta calidad que no solo resiste el desgaste, sino que tambi&eacute;n a&ntilde;ade un toque de elegancia a tu entorno.&nbsp; el recubrimiento lacado al horno proporciona una protecci&oacute;n adicional al panel, evitando que la humedad, los agentes qu&iacute;micos y los rayos uv afecten su apariencia y funcionalidad. adem&aacute;s, es f&aacute;cil de limpiar y mantener, lo que permite que el panel mantenga su aspecto brillante y atractivo a lo largo del tiempo.<\/p><p>con certificaci&oacute;n enec05- nuestro panel cumple con los requisitos m&aacute;s exigentes en t&eacute;rminos de eficiencia energ&eacute;tica y confort visual. su voltaje de 220-265v garantiza una alimentaci&oacute;n estable y eficiente, asegurando un rendimiento &oacute;ptimo en todo momento.<\/p><p>sobre&nbsp;<strong>painel de led 60\u00d760<\/strong>&nbsp;es un producto vers&aacute;til que puede ser utilizado en una amplia variedad de entornos y aplicaciones. gracias a su dise&ntilde;o y caracter&iacute;sticas t&eacute;cnicas, este panel se adapta a diferentes espacios y proporciona una iluminaci&oacute;n eficiente y de alta calidad.<\/p><ul>\n<li>en entornos comerciales, como oficinas, tiendas y centros comerciales, el panel led 60&times;60 es ideal para proporcionar una iluminaci&oacute;n brillante y uniforme. su dise&ntilde;o delgado y elegante se integra f&aacute;cilmente en el techo, creando un ambiente profesional y acogedor. adem&aacute;s, su eficiencia energ&eacute;tica contribuye a reducir los costos de energ&iacute;a a largo plazo.<\/li>\n<li>en el &aacute;mbito residencial, este panel es perfecto para iluminar salas de estar, dormitorios, cocinas y otras &aacute;reas de la casa. su iluminaci&oacute;n suave y uniforme crea un ambiente agradable y funcional, mientras que su dise&ntilde;o discreto se adapta a cualquier estilo de decoraci&oacute;n.<\/li>\n<li>en entornos educativos, como escuelas y universidades, el panel led 60&times;60 es una opci&oacute;n popular debido a su capacidad para proporcionar una iluminaci&oacute;n adecuada para el estudio y el aprendizaje. su iluminaci&oacute;n uniforme y sin parpadeos ayuda a reducir la fatiga visual y mejorar la concentraci&oacute;n de los estudiantes.<\/li>\n<li>en espacios de atenci&oacute;n m&eacute;dica, como consultorios m&eacute;dicos y hospitales, este panel ofrece una iluminaci&oacute;n de alta calidad que contribuye a un entorno c&oacute;modo y tranquilo para pacientes y personal. su luz blanca y brillante permite una mejor visibilidad y precisi&oacute;n en tareas m&eacute;dicas y de atenci&oacute;n al paciente.<\/li>\n<li>adem&aacute;s, el panel led 60&times;60 tambi&eacute;n se puede utilizar en espacios industriales y comerciales, como almacenes, f&aacute;bricas y &aacute;reas de trabajo. su dise&ntilde;o resistente y duradero, junto con su capacidad para proporcionar una iluminaci&oacute;n uniforme y de alta intensidad, lo convierte en una opci&oacute;n confiable para mejorar la seguridad y la eficiencia en estos entornos.<\/li>\n<\/ul><h3 class=\"page-product-heading\">pormenores t\u00e9cnicos<\/h3><div class=\"col-xs-12 col-md-6\">\n<table class=\"table table-data-sheet 1\">\n<tbody>\n<tr class=\"odd\">\n<td valign=\"middle\" width=\"32\"><\/td>\n<td valign=\"middle\">refer\u00eancia :<\/td>\n<td valign=\"middle\">slpnphl40w-ugr19-pack8<\/td>\n<\/tr>\n<tr class=\"even\">\n<td valign=\"middle\" width=\"32\"><\/td>\n<td valign=\"middle\">pot\u00eancia nominal :<\/td>\n<td valign=\"middle\">40w<\/td>\n<\/tr>\n<tr class=\"odd\">\n<td valign=\"middle\" width=\"32\"><\/td>\n<td valign=\"middle\">tens\u00e3o nominal:<\/td>\n<td valign=\"middle\">220v-240v<\/td>\n<\/tr>\n<tr class=\"even\">\n<td valign=\"middle\" width=\"32\"><\/td>\n<td valign=\"middle\">temperatura da luz:<\/td>\n<td valign=\"middle\">4000k-5700k<\/td>\n<\/tr>\n<tr class=\"odd\">\n<td valign=\"middle\" width=\"32\"><\/td>\n<td valign=\"middle\">cri - \u00edndice de reprodu\u00e7\u00e3o crom\u00e1tica:<\/td>\n<td valign=\"middle\">82<\/td>\n<\/tr>\n<tr class=\"even\">\n<td valign=\"middle\" width=\"32\"><\/td>\n<td valign=\"middle\">material de constru\u00e7\u00e3o:<\/td>\n<td valign=\"middle\">a\u00e7o +pc<\/td>\n<\/tr>\n<tr class=\"odd\">\n<td valign=\"middle\" width=\"32\"><\/td>\n<td valign=\"middle\">luminosidade-lm:<\/td>\n<td valign=\"middle\">4800<\/td>\n<\/tr>\n<tr class=\"even\">\n<td valign=\"middle\" width=\"32\"><\/td>\n<td valign=\"middle\">tipo de LEDs:<\/td>\n<td valign=\"middle\">smd 2835<\/td>\n<\/tr>\n<tr class=\"odd\">\n<td valign=\"middle\" width=\"32\"><\/td>\n<td valign=\"middle\">\u00e2ngulo de abertura (\u00ba):<\/td>\n<td valign=\"middle\">120\u00ba<\/td>\n<\/tr>\n<tr class=\"even\">\n<td valign=\"middle\" width=\"32\"><\/td>\n<td valign=\"middle\">efici\u00eancia do d\u00edodo LED (lm\/w):<\/td>\n<td valign=\"middle\">140 lm\/w<\/td>\n<\/tr>\n<tr class=\"odd\">\n<td valign=\"middle\" width=\"32\"><\/td>\n<td valign=\"middle\">efic\u00e1cia luminosa (lm\/w):<\/td>\n<td valign=\"middle\">120 lm\/w<\/td>\n<\/tr>\n<tr class=\"even\">\n<td valign=\"middle\" width=\"32\"><\/td>\n<td valign=\"middle\">certificados:<\/td>\n<td valign=\"middle\">ce-rosh-t\u00fcv-enec<\/td>\n<\/tr>\n<tr class=\"odd\">\n<td valign=\"middle\" width=\"32\"><\/td>\n<td valign=\"middle\">grau de ip:<\/td>\n<td valign=\"middle\">frente: ip40 - condutor: ip20<\/td>\n<\/tr>\n<\/tbody>\n<\/table>\n<\/div><div class=\"col-xs-12 col-md-6 2\">\n<table class=\"table table-data-sheet 2\">\n<tbody>\n<tr class=\"odd\">\n<td valign=\"middle\" width=\"32\"><\/td>\n<td valign=\"middle\">dimens\u00f5es (mm):<\/td>\n<td valign=\"middle\">595x595mmh30mm<\/td>\n<\/tr>\n<tr class=\"even\">\n<td valign=\"middle\" width=\"32\"><\/td>\n<td valign=\"middle\">fator de pot\u00eancia (pf):<\/td>\n<td valign=\"middle\">0.98<\/td>\n<\/tr>\n<tr class=\"odd\">\n<td valign=\"middle\" width=\"32\"><\/td>\n<td valign=\"middle\">frequ\u00eancia de funcionamento (hz):<\/td>\n<td valign=\"middle\">50\/60hz<\/td>\n<\/tr>\n<tr class=\"even\">\n<td valign=\"middle\" width=\"32\"><\/td>\n<td valign=\"middle\">gama de temperaturas (\u00baC):<\/td>\n<td valign=\"middle\">-20\u00b0c ~ +55\u00b0c<\/td>\n<\/tr>\n<tr class=\"odd\">\n<td valign=\"middle\" width=\"32\"><\/td>\n<td valign=\"middle\">ciclos de igni\u00e7\u00e3o:<\/td>\n<td valign=\"middle\">100.000<\/td>\n<\/tr>\n<tr class=\"even\">\n<td valign=\"middle\" width=\"32\"><\/td>\n<td valign=\"middle\">tempo de arranque (s):<\/td>\n<td valign=\"middle\">0,2s<\/td>\n<\/tr>\n<tr class=\"odd\">\n<td valign=\"middle\" width=\"32\"><\/td>\n<td valign=\"middle\">\u00edndice de encandeamento (ugr):<\/td>\n<td valign=\"middle\">19<\/td>\n<\/tr>\n<tr class=\"even\">\n<td valign=\"middle\" width=\"32\"><\/td>\n<td valign=\"middle\">prote\u00e7\u00e3o contra impactos (ik):<\/td>\n<td valign=\"middle\">ik05<\/td>\n<\/tr>\n<tr class=\"odd\">\n<td valign=\"middle\" width=\"32\"><\/td>\n<td valign=\"middle\">condutor inclu\u00eddo:<\/td>\n<td valign=\"middle\"> condutor<\/td>\n<\/tr>\n<tr class=\"even\">\n<td valign=\"middle\" width=\"32\"><\/td>\n<td valign=\"middle\">classe energ\u00e9tica (2021-EU-2019\/2015):<\/td>\n<td valign=\"middle\">a+<\/td>\n<\/tr>\n<tr class=\"odd\">\n<td valign=\"middle\" width=\"32\"><\/td>\n<td valign=\"middle\">classe energ\u00e9tica (2023 - ue-2019\/2015):<\/td>\n<td valign=\"middle\">e<\/td>\n<\/tr>\n<tr class=\"even\">\n<td valign=\"middle\" width=\"32\"><\/td>\n<td valign=\"middle\">anos de garantia:<\/td>\n<td valign=\"middle\">5<\/td>\n<\/tr>\n<\/tbody>\n<\/table>\n<p>&nbsp;<\/p>\n<\/div><\/h1>","protected":false},"excerpt":{"rendered":"<div class=\"product-info-line\">\n<p id=\"product_reference\"><label><strong>REFER\u00caNCIA: <\/strong><\/label><\/p>\n<p><label><strong>SLPNPHL40W-UGR19-PACK8-91146-4K<\/strong><br>\n<\/label><\/p>\n<p>Descubra o novo painel do Philips Driver com o Philips Driver.&nbsp;<strong>MOLDURA FINA -SLIM FRAME- URG &lt;19 COM ULTRA MICROSPRIMA<\/strong>a ilumina\u00e7\u00e3o perfeita com a nossa&nbsp;<strong>Painel LED<\/strong>&nbsp;a partir de&nbsp;<strong>40W 60\u00d760<\/strong>&nbsp;(595 mm x 595 mm).<\/p>\n<p>O painel LED com&nbsp;<strong>estrutura ultrafina<\/strong>&nbsp;O nosso painel -SLIM FRAME- \u00e9 a evolu\u00e7\u00e3o para a perfei\u00e7\u00e3o est\u00e9tica da ilumina\u00e7\u00e3o LED. O painel tem assim uma maior superf\u00edcie iluminada, mantendo-se ao n\u00edvel dos perfis onde \u00e9 colocado.&nbsp;<strong>SEM FLICK.<\/strong>&nbsp;&nbsp;<strong>5 ANOS DE GARANTIA.&nbsp;<\/strong><\/p>\n<p><strong>TEMPERATURA DE COR: 4000K\/5700K<\/strong><\/p>\n<div class=\"col-md-12\"><i class=\"fa fa-truck\"><\/i>&nbsp;<span class=\"text-muted textprop\">Entrega em 24\/48 horas<\/span><\/div>\n<div class=\"col-md-12\"><i class=\"fa fa-exchange\"><\/i>&nbsp;<span class=\"text-muted textprop\">Garantia do segurado<\/span><\/div>\n<div class=\"col-md-12\"><i class=\"fa fa-box\"><\/i>&nbsp;<span class=\"text-muted textprop\">8 unidade(s) por Masterbox<\/span><\/div>\n<\/div>","protected":false},"featured_media":0,"template":"","meta":{"site-sidebar-layout":"default","site-content-layout":"default","ast-global-header-display":"","ast-main-header-display":"","ast-hfb-above-header-display":"","ast-hfb-below-header-display":"","ast-hfb-mobile-header-display":"","site-post-title":"","ast-breadcrumbs-content":"","ast-featured-img":"","footer-sml-layout":"","theme-transparent-header-meta":"default","adv-header-id-meta":"","stick-header-meta":"","header-above-stick-meta":"","header-main-stick-meta":"","header-below-stick-meta":""},"product_cat":[31,104],"product_tag":[],"class_list":["post-10754","product","type-product","status-publish","hentry","product_cat-paneles-led","product_cat-paneles-led-paneles-led"],"yoast_head":"<!-- This site is optimized with the Yoast SEO plugin v27.4 - https:\/\/yoast.com\/product\/yoast-seo-wordpress\/ -->\n<title>pack panel led 60x60 - slim frame- 40w - driver - ugr19 - enec - STARLED Iluminacion<\/title>\n<meta name=\"robots\" content=\"index, follow, max-snippet:-1, max-image-preview:large, max-video-preview:-1\" \/>\n<link rel=\"canonical\" href=\"https:\/\/starlediluminacion.com\/pt\/product\/pack-panel-led-60x60-slim-frame-40w-philips-driver-ugr19-enec\/\" \/>\n<meta property=\"og:locale\" content=\"pt_PT\" \/>\n<meta property=\"og:type\" content=\"article\" \/>\n<meta property=\"og:title\" content=\"pack panel led 60x60 - slim frame- 40w - driver - ugr19 - enec - STARLED Iluminacion\" \/>\n<meta property=\"og:description\" content=\"REFERENCIA:  SLPNPHL40W-UGR19-PACK8-91146-4K   Descubre con Philips Driver el nuevo panel de\u00a0MARCO DELGADO -SLIM FRAME- URG &lt;19\u00a0 CON ULTRA MICROSPRIMA, la iluminaci\u00f3n perfecta con nuestro\u00a0Panel LED\u00a0de\u00a040W 60x60\u00a0(595mm x 595mm).  El Panel LED con\u00a0marco ultra delgado\u00a0tiene un dise\u00f1o mejorado que produce un resultado m\u00e1s est\u00e9tico,\u00a0 al no apreciarse el marco cuando el esta colocado, Nuestro panel -SLIM FRAME- es la evoluci\u00f3n hacia la perfecci\u00f3n est\u00e9tica en la iluminaci\u00f3n LED. El panel dispone con ello, de una mayor superficie iluminada, al mismo tiempo que queda a ras de los perfiles donde se coloca.\u00a0NO FLICK.\u00a0\u00a05 A\u00d1OS GARANTIA.\u00a0  TEMPERATURA DE COLOR: 4000K\/5700K \u00a0Entrega en 24\/48 horas \u00a0Garant\u00eda asegurada \u00a08 unidad(es) por Masterbox\" \/>\n<meta property=\"og:url\" content=\"https:\/\/starlediluminacion.com\/pt\/product\/pack-panel-led-60x60-slim-frame-40w-philips-driver-ugr19-enec\/\" \/>\n<meta property=\"og:site_name\" content=\"STARLED Iluminacion\" \/>\n<meta property=\"article:modified_time\" content=\"2025-10-18T08:39:06+00:00\" \/>\n<meta name=\"twitter:card\" content=\"summary_large_image\" \/>\n<meta name=\"twitter:label1\" content=\"Tempo estimado de leitura\" \/>\n\t<meta name=\"twitter:data1\" content=\"7 minutos\" \/>\n<script type=\"application\/ld+json\" class=\"yoast-schema-graph\">{\"@context\":\"https:\\\/\\\/schema.org\",\"@graph\":[{\"@type\":\"WebPage\",\"@id\":\"https:\\\/\\\/starlediluminacion.com\\\/producto\\\/pack-panel-led-60x60-slim-frame-40w-philips-driver-ugr19-enec\\\/\",\"url\":\"https:\\\/\\\/starlediluminacion.com\\\/producto\\\/pack-panel-led-60x60-slim-frame-40w-philips-driver-ugr19-enec\\\/\",\"name\":\"pack panel led 60x60 - slim frame- 40w - driver - ugr19 - enec - STARLED Iluminacion\",\"isPartOf\":{\"@id\":\"https:\\\/\\\/starlediluminacion.com\\\/#website\"},\"datePublished\":\"2023-09-19T10:23:45+00:00\",\"dateModified\":\"2025-10-18T08:39:06+00:00\",\"breadcrumb\":{\"@id\":\"https:\\\/\\\/starlediluminacion.com\\\/producto\\\/pack-panel-led-60x60-slim-frame-40w-philips-driver-ugr19-enec\\\/#breadcrumb\"},\"inLanguage\":\"pt-PT\",\"potentialAction\":[{\"@type\":\"ReadAction\",\"target\":[\"https:\\\/\\\/starlediluminacion.com\\\/producto\\\/pack-panel-led-60x60-slim-frame-40w-philips-driver-ugr19-enec\\\/\"]}]},{\"@type\":\"BreadcrumbList\",\"@id\":\"https:\\\/\\\/starlediluminacion.com\\\/producto\\\/pack-panel-led-60x60-slim-frame-40w-philips-driver-ugr19-enec\\\/#breadcrumb\",\"itemListElement\":[{\"@type\":\"ListItem\",\"position\":1,\"name\":\"Portada\",\"item\":\"https:\\\/\\\/starlediluminacion.com\\\/\"},{\"@type\":\"ListItem\",\"position\":2,\"name\":\"Shop\",\"item\":\"https:\\\/\\\/starlediluminacion.com\\\/shop-2\\\/\"},{\"@type\":\"ListItem\",\"position\":3,\"name\":\"pack panel led 60&#215;60 &#8211; slim frame- 40w &#8211; driver &#8211; ugr19 &#8211; enec\"}]},{\"@type\":\"WebSite\",\"@id\":\"https:\\\/\\\/starlediluminacion.com\\\/#website\",\"url\":\"https:\\\/\\\/starlediluminacion.com\\\/\",\"name\":\"STARLED Iluminacion\",\"description\":\"\",\"potentialAction\":[{\"@type\":\"SearchAction\",\"target\":{\"@type\":\"EntryPoint\",\"urlTemplate\":\"https:\\\/\\\/starlediluminacion.com\\\/?s={search_term_string}\"},\"query-input\":{\"@type\":\"PropertyValueSpecification\",\"valueRequired\":true,\"valueName\":\"search_term_string\"}}],\"inLanguage\":\"pt-PT\"}]}<\/script>\n<!-- \/ Yoast SEO plugin. -->","yoast_head_json":{"title":"pack panel led 60x60 - slim frame- 40w - driver - ugr19 - enec - STARLED Iluminacion","robots":{"index":"index","follow":"follow","max-snippet":"max-snippet:-1","max-image-preview":"max-image-preview:large","max-video-preview":"max-video-preview:-1"},"canonical":"https:\/\/starlediluminacion.com\/pt\/product\/pack-panel-led-60x60-slim-frame-40w-philips-driver-ugr19-enec\/","og_locale":"pt_PT","og_type":"article","og_title":"pack panel led 60x60 - slim frame- 40w - driver - ugr19 - enec - STARLED Iluminacion","og_description":"REFERENCIA:  SLPNPHL40W-UGR19-PACK8-91146-4K   Descubre con Philips Driver el nuevo panel de\u00a0MARCO DELGADO -SLIM FRAME- URG &lt;19\u00a0 CON ULTRA MICROSPRIMA, la iluminaci\u00f3n perfecta con nuestro\u00a0Panel LED\u00a0de\u00a040W 60x60\u00a0(595mm x 595mm).  El Panel LED con\u00a0marco ultra delgado\u00a0tiene un dise\u00f1o mejorado que produce un resultado m\u00e1s est\u00e9tico,\u00a0 al no apreciarse el marco cuando el esta colocado, Nuestro panel -SLIM FRAME- es la evoluci\u00f3n hacia la perfecci\u00f3n est\u00e9tica en la iluminaci\u00f3n LED. El panel dispone con ello, de una mayor superficie iluminada, al mismo tiempo que queda a ras de los perfiles donde se coloca.\u00a0NO FLICK.\u00a0\u00a05 A\u00d1OS GARANTIA.\u00a0  TEMPERATURA DE COLOR: 4000K\/5700K \u00a0Entrega en 24\/48 horas \u00a0Garant\u00eda asegurada \u00a08 unidad(es) por Masterbox","og_url":"https:\/\/starlediluminacion.com\/pt\/product\/pack-panel-led-60x60-slim-frame-40w-philips-driver-ugr19-enec\/","og_site_name":"STARLED Iluminacion","article_modified_time":"2025-10-18T08:39:06+00:00","twitter_card":"summary_large_image","twitter_misc":{"Tempo estimado de leitura":"7 minutos"},"schema":{"@context":"https:\/\/schema.org","@graph":[{"@type":"WebPage","@id":"https:\/\/starlediluminacion.com\/producto\/pack-panel-led-60x60-slim-frame-40w-philips-driver-ugr19-enec\/","url":"https:\/\/starlediluminacion.com\/producto\/pack-panel-led-60x60-slim-frame-40w-philips-driver-ugr19-enec\/","name":"pack panel led 60x60 - slim frame- 40w - driver - ugr19 - enec - STARLED Iluminacion","isPartOf":{"@id":"https:\/\/starlediluminacion.com\/#website"},"datePublished":"2023-09-19T10:23:45+00:00","dateModified":"2025-10-18T08:39:06+00:00","breadcrumb":{"@id":"https:\/\/starlediluminacion.com\/producto\/pack-panel-led-60x60-slim-frame-40w-philips-driver-ugr19-enec\/#breadcrumb"},"inLanguage":"pt-PT","potentialAction":[{"@type":"ReadAction","target":["https:\/\/starlediluminacion.com\/producto\/pack-panel-led-60x60-slim-frame-40w-philips-driver-ugr19-enec\/"]}]},{"@type":"BreadcrumbList","@id":"https:\/\/starlediluminacion.com\/producto\/pack-panel-led-60x60-slim-frame-40w-philips-driver-ugr19-enec\/#breadcrumb","itemListElement":[{"@type":"ListItem","position":1,"name":"Portada","item":"https:\/\/starlediluminacion.com\/"},{"@type":"ListItem","position":2,"name":"Shop","item":"https:\/\/starlediluminacion.com\/shop-2\/"},{"@type":"ListItem","position":3,"name":"pack panel led 60&#215;60 &#8211; slim frame- 40w &#8211; driver &#8211; ugr19 &#8211; enec"}]},{"@type":"WebSite","@id":"https:\/\/starlediluminacion.com\/#website","url":"https:\/\/starlediluminacion.com\/","name":"STARLED Iluminacion","description":"","potentialAction":[{"@type":"SearchAction","target":{"@type":"EntryPoint","urlTemplate":"https:\/\/starlediluminacion.com\/?s={search_term_string}"},"query-input":{"@type":"PropertyValueSpecification","valueRequired":true,"valueName":"search_term_string"}}],"inLanguage":"pt-PT"}]}},"_links":{"self":[{"href":"https:\/\/starlediluminacion.com\/pt\/wp-json\/wp\/v3\/product\/10754","targetHints":{"allow":["GET"]}}],"collection":[{"href":"https:\/\/starlediluminacion.com\/pt\/wp-json\/wp\/v3\/product"}],"about":[{"href":"https:\/\/starlediluminacion.com\/pt\/wp-json\/wp\/v2\/types\/product"}],"wp:attachment":[{"href":"https:\/\/starlediluminacion.com\/pt\/wp-json\/wp\/v2\/media?parent=10754"}],"wp:term":[{"taxonomy":"product_cat","embeddable":true,"href":"https:\/\/starlediluminacion.com\/pt\/wp-json\/wp\/v2\/product_cat?post=10754"},{"taxonomy":"product_tag","embeddable":true,"href":"https:\/\/starlediluminacion.com\/pt\/wp-json\/wp\/v2\/product_tag?post=10754"}],"curies":[{"name":"wp","href":"https:\/\/api.w.org\/{rel}","templated":true}]}}