{"id":10607,"date":"2023-09-19T09:00:25","date_gmt":"2023-09-19T09:00:25","guid":{"rendered":"https:\/\/starlediluminacion.com\/?post_type=product&#038;p=10607"},"modified":"2024-01-07T13:32:20","modified_gmt":"2024-01-07T13:32:20","slug":"floron-de-superficie-para-lamparas-de-techo-blanco-negro-plata","status":"publish","type":"product","link":"https:\/\/starlediluminacion.com\/pt\/product\/candeeiros-de-teto-branco-prateado-preto-superficie-flor\/","title":{"rendered":"<p>Rosa de teto de montagem saliente para candeeiros de teto - Branco - Preto - Prata<\/p>"},"content":{"rendered":"<h1>Rosa de teto de montagem saliente para candeeiros de teto - Branco - Preto - Prata<p>&nbsp;<\/p><p>Descubra a roseta de teto de superf\u00edcie: a solu\u00e7\u00e3o perfeita para valorizar os seus espa\u00e7os com estilo e funcionalidade. Dispon\u00edvel em tr\u00eas cores elegantes - Branco, Preto e Prateado - este acess\u00f3rio vers\u00e1til permite-lhe instalar facilmente candeeiros suspensos e candeeiros de parede.<\/p><p>\u00c9 utilizado para cobrir a liga\u00e7\u00e3o el\u00e9ctrica no teto e fornecer um suporte s\u00f3lido para pendurar candeeiros decorativos. Tamb\u00e9m pode servir de base para candeeiros de parede, proporcionando uma solu\u00e7\u00e3o est\u00e9tica e funcional para a instala\u00e7\u00e3o de candeeiros em v\u00e1rios espa\u00e7os interiores.<\/p><p>Fabricada com materiais de alta qualidade, a roseta \u00e9 composta por uma base s\u00f3lida em a\u00e7o, uma ponte traseira em metal resistente e dois parafusos para uma fixa\u00e7\u00e3o perfeita. Al\u00e9m disso, o seu design inteligente incorpora um orif\u00edcio pr\u00e1tico que permite a passagem de cabos el\u00e9ctricos decorativos com uma sec\u00e7\u00e3o transversal at\u00e9 2\u00d71,5 mm, bem como de bucins ou prensa-cabos.<\/p><p>Al\u00e9m disso, tamb\u00e9m serve de base para arandelas de parede, proporcionando uma op\u00e7\u00e3o vers\u00e1til para a decora\u00e7\u00e3o de interiores. Adeus \u00e0s liga\u00e7\u00f5es el\u00e9ctricas inest\u00e9ticas! Esta roseta \u00e9 a solu\u00e7\u00e3o ideal para as ocultar e dar um acabamento decorativo \u00e0s suas lumin\u00e1rias.<\/p><p>A montagem e a instala\u00e7\u00e3o s\u00e3o muito f\u00e1ceis. Esque\u00e7a as instala\u00e7\u00f5es complicadas, gra\u00e7as \u00e0 sua montagem f\u00e1cil, desfrutar\u00e1 de uma ilumina\u00e7\u00e3o requintada num instante.<\/p><p>Este tipo de roseta \u00e9 utilizado em casas, escrit\u00f3rios, lojas, restaurantes, hot\u00e9is e outros locais onde \u00e9 necess\u00e1ria uma instala\u00e7\u00e3o elegante e segura para candeeiros suspensos ou candeeiros de parede.<\/p><p>Fa\u00e7a sobressair os seus candeeiros com a roseta Surface para candeeiros de teto. Eleve o n\u00edvel da sua decora\u00e7\u00e3o e desfrute de uma ilumina\u00e7\u00e3o perfeita e elegante. D\u00ea um toque de sofistica\u00e7\u00e3o aos seus espa\u00e7os com este acess\u00f3rio indispens\u00e1vel!<\/p><h3 class=\"page-product-heading\">DADOS T\u00c9CNICOS<\/h3><div class=\"col-xs-12 col-md-6\">\n<table class=\"table table-data-sheet 1\">\n<tbody>\n<tr class=\"odd\">\n<td valign=\"middle\" width=\"32\"><\/td>\n<td valign=\"middle\">REFER\u00caNCIA :<\/td>\n<td valign=\"middle\">SLFL5042-N\n<p>SLFL5042-B<\/p>\n<p>SLFL5042-P<\/p><\/td>\n<\/tr>\n<tr class=\"even\">\n<td valign=\"middle\" width=\"32\"><\/td>\n<td valign=\"middle\">Material de constru\u00e7\u00e3o:<\/td>\n<td valign=\"middle\">A\u00e7o<\/td>\n<\/tr>\n<\/tbody>\n<\/table>\n<\/div><div class=\"col-xs-12 col-md-6 2\">\n<table class=\"table table-data-sheet 2\">\n<tbody>\n<tr class=\"odd\">\n<td valign=\"middle\" width=\"32\"><\/td>\n<td valign=\"middle\">Certificados:<\/td>\n<td valign=\"middle\">CE - ROHS<\/td>\n<\/tr>\n<tr class=\"even\">\n<td valign=\"middle\" width=\"32\"><\/td>\n<td valign=\"middle\">Anos de garantia:<\/td>\n<td valign=\"middle\">5<\/td>\n<\/tr>\n<\/tbody>\n<\/table>\n<p>&nbsp;<\/p>\n<\/div><\/h1>","protected":false},"excerpt":{"rendered":"<p><strong><label>REFER\u00caNCIA: <\/label><\/strong><p><strong><label><span style=\"font-size: 16px;\">SLFL5042-N \/ <\/span><span style=\"font-size: 16px;\">SLFL5042-B \/ <\/span><span style=\"font-size: 16px;\">SLFL5042-P<\/span><\/label><\/strong><\/p><p>Suporte de teto, roseta de parede e de teto, para candeeiros suspensos e candeeiros de parede. Fabricado em a\u00e7o. Composto pela base, uma ponte met\u00e1lica traseira e dois parafusos para uma fixa\u00e7\u00e3o correcta. Incorpora um orif\u00edcio que permite a passagem de cabos el\u00e9ctricos decorativos com uma sec\u00e7\u00e3o transversal m\u00e1xima de 2\u00d71,5 mm, bem como de bucins ou prensa-cabos.<\/p><p>Ideal para ocultar liga\u00e7\u00f5es el\u00e9ctricas e dar um acabamento decorativo \u00e0s lumin\u00e1rias.  F\u00e1cil de montar e montar.<\/p><div class=\"col-md-12\"><i class=\"fa fa-truck\"><\/i>&nbsp;<span class=\"text-muted textprop\">Entrega em 24\/48 horas<\/span><\/div><div class=\"col-md-12\"><i class=\"fa fa-exchange\"><\/i>&nbsp;<span class=\"text-muted textprop\">Garantia do segurado<\/span><\/div><div class=\"col-md-12\"><i class=\"fa fa-box\"><\/i>&nbsp;<span class=\"text-muted textprop\">100 unidade(s) por Masterbox<\/span><\/div><\/p>","protected":false},"featured_media":10634,"template":"","meta":{"site-sidebar-layout":"default","site-content-layout":"default","ast-global-header-display":"","ast-main-header-display":"","ast-hfb-above-header-display":"","ast-hfb-below-header-display":"","ast-hfb-mobile-header-display":"","site-post-title":"","ast-breadcrumbs-content":"","ast-featured-img":"","footer-sml-layout":"","theme-transparent-header-meta":"default","adv-header-id-meta":"","stick-header-meta":"","header-above-stick-meta":"","header-main-stick-meta":"","header-below-stick-meta":""},"product_cat":[62,23],"product_tag":[],"class_list":["post-10607","product","type-product","status-publish","has-post-thumbnail","hentry","product_cat-accesorios-lamparas-led","product_cat-bombillas-y-lamparas-led"],"_links":{"self":[{"href":"https:\/\/starlediluminacion.com\/pt\/wp-json\/wp\/v3\/product\/10607","targetHints":{"allow":["GET"]}}],"collection":[{"href":"https:\/\/starlediluminacion.com\/pt\/wp-json\/wp\/v3\/product"}],"about":[{"href":"https:\/\/starlediluminacion.com\/pt\/wp-json\/wp\/v2\/types\/product"}],"wp:featuredmedia":[{"embeddable":true,"href":"https:\/\/starlediluminacion.com\/pt\/wp-json\/wp\/v2\/media\/10634"}],"wp:attachment":[{"href":"https:\/\/starlediluminacion.com\/pt\/wp-json\/wp\/v2\/media?parent=10607"}],"wp:term":[{"taxonomy":"product_cat","embeddable":true,"href":"https:\/\/starlediluminacion.com\/pt\/wp-json\/wp\/v2\/product_cat?post=10607"},{"taxonomy":"product_tag","embeddable":true,"href":"https:\/\/starlediluminacion.com\/pt\/wp-json\/wp\/v2\/product_tag?post=10607"}],"curies":[{"name":"wp","href":"https:\/\/api.w.org\/{rel}","templated":true}]}}