{"id":10600,"date":"2023-09-19T08:55:48","date_gmt":"2023-09-19T08:55:48","guid":{"rendered":"https:\/\/starlediluminacion.com\/?post_type=product&#038;p=10600"},"modified":"2023-12-01T11:16:45","modified_gmt":"2023-12-01T11:16:45","slug":"dicroica-led-10w-100-gu10-1200lm-osram-chip-duris-e-2835","status":"publish","type":"product","link":"https:\/\/starlediluminacion.com\/pt\/product\/dicroica-led-10w-100-gu10-1200lm-osram-chip-duris-e-2835\/","title":{"rendered":"<p>LED Dicr\u00f3ica 10W 100\u00b0 GU10 -1200Lm - OSRAM CHIP DURIS E 2835<\/p>"},"content":{"rendered":"<blockquote>\n<h1>LED Dicr\u00f3ica 10W 100\u00b0 GU10 - OSRAM Chip<\/h1>\n<p>Bem-vindo ao futuro da ilumina\u00e7\u00e3o com a nossa extraordin\u00e1ria&nbsp;<strong>LED Dicroico 10W<\/strong>! Com um design de vanguarda e um desempenho excecional, esta l\u00e2mpada est\u00e1 pronta a revolucionar a sua experi\u00eancia de ilumina\u00e7\u00e3o em casa ou em qualquer espa\u00e7o que deseje embelezar com luz.<\/p><p>Concebida e fabricada segundo os mais elevados padr\u00f5es de qualidade, esta dicr\u00f3ica LED combina perfeitamente eleg\u00e2ncia e funcionalidade. O seu corpo \u00e9 feito de&nbsp;<strong>alum\u00ednio e PC<\/strong>O material dur\u00e1vel e resistente assegura uma excelente dissipa\u00e7\u00e3o do calor, prolongando a vida da l\u00e2mpada e garantindo um desempenho \u00f3timo durante muitos anos.<\/p><p>O que realmente faz com que esta Dicroica se destaque \u00e9 a sua poderosa<strong>&nbsp;chip OSRAM DURIS E 2835<\/strong>&nbsp;que incorpora. A OSRAM \u00e9 sin\u00f3nimo de inova\u00e7\u00e3o e qualidade no mundo da ilumina\u00e7\u00e3o, e este chip em particular n\u00e3o \u00e9 exce\u00e7\u00e3o. Com a sua tecnologia avan\u00e7ada, este chip oferece um desempenho de luz excecional, proporcionando uma ilumina\u00e7\u00e3o poderosa e uniforme que n\u00e3o s\u00f3 iluminar\u00e1 os seus espa\u00e7os, como tamb\u00e9m real\u00e7ar\u00e1 as suas caracter\u00edsticas e detalhes.<\/p><p>Al\u00e9m disso, com um&nbsp;<strong>\u00e2ngulo<\/strong>&nbsp;do feixe&nbsp;<strong>100\u00b0<\/strong>Esta Dicr\u00f3ica LED garante uma distribui\u00e7\u00e3o ampla e uniforme da luz, assegurando que cada canto da sua divis\u00e3o ou espa\u00e7o recebe a ilumina\u00e7\u00e3o que merece. Quer necessite de ilumina\u00e7\u00e3o geral para uma divis\u00e3o grande ou de luz focada para real\u00e7ar objectos espec\u00edficos, esta dicr\u00f3ica adapta-se \u00e0s suas necessidades, dando-lhe a flexibilidade que procura no seu sistema de ilumina\u00e7\u00e3o.<\/p><p>Mas isso n\u00e3o \u00e9 tudo, porque a l\u00e2mpada LED Dichroic 10W \u00e9 tamb\u00e9m uma op\u00e7\u00e3o amiga do ambiente. Gra\u00e7as \u00e0 sua elevada efici\u00eancia energ\u00e9tica, esta l\u00e2mpada consome muito menos energia do que as l\u00e2mpadas tradicionais. Ao reduzir o consumo de eletricidade, n\u00e3o s\u00f3 estar\u00e1 a poupar na sua conta de eletricidade, como tamb\u00e9m estar\u00e1 a contribuir para a redu\u00e7\u00e3o da sua pegada de carbono, cuidando assim do nosso planeta.<\/p><p>A instala\u00e7\u00e3o desta Dicr\u00f3ica LED \u00e9 t\u00e3o f\u00e1cil como mudar uma l\u00e2mpada convencional. Basta remover a l\u00e2mpada antiga e instalar esta nova l\u00e2mpada com&nbsp;<strong>Tomada GU10<\/strong>. A sua liga\u00e7\u00e3o direta \u00e0 rede de 220v evita a necessidade de transformadores adicionais, o que simplifica ainda mais o processo de atualiza\u00e7\u00e3o do seu sistema de ilumina\u00e7\u00e3o.<\/p><p>N\u00e3o podemos deixar de mencionar que o Dichroic LED 10W tem um \u00edndice de restitui\u00e7\u00e3o de cor (CRI) de +82. Isto significa que a sua capacidade de apresentar as cores de forma natural e precisa \u00e9 excecional. Ter\u00e1 uma experi\u00eancia visual mais n\u00edtida e aut\u00eantica, apreciando cores vibrantes e detalhes subtis em toda a sua gl\u00f3ria.<\/p><h2>Utiliza\u00e7\u00f5es do LED Dicroico 10W 100\u00b0 GU10 -1200Lm- OSRAM CHIP DURIS E 2835<\/h2><ul>\n<li>Resid\u00eancias: Esta l\u00e2mpada \u00e9 ideal para utiliza\u00e7\u00e3o em diferentes divis\u00f5es da casa, como salas de estar, quartos, cozinhas, casas de banho e corredores. Proporciona uma ilumina\u00e7\u00e3o potente e uniforme para criar um ambiente acolhedor e real\u00e7ar elementos decorativos.<\/li>\n<li>Escrit\u00f3rios e espa\u00e7os de trabalho: O LED dicroico de 10 W \u00e9 adequado para iluminar \u00e1reas de trabalho como secret\u00e1rias, mesas e \u00e1reas de leitura, proporcionando uma luz brilhante e clara para aumentar a produtividade.<\/li>\n<li>Lojas e retalho: Em lojas de retalho, restaurantes e outros espa\u00e7os comerciais, esta l\u00e2mpada pode ser utilizada para melhorar a exposi\u00e7\u00e3o de produtos e criar uma atmosfera atraente para os clientes.<\/li>\n<li>Espa\u00e7os p\u00fablicos: Esta l\u00e2mpada \u00e9 \u00fatil em \u00e1reas p\u00fablicas, como corredores, \u00e1trios, recep\u00e7\u00f5es e salas de espera, onde \u00e9 necess\u00e1ria uma ilumina\u00e7\u00e3o fi\u00e1vel e de alta qualidade.<\/li>\n<li>Galerias de arte e museus: Devido \u00e0 sua capacidade de apresentar cores naturais e exactas, esta l\u00e2mpada \u00e9 adequada para iluminar obras de arte e exposi\u00e7\u00f5es em museus e galerias.<\/li>\n<li>Ilumina\u00e7\u00e3o de realce: Gra\u00e7as ao seu \u00e2ngulo de feixe de 100\u00b0, esta l\u00e2mpada \u00e9 perfeita para iluminar amplamente espa\u00e7os ou elementos arquitect\u00f3nicos.<\/li>\n<li>Ilumina\u00e7\u00e3o exterior: As l\u00e2mpadas GU10 s\u00e3o adequadas para utiliza\u00e7\u00e3o em lumin\u00e1rias de exterior, para iluminar jardins, p\u00e1tios ou terra\u00e7os.<\/li>\n<\/ul><p>Em resumo, a l\u00e2mpada GU10 \u00e9 uma excelente escolha para uma vasta gama de aplica\u00e7\u00f5es devido \u00e0 sua sa\u00edda de luz, efici\u00eancia energ\u00e9tica e capacidade de melhorar os espa\u00e7os com uma ilumina\u00e7\u00e3o potente e uniforme. O seu design compacto e a facilidade de instala\u00e7\u00e3o fazem dela uma escolha popular para ilumina\u00e7\u00e3o residencial e comercial.<\/p><h3 class=\"page-product-heading\">DADOS T\u00c9CNICOS<\/h3><div class=\"col-xs-12 col-md-6\">\n<table class=\"table table-data-sheet 1\">\n<tbody>\n<tr class=\"odd\">\n<td valign=\"middle\" width=\"32\"><\/td>\n<td valign=\"middle\">REFER\u00caNCIA :<\/td>\n<td valign=\"middle\">SLGU1010WOSR<\/td>\n<\/tr>\n<tr class=\"even\">\n<td valign=\"middle\" width=\"32\"><\/td>\n<td valign=\"middle\">Pot\u00eancia nominal :<\/td>\n<td valign=\"middle\">10W<\/td>\n<\/tr>\n<tr class=\"odd\">\n<td valign=\"middle\" width=\"32\"><\/td>\n<td valign=\"middle\">Tens\u00e3o Nominal:<\/td>\n<td valign=\"middle\">175v - 265v<\/td>\n<\/tr>\n<tr class=\"even\">\n<td valign=\"middle\" width=\"32\"><\/td>\n<td valign=\"middle\">Temperatura ligeira:<\/td>\n<td valign=\"middle\">3000K - 4000K - 6000K<\/td>\n<\/tr>\n<tr class=\"odd\">\n<td valign=\"middle\" width=\"32\"><\/td>\n<td valign=\"middle\">CRI - Colour Rendering Index:<\/td>\n<td valign=\"middle\">82<\/td>\n<\/tr>\n<tr class=\"even\">\n<td valign=\"middle\" width=\"32\"><\/td>\n<td valign=\"middle\">Material de constru\u00e7\u00e3o:<\/td>\n<td valign=\"middle\">Alum\u00ednio +PC<\/td>\n<\/tr>\n<tr class=\"odd\">\n<td valign=\"middle\" width=\"32\"><\/td>\n<td valign=\"middle\">Luminosidade-Lm:<\/td>\n<td valign=\"middle\">1000<\/td>\n<\/tr>\n<tr class=\"even\">\n<td valign=\"middle\" width=\"32\"><\/td>\n<td valign=\"middle\">Tipo de LEDs:<\/td>\n<td valign=\"middle\">SMD 2835 OSRAM CHIP<\/td>\n<\/tr>\n<tr class=\"odd\">\n<td valign=\"middle\" width=\"32\"><\/td>\n<td valign=\"middle\">\u00c2ngulo de abertura (\u00ba):<\/td>\n<td valign=\"middle\">100\u00ba<\/td>\n<\/tr>\n<tr class=\"even\">\n<td valign=\"middle\" width=\"32\"><\/td>\n<td valign=\"middle\">Efici\u00eancia dos d\u00edodos LED (Lm\/W):<\/td>\n<td valign=\"middle\">120Lm\/W<\/td>\n<\/tr>\n<tr class=\"odd\">\n<td valign=\"middle\" width=\"32\"><\/td>\n<td valign=\"middle\">Efic\u00e1cia luminosa (Lm\/W):<\/td>\n<td valign=\"middle\">100 Lm\/W<\/td>\n<\/tr>\n<\/tbody>\n<\/table>\n<\/div><div class=\"col-xs-12 col-md-6 2\">\n<table class=\"table table-data-sheet 2\">\n<tbody>\n<tr class=\"odd\">\n<td valign=\"middle\" width=\"32\"><\/td>\n<td valign=\"middle\">Arbusto:<\/td>\n<td valign=\"middle\">GU10<\/td>\n<\/tr>\n<tr class=\"even\">\n<td valign=\"middle\" width=\"32\"><\/td>\n<td valign=\"middle\">Certificados:<\/td>\n<td valign=\"middle\">CE - ROHS<\/td>\n<\/tr>\n<tr class=\"odd\">\n<td valign=\"middle\" width=\"32\"><\/td>\n<td valign=\"middle\">Classifica\u00e7\u00e3o IP:<\/td>\n<td valign=\"middle\">IP20<\/td>\n<\/tr>\n<tr class=\"even\">\n<td valign=\"middle\" width=\"32\"><\/td>\n<td valign=\"middle\">D\u00edodo LED de vida estimada (H):<\/td>\n<td valign=\"middle\">15000<\/td>\n<\/tr>\n<tr class=\"odd\">\n<td valign=\"middle\" width=\"32\"><\/td>\n<td valign=\"middle\">Frequ\u00eancia de trabalho (Hz):<\/td>\n<td valign=\"middle\">50\/60Hz<\/td>\n<\/tr>\n<tr class=\"even\">\n<td valign=\"middle\" width=\"32\"><\/td>\n<td valign=\"middle\">Gama de temperaturas (\u00baC):<\/td>\n<td valign=\"middle\">-20\u00b0C ~ +55\u00b0C<\/td>\n<\/tr>\n<tr class=\"odd\">\n<td valign=\"middle\" width=\"32\"><\/td>\n<td valign=\"middle\">Ciclos de Igni\u00e7\u00e3o:<\/td>\n<td valign=\"middle\">100.000<\/td>\n<\/tr>\n<tr class=\"even\">\n<td valign=\"middle\" width=\"32\"><\/td>\n<td valign=\"middle\">Tempo de arranque (s):<\/td>\n<td valign=\"middle\">0,2s<\/td>\n<\/tr>\n<tr class=\"odd\">\n<td valign=\"middle\" width=\"32\"><\/td>\n<td valign=\"middle\">Classe energ\u00e9tica (2021-EU-2019\/2015):<\/td>\n<td valign=\"middle\">A+<\/td>\n<\/tr>\n<tr class=\"even\">\n<td valign=\"middle\" width=\"32\"><\/td>\n<td valign=\"middle\">Classe energ\u00e9tica (2023 - EU-2019\/2015):<\/td>\n<td valign=\"middle\">F<\/td>\n<\/tr>\n<tr class=\"odd\">\n<td valign=\"middle\" width=\"32\"><\/td>\n<td valign=\"middle\">Anos de garantia:<\/td>\n<td valign=\"middle\">3<\/td>\n<\/tr>\n<\/tbody>\n<\/table>\n<p>&nbsp;<\/p>\n<\/div><\/blockquote>","protected":false},"excerpt":{"rendered":"<p><strong><label>REFER\u00caNCIA: SLGU10-10W-OSR-27K<\/label><\/strong><p>Experimente a ilumina\u00e7\u00e3o do futuro com o nosso&nbsp;<strong>LED Dicroico 10W<\/strong>. Com o seu chip avan\u00e7ado&nbsp;<strong>OSRAM DURIS E 2835<\/strong>Esta maravilha tecnol\u00f3gica oferece uma luminosidade excecional e uma efici\u00eancia energ\u00e9tica inigual\u00e1vel. O seu \u00e2ngulo de&nbsp;<strong>100<\/strong>Mude para a efici\u00eancia LED com a confian\u00e7a da OSRAM e transforme a sua ilumina\u00e7\u00e3o numa experi\u00eancia \u00fanica e sustent\u00e1vel.<\/p><p>A instala\u00e7\u00e3o \u00e9 muito simples, basta retirar a l\u00e2mpada de halog\u00e9neo tradicional e colocar a nova l\u00e2mpada com um casquilho.&nbsp;<strong>GU10<\/strong>&nbsp;com liga\u00e7\u00e3o direta \u00e0 rede el\u00e9ctrica.<\/p><p><strong>TEMPERATURA DA COR:&nbsp;<\/strong> <strong>2700K\/3000K\/4000K\/6000K<\/strong><\/p><div class=\"col-md-12\"><i class=\"fa fa-truck\"><\/i>&nbsp;<span class=\"text-muted textprop\">Entrega em 24\/48 horas<\/span><\/div><div class=\"col-md-12\"><i class=\"fa fa-exchange\"><\/i>&nbsp;<span class=\"text-muted textprop\">Garantia do segurado<\/span><\/div><div class=\"col-md-12\"><i class=\"fa fa-box\"><\/i>&nbsp;<span class=\"text-muted textprop\">100 unidade(s) por Masterbox<\/span><\/div><\/p>","protected":false},"featured_media":10606,"template":"","meta":{"site-sidebar-layout":"default","site-content-layout":"default","ast-global-header-display":"","ast-main-header-display":"","ast-hfb-above-header-display":"","ast-hfb-below-header-display":"","ast-hfb-mobile-header-display":"","site-post-title":"","ast-breadcrumbs-content":"","ast-featured-img":"","footer-sml-layout":"","theme-transparent-header-meta":"default","adv-header-id-meta":"","stick-header-meta":"","header-above-stick-meta":"","header-main-stick-meta":"","header-below-stick-meta":""},"product_cat":[48,23],"product_tag":[],"class_list":["post-10600","product","type-product","status-publish","has-post-thumbnail","hentry","product_cat-bombillas-led-gu10-mr16-g4","product_cat-bombillas-y-lamparas-led"],"_links":{"self":[{"href":"https:\/\/starlediluminacion.com\/pt\/wp-json\/wp\/v3\/product\/10600","targetHints":{"allow":["GET"]}}],"collection":[{"href":"https:\/\/starlediluminacion.com\/pt\/wp-json\/wp\/v3\/product"}],"about":[{"href":"https:\/\/starlediluminacion.com\/pt\/wp-json\/wp\/v2\/types\/product"}],"wp:featuredmedia":[{"embeddable":true,"href":"https:\/\/starlediluminacion.com\/pt\/wp-json\/wp\/v2\/media\/10606"}],"wp:attachment":[{"href":"https:\/\/starlediluminacion.com\/pt\/wp-json\/wp\/v2\/media?parent=10600"}],"wp:term":[{"taxonomy":"product_cat","embeddable":true,"href":"https:\/\/starlediluminacion.com\/pt\/wp-json\/wp\/v2\/product_cat?post=10600"},{"taxonomy":"product_tag","embeddable":true,"href":"https:\/\/starlediluminacion.com\/pt\/wp-json\/wp\/v2\/product_tag?post=10600"}],"curies":[{"name":"wp","href":"https:\/\/api.w.org\/{rel}","templated":true}]}}