{"id":10311,"date":"2023-09-14T10:28:09","date_gmt":"2023-09-14T10:28:09","guid":{"rendered":"https:\/\/starlediluminacion.com\/?post_type=product&#038;p=10311"},"modified":"2023-12-01T11:02:59","modified_gmt":"2023-12-01T11:02:59","slug":"foco-proyector-led-200w-new-action-osram-chip-duris-e2835","status":"publish","type":"product","link":"https:\/\/starlediluminacion.com\/pt\/product\/foco-proyector-led-200w-new-action-osram-chip-duris-e2835\/","title":{"rendered":"<p>Foco Proyector LED 200W &ndash; New ACTION &ndash; OSRAM CHIP DURIS E2835<\/p>"},"content":{"rendered":"<h1>Foco Proyector LED 200W&nbsp;&ndash; New ACTION &ndash; OSRAM CHIP DURIS E2835<p>O&nbsp;<strong>Holofote LED<\/strong>&nbsp;-&nbsp;<strong>Nova a\u00e7\u00e3o<\/strong>&nbsp;-&nbsp;<strong>CHIP OSRAM DURIS E2835<\/strong>- \u00e9 uma lumin\u00e1ria impressionante feita de materiais de alta qualidade, como o alum\u00ednio e o vidro, que garantem durabilidade e resist\u00eancia. Com a sua pot\u00eancia de 200W&nbsp;<strong>,<\/strong>&nbsp;este projetor LED oferece uma ilumina\u00e7\u00e3o potente e eficiente, perfeita para uma vasta gama de aplica\u00e7\u00f5es.<\/p><p>Uma das caracter\u00edsticas not\u00e1veis deste projetor \u00e9 o d\u00edodo Osram Duris SMD2835 de alta qualidade, que assegura um desempenho \u00f3timo e uma reprodu\u00e7\u00e3o de cores precisa com um \u00edndice de reprodu\u00e7\u00e3o de cores (CRI) superior a 80. Isto significa que as cores s\u00e3o reproduzidas de forma vibrante e fiel \u00e0 vida, proporcionando uma experi\u00eancia visual excecional.<\/p><p>Para al\u00e9m da sua pot\u00eancia luminosa, o&nbsp;<strong>Foco Proyector LED&nbsp;200W<\/strong>&nbsp; &nbsp;- A New ACTION distingue-se igualmente pela sua versatilidade em termos de local de utiliza\u00e7\u00e3o. Gra\u00e7as \u00e0 sua classifica\u00e7\u00e3o&nbsp;<strong>IP65<\/strong>Com o seu design \u00e0 prova de \u00e1gua e de poeiras, este projetor \u00e9 a escolha ideal para aplica\u00e7\u00f5es interiores e exteriores. Quer seja para iluminar um jardim, uma fachada, uma montra ou qualquer outro espa\u00e7o, este projetor est\u00e1 pronto para enfrentar os desafios do ambiente exterior sem comprometer o desempenho.<\/p><p>O revestimento de tinta ep\u00f3xi cozida de alta resist\u00eancia deste projetor n\u00e3o s\u00f3 d\u00e1 uma apar\u00eancia elegante, como tamb\u00e9m proporciona uma prote\u00e7\u00e3o adicional contra a corros\u00e3o e os agentes atmosf\u00e9ricos, garantindo uma longa vida \u00fatil e uma apar\u00eancia impec\u00e1vel, mesmo em condi\u00e7\u00f5es ambientais adversas.<\/p><p>&nbsp;<\/p><p>El Foco Proyector LED 200W&nbsp;&ndash; New ACTION &ndash; OSRAM CHIP DURIS E2835- IP65 se caracteriza por su f&aacute;cil instalaci&oacute;n, lo que lo convierte en una opci&oacute;n conveniente para usuarios de todos los niveles de experiencia.&nbsp; Gracias a su dise&ntilde;o bien pensado y su estructura compacta, este proyector LED se puede instalar de manera r&aacute;pida y sencilla en diferentes entornos. Viene con todos los componentes necesarios, como cables y soportes, para facilitar el proceso de instalaci&oacute;n.<\/p><p>O&nbsp;<strong>Holofote LED<\/strong>&nbsp;- Nova AC\u00c7\u00c3O -&nbsp;<strong>CHIP OSRAM DURIS E2835-<\/strong>&nbsp;<strong>IP65<\/strong>&nbsp;tem uma vasta gama de utiliza\u00e7\u00f5es devido \u00e0 sua pot\u00eancia, durabilidade e resist\u00eancia aos elementos. Algumas das utiliza\u00e7\u00f5es mais comuns para este projetor incluem:<\/p><ul>\n<li>Ilumina\u00e7\u00e3o exterior: Gra\u00e7as \u00e0 sua classifica\u00e7\u00e3o IP65, este projetor \u00e9 perfeito para iluminar \u00e1reas exteriores como jardins, p\u00e1tios, fachadas de edif\u00edcios, parques, parques de estacionamento e muito mais. Proporciona uma ilumina\u00e7\u00e3o brilhante e uniforme que aumenta a seguran\u00e7a, a est\u00e9tica e a visibilidade em ambientes exteriores.<\/li>\n<li>Iluminaci&oacute;n de seguridad: El Foco Proyector LED&nbsp;200W&nbsp; es ideal para aumentar la seguridad en &aacute;reas de alto riesgo, como entradas, pasillos oscuros o garajes. Su potente luz ilumina eficazmente los espacios, disuadiendo a los intrusos y proporcionando una mayor tranquilidad.<\/li>\n<li>Ilumina\u00e7\u00e3o para eventos e espect\u00e1culos: Devido \u00e0 sua capacidade de criar uma ilumina\u00e7\u00e3o intensa e focada, este projetor \u00e9 normalmente utilizado para eventos ao ar livre, concertos, festivais, exposi\u00e7\u00f5es e espect\u00e1culos em palco. Proporciona uma ilumina\u00e7\u00e3o marcante que real\u00e7a elementos espec\u00edficos e cria um ambiente din\u00e2mico.<\/li>\n<li>Ilumina\u00e7\u00e3o de montras e expositores: O projetor LED de 200 W \u00e9 uma escolha popular para destacar produtos, expositores e vitrinas em lojas, museus e galerias. A sua luz brilhante e focada real\u00e7a os detalhes e cria um impacto visual para captar a aten\u00e7\u00e3o dos espectadores.<\/li>\n<li>Ilumina\u00e7\u00e3o interior: Embora especialmente concebido para utiliza\u00e7\u00e3o no exterior, este projetor tamb\u00e9m pode ser utilizado no interior para iluminar \u00e1reas espec\u00edficas, como salas de exposi\u00e7\u00e3o, corredores, sal\u00f5es de eventos e muito mais.<\/li>\n<\/ul><h3 class=\"page-product-heading\">DADOS T\u00c9CNICOS<\/h3><div class=\"col-xs-12 col-md-6\">\n<table class=\"table table-data-sheet 1\">\n<tbody>\n<tr class=\"odd\">\n<td valign=\"middle\" width=\"32\"><\/td>\n<td valign=\"middle\">REFER\u00caNCIA :<\/td>\n<td valign=\"middle\">SLFA200WACT<\/td>\n<\/tr>\n<tr class=\"even\">\n<td valign=\"middle\" width=\"32\"><\/td>\n<td valign=\"middle\">Pot\u00eancia nominal :<\/td>\n<td valign=\"middle\">200w<\/td>\n<\/tr>\n<tr class=\"odd\">\n<td valign=\"middle\" width=\"32\"><\/td>\n<td valign=\"middle\">Tens\u00e3o Nominal:<\/td>\n<td valign=\"middle\">220-240V<\/td>\n<\/tr>\n<tr class=\"even\">\n<td valign=\"middle\" width=\"32\"><\/td>\n<td valign=\"middle\">Temperatura ligeira:<\/td>\n<td valign=\"middle\">4000K-6000K<\/td>\n<\/tr>\n<tr class=\"odd\">\n<td valign=\"middle\" width=\"32\"><\/td>\n<td valign=\"middle\">CRI - Colour Rendering Index:<\/td>\n<td valign=\"middle\">80<\/td>\n<\/tr>\n<tr class=\"even\">\n<td valign=\"middle\" width=\"32\"><\/td>\n<td valign=\"middle\">Material de constru\u00e7\u00e3o:<\/td>\n<td valign=\"middle\">Alum\u00ednio + Vidro<\/td>\n<\/tr>\n<tr class=\"odd\">\n<td valign=\"middle\" width=\"32\"><\/td>\n<td valign=\"middle\">Luminosidade-Lm:<\/td>\n<td valign=\"middle\">24000Lm<\/td>\n<\/tr>\n<tr class=\"even\">\n<td valign=\"middle\" width=\"32\"><\/td>\n<td valign=\"middle\">Tipo de LEDs:<\/td>\n<td valign=\"middle\">SMD 2835 OSRAM CHIP<\/td>\n<\/tr>\n<tr class=\"odd\">\n<td valign=\"middle\" width=\"32\"><\/td>\n<td valign=\"middle\">\u00c2ngulo de abertura (\u00ba):<\/td>\n<td valign=\"middle\">120\u00ba<\/td>\n<\/tr>\n<tr class=\"even\">\n<td valign=\"middle\" width=\"32\"><\/td>\n<td valign=\"middle\">Efici\u00eancia dos d\u00edodos LED (Lm\/W):<\/td>\n<td valign=\"middle\">145Lm\/W<\/td>\n<\/tr>\n<tr class=\"odd\">\n<td valign=\"middle\" width=\"32\"><\/td>\n<td valign=\"middle\">Efic\u00e1cia luminosa (Lm\/W):<\/td>\n<td valign=\"middle\">120 Lm\/W<\/td>\n<\/tr>\n<tr class=\"even\">\n<td valign=\"middle\" width=\"32\"><\/td>\n<td valign=\"middle\">Certificados:<\/td>\n<td valign=\"middle\">CE - ROHS<\/td>\n<\/tr>\n<\/tbody>\n<\/table>\n<\/div><div class=\"col-xs-12 col-md-6 2\">\n<table class=\"table table-data-sheet 2\">\n<tbody>\n<tr class=\"odd\">\n<td valign=\"middle\" width=\"32\"><\/td>\n<td valign=\"middle\">Classifica\u00e7\u00e3o IP:<\/td>\n<td valign=\"middle\">IP65-Outdoor<\/td>\n<\/tr>\n<tr class=\"even\">\n<td valign=\"middle\" width=\"32\"><\/td>\n<td valign=\"middle\">D\u00edodo LED de vida estimada (H):<\/td>\n<td valign=\"middle\">25000h<\/td>\n<\/tr>\n<tr class=\"odd\">\n<td valign=\"middle\" width=\"32\"><\/td>\n<td valign=\"middle\">Dimens\u00f5es (mm):<\/td>\n<td valign=\"middle\">406x326x36mm<\/td>\n<\/tr>\n<tr class=\"even\">\n<td valign=\"middle\" width=\"32\"><\/td>\n<td valign=\"middle\">Factor de pot\u00eancia (PF):<\/td>\n<td valign=\"middle\">0.91<\/td>\n<\/tr>\n<tr class=\"odd\">\n<td valign=\"middle\" width=\"32\"><\/td>\n<td valign=\"middle\">Frequ\u00eancia de trabalho (Hz):<\/td>\n<td valign=\"middle\">50\/60Hz<\/td>\n<\/tr>\n<tr class=\"even\">\n<td valign=\"middle\" width=\"32\"><\/td>\n<td valign=\"middle\">Gama de temperaturas (\u00baC):<\/td>\n<td valign=\"middle\">-20\u00b0C ~ +55\u00b0C<\/td>\n<\/tr>\n<tr class=\"odd\">\n<td valign=\"middle\" width=\"32\"><\/td>\n<td valign=\"middle\">Ciclos de Igni\u00e7\u00e3o:<\/td>\n<td valign=\"middle\">100.000<\/td>\n<\/tr>\n<tr class=\"even\">\n<td valign=\"middle\" width=\"32\"><\/td>\n<td valign=\"middle\">Tempo de arranque (s):<\/td>\n<td valign=\"middle\">0,2s<\/td>\n<\/tr>\n<tr class=\"odd\">\n<td valign=\"middle\" width=\"32\"><\/td>\n<td valign=\"middle\">Informa\u00e7\u00e3o adicional:<\/td>\n<td valign=\"middle\">Protetor de sobretens\u00e3o 2K<\/td>\n<\/tr>\n<tr class=\"even\">\n<td valign=\"middle\" width=\"32\"><\/td>\n<td valign=\"middle\">Classe energ\u00e9tica (2021-EU-2019\/2015):<\/td>\n<td valign=\"middle\">A+<\/td>\n<\/tr>\n<tr class=\"odd\">\n<td valign=\"middle\" width=\"32\"><\/td>\n<td valign=\"middle\">Classe energ\u00e9tica (2023 - EU-2019\/2015):<\/td>\n<td valign=\"middle\">F<\/td>\n<\/tr>\n<tr class=\"even\">\n<td valign=\"middle\" width=\"32\"><\/td>\n<td valign=\"middle\">Anos de garantia:<\/td>\n<td valign=\"middle\">3<\/td>\n<\/tr>\n<\/tbody>\n<\/table>\n<p>&nbsp;<\/p>\n<\/div><\/h1>","protected":false},"excerpt":{"rendered":"<p><strong><label>REFERENCIA: SLFA200WACT-91639-4K<\/label><\/strong><p><strong>Projetor LED 200W<\/strong>&nbsp;- Nova AC\u00c7\u00c3O -&nbsp;<strong>CHIP OSRAM DURIS E2835- IP65<\/strong>: La elecci&oacute;n perfecta para iluminaci&oacute;n potente y duradera. Este proyector LED de 200W&nbsp;, equipado con la tecnolog&iacute;a de vanguardia de OSRAM CHIP DURIS E2835, ofrece una iluminaci&oacute;n brillante y eficiente. Con su clasificaci&oacute;n IP65, es resistente al agua y al polvo, lo que lo hace ideal tanto para uso interior como exterior.<\/p><p>Experimente a qualidade e o desempenho excepcionais deste projetor l\u00edder na sua classe!<\/p><p><strong>TEMPERATURA DE COR: 4000K\/6000K<\/strong><\/p><div class=\"col-md-12\"><i class=\"fa fa-truck\"><\/i><strong>&nbsp;<span class=\"text-muted textprop\">Entrega em 24\/48 horas<\/span><\/strong><\/div><div class=\"col-md-12\"><strong><i class=\"fa fa-exchange\"><\/i>&nbsp;<span class=\"text-muted textprop\">Garantia do segurado<\/span><\/strong><\/div><div class=\"col-md-12\"><strong><i class=\"fa fa-box\"><\/i>&nbsp;<span class=\"text-muted textprop\">4 unidade(s) por Masterbox<\/span><\/strong><\/div><\/p>","protected":false},"featured_media":10320,"template":"","meta":{"site-sidebar-layout":"default","site-content-layout":"default","ast-global-header-display":"","ast-main-header-display":"","ast-hfb-above-header-display":"","ast-hfb-below-header-display":"","ast-hfb-mobile-header-display":"","site-post-title":"","ast-breadcrumbs-content":"","ast-featured-img":"","footer-sml-layout":"","theme-transparent-header-meta":"default","adv-header-id-meta":"","stick-header-meta":"","header-above-stick-meta":"","header-main-stick-meta":"","header-below-stick-meta":""},"product_cat":[109,28],"product_tag":[],"class_list":["post-10311","product","type-product","status-publish","has-post-thumbnail","hentry","product_cat-foco-proyector-led-action","product_cat-proyectores-led-exterior-y-jardin"],"yoast_head":"<!-- This site is optimized with the Yoast SEO plugin v27.4 - https:\/\/yoast.com\/product\/yoast-seo-wordpress\/ -->\n<title>Foco Proyector LED 200W - New ACTION - OSRAM CHIP DURIS E2835 - STARLED Iluminacion<\/title>\n<meta name=\"robots\" content=\"index, follow, max-snippet:-1, max-image-preview:large, max-video-preview:-1\" \/>\n<link rel=\"canonical\" href=\"https:\/\/starlediluminacion.com\/pt\/product\/proiettore-spotlight-led-200w-nuova-azione-osram-chip-duris-e2835-2\/\" \/>\n<meta property=\"og:locale\" content=\"pt_PT\" \/>\n<meta property=\"og:type\" content=\"article\" \/>\n<meta property=\"og:title\" content=\"Foco Proyector LED 200W - New ACTION - OSRAM CHIP DURIS E2835 - STARLED Iluminacion\" \/>\n<meta property=\"og:description\" content=\"REFERENCIA: SLFA200WACT-91639-4K  Foco Proyector LED 200W\u00a0- New ACTION -\u00a0OSRAM CHIP DURIS E2835- IP65: La elecci\u00f3n perfecta para iluminaci\u00f3n potente y duradera. Este proyector LED de 200W\u00a0, equipado con la tecnolog\u00eda de vanguardia de OSRAM CHIP DURIS E2835, ofrece una iluminaci\u00f3n brillante y eficiente. Con su clasificaci\u00f3n IP65, es resistente al agua y al polvo, lo que lo hace ideal tanto para uso interior como exterior.  \u00a1Experimenta la calidad y rendimiento excepcionales de este foco proyector l\u00edder en su categor\u00eda!  TEMPERATURA DE COLOR: 4000K\/6000K \u00a0Entrega en 24\/48 horas \u00a0Garant\u00eda asegurada \u00a04 unidad(es) por Masterbox\" \/>\n<meta property=\"og:url\" content=\"https:\/\/starlediluminacion.com\/pt\/product\/proiettore-spotlight-led-200w-nuova-azione-osram-chip-duris-e2835-2\/\" \/>\n<meta property=\"og:site_name\" content=\"STARLED Iluminacion\" \/>\n<meta property=\"article:modified_time\" content=\"2023-12-01T11:02:59+00:00\" \/>\n<meta property=\"og:image\" content=\"https:\/\/starlediluminacion.com\/wp-content\/uploads\/2023\/09\/foco-proyector-led-100w-new-action-osram-chip-duris-e2835-factorled.jpg\" \/>\n\t<meta property=\"og:image:width\" content=\"1000\" \/>\n\t<meta property=\"og:image:height\" content=\"1000\" \/>\n\t<meta property=\"og:image:type\" content=\"image\/jpeg\" \/>\n<meta name=\"twitter:card\" content=\"summary_large_image\" \/>\n<meta name=\"twitter:label1\" content=\"Tempo estimado de leitura\" \/>\n\t<meta name=\"twitter:data1\" content=\"4 minutos\" \/>\n<script type=\"application\/ld+json\" class=\"yoast-schema-graph\">{\"@context\":\"https:\\\/\\\/schema.org\",\"@graph\":[{\"@type\":\"WebPage\",\"@id\":\"https:\\\/\\\/starlediluminacion.com\\\/it\\\/product\\\/proiettore-spotlight-led-200w-nuova-azione-osram-chip-duris-e2835-2\\\/\",\"url\":\"https:\\\/\\\/starlediluminacion.com\\\/it\\\/product\\\/proiettore-spotlight-led-200w-nuova-azione-osram-chip-duris-e2835-2\\\/\",\"name\":\"Foco Proyector LED 200W - New ACTION - OSRAM CHIP DURIS E2835 - STARLED Iluminacion\",\"isPartOf\":{\"@id\":\"https:\\\/\\\/starlediluminacion.com\\\/#website\"},\"primaryImageOfPage\":{\"@id\":\"https:\\\/\\\/starlediluminacion.com\\\/it\\\/product\\\/proiettore-spotlight-led-200w-nuova-azione-osram-chip-duris-e2835-2\\\/#primaryimage\"},\"image\":{\"@id\":\"https:\\\/\\\/starlediluminacion.com\\\/it\\\/product\\\/proiettore-spotlight-led-200w-nuova-azione-osram-chip-duris-e2835-2\\\/#primaryimage\"},\"thumbnailUrl\":\"https:\\\/\\\/starlediluminacion.com\\\/wp-content\\\/uploads\\\/2023\\\/09\\\/foco-proyector-led-100w-new-action-osram-chip-duris-e2835-factorled.jpg\",\"datePublished\":\"2023-09-14T10:28:09+00:00\",\"dateModified\":\"2023-12-01T11:02:59+00:00\",\"breadcrumb\":{\"@id\":\"https:\\\/\\\/starlediluminacion.com\\\/it\\\/product\\\/proiettore-spotlight-led-200w-nuova-azione-osram-chip-duris-e2835-2\\\/#breadcrumb\"},\"inLanguage\":\"pt-PT\",\"potentialAction\":[{\"@type\":\"ReadAction\",\"target\":[\"https:\\\/\\\/starlediluminacion.com\\\/it\\\/product\\\/proiettore-spotlight-led-200w-nuova-azione-osram-chip-duris-e2835-2\\\/\"]}]},{\"@type\":\"ImageObject\",\"inLanguage\":\"pt-PT\",\"@id\":\"https:\\\/\\\/starlediluminacion.com\\\/it\\\/product\\\/proiettore-spotlight-led-200w-nuova-azione-osram-chip-duris-e2835-2\\\/#primaryimage\",\"url\":\"https:\\\/\\\/starlediluminacion.com\\\/wp-content\\\/uploads\\\/2023\\\/09\\\/foco-proyector-led-100w-new-action-osram-chip-duris-e2835-factorled.jpg\",\"contentUrl\":\"https:\\\/\\\/starlediluminacion.com\\\/wp-content\\\/uploads\\\/2023\\\/09\\\/foco-proyector-led-100w-new-action-osram-chip-duris-e2835-factorled.jpg\",\"width\":1000,\"height\":1000},{\"@type\":\"BreadcrumbList\",\"@id\":\"https:\\\/\\\/starlediluminacion.com\\\/it\\\/product\\\/proiettore-spotlight-led-200w-nuova-azione-osram-chip-duris-e2835-2\\\/#breadcrumb\",\"itemListElement\":[{\"@type\":\"ListItem\",\"position\":1,\"name\":\"Portada\",\"item\":\"https:\\\/\\\/starlediluminacion.com\\\/\"},{\"@type\":\"ListItem\",\"position\":2,\"name\":\"Shop\",\"item\":\"https:\\\/\\\/starlediluminacion.com\\\/shop-2\\\/\"},{\"@type\":\"ListItem\",\"position\":3,\"name\":\"Foco Proyector LED 200W &#8211; New ACTION &#8211; OSRAM CHIP DURIS E2835\"}]},{\"@type\":\"WebSite\",\"@id\":\"https:\\\/\\\/starlediluminacion.com\\\/#website\",\"url\":\"https:\\\/\\\/starlediluminacion.com\\\/\",\"name\":\"STARLED Iluminacion\",\"description\":\"\",\"potentialAction\":[{\"@type\":\"SearchAction\",\"target\":{\"@type\":\"EntryPoint\",\"urlTemplate\":\"https:\\\/\\\/starlediluminacion.com\\\/?s={search_term_string}\"},\"query-input\":{\"@type\":\"PropertyValueSpecification\",\"valueRequired\":true,\"valueName\":\"search_term_string\"}}],\"inLanguage\":\"pt-PT\"}]}<\/script>\n<!-- \/ Yoast SEO plugin. -->","yoast_head_json":{"title":"Foco Proyector LED 200W - New ACTION - OSRAM CHIP DURIS E2835 - STARLED Iluminacion","robots":{"index":"index","follow":"follow","max-snippet":"max-snippet:-1","max-image-preview":"max-image-preview:large","max-video-preview":"max-video-preview:-1"},"canonical":"https:\/\/starlediluminacion.com\/pt\/product\/proiettore-spotlight-led-200w-nuova-azione-osram-chip-duris-e2835-2\/","og_locale":"pt_PT","og_type":"article","og_title":"Foco Proyector LED 200W - New ACTION - OSRAM CHIP DURIS E2835 - STARLED Iluminacion","og_description":"REFERENCIA: SLFA200WACT-91639-4K  Foco Proyector LED 200W\u00a0- New ACTION -\u00a0OSRAM CHIP DURIS E2835- IP65: La elecci\u00f3n perfecta para iluminaci\u00f3n potente y duradera. Este proyector LED de 200W\u00a0, equipado con la tecnolog\u00eda de vanguardia de OSRAM CHIP DURIS E2835, ofrece una iluminaci\u00f3n brillante y eficiente. Con su clasificaci\u00f3n IP65, es resistente al agua y al polvo, lo que lo hace ideal tanto para uso interior como exterior.  \u00a1Experimenta la calidad y rendimiento excepcionales de este foco proyector l\u00edder en su categor\u00eda!  TEMPERATURA DE COLOR: 4000K\/6000K \u00a0Entrega en 24\/48 horas \u00a0Garant\u00eda asegurada \u00a04 unidad(es) por Masterbox","og_url":"https:\/\/starlediluminacion.com\/pt\/product\/proiettore-spotlight-led-200w-nuova-azione-osram-chip-duris-e2835-2\/","og_site_name":"STARLED Iluminacion","article_modified_time":"2023-12-01T11:02:59+00:00","og_image":[{"width":1000,"height":1000,"url":"https:\/\/starlediluminacion.com\/wp-content\/uploads\/2023\/09\/foco-proyector-led-100w-new-action-osram-chip-duris-e2835-factorled.jpg","type":"image\/jpeg"}],"twitter_card":"summary_large_image","twitter_misc":{"Tempo estimado de leitura":"4 minutos"},"schema":{"@context":"https:\/\/schema.org","@graph":[{"@type":"WebPage","@id":"https:\/\/starlediluminacion.com\/it\/product\/proiettore-spotlight-led-200w-nuova-azione-osram-chip-duris-e2835-2\/","url":"https:\/\/starlediluminacion.com\/it\/product\/proiettore-spotlight-led-200w-nuova-azione-osram-chip-duris-e2835-2\/","name":"Foco Proyector LED 200W - New ACTION - OSRAM CHIP DURIS E2835 - STARLED Iluminacion","isPartOf":{"@id":"https:\/\/starlediluminacion.com\/#website"},"primaryImageOfPage":{"@id":"https:\/\/starlediluminacion.com\/it\/product\/proiettore-spotlight-led-200w-nuova-azione-osram-chip-duris-e2835-2\/#primaryimage"},"image":{"@id":"https:\/\/starlediluminacion.com\/it\/product\/proiettore-spotlight-led-200w-nuova-azione-osram-chip-duris-e2835-2\/#primaryimage"},"thumbnailUrl":"https:\/\/starlediluminacion.com\/wp-content\/uploads\/2023\/09\/foco-proyector-led-100w-new-action-osram-chip-duris-e2835-factorled.jpg","datePublished":"2023-09-14T10:28:09+00:00","dateModified":"2023-12-01T11:02:59+00:00","breadcrumb":{"@id":"https:\/\/starlediluminacion.com\/it\/product\/proiettore-spotlight-led-200w-nuova-azione-osram-chip-duris-e2835-2\/#breadcrumb"},"inLanguage":"pt-PT","potentialAction":[{"@type":"ReadAction","target":["https:\/\/starlediluminacion.com\/it\/product\/proiettore-spotlight-led-200w-nuova-azione-osram-chip-duris-e2835-2\/"]}]},{"@type":"ImageObject","inLanguage":"pt-PT","@id":"https:\/\/starlediluminacion.com\/it\/product\/proiettore-spotlight-led-200w-nuova-azione-osram-chip-duris-e2835-2\/#primaryimage","url":"https:\/\/starlediluminacion.com\/wp-content\/uploads\/2023\/09\/foco-proyector-led-100w-new-action-osram-chip-duris-e2835-factorled.jpg","contentUrl":"https:\/\/starlediluminacion.com\/wp-content\/uploads\/2023\/09\/foco-proyector-led-100w-new-action-osram-chip-duris-e2835-factorled.jpg","width":1000,"height":1000},{"@type":"BreadcrumbList","@id":"https:\/\/starlediluminacion.com\/it\/product\/proiettore-spotlight-led-200w-nuova-azione-osram-chip-duris-e2835-2\/#breadcrumb","itemListElement":[{"@type":"ListItem","position":1,"name":"Portada","item":"https:\/\/starlediluminacion.com\/"},{"@type":"ListItem","position":2,"name":"Shop","item":"https:\/\/starlediluminacion.com\/shop-2\/"},{"@type":"ListItem","position":3,"name":"Foco Proyector LED 200W &#8211; New ACTION &#8211; OSRAM CHIP DURIS E2835"}]},{"@type":"WebSite","@id":"https:\/\/starlediluminacion.com\/#website","url":"https:\/\/starlediluminacion.com\/","name":"STARLED Iluminacion","description":"","potentialAction":[{"@type":"SearchAction","target":{"@type":"EntryPoint","urlTemplate":"https:\/\/starlediluminacion.com\/?s={search_term_string}"},"query-input":{"@type":"PropertyValueSpecification","valueRequired":true,"valueName":"search_term_string"}}],"inLanguage":"pt-PT"}]}},"_links":{"self":[{"href":"https:\/\/starlediluminacion.com\/pt\/wp-json\/wp\/v3\/product\/10311","targetHints":{"allow":["GET"]}}],"collection":[{"href":"https:\/\/starlediluminacion.com\/pt\/wp-json\/wp\/v3\/product"}],"about":[{"href":"https:\/\/starlediluminacion.com\/pt\/wp-json\/wp\/v2\/types\/product"}],"wp:featuredmedia":[{"embeddable":true,"href":"https:\/\/starlediluminacion.com\/pt\/wp-json\/wp\/v2\/media\/10320"}],"wp:attachment":[{"href":"https:\/\/starlediluminacion.com\/pt\/wp-json\/wp\/v2\/media?parent=10311"}],"wp:term":[{"taxonomy":"product_cat","embeddable":true,"href":"https:\/\/starlediluminacion.com\/pt\/wp-json\/wp\/v2\/product_cat?post=10311"},{"taxonomy":"product_tag","embeddable":true,"href":"https:\/\/starlediluminacion.com\/pt\/wp-json\/wp\/v2\/product_tag?post=10311"}],"curies":[{"name":"wp","href":"https:\/\/api.w.org\/{rel}","templated":true}]}}