{"id":10235,"date":"2023-07-27T16:31:51","date_gmt":"2023-07-27T16:31:51","guid":{"rendered":"https:\/\/starlediluminacion.com\/?post_type=product&#038;p=10235"},"modified":"2023-09-14T09:04:16","modified_gmt":"2023-09-14T09:04:16","slug":"tira-led-cob-24v-480-led-m-30m-flip-chip-1200lm-12w-m-cri90-ip67","status":"publish","type":"product","link":"https:\/\/starlediluminacion.com\/pt\/product\/tira-led-cob-24v-480-led-m-30m-flip-chip-1200lm-12w-m-cri90-ip67-2\/","title":{"rendered":"<p>Fita LED COB 24V | 480 LED\/m | 30m | FLIP CHIP | 1200Lm | 12W\/M | CRI90 | IP67<\/p>"},"content":{"rendered":"<h1>Fita LED COB 24V | 480 LED\/m | 30m | FLIP CHIP | 1200Lm | 12W\/M | CRI90 | IP67<p>O nosso&nbsp;<strong>Fita LED COB 24 Volt 12W<\/strong>&nbsp;\u00e9 autocolante para f\u00e1cil instala\u00e7\u00e3o. A fita LED requer uma fonte de alimenta\u00e7\u00e3o de corrente cont\u00ednua (CC) de corrente constante para a alimentar.  As tiras de LED podem ser regul\u00e1veis (-<strong>Dimmables<\/strong>-).<\/p><p>Esta Fita LED COB tem 480 chips FLIPCHIP por metro, pelo que obtemos uma luz uniforme em toda a fita, para al\u00e9m de ter um desempenho Lm\/W superior ao dos LEDs SMD tradicionais.<\/p><p>Com a sua&nbsp;<strong>CRI &gt;90<\/strong>&nbsp;conseguimos que as cores pare\u00e7am muito reais. Isto torna esta faixa LED perfeita para iluminar espa\u00e7os onde queremos que as cores pare\u00e7am perfeitas.<\/p><p>A tira LED pode ser cortada e unida nos espa\u00e7os indicados na tira (\u00e1rea de jun\u00e7\u00e3o de cobre), seguindo sempre as instru\u00e7\u00f5es pertinentes (ter o cuidado de que o ferro de solda mantenha um breve contacto com a tira ao soldar, pois o calor excessivo danificar\u00e1 o condutor).<br>\nRecomenda-se que qualquer tipo de instala\u00e7\u00e3o deste tipo n\u00e3o exceda os 10 metros para evitar quedas de tens\u00e3o na corrente cont\u00ednua que alimenta as tiras de LED, embora tamb\u00e9m tenha a op\u00e7\u00e3o de alimentar a tira em ambas as extremidades, uma op\u00e7\u00e3o mais recomend\u00e1vel se for instalar 20 metros cont\u00ednuos.  Para a instala\u00e7\u00e3o de mais metros cont\u00ednuos, ser\u00e1 necess\u00e1rio instalar amplificadores de sinal para a faixa de LED.<\/p><p>A fim de aumentar a vida \u00fatil da faixa LED, \u00e9&nbsp;<strong>recomendado<\/strong>&nbsp;utilizar o&nbsp;<strong>fita isoladora de calor<\/strong>&nbsp;de frente e verso, bem como para a colocar&nbsp;<strong>perfil de alum\u00ednio<\/strong>para uma gest\u00e3o adequada do calor da pr\u00f3pria fita LED.<\/p><p>Pode encontrar amplificadores de sinal, fita dissipativa, acess\u00f3rios de colagem, fontes de alimenta\u00e7\u00e3o 12-24v, bem como perfis de alum\u00ednio no nosso website.<\/p><p>O&nbsp;<strong>Tiras de LED<\/strong>&nbsp;s\u00e3o ideais para iluminar qualquer tipo de canto ou elemento do seu neg\u00f3cio ou casa, gra\u00e7as \u00e0 sua flexibilidade. Pode-se dizer que uma das suas principais vantagens \u00e9 a grande versatilidade de usos que lhes pode ser dada, uma vez que podem ser instalados em qualquer \u00e1rea e adaptar-se a qualquer canto, e podem ser colocados em qualquer posi\u00e7\u00e3o, gra\u00e7as ao seu desenho linear adapt\u00e1vel.<\/p><p>&nbsp;<\/p><h2 dir=\"ltr\">Usos da Fita LED COB 24V | 480 LED\/m | 30m | FLIP CHIP | 1200Lm | 12W\/M | CRI90 | IP67<\/h2><ul>\n<li>Em bibliotecas<\/li>\n<li>Bares<\/li>\n<li>In\u00edcio<\/li>\n<li>Restaurantes<\/li>\n<li>Abrange<\/li>\n<li>Lojas<\/li>\n<\/ul><h3 class=\"page-product-heading\">DADOS T\u00c9CNICOS<\/h3><div class=\"col-xs-12 col-md-6\">\n<table class=\"table table-data-sheet 1\">\n<tbody>\n<tr class=\"odd\">\n<td valign=\"middle\" width=\"32\"><\/td>\n<td valign=\"middle\">REFER\u00caNCIA :<\/td>\n<td valign=\"middle\">SLSP480D12W30M<\/td>\n<\/tr>\n<tr class=\"even\">\n<td valign=\"middle\" width=\"32\"><\/td>\n<td valign=\"middle\">Pot\u00eancia nominal :<\/td>\n<td valign=\"middle\">12w*30m<\/td>\n<\/tr>\n<tr class=\"odd\">\n<td valign=\"middle\" width=\"32\"><\/td>\n<td valign=\"middle\">Tens\u00e3o Nominal:<\/td>\n<td valign=\"middle\">24V DC<\/td>\n<\/tr>\n<tr class=\"even\">\n<td valign=\"middle\" width=\"32\"><\/td>\n<td valign=\"middle\">Temperatura ligeira:<\/td>\n<td valign=\"middle\">2700K - 4000K - 5700K<\/td>\n<\/tr>\n<tr class=\"odd\">\n<td valign=\"middle\" width=\"32\"><\/td>\n<td valign=\"middle\">CRI - Colour Rendering Index:<\/td>\n<td valign=\"middle\">90<\/td>\n<\/tr>\n<tr class=\"even\">\n<td valign=\"middle\" width=\"32\"><\/td>\n<td valign=\"middle\">Luminosidade-Lm:<\/td>\n<td valign=\"middle\">1 metro: 1200Lm\/W - 30 metros: 36000Lm<\/td>\n<\/tr>\n<tr class=\"odd\">\n<td valign=\"middle\" width=\"32\"><\/td>\n<td valign=\"middle\">Tipo de LEDs:<\/td>\n<td valign=\"middle\">COB<\/td>\n<\/tr>\n<tr class=\"even\">\n<td valign=\"middle\" width=\"32\"><\/td>\n<td valign=\"middle\">\u00c2ngulo de abertura (\u00ba):<\/td>\n<td valign=\"middle\">180\u00ba<\/td>\n<\/tr>\n<tr class=\"odd\">\n<td valign=\"middle\" width=\"32\"><\/td>\n<td valign=\"middle\">Efici\u00eancia dos d\u00edodos LED (Lm\/W):<\/td>\n<td valign=\"middle\">240 Lm\/W<\/td>\n<\/tr>\n<tr class=\"even\">\n<td valign=\"middle\" width=\"32\"><\/td>\n<td valign=\"middle\">Efic\u00e1cia luminosa (Lm\/W):<\/td>\n<td valign=\"middle\">200<\/td>\n<\/tr>\n<tr class=\"odd\">\n<td valign=\"middle\" width=\"32\"><\/td>\n<td valign=\"middle\">Dimit\u00e1vel:<\/td>\n<td valign=\"middle\">SIM<\/td>\n<\/tr>\n<\/tbody>\n<\/table>\n<\/div><div class=\"col-xs-12 col-md-6 2\">\n<table class=\"table table-data-sheet 2\">\n<tbody>\n<tr class=\"odd\">\n<td valign=\"middle\" width=\"32\"><\/td>\n<td valign=\"middle\">Certificados:<\/td>\n<td valign=\"middle\">CE - ROHS<\/td>\n<\/tr>\n<tr class=\"even\">\n<td valign=\"middle\" width=\"32\"><\/td>\n<td valign=\"middle\">Classifica\u00e7\u00e3o IP:<\/td>\n<td valign=\"middle\">IP67-Outdoor<\/td>\n<\/tr>\n<tr class=\"odd\">\n<td valign=\"middle\" width=\"32\"><\/td>\n<td valign=\"middle\">D\u00edodo LED de vida estimada (H):<\/td>\n<td valign=\"middle\">100.000<\/td>\n<\/tr>\n<tr class=\"even\">\n<td valign=\"middle\" width=\"32\"><\/td>\n<td valign=\"middle\">Dimens\u00f5es (mm):<\/td>\n<td valign=\"middle\">5m. x 8mm<\/td>\n<\/tr>\n<tr class=\"odd\">\n<td valign=\"middle\" width=\"32\"><\/td>\n<td valign=\"middle\">Gama de temperaturas (\u00baC):<\/td>\n<td valign=\"middle\">-20\u00b0C ~ +55\u00b0C<\/td>\n<\/tr>\n<tr class=\"even\">\n<td valign=\"middle\" width=\"32\"><\/td>\n<td valign=\"middle\">Ciclos de Igni\u00e7\u00e3o:<\/td>\n<td valign=\"middle\">100.000<\/td>\n<\/tr>\n<tr class=\"odd\">\n<td valign=\"middle\" width=\"32\"><\/td>\n<td valign=\"middle\">Informa\u00e7\u00e3o adicional:<\/td>\n<td valign=\"middle\">Corte: 50mm<\/td>\n<\/tr>\n<tr class=\"even\">\n<td valign=\"middle\" width=\"32\"><\/td>\n<td valign=\"middle\">Classe energ\u00e9tica (2021-EU-2019\/2015):<\/td>\n<td valign=\"middle\">A+<\/td>\n<\/tr>\n<tr class=\"odd\">\n<td valign=\"middle\" width=\"32\"><\/td>\n<td valign=\"middle\">Classe energ\u00e9tica (2023 - EU-2019\/2015):<\/td>\n<td valign=\"middle\">F<\/td>\n<\/tr>\n<tr class=\"even\">\n<td valign=\"middle\" width=\"32\"><\/td>\n<td valign=\"middle\">Anos de garantia:<\/td>\n<td valign=\"middle\">3<\/td>\n<\/tr>\n<\/tbody>\n<\/table>\n<p>&nbsp;<\/p>\n<\/div><\/h1>","protected":false},"excerpt":{"rendered":"<p><strong><label>REFER\u00caNCIA:<\/label>&nbsp;SL<span class=\"editable\">SP480D12W30M-91021-4K<\/span><\/strong><p><strong>Bobina de fita de led COB de 30 metros<\/strong>&nbsp;a partir de&nbsp;<strong>12W&nbsp;<\/strong>a&nbsp;<strong>24V<\/strong><strong>&nbsp;<\/strong>com fita adesiva para facilitar a instala\u00e7\u00e3o. Concebido para instala\u00e7\u00e3o em interiores. Perfeito para LUZAR todos os tipos de espa\u00e7os. Requer uma fonte de alimenta\u00e7\u00e3o e \u00e9 aconselh\u00e1vel instal\u00e1-la sobre um perfil de alum\u00ednio para uma boa dissipa\u00e7\u00e3o de calor.<strong>&nbsp;<\/strong><\/p><p><strong>480 Leds\/metro de alta pot\u00eancia FLIP CHIP.<\/strong><\/p><p>TEMPERATURA DA COR: <strong>2700K\/4000K\/5700K<\/strong><\/p><div class=\"col-md-12\"><i class=\"fa fa-truck\"><\/i>&nbsp;<span class=\"text-muted textprop\">Entrega em 24\/48 horas<\/span><\/div><div class=\"col-md-12\"><i class=\"fa fa-exchange\"><\/i>&nbsp;<span class=\"text-muted textprop\">Garantia do segurado<\/span><\/div><div class=\"col-md-12\"><i class=\"fa fa-box\"><\/i>&nbsp;<span class=\"text-muted textprop\">50 unidade(s) por Masterbox<\/span><\/div><\/p>","protected":false},"featured_media":10248,"template":"","meta":{"site-sidebar-layout":"default","site-content-layout":"default","ast-global-header-display":"","ast-main-header-display":"","ast-hfb-above-header-display":"","ast-hfb-below-header-display":"","ast-hfb-mobile-header-display":"","site-post-title":"","ast-breadcrumbs-content":"","ast-featured-img":"","footer-sml-layout":"","theme-transparent-header-meta":"default","adv-header-id-meta":"","stick-header-meta":"","header-above-stick-meta":"","header-main-stick-meta":"","header-below-stick-meta":""},"product_cat":[89,45],"product_tag":[],"class_list":["post-10235","product","type-product","status-publish","has-post-thumbnail","hentry","product_cat-tiras-led-24v-dc","product_cat-tiras-led-y-neon-flexible"],"yoast_head":"<!-- This site is optimized with the Yoast SEO plugin v27.4 - https:\/\/yoast.com\/product\/yoast-seo-wordpress\/ -->\n<title>Tira LED COB 24V | 480 LED\/m | 30m | FLIP CHIP | 1200Lm |12W\/M | CRI90 | IP67 - STARLED Iluminacion<\/title>\n<meta name=\"robots\" content=\"index, follow, max-snippet:-1, max-image-preview:large, max-video-preview:-1\" \/>\n<link rel=\"canonical\" href=\"https:\/\/starlediluminacion.com\/pt\/product\/tira-led-cob-24v-480-led-m-30m-flip-chip-1200lm-12w-m-cri90-ip67-2\/\" \/>\n<meta property=\"og:locale\" content=\"pt_PT\" \/>\n<meta property=\"og:type\" content=\"article\" \/>\n<meta property=\"og:title\" content=\"Tira LED COB 24V | 480 LED\/m | 30m | FLIP CHIP | 1200Lm |12W\/M | CRI90 | IP67 - STARLED Iluminacion\" \/>\n<meta property=\"og:description\" content=\"REFERENCIA:\u00a0SLSP480D12W30M-91021-4K  Bobina de 30 metros de Tira led COB\u00a0de\u00a012W\u00a0a\u00a024V\u00a0con cinta adhesiva para facilitar su instalaci\u00f3n. Dise\u00f1ada para su colocaci\u00f3n en interior. Perfecta para\u00a0ILUMINAR\u00a0todo tipo de espacios. Requiere de fuente de alimentaci\u00f3n y es conveniente instalarla sobre un perfil de aluminio para conseguir una buena disipaci\u00f3n del calor.\u00a0  480\u00a0Leds\/metro FLIP CHIP de alta potencia.  TEMPERATURA DE COLOR: 2700K\/4000K\/5700K \u00a0Entrega en 24\/48 horas \u00a0Garant\u00eda asegurada \u00a050 unidad(es) por Masterbox\" \/>\n<meta property=\"og:url\" content=\"https:\/\/starlediluminacion.com\/pt\/product\/tira-led-cob-24v-480-led-m-30m-flip-chip-1200lm-12w-m-cri90-ip67-2\/\" \/>\n<meta property=\"og:site_name\" content=\"STARLED Iluminacion\" \/>\n<meta property=\"article:modified_time\" content=\"2023-09-14T09:04:16+00:00\" \/>\n<meta property=\"og:image\" content=\"https:\/\/starlediluminacion.com\/wp-content\/uploads\/2023\/07\/tira-led-cob-24v-480-ledm-30m-flip-chip-1200lm-12wm-cri90-ip20-factorled.jpg\" \/>\n\t<meta property=\"og:image:width\" content=\"1000\" \/>\n\t<meta property=\"og:image:height\" content=\"1000\" \/>\n\t<meta property=\"og:image:type\" content=\"image\/jpeg\" \/>\n<meta name=\"twitter:card\" content=\"summary_large_image\" \/>\n<meta name=\"twitter:label1\" content=\"Tempo estimado de leitura\" \/>\n\t<meta name=\"twitter:data1\" content=\"3 minutos\" \/>\n<script type=\"application\/ld+json\" class=\"yoast-schema-graph\">{\"@context\":\"https:\\\/\\\/schema.org\",\"@graph\":[{\"@type\":\"WebPage\",\"@id\":\"https:\\\/\\\/starlediluminacion.com\\\/producto\\\/tira-led-cob-24v-480-led-m-30m-flip-chip-1200lm-12w-m-cri90-ip67\\\/\",\"url\":\"https:\\\/\\\/starlediluminacion.com\\\/producto\\\/tira-led-cob-24v-480-led-m-30m-flip-chip-1200lm-12w-m-cri90-ip67\\\/\",\"name\":\"Tira LED COB 24V | 480 LED\\\/m | 30m | FLIP CHIP | 1200Lm |12W\\\/M | CRI90 | IP67 - STARLED Iluminacion\",\"isPartOf\":{\"@id\":\"https:\\\/\\\/starlediluminacion.com\\\/#website\"},\"primaryImageOfPage\":{\"@id\":\"https:\\\/\\\/starlediluminacion.com\\\/producto\\\/tira-led-cob-24v-480-led-m-30m-flip-chip-1200lm-12w-m-cri90-ip67\\\/#primaryimage\"},\"image\":{\"@id\":\"https:\\\/\\\/starlediluminacion.com\\\/producto\\\/tira-led-cob-24v-480-led-m-30m-flip-chip-1200lm-12w-m-cri90-ip67\\\/#primaryimage\"},\"thumbnailUrl\":\"https:\\\/\\\/starlediluminacion.com\\\/wp-content\\\/uploads\\\/2023\\\/07\\\/tira-led-cob-24v-480-ledm-30m-flip-chip-1200lm-12wm-cri90-ip20-factorled.jpg\",\"datePublished\":\"2023-07-27T16:31:51+00:00\",\"dateModified\":\"2023-09-14T09:04:16+00:00\",\"breadcrumb\":{\"@id\":\"https:\\\/\\\/starlediluminacion.com\\\/producto\\\/tira-led-cob-24v-480-led-m-30m-flip-chip-1200lm-12w-m-cri90-ip67\\\/#breadcrumb\"},\"inLanguage\":\"pt-PT\",\"potentialAction\":[{\"@type\":\"ReadAction\",\"target\":[\"https:\\\/\\\/starlediluminacion.com\\\/producto\\\/tira-led-cob-24v-480-led-m-30m-flip-chip-1200lm-12w-m-cri90-ip67\\\/\"]}]},{\"@type\":\"ImageObject\",\"inLanguage\":\"pt-PT\",\"@id\":\"https:\\\/\\\/starlediluminacion.com\\\/producto\\\/tira-led-cob-24v-480-led-m-30m-flip-chip-1200lm-12w-m-cri90-ip67\\\/#primaryimage\",\"url\":\"https:\\\/\\\/starlediluminacion.com\\\/wp-content\\\/uploads\\\/2023\\\/07\\\/tira-led-cob-24v-480-ledm-30m-flip-chip-1200lm-12wm-cri90-ip20-factorled.jpg\",\"contentUrl\":\"https:\\\/\\\/starlediluminacion.com\\\/wp-content\\\/uploads\\\/2023\\\/07\\\/tira-led-cob-24v-480-ledm-30m-flip-chip-1200lm-12wm-cri90-ip20-factorled.jpg\",\"width\":1000,\"height\":1000},{\"@type\":\"BreadcrumbList\",\"@id\":\"https:\\\/\\\/starlediluminacion.com\\\/producto\\\/tira-led-cob-24v-480-led-m-30m-flip-chip-1200lm-12w-m-cri90-ip67\\\/#breadcrumb\",\"itemListElement\":[{\"@type\":\"ListItem\",\"position\":1,\"name\":\"Portada\",\"item\":\"https:\\\/\\\/starlediluminacion.com\\\/\"},{\"@type\":\"ListItem\",\"position\":2,\"name\":\"Shop\",\"item\":\"https:\\\/\\\/starlediluminacion.com\\\/shop-2\\\/\"},{\"@type\":\"ListItem\",\"position\":3,\"name\":\"Tira LED COB 24V | 480 LED\\\/m | 30m | FLIP CHIP | 1200Lm |12W\\\/M | CRI90 | IP67\"}]},{\"@type\":\"WebSite\",\"@id\":\"https:\\\/\\\/starlediluminacion.com\\\/#website\",\"url\":\"https:\\\/\\\/starlediluminacion.com\\\/\",\"name\":\"STARLED Iluminacion\",\"description\":\"\",\"potentialAction\":[{\"@type\":\"SearchAction\",\"target\":{\"@type\":\"EntryPoint\",\"urlTemplate\":\"https:\\\/\\\/starlediluminacion.com\\\/?s={search_term_string}\"},\"query-input\":{\"@type\":\"PropertyValueSpecification\",\"valueRequired\":true,\"valueName\":\"search_term_string\"}}],\"inLanguage\":\"pt-PT\"}]}<\/script>\n<!-- \/ Yoast SEO plugin. -->","yoast_head_json":{"title":"Tira LED COB 24V | 480 LED\/m | 30m | FLIP CHIP | 1200Lm |12W\/M | CRI90 | IP67 - STARLED Iluminacion","robots":{"index":"index","follow":"follow","max-snippet":"max-snippet:-1","max-image-preview":"max-image-preview:large","max-video-preview":"max-video-preview:-1"},"canonical":"https:\/\/starlediluminacion.com\/pt\/product\/tira-led-cob-24v-480-led-m-30m-flip-chip-1200lm-12w-m-cri90-ip67-2\/","og_locale":"pt_PT","og_type":"article","og_title":"Tira LED COB 24V | 480 LED\/m | 30m | FLIP CHIP | 1200Lm |12W\/M | CRI90 | IP67 - STARLED Iluminacion","og_description":"REFERENCIA:\u00a0SLSP480D12W30M-91021-4K  Bobina de 30 metros de Tira led COB\u00a0de\u00a012W\u00a0a\u00a024V\u00a0con cinta adhesiva para facilitar su instalaci\u00f3n. Dise\u00f1ada para su colocaci\u00f3n en interior. Perfecta para\u00a0ILUMINAR\u00a0todo tipo de espacios. Requiere de fuente de alimentaci\u00f3n y es conveniente instalarla sobre un perfil de aluminio para conseguir una buena disipaci\u00f3n del calor.\u00a0  480\u00a0Leds\/metro FLIP CHIP de alta potencia.  TEMPERATURA DE COLOR: 2700K\/4000K\/5700K \u00a0Entrega en 24\/48 horas \u00a0Garant\u00eda asegurada \u00a050 unidad(es) por Masterbox","og_url":"https:\/\/starlediluminacion.com\/pt\/product\/tira-led-cob-24v-480-led-m-30m-flip-chip-1200lm-12w-m-cri90-ip67-2\/","og_site_name":"STARLED Iluminacion","article_modified_time":"2023-09-14T09:04:16+00:00","og_image":[{"width":1000,"height":1000,"url":"https:\/\/starlediluminacion.com\/wp-content\/uploads\/2023\/07\/tira-led-cob-24v-480-ledm-30m-flip-chip-1200lm-12wm-cri90-ip20-factorled.jpg","type":"image\/jpeg"}],"twitter_card":"summary_large_image","twitter_misc":{"Tempo estimado de leitura":"3 minutos"},"schema":{"@context":"https:\/\/schema.org","@graph":[{"@type":"WebPage","@id":"https:\/\/starlediluminacion.com\/producto\/tira-led-cob-24v-480-led-m-30m-flip-chip-1200lm-12w-m-cri90-ip67\/","url":"https:\/\/starlediluminacion.com\/producto\/tira-led-cob-24v-480-led-m-30m-flip-chip-1200lm-12w-m-cri90-ip67\/","name":"Tira LED COB 24V | 480 LED\/m | 30m | FLIP CHIP | 1200Lm |12W\/M | CRI90 | IP67 - STARLED Iluminacion","isPartOf":{"@id":"https:\/\/starlediluminacion.com\/#website"},"primaryImageOfPage":{"@id":"https:\/\/starlediluminacion.com\/producto\/tira-led-cob-24v-480-led-m-30m-flip-chip-1200lm-12w-m-cri90-ip67\/#primaryimage"},"image":{"@id":"https:\/\/starlediluminacion.com\/producto\/tira-led-cob-24v-480-led-m-30m-flip-chip-1200lm-12w-m-cri90-ip67\/#primaryimage"},"thumbnailUrl":"https:\/\/starlediluminacion.com\/wp-content\/uploads\/2023\/07\/tira-led-cob-24v-480-ledm-30m-flip-chip-1200lm-12wm-cri90-ip20-factorled.jpg","datePublished":"2023-07-27T16:31:51+00:00","dateModified":"2023-09-14T09:04:16+00:00","breadcrumb":{"@id":"https:\/\/starlediluminacion.com\/producto\/tira-led-cob-24v-480-led-m-30m-flip-chip-1200lm-12w-m-cri90-ip67\/#breadcrumb"},"inLanguage":"pt-PT","potentialAction":[{"@type":"ReadAction","target":["https:\/\/starlediluminacion.com\/producto\/tira-led-cob-24v-480-led-m-30m-flip-chip-1200lm-12w-m-cri90-ip67\/"]}]},{"@type":"ImageObject","inLanguage":"pt-PT","@id":"https:\/\/starlediluminacion.com\/producto\/tira-led-cob-24v-480-led-m-30m-flip-chip-1200lm-12w-m-cri90-ip67\/#primaryimage","url":"https:\/\/starlediluminacion.com\/wp-content\/uploads\/2023\/07\/tira-led-cob-24v-480-ledm-30m-flip-chip-1200lm-12wm-cri90-ip20-factorled.jpg","contentUrl":"https:\/\/starlediluminacion.com\/wp-content\/uploads\/2023\/07\/tira-led-cob-24v-480-ledm-30m-flip-chip-1200lm-12wm-cri90-ip20-factorled.jpg","width":1000,"height":1000},{"@type":"BreadcrumbList","@id":"https:\/\/starlediluminacion.com\/producto\/tira-led-cob-24v-480-led-m-30m-flip-chip-1200lm-12w-m-cri90-ip67\/#breadcrumb","itemListElement":[{"@type":"ListItem","position":1,"name":"Portada","item":"https:\/\/starlediluminacion.com\/"},{"@type":"ListItem","position":2,"name":"Shop","item":"https:\/\/starlediluminacion.com\/shop-2\/"},{"@type":"ListItem","position":3,"name":"Tira LED COB 24V | 480 LED\/m | 30m | FLIP CHIP | 1200Lm |12W\/M | CRI90 | IP67"}]},{"@type":"WebSite","@id":"https:\/\/starlediluminacion.com\/#website","url":"https:\/\/starlediluminacion.com\/","name":"STARLED Iluminacion","description":"","potentialAction":[{"@type":"SearchAction","target":{"@type":"EntryPoint","urlTemplate":"https:\/\/starlediluminacion.com\/?s={search_term_string}"},"query-input":{"@type":"PropertyValueSpecification","valueRequired":true,"valueName":"search_term_string"}}],"inLanguage":"pt-PT"}]}},"_links":{"self":[{"href":"https:\/\/starlediluminacion.com\/pt\/wp-json\/wp\/v3\/product\/10235","targetHints":{"allow":["GET"]}}],"collection":[{"href":"https:\/\/starlediluminacion.com\/pt\/wp-json\/wp\/v3\/product"}],"about":[{"href":"https:\/\/starlediluminacion.com\/pt\/wp-json\/wp\/v2\/types\/product"}],"wp:featuredmedia":[{"embeddable":true,"href":"https:\/\/starlediluminacion.com\/pt\/wp-json\/wp\/v2\/media\/10248"}],"wp:attachment":[{"href":"https:\/\/starlediluminacion.com\/pt\/wp-json\/wp\/v2\/media?parent=10235"}],"wp:term":[{"taxonomy":"product_cat","embeddable":true,"href":"https:\/\/starlediluminacion.com\/pt\/wp-json\/wp\/v2\/product_cat?post=10235"},{"taxonomy":"product_tag","embeddable":true,"href":"https:\/\/starlediluminacion.com\/pt\/wp-json\/wp\/v2\/product_tag?post=10235"}],"curies":[{"name":"wp","href":"https:\/\/api.w.org\/{rel}","templated":true}]}}