{"id":10190,"date":"2023-07-27T16:10:27","date_gmt":"2023-07-27T16:10:27","guid":{"rendered":"https:\/\/starlediluminacion.com\/?post_type=product&#038;p=10190"},"modified":"2023-12-01T10:52:23","modified_gmt":"2023-12-01T10:52:23","slug":"tira-led-cob-220v-corte-a-medida-840-led-m-50m-flip-chip-1500lm-16w-m-cri90-ip67-corte-10cm","status":"publish","type":"product","link":"https:\/\/starlediluminacion.com\/pt\/product\/tira-led-cob-220v-corte-a-medida-840-led-m-50m-flip-chip-1500lm-16w-m-cri90-ip67-corte-10cm\/","title":{"rendered":"<p>Tira LED COB 220V | CORTE A MEDIDA | 840 LED\/m | 50m | FLIP CHIP | 1500Lm | 16W\/M | CRI90 | IP67 | Corte 10cm<\/p>"},"content":{"rendered":"<h1>Tira LED COB 220V | CORTE A MEDIDA | 840 LED\/m | 50m | FLIP CHIP | 1500Lm&nbsp;| 16W\/M | CRI90 | IP67 | Corte 10cm<p>A nossa fita COB LED direta de 220V com fita adesiva para f\u00e1cil instala\u00e7\u00e3o N\u00c3O necessita de uma fonte de alimenta\u00e7\u00e3o, nem de ser ligada \u00e0 rede el\u00e9ctrica.<\/p><p>A nossa faixa<strong>&nbsp;COB LED&nbsp;<\/strong>directamente para&nbsp;<strong>&nbsp;220V c<\/strong>com fita adesiva para f\u00e1cil instala\u00e7\u00e3o N\u00c3O \u00e9 necess\u00e1ria nenhuma fonte de alimenta\u00e7\u00e3o ou cabo rectificador de energia.<strong>. DIRECTO PARA 220V.<br>\n<\/strong><\/p><p>Tiras de LED<strong>&nbsp;220V<\/strong>&nbsp;pode ser diminu\u00eddo (-Dimmables-) por&nbsp;<strong>TRIAC<\/strong>O 30% a 100% pode ser regulado de 30% a 100%.<\/p><p>Esta Fita LED COB tem 840 chips FLIPCHIP por metro, pelo que obtemos uma luz uniforme em toda a fita, para al\u00e9m de ter um desempenho Lm\/W superior ao dos LEDs SMD tradicionais.<\/p><p>Com a sua&nbsp;<strong>CRI &gt;90<\/strong>&nbsp;conseguimos que as cores pare\u00e7am muito reais. Isto torna esta faixa LED perfeita para iluminar espa\u00e7os onde queremos que as cores pare\u00e7am perfeitas.<\/p><p>A tira LED pode ser cortada e unida nos espa\u00e7os indicados na tira (\u00e1rea de jun\u00e7\u00e3o de cobre), seguindo sempre as instru\u00e7\u00f5es pertinentes (ter o cuidado de que o ferro de solda mantenha um breve contacto com a tira ao soldar, pois o calor excessivo danificar\u00e1 o condutor).<\/p><p><strong>Esta bobina LED N\u00c3O \u00e9 submers\u00edvel, a liga\u00e7\u00e3o est\u00e1 numa extremidade directa \u00e0 corrente com um m\u00e1ximo de 50m por liga\u00e7\u00e3o.<\/strong><\/p><p>A fim de aumentar a vida \u00fatil da faixa LED, \u00e9&nbsp;<strong>recomendado<\/strong>&nbsp;utilizar o&nbsp;<strong>fita isoladora de calor<\/strong>&nbsp;de frente e verso, bem como para a colocar&nbsp;<strong>perfil de alum\u00ednio<\/strong>para uma gest\u00e3o adequada do calor da pr\u00f3pria fita LED.<\/p><p>O&nbsp;<strong>Tiras de LED<\/strong>&nbsp;s\u00e3o ideais para iluminar qualquer tipo de canto ou elemento do seu neg\u00f3cio ou casa, gra\u00e7as \u00e0 sua flexibilidade. Pode-se dizer que uma das suas principais vantagens \u00e9 a grande versatilidade de usos que lhes pode ser dada, uma vez que podem ser instalados em qualquer \u00e1rea e adaptar-se a qualquer canto, e podem ser colocados em qualquer posi\u00e7\u00e3o, gra\u00e7as ao seu desenho linear adapt\u00e1vel.<\/p><p>&nbsp;<\/p><h2 dir=\"ltr\">Usos de la&nbsp;Tira LED COB 220V | CORTE A MEDIDA | 840 LED\/m | 50m | FLIP CHIP | 1500Lm&nbsp;| 16W\/M | CRI90 | IP67 | Corte 10cm<\/h2><ul>\n<li>Em bibliotecas<\/li>\n<li>Bares<\/li>\n<li>In\u00edcio<\/li>\n<li>Restaurantes<\/li>\n<li>Abrange<\/li>\n<li>Lojas<\/li>\n<\/ul><h3 class=\"page-product-heading\">DADOS T\u00c9CNICOS<\/h3><div class=\"col-xs-12 col-md-6\">\n<table class=\"table table-data-sheet 1\">\n<tbody>\n<tr class=\"odd\">\n<td valign=\"middle\" width=\"32\"><\/td>\n<td valign=\"middle\">REFER\u00caNCIA :<\/td>\n<td valign=\"middle\">SLSP640D15W50M<\/td>\n<\/tr>\n<tr class=\"even\">\n<td valign=\"middle\" width=\"32\"><\/td>\n<td valign=\"middle\">Pot\u00eancia nominal :<\/td>\n<td valign=\"middle\">15w<\/td>\n<\/tr>\n<tr class=\"odd\">\n<td valign=\"middle\" width=\"32\"><\/td>\n<td valign=\"middle\">Tens\u00e3o Nominal:<\/td>\n<td valign=\"middle\">220-240V<\/td>\n<\/tr>\n<tr class=\"even\">\n<td valign=\"middle\" width=\"32\"><\/td>\n<td valign=\"middle\">Temperatura ligeira:<\/td>\n<td valign=\"middle\">2400K - 2700K - 4000K - 5700K<\/td>\n<\/tr>\n<tr class=\"odd\">\n<td valign=\"middle\" width=\"32\"><\/td>\n<td valign=\"middle\">CRI - Colour Rendering Index:<\/td>\n<td valign=\"middle\">90<\/td>\n<\/tr>\n<tr class=\"even\">\n<td valign=\"middle\" width=\"32\"><\/td>\n<td valign=\"middle\">Luminosidade-Lm:<\/td>\n<td valign=\"middle\">1 metro: 1650Lm - 50 metros: 82500Lm<\/td>\n<\/tr>\n<tr class=\"odd\">\n<td valign=\"middle\" width=\"32\"><\/td>\n<td valign=\"middle\">Tipo de LEDs:<\/td>\n<td valign=\"middle\">SMD 2835<\/td>\n<\/tr>\n<tr class=\"even\">\n<td valign=\"middle\" width=\"32\"><\/td>\n<td valign=\"middle\">\u00c2ngulo de abertura (\u00ba):<\/td>\n<td valign=\"middle\">180\u00ba<\/td>\n<\/tr>\n<tr class=\"odd\">\n<td valign=\"middle\" width=\"32\"><\/td>\n<td valign=\"middle\">Efici\u00eancia dos d\u00edodos LED (Lm\/W):<\/td>\n<td valign=\"middle\">110 Lm\/W<\/td>\n<\/tr>\n<tr class=\"even\">\n<td valign=\"middle\" width=\"32\"><\/td>\n<td valign=\"middle\">Efic\u00e1cia luminosa (Lm\/W):<\/td>\n<td valign=\"middle\">100Lm\/W<\/td>\n<\/tr>\n<\/tbody>\n<\/table>\n<\/div><div class=\"col-xs-12 col-md-6 2\">\n<table class=\"table table-data-sheet 2\">\n<tbody>\n<tr class=\"odd\">\n<td valign=\"middle\" width=\"32\"><\/td>\n<td valign=\"middle\">Dimit\u00e1vel:<\/td>\n<td valign=\"middle\">TRIAC: 30%-100%<\/td>\n<\/tr>\n<tr class=\"even\">\n<td valign=\"middle\" width=\"32\"><\/td>\n<td valign=\"middle\">Certificados:<\/td>\n<td valign=\"middle\">CE - ROHS<\/td>\n<\/tr>\n<tr class=\"odd\">\n<td valign=\"middle\" width=\"32\"><\/td>\n<td valign=\"middle\">Classifica\u00e7\u00e3o IP:<\/td>\n<td valign=\"middle\">IP67-Outdoor<\/td>\n<\/tr>\n<tr class=\"even\">\n<td valign=\"middle\" width=\"32\"><\/td>\n<td valign=\"middle\">D\u00edodo LED de vida estimada (H):<\/td>\n<td valign=\"middle\">35.000<\/td>\n<\/tr>\n<tr class=\"odd\">\n<td valign=\"middle\" width=\"32\"><\/td>\n<td valign=\"middle\">Dimens\u00f5es (mm):<\/td>\n<td valign=\"middle\">50000m * H4.39mm * 9.62mm<\/td>\n<\/tr>\n<tr class=\"even\">\n<td valign=\"middle\" width=\"32\"><\/td>\n<td valign=\"middle\">Gama de temperaturas (\u00baC):<\/td>\n<td valign=\"middle\">-20\u00b0C ~ +55\u00b0C<\/td>\n<\/tr>\n<tr class=\"odd\">\n<td valign=\"middle\" width=\"32\"><\/td>\n<td valign=\"middle\">Ciclos de Igni\u00e7\u00e3o:<\/td>\n<td valign=\"middle\">100.000<\/td>\n<\/tr>\n<tr class=\"even\">\n<td valign=\"middle\" width=\"32\"><\/td>\n<td valign=\"middle\">Classe energ\u00e9tica (2021-EU-2019\/2015):<\/td>\n<td valign=\"middle\">A+<\/td>\n<\/tr>\n<tr class=\"odd\">\n<td valign=\"middle\" width=\"32\"><\/td>\n<td valign=\"middle\">Anos de garantia:<\/td>\n<td valign=\"middle\">3<\/td>\n<\/tr>\n<\/tbody>\n<\/table>\n<p>&nbsp;<\/p>\n<\/div><\/h1>","protected":false},"excerpt":{"rendered":"<p><strong>REFERENCIA: SLSP840D16W50M-91646-4K-UND<\/strong><p><strong>Fita COB LED<\/strong>&nbsp;a partir de&nbsp;<strong>16W<\/strong>&nbsp;a&nbsp;<strong>220V&nbsp;<\/strong>y&nbsp;<strong>50 metros<\/strong>&nbsp;com fita adesiva para uma instala\u00e7\u00e3o f\u00e1cil. Concebida para instala\u00e7\u00e3o no interior. Ideal para ILUMINAR todo o tipo de espa\u00e7os. N\u00c3O necessita de alimenta\u00e7\u00e3o el\u00e9ctrica e \u00e9 aconselh\u00e1vel instal\u00e1-la sobre um perfil de alum\u00ednio para uma boa dissipa\u00e7\u00e3o do calor.<strong>&nbsp;840 Leds\/metro FLIP CHIP de alta pot\u00eancia.<\/strong><\/p><p><strong>CORTE A CADA 1 METRO | BOBINA COMPLETA = 50M | PRE\u00c7O POR METRO<\/strong><\/p><p><strong>1 UNIDADE = 1 METRO DE FAIXA DE CHUMBO (SELECCIONE OS CONTADORES DE QUE NECESSITA) M\u00c1XIMO 50 METROS<\/strong><\/p><p><strong>1 CONECTOR (KIT42004) &nbsp;POR PEDIDO. NO POR METRO DE CORTE<\/strong><\/p><p>TEMPERATURA DA COR: <strong>2300K\/2700K\/4000K\/5700K<\/strong><\/p><div class=\"col-md-12\"><i class=\"fa fa-truck\"><\/i>&nbsp;<span class=\"text-muted textprop\">Entrega em 24\/48 horas<\/span><\/div><div class=\"col-md-12\"><i class=\"fa fa-exchange\"><\/i>&nbsp;<span class=\"text-muted textprop\">Garantia do segurado<\/span><\/div><div class=\"col-md-12\"><i class=\"fa fa-box\"><\/i>&nbsp;<span class=\"text-muted textprop\">1 unidade(s) por Masterbox<\/span><\/div><p>&nbsp;<\/p><\/p>","protected":false},"featured_media":10191,"template":"","meta":{"site-sidebar-layout":"default","site-content-layout":"default","ast-global-header-display":"","ast-main-header-display":"","ast-hfb-above-header-display":"","ast-hfb-below-header-display":"","ast-hfb-mobile-header-display":"","site-post-title":"","ast-breadcrumbs-content":"","ast-featured-img":"","footer-sml-layout":"","theme-transparent-header-meta":"default","adv-header-id-meta":"","stick-header-meta":"","header-above-stick-meta":"","header-main-stick-meta":"","header-below-stick-meta":""},"product_cat":[90,45],"product_tag":[],"class_list":["post-10190","product","type-product","status-publish","has-post-thumbnail","hentry","product_cat-tiras-led-220v-240v-ac","product_cat-tiras-led-y-neon-flexible"],"_links":{"self":[{"href":"https:\/\/starlediluminacion.com\/pt\/wp-json\/wp\/v3\/product\/10190","targetHints":{"allow":["GET"]}}],"collection":[{"href":"https:\/\/starlediluminacion.com\/pt\/wp-json\/wp\/v3\/product"}],"about":[{"href":"https:\/\/starlediluminacion.com\/pt\/wp-json\/wp\/v2\/types\/product"}],"wp:featuredmedia":[{"embeddable":true,"href":"https:\/\/starlediluminacion.com\/pt\/wp-json\/wp\/v2\/media\/10191"}],"wp:attachment":[{"href":"https:\/\/starlediluminacion.com\/pt\/wp-json\/wp\/v2\/media?parent=10190"}],"wp:term":[{"taxonomy":"product_cat","embeddable":true,"href":"https:\/\/starlediluminacion.com\/pt\/wp-json\/wp\/v2\/product_cat?post=10190"},{"taxonomy":"product_tag","embeddable":true,"href":"https:\/\/starlediluminacion.com\/pt\/wp-json\/wp\/v2\/product_tag?post=10190"}],"curies":[{"name":"wp","href":"https:\/\/api.w.org\/{rel}","templated":true}]}}