{"id":9971,"date":"2023-05-23T15:47:15","date_gmt":"2023-05-23T15:47:15","guid":{"rendered":"https:\/\/starlediluminacion.com\/?post_type=product&#038;p=9971"},"modified":"2023-09-14T09:40:41","modified_gmt":"2023-09-14T09:40:41","slug":"farola-led-150w-avant-osram-chip","status":"publish","type":"product","link":"https:\/\/starlediluminacion.com\/it\/product\/lampione-led-150w-avant-osram-chip\/","title":{"rendered":"<p>Lampione LED AVANT 150W - OSRAM CHIP<\/p>"},"content":{"rendered":"<h1>Lampione a LED da 150W&nbsp;<strong>AVANT&nbsp;<\/strong>- OSRAM CHIP<p>Per ottenere una migliore illuminazione stradale, la soluzione ideale \u00e8 la nuova&nbsp;<strong>Lampione AVANT ,<\/strong>&nbsp;che si distingue dagli altri per la sua<strong>&nbsp;150W SMD 2835 CHIP OSRAM<\/strong>&nbsp;ottenere un apparecchio d'illuminazione di qualit\u00e0. Realizzato in alluminio e PMMA di alta qualit\u00e0 e trasparenza, garantisce una protezione ad alta resistenza.<\/p><p>Un vantaggio del&nbsp;<strong>Design extrapiatto<\/strong>&nbsp;nei lampioni a LED \u00e8 che consente una maggiore efficienza energetica e una riduzione dei consumi. Inoltre, il design aerodinamico dei lampioni extrapiatti riduce la resistenza al vento e migliora la dissipazione del calore generato dalla sorgente luminosa, aumentando la durata dei LED e riducendo la necessit\u00e0 di manutenzione.<\/p><p>Un altro vantaggio dei lampioni LED slimline \u00e8 il loro aspetto estetico elegante e moderno, che si integra facilmente nell'ambiente urbano. Inoltre, il loro design compatto li rende facili da installare nelle aree urbane con spazio limitato.<\/p><p>In generale, i lampioni LED extrapiatti sono una scelta sempre pi\u00f9 popolare per l'illuminazione urbana grazie alla loro efficienza energetica,<strong>&nbsp;lunga durata di vita<\/strong>Il nuovo design elegante e a basso costo di manutenzione.<\/p><h3><\/h3><h3>Resistenza agli urti IK10.<\/h3><p><strong>IK10<\/strong>&nbsp;\u00e8 una classificazione di resistenza agli urti per le apparecchiature elettriche ed elettroniche. La classificazione IK si riferisce alla resistenza agli urti dei prodotti elettrici ed elettronici e misura il grado di protezione di un'apparecchiatura dagli impatti meccanici esterni.<\/p><p>La classificazione IK consiste in un numero da 00 a 10, con IK10 che rappresenta il massimo livello di resistenza agli urti. Un dispositivo con classificazione IK10 pu\u00f2 resistere senza danni all'impatto di una massa di 5 kg che cade da un'altezza di 40 cm.<\/p><p>Questa classificazione \u00e8 comunemente utilizzata in applicazioni esterne come apparecchi di illuminazione, telecamere di sicurezza, schermi e altre apparecchiature che si trovano in ambienti che richiedono un'elevata resistenza agli urti e al vandalismo.<\/p><p>Inoltre, grazie alla sua protezione&nbsp;<strong>IP65&nbsp;<\/strong>\u00e8 protetto da qualsiasi variazione del tempo, senza compromettere la sua funzione di illuminazione.<\/p><p>Il nostro lampione AVANT<strong>&nbsp;<\/strong>con protezione&nbsp;<strong>IP65<\/strong>&nbsp;\u00e8 progettato per resistere all'ingresso di polvere e a getti d'acqua a bassa pressione, rendendolo ideale per l'uso in ambienti industriali e all'aperto in cui si possono incontrare condizioni difficili.<\/p><p>Potete anche beneficiare dei vantaggi del&nbsp;<strong>Lampione Osram AVANT<\/strong>Alcuni dei suoi vantaggi sono che, grazie all'avanzata tecnologia LED, si ottiene un'ottima resa luminosa.<\/p><ul>\n<li>Risparmio sui costi di manutenzione.<\/li>\n<li>Ideale per sostituire i vecchi lampioni.<\/li>\n<li>Ha una protezione di&nbsp;<strong>IP65<\/strong><\/li>\n<li>L'installazione \u00e8 molto semplice.<\/li>\n<\/ul><h3><\/h3><h3><strong>Angolo 130\u00ba x 70\u00ba<\/strong><\/h3><p>Un lampione con un angolo di apertura di 130\u00b0 x 70\u00b0 presenta diversi vantaggi:<\/p><ol>\n<li><strong>Illuminazione ampia e uniforme:<\/strong>&nbsp;Con un angolo di apertura di 130\u00b0 x 70\u00b0, la lanterna \u00e8 in grado di illuminare un'ampia area con una luce uniforme. Ci\u00f2 significa che non ci saranno aree buie o zone d'ombra, il che aumenta la sicurezza nell'area illuminata.<\/li>\n<li><strong>Risparmio energetico:<\/strong>&nbsp;Illuminando un'ampia area con un unico lampione, \u00e8 necessario un numero inferiore di lampioni rispetto ad altre opzioni di illuminazione. Ci\u00f2 comporta un risparmio energetico, che si traduce in un risparmio economico e in una minore impronta di carbonio.<\/li>\n<li><strong>Meno abbagliamento:<\/strong>&nbsp;La combinazione di un angolo di apertura di 130\u00b0 x 70\u00b0 consente di ottenere un'illuminazione pi\u00f9 morbida e meno abbagliante, riducendo l'affaticamento e la stanchezza degli occhi delle persone.<\/li>\n<li><strong>Miglioramento della sicurezza stradale:<\/strong>&nbsp;Un lampione con un ampio angolo di apertura pu\u00f2 illuminare la carreggiata e i marciapiedi in modo uniforme, migliorando la visibilit\u00e0 per conducenti e pedoni. Ci\u00f2 pu\u00f2 ridurre il rischio di incidenti stradali e aumentare la sicurezza stradale.<\/li>\n<\/ol><p>&nbsp;<\/p><p>In sintesi, un lampione con un angolo di apertura di 130\u00b0 x 70\u00b0 fornisce un'illuminazione ampia, uniforme, morbida e meno abbagliante, con conseguente risparmio energetico e miglioramento della sicurezza stradale.<\/p><p>L'apparecchio di illuminazione<strong>&nbsp;LED AVANT&nbsp;<\/strong>L'illuminazione stradale consente di mantenere una buona illuminazione con un consumo ridotto. I costi di gestione sono pi\u00f9 bassi perch\u00e9 non ci sono starter o componenti elettronici da sostituire.<\/p><p>Costruito per una lunga durata di vita di oltre 50.000 ore, il&nbsp;<strong>AVANT Lampione a LED&nbsp;<\/strong>ha una garanzia di 3 anni sul suo alimentatore di alta qualit\u00e0, durevole e di design.<\/p><p>\u00c8 dotata di un connettore rotondo girevole di 60 mm di diametro, con 2 viti a pressione per il fissaggio alla colonna. La stessa staffa pu\u00f2 essere fissata anche alla parete.<\/p><h2><\/h2><h2>Utilizzo del lampione LED da 150W&nbsp;<strong>AVANT&nbsp;<\/strong>- OSRAM CHIP<\/h2><ul>\n<li>Illuminazione di strade e spazi pubblici: i lampioni LED extrapiatti sono spesso utilizzati per illuminare strade, parchi, piazze e altri spazi pubblici. Forniscono una luce brillante e uniforme che migliora la visibilit\u00e0 e la sicurezza delle persone.<\/li>\n<li>Illuminazione di edifici e monumenti: Le lanterne LED extrapiatte possono essere utilizzate anche per illuminare edifici, monumenti e altri luoghi di interesse. In questo modo si pu\u00f2 creare un'atmosfera suggestiva e mettere in risalto la bellezza della struttura.<\/li>\n<li>Illuminazione dei parcheggi: I lampioni LED extrapiatti sono spesso utilizzati per illuminare i parcheggi. Forniscono una luce brillante e uniforme che aiuta i conducenti a manovrare i loro veicoli in modo sicuro.<\/li>\n<li>Illuminazione di giardini e terrazze: Le lanterne LED extrapiatte possono essere utilizzate anche per illuminare giardini e patio. Forniscono una luce brillante e uniforme che migliora l'estetica dell'area e contribuisce a mantenerla sicura.<\/li>\n<\/ul><h3 class=\"page-product-heading\">DATI TECNICI<\/h3><div class=\"col-xs-12 col-md-6\">\n<table class=\"table table-data-sheet 1\">\n<tbody>\n<tr class=\"odd\">\n<td valign=\"middle\" width=\"32\"><\/td>\n<td valign=\"middle\">RIFERIMENTO :<\/td>\n<td valign=\"middle\">SLOSR150W<\/td>\n<\/tr>\n<tr class=\"even\">\n<td valign=\"middle\" width=\"32\"><\/td>\n<td valign=\"middle\">Potenza nominale :<\/td>\n<td valign=\"middle\">150W<\/td>\n<\/tr>\n<tr class=\"odd\">\n<td valign=\"middle\" width=\"32\"><\/td>\n<td valign=\"middle\">Tensione nominale:<\/td>\n<td valign=\"middle\">175v - 265v<\/td>\n<\/tr>\n<tr class=\"even\">\n<td valign=\"middle\" width=\"32\"><\/td>\n<td valign=\"middle\">Temperatura della luce:<\/td>\n<td valign=\"middle\">3000K - 4000K<\/td>\n<\/tr>\n<tr class=\"odd\">\n<td valign=\"middle\" width=\"32\"><\/td>\n<td valign=\"middle\">CRI - Indice di resa cromatica:<\/td>\n<td valign=\"middle\">80<\/td>\n<\/tr>\n<tr class=\"even\">\n<td valign=\"middle\" width=\"32\"><\/td>\n<td valign=\"middle\">Materiale da costruzione:<\/td>\n<td valign=\"middle\">Alluminio<\/td>\n<\/tr>\n<tr class=\"odd\">\n<td valign=\"middle\" width=\"32\"><\/td>\n<td valign=\"middle\">Luminosit\u00e0-Lm:<\/td>\n<td valign=\"middle\">15000<\/td>\n<\/tr>\n<tr class=\"even\">\n<td valign=\"middle\" width=\"32\"><\/td>\n<td valign=\"middle\">Tipo di LED:<\/td>\n<td valign=\"middle\">SMD 2835 CHIP OSRAM<\/td>\n<\/tr>\n<tr class=\"odd\">\n<td valign=\"middle\" width=\"32\"><\/td>\n<td valign=\"middle\">Angolo di apertura (\u00ba):<\/td>\n<td valign=\"middle\">Primario 130\u00ba x secondario 70\u00ba Primario 130\u00ba x secondario 70\u00ba Primario 130\u00ba x secondario 70\u00ba Primario 130\u00ba x secondario 70\u00ba<\/td>\n<\/tr>\n<tr class=\"even\">\n<td valign=\"middle\" width=\"32\"><\/td>\n<td valign=\"middle\">Efficienza del diodo LED (Lm\/W):<\/td>\n<td valign=\"middle\">130Lm\/W<\/td>\n<\/tr>\n<tr class=\"odd\">\n<td valign=\"middle\" width=\"32\"><\/td>\n<td valign=\"middle\">Efficienza luminosa (Lm\/W):<\/td>\n<td valign=\"middle\">100 Lm\/W<\/td>\n<\/tr>\n<tr class=\"even\">\n<td valign=\"middle\" width=\"32\"><\/td>\n<td valign=\"middle\">Certificati:<\/td>\n<td valign=\"middle\">CE - ROHS-T\u00dcV<\/td>\n<\/tr>\n<\/tbody>\n<\/table>\n<\/div><div class=\"col-xs-12 col-md-6 2\">\n<table class=\"table table-data-sheet 2\">\n<tbody>\n<tr class=\"odd\">\n<td valign=\"middle\" width=\"32\"><\/td>\n<td valign=\"middle\">Grado di protezione IP:<\/td>\n<td valign=\"middle\">IP65-Outdoor<\/td>\n<\/tr>\n<tr class=\"even\">\n<td valign=\"middle\" width=\"32\"><\/td>\n<td valign=\"middle\">Durata stimata del diodo LED (H):<\/td>\n<td valign=\"middle\">35.000<\/td>\n<\/tr>\n<tr class=\"odd\">\n<td valign=\"middle\" width=\"32\"><\/td>\n<td valign=\"middle\">Dimensioni (mm):<\/td>\n<td valign=\"middle\">542x214x76 mm<\/td>\n<\/tr>\n<tr class=\"even\">\n<td valign=\"middle\" width=\"32\"><\/td>\n<td valign=\"middle\">Fattore di potenza (PF):<\/td>\n<td valign=\"middle\">0.95<\/td>\n<\/tr>\n<tr class=\"odd\">\n<td valign=\"middle\" width=\"32\"><\/td>\n<td valign=\"middle\">Frequenza di lavoro (Hz):<\/td>\n<td valign=\"middle\">50\/60Hz<\/td>\n<\/tr>\n<tr class=\"even\">\n<td valign=\"middle\" width=\"32\"><\/td>\n<td valign=\"middle\">Intervallo di temperatura (\u00baC):<\/td>\n<td valign=\"middle\">-20\u00baC ~ +40\u00baC<\/td>\n<\/tr>\n<tr class=\"odd\">\n<td valign=\"middle\" width=\"32\"><\/td>\n<td valign=\"middle\">Tempo di avvio (s):<\/td>\n<td valign=\"middle\">0,2s<\/td>\n<\/tr>\n<tr class=\"even\">\n<td valign=\"middle\" width=\"32\"><\/td>\n<td valign=\"middle\">Informazioni aggiuntive:<\/td>\n<td valign=\"middle\">Protezione da sovratensione 6K<\/td>\n<\/tr>\n<tr class=\"odd\">\n<td valign=\"middle\" width=\"32\"><\/td>\n<td valign=\"middle\">Protezione dagli impatti (IK):<\/td>\n<td valign=\"middle\">IK10<\/td>\n<\/tr>\n<tr class=\"even\">\n<td valign=\"middle\" width=\"32\"><\/td>\n<td valign=\"middle\">Classe energetica (2021-EU-2019\/2015):<\/td>\n<td valign=\"middle\">A++<\/td>\n<\/tr>\n<tr class=\"odd\">\n<td valign=\"middle\" width=\"32\"><\/td>\n<td valign=\"middle\">Anni di garanzia:<\/td>\n<td valign=\"middle\">3<\/td>\n<\/tr>\n<\/tbody>\n<\/table>\n<p>&nbsp;<\/p>\n<\/div><\/h1>","protected":false},"excerpt":{"rendered":"<div class=\"product-info-line\">\n<p id=\"product_reference\"><label>REFERENCIA: SLSLOSR150W-91104-4K<br>\n<\/label><\/p>\n<p>Il&nbsp;<strong>Lampione AVANT LED da 150W&nbsp;<\/strong>\u00e8 costituito da un diodo&nbsp;<strong>SMD 2835 CHIP OSRAM<\/strong>&nbsp;alta luminosit\u00e0, che lo rende in grado di generare un'elevata illuminazione in qualsiasi spazio di illuminazione pubblica esterna.<\/p><p>\u00c8 il momento di sostituire i vecchi lampioni con quelli nuovi. La tecnologia LED pu\u00f2 gi\u00e0 ridurre il consumo energetico fino a 80%.<\/p><p><strong><label class=\"attribute_label\">TEMPERATURA DI COLORE: 3000K\/4000K<\/label><\/strong><a id=\"color_41\" class=\"color_pick\" title=\"Bianco caldo - 3000K\" href=\"https:\/\/www.factorled.com\/es\/farolas-led-urbanas\/2798-farola-led-150w-avant-osram-chip-8435612955783.html\" name=\"Blanco%20C%C3%A1lido%20-%203000K\" data-option_name=\"\"><\/a><\/p><div class=\"col-md-12\"><i class=\"fa fa-truck\"><\/i>&nbsp;<span class=\"text-muted textprop\">Consegna in 24\/48 ore<\/span><\/div><div class=\"col-md-12\"><i class=\"fa fa-exchange\"><\/i>&nbsp;<span class=\"text-muted textprop\">Garanzia assicurata<\/span><\/div><div class=\"col-md-12\"><i class=\"fa fa-box\"><\/i>&nbsp;<span class=\"text-muted textprop\">10 unit\u00e0 per Masterbox<\/span><\/div><\/div>","protected":false},"featured_media":9989,"template":"","meta":{"site-sidebar-layout":"default","site-content-layout":"default","ast-global-header-display":"","ast-main-header-display":"","ast-hfb-above-header-display":"","ast-hfb-below-header-display":"","ast-hfb-mobile-header-display":"","site-post-title":"","ast-breadcrumbs-content":"","ast-featured-img":"","footer-sml-layout":"","theme-transparent-header-meta":"default","adv-header-id-meta":"","stick-header-meta":"","header-above-stick-meta":"","header-main-stick-meta":"","header-below-stick-meta":""},"product_cat":[95,30],"product_tag":[],"class_list":["post-9971","product","type-product","status-publish","has-post-thumbnail","hentry","product_cat-farolas-led-urbanas","product_cat-iluminacion-publica-y-vial"],"_links":{"self":[{"href":"https:\/\/starlediluminacion.com\/it\/wp-json\/wp\/v3\/product\/9971","targetHints":{"allow":["GET"]}}],"collection":[{"href":"https:\/\/starlediluminacion.com\/it\/wp-json\/wp\/v3\/product"}],"about":[{"href":"https:\/\/starlediluminacion.com\/it\/wp-json\/wp\/v2\/types\/product"}],"wp:featuredmedia":[{"embeddable":true,"href":"https:\/\/starlediluminacion.com\/it\/wp-json\/wp\/v2\/media\/9989"}],"wp:attachment":[{"href":"https:\/\/starlediluminacion.com\/it\/wp-json\/wp\/v2\/media?parent=9971"}],"wp:term":[{"taxonomy":"product_cat","embeddable":true,"href":"https:\/\/starlediluminacion.com\/it\/wp-json\/wp\/v2\/product_cat?post=9971"},{"taxonomy":"product_tag","embeddable":true,"href":"https:\/\/starlediluminacion.com\/it\/wp-json\/wp\/v2\/product_tag?post=9971"}],"curies":[{"name":"wp","href":"https:\/\/api.w.org\/{rel}","templated":true}]}}