{"id":9892,"date":"2023-05-23T14:01:56","date_gmt":"2023-05-23T14:01:56","guid":{"rendered":"https:\/\/starlediluminacion.com\/?post_type=product&#038;p=9892"},"modified":"2023-09-14T09:50:43","modified_gmt":"2023-09-14T09:50:43","slug":"bombilla-led-modern-metal-negro-4w-e27-g125-dimable","status":"publish","type":"product","link":"https:\/\/starlediluminacion.com\/it\/product\/bulb-led-modern-metal-black-4w-e27-g125-dimmable\/","title":{"rendered":"<p>Lampadina LED Modern Metal Black 4W E27 G125 - Dimmerabile<\/p>"},"content":{"rendered":"<h1>Lampadina LED Modern Metal Black 4W E27 G125 - Dimmerabile<p>Il design di questa lampadina da 4W E27 G125 in metallo nero \u00e8 una scelta eccellente per chi cerca un'alternativa a basso consumo energetico per decorare il proprio negozio o la propria casa.<\/p><p>La lampadina ha un design moderno ed elegante, con un alloggiamento in metallo nero che si adatta perfettamente a qualsiasi arredamento. \u00c8 inoltre compatibile con il dimmer -TRIAC- che consente di regolare l'intensit\u00e0 della luce per creare un'atmosfera pi\u00f9 accogliente e rilassante.<\/p><p>Con le lampadine dimmerabili avrete dei vantaggi:<\/p><ol>\n<li>Maggiore controllo dell'illuminazione: potendo regolare l'intensit\u00e0 della luce, \u00e8 possibile creare l'ambiente desiderato per diverse situazioni o attivit\u00e0, come una cena romantica, un incontro con gli amici, la lettura di un libro, ecc.<\/li>\n<li>Risparmio energetico: riducendo l'intensit\u00e0 della luce, si riduce il consumo energetico della lampadina, con conseguente riduzione della bolletta.<\/li>\n<li>Maggiore durata della lampadina: riducendo l'intensit\u00e0 luminosa, si riduce lo stress termico sulla lampadina, prolungandone la durata.<\/li>\n<li>Maggiore comodit\u00e0: non dovendo regolare l'illuminazione tramite interruttori on\/off, si pu\u00f2 ottenere una maggiore comodit\u00e0 controllando la luce emessa.<\/li>\n<li>Personalizzazione: con le lampadine dimmerabili \u00e8 possibile personalizzare diversi ambienti e stati d'animo, migliorando cos\u00ec l'esperienza di chi vive in casa o lavora in ufficio.<\/li>\n<\/ol><p>&nbsp;<\/p><p>L'uso che pu\u00f2 avere \u00e8 molteplice, dalla lampadina come uso principale, alla lampada da casa per dare una combinazione speciale e autenticamente nostalgica. Solo il nostro negozio online vi offre una garanzia di 3 anni su questo prodotto.<\/p><p>&nbsp;<\/p><h2>Usi della lampadina LED moderna in metallo nero 4W E27 G125 - Dimmerabile<\/h2><ul>\n<li>Illuminazione decorativa<\/li>\n<li>Lampade a sospensione<\/li>\n<li>Luci da parete industriali<\/li>\n<li>Lampade da scrivania o da comodino<\/li>\n<\/ul><h3 class=\"page-product-heading\">DATI TECNICI<\/h3><div class=\"col-xs-12 col-md-6\">\n<table class=\"table table-data-sheet 1\">\n<tbody>\n<tr class=\"odd\">\n<td valign=\"middle\" width=\"32\"><\/td>\n<td valign=\"middle\">RIFERIMENTO :<\/td>\n<td valign=\"middle\">SL91064<\/td>\n<\/tr>\n<tr class=\"even\">\n<td valign=\"middle\" width=\"32\"><\/td>\n<td valign=\"middle\">Potenza nominale :<\/td>\n<td valign=\"middle\">4W<\/td>\n<\/tr>\n<tr class=\"odd\">\n<td valign=\"middle\" width=\"32\"><\/td>\n<td valign=\"middle\">Tensione nominale:<\/td>\n<td valign=\"middle\">220-240V<\/td>\n<\/tr>\n<tr class=\"even\">\n<td valign=\"middle\" width=\"32\"><\/td>\n<td valign=\"middle\">Temperatura della luce:<\/td>\n<td valign=\"middle\">1800K<\/td>\n<\/tr>\n<tr class=\"odd\">\n<td valign=\"middle\" width=\"32\"><\/td>\n<td valign=\"middle\">CRI - Indice di resa cromatica:<\/td>\n<td valign=\"middle\">80<\/td>\n<\/tr>\n<tr class=\"even\">\n<td valign=\"middle\" width=\"32\"><\/td>\n<td valign=\"middle\">Materiale da costruzione:<\/td>\n<td valign=\"middle\">PMMA + acciaio<\/td>\n<\/tr>\n<tr class=\"odd\">\n<td valign=\"middle\" width=\"32\"><\/td>\n<td valign=\"middle\">Luminosit\u00e0-Lm:<\/td>\n<td valign=\"middle\">70<\/td>\n<\/tr>\n<tr class=\"even\">\n<td valign=\"middle\" width=\"32\"><\/td>\n<td valign=\"middle\">Angolo di apertura (\u00ba):<\/td>\n<td valign=\"middle\">360\u00ba<\/td>\n<\/tr>\n<tr class=\"odd\">\n<td valign=\"middle\" width=\"32\"><\/td>\n<td valign=\"middle\">Dimmerabile:<\/td>\n<td valign=\"middle\">TRIAC<\/td>\n<\/tr>\n<tr class=\"even\">\n<td valign=\"middle\" width=\"32\"><\/td>\n<td valign=\"middle\">Boccola:<\/td>\n<td valign=\"middle\">E27<\/td>\n<\/tr>\n<tr class=\"odd\">\n<td valign=\"middle\" width=\"32\"><\/td>\n<td valign=\"middle\">Certificati:<\/td>\n<td valign=\"middle\">CE - ROHS<\/td>\n<\/tr>\n<\/tbody>\n<\/table>\n<\/div><div class=\"col-xs-12 col-md-6 2\">\n<table class=\"table table-data-sheet 2\">\n<tbody>\n<tr class=\"odd\">\n<td valign=\"middle\" width=\"32\"><\/td>\n<td valign=\"middle\">Grado di protezione IP:<\/td>\n<td valign=\"middle\">IP20<\/td>\n<\/tr>\n<tr class=\"even\">\n<td valign=\"middle\" width=\"32\"><\/td>\n<td valign=\"middle\">Dimensioni (mm):<\/td>\n<td valign=\"middle\">\u00d8125x150mm<\/td>\n<\/tr>\n<tr class=\"odd\">\n<td valign=\"middle\" width=\"32\"><\/td>\n<td valign=\"middle\">Frequenza di lavoro (Hz):<\/td>\n<td valign=\"middle\">50\/60Hz<\/td>\n<\/tr>\n<tr class=\"even\">\n<td valign=\"middle\" width=\"32\"><\/td>\n<td valign=\"middle\">Intervallo di temperatura (\u00baC):<\/td>\n<td valign=\"middle\">-20?C ~ +55?C<\/td>\n<\/tr>\n<tr class=\"odd\">\n<td valign=\"middle\" width=\"32\"><\/td>\n<td valign=\"middle\">Cicli di accensione:<\/td>\n<td valign=\"middle\">100.000<\/td>\n<\/tr>\n<tr class=\"even\">\n<td valign=\"middle\" width=\"32\"><\/td>\n<td valign=\"middle\">Tempo di avvio (s):<\/td>\n<td valign=\"middle\">0,2s<\/td>\n<\/tr>\n<tr class=\"odd\">\n<td valign=\"middle\" width=\"32\"><\/td>\n<td valign=\"middle\">Informazioni aggiuntive:<\/td>\n<td valign=\"middle\">NO FLICK<\/td>\n<\/tr>\n<tr class=\"even\">\n<td valign=\"middle\" width=\"32\"><\/td>\n<td valign=\"middle\">Classe energetica (2021-EU-2019\/2015):<\/td>\n<td valign=\"middle\">A+<\/td>\n<\/tr>\n<tr class=\"odd\">\n<td valign=\"middle\" width=\"32\"><\/td>\n<td valign=\"middle\">Classe energetica (2023 - UE-2019\/2015):<\/td>\n<td valign=\"middle\">F<\/td>\n<\/tr>\n<tr class=\"even\">\n<td valign=\"middle\" width=\"32\"><\/td>\n<td valign=\"middle\">Anni di garanzia:<\/td>\n<td valign=\"middle\">3<\/td>\n<\/tr>\n<\/tbody>\n<\/table>\n<p>&nbsp;<\/p>\n<\/div><\/h1>","protected":false},"excerpt":{"rendered":"<p>RIFERIMENTO: SL91064<p>Questo&nbsp;<strong>Lampadina<\/strong>&nbsp;<strong>dimmerabile<\/strong>e G125 in metacrilato e griglia e boccola in metallo&nbsp;<strong>E27<\/strong>&nbsp;contribuisce al rispetto del pianeta grazie al risparmio energetico. La lampadina ha un design moderno ed elegante, con un alloggiamento in metallo nero che si adatta perfettamente a qualsiasi arredamento. Inoltre, \u00e8 compatibile con il dimmer, che consente di regolare l'intensit\u00e0 della luce per creare un'atmosfera pi\u00f9 accogliente e rilassante.<\/p><p>La lampadina \u00e8&nbsp;<strong>regolabile<\/strong>&nbsp;da&nbsp;<strong>TRIAC<\/strong><\/p><p><strong>TEMPERATURA DI COLORE: 2200K<\/strong><\/p><div class=\"col-md-12\"><i class=\"fa fa-truck\"><\/i>&nbsp;<span class=\"text-muted textprop\">Consegna in 24\/48 ore<\/span><\/div><div class=\"col-md-12\"><i class=\"fa fa-exchange\"><\/i>&nbsp;<span class=\"text-muted textprop\">Garanzia assicurata<\/span><\/div><div class=\"col-md-12\"><i class=\"fa fa-box\"><\/i>&nbsp;<span class=\"text-muted textprop\">20 unit\u00e0 per Masterbox<\/span><\/div><\/p>","protected":false},"featured_media":9900,"template":"","meta":{"site-sidebar-layout":"default","site-content-layout":"default","ast-global-header-display":"","ast-main-header-display":"","ast-hfb-above-header-display":"","ast-hfb-below-header-display":"","ast-hfb-mobile-header-display":"","site-post-title":"","ast-breadcrumbs-content":"","ast-featured-img":"","footer-sml-layout":"","theme-transparent-header-meta":"default","adv-header-id-meta":"","stick-header-meta":"","header-above-stick-meta":"","header-main-stick-meta":"","header-below-stick-meta":""},"product_cat":[46,23],"product_tag":[],"class_list":["post-9892","product","type-product","status-publish","has-post-thumbnail","hentry","product_cat-bombillas-led-e27","product_cat-bombillas-y-lamparas-led"],"yoast_head":"<!-- This site is optimized with the Yoast SEO plugin v27.4 - https:\/\/yoast.com\/product\/yoast-seo-wordpress\/ -->\n<title>Bombilla LED Modern Metal Negro 4W E27 G125 - Dimable - STARLED Iluminacion<\/title>\n<meta name=\"robots\" content=\"index, follow, max-snippet:-1, max-image-preview:large, max-video-preview:-1\" \/>\n<link rel=\"canonical\" href=\"https:\/\/starlediluminacion.com\/it\/product\/bulb-led-modern-metal-black-4w-e27-g125-dimmable\/\" \/>\n<meta property=\"og:locale\" content=\"it_IT\" \/>\n<meta property=\"og:type\" content=\"article\" \/>\n<meta property=\"og:title\" content=\"Bombilla LED Modern Metal Negro 4W E27 G125 - Dimable - STARLED Iluminacion\" \/>\n<meta property=\"og:description\" content=\"REFERENCIA: SL91064  Esta\u00a0Bombilla\u00a0dimmable G125 realizada en Metacrilato y rejilla m\u00e9talica y casquillo tipo\u00a0E27\u00a0ayuda a respetar el planeta debido a su ahorro energ\u00e9tico.\u00a0La bombilla tiene un dise\u00f1o moderno y elegante, con una carcasa de metal negro que se adapta perfectamente a cualquier decoraci\u00f3n de interiores.\u00a0Adem\u00e1s, es compatible con el regulador de intensidad, lo que permite ajustar la intensidad de la luz para crear un ambiente m\u00e1s acogedor y relajante.  La bombilla es\u00a0regulable\u00a0por\u00a0TRIAC  TEMPERATURA DE COLOR: 2200K \u00a0Entrega en 24\/48 horas \u00a0Garant\u00eda asegurada \u00a020 unidad(es) por Masterbox\" \/>\n<meta property=\"og:url\" content=\"https:\/\/starlediluminacion.com\/it\/product\/bulb-led-modern-metal-black-4w-e27-g125-dimmable\/\" \/>\n<meta property=\"og:site_name\" content=\"STARLED Iluminacion\" \/>\n<meta property=\"article:modified_time\" content=\"2023-09-14T09:50:43+00:00\" \/>\n<meta property=\"og:image\" content=\"https:\/\/starlediluminacion.com\/wp-content\/uploads\/2023\/05\/bombilla-led-modern-metal-negro-4w-e27-g125-dimable-factorled-7.jpg\" \/>\n\t<meta property=\"og:image:width\" content=\"1000\" \/>\n\t<meta property=\"og:image:height\" content=\"1000\" \/>\n\t<meta property=\"og:image:type\" content=\"image\/jpeg\" \/>\n<meta name=\"twitter:card\" content=\"summary_large_image\" \/>\n<meta name=\"twitter:label1\" content=\"Tempo di lettura stimato\" \/>\n\t<meta name=\"twitter:data1\" content=\"2 minuti\" \/>\n<script type=\"application\/ld+json\" class=\"yoast-schema-graph\">{\"@context\":\"https:\\\/\\\/schema.org\",\"@graph\":[{\"@type\":\"WebPage\",\"@id\":\"https:\\\/\\\/starlediluminacion.com\\\/producto\\\/bombilla-led-modern-metal-negro-4w-e27-g125-dimable\\\/\",\"url\":\"https:\\\/\\\/starlediluminacion.com\\\/producto\\\/bombilla-led-modern-metal-negro-4w-e27-g125-dimable\\\/\",\"name\":\"Bombilla LED Modern Metal Negro 4W E27 G125 - Dimable - STARLED Iluminacion\",\"isPartOf\":{\"@id\":\"https:\\\/\\\/starlediluminacion.com\\\/#website\"},\"primaryImageOfPage\":{\"@id\":\"https:\\\/\\\/starlediluminacion.com\\\/producto\\\/bombilla-led-modern-metal-negro-4w-e27-g125-dimable\\\/#primaryimage\"},\"image\":{\"@id\":\"https:\\\/\\\/starlediluminacion.com\\\/producto\\\/bombilla-led-modern-metal-negro-4w-e27-g125-dimable\\\/#primaryimage\"},\"thumbnailUrl\":\"https:\\\/\\\/starlediluminacion.com\\\/wp-content\\\/uploads\\\/2023\\\/05\\\/bombilla-led-modern-metal-negro-4w-e27-g125-dimable-factorled-7.jpg\",\"datePublished\":\"2023-05-23T14:01:56+00:00\",\"dateModified\":\"2023-09-14T09:50:43+00:00\",\"breadcrumb\":{\"@id\":\"https:\\\/\\\/starlediluminacion.com\\\/producto\\\/bombilla-led-modern-metal-negro-4w-e27-g125-dimable\\\/#breadcrumb\"},\"inLanguage\":\"it-IT\",\"potentialAction\":[{\"@type\":\"ReadAction\",\"target\":[\"https:\\\/\\\/starlediluminacion.com\\\/producto\\\/bombilla-led-modern-metal-negro-4w-e27-g125-dimable\\\/\"]}]},{\"@type\":\"ImageObject\",\"inLanguage\":\"it-IT\",\"@id\":\"https:\\\/\\\/starlediluminacion.com\\\/producto\\\/bombilla-led-modern-metal-negro-4w-e27-g125-dimable\\\/#primaryimage\",\"url\":\"https:\\\/\\\/starlediluminacion.com\\\/wp-content\\\/uploads\\\/2023\\\/05\\\/bombilla-led-modern-metal-negro-4w-e27-g125-dimable-factorled-7.jpg\",\"contentUrl\":\"https:\\\/\\\/starlediluminacion.com\\\/wp-content\\\/uploads\\\/2023\\\/05\\\/bombilla-led-modern-metal-negro-4w-e27-g125-dimable-factorled-7.jpg\",\"width\":1000,\"height\":1000},{\"@type\":\"BreadcrumbList\",\"@id\":\"https:\\\/\\\/starlediluminacion.com\\\/producto\\\/bombilla-led-modern-metal-negro-4w-e27-g125-dimable\\\/#breadcrumb\",\"itemListElement\":[{\"@type\":\"ListItem\",\"position\":1,\"name\":\"Portada\",\"item\":\"https:\\\/\\\/starlediluminacion.com\\\/\"},{\"@type\":\"ListItem\",\"position\":2,\"name\":\"Shop\",\"item\":\"https:\\\/\\\/starlediluminacion.com\\\/shop-2\\\/\"},{\"@type\":\"ListItem\",\"position\":3,\"name\":\"Bombilla LED Modern Metal Negro 4W E27 G125 &#8211; Dimable\"}]},{\"@type\":\"WebSite\",\"@id\":\"https:\\\/\\\/starlediluminacion.com\\\/#website\",\"url\":\"https:\\\/\\\/starlediluminacion.com\\\/\",\"name\":\"STARLED Iluminacion\",\"description\":\"\",\"potentialAction\":[{\"@type\":\"SearchAction\",\"target\":{\"@type\":\"EntryPoint\",\"urlTemplate\":\"https:\\\/\\\/starlediluminacion.com\\\/?s={search_term_string}\"},\"query-input\":{\"@type\":\"PropertyValueSpecification\",\"valueRequired\":true,\"valueName\":\"search_term_string\"}}],\"inLanguage\":\"it-IT\"}]}<\/script>\n<!-- \/ Yoast SEO plugin. -->","yoast_head_json":{"title":"Bombilla LED Modern Metal Negro 4W E27 G125 - Dimable - STARLED Iluminacion","robots":{"index":"index","follow":"follow","max-snippet":"max-snippet:-1","max-image-preview":"max-image-preview:large","max-video-preview":"max-video-preview:-1"},"canonical":"https:\/\/starlediluminacion.com\/it\/product\/bulb-led-modern-metal-black-4w-e27-g125-dimmable\/","og_locale":"it_IT","og_type":"article","og_title":"Bombilla LED Modern Metal Negro 4W E27 G125 - Dimable - STARLED Iluminacion","og_description":"REFERENCIA: SL91064  Esta\u00a0Bombilla\u00a0dimmable G125 realizada en Metacrilato y rejilla m\u00e9talica y casquillo tipo\u00a0E27\u00a0ayuda a respetar el planeta debido a su ahorro energ\u00e9tico.\u00a0La bombilla tiene un dise\u00f1o moderno y elegante, con una carcasa de metal negro que se adapta perfectamente a cualquier decoraci\u00f3n de interiores.\u00a0Adem\u00e1s, es compatible con el regulador de intensidad, lo que permite ajustar la intensidad de la luz para crear un ambiente m\u00e1s acogedor y relajante.  La bombilla es\u00a0regulable\u00a0por\u00a0TRIAC  TEMPERATURA DE COLOR: 2200K \u00a0Entrega en 24\/48 horas \u00a0Garant\u00eda asegurada \u00a020 unidad(es) por Masterbox","og_url":"https:\/\/starlediluminacion.com\/it\/product\/bulb-led-modern-metal-black-4w-e27-g125-dimmable\/","og_site_name":"STARLED Iluminacion","article_modified_time":"2023-09-14T09:50:43+00:00","og_image":[{"width":1000,"height":1000,"url":"https:\/\/starlediluminacion.com\/wp-content\/uploads\/2023\/05\/bombilla-led-modern-metal-negro-4w-e27-g125-dimable-factorled-7.jpg","type":"image\/jpeg"}],"twitter_card":"summary_large_image","twitter_misc":{"Tempo di lettura stimato":"2 minuti"},"schema":{"@context":"https:\/\/schema.org","@graph":[{"@type":"WebPage","@id":"https:\/\/starlediluminacion.com\/producto\/bombilla-led-modern-metal-negro-4w-e27-g125-dimable\/","url":"https:\/\/starlediluminacion.com\/producto\/bombilla-led-modern-metal-negro-4w-e27-g125-dimable\/","name":"Bombilla LED Modern Metal Negro 4W E27 G125 - Dimable - STARLED Iluminacion","isPartOf":{"@id":"https:\/\/starlediluminacion.com\/#website"},"primaryImageOfPage":{"@id":"https:\/\/starlediluminacion.com\/producto\/bombilla-led-modern-metal-negro-4w-e27-g125-dimable\/#primaryimage"},"image":{"@id":"https:\/\/starlediluminacion.com\/producto\/bombilla-led-modern-metal-negro-4w-e27-g125-dimable\/#primaryimage"},"thumbnailUrl":"https:\/\/starlediluminacion.com\/wp-content\/uploads\/2023\/05\/bombilla-led-modern-metal-negro-4w-e27-g125-dimable-factorled-7.jpg","datePublished":"2023-05-23T14:01:56+00:00","dateModified":"2023-09-14T09:50:43+00:00","breadcrumb":{"@id":"https:\/\/starlediluminacion.com\/producto\/bombilla-led-modern-metal-negro-4w-e27-g125-dimable\/#breadcrumb"},"inLanguage":"it-IT","potentialAction":[{"@type":"ReadAction","target":["https:\/\/starlediluminacion.com\/producto\/bombilla-led-modern-metal-negro-4w-e27-g125-dimable\/"]}]},{"@type":"ImageObject","inLanguage":"it-IT","@id":"https:\/\/starlediluminacion.com\/producto\/bombilla-led-modern-metal-negro-4w-e27-g125-dimable\/#primaryimage","url":"https:\/\/starlediluminacion.com\/wp-content\/uploads\/2023\/05\/bombilla-led-modern-metal-negro-4w-e27-g125-dimable-factorled-7.jpg","contentUrl":"https:\/\/starlediluminacion.com\/wp-content\/uploads\/2023\/05\/bombilla-led-modern-metal-negro-4w-e27-g125-dimable-factorled-7.jpg","width":1000,"height":1000},{"@type":"BreadcrumbList","@id":"https:\/\/starlediluminacion.com\/producto\/bombilla-led-modern-metal-negro-4w-e27-g125-dimable\/#breadcrumb","itemListElement":[{"@type":"ListItem","position":1,"name":"Portada","item":"https:\/\/starlediluminacion.com\/"},{"@type":"ListItem","position":2,"name":"Shop","item":"https:\/\/starlediluminacion.com\/shop-2\/"},{"@type":"ListItem","position":3,"name":"Bombilla LED Modern Metal Negro 4W E27 G125 &#8211; Dimable"}]},{"@type":"WebSite","@id":"https:\/\/starlediluminacion.com\/#website","url":"https:\/\/starlediluminacion.com\/","name":"STARLED Iluminacion","description":"","potentialAction":[{"@type":"SearchAction","target":{"@type":"EntryPoint","urlTemplate":"https:\/\/starlediluminacion.com\/?s={search_term_string}"},"query-input":{"@type":"PropertyValueSpecification","valueRequired":true,"valueName":"search_term_string"}}],"inLanguage":"it-IT"}]}},"_links":{"self":[{"href":"https:\/\/starlediluminacion.com\/it\/wp-json\/wp\/v3\/product\/9892","targetHints":{"allow":["GET"]}}],"collection":[{"href":"https:\/\/starlediluminacion.com\/it\/wp-json\/wp\/v3\/product"}],"about":[{"href":"https:\/\/starlediluminacion.com\/it\/wp-json\/wp\/v2\/types\/product"}],"wp:featuredmedia":[{"embeddable":true,"href":"https:\/\/starlediluminacion.com\/it\/wp-json\/wp\/v2\/media\/9900"}],"wp:attachment":[{"href":"https:\/\/starlediluminacion.com\/it\/wp-json\/wp\/v2\/media?parent=9892"}],"wp:term":[{"taxonomy":"product_cat","embeddable":true,"href":"https:\/\/starlediluminacion.com\/it\/wp-json\/wp\/v2\/product_cat?post=9892"},{"taxonomy":"product_tag","embeddable":true,"href":"https:\/\/starlediluminacion.com\/it\/wp-json\/wp\/v2\/product_tag?post=9892"}],"curies":[{"name":"wp","href":"https:\/\/api.w.org\/{rel}","templated":true}]}}