{"id":9883,"date":"2023-05-23T13:58:32","date_gmt":"2023-05-23T13:58:32","guid":{"rendered":"https:\/\/starlediluminacion.com\/?post_type=product&#038;p=9883"},"modified":"2023-09-14T09:51:15","modified_gmt":"2023-09-14T09:51:15","slug":"bombilla-led-modern-metal-gold-4w-e27-dimable","status":"publish","type":"product","link":"https:\/\/starlediluminacion.com\/it\/product\/bombilla-led-modern-metal-gold-4w-e27-dimable\/","title":{"rendered":"<p>Lampadina LED moderna in metallo ORO 4W E27 - Dimmerabile<\/p>"},"content":{"rendered":"<h1>Bombilla LED Modern Metal GOLD 4W E27 &ndash; Dimmable<p>Il design di questa lampadina&nbsp;<strong>metal dorado<\/strong>&nbsp;de 4W, con base E27&nbsp; es una excelente opci&oacute;n para aquellos que buscan una alternativa eficiente en t&eacute;rminos de energ&iacute;a para decorar tu comercio o tu hogar.<\/p><p>La lampadina ha un design moderno ed elegante, con un corpo di&nbsp;<strong>metal dorado<\/strong>&nbsp; que se adapta perfectamente a cualquier decoraci&oacute;n de interiores. Adem&aacute;s, es compatible con el regulador de intensidad -TRIAC-, lo que permite ajustar la intensidad de la luz para crear un ambiente m&aacute;s acogedor y relajante.<\/p><p>Con le lampadine dimmerabili avrete dei vantaggi:<\/p><ol>\n<li>Maggiore controllo dell'illuminazione: potendo regolare l'intensit\u00e0 della luce, \u00e8 possibile creare l'ambiente desiderato per diverse situazioni o attivit\u00e0, come una cena romantica, un incontro con gli amici, la lettura di un libro, ecc.<\/li>\n<li>Risparmio energetico: riducendo l'intensit\u00e0 della luce, si riduce il consumo energetico della lampadina, con conseguente riduzione della bolletta.<\/li>\n<li>Maggiore durata della lampadina: riducendo l'intensit\u00e0 luminosa, si riduce lo stress termico sulla lampadina, prolungandone la durata.<\/li>\n<li>Maggiore comodit\u00e0: non dovendo regolare l'illuminazione tramite interruttori on\/off, si pu\u00f2 ottenere una maggiore comodit\u00e0 controllando la luce emessa.<\/li>\n<li>Personalizzazione: con le lampadine dimmerabili \u00e8 possibile personalizzare diversi ambienti e stati d'animo, migliorando cos\u00ec l'esperienza di chi vive in casa o lavora in ufficio.<\/li>\n<\/ol><p>&nbsp;<\/p><p>El uso que puede tener&nbsp;es m&uacute;ltiple, desde bombilla como su uso principal, hasta como l&aacute;mpara de hogar para dar una combinaci&oacute;n especial y aut&eacute;nticamente moderna y acogedora. S&oacute;lo&nbsp;nuestra tienda online te ofrece una garant&iacute;a de&nbsp;3 a&ntilde;os para este producto.<\/p><p>&nbsp;<\/p><h2>Usos de la&nbsp;Bombilla LED Modern Metal GOLD 4W E27 &ndash; Dimmable<\/h2><ul>\n<li>Illuminazione decorativa<\/li>\n<li>Lampade a sospensione<\/li>\n<li>Luci da parete industriali<\/li>\n<li>Lampade da scrivania o da comodino<\/li>\n<\/ul><h3 class=\"page-product-heading\">DATI TECNICI<\/h3><div class=\"col-xs-12 col-md-6\">\n<table class=\"table table-data-sheet 1\">\n<tbody>\n<tr class=\"odd\">\n<td valign=\"middle\" width=\"32\"><\/td>\n<td valign=\"middle\">RIFERIMENTO :<\/td>\n<td valign=\"middle\">SL91065<\/td>\n<\/tr>\n<tr class=\"even\">\n<td valign=\"middle\" width=\"32\"><\/td>\n<td valign=\"middle\">Potenza nominale :<\/td>\n<td valign=\"middle\">4W<\/td>\n<\/tr>\n<tr class=\"odd\">\n<td valign=\"middle\" width=\"32\"><\/td>\n<td valign=\"middle\">Tensione nominale:<\/td>\n<td valign=\"middle\">220V-240V<\/td>\n<\/tr>\n<tr class=\"even\">\n<td valign=\"middle\" width=\"32\"><\/td>\n<td valign=\"middle\">Temperatura della luce:<\/td>\n<td valign=\"middle\">1800K<\/td>\n<\/tr>\n<tr class=\"odd\">\n<td valign=\"middle\" width=\"32\"><\/td>\n<td valign=\"middle\">CRI - Indice di resa cromatica:<\/td>\n<td valign=\"middle\">80<\/td>\n<\/tr>\n<tr class=\"even\">\n<td valign=\"middle\" width=\"32\"><\/td>\n<td valign=\"middle\">Materiale da costruzione:<\/td>\n<td valign=\"middle\">PMMA + acciaio<\/td>\n<\/tr>\n<tr class=\"odd\">\n<td valign=\"middle\" width=\"32\"><\/td>\n<td valign=\"middle\">Luminosit\u00e0-Lm:<\/td>\n<td valign=\"middle\">85<\/td>\n<\/tr>\n<tr class=\"even\">\n<td valign=\"middle\" width=\"32\"><\/td>\n<td valign=\"middle\">Angolo di apertura (\u00ba):<\/td>\n<td valign=\"middle\">360\u00ba<\/td>\n<\/tr>\n<tr class=\"odd\">\n<td valign=\"middle\" width=\"32\"><\/td>\n<td valign=\"middle\">Dimmerabile:<\/td>\n<td valign=\"middle\">TRIAC<\/td>\n<\/tr>\n<tr class=\"even\">\n<td valign=\"middle\" width=\"32\"><\/td>\n<td valign=\"middle\">Boccola:<\/td>\n<td valign=\"middle\">E27<\/td>\n<\/tr>\n<tr class=\"odd\">\n<td valign=\"middle\" width=\"32\"><\/td>\n<td valign=\"middle\">Certificati:<\/td>\n<td valign=\"middle\">CE - ROHS<\/td>\n<\/tr>\n<\/tbody>\n<\/table>\n<\/div><div class=\"col-xs-12 col-md-6 2\">\n<table class=\"table table-data-sheet 2\">\n<tbody>\n<tr class=\"odd\">\n<td valign=\"middle\" width=\"32\"><\/td>\n<td valign=\"middle\">Grado di protezione IP:<\/td>\n<td valign=\"middle\">IP20<\/td>\n<\/tr>\n<tr class=\"even\">\n<td valign=\"middle\" width=\"32\"><\/td>\n<td valign=\"middle\">Dimensioni (mm):<\/td>\n<td valign=\"middle\">&Oslash;105x160mm<\/td>\n<\/tr>\n<tr class=\"odd\">\n<td valign=\"middle\" width=\"32\"><\/td>\n<td valign=\"middle\">Frequenza di lavoro (Hz):<\/td>\n<td valign=\"middle\">50\/60Hz<\/td>\n<\/tr>\n<tr class=\"even\">\n<td valign=\"middle\" width=\"32\"><\/td>\n<td valign=\"middle\">Intervallo di temperatura (\u00baC):<\/td>\n<td valign=\"middle\">-20?C ~ +55?C<\/td>\n<\/tr>\n<tr class=\"odd\">\n<td valign=\"middle\" width=\"32\"><\/td>\n<td valign=\"middle\">Cicli di accensione:<\/td>\n<td valign=\"middle\">100.000<\/td>\n<\/tr>\n<tr class=\"even\">\n<td valign=\"middle\" width=\"32\"><\/td>\n<td valign=\"middle\">Tempo di avvio (s):<\/td>\n<td valign=\"middle\">0,2s<\/td>\n<\/tr>\n<tr class=\"odd\">\n<td valign=\"middle\" width=\"32\"><\/td>\n<td valign=\"middle\">Informazioni aggiuntive:<\/td>\n<td valign=\"middle\">NO FLICK<\/td>\n<\/tr>\n<tr class=\"even\">\n<td valign=\"middle\" width=\"32\"><\/td>\n<td valign=\"middle\">Classe energetica (2021-EU-2019\/2015):<\/td>\n<td valign=\"middle\">A+<\/td>\n<\/tr>\n<tr class=\"odd\">\n<td valign=\"middle\" width=\"32\"><\/td>\n<td valign=\"middle\">Classe energetica (2023 - UE-2019\/2015):<\/td>\n<td valign=\"middle\">F<\/td>\n<\/tr>\n<tr class=\"even\">\n<td valign=\"middle\" width=\"32\"><\/td>\n<td valign=\"middle\">Anni di garanzia:<\/td>\n<td valign=\"middle\">3<\/td>\n<\/tr>\n<\/tbody>\n<\/table>\n<p>&nbsp;<\/p>\n<\/div><\/h1>","protected":false},"excerpt":{"rendered":"<p>REFERENCIA: SL91065<p>Questo&nbsp;<strong>Lampadina<\/strong>&nbsp;<strong>dimmerabile<\/strong>e realizada en Metacrilato y rejilla m&eacute;talica,&nbsp;y casquillo tipo&nbsp;<strong>E27<\/strong>&nbsp;ayuda a respetar el planeta debido a su ahorro energ&eacute;tico.&nbsp;La bombilla tiene un dise&ntilde;o moderno y elegante, con una carcasa de metal Orto que se adapta perfectamente a cualquier decoraci&oacute;n de interiores.&nbsp;Adem&aacute;s, es compatible con el regulador de intensidad, lo que permite ajustar la intensidad de la luz para crear un ambiente m&aacute;s acogedor y relajante.<\/p><p>La lampadina \u00e8&nbsp;<strong>regolabile<\/strong>&nbsp;da&nbsp;<strong>TRIAC<\/strong><\/p><p><strong>TEMPERATURA DI COLORE: 2200K<\/strong><\/p><div class=\"col-md-12\"><i class=\"fa fa-truck\"><\/i>&nbsp;<span class=\"text-muted textprop\">Consegna in 24\/48 ore<\/span><\/div><div class=\"col-md-12\"><i class=\"fa fa-exchange\"><\/i>&nbsp;<span class=\"text-muted textprop\">Garanzia assicurata<\/span><\/div><div class=\"col-md-12\"><i class=\"fa fa-box\"><\/i>&nbsp;<span class=\"text-muted textprop\">20 unit\u00e0 per Masterbox<\/span><\/div><\/p>","protected":false},"featured_media":9901,"template":"","meta":{"site-sidebar-layout":"default","site-content-layout":"default","ast-global-header-display":"","ast-main-header-display":"","ast-hfb-above-header-display":"","ast-hfb-below-header-display":"","ast-hfb-mobile-header-display":"","site-post-title":"","ast-breadcrumbs-content":"","ast-featured-img":"","footer-sml-layout":"","theme-transparent-header-meta":"default","adv-header-id-meta":"","stick-header-meta":"","header-above-stick-meta":"","header-main-stick-meta":"","header-below-stick-meta":""},"product_cat":[46,23],"product_tag":[],"class_list":["post-9883","product","type-product","status-publish","has-post-thumbnail","hentry","product_cat-bombillas-led-e27","product_cat-bombillas-y-lamparas-led"],"_links":{"self":[{"href":"https:\/\/starlediluminacion.com\/it\/wp-json\/wp\/v3\/product\/9883","targetHints":{"allow":["GET"]}}],"collection":[{"href":"https:\/\/starlediluminacion.com\/it\/wp-json\/wp\/v3\/product"}],"about":[{"href":"https:\/\/starlediluminacion.com\/it\/wp-json\/wp\/v2\/types\/product"}],"wp:featuredmedia":[{"embeddable":true,"href":"https:\/\/starlediluminacion.com\/it\/wp-json\/wp\/v2\/media\/9901"}],"wp:attachment":[{"href":"https:\/\/starlediluminacion.com\/it\/wp-json\/wp\/v2\/media?parent=9883"}],"wp:term":[{"taxonomy":"product_cat","embeddable":true,"href":"https:\/\/starlediluminacion.com\/it\/wp-json\/wp\/v2\/product_cat?post=9883"},{"taxonomy":"product_tag","embeddable":true,"href":"https:\/\/starlediluminacion.com\/it\/wp-json\/wp\/v2\/product_tag?post=9883"}],"curies":[{"name":"wp","href":"https:\/\/api.w.org\/{rel}","templated":true}]}}