{"id":9666,"date":"2023-05-22T11:12:18","date_gmt":"2023-05-22T11:12:18","guid":{"rendered":"https:\/\/starlediluminacion.com\/?post_type=product&#038;p=9666"},"modified":"2023-07-27T14:12:51","modified_gmt":"2023-07-27T14:12:51","slug":"aro-marco-negro-orientable-para-gu10","status":"publish","type":"product","link":"https:\/\/starlediluminacion.com\/it\/product\/aro-marco-negro-orientable-para-gu10\/","title":{"rendered":"<p>Aro Marco NEGRO orientable para GU10<\/p>"},"content":{"rendered":"<h1>Aro NEGRO&nbsp;orientable para GU10<p>El aro NEGRO&nbsp;orientable para GU10&nbsp; es un accesorio de iluminaci&oacute;n elegante y funcional, dise&ntilde;ado para ofrecer una soluci&oacute;n de iluminaci&oacute;n flexible y precisa en interiores.<\/p><p>El aro NEGRO&nbsp;orientable para GU10 y m&oacute;dulos LED tipo dicroicos,&nbsp; un acabado en elegante que se integra perfectamente en cualquier decoraci&oacute;n de interiores y aporta un toque de sofisticaci&oacute;n. Adem&aacute;s, su tama&ntilde;o compacto y peso ligero facilitan su instalaci&oacute;n y manejo.<\/p><p>El Aro Marco NEGRO&nbsp;orientable para GU10 fabricado en PC (Policarbonato) presenta varias ventajas en su uso en zonas h&uacute;medas o costeras:<\/p><ol>\n<li>Resistenza all'umidit\u00e0: il materiale PC utilizzato per la produzione del cerchio ha propriet\u00e0 di resistenza all'umidit\u00e0. Ci\u00f2 significa che pu\u00f2 sopportare condizioni di umidit\u00e0 elevata senza subire danni o corrosione, rendendolo adatto all'uso in aree con livelli di umidit\u00e0 elevati.<\/li>\n<li>Protecci&oacute;n contra la corrosi&oacute;n: Al estar fabricado en PC, el aro Marco NEGRO&nbsp;es resistente a la corrosi&oacute;n causada por la exposici&oacute;n al agua salada en zonas costeras. Esto le permite mantener su apariencia y funcionalidad incluso en entornos marinos agresivos.<\/li>\n<li>Durata: il materiale PC utilizzato per la produzione \u00e8 noto per la sua durata e resistenza agli urti. Ci\u00f2 rende il cerchio in grado di resistere a condizioni avverse, come il vento forte, gli spruzzi d'acqua o la sabbia, tipici delle zone costiere.<\/li>\n<\/ol><p>&nbsp;<\/p><p>Questa cornice \u00e8 progettata specificamente per ospitare lampadine GU10 e moduli LED dicroici, che possono essere facilmente installati e sostituiti grazie al meccanismo di fissaggio semplice e sicuro.<\/p><h3 class=\"page-product-heading\">DATI TECNICI<\/h3><div class=\"col-xs-12 col-md-6\">\n<table class=\"table table-data-sheet 1\">\n<tbody>\n<tr class=\"odd\">\n<td valign=\"middle\" width=\"32\"><\/td>\n<td valign=\"middle\">RIFERIMENTO :<\/td>\n<td valign=\"middle\">SLAROB892C-N<\/td>\n<\/tr>\n<tr class=\"even\">\n<td valign=\"middle\" width=\"32\"><\/td>\n<td valign=\"middle\">Materiale da costruzione:<\/td>\n<td valign=\"middle\">Policarbonato<\/td>\n<\/tr>\n<tr class=\"odd\">\n<td valign=\"middle\" width=\"32\"><\/td>\n<td valign=\"middle\">Certificati:<\/td>\n<td valign=\"middle\">CE<\/td>\n<\/tr>\n<\/tbody>\n<\/table>\n<\/div><div class=\"col-xs-12 col-md-6 2\">\n<table class=\"table table-data-sheet 2\">\n<tbody>\n<tr class=\"odd\">\n<td valign=\"middle\" width=\"32\"><\/td>\n<td valign=\"middle\">Dimensioni (mm):<\/td>\n<td valign=\"middle\">93x93xH29mm<\/td>\n<\/tr>\n<tr class=\"even\">\n<td valign=\"middle\" width=\"32\"><\/td>\n<td valign=\"middle\">Taglio del soffitto (mm):<\/td>\n<td valign=\"middle\">\u00d875 mm<\/td>\n<\/tr>\n<tr class=\"odd\">\n<td valign=\"middle\" width=\"32\"><\/td>\n<td valign=\"middle\">Anni di garanzia:<\/td>\n<td valign=\"middle\">3<\/td>\n<\/tr>\n<\/tbody>\n<\/table>\n<p>&nbsp;<\/p>\n<\/div><\/h1>","protected":false},"excerpt":{"rendered":"<div class=\"hidden-xs parrafo\">\n<div class=\"product-info-line\">\n<p id=\"product_reference\"><label>REFERENCIA: SLAROB892C-N<br>\n<\/label><\/p>\n<\/div>\n<p>L'anello quadrato&nbsp;<strong>NERO<\/strong>&nbsp;<strong>regolabile per GU10 in policarbonato,&nbsp;<\/strong>\u00e8 una soluzione elegante e funzionale per l'illuminazione di interni, che permette di essere collocata anche in aree ad alta umidit\u00e0 e in zone costiere saline, poich\u00e9 non si deteriora come i metalli.  Il design consente di regolare la direzione della luce, rendendola ideale per evidenziare elementi specifici di una stanza o per creare un ambiente piacevole in qualsiasi spazio. Installazione facilissima. Resiste alle zone costiere e alle aree ad alta umidit\u00e0 senza deteriorarsi, poich\u00e9 \u00e8 realizzata in PC.<\/p>\n<div class=\"col-md-12\"><i class=\"fa fa-truck\"><\/i>&nbsp;<span class=\"text-muted textprop\">Consegna in 24\/48 ore<\/span><\/div>\n<div class=\"col-md-12\"><i class=\"fa fa-exchange\"><\/i>&nbsp;<span class=\"text-muted textprop\">Garanzia assicurata<\/span><\/div>\n<div class=\"col-md-12\"><i class=\"fa fa-box\"><\/i>&nbsp;<span class=\"text-muted textprop\">100 unit\u00e0 per Masterbox<\/span><\/div>\n<\/div>","protected":false},"featured_media":9672,"template":"","meta":{"site-sidebar-layout":"default","site-content-layout":"default","ast-global-header-display":"","ast-main-header-display":"","ast-hfb-above-header-display":"","ast-hfb-below-header-display":"","ast-hfb-mobile-header-display":"","site-post-title":"","ast-breadcrumbs-content":"","ast-featured-img":"","footer-sml-layout":"","theme-transparent-header-meta":"default","adv-header-id-meta":"","stick-header-meta":"","header-above-stick-meta":"","header-main-stick-meta":"","header-below-stick-meta":""},"product_cat":[62,23],"product_tag":[],"class_list":["post-9666","product","type-product","status-publish","has-post-thumbnail","hentry","product_cat-accesorios-lamparas-led","product_cat-bombillas-y-lamparas-led"],"_links":{"self":[{"href":"https:\/\/starlediluminacion.com\/it\/wp-json\/wp\/v3\/product\/9666","targetHints":{"allow":["GET"]}}],"collection":[{"href":"https:\/\/starlediluminacion.com\/it\/wp-json\/wp\/v3\/product"}],"about":[{"href":"https:\/\/starlediluminacion.com\/it\/wp-json\/wp\/v2\/types\/product"}],"wp:featuredmedia":[{"embeddable":true,"href":"https:\/\/starlediluminacion.com\/it\/wp-json\/wp\/v2\/media\/9672"}],"wp:attachment":[{"href":"https:\/\/starlediluminacion.com\/it\/wp-json\/wp\/v2\/media?parent=9666"}],"wp:term":[{"taxonomy":"product_cat","embeddable":true,"href":"https:\/\/starlediluminacion.com\/it\/wp-json\/wp\/v2\/product_cat?post=9666"},{"taxonomy":"product_tag","embeddable":true,"href":"https:\/\/starlediluminacion.com\/it\/wp-json\/wp\/v2\/product_tag?post=9666"}],"curies":[{"name":"wp","href":"https:\/\/api.w.org\/{rel}","templated":true}]}}