{"id":9635,"date":"2023-05-22T10:54:07","date_gmt":"2023-05-22T10:54:07","guid":{"rendered":"https:\/\/starlediluminacion.com\/?post_type=product&#038;p=9635"},"modified":"2023-09-14T09:21:04","modified_gmt":"2023-09-14T09:21:04","slug":"pica-solar-jardin-led-ip65-4000k","status":"publish","type":"product","link":"https:\/\/starlediluminacion.com\/it\/product\/pica-solar-jardin-led-ip65-4000k\/","title":{"rendered":"<p>Palo da giardino solare a LED - IP65 - 4000K<\/p>"},"content":{"rendered":"<h1>Luce solare da giardino IP65 - 36\u00ba - 4000K<p><strong>Pica Solar<\/strong>&nbsp;lampada da giardino con batteria integrata, ideale per creare un'atmosfera duratura ed efficiente nel giardino alimentato a energia solare. La lampada \u00e8 dotata di un picchetto che pu\u00f2 essere conficcato nel terreno per fissarla in giardino. \u00c8 una soluzione di illuminazione semplice ed ecologica che non richiede elettricit\u00e0 o cablaggi.<\/p><p>Questo&nbsp;<strong>Luccio solare&nbsp;<\/strong>4000k ha 4 modalit\u00e0 di funzionamento.<\/p><ol>\n<li><strong>Modalit\u00e0 1: forte illuminazione.&nbsp;<\/strong>Questa modalit\u00e0 di funzionamento accende la lampada LED solare con la massima intensit\u00e0 luminosa disponibile, fornendo un'illuminazione brillante e piacevole.<\/li>\n<li><b>Modalit\u00e0 2: illuminazione leggera.&nbsp;<\/b>In questa modalit\u00e0 di funzionamento, la lampada solare a LED si accende con un'intensit\u00e0 luminosa inferiore rispetto alla modalit\u00e0 di illuminazione forte, che fornisce un'illuminazione pi\u00f9 morbida e fioca.<\/li>\n<li><b>Modalit\u00e0 3: modalit\u00e0 di respirazione.&nbsp;<\/b>si riferisce a una funzione che consente alla lampada LED di emettere luce con un andamento graduale di oscuramento e accensione, imitando l'effetto della respirazione. Questa funzione di respirazione pu\u00f2 anche contribuire a prolungare la durata della batteria.<\/li>\n<li><b>Modalit\u00e0 4:&nbsp;<\/b><strong>Spegnimento<\/strong>. Questa modalit\u00e0 di funzionamento spegne semplicemente la lampada solare a LED, che non emette luce e consuma pochissima energia quando \u00e8 inattiva.<\/li>\n<\/ol><p>Il&nbsp;<strong>Palo LED solare<\/strong>&nbsp;\u00e8 ideale da collocare in un luogo dove riceve la luce del sole durante il giorno per dare un'atmosfera decorativa al tramonto.<\/p><p>Le lampade a LED solari sono una soluzione efficiente e sostenibile per l'illuminazione esterna, in quanto non richiedono il collegamento alla rete elettrica e non emettono emissioni di anidride carbonica. Inoltre, hanno una lunga durata e non richiedono una manutenzione frequente.<\/p><h2>Utilizzi della luce solare da giardino 4500K con sensore di movimento<\/h2><ul>\n<li>Giardini<\/li>\n<li>Trame<\/li>\n<li>Campeggi<\/li>\n<li>Fonti<\/li>\n<li>Cortili<\/li>\n<li>Percorsi<\/li>\n<li>Passeggiate<\/li>\n<\/ul><h3 class=\"page-product-heading\">DATI TECNICI<\/h3><div class=\"col-xs-12 col-md-6\">\n<table class=\"table table-data-sheet 1\">\n<tbody>\n<tr class=\"odd\">\n<td valign=\"middle\" width=\"32\"><\/td>\n<td valign=\"middle\">RIFERIMENTO :<\/td>\n<td valign=\"middle\">91107<\/td>\n<\/tr>\n<tr class=\"even\">\n<td valign=\"middle\" width=\"32\"><\/td>\n<td valign=\"middle\">Potenza nominale :<\/td>\n<td valign=\"middle\">1.5W<\/td>\n<\/tr>\n<tr class=\"odd\">\n<td valign=\"middle\" width=\"32\"><\/td>\n<td valign=\"middle\">Tensione nominale:<\/td>\n<td valign=\"middle\">3,2V DC 1200mAH<\/td>\n<\/tr>\n<tr class=\"even\">\n<td valign=\"middle\" width=\"32\"><\/td>\n<td valign=\"middle\">Temperatura della luce:<\/td>\n<td valign=\"middle\">4000K<\/td>\n<\/tr>\n<tr class=\"odd\">\n<td valign=\"middle\" width=\"32\"><\/td>\n<td valign=\"middle\">Materiale da costruzione:<\/td>\n<td valign=\"middle\">ABS+PC<\/td>\n<\/tr>\n<tr class=\"even\">\n<td valign=\"middle\" width=\"32\"><\/td>\n<td valign=\"middle\">Luminosit\u00e0-Lm:<\/td>\n<td valign=\"middle\">150<\/td>\n<\/tr>\n<tr class=\"odd\">\n<td valign=\"middle\" width=\"32\"><\/td>\n<td valign=\"middle\">Tipo di LED:<\/td>\n<td valign=\"middle\">3030 2PCS<\/td>\n<\/tr>\n<tr class=\"even\">\n<td valign=\"middle\" width=\"32\"><\/td>\n<td valign=\"middle\">Angolo di apertura (\u00ba):<\/td>\n<td valign=\"middle\">36\u00ba<\/td>\n<\/tr>\n<tr class=\"odd\">\n<td valign=\"middle\" width=\"32\"><\/td>\n<td valign=\"middle\">Certificati:<\/td>\n<td valign=\"middle\">CE - ROHS<\/td>\n<\/tr>\n<tr class=\"even\">\n<td valign=\"middle\" width=\"32\"><\/td>\n<td valign=\"middle\">Grado di protezione IP:<\/td>\n<td valign=\"middle\">IP65-Outdoor<\/td>\n<\/tr>\n<\/tbody>\n<\/table>\n<\/div><div class=\"col-xs-12 col-md-6 2\">\n<table class=\"table table-data-sheet 2\">\n<tbody>\n<tr class=\"odd\">\n<td valign=\"middle\" width=\"32\"><\/td>\n<td valign=\"middle\">Durata stimata del diodo LED (H):<\/td>\n<td valign=\"middle\">50.000<\/td>\n<\/tr>\n<tr class=\"even\">\n<td valign=\"middle\" width=\"32\"><\/td>\n<td valign=\"middle\">Dimensioni (mm):<\/td>\n<td valign=\"middle\">104x61x169 mm Pannello solare: 138x82 mm<\/td>\n<\/tr>\n<tr class=\"odd\">\n<td valign=\"middle\" width=\"32\"><\/td>\n<td valign=\"middle\">Intervallo di temperatura (\u00baC):<\/td>\n<td valign=\"middle\">-20\u00baC ~ +40\u00baC<\/td>\n<\/tr>\n<tr class=\"even\">\n<td valign=\"middle\" width=\"32\"><\/td>\n<td valign=\"middle\">Informazioni aggiuntive:<\/td>\n<td valign=\"middle\">Pannello solare in silicio monocristallino 5.5V\/1.5W<\/td>\n<\/tr>\n<tr class=\"odd\">\n<td valign=\"middle\" width=\"32\"><\/td>\n<td valign=\"middle\">Materiale della batteria :<\/td>\n<td valign=\"middle\">Litio LiFeO4?3,2V 1200mAH<\/td>\n<\/tr>\n<tr class=\"even\">\n<td valign=\"middle\" width=\"32\"><\/td>\n<td valign=\"middle\">Tempo di scarico (h):<\/td>\n<td valign=\"middle\">Modalit\u00e0 Alta: 6H - Modalit\u00e0 Semi: 12H - Modalit\u00e0 Respirazione: 6H<\/td>\n<\/tr>\n<tr class=\"odd\">\n<td valign=\"middle\" width=\"32\"><\/td>\n<td valign=\"middle\">Classe energetica (2021-EU-2019\/2015):<\/td>\n<td valign=\"middle\">A++<\/td>\n<\/tr>\n<tr class=\"even\">\n<td valign=\"middle\" width=\"32\"><\/td>\n<td valign=\"middle\">Anni di garanzia:<\/td>\n<td valign=\"middle\">3<\/td>\n<\/tr>\n<tr class=\"odd\">\n<td valign=\"middle\" width=\"32\"><\/td>\n<td valign=\"middle\">Tempo di accensione :<\/td>\n<td valign=\"middle\">6-8h<\/td>\n<\/tr>\n<\/tbody>\n<\/table>\n<p>&nbsp;<\/p>\n<\/div><\/h1>","protected":false},"excerpt":{"rendered":"<p>RIFERIMENTO: SL91107<div class=\"hidden-xs parrafo\">\n<p><strong>Pica Solar<\/strong>&nbsp;lampada da giardino con batteria integrata, ideale per creare un'atmosfera duratura ed efficiente nel giardino alimentato a energia solare. La lampada \u00e8 dotata di un picchetto che pu\u00f2 essere conficcato nel terreno per fissarla in giardino. \u00c8 composta da due eleganti lenti a 36\u00b0. \u00c8 una soluzione di illuminazione semplice ed ecologica che non richiede elettricit\u00e0 o cablaggio.<\/p>\n<\/div><div id=\"views_block-1\" class=\"clearfix\">\n<div id=\"thumbs_list\">\n<div class=\"col-md-12\"><i class=\"fa fa-truck\"><\/i>&nbsp;<span class=\"text-muted textprop\">Consegna in 24\/48 ore<\/span><\/div>\n<div class=\"col-md-12\"><i class=\"fa fa-exchange\"><\/i>&nbsp;<span class=\"text-muted textprop\">Garanzia assicurata<\/span><\/div>\n<div class=\"col-md-12\"><i class=\"fa fa-box\"><\/i>&nbsp;<span class=\"text-muted textprop\">20 unit\u00e0 per Masterbox<\/span><\/div>\n<\/div>\n<\/div><\/p>","protected":false},"featured_media":10270,"template":"","meta":{"site-sidebar-layout":"default","site-content-layout":"default","ast-global-header-display":"","ast-main-header-display":"","ast-hfb-above-header-display":"","ast-hfb-below-header-display":"","ast-hfb-mobile-header-display":"","site-post-title":"","ast-breadcrumbs-content":"","ast-featured-img":"","footer-sml-layout":"","theme-transparent-header-meta":"default","adv-header-id-meta":"","stick-header-meta":"","header-above-stick-meta":"","header-main-stick-meta":"","header-below-stick-meta":""},"product_cat":[64,36],"product_tag":[],"class_list":["post-9635","product","type-product","status-publish","has-post-thumbnail","hentry","product_cat-apliques-led","product_cat-apliques-led-y-decoracion"],"_links":{"self":[{"href":"https:\/\/starlediluminacion.com\/it\/wp-json\/wp\/v3\/product\/9635","targetHints":{"allow":["GET"]}}],"collection":[{"href":"https:\/\/starlediluminacion.com\/it\/wp-json\/wp\/v3\/product"}],"about":[{"href":"https:\/\/starlediluminacion.com\/it\/wp-json\/wp\/v2\/types\/product"}],"wp:featuredmedia":[{"embeddable":true,"href":"https:\/\/starlediluminacion.com\/it\/wp-json\/wp\/v2\/media\/10270"}],"wp:attachment":[{"href":"https:\/\/starlediluminacion.com\/it\/wp-json\/wp\/v2\/media?parent=9635"}],"wp:term":[{"taxonomy":"product_cat","embeddable":true,"href":"https:\/\/starlediluminacion.com\/it\/wp-json\/wp\/v2\/product_cat?post=9635"},{"taxonomy":"product_tag","embeddable":true,"href":"https:\/\/starlediluminacion.com\/it\/wp-json\/wp\/v2\/product_tag?post=9635"}],"curies":[{"name":"wp","href":"https:\/\/api.w.org\/{rel}","templated":true}]}}