{"id":9589,"date":"2023-05-22T10:19:15","date_gmt":"2023-05-22T10:19:15","guid":{"rendered":"https:\/\/starlediluminacion.com\/?post_type=product&#038;p=9589"},"modified":"2023-07-27T12:54:36","modified_gmt":"2023-07-27T12:54:36","slug":"aplique-lineal-led-oulu-negro-0-44m-0-94m-1-44m-1-94m-ip54","status":"publish","type":"product","link":"https:\/\/starlediluminacion.com\/it\/product\/aplique-lineal-led-oulu-negro-0-44m-0-94m-1-44m-1-94m-ip54-2\/","title":{"rendered":"<p>Applique lineare a LED - OULU BLACK - 0,44m - 0,94m - 1,44m - 1,94m - IP54<\/p>"},"content":{"rendered":"<h1>Applique lineare a LED - OULU BLACK - IP54<p>&nbsp;<\/p><p>Il nostro&nbsp;<strong>luci lineari a parete<\/strong>&nbsp;LED -&nbsp;<strong>&nbsp;OULU&nbsp;&nbsp;<\/strong>- \u00e8 una gamma versatile e senza tempo, che pu\u00f2 essere protagonista dell'interior design di uno spazio o adattarsi ad esso. Grazie alle diverse dimensioni e colori disponibili, pu\u00f2 fornire un'ampia variet\u00e0 di sensazioni visive che definiranno lo spazio da una nuova prospettiva.<\/p><p>Il LED lineare<strong>&nbsp;- OULU -<\/strong>&nbsp;&nbsp;disegna linee di luce omogenee che si adattano a un'ampia variet\u00e0 di spazi con un impatto visivo minimo, risolvendo sia le esigenze di illuminazione generale che l'illuminazione di piani verticali.<\/p><p>Il design del nostro&nbsp;<strong>applicare<\/strong>&nbsp;per&nbsp;<strong>muro<\/strong>&nbsp;combina diffusori ad alta trasmittanza che garantiscono un elevato comfort visivo e un'elevata efficienza energetica.<\/p><p>La fonte di luce del nostro&nbsp;<strong>Apparecchio lineare a LED<\/strong>&nbsp;incorpora 2 strisce LED di 140 LED\/metro di SMD2835 ad alta luminosit\u00e0 che forniscono 1500lm\/metro; i diodi LED incorporano una doppia saldatura a filo d'oro per una maggiore durata e affidabilit\u00e0. Livello di flikler molto basso.<\/p><p><strong>I 140 LED\/metro da 0,6 W funzionano da soli a 0,1 W; in seguito, funzionano da soli a 17% della loro capacit\u00e0 nominale, in modo che la sorgente luminosa a LED non si riscaldi affatto. Pu\u00f2 funzionare ininterrottamente 24 ore al giorno e aumenta la durata a oltre 50.000 ore.<\/strong><\/p><p>Grazie alla sua fonte di luce, pu\u00f2 essere utilizzato anche in aree ad alta umidit\u00e0.<strong>&nbsp;IP54<\/strong>&nbsp;\u00e8 isolato con silicone di alta qualit\u00e0 (UC Classe F1 UL94 e privo di VOC), che previene l'ingiallimento e le crepe nel corso degli anni.<\/p><p>Si collega direttamente a&nbsp;<strong>220v<\/strong>L'alimentatore e il raddrizzatore a ponte non sono necessari.<\/p><p>Il consumo dell'apparecchio \u00e8 di 14W per 44cm; 28W per 94cm; 42W per 144cm e 56W per 194cm.<\/p><p>\u00c8 realizzato in alluminio 6063\/6060 ad alta purezza (98%), con trattamento termico UNE EN 755 e UNE EN 12020-1. L'apparecchio \u00e8 laccato con alta resistenza e qualit\u00e0 ed \u00e8 testurizzato in bianco e nero - Qualicoat - con 15 micron di spessore per una lunga durata.<\/p><p>Il nostro apparecchio lineare a LED -<strong>&nbsp;&nbsp;OULU -<\/strong>&nbsp; essendo realizzato su misura, offre diverse possibilit\u00e0 di scelta tra un'illuminazione pi\u00f9 calda, neutra o fredda, e finiture anodizzate in argento, bianco e nero. L'apparecchio \u00e8 realizzato a mano in Europa secondo le dimensioni desiderate dal cliente, pertanto questo prodotto non ammette resi, essendo un prodotto su misura.<\/p><p>I tempi di produzione sono di 5-7 giorni lavorativi.<\/p><p>&nbsp;<\/p><h2>Utilizzi dell'applique lineare a LED&nbsp;<strong>&nbsp;OULU NERO<\/strong>&nbsp;- IP54<\/h2><ul>\n<li>Negozi<\/li>\n<li>Mostre<\/li>\n<li>Industrie<\/li>\n<li>Uffici<\/li>\n<li>Famiglie<\/li>\n<\/ul><h3 class=\"page-product-heading\">DATI TECNICI<\/h3><div class=\"col-xs-12 col-md-6\">\n<table class=\"table table-data-sheet 1\">\n<tbody>\n<tr class=\"odd\">\n<td valign=\"middle\" width=\"32\"><\/td>\n<td valign=\"middle\">RIFERIMENTO :<\/td>\n<td valign=\"middle\">A-09055-G-230-NERO<\/td>\n<\/tr>\n<tr class=\"even\">\n<td valign=\"middle\" width=\"32\"><\/td>\n<td valign=\"middle\">Potenza nominale :<\/td>\n<td valign=\"middle\">14W 0,44m - 28W 0,94m - 42W 1,44m - 56W 1,94m - IP54<\/td>\n<\/tr>\n<tr class=\"odd\">\n<td valign=\"middle\" width=\"32\"><\/td>\n<td valign=\"middle\">Tensione nominale:<\/td>\n<td valign=\"middle\">85-265V<\/td>\n<\/tr>\n<tr class=\"even\">\n<td valign=\"middle\" width=\"32\"><\/td>\n<td valign=\"middle\">Temperatura della luce:<\/td>\n<td valign=\"middle\">2700K - 3000K - 4000K - 6000K<\/td>\n<\/tr>\n<tr class=\"odd\">\n<td valign=\"middle\" width=\"32\"><\/td>\n<td valign=\"middle\">CRI - Indice di resa cromatica:<\/td>\n<td valign=\"middle\">80<\/td>\n<\/tr>\n<tr class=\"even\">\n<td valign=\"middle\" width=\"32\"><\/td>\n<td valign=\"middle\">Materiale da costruzione:<\/td>\n<td valign=\"middle\">Alluminio +PC<\/td>\n<\/tr>\n<tr class=\"odd\">\n<td valign=\"middle\" width=\"32\"><\/td>\n<td valign=\"middle\">Luminosit\u00e0-Lm:<\/td>\n<td valign=\"middle\">1M:1500\u00d72 Lm\/2M: 3000 Lmx2 - Striscia LED<\/td>\n<\/tr>\n<tr class=\"even\">\n<td valign=\"middle\" width=\"32\"><\/td>\n<td valign=\"middle\">Tipo di LED:<\/td>\n<td valign=\"middle\">SMD2835 - 140 LED\/M PCB12mm<\/td>\n<\/tr>\n<tr class=\"odd\">\n<td valign=\"middle\" width=\"32\"><\/td>\n<td valign=\"middle\">Angolo di apertura (\u00ba):<\/td>\n<td valign=\"middle\">120\u00ba<\/td>\n<\/tr>\n<tr class=\"even\">\n<td valign=\"middle\" width=\"32\"><\/td>\n<td valign=\"middle\">Efficienza del diodo LED (Lm\/W):<\/td>\n<td valign=\"middle\">160 Lm\/w<\/td>\n<\/tr>\n<tr class=\"odd\">\n<td valign=\"middle\" width=\"32\"><\/td>\n<td valign=\"middle\">Efficienza luminosa (Lm\/W):<\/td>\n<td valign=\"middle\">110 Lm\/W<\/td>\n<\/tr>\n<tr class=\"even\">\n<td valign=\"middle\" width=\"32\"><\/td>\n<td valign=\"middle\">Dimmerabile:<\/td>\n<td valign=\"middle\">TRIAC 40%-100%<\/td>\n<\/tr>\n<\/tbody>\n<\/table>\n<\/div><div class=\"col-xs-12 col-md-6 2\">\n<table class=\"table table-data-sheet 2\">\n<tbody>\n<tr class=\"odd\">\n<td valign=\"middle\" width=\"32\"><\/td>\n<td valign=\"middle\">Certificati:<\/td>\n<td valign=\"middle\">CE - ROHS<\/td>\n<\/tr>\n<tr class=\"even\">\n<td valign=\"middle\" width=\"32\"><\/td>\n<td valign=\"middle\">Grado di protezione IP:<\/td>\n<td valign=\"middle\">IP54<\/td>\n<\/tr>\n<tr class=\"odd\">\n<td valign=\"middle\" width=\"32\"><\/td>\n<td valign=\"middle\">Durata stimata del diodo LED (H):<\/td>\n<td valign=\"middle\">40.000<\/td>\n<\/tr>\n<tr class=\"even\">\n<td valign=\"middle\" width=\"32\"><\/td>\n<td valign=\"middle\">Dimensioni (mm):<\/td>\n<td valign=\"middle\">L: 0,44 m - 0,94 m - 1,44 m - 1,94 m<\/td>\n<\/tr>\n<tr class=\"odd\">\n<td valign=\"middle\" width=\"32\"><\/td>\n<td valign=\"middle\">Fattore di potenza (PF):<\/td>\n<td valign=\"middle\">0,91<\/td>\n<\/tr>\n<tr class=\"even\">\n<td valign=\"middle\" width=\"32\"><\/td>\n<td valign=\"middle\">Frequenza di lavoro (Hz):<\/td>\n<td valign=\"middle\">50\/60Hz<\/td>\n<\/tr>\n<tr class=\"odd\">\n<td valign=\"middle\" width=\"32\"><\/td>\n<td valign=\"middle\">Intervallo di temperatura (\u00baC):<\/td>\n<td valign=\"middle\">-20\u00b0C ~ +55\u00b0C<\/td>\n<\/tr>\n<tr class=\"even\">\n<td valign=\"middle\" width=\"32\"><\/td>\n<td valign=\"middle\">Cicli di accensione:<\/td>\n<td valign=\"middle\">100.000<\/td>\n<\/tr>\n<tr class=\"odd\">\n<td valign=\"middle\" width=\"32\"><\/td>\n<td valign=\"middle\">Tempo di avvio (s):<\/td>\n<td valign=\"middle\">0,2s<\/td>\n<\/tr>\n<tr class=\"odd\">\n<td valign=\"middle\" width=\"32\"><\/td>\n<td valign=\"middle\">Classe energetica (2021-EU-2019\/2015):<\/td>\n<td valign=\"middle\">A+<\/td>\n<\/tr>\n<tr class=\"even\">\n<td valign=\"middle\" width=\"32\"><\/td>\n<td valign=\"middle\">Anni di garanzia:<\/td>\n<td valign=\"middle\">5<\/td>\n<\/tr>\n<\/tbody>\n<\/table>\n<p>&nbsp;<\/p>\n<\/div><\/h1>","protected":false},"excerpt":{"rendered":"<div class=\"product-info-line\">\n<p id=\"product_reference\"><label>REFERENCIA: SLA-09055-N-230-4K-044<br>\n<\/label><\/p>\n<p>Il nostro&nbsp;<strong>Apparecchio professionale<\/strong>&nbsp;lineare<strong>&nbsp;<\/strong>&nbsp;<strong>- OULU NERO<\/strong>&nbsp;<strong>-<\/strong>&nbsp;\u00e8 progettato per un uso intensivo di 24 ore ininterrotte. Il nostro&nbsp;<strong>applicare&nbsp;<\/strong>per<strong>&nbsp;muro<\/strong>&nbsp;\u00e8 fatto a mano in Europa - non sono ammessi resi in quanto si tratta di un prodotto su misura.  Alluminio puro 98%, la sorgente luminosa&nbsp;<strong>IP54<\/strong>&nbsp;2 x 1.500 lumen per metro - 140 led\/metro SMD 2835 ? Dimmerabile tramite TRIAC.  5 anni di garanzia.<\/p><p>Il nostro diffusore \u00e8 di colore bianco opalino.<\/p><p>I tempi di produzione sono di 5-7 giorni lavorativi.<strong>&nbsp;<\/strong>(dal luned\u00ec al venerd\u00ec).<\/p><p>REFERENCIA: SLA-09054-B-230-3K-044-B<\/p><p>Il nostro&nbsp;<strong>Apparecchio professionale<\/strong>&nbsp;lineare<strong>&nbsp;<\/strong>&nbsp;<strong>?  OULU&nbsp;<\/strong><strong>Bianco<\/strong>&nbsp;<strong>?<\/strong>&nbsp;\u00e8 progettato per un uso intensivo di 24 ore ininterrotte. Il nostro&nbsp;<strong>applicare&nbsp;<\/strong>per<strong>&nbsp;muro<\/strong>&nbsp;\u00e8 fatto a mano in Europa - non sono ammessi resi in quanto si tratta di un prodotto su misura.  Alluminio puro 98%, la sorgente luminosa&nbsp;<strong>IP54<\/strong>&nbsp;Fornisce 2 x 1.500 lumen per metro? 140 led\/metro SMD 2835? Dimmerabile tramite TRIAC.  5 anni di garanzia.<\/p><p>Il nostro diffusore \u00e8 di colore bianco opalino.<\/p><p>I tempi di produzione sono di 5-7 giorni lavorativi.<strong>&nbsp;<\/strong>(dal luned\u00ec al venerd\u00ec).<\/p><p><strong>TEMPERATURA DI COLORE: 2700K\/3000K\/44500K\/6500K<\/strong><\/p><div class=\"col-md-12\"><i class=\"fa fa-truck\"><\/i>&nbsp;<span class=\"text-muted textprop\">Consegna in 24\/48 ore<\/span><\/div><div class=\"col-md-12\"><i class=\"fa fa-exchange\"><\/i>&nbsp;<span class=\"text-muted textprop\">Garanzia assicurata<\/span><\/div><div class=\"col-md-12\"><i class=\"fa fa-box\"><\/i>&nbsp;<span class=\"text-muted textprop\">20 unit\u00e0 per Masterbox<\/span><\/div><\/div>","protected":false},"featured_media":9602,"template":"","meta":{"site-sidebar-layout":"default","site-content-layout":"default","ast-global-header-display":"","ast-main-header-display":"","ast-hfb-above-header-display":"","ast-hfb-below-header-display":"","ast-hfb-mobile-header-display":"","site-post-title":"","ast-breadcrumbs-content":"","ast-featured-img":"","footer-sml-layout":"","theme-transparent-header-meta":"default","adv-header-id-meta":"","stick-header-meta":"","header-above-stick-meta":"","header-main-stick-meta":"","header-below-stick-meta":""},"product_cat":[64,36],"product_tag":[],"class_list":["post-9589","product","type-product","status-publish","has-post-thumbnail","hentry","product_cat-apliques-led","product_cat-apliques-led-y-decoracion"],"_links":{"self":[{"href":"https:\/\/starlediluminacion.com\/it\/wp-json\/wp\/v3\/product\/9589","targetHints":{"allow":["GET"]}}],"collection":[{"href":"https:\/\/starlediluminacion.com\/it\/wp-json\/wp\/v3\/product"}],"about":[{"href":"https:\/\/starlediluminacion.com\/it\/wp-json\/wp\/v2\/types\/product"}],"wp:featuredmedia":[{"embeddable":true,"href":"https:\/\/starlediluminacion.com\/it\/wp-json\/wp\/v2\/media\/9602"}],"wp:attachment":[{"href":"https:\/\/starlediluminacion.com\/it\/wp-json\/wp\/v2\/media?parent=9589"}],"wp:term":[{"taxonomy":"product_cat","embeddable":true,"href":"https:\/\/starlediluminacion.com\/it\/wp-json\/wp\/v2\/product_cat?post=9589"},{"taxonomy":"product_tag","embeddable":true,"href":"https:\/\/starlediluminacion.com\/it\/wp-json\/wp\/v2\/product_tag?post=9589"}],"curies":[{"name":"wp","href":"https:\/\/api.w.org\/{rel}","templated":true}]}}