{"id":9409,"date":"2023-04-23T14:52:27","date_gmt":"2023-04-23T14:52:27","guid":{"rendered":"https:\/\/starlediluminacion.com\/?post_type=product&#038;p=9409"},"modified":"2023-07-27T13:00:30","modified_gmt":"2023-07-27T13:00:30","slug":"neon-led-flexible-24v-10w-m-bobina-50m-6x12mm-6000k","status":"publish","type":"product","link":"https:\/\/starlediluminacion.com\/it\/product\/neon-led-flexible-24v-10w-m-bobina-50m-6x12mm-6000k\/","title":{"rendered":"<p>Ne&oacute;n LED Flexible 24V -10W\/m &ndash; Bobina 50m &ndash; 6x12mm &ndash; 6000K<\/p>"},"content":{"rendered":"<h4>ALTRO<div class=\"rte\">\n<h1>Ne&oacute;n LED Flexible 24V -10W\/m &ndash; Bobina 50m &ndash; 6x12mm&nbsp;&ndash;&nbsp;6000K<\/h1>\n<p>Il&nbsp;<strong>Neon LED flessibile 24V<\/strong>&nbsp;\u00e8 un'opzione moderna ed efficiente per l'illuminazione di interni ed esterni, che offre una qualit\u00e0 luminosa superiore e un'ampia gamma di possibilit\u00e0 di design. Questo prodotto \u00e8 presentato su una bobina di&nbsp;<strong>50 metri<\/strong>&nbsp;di lunghezza, con un diametro di<strong>&nbsp;6x12 mm<\/strong>&nbsp;e una densit\u00e0 di 120 diodi SMD2835 per metro.<\/p>\n<p>Una delle caratteristiche principali del neon flessibile a LED da 24 V \u00e8 la sua capacit\u00e0 di taglio, che ne consente l'utilizzo in un'ampia gamma di applicazioni.&nbsp;<strong>tagliare ogni 1 cm<\/strong>&nbsp;senza danneggiare l'integrit\u00e0 della bobina. Ci\u00f2 consente una completa personalizzazione dell'illuminazione e la facilit\u00e0 di installazione. Inoltre, la flessibilit\u00e0 di questo prodotto consente un'ampia variet\u00e0 di forme e design per adattarsi a qualsiasi progetto.<\/p>\n<p>Il&nbsp;<strong>illuminazione<\/strong>&nbsp;Il LED \u00e8 altamente&nbsp;<strong>efficiente e durevole<\/strong>e questo neon LED flessibile da 24 V.  Con un consumo di soli 10 watt al metro, \u00e8 una scelta economica e sostenibile per chi cerca una soluzione di illuminazione di alta qualit\u00e0 e a basso consumo energetico. Inoltre, la durata di vita di questo prodotto \u00e8 lunga, il che significa che pu\u00f2 essere utilizzato a lungo senza bisogno di sostituirlo.<\/p>\n<p>Un altro vantaggio di Flexible LED Neon 24V \u00e8 il suo&nbsp;<strong>resistenza<\/strong>&nbsp;all'aperto e nel&nbsp;<strong>acqua<\/strong>che lo rende ideale per il vostro&nbsp;<strong>utilizzo<\/strong>&nbsp;sia all'interno che all'esterno&nbsp;<strong>all'aperto<\/strong>. Questo prodotto \u00e8 in grado di resistere a condizioni atmosferiche estreme, come pioggia, neve e sole, il che lo rende una scelta eccellente per illuminare facciate, giardini, patii e altri spazi esterni. Per l'uso in esterni \u00e8 necessario applicare la colla siliconica che potete trovare sul nostro sito.<\/p>\n<p>La flessibilit\u00e0 di questo prodotto consente di installarlo ovunque, dalle pareti ai soffitti e alle colonne.<\/p>\n<p>Il silicone utilizzato nelle nostre strisce LED al neon \u00e8 un silicone incapsulante. Il silicone incapsulante utilizzato nelle strisce LED \u00e8 progettato per resistere ai raggi UV, alle alte temperature e alle condizioni atmosferiche avverse che possono influire negativamente sulle prestazioni delle strisce LED.<\/p>\n<p>Il&nbsp;<strong>Strisce LED al neon da 24 V<\/strong>&nbsp;Le strisce LED sono alimentate da un alimentatore che converte la corrente di rete (85\/265 V) in corrente continua a 24 V, utilizzata per alimentare le strisce LED. \u00c8 importante assicurarsi che il trasformatore o l'alimentatore abbiano una capacit\u00e0 sufficiente per alimentare il numero di metri di strisce LED che si desidera utilizzare, perch\u00e9 se la potenza del trasformatore \u00e8 insufficiente, pu\u00f2 causare un malfunzionamento e il deterioramento della durata del neon LED.<\/p>\n<p>Ad esempio, se si dispone di una striscia LED Neon da 24 V, 10W\/m, che consuma 10 watt al metro, \u00e8 possibile calcolare il carico totale dell'installazione moltiplicando i metri di striscia LED che si desidera installare per i watt al metro (10W\/m). Pertanto, se si desidera installare 20 metri di strisce LED, il carico totale sar\u00e0 di 200 watt. Pertanto, \u00e8 necessario scegliere un alimentatore o un trasformatore in grado di sopportare un carico minimo di 200 watt. \u00c8 importante assicurarsi che l'alimentatore o il trasformatore abbia una capacit\u00e0 sufficiente a sopportare il carico dell'installazione, altrimenti potrebbe causare il malfunzionamento o addirittura il danneggiamento delle strisce LED.<\/p>\n<p>In breve, il Neon LED flessibile da 24 V \u00e8 una soluzione di illuminazione moderna, efficiente e durevole che offre un'ampia gamma di possibilit\u00e0 di progettazione e personalizzazione. Grazie alla capacit\u00e0 di taglio, alla flessibilit\u00e0, alla resistenza agli agenti atmosferici e all'acqua e alla facilit\u00e0 di installazione, questo prodotto \u00e8 ideale per qualsiasi progetto di illuminazione interna o esterna. Inoltre, il suo&nbsp;<strong>basso consumo energetico<\/strong>&nbsp;e la lunga durata ne fanno una scelta sostenibile ed economica per chi cerca una soluzione illuminotecnica di alta qualit\u00e0.<\/p>\n<p>&nbsp;<\/p>\n<h2>Alcuni dei luoghi pi\u00f9 comuni in cui possono essere montati i nostri neon a LED da 24 V includono:<\/h2>\n<h2><\/h2>\n<ul>\n<li>Insegne commerciali per esterni: I neon a LED vengono utilizzati per creare insegne al neon personalizzate per la segnaletica esterna di attivit\u00e0 commerciali come negozi, ristoranti e bar.<\/li>\n<li>Decorazione per interni: i neon a LED sono perfetti per creare effetti di illuminazione decorativa in ambienti interni, come discoteche, bar e abitazioni.<\/li>\n<li>Illuminazione architettonica: i neon LED vengono utilizzati nell'illuminazione architettonica per creare effetti di luce unici su edifici e strutture.<\/li>\n<li>Pubblicit\u00e0: il neon a LED viene utilizzato in campo pubblicitario per creare una segnaletica accattivante e attraente negli spazi pubblicitari, come cartelloni e manifesti.<\/li>\n<\/ul>\n<h3 class=\"page-product-heading\">DATI TECNICI<\/h3>\n<div class=\"col-xs-12 col-md-6\">\n<table class=\"table table-data-sheet 1\">\n<tbody>\n<tr class=\"odd\">\n<td valign=\"middle\" width=\"32\"><\/td>\n<td valign=\"middle\">RIFERIMENTO :<\/td>\n<td valign=\"middle\">SLLD10-6000K<\/td>\n<\/tr>\n<tr class=\"even\">\n<td valign=\"middle\" width=\"32\"><\/td>\n<td valign=\"middle\">Potenza nominale :<\/td>\n<td valign=\"middle\">10W<\/td>\n<\/tr>\n<tr class=\"odd\">\n<td valign=\"middle\" width=\"32\"><\/td>\n<td valign=\"middle\">Tensione nominale:<\/td>\n<td valign=\"middle\">24 V CC<\/td>\n<\/tr>\n<tr class=\"even\">\n<td valign=\"middle\" width=\"32\"><\/td>\n<td valign=\"middle\">CRI - Indice di resa cromatica:<\/td>\n<td valign=\"middle\">80<\/td>\n<\/tr>\n<tr class=\"odd\">\n<td valign=\"middle\" width=\"32\"><\/td>\n<td valign=\"middle\">Materiale da costruzione:<\/td>\n<td valign=\"middle\">Silicone<\/td>\n<\/tr>\n<tr class=\"even\">\n<td valign=\"middle\" width=\"32\"><\/td>\n<td valign=\"middle\">Luminosit\u00e0-Lm:<\/td>\n<td valign=\"middle\">900<\/td>\n<\/tr>\n<tr class=\"odd\">\n<td valign=\"middle\" width=\"32\"><\/td>\n<td valign=\"middle\">Tipo di LED:<\/td>\n<td valign=\"middle\">SMD 2835<\/td>\n<\/tr>\n<tr class=\"even\">\n<td valign=\"middle\" width=\"32\"><\/td>\n<td valign=\"middle\">Angolo di apertura (\u00ba):<\/td>\n<td valign=\"middle\">150\u00ba<\/td>\n<\/tr>\n<tr class=\"odd\">\n<td valign=\"middle\" width=\"32\"><\/td>\n<td valign=\"middle\">Efficienza del diodo LED (Lm\/W):<\/td>\n<td valign=\"middle\">120Lm\/W<\/td>\n<\/tr>\n<tr class=\"even\">\n<td valign=\"middle\" width=\"32\"><\/td>\n<td valign=\"middle\">Efficienza luminosa (Lm\/W):<\/td>\n<td valign=\"middle\">90 Lm\/W<\/td>\n<\/tr>\n<\/tbody>\n<\/table>\n<\/div>\n<div class=\"col-xs-12 col-md-6 2\">\n<table class=\"table table-data-sheet 2\">\n<tbody>\n<tr class=\"odd\">\n<td valign=\"middle\" width=\"32\"><\/td>\n<td valign=\"middle\">Dimmerabile:<\/td>\n<td valign=\"middle\">S\u00cc<\/td>\n<\/tr>\n<tr class=\"even\">\n<td valign=\"middle\" width=\"32\"><\/td>\n<td valign=\"middle\">Certificati:<\/td>\n<td valign=\"middle\">CE - ROHS<\/td>\n<\/tr>\n<tr class=\"odd\">\n<td valign=\"middle\" width=\"32\"><\/td>\n<td valign=\"middle\">Grado di protezione IP:<\/td>\n<td valign=\"middle\">IP65-Outdoor<\/td>\n<\/tr>\n<tr class=\"even\">\n<td valign=\"middle\" width=\"32\"><\/td>\n<td valign=\"middle\">Durata stimata del diodo LED (H):<\/td>\n<td valign=\"middle\">30.000<\/td>\n<\/tr>\n<tr class=\"odd\">\n<td valign=\"middle\" width=\"32\"><\/td>\n<td valign=\"middle\">Intervallo di temperatura (\u00baC):<\/td>\n<td valign=\"middle\">-20\u00b0C ~ +55\u00b0C<\/td>\n<\/tr>\n<tr class=\"even\">\n<td valign=\"middle\" width=\"32\"><\/td>\n<td valign=\"middle\">Cicli di accensione:<\/td>\n<td valign=\"middle\">100.000<\/td>\n<\/tr>\n<tr class=\"odd\">\n<td valign=\"middle\" width=\"32\"><\/td>\n<td valign=\"middle\">Classe energetica (2021-EU-2019\/2015):<\/td>\n<td valign=\"middle\">A+<\/td>\n<\/tr>\n<tr class=\"even\">\n<td valign=\"middle\" width=\"32\"><\/td>\n<td valign=\"middle\">Classe energetica (2023 - UE-2019\/2015):<\/td>\n<td valign=\"middle\">F<\/td>\n<\/tr>\n<tr class=\"odd\">\n<td valign=\"middle\" width=\"32\"><\/td>\n<td valign=\"middle\">Anni di garanzia:<\/td>\n<td valign=\"middle\">3<\/td>\n<\/tr>\n<\/tbody>\n<\/table>\n<p>&nbsp;<\/p>\n<\/div>\n<\/div><\/h4>","protected":false},"excerpt":{"rendered":"<div class=\"woocommerce-product-details__short-description\">\n<p><label>REFERENCIA: SLLD10-6000K<\/label><\/p>\n<p><strong>PRODOTTO SPECIALE PER L'ETICHETTATURA<\/strong>. Bobina da 50 METRI .&nbsp;<strong>Permette di tagliare il Neon LED 24V ogni 1 cm.<\/strong>&nbsp;Il nostro neon LED ha 120 diodi SMD 2835 per metro.  Questo prodotto \u00e8 altamente flessibile e pu\u00f2 essere piegato in diverse forme.<\/p>\n<p><strong>TEMPERATURA DEL COLORE:<\/strong><\/p>\n<p><strong>ARANCIO\/ BLU\/ ROSA\/ VERDE\/ GIALLO\/ AZZURRO\/ VIOLA\/ ROSSO\/ 3000K\/ 6000K<\/strong><\/p>\n<div class=\"col-md-12\"><i class=\"fa fa-truck\"><\/i>&nbsp;<span class=\"text-muted textprop\">Consegna in 24\/48 ore<\/span><\/div>\n<div class=\"col-md-12\"><i class=\"fa fa-exchange\"><\/i>&nbsp;<span class=\"text-muted textprop\">Garanzia assicurata<\/span><\/div>\n<div class=\"col-md-12\"><i class=\"fa fa-box\"><\/i>&nbsp;<span class=\"text-muted textprop\">1 unit\u00e0 per Masterbox<\/span><\/div>\n<div><\/div>\n<\/div>","protected":false},"featured_media":9410,"template":"","meta":{"site-sidebar-layout":"default","site-content-layout":"default","ast-global-header-display":"","ast-main-header-display":"","ast-hfb-above-header-display":"","ast-hfb-below-header-display":"","ast-hfb-mobile-header-display":"","site-post-title":"","ast-breadcrumbs-content":"","ast-featured-img":"","footer-sml-layout":"","theme-transparent-header-meta":"default","adv-header-id-meta":"","stick-header-meta":"","header-above-stick-meta":"","header-main-stick-meta":"","header-below-stick-meta":""},"product_cat":[108,45],"product_tag":[],"class_list":["post-9409","product","type-product","status-publish","has-post-thumbnail","hentry","product_cat-neon-led-flexible-24v","product_cat-tiras-led-y-neon-flexible"],"_links":{"self":[{"href":"https:\/\/starlediluminacion.com\/it\/wp-json\/wp\/v3\/product\/9409","targetHints":{"allow":["GET"]}}],"collection":[{"href":"https:\/\/starlediluminacion.com\/it\/wp-json\/wp\/v3\/product"}],"about":[{"href":"https:\/\/starlediluminacion.com\/it\/wp-json\/wp\/v2\/types\/product"}],"wp:featuredmedia":[{"embeddable":true,"href":"https:\/\/starlediluminacion.com\/it\/wp-json\/wp\/v2\/media\/9410"}],"wp:attachment":[{"href":"https:\/\/starlediluminacion.com\/it\/wp-json\/wp\/v2\/media?parent=9409"}],"wp:term":[{"taxonomy":"product_cat","embeddable":true,"href":"https:\/\/starlediluminacion.com\/it\/wp-json\/wp\/v2\/product_cat?post=9409"},{"taxonomy":"product_tag","embeddable":true,"href":"https:\/\/starlediluminacion.com\/it\/wp-json\/wp\/v2\/product_tag?post=9409"}],"curies":[{"name":"wp","href":"https:\/\/api.w.org\/{rel}","templated":true}]}}