{"id":9060,"date":"2023-03-12T10:34:16","date_gmt":"2023-03-12T10:34:16","guid":{"rendered":"https:\/\/starlediluminacion.com\/?post_type=product&#038;p=9060"},"modified":"2023-07-27T13:36:01","modified_gmt":"2023-07-27T13:36:01","slug":"downlight-led-15w-cromo-circular-cri92-ugr13","status":"publish","type":"product","link":"https:\/\/starlediluminacion.com\/it\/product\/downlight-led-15w-cromo-circular-cri92-ugr13\/","title":{"rendered":"<p>Downlight LED 15W &ndash; CROMO &ndash; CIRCULAR &ndash; CRI+92 &ndash; UGR13<\/p>"},"content":{"rendered":"<h1>Downlight LED 15W&nbsp;&ndash; CROMO &ndash; CIRCULAR &ndash;&nbsp; CRI+92 &ndash; UGR13<p>Il Downlight LED 15W \u00e8 un prodotto molto versatile, che unisce buone prestazioni e grande risparmio energetico. Le sue dimensioni ridotte rendono il suo design perfetto<\/p><p>Il nostro modulo incorpora un<strong>&nbsp;Il driver esterno consente<\/strong>&nbsp;fare<strong>&nbsp;funzionamento del LED<\/strong>&nbsp;<strong>alle grandi potenze<\/strong>Il calore generato dal driver non interferisce con il diodo LED, aumentandone la durata e incrementando l'emissione luminosa del LED.&nbsp;<strong>aumentare la durata di vita<\/strong>&nbsp;dell'insieme dell'apparecchio.<\/p><p>Il suo diodo COB Bridgelux fornisce 130 lm\/W, rendendolo altamente efficiente e a risparmio energetico. Bridgelux \u00e8 un marchio riconosciuto nella produzione di diodi COB di alta qualit\u00e0. Alcuni dei vantaggi specifici del diodo COB Bridgelux sono:<\/p><ol>\n<li>Alta efficienza energetica: i diodi COB Bridgelux offrono un'elevata efficienza energetica, consentendo una potente emissione luminosa con un consumo energetico relativamente basso.<\/li>\n<li>Alta qualit\u00e0 della luce: i diodi COB Bridgelux offrono una qualit\u00e0 della luce superiore con un'eccellente resa cromatica (CRI elevato) e una temperatura di colore costante, facendo apparire gli oggetti e gli spazi pi\u00f9 naturali e vividi.<\/li>\n<li>Design compatto: i diodi COB Bridgelux hanno un design compatto e leggero, che li rende facilmente integrabili in diversi tipi di apparecchi e applicazioni di illuminazione.<\/li>\n<li>Maggiore affidabilit\u00e0 e durata: i diodi COB Bridgelux sono progettati per essere duraturi e affidabili.<\/li>\n<\/ol><p>Il nostro Downlight ha un livello UGR&lt;13 - Low UGR -.<\/p><p>UGR \u00e8 l'acronimo di \"Unified Glare Ratio\" (rapporto di abbagliamento unificato) e serve a misurare la quantit\u00e0 di abbagliamento che pu\u00f2 essere percepita da una persona in un ambiente illuminato. Un UGR basso indica che l'ambiente ha un livello di abbagliamento inferiore e quindi fornisce una migliore qualit\u00e0 dell'illuminazione.<\/p><p>Alcuni vantaggi di avere un UGR basso sono:<\/p><ol>\n<li>Maggiore comfort visivo: riducendo l'abbagliamento, l'ambiente diventa pi\u00f9 confortevole per gli occhi e riduce l'affaticamento visivo, migliorando la produttivit\u00e0 e la concentrazione.<\/li>\n<li>Migliori prestazioni: un ambiente a basso UGR offre una migliore qualit\u00e0 della luce e pu\u00f2 migliorare le prestazioni visive, particolarmente importanti negli ambienti di lavoro e di studio.<\/li>\n<li>Maggiore sicurezza: un UGR basso pu\u00f2 anche migliorare la sicurezza negli spazi di lavoro, riducendo il rischio di incidenti causati dall'abbagliamento.<\/li>\n<li>Estetica: gli ambienti con un basso UGR possono essere pi\u00f9 gradevoli dal punto di vista estetico, in quanto gli oggetti e le superfici appaiono pi\u00f9 chiari e nitidi, creando un ambiente pi\u00f9 piacevole.<\/li>\n<\/ol><p>In sintesi, un basso UGR pu\u00f2 offrire una serie di vantaggi, come un maggiore comfort visivo, migliori prestazioni, una maggiore sicurezza e un'estetica accattivante, rendendolo un fattore importante da considerare quando si progetta e pianifica l'illuminazione di spazi di lavoro, di studio e di altri ambienti.<\/p><p>&nbsp;<\/p><p>Il suo CRI +92 consente una percezione del colore professionale e accurata, perfetta anche per studi fotografici e locali commerciali in cui \u00e8 richiesta un'illuminazione professionale ad alte prestazioni.<\/p><p>Il CRI, o \"Colour Rendering Index\", misura la capacit\u00e0 di una sorgente luminosa di riprodurre accuratamente i colori degli oggetti rispetto a una sorgente di luce naturale. Un CRI elevato indica che la sorgente luminosa \u00e8 in grado di riprodurre i colori in modo pi\u00f9 preciso e dettagliato. I vantaggi di un CRI elevato sono:<\/p><ol>\n<li>Colori pi\u00f9 naturali e vividi: con un CRI elevato, i colori degli oggetti appaiono pi\u00f9 naturali e vividi, migliorando l'aspetto e la percezione di oggetti e spazi.<\/li>\n<li>Percezione del colore pi\u00f9 accurata: una sorgente luminosa con un CRI elevato consente una percezione pi\u00f9 accurata delle differenze di colore, che pu\u00f2 essere particolarmente importante in applicazioni come la moda, l'interior design, l'arte e l'illuminazione dei musei.<\/li>\n<li>Migliore qualit\u00e0 della luce: una sorgente luminosa con un CRI elevato pu\u00f2 anche migliorare la qualit\u00e0 della luce in termini di contrasto e luminosit\u00e0, facendo apparire gli oggetti e le superfici pi\u00f9 nitidi e brillanti.<\/li>\n<li>Migliori prestazioni visive: una sorgente luminosa con un CRI elevato pu\u00f2 migliorare le prestazioni visive in attivit\u00e0 che richiedono una buona percezione dei colori e dei dettagli, come la lettura, il cucito o i lavori di precisione.<\/li>\n<li>Maggiore comfort visivo: colori pi\u00f9 naturali e vividi e una migliore percezione dei dettagli riducono l'affaticamento visivo e migliorano il comfort visivo, aumentando il benessere e la produttivit\u00e0 negli ambienti di lavoro e di studio.<\/li>\n<\/ol><p>In sintesi, un CRI elevato pu\u00f2 fornire una serie di vantaggi in termini di qualit\u00e0 della luce, percezione del colore, prestazioni visive e comfort visivo, rendendolo un fattore importante da considerare nella scelta delle sorgenti luminose per le diverse applicazioni.<\/p><p>Il fascio di luce \u00e8 di alta qualit\u00e0 grazie alla sua elevata&nbsp;<strong>CRI+92,<\/strong>&nbsp;e il suo&nbsp;<strong>angolo&nbsp;<\/strong>primario di<strong>&nbsp;36\u00ba<\/strong>Il nuovo sistema di illuminazione, che ci d\u00e0 la possibilit\u00e0 di mettere in risalto elementi specifici di una stanza; allo stesso tempo, ci permette di risparmiare notevolmente sul consumo di elettricit\u00e0.<\/p><p>Il nostro Downlingt 15W \u00e8 realizzato in alluminio, che \u00e8 un buon conduttore di calore e aiuta a dissipare il calore generato dai LED, prolungandone la durata.<\/p><p>&nbsp;<\/p><h2>Usos del&nbsp;Downlight LED 15W&nbsp;&ndash; CROMO &ndash; CIRCULAR &ndash;&nbsp; CRI+92 &ndash; UGR13:<\/h2><p>&nbsp;<\/p><ul>\n<li>Servizi igienici<\/li>\n<li>Armadietti<\/li>\n<li>Camere da letto<\/li>\n<li>Vetrine<\/li>\n<li>Vetrine<\/li>\n<li>Corridoi<\/li>\n<li>Negozi<\/li>\n<li>Locali commerciali<\/li>\n<li>Aree di lavoro<\/li>\n<\/ul><h3 class=\"page-product-heading\">DATI TECNICI<\/h3><div class=\"col-xs-12 col-md-6\">\n<table class=\"table table-data-sheet 1\">\n<tbody>\n<tr class=\"odd\">\n<td valign=\"middle\" width=\"32\"><\/td>\n<td valign=\"middle\">RIFERIMENTO :<\/td>\n<td valign=\"middle\">SL8070CS-15WUGR13<\/td>\n<\/tr>\n<tr class=\"even\">\n<td valign=\"middle\" width=\"32\"><\/td>\n<td valign=\"middle\">Potenza nominale :<\/td>\n<td valign=\"middle\">15w<\/td>\n<\/tr>\n<tr class=\"odd\">\n<td valign=\"middle\" width=\"32\"><\/td>\n<td valign=\"middle\">Tensione nominale:<\/td>\n<td valign=\"middle\">85V-265V<\/td>\n<\/tr>\n<tr class=\"even\">\n<td valign=\"middle\" width=\"32\"><\/td>\n<td valign=\"middle\">Temperatura della luce:<\/td>\n<td valign=\"middle\">3000K - 4000K<\/td>\n<\/tr>\n<tr class=\"odd\">\n<td valign=\"middle\" width=\"32\"><\/td>\n<td valign=\"middle\">CRI - Indice di resa cromatica:<\/td>\n<td valign=\"middle\">92<\/td>\n<\/tr>\n<tr class=\"even\">\n<td valign=\"middle\" width=\"32\"><\/td>\n<td valign=\"middle\">Materiale da costruzione:<\/td>\n<td valign=\"middle\">Alluminio +PC<\/td>\n<\/tr>\n<tr class=\"odd\">\n<td valign=\"middle\" width=\"32\"><\/td>\n<td valign=\"middle\">Luminosit\u00e0-Lm:<\/td>\n<td valign=\"middle\">1950 Lm<\/td>\n<\/tr>\n<tr class=\"even\">\n<td valign=\"middle\" width=\"32\"><\/td>\n<td valign=\"middle\">Tipo di LED:<\/td>\n<td valign=\"middle\">Chip Bridgelux all'interno di 12C3B<\/td>\n<\/tr>\n<tr class=\"odd\">\n<td valign=\"middle\" width=\"32\"><\/td>\n<td valign=\"middle\">Angolo di apertura (\u00ba):<\/td>\n<td valign=\"middle\">36\u00ba<\/td>\n<\/tr>\n<tr class=\"even\">\n<td valign=\"middle\" width=\"32\"><\/td>\n<td valign=\"middle\">Efficienza del diodo LED (Lm\/W):<\/td>\n<td valign=\"middle\">160 Lm\/w<\/td>\n<\/tr>\n<tr class=\"odd\">\n<td valign=\"middle\" width=\"32\"><\/td>\n<td valign=\"middle\">Efficienza luminosa (Lm\/W):<\/td>\n<td valign=\"middle\">130 Lm\/W<\/td>\n<\/tr>\n<tr class=\"even\">\n<td valign=\"middle\" width=\"32\"><\/td>\n<td valign=\"middle\">Certificati:<\/td>\n<td valign=\"middle\">CE - ROHS<\/td>\n<\/tr>\n<\/tbody>\n<\/table>\n<\/div><div class=\"col-xs-12 col-md-6 2\">\n<table class=\"table table-data-sheet 2\">\n<tbody>\n<tr class=\"odd\">\n<td valign=\"middle\" width=\"32\"><\/td>\n<td valign=\"middle\">Grado di protezione IP:<\/td>\n<td valign=\"middle\">IP44<\/td>\n<\/tr>\n<tr class=\"even\">\n<td valign=\"middle\" width=\"32\"><\/td>\n<td valign=\"middle\">Durata stimata del diodo LED (H):<\/td>\n<td valign=\"middle\">35.000<\/td>\n<\/tr>\n<tr class=\"odd\">\n<td valign=\"middle\" width=\"32\"><\/td>\n<td valign=\"middle\">Dimensioni (mm):<\/td>\n<td valign=\"middle\">&Oslash;82xH100mm<\/td>\n<\/tr>\n<tr class=\"even\">\n<td valign=\"middle\" width=\"32\"><\/td>\n<td valign=\"middle\">Frequenza di lavoro (Hz):<\/td>\n<td valign=\"middle\">50\/60Hz<\/td>\n<\/tr>\n<tr class=\"odd\">\n<td valign=\"middle\" width=\"32\"><\/td>\n<td valign=\"middle\">Intervallo di temperatura (\u00baC):<\/td>\n<td valign=\"middle\">-20\u00b0C ~ +55\u00b0C<\/td>\n<\/tr>\n<tr class=\"even\">\n<td valign=\"middle\" width=\"32\"><\/td>\n<td valign=\"middle\">Cicli di accensione:<\/td>\n<td valign=\"middle\">100.000<\/td>\n<\/tr>\n<tr class=\"odd\">\n<td valign=\"middle\" width=\"32\"><\/td>\n<td valign=\"middle\">Tempo di avvio (s):<\/td>\n<td valign=\"middle\">0,2s<\/td>\n<\/tr>\n<tr class=\"even\">\n<td valign=\"middle\" width=\"32\"><\/td>\n<td valign=\"middle\">Taglio del soffitto (mm):<\/td>\n<td valign=\"middle\">\u00d872 mm<\/td>\n<\/tr>\n<tr class=\"odd\">\n<td valign=\"middle\" width=\"32\"><\/td>\n<td valign=\"middle\">Indice di abbagliamento (UGR):<\/td>\n<td valign=\"middle\">13<\/td>\n<\/tr>\n<tr class=\"even\">\n<td valign=\"middle\" width=\"32\"><\/td>\n<td valign=\"middle\">Classe energetica (2021-EU-2019\/2015):<\/td>\n<td valign=\"middle\">A+<\/td>\n<\/tr>\n<tr class=\"odd\">\n<td valign=\"middle\" width=\"32\"><\/td>\n<td valign=\"middle\">Classe energetica (2023 - UE-2019\/2015):<\/td>\n<td valign=\"middle\">E<\/td>\n<\/tr>\n<tr class=\"even\">\n<td valign=\"middle\" width=\"32\"><\/td>\n<td valign=\"middle\">Anni di garanzia:<\/td>\n<td valign=\"middle\">3<\/td>\n<\/tr>\n<\/tbody>\n<\/table>\n<p>&nbsp;<\/p>\n<\/div><\/h1>","protected":false},"excerpt":{"rendered":"<p>Il&nbsp;<strong>Faretto LED 15W<\/strong>&nbsp;Il diodo COB Bridgelux \u00e8 realizzato in alluminio e dispone di un driver esterno ad alta potenza, con una buona emissione luminosa.&nbsp;<strong>130Lm\/W.<\/strong>&nbsp;Alto tasso di&nbsp;<strong>resa cromatica +92<\/strong>&nbsp;- COLORE PROFESSIONALE - da godere&nbsp;<strong>qualit\u00e0 della luce<\/strong>&nbsp;e hanno a disposizione&nbsp;<strong>colori veri<\/strong>&nbsp;<strong>e professionisti<\/strong>. Ha un&nbsp;<strong>UGR&lt;13&nbsp;<\/strong>Il che significa che si tratta di un apparecchio antiabbagliamento, perfetto per le aree di lavoro.<p><strong>REFERENCIA: SL8070CS-90926<\/strong><\/p><p><strong>TEMPERATURA DI COLORE: 3000K\/4000K<\/strong><\/p><div class=\"col-md-12\"><i class=\"fa fa-truck\"><\/i>&nbsp;<span class=\"text-muted textprop\">Consegna in 24\/48 ore<\/span><\/div><div class=\"col-md-12\"><i class=\"fa fa-exchange\"><\/i>&nbsp;<span class=\"text-muted textprop\">Garanzia assicurata<\/span><\/div><div class=\"col-md-12\"><i class=\"fa fa-box\"><\/i>&nbsp;<span class=\"text-muted textprop\">60 unit\u00e0 per Masterbox<\/span><\/div><\/p>","protected":false},"featured_media":9069,"template":"","meta":{"site-sidebar-layout":"default","site-content-layout":"default","ast-global-header-display":"","ast-main-header-display":"","ast-hfb-above-header-display":"","ast-hfb-below-header-display":"","ast-hfb-mobile-header-display":"","site-post-title":"","ast-breadcrumbs-content":"","ast-featured-img":"","footer-sml-layout":"","theme-transparent-header-meta":"default","adv-header-id-meta":"","stick-header-meta":"","header-above-stick-meta":"","header-main-stick-meta":"","header-below-stick-meta":""},"product_cat":[27,70],"product_tag":[],"class_list":["post-9060","product","type-product","status-publish","has-post-thumbnail","hentry","product_cat-downlight-plafones-y-placas-led","product_cat-focos-downlight-led"],"yoast_head":"<!-- This site is optimized with the Yoast SEO plugin v27.4 - https:\/\/yoast.com\/product\/yoast-seo-wordpress\/ -->\n<title>Downlight LED 15W - CROMO - CIRCULAR - CRI+92 - UGR13 - STARLED Iluminacion<\/title>\n<meta name=\"robots\" content=\"index, follow, max-snippet:-1, max-image-preview:large, max-video-preview:-1\" \/>\n<link rel=\"canonical\" href=\"https:\/\/starlediluminacion.com\/it\/product\/downlight-led-15w-cromo-circular-cri92-ugr13\/\" \/>\n<meta property=\"og:locale\" content=\"it_IT\" \/>\n<meta property=\"og:type\" content=\"article\" \/>\n<meta property=\"og:title\" content=\"Downlight LED 15W - CROMO - CIRCULAR - CRI+92 - UGR13 - STARLED Iluminacion\" \/>\n<meta property=\"og:description\" content=\"El\u00a0Downlight\u00a0LED 15W\u00a0esta fabricado en aluminio, su diodo COB de Bridgelux es de alta potencia y dispone de driver externo, con buen rendimiento de\u00a0130Lm\/W.\u00a0Alto \u00edndice de\u00a0rendimiento crom\u00e1tico +92\u00a0- COLOR PROFESIONAL - para disfrutar de\u00a0calidad de luz\u00a0y disponer de\u00a0colores reales\u00a0y profesionales. Cuenta con un\u00a0UGR&lt;13\u00a0lo que significa que\u00a0es una luminaria que no produce deslumbramiento, lo que la hace\u00a0perfecta para zonas de trabajo.  REFERENCIA: SL8070CS-90926  TEMPERATURA DE COLOR: 3000K\/4000K \u00a0Entrega en 24\/48 horas \u00a0Garant\u00eda asegurada \u00a060 unidad(es) por Masterbox\" \/>\n<meta property=\"og:url\" content=\"https:\/\/starlediluminacion.com\/it\/product\/downlight-led-15w-cromo-circular-cri92-ugr13\/\" \/>\n<meta property=\"og:site_name\" content=\"STARLED Iluminacion\" \/>\n<meta property=\"article:modified_time\" content=\"2023-07-27T13:36:01+00:00\" \/>\n<meta property=\"og:image\" content=\"https:\/\/starlediluminacion.com\/wp-content\/uploads\/2023\/03\/downlight-led-15w-cromo-circular-cri92-ugr13-factorled.jpg\" \/>\n\t<meta property=\"og:image:width\" content=\"1000\" \/>\n\t<meta property=\"og:image:height\" content=\"1000\" \/>\n\t<meta property=\"og:image:type\" content=\"image\/jpeg\" \/>\n<meta name=\"twitter:card\" content=\"summary_large_image\" \/>\n<meta name=\"twitter:label1\" content=\"Tempo di lettura stimato\" \/>\n\t<meta name=\"twitter:data1\" content=\"6 minuti\" \/>\n<script type=\"application\/ld+json\" class=\"yoast-schema-graph\">{\"@context\":\"https:\\\/\\\/schema.org\",\"@graph\":[{\"@type\":\"WebPage\",\"@id\":\"https:\\\/\\\/starlediluminacion.com\\\/producto\\\/downlight-led-15w-cromo-circular-cri92-ugr13\\\/\",\"url\":\"https:\\\/\\\/starlediluminacion.com\\\/producto\\\/downlight-led-15w-cromo-circular-cri92-ugr13\\\/\",\"name\":\"Downlight LED 15W - CROMO - CIRCULAR - CRI+92 - UGR13 - STARLED Iluminacion\",\"isPartOf\":{\"@id\":\"https:\\\/\\\/starlediluminacion.com\\\/#website\"},\"primaryImageOfPage\":{\"@id\":\"https:\\\/\\\/starlediluminacion.com\\\/producto\\\/downlight-led-15w-cromo-circular-cri92-ugr13\\\/#primaryimage\"},\"image\":{\"@id\":\"https:\\\/\\\/starlediluminacion.com\\\/producto\\\/downlight-led-15w-cromo-circular-cri92-ugr13\\\/#primaryimage\"},\"thumbnailUrl\":\"https:\\\/\\\/starlediluminacion.com\\\/wp-content\\\/uploads\\\/2023\\\/03\\\/downlight-led-15w-cromo-circular-cri92-ugr13-factorled.jpg\",\"datePublished\":\"2023-03-12T10:34:16+00:00\",\"dateModified\":\"2023-07-27T13:36:01+00:00\",\"breadcrumb\":{\"@id\":\"https:\\\/\\\/starlediluminacion.com\\\/producto\\\/downlight-led-15w-cromo-circular-cri92-ugr13\\\/#breadcrumb\"},\"inLanguage\":\"it-IT\",\"potentialAction\":[{\"@type\":\"ReadAction\",\"target\":[\"https:\\\/\\\/starlediluminacion.com\\\/producto\\\/downlight-led-15w-cromo-circular-cri92-ugr13\\\/\"]}]},{\"@type\":\"ImageObject\",\"inLanguage\":\"it-IT\",\"@id\":\"https:\\\/\\\/starlediluminacion.com\\\/producto\\\/downlight-led-15w-cromo-circular-cri92-ugr13\\\/#primaryimage\",\"url\":\"https:\\\/\\\/starlediluminacion.com\\\/wp-content\\\/uploads\\\/2023\\\/03\\\/downlight-led-15w-cromo-circular-cri92-ugr13-factorled.jpg\",\"contentUrl\":\"https:\\\/\\\/starlediluminacion.com\\\/wp-content\\\/uploads\\\/2023\\\/03\\\/downlight-led-15w-cromo-circular-cri92-ugr13-factorled.jpg\",\"width\":1000,\"height\":1000},{\"@type\":\"BreadcrumbList\",\"@id\":\"https:\\\/\\\/starlediluminacion.com\\\/producto\\\/downlight-led-15w-cromo-circular-cri92-ugr13\\\/#breadcrumb\",\"itemListElement\":[{\"@type\":\"ListItem\",\"position\":1,\"name\":\"Portada\",\"item\":\"https:\\\/\\\/starlediluminacion.com\\\/\"},{\"@type\":\"ListItem\",\"position\":2,\"name\":\"Shop\",\"item\":\"https:\\\/\\\/starlediluminacion.com\\\/shop-2\\\/\"},{\"@type\":\"ListItem\",\"position\":3,\"name\":\"Downlight LED 15W &#8211; CROMO &#8211; CIRCULAR &#8211; CRI+92 &#8211; UGR13\"}]},{\"@type\":\"WebSite\",\"@id\":\"https:\\\/\\\/starlediluminacion.com\\\/#website\",\"url\":\"https:\\\/\\\/starlediluminacion.com\\\/\",\"name\":\"STARLED Iluminacion\",\"description\":\"\",\"potentialAction\":[{\"@type\":\"SearchAction\",\"target\":{\"@type\":\"EntryPoint\",\"urlTemplate\":\"https:\\\/\\\/starlediluminacion.com\\\/?s={search_term_string}\"},\"query-input\":{\"@type\":\"PropertyValueSpecification\",\"valueRequired\":true,\"valueName\":\"search_term_string\"}}],\"inLanguage\":\"it-IT\"}]}<\/script>\n<!-- \/ Yoast SEO plugin. -->","yoast_head_json":{"title":"Downlight LED 15W - CROMO - CIRCULAR - CRI+92 - UGR13 - STARLED Iluminacion","robots":{"index":"index","follow":"follow","max-snippet":"max-snippet:-1","max-image-preview":"max-image-preview:large","max-video-preview":"max-video-preview:-1"},"canonical":"https:\/\/starlediluminacion.com\/it\/product\/downlight-led-15w-cromo-circular-cri92-ugr13\/","og_locale":"it_IT","og_type":"article","og_title":"Downlight LED 15W - CROMO - CIRCULAR - CRI+92 - UGR13 - STARLED Iluminacion","og_description":"El\u00a0Downlight\u00a0LED 15W\u00a0esta fabricado en aluminio, su diodo COB de Bridgelux es de alta potencia y dispone de driver externo, con buen rendimiento de\u00a0130Lm\/W.\u00a0Alto \u00edndice de\u00a0rendimiento crom\u00e1tico +92\u00a0- COLOR PROFESIONAL - para disfrutar de\u00a0calidad de luz\u00a0y disponer de\u00a0colores reales\u00a0y profesionales. Cuenta con un\u00a0UGR&lt;13\u00a0lo que significa que\u00a0es una luminaria que no produce deslumbramiento, lo que la hace\u00a0perfecta para zonas de trabajo.  REFERENCIA: SL8070CS-90926  TEMPERATURA DE COLOR: 3000K\/4000K \u00a0Entrega en 24\/48 horas \u00a0Garant\u00eda asegurada \u00a060 unidad(es) por Masterbox","og_url":"https:\/\/starlediluminacion.com\/it\/product\/downlight-led-15w-cromo-circular-cri92-ugr13\/","og_site_name":"STARLED Iluminacion","article_modified_time":"2023-07-27T13:36:01+00:00","og_image":[{"width":1000,"height":1000,"url":"https:\/\/starlediluminacion.com\/wp-content\/uploads\/2023\/03\/downlight-led-15w-cromo-circular-cri92-ugr13-factorled.jpg","type":"image\/jpeg"}],"twitter_card":"summary_large_image","twitter_misc":{"Tempo di lettura stimato":"6 minuti"},"schema":{"@context":"https:\/\/schema.org","@graph":[{"@type":"WebPage","@id":"https:\/\/starlediluminacion.com\/producto\/downlight-led-15w-cromo-circular-cri92-ugr13\/","url":"https:\/\/starlediluminacion.com\/producto\/downlight-led-15w-cromo-circular-cri92-ugr13\/","name":"Downlight LED 15W - CROMO - CIRCULAR - CRI+92 - UGR13 - STARLED Iluminacion","isPartOf":{"@id":"https:\/\/starlediluminacion.com\/#website"},"primaryImageOfPage":{"@id":"https:\/\/starlediluminacion.com\/producto\/downlight-led-15w-cromo-circular-cri92-ugr13\/#primaryimage"},"image":{"@id":"https:\/\/starlediluminacion.com\/producto\/downlight-led-15w-cromo-circular-cri92-ugr13\/#primaryimage"},"thumbnailUrl":"https:\/\/starlediluminacion.com\/wp-content\/uploads\/2023\/03\/downlight-led-15w-cromo-circular-cri92-ugr13-factorled.jpg","datePublished":"2023-03-12T10:34:16+00:00","dateModified":"2023-07-27T13:36:01+00:00","breadcrumb":{"@id":"https:\/\/starlediluminacion.com\/producto\/downlight-led-15w-cromo-circular-cri92-ugr13\/#breadcrumb"},"inLanguage":"it-IT","potentialAction":[{"@type":"ReadAction","target":["https:\/\/starlediluminacion.com\/producto\/downlight-led-15w-cromo-circular-cri92-ugr13\/"]}]},{"@type":"ImageObject","inLanguage":"it-IT","@id":"https:\/\/starlediluminacion.com\/producto\/downlight-led-15w-cromo-circular-cri92-ugr13\/#primaryimage","url":"https:\/\/starlediluminacion.com\/wp-content\/uploads\/2023\/03\/downlight-led-15w-cromo-circular-cri92-ugr13-factorled.jpg","contentUrl":"https:\/\/starlediluminacion.com\/wp-content\/uploads\/2023\/03\/downlight-led-15w-cromo-circular-cri92-ugr13-factorled.jpg","width":1000,"height":1000},{"@type":"BreadcrumbList","@id":"https:\/\/starlediluminacion.com\/producto\/downlight-led-15w-cromo-circular-cri92-ugr13\/#breadcrumb","itemListElement":[{"@type":"ListItem","position":1,"name":"Portada","item":"https:\/\/starlediluminacion.com\/"},{"@type":"ListItem","position":2,"name":"Shop","item":"https:\/\/starlediluminacion.com\/shop-2\/"},{"@type":"ListItem","position":3,"name":"Downlight LED 15W &#8211; CROMO &#8211; CIRCULAR &#8211; CRI+92 &#8211; UGR13"}]},{"@type":"WebSite","@id":"https:\/\/starlediluminacion.com\/#website","url":"https:\/\/starlediluminacion.com\/","name":"STARLED Iluminacion","description":"","potentialAction":[{"@type":"SearchAction","target":{"@type":"EntryPoint","urlTemplate":"https:\/\/starlediluminacion.com\/?s={search_term_string}"},"query-input":{"@type":"PropertyValueSpecification","valueRequired":true,"valueName":"search_term_string"}}],"inLanguage":"it-IT"}]}},"_links":{"self":[{"href":"https:\/\/starlediluminacion.com\/it\/wp-json\/wp\/v3\/product\/9060","targetHints":{"allow":["GET"]}}],"collection":[{"href":"https:\/\/starlediluminacion.com\/it\/wp-json\/wp\/v3\/product"}],"about":[{"href":"https:\/\/starlediluminacion.com\/it\/wp-json\/wp\/v2\/types\/product"}],"wp:featuredmedia":[{"embeddable":true,"href":"https:\/\/starlediluminacion.com\/it\/wp-json\/wp\/v2\/media\/9069"}],"wp:attachment":[{"href":"https:\/\/starlediluminacion.com\/it\/wp-json\/wp\/v2\/media?parent=9060"}],"wp:term":[{"taxonomy":"product_cat","embeddable":true,"href":"https:\/\/starlediluminacion.com\/it\/wp-json\/wp\/v2\/product_cat?post=9060"},{"taxonomy":"product_tag","embeddable":true,"href":"https:\/\/starlediluminacion.com\/it\/wp-json\/wp\/v2\/product_tag?post=9060"}],"curies":[{"name":"wp","href":"https:\/\/api.w.org\/{rel}","templated":true}]}}