{"id":8566,"date":"2023-02-10T10:14:46","date_gmt":"2023-02-10T10:14:46","guid":{"rendered":"https:\/\/starlediluminacion.com\/?post_type=product&#038;p=8566"},"modified":"2023-07-27T13:20:21","modified_gmt":"2023-07-27T13:20:21","slug":"bombilla-led-filamento-8w-e27-a60-dimable","status":"publish","type":"product","link":"https:\/\/starlediluminacion.com\/it\/product\/bulb-led-filament-8w-e27-a60-dimmable\/","title":{"rendered":"<p>Lampadina a filamento LED 8W E27 A60 - DIMABILE<\/p>"},"content":{"rendered":"<h1>Lampadina a filamento LED 8W E27 A60 - DIMABILE<p>Questo&nbsp;<strong>Lampadina LED<\/strong>&nbsp;da&nbsp;<strong>Filamento<\/strong>&nbsp;ha un tipo di boccola&nbsp;<strong>E27<\/strong>&nbsp;e ha una potenza di 8W. Offre un'atmosfera calda grazie alla sua temperatura di 2200K.<\/p><p>Si distingue perch\u00e9 \u00e8 dimmerabile, in modo che il&nbsp;<strong>lampadina<\/strong>&nbsp;pu\u00f2&nbsp;<strong>regolare<\/strong>&nbsp;la sua intensit\u00e0 di&nbsp;<strong>luce<\/strong>&nbsp;tra 0-100%, per poter svolgere questa funzione \u00e8 necessario acquistare un regolatore.<\/p><p>&nbsp;<\/p><p>Permette di risparmiare sul consumo energetico grazie alla tecnologia LED, oltre che sui costi di manutenzione e sostituzione. Rispetterete l'ambiente senza rinunciare al design classico delle lampadine tradizionali. Ha inoltre un'efficienza luminosa di&nbsp;<strong>100lm\/W<\/strong>.<\/p><p>\u00c8 una lampadina multiuso che pu\u00f2 essere utilizzata sia in casa che sul posto di lavoro, creando atmosfere originali con un tocco retr\u00f2, senza dimenticare la nostra garanzia di 2 anni.<\/p><h2>Utilizzi della lampadina a filamento LED 8W E27 A60 - DIMABILE<\/h2><ul>\n<li>Illuminazione decorativa<\/li>\n<li>Ristoranti<\/li>\n<li>Hotel<\/li>\n<li>La camera<\/li>\n<li>Lampade da scrivania o da comodino<\/li>\n<li>Salotti<\/li>\n<li>Chillout<\/li>\n<\/ul><h3 class=\"page-product-heading\">DATI TECNICI<\/h3><div class=\"col-xs-12 col-md-6\">\n<table class=\"table table-data-sheet 1\">\n<tbody>\n<tr class=\"odd\">\n<td valign=\"middle\" width=\"32\"><\/td>\n<td valign=\"middle\">RIFERIMENTO :<\/td>\n<td valign=\"middle\">SLA60DIM8W<\/td>\n<\/tr>\n<tr class=\"even\">\n<td valign=\"middle\" width=\"32\"><\/td>\n<td valign=\"middle\">Potenza nominale :<\/td>\n<td valign=\"middle\">8w<\/td>\n<\/tr>\n<tr class=\"odd\">\n<td valign=\"middle\" width=\"32\"><\/td>\n<td valign=\"middle\">Tensione nominale:<\/td>\n<td valign=\"middle\">220-240V<\/td>\n<\/tr>\n<tr class=\"even\">\n<td valign=\"middle\" width=\"32\"><\/td>\n<td valign=\"middle\">Temperatura della luce:<\/td>\n<td valign=\"middle\">2200K<\/td>\n<\/tr>\n<tr class=\"odd\">\n<td valign=\"middle\" width=\"32\"><\/td>\n<td valign=\"middle\">CRI - Indice di resa cromatica:<\/td>\n<td valign=\"middle\">80<\/td>\n<\/tr>\n<tr class=\"even\">\n<td valign=\"middle\" width=\"32\"><\/td>\n<td valign=\"middle\">Materiale da costruzione:<\/td>\n<td valign=\"middle\">Vetro<\/td>\n<\/tr>\n<tr class=\"odd\">\n<td valign=\"middle\" width=\"32\"><\/td>\n<td valign=\"middle\">Luminosit\u00e0-Lm:<\/td>\n<td valign=\"middle\">950<\/td>\n<\/tr>\n<tr class=\"even\">\n<td valign=\"middle\" width=\"32\"><\/td>\n<td valign=\"middle\">Angolo di apertura (\u00ba):<\/td>\n<td valign=\"middle\">180\u00ba<\/td>\n<\/tr>\n<tr class=\"odd\">\n<td valign=\"middle\" width=\"32\"><\/td>\n<td valign=\"middle\">Efficienza del diodo LED (Lm\/W):<\/td>\n<td valign=\"middle\">125 Lm\/W<\/td>\n<\/tr>\n<tr class=\"even\">\n<td valign=\"middle\" width=\"32\"><\/td>\n<td valign=\"middle\">Efficienza luminosa (Lm\/W):<\/td>\n<td valign=\"middle\">120 Lm\/W<\/td>\n<\/tr>\n<tr class=\"odd\">\n<td valign=\"middle\" width=\"32\"><\/td>\n<td valign=\"middle\">Dimmerabile:<\/td>\n<td valign=\"middle\">S\u00cc<\/td>\n<\/tr>\n<\/tbody>\n<\/table>\n<\/div><div class=\"col-xs-12 col-md-6 2\">\n<table class=\"table table-data-sheet 2\">\n<tbody>\n<tr class=\"odd\">\n<td valign=\"middle\" width=\"32\"><\/td>\n<td valign=\"middle\">Boccola:<\/td>\n<td valign=\"middle\">E27<\/td>\n<\/tr>\n<tr class=\"even\">\n<td valign=\"middle\" width=\"32\"><\/td>\n<td valign=\"middle\">Certificati:<\/td>\n<td valign=\"middle\">CE - ROHS<\/td>\n<\/tr>\n<tr class=\"odd\">\n<td valign=\"middle\" width=\"32\"><\/td>\n<td valign=\"middle\">Dimensioni (mm):<\/td>\n<td valign=\"middle\">\u00f860x106mm<\/td>\n<\/tr>\n<tr class=\"even\">\n<td valign=\"middle\" width=\"32\"><\/td>\n<td valign=\"middle\">Frequenza di lavoro (Hz):<\/td>\n<td valign=\"middle\">50\/60Hz<\/td>\n<\/tr>\n<tr class=\"odd\">\n<td valign=\"middle\" width=\"32\"><\/td>\n<td valign=\"middle\">Intervallo di temperatura (\u00baC):<\/td>\n<td valign=\"middle\">-20\u00b0C ~ +55\u00b0C<\/td>\n<\/tr>\n<tr class=\"even\">\n<td valign=\"middle\" width=\"32\"><\/td>\n<td valign=\"middle\">Cicli di accensione:<\/td>\n<td valign=\"middle\">100.000<\/td>\n<\/tr>\n<tr class=\"odd\">\n<td valign=\"middle\" width=\"32\"><\/td>\n<td valign=\"middle\">Tempo di avvio (s):<\/td>\n<td valign=\"middle\">0,2s<\/td>\n<\/tr>\n<tr class=\"even\">\n<td valign=\"middle\" width=\"32\"><\/td>\n<td valign=\"middle\">Classe energetica (2021-EU-2019\/2015):<\/td>\n<td valign=\"middle\">A+<\/td>\n<\/tr>\n<tr class=\"odd\">\n<td valign=\"middle\" width=\"32\"><\/td>\n<td valign=\"middle\">Classe energetica (2023 - UE-2019\/2015):<\/td>\n<td valign=\"middle\">F<\/td>\n<\/tr>\n<tr class=\"even\">\n<td valign=\"middle\" width=\"32\"><\/td>\n<td valign=\"middle\">Anni di garanzia:<\/td>\n<td valign=\"middle\">2<\/td>\n<\/tr>\n<\/tbody>\n<\/table>\n<p>&nbsp;<\/p>\n<\/div><\/h1>","protected":false},"excerpt":{"rendered":"<p><strong><label>REFERENCIA: SLA60DIM8W-90919-22K-UND<\/label><\/strong><p>Questo&nbsp;<strong>lampadina<\/strong>&nbsp;A60 di&nbsp;<strong>Filamento<\/strong>&nbsp;ha una potenza di 8W e un tipo di presa&nbsp;<strong>E27<\/strong>. \u00c8 possibile sostituire facilmente le lampadine convenzionali, a incandescenza e a carbone, e grazie alla sua tecnologia&nbsp;<strong>LED<\/strong>&nbsp;ridurre il consumo di elettricit\u00e0 mantenendo un design classico.<\/p><p>La lampadina \u00e8&nbsp;<strong>regolabile<\/strong>&nbsp;da&nbsp;<strong>TRIAC<\/strong><\/p><p><strong>TEMPERATURA DI COLORE: 1800K<\/strong><\/p><div class=\"col-md-12\"><i class=\"fa fa-truck\"><\/i>&nbsp;<span class=\"text-muted textprop\">Consegna in 24\/48 ore<\/span><\/div><div class=\"col-md-12\"><i class=\"fa fa-exchange\"><\/i>&nbsp;<span class=\"text-muted textprop\">Garanzia assicurata<\/span><\/div><div class=\"col-md-12\"><i class=\"fa fa-box\"><\/i>&nbsp;<span class=\"text-muted textprop\">100 unit\u00e0 per Masterbox<\/span><\/div><\/p>","protected":false},"featured_media":8569,"template":"","meta":{"site-sidebar-layout":"default","site-content-layout":"default","ast-global-header-display":"","ast-main-header-display":"","ast-hfb-above-header-display":"","ast-hfb-below-header-display":"","ast-hfb-mobile-header-display":"","site-post-title":"","ast-breadcrumbs-content":"","ast-featured-img":"","footer-sml-layout":"","theme-transparent-header-meta":"default","adv-header-id-meta":"","stick-header-meta":"","header-above-stick-meta":"","header-main-stick-meta":"","header-below-stick-meta":""},"product_cat":[46,23],"product_tag":[],"class_list":["post-8566","product","type-product","status-publish","has-post-thumbnail","hentry","product_cat-bombillas-led-e27","product_cat-bombillas-y-lamparas-led"],"yoast_head":"<!-- This site is optimized with the Yoast SEO plugin v27.4 - https:\/\/yoast.com\/product\/yoast-seo-wordpress\/ -->\n<title>Bombilla LED Filamento 8W E27 A60 - DIMABLE - STARLED Iluminacion<\/title>\n<meta name=\"robots\" content=\"index, follow, max-snippet:-1, max-image-preview:large, max-video-preview:-1\" \/>\n<link rel=\"canonical\" href=\"https:\/\/starlediluminacion.com\/it\/product\/bulb-led-filament-8w-e27-a60-dimmable\/\" \/>\n<meta property=\"og:locale\" content=\"it_IT\" \/>\n<meta property=\"og:type\" content=\"article\" \/>\n<meta property=\"og:title\" content=\"Bombilla LED Filamento 8W E27 A60 - DIMABLE - STARLED Iluminacion\" \/>\n<meta property=\"og:description\" content=\"REFERENCIA: SLA60DIM8W-90919-22K-UND  Esta\u00a0bombilla\u00a0A60 de\u00a0Filamento\u00a0tiene una potencia de 8W\u00a0y un casquillo tipo\u00a0E27. Podr\u00e1s sustituir tus bombillas convencionales,\u00a0incandescentes\u00a0y\u00a0de carbono f\u00e1cilmente, y gracias a su tecnolog\u00eda\u00a0LED\u00a0reducir tu consumo de energ\u00eda el\u00e9ctrica manteniendo un dise\u00f1o cl\u00e1sico.  La bombilla es\u00a0regulable\u00a0por\u00a0TRIAC  TEMPERATURA DE COLOR: 1800K \u00a0Entrega en 24\/48 horas \u00a0Garant\u00eda asegurada \u00a0100 unidad(es) por Masterbox\" \/>\n<meta property=\"og:url\" content=\"https:\/\/starlediluminacion.com\/it\/product\/bulb-led-filament-8w-e27-a60-dimmable\/\" \/>\n<meta property=\"og:site_name\" content=\"STARLED Iluminacion\" \/>\n<meta property=\"article:modified_time\" content=\"2023-07-27T13:20:21+00:00\" \/>\n<meta property=\"og:image\" content=\"https:\/\/starlediluminacion.com\/wp-content\/uploads\/2023\/02\/bombilla-led-filamento-8w-e27-a60-dimable-factorled.jpg\" \/>\n\t<meta property=\"og:image:width\" content=\"1000\" \/>\n\t<meta property=\"og:image:height\" content=\"1000\" \/>\n\t<meta property=\"og:image:type\" content=\"image\/jpeg\" \/>\n<meta name=\"twitter:card\" content=\"summary_large_image\" \/>\n<meta name=\"twitter:label1\" content=\"Tempo di lettura stimato\" \/>\n\t<meta name=\"twitter:data1\" content=\"1 minuto\" \/>\n<script type=\"application\/ld+json\" class=\"yoast-schema-graph\">{\"@context\":\"https:\\\/\\\/schema.org\",\"@graph\":[{\"@type\":\"WebPage\",\"@id\":\"https:\\\/\\\/starlediluminacion.com\\\/producto\\\/bombilla-led-filamento-8w-e27-a60-dimable\\\/\",\"url\":\"https:\\\/\\\/starlediluminacion.com\\\/producto\\\/bombilla-led-filamento-8w-e27-a60-dimable\\\/\",\"name\":\"Bombilla LED Filamento 8W E27 A60 - DIMABLE - STARLED Iluminacion\",\"isPartOf\":{\"@id\":\"https:\\\/\\\/starlediluminacion.com\\\/#website\"},\"primaryImageOfPage\":{\"@id\":\"https:\\\/\\\/starlediluminacion.com\\\/producto\\\/bombilla-led-filamento-8w-e27-a60-dimable\\\/#primaryimage\"},\"image\":{\"@id\":\"https:\\\/\\\/starlediluminacion.com\\\/producto\\\/bombilla-led-filamento-8w-e27-a60-dimable\\\/#primaryimage\"},\"thumbnailUrl\":\"https:\\\/\\\/starlediluminacion.com\\\/wp-content\\\/uploads\\\/2023\\\/02\\\/bombilla-led-filamento-8w-e27-a60-dimable-factorled.jpg\",\"datePublished\":\"2023-02-10T10:14:46+00:00\",\"dateModified\":\"2023-07-27T13:20:21+00:00\",\"breadcrumb\":{\"@id\":\"https:\\\/\\\/starlediluminacion.com\\\/producto\\\/bombilla-led-filamento-8w-e27-a60-dimable\\\/#breadcrumb\"},\"inLanguage\":\"it-IT\",\"potentialAction\":[{\"@type\":\"ReadAction\",\"target\":[\"https:\\\/\\\/starlediluminacion.com\\\/producto\\\/bombilla-led-filamento-8w-e27-a60-dimable\\\/\"]}]},{\"@type\":\"ImageObject\",\"inLanguage\":\"it-IT\",\"@id\":\"https:\\\/\\\/starlediluminacion.com\\\/producto\\\/bombilla-led-filamento-8w-e27-a60-dimable\\\/#primaryimage\",\"url\":\"https:\\\/\\\/starlediluminacion.com\\\/wp-content\\\/uploads\\\/2023\\\/02\\\/bombilla-led-filamento-8w-e27-a60-dimable-factorled.jpg\",\"contentUrl\":\"https:\\\/\\\/starlediluminacion.com\\\/wp-content\\\/uploads\\\/2023\\\/02\\\/bombilla-led-filamento-8w-e27-a60-dimable-factorled.jpg\",\"width\":1000,\"height\":1000},{\"@type\":\"BreadcrumbList\",\"@id\":\"https:\\\/\\\/starlediluminacion.com\\\/producto\\\/bombilla-led-filamento-8w-e27-a60-dimable\\\/#breadcrumb\",\"itemListElement\":[{\"@type\":\"ListItem\",\"position\":1,\"name\":\"Portada\",\"item\":\"https:\\\/\\\/starlediluminacion.com\\\/\"},{\"@type\":\"ListItem\",\"position\":2,\"name\":\"Shop\",\"item\":\"https:\\\/\\\/starlediluminacion.com\\\/shop-2\\\/\"},{\"@type\":\"ListItem\",\"position\":3,\"name\":\"Bombilla LED Filamento 8W E27 A60 &#8211; DIMABLE\"}]},{\"@type\":\"WebSite\",\"@id\":\"https:\\\/\\\/starlediluminacion.com\\\/#website\",\"url\":\"https:\\\/\\\/starlediluminacion.com\\\/\",\"name\":\"STARLED Iluminacion\",\"description\":\"\",\"potentialAction\":[{\"@type\":\"SearchAction\",\"target\":{\"@type\":\"EntryPoint\",\"urlTemplate\":\"https:\\\/\\\/starlediluminacion.com\\\/?s={search_term_string}\"},\"query-input\":{\"@type\":\"PropertyValueSpecification\",\"valueRequired\":true,\"valueName\":\"search_term_string\"}}],\"inLanguage\":\"it-IT\"}]}<\/script>\n<!-- \/ Yoast SEO plugin. -->","yoast_head_json":{"title":"Bombilla LED Filamento 8W E27 A60 - DIMABLE - STARLED Iluminacion","robots":{"index":"index","follow":"follow","max-snippet":"max-snippet:-1","max-image-preview":"max-image-preview:large","max-video-preview":"max-video-preview:-1"},"canonical":"https:\/\/starlediluminacion.com\/it\/product\/bulb-led-filament-8w-e27-a60-dimmable\/","og_locale":"it_IT","og_type":"article","og_title":"Bombilla LED Filamento 8W E27 A60 - DIMABLE - STARLED Iluminacion","og_description":"REFERENCIA: SLA60DIM8W-90919-22K-UND  Esta\u00a0bombilla\u00a0A60 de\u00a0Filamento\u00a0tiene una potencia de 8W\u00a0y un casquillo tipo\u00a0E27. Podr\u00e1s sustituir tus bombillas convencionales,\u00a0incandescentes\u00a0y\u00a0de carbono f\u00e1cilmente, y gracias a su tecnolog\u00eda\u00a0LED\u00a0reducir tu consumo de energ\u00eda el\u00e9ctrica manteniendo un dise\u00f1o cl\u00e1sico.  La bombilla es\u00a0regulable\u00a0por\u00a0TRIAC  TEMPERATURA DE COLOR: 1800K \u00a0Entrega en 24\/48 horas \u00a0Garant\u00eda asegurada \u00a0100 unidad(es) por Masterbox","og_url":"https:\/\/starlediluminacion.com\/it\/product\/bulb-led-filament-8w-e27-a60-dimmable\/","og_site_name":"STARLED Iluminacion","article_modified_time":"2023-07-27T13:20:21+00:00","og_image":[{"width":1000,"height":1000,"url":"https:\/\/starlediluminacion.com\/wp-content\/uploads\/2023\/02\/bombilla-led-filamento-8w-e27-a60-dimable-factorled.jpg","type":"image\/jpeg"}],"twitter_card":"summary_large_image","twitter_misc":{"Tempo di lettura stimato":"1 minuto"},"schema":{"@context":"https:\/\/schema.org","@graph":[{"@type":"WebPage","@id":"https:\/\/starlediluminacion.com\/producto\/bombilla-led-filamento-8w-e27-a60-dimable\/","url":"https:\/\/starlediluminacion.com\/producto\/bombilla-led-filamento-8w-e27-a60-dimable\/","name":"Bombilla LED Filamento 8W E27 A60 - DIMABLE - STARLED Iluminacion","isPartOf":{"@id":"https:\/\/starlediluminacion.com\/#website"},"primaryImageOfPage":{"@id":"https:\/\/starlediluminacion.com\/producto\/bombilla-led-filamento-8w-e27-a60-dimable\/#primaryimage"},"image":{"@id":"https:\/\/starlediluminacion.com\/producto\/bombilla-led-filamento-8w-e27-a60-dimable\/#primaryimage"},"thumbnailUrl":"https:\/\/starlediluminacion.com\/wp-content\/uploads\/2023\/02\/bombilla-led-filamento-8w-e27-a60-dimable-factorled.jpg","datePublished":"2023-02-10T10:14:46+00:00","dateModified":"2023-07-27T13:20:21+00:00","breadcrumb":{"@id":"https:\/\/starlediluminacion.com\/producto\/bombilla-led-filamento-8w-e27-a60-dimable\/#breadcrumb"},"inLanguage":"it-IT","potentialAction":[{"@type":"ReadAction","target":["https:\/\/starlediluminacion.com\/producto\/bombilla-led-filamento-8w-e27-a60-dimable\/"]}]},{"@type":"ImageObject","inLanguage":"it-IT","@id":"https:\/\/starlediluminacion.com\/producto\/bombilla-led-filamento-8w-e27-a60-dimable\/#primaryimage","url":"https:\/\/starlediluminacion.com\/wp-content\/uploads\/2023\/02\/bombilla-led-filamento-8w-e27-a60-dimable-factorled.jpg","contentUrl":"https:\/\/starlediluminacion.com\/wp-content\/uploads\/2023\/02\/bombilla-led-filamento-8w-e27-a60-dimable-factorled.jpg","width":1000,"height":1000},{"@type":"BreadcrumbList","@id":"https:\/\/starlediluminacion.com\/producto\/bombilla-led-filamento-8w-e27-a60-dimable\/#breadcrumb","itemListElement":[{"@type":"ListItem","position":1,"name":"Portada","item":"https:\/\/starlediluminacion.com\/"},{"@type":"ListItem","position":2,"name":"Shop","item":"https:\/\/starlediluminacion.com\/shop-2\/"},{"@type":"ListItem","position":3,"name":"Bombilla LED Filamento 8W E27 A60 &#8211; DIMABLE"}]},{"@type":"WebSite","@id":"https:\/\/starlediluminacion.com\/#website","url":"https:\/\/starlediluminacion.com\/","name":"STARLED Iluminacion","description":"","potentialAction":[{"@type":"SearchAction","target":{"@type":"EntryPoint","urlTemplate":"https:\/\/starlediluminacion.com\/?s={search_term_string}"},"query-input":{"@type":"PropertyValueSpecification","valueRequired":true,"valueName":"search_term_string"}}],"inLanguage":"it-IT"}]}},"_links":{"self":[{"href":"https:\/\/starlediluminacion.com\/it\/wp-json\/wp\/v3\/product\/8566","targetHints":{"allow":["GET"]}}],"collection":[{"href":"https:\/\/starlediluminacion.com\/it\/wp-json\/wp\/v3\/product"}],"about":[{"href":"https:\/\/starlediluminacion.com\/it\/wp-json\/wp\/v2\/types\/product"}],"wp:featuredmedia":[{"embeddable":true,"href":"https:\/\/starlediluminacion.com\/it\/wp-json\/wp\/v2\/media\/8569"}],"wp:attachment":[{"href":"https:\/\/starlediluminacion.com\/it\/wp-json\/wp\/v2\/media?parent=8566"}],"wp:term":[{"taxonomy":"product_cat","embeddable":true,"href":"https:\/\/starlediluminacion.com\/it\/wp-json\/wp\/v2\/product_cat?post=8566"},{"taxonomy":"product_tag","embeddable":true,"href":"https:\/\/starlediluminacion.com\/it\/wp-json\/wp\/v2\/product_tag?post=8566"}],"curies":[{"name":"wp","href":"https:\/\/api.w.org\/{rel}","templated":true}]}}