{"id":8159,"date":"2022-09-09T13:36:15","date_gmt":"2022-09-09T13:36:15","guid":{"rendered":"https:\/\/starlediluminacion.com\/?post_type=product&#038;p=8159"},"modified":"2022-09-09T13:36:15","modified_gmt":"2022-09-09T13:36:15","slug":"aplique-led-6w-sotra-cromado-4000k","status":"publish","type":"product","link":"https:\/\/starlediluminacion.com\/it\/product\/aplique-led-6w-sotra-cromado-4000k\/","title":{"rendered":"<p>SOTRA 6W Applique LED - Cromo - 4000K<\/p>"},"content":{"rendered":"<p>RIFERIMENTO: SL90534<p>Questo<strong>&nbsp;Lampada da parete a LED 6W<\/strong>&nbsp;\u00e8 perfetta per evidenziare gli oggetti,&nbsp;<strong>tavoli<\/strong>&nbsp;e anche per l'uso in&nbsp;<strong>servizi igienici<\/strong>&nbsp;e toilette. Con questo prodotto a LED, il compito quotidiano di trovare l'illuminazione perfetta nel bagno e nella toilette appartiene al passato.<\/p><p>La nostra moderna lampada a LED \u00e8 perfetta anche per illuminare&nbsp;<strong>specchi<\/strong>I LED a forma di tubo, di colore bianco 4000K, garantiscono una buona illuminazione. Il suo design moderno valorizzer\u00e0 i vostri oggetti e i vostri bagni.<\/p><h1>SOTRA 6W Applique LED - Cromo - 4000K<\/h1><p><strong>Lampada a LED<\/strong>per&nbsp;<strong>tavoli<\/strong>valorizza gli oggetti e&nbsp;<strong>servizi igienici<\/strong>&nbsp;stile minimalista con profilo frontale.<\/p><p>Questo&nbsp;<strong>Lampada da parete a LED<\/strong>&nbsp;ha una finitura cromata brillante ed \u00e8 realizzato in PC, che impedisce la formazione di ruggine nelle aree ad alta umidit\u00e0. \u00c8 dotato di un&nbsp;<strong>Potenza 6W<\/strong>.<\/p><p>Questa applicazione \u00e8 resistente alle aree umide,&nbsp;<strong>IP44<\/strong>\u00c8 perfetta per essere utilizzata come luce supplementare, in quanto emette una luminosit\u00e0 aggiuntiva ideale, ad esempio, per truccarsi. Ideale per qualsiasi stanza della casa, compreso il bagno o la toilette.<\/p><p>L'aspetto della lampada da parete a LED \u00e8 molto estetico e ha un'espressione armoniosa. Una bella aggiunta agli spazi abitativi moderni, ai quali conferisce un effetto elegante e accogliente.<\/p><p>&nbsp;<\/p><h2>Utilizzi dell'applique SOTRA LED 6W - Cromo - 4000K<\/h2><ul>\n<li>Specchi<\/li>\n<li>Immagini<\/li>\n<li>Hotel<\/li>\n<\/ul><h3 class=\"page-product-heading\">DATI TECNICI<\/h3><div class=\"col-xs-12 col-md-6\">\n<table class=\"table table-data-sheet 1\">\n<tbody>\n<tr class=\"odd\">\n<td valign=\"middle\" width=\"32\"><\/td>\n<td valign=\"middle\">RIFERIMENTO :<\/td>\n<td valign=\"middle\">SL90534<\/td>\n<\/tr>\n<tr class=\"even\">\n<td valign=\"middle\" width=\"32\"><\/td>\n<td valign=\"middle\">Potenza nominale :<\/td>\n<td valign=\"middle\">6w<\/td>\n<\/tr>\n<tr class=\"odd\">\n<td valign=\"middle\" width=\"32\"><\/td>\n<td valign=\"middle\">Tensione nominale:<\/td>\n<td valign=\"middle\">220V-240V<\/td>\n<\/tr>\n<tr class=\"even\">\n<td valign=\"middle\" width=\"32\"><\/td>\n<td valign=\"middle\">Temperatura della luce:<\/td>\n<td valign=\"middle\">4000K<\/td>\n<\/tr>\n<tr class=\"odd\">\n<td valign=\"middle\" width=\"32\"><\/td>\n<td valign=\"middle\">CRI - Indice di resa cromatica:<\/td>\n<td valign=\"middle\">85<\/td>\n<\/tr>\n<tr class=\"even\">\n<td valign=\"middle\" width=\"32\"><\/td>\n<td valign=\"middle\">Tipo di LED:<\/td>\n<td valign=\"middle\">SMD 2835<\/td>\n<\/tr>\n<tr class=\"odd\">\n<td valign=\"middle\" width=\"32\"><\/td>\n<td valign=\"middle\">Angolo di apertura (\u00ba):<\/td>\n<td valign=\"middle\">120\u00b0<\/td>\n<\/tr>\n<\/tbody>\n<\/table>\n<\/div><div class=\"col-xs-12 col-md-6 2\">\n<table class=\"table table-data-sheet 2\">\n<tbody>\n<tr class=\"odd\">\n<td valign=\"middle\" width=\"32\"><\/td>\n<td valign=\"middle\">Certificati:<\/td>\n<td valign=\"middle\">CE - ROHS<\/td>\n<\/tr>\n<tr class=\"even\">\n<td valign=\"middle\" width=\"32\"><\/td>\n<td valign=\"middle\">Grado di protezione IP:<\/td>\n<td valign=\"middle\">IP44<\/td>\n<\/tr>\n<tr class=\"odd\">\n<td valign=\"middle\" width=\"32\"><\/td>\n<td valign=\"middle\">Dimensioni (mm):<\/td>\n<td valign=\"middle\">300x110 mm<\/td>\n<\/tr>\n<tr class=\"even\">\n<td valign=\"middle\" width=\"32\"><\/td>\n<td valign=\"middle\">Frequenza di lavoro (Hz):<\/td>\n<td valign=\"middle\">50\/60Hz<\/td>\n<\/tr>\n<tr class=\"odd\">\n<td valign=\"middle\" width=\"32\"><\/td>\n<td valign=\"middle\">Classe energetica (2021-EU-2019\/2015):<\/td>\n<td valign=\"middle\">A<\/td>\n<\/tr>\n<tr class=\"even\">\n<td valign=\"middle\" width=\"32\"><\/td>\n<td valign=\"middle\">Anni di garanzia:<\/td>\n<td valign=\"middle\">2<\/td>\n<\/tr>\n<\/tbody>\n<\/table>\n<\/div><\/p>","protected":false},"excerpt":{"rendered":"<div class=\"col-md-12\"><i class=\"fa fa-truck\"><\/i>&nbsp;<span class=\"text-muted textprop\">Consegna in 24\/48 ore<\/span><div class=\"col-md-12\"><i class=\"fa fa-exchange\"><\/i>&nbsp;<span class=\"text-muted textprop\">Garanzia assicurata<\/span><\/div><div class=\"col-md-12\"><i class=\"fa fa-box\"><\/i>&nbsp;<span class=\"text-muted textprop\">20 unit\u00e0 per Masterbox<\/span><\/div><\/div>","protected":false},"featured_media":8166,"template":"","meta":{"site-sidebar-layout":"default","site-content-layout":"default","ast-global-header-display":"","ast-main-header-display":"","ast-hfb-above-header-display":"","ast-hfb-below-header-display":"","ast-hfb-mobile-header-display":"","site-post-title":"","ast-breadcrumbs-content":"","ast-featured-img":"","footer-sml-layout":"","theme-transparent-header-meta":"default","adv-header-id-meta":"","stick-header-meta":"","header-above-stick-meta":"","header-main-stick-meta":"","header-below-stick-meta":""},"product_cat":[64,36],"product_tag":[],"class_list":["post-8159","product","type-product","status-publish","has-post-thumbnail","hentry","product_cat-apliques-led","product_cat-apliques-led-y-decoracion"],"_links":{"self":[{"href":"https:\/\/starlediluminacion.com\/it\/wp-json\/wp\/v3\/product\/8159","targetHints":{"allow":["GET"]}}],"collection":[{"href":"https:\/\/starlediluminacion.com\/it\/wp-json\/wp\/v3\/product"}],"about":[{"href":"https:\/\/starlediluminacion.com\/it\/wp-json\/wp\/v2\/types\/product"}],"wp:featuredmedia":[{"embeddable":true,"href":"https:\/\/starlediluminacion.com\/it\/wp-json\/wp\/v2\/media\/8166"}],"wp:attachment":[{"href":"https:\/\/starlediluminacion.com\/it\/wp-json\/wp\/v2\/media?parent=8159"}],"wp:term":[{"taxonomy":"product_cat","embeddable":true,"href":"https:\/\/starlediluminacion.com\/it\/wp-json\/wp\/v2\/product_cat?post=8159"},{"taxonomy":"product_tag","embeddable":true,"href":"https:\/\/starlediluminacion.com\/it\/wp-json\/wp\/v2\/product_tag?post=8159"}],"curies":[{"name":"wp","href":"https:\/\/api.w.org\/{rel}","templated":true}]}}