{"id":8038,"date":"2022-09-09T12:06:37","date_gmt":"2022-09-09T12:06:37","guid":{"rendered":"https:\/\/starlediluminacion.com\/?post_type=product&#038;p=8038"},"modified":"2022-11-23T09:43:10","modified_gmt":"2022-11-23T09:43:10","slug":"proyector-solar-1500lm-negro-con-sensor-de-presencia-pir-4000k","status":"publish","type":"product","link":"https:\/\/starlediluminacion.com\/it\/product\/proiettore-solare-1500lm-nero-con-sensore-di-presenza-pir-4000k\/","title":{"rendered":"<p>Proiettore solare - 1500Lm - Nero - con sensore di presenza PIR - 4000K<\/p>"},"content":{"rendered":"<p>RIFERIMENTO: SL541201<div class=\"hidden-xs parrafo\">\n<p>Il<strong>&nbsp;Proiettore solare a LED con sensore - Nero&nbsp;&nbsp;<\/strong>ha<strong>&nbsp;1500Lm con 2 PROGRAMMAZIONI<\/strong>&nbsp;ha un meccanismo per&nbsp;<strong>sensore di presenza ricaricabile<\/strong>Il dispositivo pu\u00f2 essere installato su qualsiasi tipo di parete. \u00c8 perfetto per essere installato su qualsiasi tipo di parete. \u00c8 dotato di un cavo di prolunga di 3 metri in dotazione. Il pannello solare \u00e8&nbsp;<strong>Monocristallino 2,5w.<\/strong>&nbsp;Acquistatelo e iniziate a risparmiare ora!<\/p>\n<\/div><div id=\"views_block\" class=\"clearfix\">\n<div id=\"thumbs_list\">\n<h1>Proiettore solare - 1500Lm - Nero - con sensore di presenza PIR - 4000K<\/h1>\n<p><strong>Il nostro proiettore solare a led<\/strong>&nbsp;si caratterizza per la potenza di illuminazione e la batteria&nbsp;<strong>ricaricabile<\/strong>&nbsp;basato sulla luce solare, \u00e8 ideale per illuminare sia gli spazi esterni che quelli interni, risparmiando sulla bolletta elettrica.<\/p>\n<p>Sia la piastra luminosa solare che il proiettore sono&nbsp;<strong>orientabile<\/strong>&nbsp;in modo che il proiettore possa ricevere pi\u00f9 luce solare.<\/p>\n<p>Il suo sistema intelligente di accensione e spegnimento \u00e8 il suo pi\u00f9 grande attributo, in quanto offre una facilit\u00e0 di adattamento alle esigenze della luce diurna. Inoltre, il suo sensore intelligente \u00e8 in grado di rilevare i momenti di accensione e spegnimento, il che si traduce in una maggiore autonomia.<\/p>\n<p>Il proiettore LED solare \u00e8 dotato di un cavo di prolunga di 3 metri che consente di posizionare il pannello solare nel luogo pi\u00f9 adatto.<\/p>\n<p>Il tempo di ricarica della batteria \u00e8 di 8\/10 ore, il tempo di scarica dipende dalla modalit\u00e0 di lavoro.<\/p>\n<p>Il colore della luce del proiettore LED \u00e8 bianco neutro 4000K, un colore molto gradevole alla vista.<\/p>\n<p>Il sensore di presenza incorporato nel prodotto consente di regolare l'angolo di rilevamento, la sensibilit\u00e0 di rilevamento e il tempo di accensione del proiettore LED solare.<\/p>\n<p>&nbsp;<\/p>\n<h3>Modalit\u00e0 di lavoro:<\/h3>\n<p><strong>MODO 1: ON\/OFF<\/strong><\/p>\n<p>Il proiettore a LED emette 1500 lumen. Il tempo di accensione con una carica completa \u00e8 di 4 ore.<\/p>\n<p>&nbsp;<\/p>\n<p><strong>MODALIT\u00c0 2: SENSORE DI PRESENZA<br>\n<\/strong><\/p>\n<p>Nel buio della notte (15 Lux) il proiettore LED si accende in modo permanente emettendo 330 lumen. Quando viene rilevato un movimento, il sensore PIR si accende a 100% (10-60 secondi). Il tempo di accensione con una carica completa \u00e8 di 18 ore.<\/p>\n<h3 class=\"page-product-heading\">DATI TECNICI<\/h3>\n<div class=\"col-xs-12 col-md-6\">\n<table class=\"table table-data-sheet 1\">\n<tbody>\n<tr class=\"odd\">\n<td valign=\"middle\" width=\"32\"><\/td>\n<td valign=\"middle\">RIFERIMENTO :<\/td>\n<td valign=\"middle\">SL541201<\/td>\n<\/tr>\n<tr class=\"even\">\n<td valign=\"middle\" width=\"32\"><\/td>\n<td valign=\"middle\">Potenza nominale :<\/td>\n<td valign=\"middle\">12W<\/td>\n<\/tr>\n<tr class=\"odd\">\n<td valign=\"middle\" width=\"32\"><\/td>\n<td valign=\"middle\">Tensione nominale:<\/td>\n<td valign=\"middle\">DC 3,7V<\/td>\n<\/tr>\n<tr class=\"even\">\n<td valign=\"middle\" width=\"32\"><\/td>\n<td valign=\"middle\">Temperatura della luce:<\/td>\n<td valign=\"middle\">4000K<\/td>\n<\/tr>\n<tr class=\"odd\">\n<td valign=\"middle\" width=\"32\"><\/td>\n<td valign=\"middle\">CRI - Indice di resa cromatica:<\/td>\n<td valign=\"middle\">70<\/td>\n<\/tr>\n<tr class=\"even\">\n<td valign=\"middle\" width=\"32\"><\/td>\n<td valign=\"middle\">Materiale da costruzione:<\/td>\n<td valign=\"middle\">Termoplastico<\/td>\n<\/tr>\n<tr class=\"odd\">\n<td valign=\"middle\" width=\"32\"><\/td>\n<td valign=\"middle\">Luminosit\u00e0-Lm:<\/td>\n<td valign=\"middle\">1500Lm<\/td>\n<\/tr>\n<tr class=\"even\">\n<td valign=\"middle\" width=\"32\"><\/td>\n<td valign=\"middle\">Tipo di LED:<\/td>\n<td valign=\"middle\">SMD 2835<\/td>\n<\/tr>\n<tr class=\"odd\">\n<td valign=\"middle\" width=\"32\"><\/td>\n<td valign=\"middle\">Angolo di apertura (\u00ba):<\/td>\n<td valign=\"middle\">120\u00b0<\/td>\n<\/tr>\n<tr class=\"even\">\n<td valign=\"middle\" width=\"32\"><\/td>\n<td valign=\"middle\">Certificati:<\/td>\n<td valign=\"middle\">CE - ROHS<\/td>\n<\/tr>\n<tr class=\"odd\">\n<td valign=\"middle\" width=\"32\"><\/td>\n<td valign=\"middle\">Grado di protezione IP:<\/td>\n<td valign=\"middle\">IP54<\/td>\n<\/tr>\n<\/tbody>\n<\/table>\n<\/div>\n<div class=\"col-xs-12 col-md-6 2\">\n<table class=\"table table-data-sheet 2\">\n<tbody>\n<tr class=\"odd\">\n<td valign=\"middle\" width=\"32\"><\/td>\n<td valign=\"middle\">Durata stimata del diodo LED (H):<\/td>\n<td valign=\"middle\">30.000<\/td>\n<\/tr>\n<tr class=\"even\">\n<td valign=\"middle\" width=\"32\"><\/td>\n<td valign=\"middle\">Dimensioni (mm):<\/td>\n<td valign=\"middle\">178x140xH290mm<\/td>\n<\/tr>\n<tr class=\"odd\">\n<td valign=\"middle\" width=\"32\"><\/td>\n<td valign=\"middle\">Intervallo di temperatura (\u00baC):<\/td>\n<td valign=\"middle\">-20\u00b0C ~ +55\u00b0C<\/td>\n<\/tr>\n<tr class=\"even\">\n<td valign=\"middle\" width=\"32\"><\/td>\n<td valign=\"middle\">Tempo di avvio (s):<\/td>\n<td valign=\"middle\">0,2s<\/td>\n<\/tr>\n<tr class=\"odd\">\n<td valign=\"middle\" width=\"32\"><\/td>\n<td valign=\"middle\">Informazioni aggiuntive:<\/td>\n<td valign=\"middle\">Pannello solare monocristallino 5V - 2,5W<\/td>\n<\/tr>\n<tr class=\"even\">\n<td valign=\"middle\" width=\"32\"><\/td>\n<td valign=\"middle\">Materiale della batteria :<\/td>\n<td valign=\"middle\">LiFePO4 - Fosfato di litio -LPF - Batteria 4000mAh. Carica e scarica: 1500 volte<\/td>\n<\/tr>\n<tr class=\"odd\">\n<td valign=\"middle\" width=\"32\"><\/td>\n<td valign=\"middle\">Classe energetica (2021-EU-2019\/2015):<\/td>\n<td valign=\"middle\">A++<\/td>\n<\/tr>\n<tr class=\"even\">\n<td valign=\"middle\" width=\"32\"><\/td>\n<td valign=\"middle\">Anni di garanzia:<\/td>\n<td valign=\"middle\">3<\/td>\n<\/tr>\n<tr class=\"odd\">\n<td valign=\"middle\" width=\"32\"><\/td>\n<td valign=\"middle\">Portata (m) :<\/td>\n<td valign=\"middle\">7 m Angolo: 100\u00ba.<\/td>\n<\/tr>\n<tr class=\"even\">\n<td valign=\"middle\" width=\"32\"><\/td>\n<td valign=\"middle\">Tempo di accensione :<\/td>\n<td valign=\"middle\">Funzione ON\/OFF: 4H. - Funzione Sensore: 18H.<\/td>\n<\/tr>\n<\/tbody>\n<\/table>\n<p>&nbsp;<\/p>\n<\/div>\n<\/div>\n<\/div><\/p>","protected":false},"excerpt":{"rendered":"<div class=\"col-md-12\"><i class=\"fa fa-truck\"><\/i>&nbsp;<span class=\"text-muted textprop\">Consegna in 24\/48 ore<\/span><div class=\"col-md-12\"><i class=\"fa fa-exchange\"><\/i>&nbsp;<span class=\"text-muted textprop\">Garanzia assicurata<\/span><\/div><div class=\"col-md-12\"><i class=\"fa fa-box\"><\/i>&nbsp;<span class=\"text-muted textprop\">24 unit\u00e0 per Masterbox<\/span><\/div><\/div>","protected":false},"featured_media":8045,"template":"","meta":{"site-sidebar-layout":"default","site-content-layout":"default","ast-global-header-display":"","ast-main-header-display":"","ast-hfb-above-header-display":"","ast-hfb-below-header-display":"","ast-hfb-mobile-header-display":"","site-post-title":"","ast-breadcrumbs-content":"","ast-featured-img":"","footer-sml-layout":"","theme-transparent-header-meta":"default","adv-header-id-meta":"","stick-header-meta":"","header-above-stick-meta":"","header-main-stick-meta":"","header-below-stick-meta":""},"product_cat":[64,36,37],"product_tag":[],"class_list":["post-8038","product","type-product","status-publish","has-post-thumbnail","hentry","product_cat-apliques-led","product_cat-apliques-led-y-decoracion","product_cat-iluminacion-solar-led"],"_links":{"self":[{"href":"https:\/\/starlediluminacion.com\/it\/wp-json\/wp\/v3\/product\/8038","targetHints":{"allow":["GET"]}}],"collection":[{"href":"https:\/\/starlediluminacion.com\/it\/wp-json\/wp\/v3\/product"}],"about":[{"href":"https:\/\/starlediluminacion.com\/it\/wp-json\/wp\/v2\/types\/product"}],"wp:featuredmedia":[{"embeddable":true,"href":"https:\/\/starlediluminacion.com\/it\/wp-json\/wp\/v2\/media\/8045"}],"wp:attachment":[{"href":"https:\/\/starlediluminacion.com\/it\/wp-json\/wp\/v2\/media?parent=8038"}],"wp:term":[{"taxonomy":"product_cat","embeddable":true,"href":"https:\/\/starlediluminacion.com\/it\/wp-json\/wp\/v2\/product_cat?post=8038"},{"taxonomy":"product_tag","embeddable":true,"href":"https:\/\/starlediluminacion.com\/it\/wp-json\/wp\/v2\/product_tag?post=8038"}],"curies":[{"name":"wp","href":"https:\/\/api.w.org\/{rel}","templated":true}]}}