{"id":7553,"date":"2022-08-22T13:19:57","date_gmt":"2022-08-22T13:19:57","guid":{"rendered":"https:\/\/starlediluminacion.com\/?post_type=product&#038;p=7553"},"modified":"2022-08-22T13:19:57","modified_gmt":"2022-08-22T13:19:57","slug":"columna-reka-negro-3-metros-4-metros","status":"publish","type":"product","link":"https:\/\/starlediluminacion.com\/it\/product\/colonna-reka-nero-3-metri-4-metri\/","title":{"rendered":"<p>Colonna nera REKA - 3 metri - 4 metri<\/p>"},"content":{"rendered":"<div class=\"product-info-line\">\n<p id=\"product_reference\"><label>RIFERIMENTO: SL2124<br>\n<\/label><\/p>\n<div class=\"hidden-xs parrafo\">\n<p><strong>Servizio immediato<\/strong>Palo o palo per illuminazione stradale, aree residenziali, strade, complessi residenziali. Realizzato in tubo d'acciaio da 60 mm e 90 mm, con uno spessore di 3 mm, verniciato in&nbsp;<strong>Nero lucido - RAL9005 -&nbsp;&nbsp;<\/strong>in poliestere cotto di altissima qualit\u00e0 per un'elevata durezza e resistenza.&nbsp;<strong>ISO 12944-2 Classe 3 -&nbsp;<\/strong>&nbsp;Finitura a punta con dado da 3\/4\" per il fissaggio delle lanterne. Facile da trasportare e da assemblare in quanto pu\u00f2 essere assemblato in 2 pezzi, il che lo rende molto facile da installare da parte di una sola persona. Conforme ai requisiti ambientali&nbsp;<strong>UNE-EN ISO 14001:2015<\/strong>e lo standard di qualit\u00e0&nbsp;<strong>UNE- EN ISO 9001:2015.<\/strong><\/p>\n<h1>Colonna nera REKA - 3 metri - 4 metri<\/h1>\n<p>Il&nbsp;<strong>Colonna REKA<\/strong>&nbsp;\u00e8 progettato per essere collocato in qualsiasi zona della citt\u00e0, \u00e8 elegante e moderno ed \u00e8 ideale per dare un tocco pi\u00f9 moderno all'ambiente.<\/p>\n<p>I nostri dissuasori sono progettati e certificati per l'uso su strade e vie pubbliche.<\/p>\n<p><strong>FACILE TRASPORTO E MONTAGGIO:<\/strong>&nbsp;Il lampione \u00e8 progettato in 2 sezioni per facilitare il trasporto. Il montaggio \u00e8 molto semplice e pu\u00f2 essere effettuato da una sola persona.<\/p>\n<p>La sua altezza \u00e8&nbsp;<strong>3 - 4 metri&nbsp;<\/strong>&nbsp;resistenti a variazioni di temperatura estreme.<\/p>\n<p>La sua finitura \u00e8 perfetta per il fissaggio di lanterne, di un chiusino all'altezza approvata e di una piastra di fissaggio della scatola dei fusibili.<\/p>\n<p>&nbsp;<\/p>\n<p><strong>Vernice anticorrosione di alta qualit\u00e0:&nbsp;<\/strong><strong>ISO 12944-2 - CLASSE 3 - Atmosfere urbane e industriali, con moderata contaminazione da anidride solforosa<\/strong>La nostra colonna \u00e8 dotata di vernice a polvere di poliestere sublimata a forno (60-90 micron), preparata per resistere a condizioni atmosferiche difficili, come pioggia, vento, sole?  L'alta qualit\u00e0 del processo di verniciatura ci permette di classificarla all'interno del gruppo professionale Classe 3, che indica&nbsp;<strong>7 anni di garanzia anticorrosione sull'acciaio.&nbsp;<\/strong><\/p>\n<p>&nbsp;<\/p>\n<p><strong>Servizio immediato 24 ore su 24.<\/strong><\/p>\n<p>&nbsp;<\/p>\n<p>Su richiesta, sono disponibili diverse opzioni per ridurre i costi di manutenzione della colonna LED:<\/p>\n<p><strong>-Trattamento ISO 12944-2 - Classe 5 - I-:&nbsp;&nbsp;<\/strong>Trattamento a doppio strato per la resistenza in aree industriali con elevata umidit\u00e0 e atmosfere aggressive.<\/p>\n<p><strong>-Trattamento ISO 12944-2 - Classe 5 - M-:&nbsp;&nbsp;<\/strong>Trattamento a triplo strato per resistere alle aree costiere e marittime ad alta salinit\u00e0.<\/p>\n<p><strong>- Trattamento con vernice antiruggine: &nbsp;&nbsp;<\/strong>Viene applicato alla base della colonna (alta 65 cm) con vernice poliestere termoplastica (250-300 micron).<\/p>\n<p><strong>-Trattamento antigraffiti:&nbsp;<\/strong>&nbsp;Fino a 3 metri di altezza viene applicata una vernice poliuretanica alifatica trasparente che impedisce alle vernici di aderire.<\/p>\n<p><strong>-Trattamento anti-sticker:<\/strong>&nbsp; Fino a 3 metri di altezza viene applicata una vernice trasparente ruvida che impedisce agli adesivi di aderire.<\/p>\n<p>&nbsp;<\/p>\n<p>Conforme allo standard dei requisiti ambientali&nbsp;<strong>UNE-EN ISO 14001:2015<\/strong>e lo standard di qualit\u00e0&nbsp;<strong>UNE- EN ISO 9001:2015.<\/strong><\/p>\n<p><strong>La colonna non include i bulloni di fissaggio al pavimento.<\/strong><\/p>\n<p>&nbsp;<\/p>\n<h2>Utilizzo della Colonna REKA nera - circolare 3-4 metri<\/h2>\n<ul>\n<li>Illuminazione pubblica<\/li>\n<li>Strade<\/li>\n<li>Luoghi<\/li>\n<li>Residenze<\/li>\n<li>Parchi<\/li>\n<li>Urbanizzazioni<\/li>\n<li>Strade<\/li>\n<\/ul>\n<h3 class=\"page-product-heading\">DATI TECNICI<\/h3>\n<div class=\"col-xs-12 col-md-6\">\n<table class=\"table table-data-sheet 1\">\n<tbody>\n<tr class=\"odd\">\n<td valign=\"middle\" width=\"32\"><\/td>\n<td valign=\"middle\">RIFERIMENTO :<\/td>\n<td valign=\"middle\">SL2124<\/td>\n<\/tr>\n<tr class=\"even\">\n<td valign=\"middle\" width=\"32\"><\/td>\n<td valign=\"middle\">Materiale da costruzione:<\/td>\n<td valign=\"middle\">Acciaio + smalto poliuretanico<\/td>\n<\/tr>\n<tr class=\"odd\">\n<td valign=\"middle\" width=\"32\"><\/td>\n<td valign=\"middle\">Certificati:<\/td>\n<td valign=\"middle\">CE<\/td>\n<\/tr>\n<\/tbody>\n<\/table>\n<\/div>\n<div class=\"col-xs-12 col-md-6 2\">\n<table class=\"table table-data-sheet 2\">\n<tbody>\n<tr class=\"odd\">\n<td valign=\"middle\" width=\"32\"><\/td>\n<td valign=\"middle\">Dimensioni (mm):<\/td>\n<td valign=\"middle\">3000<\/td>\n<\/tr>\n<tr class=\"even\">\n<td valign=\"middle\" width=\"32\"><\/td>\n<td valign=\"middle\">Informazioni aggiuntive:<\/td>\n<td valign=\"middle\">Tubo in acciaio: 3mm (\u00d890mm x3mm) (\u00d860x3mm) 3\/4?<\/td>\n<\/tr>\n<\/tbody>\n<\/table>\n<\/div>\n<\/div>\n<\/div>","protected":false},"excerpt":{"rendered":"<div class=\"col-md-12\"><i class=\"fa fa-truck\"><\/i>&nbsp;<span class=\"text-muted textprop\">Consegna in 24\/48 ore<\/span><div class=\"col-md-12\"><i class=\"fa fa-exchange\"><\/i>&nbsp;<span class=\"text-muted textprop\">Garanzia assicurata<\/span><\/div><div class=\"col-md-12\"><i class=\"fa fa-box\"><\/i>&nbsp;<span class=\"text-muted textprop\">1 unit\u00e0 per Masterbox<\/span><\/div><\/div>","protected":false},"featured_media":7561,"template":"","meta":{"site-sidebar-layout":"default","site-content-layout":"default","ast-global-header-display":"","ast-main-header-display":"","ast-hfb-above-header-display":"","ast-hfb-below-header-display":"","ast-hfb-mobile-header-display":"","site-post-title":"","ast-breadcrumbs-content":"","ast-featured-img":"","footer-sml-layout":"","theme-transparent-header-meta":"default","adv-header-id-meta":"","stick-header-meta":"","header-above-stick-meta":"","header-main-stick-meta":"","header-below-stick-meta":""},"product_cat":[99,30],"product_tag":[],"class_list":["post-7553","product","type-product","status-publish","has-post-thumbnail","hentry","product_cat-accesorios-para-farolas-led","product_cat-iluminacion-publica-y-vial"],"_links":{"self":[{"href":"https:\/\/starlediluminacion.com\/it\/wp-json\/wp\/v3\/product\/7553","targetHints":{"allow":["GET"]}}],"collection":[{"href":"https:\/\/starlediluminacion.com\/it\/wp-json\/wp\/v3\/product"}],"about":[{"href":"https:\/\/starlediluminacion.com\/it\/wp-json\/wp\/v2\/types\/product"}],"wp:featuredmedia":[{"embeddable":true,"href":"https:\/\/starlediluminacion.com\/it\/wp-json\/wp\/v2\/media\/7561"}],"wp:attachment":[{"href":"https:\/\/starlediluminacion.com\/it\/wp-json\/wp\/v2\/media?parent=7553"}],"wp:term":[{"taxonomy":"product_cat","embeddable":true,"href":"https:\/\/starlediluminacion.com\/it\/wp-json\/wp\/v2\/product_cat?post=7553"},{"taxonomy":"product_tag","embeddable":true,"href":"https:\/\/starlediluminacion.com\/it\/wp-json\/wp\/v2\/product_tag?post=7553"}],"curies":[{"name":"wp","href":"https:\/\/api.w.org\/{rel}","templated":true}]}}