{"id":7432,"date":"2022-08-22T10:35:14","date_gmt":"2022-08-22T10:35:14","guid":{"rendered":"https:\/\/starlediluminacion.com\/?post_type=product&#038;p=7432"},"modified":"2022-08-22T10:35:14","modified_gmt":"2022-08-22T10:35:14","slug":"farola-led-40w-conic-bridgelux-smd-3030-160lm-w-aluminio","status":"publish","type":"product","link":"https:\/\/starlediluminacion.com\/it\/product\/farola-led-40w-conic-bridgelux-smd-3030-160lm-w-aluminio\/","title":{"rendered":"<p>40W LED Streetlight CONIC Bridgelux SMD 3030 160Lm\/W - Alluminio<\/p>"},"content":{"rendered":"<div class=\"product-info-line\">\n<p id=\"product_reference\"><label>NUMERO DI PARTE: SL1008A-40W<br>\n<\/label><\/p>\n<p><strong>Il lampione CONIC 40W LED<\/strong>&nbsp;offre un'accensione istantanea e un'elevata potenza, che la rendono il sostituto ideale delle vecchie lampade a mercurio (vietate nell'UE dal 2015), migliorando la qualit\u00e0 della luce e riducendo significativamente il consumo energetico. La lanterna ha&nbsp;<strong>3030-2 Diodo SMD (doppio nucleo) Bridgelux<\/strong>&nbsp;con una resa di&nbsp;<strong>160lm\/W.<\/strong><\/p>\n<h1>40W CONIC Bridgelux SMD 3030 160Lm\/W Lampione LED 40W CONIC Bridgelux SMD 3030 160Lm\/W<\/h1>\n<p><strong>Il lampione CONIC 40w LED<\/strong>&nbsp;nella nuova gamma di alto design in alluminio e policarbonato. Il nuovo,&nbsp;<strong>robusto e durevole URBAN<\/strong>&nbsp;Il concetto di \"conservazione del cielo notturno\" migliora i concetti tipici, che affrontano problemi come la spaziatura tra i lampioni, la conservazione del cielo notturno evitando il&nbsp;<strong>inquinamento luminoso<\/strong>&nbsp;e migliorare il&nbsp;<strong>comfort visivo<\/strong>.<\/p>\n<p>&nbsp;<\/p>\n<p>Il nostro lampione Conic incorpora la pi\u00f9 recente tecnologia dei moduli ottici LED con le seguenti caratteristiche:<\/p>\n<ul>\n<li>Modulo ottico Bridgelux Chip 40W + driver GXTronic:<\/li>\n<li>Blocco ottico a LED con potenza di 40W e realizzato con un set di 54 LED SMD3030 a 4 core Bridgelux 2240 DS-C30.<\/li>\n<li>Angolo di apertura (\u00ba): 70\u00ba - 150\u00ba.<\/li>\n<li>Efficienza del diodo LED (Lm\/W): 160 Lm\/w<\/li>\n<li>Efficienza luminosa (Lm\/W): 135Lm\/W<\/li>\n<li>CRI: 70<\/li>\n<li>Driver GXTronic di alta qualit\u00e0 con una durata di oltre 50.000 ore.<\/li>\n<li>Driver 23-42vDC 1000mA+-5%<\/li>\n<\/ul>\n<p>L'apparecchio, costruito in alluminio ad alta purezza, \u00e8 progettato per resistere alle condizioni esterne pi\u00f9 estreme ed \u00e8 verniciato in poliuretano cotto per massimizzarne la durata.<\/p>\n<p>\u00c8 un prodotto molto efficiente dal punto di vista energetico in quanto fornisce un'alta efficienza luminosa, offrendo la possibilit\u00e0 di ridurre il consumo di elettricit\u00e0 fino a 80% e allo stesso tempo \u00e8 ecologico in quanto non inquina.<\/p>\n<p>&nbsp;<\/p>\n<h2>Utilizzo del lampione LED 40W CONIC Bridgelux SMD 3030 160Lm\/W:<\/h2>\n<ul>\n<li>Parchi<\/li>\n<li>Giardini<\/li>\n<li>Luoghi<\/li>\n<li>Viali<\/li>\n<li>Sale per matrimoni<\/li>\n<li>Chalet<\/li>\n<li>Case rurali<\/li>\n<li>Edifici industriali<\/li>\n<\/ul>\n<h3 class=\"page-product-heading\">DATI TECNICI<\/h3>\n<div class=\"col-xs-12 col-md-6\">\n<table class=\"table table-data-sheet 1\">\n<tbody>\n<tr class=\"odd\">\n<td valign=\"middle\" width=\"32\"><\/td>\n<td valign=\"middle\">RIFERIMENTO :<\/td>\n<td valign=\"middle\">SL1008A-40W<\/td>\n<\/tr>\n<tr class=\"even\">\n<td valign=\"middle\" width=\"32\"><\/td>\n<td valign=\"middle\">Potenza nominale :<\/td>\n<td valign=\"middle\">40w<\/td>\n<\/tr>\n<tr class=\"odd\">\n<td valign=\"middle\" width=\"32\"><\/td>\n<td valign=\"middle\">Tensione nominale:<\/td>\n<td valign=\"middle\">85V-265V<\/td>\n<\/tr>\n<tr class=\"even\">\n<td valign=\"middle\" width=\"32\"><\/td>\n<td valign=\"middle\">Temperatura della luce:<\/td>\n<td valign=\"middle\">4000K<\/td>\n<\/tr>\n<tr class=\"odd\">\n<td valign=\"middle\" width=\"32\"><\/td>\n<td valign=\"middle\">CRI - Indice di resa cromatica:<\/td>\n<td valign=\"middle\">70<\/td>\n<\/tr>\n<tr class=\"even\">\n<td valign=\"middle\" width=\"32\"><\/td>\n<td valign=\"middle\">Materiale da costruzione:<\/td>\n<td valign=\"middle\">Alluminio +PC<\/td>\n<\/tr>\n<tr class=\"odd\">\n<td valign=\"middle\" width=\"32\"><\/td>\n<td valign=\"middle\">Luminosit\u00e0-Lm:<\/td>\n<td valign=\"middle\">5200 Lm<\/td>\n<\/tr>\n<tr class=\"even\">\n<td valign=\"middle\" width=\"32\"><\/td>\n<td valign=\"middle\">Tipo di LED:<\/td>\n<td valign=\"middle\">SMD 3030<\/td>\n<\/tr>\n<tr class=\"odd\">\n<td valign=\"middle\" width=\"32\"><\/td>\n<td valign=\"middle\">Angolo di apertura (\u00ba):<\/td>\n<td valign=\"middle\">80\u00ba-150\u00ba.<\/td>\n<\/tr>\n<tr class=\"even\">\n<td valign=\"middle\" width=\"32\"><\/td>\n<td valign=\"middle\">Efficienza del diodo LED (Lm\/W):<\/td>\n<td valign=\"middle\">160 Lm\/w<\/td>\n<\/tr>\n<tr class=\"odd\">\n<td valign=\"middle\" width=\"32\"><\/td>\n<td valign=\"middle\">Efficienza luminosa (Lm\/W):<\/td>\n<td valign=\"middle\">130Lm\/W<\/td>\n<\/tr>\n<tr class=\"even\">\n<td valign=\"middle\" width=\"32\"><\/td>\n<td valign=\"middle\">Certificati:<\/td>\n<td valign=\"middle\">CE - ROHS<\/td>\n<\/tr>\n<tr class=\"odd\">\n<td valign=\"middle\" width=\"32\"><\/td>\n<td valign=\"middle\">Grado di protezione IP:<\/td>\n<td valign=\"middle\">IP65-Outdoor<\/td>\n<\/tr>\n<\/tbody>\n<\/table>\n<\/div>\n<div class=\"col-xs-12 col-md-6 2\">\n<table class=\"table table-data-sheet 2\">\n<tbody>\n<tr class=\"odd\">\n<td valign=\"middle\" width=\"32\"><\/td>\n<td valign=\"middle\">Durata stimata del diodo LED (H):<\/td>\n<td valign=\"middle\">50.000<\/td>\n<\/tr>\n<tr class=\"even\">\n<td valign=\"middle\" width=\"32\"><\/td>\n<td valign=\"middle\">Dimensioni (mm):<\/td>\n<td valign=\"middle\">\u00d8370mm x 497mm - Foro di 74mm<\/td>\n<\/tr>\n<tr class=\"odd\">\n<td valign=\"middle\" width=\"32\"><\/td>\n<td valign=\"middle\">Fattore di potenza (PF):<\/td>\n<td valign=\"middle\">0.9<\/td>\n<\/tr>\n<tr class=\"even\">\n<td valign=\"middle\" width=\"32\"><\/td>\n<td valign=\"middle\">Frequenza di lavoro (Hz):<\/td>\n<td valign=\"middle\">50\/60Hz<\/td>\n<\/tr>\n<tr class=\"odd\">\n<td valign=\"middle\" width=\"32\"><\/td>\n<td valign=\"middle\">Intervallo di temperatura (\u00baC):<\/td>\n<td valign=\"middle\">-15\u00ba+70\u00ba -15\u00ba+70\u00ba -15\u00ba+70\u00ba -15\u00ba+70\u00ba -15\u00ba+70\u00ba -15\u00ba+70\u00ba<\/td>\n<\/tr>\n<tr class=\"even\">\n<td valign=\"middle\" width=\"32\"><\/td>\n<td valign=\"middle\">Cicli di accensione:<\/td>\n<td valign=\"middle\">100.000<\/td>\n<\/tr>\n<tr class=\"odd\">\n<td valign=\"middle\" width=\"32\"><\/td>\n<td valign=\"middle\">Tempo di avvio (s):<\/td>\n<td valign=\"middle\">0,2s<\/td>\n<\/tr>\n<tr class=\"even\">\n<td valign=\"middle\" width=\"32\"><\/td>\n<td valign=\"middle\">Informazioni aggiuntive:<\/td>\n<td valign=\"middle\">Driver: 23-42VDC- 1200mA+-5%<\/td>\n<\/tr>\n<tr class=\"odd\">\n<td valign=\"middle\" width=\"32\"><\/td>\n<td valign=\"middle\">Protezione dagli impatti (IK):<\/td>\n<td valign=\"middle\">IK08<\/td>\n<\/tr>\n<tr class=\"even\">\n<td valign=\"middle\" width=\"32\"><\/td>\n<td valign=\"middle\">Driver incluso:<\/td>\n<td valign=\"middle\">Driver GXTronic - 5 anni<\/td>\n<\/tr>\n<tr class=\"odd\">\n<td valign=\"middle\" width=\"32\"><\/td>\n<td valign=\"middle\">Classe energetica (2021-EU-2019\/2015):<\/td>\n<td valign=\"middle\">A++<\/td>\n<\/tr>\n<tr class=\"even\">\n<td valign=\"middle\" width=\"32\"><\/td>\n<td valign=\"middle\">Anni di garanzia:<\/td>\n<td valign=\"middle\">5<\/td>\n<\/tr>\n<\/tbody>\n<\/table>\n<\/div>\n<\/div>","protected":false},"excerpt":{"rendered":"<div class=\"col-md-12\"><i class=\"fa fa-truck\"><\/i>&nbsp;<span class=\"text-muted textprop\">Consegna in 24\/48 ore<\/span><div class=\"col-md-12\"><i class=\"fa fa-exchange\"><\/i>&nbsp;<span class=\"text-muted textprop\">Garanzia assicurata<\/span><\/div><div class=\"col-md-12\"><i class=\"fa fa-box\"><\/i>&nbsp;<span class=\"text-muted textprop\">1 unit\u00e0 per Masterbox<\/span><\/div><\/div>","protected":false},"featured_media":7443,"template":"","meta":{"site-sidebar-layout":"default","site-content-layout":"default","ast-global-header-display":"","ast-main-header-display":"","ast-hfb-above-header-display":"","ast-hfb-below-header-display":"","ast-hfb-mobile-header-display":"","site-post-title":"","ast-breadcrumbs-content":"","ast-featured-img":"","footer-sml-layout":"","theme-transparent-header-meta":"default","adv-header-id-meta":"","stick-header-meta":"","header-above-stick-meta":"","header-main-stick-meta":"","header-below-stick-meta":""},"product_cat":[95,30],"product_tag":[],"class_list":["post-7432","product","type-product","status-publish","has-post-thumbnail","hentry","product_cat-farolas-led-urbanas","product_cat-iluminacion-publica-y-vial"],"yoast_head":"<!-- This site is optimized with the Yoast SEO plugin v27.4 - https:\/\/yoast.com\/product\/yoast-seo-wordpress\/ -->\n<title>Farola LED 40W CONIC Bridgelux SMD 3030 160Lm\/W- Aluminio - STARLED Iluminacion<\/title>\n<meta name=\"robots\" content=\"index, follow, max-snippet:-1, max-image-preview:large, max-video-preview:-1\" \/>\n<link rel=\"canonical\" href=\"https:\/\/starlediluminacion.com\/it\/product\/farola-led-40w-conic-bridgelux-smd-3030-160lm-w-aluminio\/\" \/>\n<meta property=\"og:locale\" content=\"it_IT\" \/>\n<meta property=\"og:type\" content=\"article\" \/>\n<meta property=\"og:title\" content=\"Farola LED 40W CONIC Bridgelux SMD 3030 160Lm\/W- Aluminio - STARLED Iluminacion\" \/>\n<meta property=\"og:description\" content=\"\u00a0Entrega en 24\/48 horas \u00a0Garant\u00eda asegurada \u00a01 unidad(es) por Masterbox\" \/>\n<meta property=\"og:url\" content=\"https:\/\/starlediluminacion.com\/it\/product\/farola-led-40w-conic-bridgelux-smd-3030-160lm-w-aluminio\/\" \/>\n<meta property=\"og:site_name\" content=\"STARLED Iluminacion\" \/>\n<meta property=\"og:image\" content=\"https:\/\/starlediluminacion.com\/wp-content\/uploads\/2022\/08\/farola-led-40w-conic-philips-lumileds-smd-3030-165lmw-factorled.jpg\" \/>\n\t<meta property=\"og:image:width\" content=\"1000\" \/>\n\t<meta property=\"og:image:height\" content=\"1000\" \/>\n\t<meta property=\"og:image:type\" content=\"image\/jpeg\" \/>\n<meta name=\"twitter:card\" content=\"summary_large_image\" \/>\n<meta name=\"twitter:label1\" content=\"Tempo di lettura stimato\" \/>\n\t<meta name=\"twitter:data1\" content=\"2 minuti\" \/>\n<script type=\"application\/ld+json\" class=\"yoast-schema-graph\">{\"@context\":\"https:\\\/\\\/schema.org\",\"@graph\":[{\"@type\":\"WebPage\",\"@id\":\"https:\\\/\\\/starlediluminacion.com\\\/producto\\\/farola-led-40w-conic-bridgelux-smd-3030-160lm-w-aluminio\\\/\",\"url\":\"https:\\\/\\\/starlediluminacion.com\\\/producto\\\/farola-led-40w-conic-bridgelux-smd-3030-160lm-w-aluminio\\\/\",\"name\":\"Farola LED 40W CONIC Bridgelux SMD 3030 160Lm\\\/W- Aluminio - STARLED Iluminacion\",\"isPartOf\":{\"@id\":\"https:\\\/\\\/starlediluminacion.com\\\/#website\"},\"primaryImageOfPage\":{\"@id\":\"https:\\\/\\\/starlediluminacion.com\\\/producto\\\/farola-led-40w-conic-bridgelux-smd-3030-160lm-w-aluminio\\\/#primaryimage\"},\"image\":{\"@id\":\"https:\\\/\\\/starlediluminacion.com\\\/producto\\\/farola-led-40w-conic-bridgelux-smd-3030-160lm-w-aluminio\\\/#primaryimage\"},\"thumbnailUrl\":\"https:\\\/\\\/starlediluminacion.com\\\/wp-content\\\/uploads\\\/2022\\\/08\\\/farola-led-40w-conic-philips-lumileds-smd-3030-165lmw-factorled.jpg\",\"datePublished\":\"2022-08-22T10:35:14+00:00\",\"breadcrumb\":{\"@id\":\"https:\\\/\\\/starlediluminacion.com\\\/producto\\\/farola-led-40w-conic-bridgelux-smd-3030-160lm-w-aluminio\\\/#breadcrumb\"},\"inLanguage\":\"it-IT\",\"potentialAction\":[{\"@type\":\"ReadAction\",\"target\":[\"https:\\\/\\\/starlediluminacion.com\\\/producto\\\/farola-led-40w-conic-bridgelux-smd-3030-160lm-w-aluminio\\\/\"]}]},{\"@type\":\"ImageObject\",\"inLanguage\":\"it-IT\",\"@id\":\"https:\\\/\\\/starlediluminacion.com\\\/producto\\\/farola-led-40w-conic-bridgelux-smd-3030-160lm-w-aluminio\\\/#primaryimage\",\"url\":\"https:\\\/\\\/starlediluminacion.com\\\/wp-content\\\/uploads\\\/2022\\\/08\\\/farola-led-40w-conic-philips-lumileds-smd-3030-165lmw-factorled.jpg\",\"contentUrl\":\"https:\\\/\\\/starlediluminacion.com\\\/wp-content\\\/uploads\\\/2022\\\/08\\\/farola-led-40w-conic-philips-lumileds-smd-3030-165lmw-factorled.jpg\",\"width\":1000,\"height\":1000},{\"@type\":\"BreadcrumbList\",\"@id\":\"https:\\\/\\\/starlediluminacion.com\\\/producto\\\/farola-led-40w-conic-bridgelux-smd-3030-160lm-w-aluminio\\\/#breadcrumb\",\"itemListElement\":[{\"@type\":\"ListItem\",\"position\":1,\"name\":\"Portada\",\"item\":\"https:\\\/\\\/starlediluminacion.com\\\/\"},{\"@type\":\"ListItem\",\"position\":2,\"name\":\"Shop\",\"item\":\"https:\\\/\\\/starlediluminacion.com\\\/shop-2\\\/\"},{\"@type\":\"ListItem\",\"position\":3,\"name\":\"Farola LED 40W CONIC Bridgelux SMD 3030 160Lm\\\/W- Aluminio\"}]},{\"@type\":\"WebSite\",\"@id\":\"https:\\\/\\\/starlediluminacion.com\\\/#website\",\"url\":\"https:\\\/\\\/starlediluminacion.com\\\/\",\"name\":\"STARLED Iluminacion\",\"description\":\"\",\"potentialAction\":[{\"@type\":\"SearchAction\",\"target\":{\"@type\":\"EntryPoint\",\"urlTemplate\":\"https:\\\/\\\/starlediluminacion.com\\\/?s={search_term_string}\"},\"query-input\":{\"@type\":\"PropertyValueSpecification\",\"valueRequired\":true,\"valueName\":\"search_term_string\"}}],\"inLanguage\":\"it-IT\"}]}<\/script>\n<!-- \/ Yoast SEO plugin. -->","yoast_head_json":{"title":"Farola LED 40W CONIC Bridgelux SMD 3030 160Lm\/W- Aluminio - STARLED Iluminacion","robots":{"index":"index","follow":"follow","max-snippet":"max-snippet:-1","max-image-preview":"max-image-preview:large","max-video-preview":"max-video-preview:-1"},"canonical":"https:\/\/starlediluminacion.com\/it\/product\/farola-led-40w-conic-bridgelux-smd-3030-160lm-w-aluminio\/","og_locale":"it_IT","og_type":"article","og_title":"Farola LED 40W CONIC Bridgelux SMD 3030 160Lm\/W- Aluminio - STARLED Iluminacion","og_description":"\u00a0Entrega en 24\/48 horas \u00a0Garant\u00eda asegurada \u00a01 unidad(es) por Masterbox","og_url":"https:\/\/starlediluminacion.com\/it\/product\/farola-led-40w-conic-bridgelux-smd-3030-160lm-w-aluminio\/","og_site_name":"STARLED Iluminacion","og_image":[{"width":1000,"height":1000,"url":"https:\/\/starlediluminacion.com\/wp-content\/uploads\/2022\/08\/farola-led-40w-conic-philips-lumileds-smd-3030-165lmw-factorled.jpg","type":"image\/jpeg"}],"twitter_card":"summary_large_image","twitter_misc":{"Tempo di lettura stimato":"2 minuti"},"schema":{"@context":"https:\/\/schema.org","@graph":[{"@type":"WebPage","@id":"https:\/\/starlediluminacion.com\/producto\/farola-led-40w-conic-bridgelux-smd-3030-160lm-w-aluminio\/","url":"https:\/\/starlediluminacion.com\/producto\/farola-led-40w-conic-bridgelux-smd-3030-160lm-w-aluminio\/","name":"Farola LED 40W CONIC Bridgelux SMD 3030 160Lm\/W- Aluminio - STARLED Iluminacion","isPartOf":{"@id":"https:\/\/starlediluminacion.com\/#website"},"primaryImageOfPage":{"@id":"https:\/\/starlediluminacion.com\/producto\/farola-led-40w-conic-bridgelux-smd-3030-160lm-w-aluminio\/#primaryimage"},"image":{"@id":"https:\/\/starlediluminacion.com\/producto\/farola-led-40w-conic-bridgelux-smd-3030-160lm-w-aluminio\/#primaryimage"},"thumbnailUrl":"https:\/\/starlediluminacion.com\/wp-content\/uploads\/2022\/08\/farola-led-40w-conic-philips-lumileds-smd-3030-165lmw-factorled.jpg","datePublished":"2022-08-22T10:35:14+00:00","breadcrumb":{"@id":"https:\/\/starlediluminacion.com\/producto\/farola-led-40w-conic-bridgelux-smd-3030-160lm-w-aluminio\/#breadcrumb"},"inLanguage":"it-IT","potentialAction":[{"@type":"ReadAction","target":["https:\/\/starlediluminacion.com\/producto\/farola-led-40w-conic-bridgelux-smd-3030-160lm-w-aluminio\/"]}]},{"@type":"ImageObject","inLanguage":"it-IT","@id":"https:\/\/starlediluminacion.com\/producto\/farola-led-40w-conic-bridgelux-smd-3030-160lm-w-aluminio\/#primaryimage","url":"https:\/\/starlediluminacion.com\/wp-content\/uploads\/2022\/08\/farola-led-40w-conic-philips-lumileds-smd-3030-165lmw-factorled.jpg","contentUrl":"https:\/\/starlediluminacion.com\/wp-content\/uploads\/2022\/08\/farola-led-40w-conic-philips-lumileds-smd-3030-165lmw-factorled.jpg","width":1000,"height":1000},{"@type":"BreadcrumbList","@id":"https:\/\/starlediluminacion.com\/producto\/farola-led-40w-conic-bridgelux-smd-3030-160lm-w-aluminio\/#breadcrumb","itemListElement":[{"@type":"ListItem","position":1,"name":"Portada","item":"https:\/\/starlediluminacion.com\/"},{"@type":"ListItem","position":2,"name":"Shop","item":"https:\/\/starlediluminacion.com\/shop-2\/"},{"@type":"ListItem","position":3,"name":"Farola LED 40W CONIC Bridgelux SMD 3030 160Lm\/W- Aluminio"}]},{"@type":"WebSite","@id":"https:\/\/starlediluminacion.com\/#website","url":"https:\/\/starlediluminacion.com\/","name":"STARLED Iluminacion","description":"","potentialAction":[{"@type":"SearchAction","target":{"@type":"EntryPoint","urlTemplate":"https:\/\/starlediluminacion.com\/?s={search_term_string}"},"query-input":{"@type":"PropertyValueSpecification","valueRequired":true,"valueName":"search_term_string"}}],"inLanguage":"it-IT"}]}},"_links":{"self":[{"href":"https:\/\/starlediluminacion.com\/it\/wp-json\/wp\/v3\/product\/7432","targetHints":{"allow":["GET"]}}],"collection":[{"href":"https:\/\/starlediluminacion.com\/it\/wp-json\/wp\/v3\/product"}],"about":[{"href":"https:\/\/starlediluminacion.com\/it\/wp-json\/wp\/v2\/types\/product"}],"wp:featuredmedia":[{"embeddable":true,"href":"https:\/\/starlediluminacion.com\/it\/wp-json\/wp\/v2\/media\/7443"}],"wp:attachment":[{"href":"https:\/\/starlediluminacion.com\/it\/wp-json\/wp\/v2\/media?parent=7432"}],"wp:term":[{"taxonomy":"product_cat","embeddable":true,"href":"https:\/\/starlediluminacion.com\/it\/wp-json\/wp\/v2\/product_cat?post=7432"},{"taxonomy":"product_tag","embeddable":true,"href":"https:\/\/starlediluminacion.com\/it\/wp-json\/wp\/v2\/product_tag?post=7432"}],"curies":[{"name":"wp","href":"https:\/\/api.w.org\/{rel}","templated":true}]}}