{"id":7188,"date":"2022-08-20T20:58:56","date_gmt":"2022-08-20T20:58:56","guid":{"rendered":"https:\/\/starlediluminacion.com\/?post_type=product&#038;p=7188"},"modified":"2022-08-20T20:58:57","modified_gmt":"2022-08-20T20:58:57","slug":"farola-led-100w-frigg-philips-lumileds-chip-140lm-w","status":"publish","type":"product","link":"https:\/\/starlediluminacion.com\/it\/product\/lampione-led-100w-frigg-philips-lumileds-chip-140lm-w\/","title":{"rendered":"<p>farola led 100w frigg &ndash;  lumileds chip 140lm\/w<\/p>"},"content":{"rendered":"<p>RIFERIMENTO: SL90613<div class=\"hidden-xs parrafo\">\n<p>Il&nbsp;<strong>Lampione a LED da 100W FRIGG<\/strong>&nbsp;\u00e8 costituito da un diodo&nbsp;<strong>SMD2835 LUMILEDS<\/strong>&nbsp;La tecnologia LED \u00e8 in grado di generare un'elevata luminosit\u00e0, in grado di generare una grande illuminazione in qualsiasi spazio esterno di illuminazione pubblica. \u00c8 il momento di sostituire i vecchi lampioni con quelli nuovi e la tecnologia LED pu\u00f2 ridurre il consumo energetico fino a 80%.<\/p>\n<\/div><div id=\"views_block-1\" class=\"clearfix\">\n<div id=\"thumbs_list\">\n<h1>Lampione LED 100W FRIGG - Chip LUMILEDS<\/h1>\n<p>&nbsp;<\/p>\n<p>Per ottenere una migliore illuminazione stradale, la soluzione ideale \u00e8 la nuova&nbsp;<strong>Lampione FRIGG,<\/strong>&nbsp;che si distingue dagli altri per la sua<strong>&nbsp;100W<\/strong>&nbsp;- SMD2835<strong>&nbsp;-Chip luminoso<\/strong>&nbsp;ottenere un apparecchio d'illuminazione di qualit\u00e0. Realizzato in alluminio e PMMA di alta qualit\u00e0 e trasparenza, garantisce una protezione ad alta resistenza.<\/p>\n<p>Un grande vantaggio di questa lanterna \u00e8 il suo design extrapiatto, che impedisce alle foglie degli alberi o allo sporco di depositarsi sulla lanterna, riducendo al contempo l'impatto visivo della lanterna.<\/p>\n<p>Il lampione&nbsp;<strong>LED FRIGG<\/strong>&nbsp;viene attivata immediatamente, eliminando i fastidiosi tempi di attesa che lasciano intere aree al buio quando manca la corrente, creando insicurezza tra i passanti.<\/p>\n<p>Resistenza agli urti IK10.<\/p>\n<p>Inoltre, grazie alla sua protezione&nbsp;<strong>IP65&nbsp;<\/strong>\u00e8 protetto da qualsiasi variazione del tempo, senza compromettere la sua funzione di illuminazione.<\/p>\n<p>Il suo ampio angolo di luce raggiunge una maggiore quantit\u00e0 di spazio, ottenendo un'illuminazione migliore e pi\u00f9 uniforme.<\/p>\n<p>L'apparecchio di illuminazione<strong>&nbsp;LED FRIGG&nbsp;<\/strong>&nbsp;L'illuminazione stradale consente di mantenere una buona illuminazione con un consumo ridotto. I costi di gestione sono pi\u00f9 bassi perch\u00e9 non ci sono starter o componenti elettronici da sostituire.<\/p>\n<p>Costruito per una lunga durata, il&nbsp;<strong>Lampione a LED FRIGG<\/strong>&nbsp;ha una garanzia di 3 anni sul suo alimentatore di alta qualit\u00e0, durevole e di design.<\/p>\n<p>\u00c8 dotata di un connettore rotondo girevole di 60 mm di diametro, con 2 viti a pressione per il fissaggio alla colonna. La stessa staffa pu\u00f2 essere fissata anche alla parete.<\/p>\n<h2>Applicazioni : 100W FRIGG LED Streetlight - Chip LUMILEDS<\/h2>\n<p>&nbsp;<\/p>\n<ul>\n<li>Illuminazione stradale<\/li>\n<li>Giardini e sentieri<\/li>\n<li>Parchi e piazze<\/li>\n<li>Centro sportivo<\/li>\n<li>Parcheggi<\/li>\n<\/ul>\n<h3 class=\"page-product-heading\">DATI TECNICI<\/h3>\n<div class=\"col-xs-12 col-md-6\">\n<table class=\"table table-data-sheet 1\">\n<tbody>\n<tr class=\"odd\">\n<td valign=\"middle\" width=\"32\"><\/td>\n<td valign=\"middle\">RIFERIMENTO :<\/td>\n<td valign=\"middle\">SL90613<\/td>\n<\/tr>\n<tr class=\"even\">\n<td valign=\"middle\" width=\"32\"><\/td>\n<td valign=\"middle\">Potenza nominale :<\/td>\n<td valign=\"middle\">100w<\/td>\n<\/tr>\n<tr class=\"odd\">\n<td valign=\"middle\" width=\"32\"><\/td>\n<td valign=\"middle\">Tensione nominale:<\/td>\n<td valign=\"middle\">85V-265V<\/td>\n<\/tr>\n<tr class=\"even\">\n<td valign=\"middle\" width=\"32\"><\/td>\n<td valign=\"middle\">Temperatura della luce:<\/td>\n<td valign=\"middle\">4000K-6000K<\/td>\n<\/tr>\n<tr class=\"odd\">\n<td valign=\"middle\" width=\"32\"><\/td>\n<td valign=\"middle\">CRI - Indice di resa cromatica:<\/td>\n<td valign=\"middle\">70<\/td>\n<\/tr>\n<tr class=\"even\">\n<td valign=\"middle\" width=\"32\"><\/td>\n<td valign=\"middle\">Materiale da costruzione:<\/td>\n<td valign=\"middle\">Alluminio<\/td>\n<\/tr>\n<tr class=\"odd\">\n<td valign=\"middle\" width=\"32\"><\/td>\n<td valign=\"middle\">Luminosit\u00e0-Lm:<\/td>\n<td valign=\"middle\">15000<\/td>\n<\/tr>\n<tr class=\"even\">\n<td valign=\"middle\" width=\"32\"><\/td>\n<td valign=\"middle\">Tipo di LED:<\/td>\n<td valign=\"middle\">SMD2835 LUMILEDS<\/td>\n<\/tr>\n<tr class=\"odd\">\n<td valign=\"middle\" width=\"32\"><\/td>\n<td valign=\"middle\">Angolo di apertura (\u00ba):<\/td>\n<td valign=\"middle\">Primario 140\u00ba x secondario 70\u00ba Primario 140\u00ba x secondario 70\u00ba Primario 140\u00ba x secondario 70\u00ba Primario 140\u00ba x secondario 70\u00ba<\/td>\n<\/tr>\n<tr class=\"even\">\n<td valign=\"middle\" width=\"32\"><\/td>\n<td valign=\"middle\">Efficienza del diodo LED (Lm\/W):<\/td>\n<td valign=\"middle\">160 Lm\/w<\/td>\n<\/tr>\n<tr class=\"odd\">\n<td valign=\"middle\" width=\"32\"><\/td>\n<td valign=\"middle\">Efficienza luminosa (Lm\/W):<\/td>\n<td valign=\"middle\">150 Lm\/W<\/td>\n<\/tr>\n<tr class=\"even\">\n<td valign=\"middle\" width=\"32\"><\/td>\n<td valign=\"middle\">Certificati:<\/td>\n<td valign=\"middle\">CE - ROHS<\/td>\n<\/tr>\n<\/tbody>\n<\/table>\n<\/div>\n<div class=\"col-xs-12 col-md-6 2\">\n<table class=\"table table-data-sheet 2\">\n<tbody>\n<tr class=\"odd\">\n<td valign=\"middle\" width=\"32\"><\/td>\n<td valign=\"middle\">Grado di protezione IP:<\/td>\n<td valign=\"middle\">IP65-Outdoor<\/td>\n<\/tr>\n<tr class=\"even\">\n<td valign=\"middle\" width=\"32\"><\/td>\n<td valign=\"middle\">Durata stimata del diodo LED (H):<\/td>\n<td valign=\"middle\">100.000<\/td>\n<\/tr>\n<tr class=\"odd\">\n<td valign=\"middle\" width=\"32\"><\/td>\n<td valign=\"middle\">Fattore di potenza (PF):<\/td>\n<td valign=\"middle\">0.99<\/td>\n<\/tr>\n<tr class=\"even\">\n<td valign=\"middle\" width=\"32\"><\/td>\n<td valign=\"middle\">Frequenza di lavoro (Hz):<\/td>\n<td valign=\"middle\">50\/60Hz<\/td>\n<\/tr>\n<tr class=\"odd\">\n<td valign=\"middle\" width=\"32\"><\/td>\n<td valign=\"middle\">Intervallo di temperatura (\u00baC):<\/td>\n<td valign=\"middle\">-20\u00b0C ~ +55\u00b0C<\/td>\n<\/tr>\n<tr class=\"even\">\n<td valign=\"middle\" width=\"32\"><\/td>\n<td valign=\"middle\">Tempo di avvio (s):<\/td>\n<td valign=\"middle\">0,2s<\/td>\n<\/tr>\n<tr class=\"odd\">\n<td valign=\"middle\" width=\"32\"><\/td>\n<td valign=\"middle\">Informazioni aggiuntive:<\/td>\n<td valign=\"middle\">Protezione contro le sovratensioni del driver: 4K<\/td>\n<\/tr>\n<tr class=\"even\">\n<td valign=\"middle\" width=\"32\"><\/td>\n<td valign=\"middle\">Protezione dagli impatti (IK):<\/td>\n<td valign=\"middle\">IK10<\/td>\n<\/tr>\n<tr class=\"odd\">\n<td valign=\"middle\" width=\"32\"><\/td>\n<td valign=\"middle\">Driver incluso:<\/td>\n<td valign=\"middle\">Driver GXTronic<\/td>\n<\/tr>\n<tr class=\"even\">\n<td valign=\"middle\" width=\"32\"><\/td>\n<td valign=\"middle\">Classe energetica (2021-EU-2019\/2015):<\/td>\n<td valign=\"middle\">A++<\/td>\n<\/tr>\n<tr class=\"odd\">\n<td valign=\"middle\" width=\"32\"><\/td>\n<td valign=\"middle\">Anni di garanzia:<\/td>\n<td valign=\"middle\">3<\/td>\n<\/tr>\n<\/tbody>\n<\/table>\n<p>&nbsp;<\/p>\n<\/div>\n<\/div>\n<\/div><\/p>","protected":false},"excerpt":{"rendered":"<div class=\"col-md-12\"><i class=\"fa fa-truck\"><\/i>&nbsp;<span class=\"text-muted textprop\">Consegna in 24\/48 ore<\/span><div class=\"col-md-12\"><i class=\"fa fa-exchange\"><\/i>&nbsp;<span class=\"text-muted textprop\">Garanzia assicurata<\/span><\/div><div class=\"col-md-12\"><i class=\"fa fa-box\"><\/i>&nbsp;<span class=\"text-muted textprop\">10 unit\u00e0 per Masterbox<\/span><\/div><div class=\"col-md-12 certificados\"><strong>TEMPERATURA DI COLORE: 4000K\/5000K<\/strong><\/div><\/div>","protected":false},"featured_media":7197,"template":"","meta":{"site-sidebar-layout":"default","site-content-layout":"default","ast-global-header-display":"","ast-main-header-display":"","ast-hfb-above-header-display":"","ast-hfb-below-header-display":"","ast-hfb-mobile-header-display":"","site-post-title":"","ast-breadcrumbs-content":"","ast-featured-img":"","footer-sml-layout":"","theme-transparent-header-meta":"default","adv-header-id-meta":"","stick-header-meta":"","header-above-stick-meta":"","header-main-stick-meta":"","header-below-stick-meta":""},"product_cat":[95,30],"product_tag":[],"class_list":["post-7188","product","type-product","status-publish","has-post-thumbnail","hentry","product_cat-farolas-led-urbanas","product_cat-iluminacion-publica-y-vial"],"_links":{"self":[{"href":"https:\/\/starlediluminacion.com\/it\/wp-json\/wp\/v3\/product\/7188","targetHints":{"allow":["GET"]}}],"collection":[{"href":"https:\/\/starlediluminacion.com\/it\/wp-json\/wp\/v3\/product"}],"about":[{"href":"https:\/\/starlediluminacion.com\/it\/wp-json\/wp\/v2\/types\/product"}],"wp:featuredmedia":[{"embeddable":true,"href":"https:\/\/starlediluminacion.com\/it\/wp-json\/wp\/v2\/media\/7197"}],"wp:attachment":[{"href":"https:\/\/starlediluminacion.com\/it\/wp-json\/wp\/v2\/media?parent=7188"}],"wp:term":[{"taxonomy":"product_cat","embeddable":true,"href":"https:\/\/starlediluminacion.com\/it\/wp-json\/wp\/v2\/product_cat?post=7188"},{"taxonomy":"product_tag","embeddable":true,"href":"https:\/\/starlediluminacion.com\/it\/wp-json\/wp\/v2\/product_tag?post=7188"}],"curies":[{"name":"wp","href":"https:\/\/api.w.org\/{rel}","templated":true}]}}