{"id":7061,"date":"2022-08-20T18:37:16","date_gmt":"2022-08-20T18:37:16","guid":{"rendered":"https:\/\/starlediluminacion.com\/?post_type=product&#038;p=7061"},"modified":"2022-08-20T18:37:16","modified_gmt":"2022-08-20T18:37:16","slug":"farola-led-romanico-aluminio-40w-50w-65w","status":"publish","type":"product","link":"https:\/\/starlediluminacion.com\/it\/product\/farola-led-romanico-aluminio-40w-50w-65w\/","title":{"rendered":"<p>Lampione LED ROMANICO Alluminio 40W-50W-65W<\/p>"},"content":{"rendered":"<div class=\"product-info-line\">\n<p id=\"product_reference\"><label>referencia: slrome<br>\n<\/label><\/p>\n<p>Sono disponibili diverse opzioni di montaggio nel nostro&nbsp;<strong>luminaria&nbsp;rom&aacute;nico de aluminio<\/strong>:<\/p>\n<ul>\n<li>modulo ottico&nbsp;<strong>bridgelux 40w<\/strong>&nbsp;+ driver gxtronic<\/li>\n<li>modulo ottico&nbsp;<strong>Chip osram magnum da 50w<\/strong>&nbsp;+ driver gxtronic<\/li>\n<li>modulo ottico&nbsp;<strong>Chip osram magnum dob 50w<\/strong><\/li>\n<li>modulo ottico&nbsp;<strong>50w smd5050 high lumens bridgelux<\/strong>&nbsp;+ driver gxtronic<\/li>\n<li>modulo ottico&nbsp;<strong>65w smd5050 high lumens bridgelux<\/strong>&nbsp;+ driver programmabile xitanio 1-10v<\/li>\n<\/ul>\n<h1>farola led rom&aacute;nico&nbsp;aluminio 40w-50w-65w<\/h1>\n<p>questo<strong>&nbsp;lampione a led fisherman&nbsp;<\/strong>in alluminio, \u00e8 ideale per arredare qualsiasi spazio esterno, ha un design elegante e classico e un'elegante finitura nera.<\/p>\n<p>la lanterna pu\u00f2 avere caratteristiche diverse a seconda del modulo ottico LED montato:<\/p>\n<h3><strong>- modulo ottico bridgelux chip 40w + driver gxtronic:<\/strong><\/h3>\n<ul>\n<li>blocco ottico a led con potenza di 40w e realizzato con un set di 54 diodi LED smd3030 4-core bridgelux 2240 ds-c30 smd30.<\/li>\n<li>angolo di apertura (\u00ba): 70\u00ba - 150\u00ba.<\/li>\n<li>efficacia del diodo led (lm\/w): 160 lm\/w<\/li>\n<li>efficacia luminosa (lm\/w): 135lm\/w<\/li>\n<li>cri: 70<\/li>\n<li>driver di alta qualit\u00e0 di gxtronic con una durata di oltre 50.000 ore.<\/li>\n<li>driver 23-42vdc 1000ma+-5%<\/li>\n<\/ul>\n<h3><strong>- modulo ottico 50w magnum osram chip + driver gxtronic<\/strong><\/h3>\n<ul>\n<li>blocco ottico a led con una potenza di 50w ed \u00e8 realizzato con un team di 85 diodi led osram smd3030 a 3 core.<\/li>\n<li>angolo di apertura (\u00ba): 136\u00ba-78\u00ba.<\/li>\n<li>efficacia del diodo led (lm\/w): 180 lm\/w<\/li>\n<li>efficacia luminosa (lm\/w): 150lm\/w.<\/li>\n<li>cri: 80<\/li>\n<li>driver 23-42vdc 1300ma+-5%<\/li>\n<\/ul>\n<h3><strong>- modulo ottico 50w magnum dob osram chip<br>\n<\/strong><\/h3>\n<ul>\n<li>blocco ottico a led con potenza di 50w e realizzato con un team di 72 diodi led smd3030 a 3 core osram os-core sapphire odb2235s.a smd3030.<\/li>\n<li>angolo di apertura (\u00ba): 90\u00bax90\u00ba.<\/li>\n<li>efficacia del diodo led (lm\/w): 180 lm\/w<\/li>\n<li>efficacia luminosa (lm\/w): 140lm\/w<\/li>\n<li>cri: 80<\/li>\n<li>conducente: dob gxtronic.<\/li>\n<\/ul>\n<h3><strong>- smd505050 bridgelux modulo ottico 50w ad alta luminosit\u00e0 + driver gxtronic<\/strong><\/h3>\n<ul>\n<li>blocco ottico a led con una potenza di 50w ed \u00e8 realizzato con un team di 36 diodi led smd5050 di 8 core bridgelux chip 2240ds-30.<\/li>\n<li>angolo di apertura (\u00ba): 90\u00bax90\u00ba.<\/li>\n<li>efficacia del diodo led (lm\/w): 220 lm\/w<\/li>\n<li>efficacia luminosa (lm\/w): 188lm\/w.<\/li>\n<li>cri: 70<\/li>\n<li>driver 23-42vdc 1300ma+-5%<\/li>\n<\/ul>\n<h3><strong>- smd5050 bridgelux modulo ottico 65w ad alta luminosit\u00e0 + driver <\/strong><\/h3>\n<ul>\n<li>blocco ottico a led con una potenza di 50w ed \u00e8 realizzato con un team di 36 diodi led smd5050 con 8 nuclei bridgelux.<\/li>\n<li>angolo di apertura (\u00ba): 90\u00bax90\u00ba.<\/li>\n<li>efficacia del diodo led (lm\/w): 200 lm\/w<\/li>\n<li>efficacia luminosa (lm\/w): 160lm\/w.<\/li>\n<li>cri: 70<\/li>\n<li>driver 1-10v - regolabile + programmabile (5 impostazioni)<\/li>\n<\/ul>\n<p>&nbsp;<\/p>\n<p>l'apparecchio, costruito in alluminio, \u00e8 progettato per resistere alle condizioni esterne pi\u00f9 estreme ed \u00e8 verniciato in poliuretano cotto per massimizzarne la durata.<\/p>\n<p>\u00e8 un prodotto molto efficiente dal punto di vista energetico in quanto fornisce un'alta efficienza luminosa, offrendo la possibilit\u00e0 di ridurre il consumo di elettricit\u00e0 fino a 80% e allo stesso tempo \u00e8 ecologico in quanto non inquina.<\/p>\n<p>&nbsp;<\/p>\n<h2>usos de la&nbsp;farola led&nbsp;rom&aacute;nico&nbsp;aluminio 40w-50w-65w:<\/h2>\n<ul>\n<li>parchi<\/li>\n<li>giardini<\/li>\n<li>luoghi<\/li>\n<li>viali<\/li>\n<li>SALE DA SPOSI<\/li>\n<li>chalet<\/li>\n<li>case rurali<\/li>\n<li>magazzini industriali<\/li>\n<\/ul>\n<h3 class=\"page-product-heading\">dettagli tecnici<\/h3>\n<div class=\"col-xs-12 col-md-6\">\n<table class=\"table table-data-sheet 1\">\n<tbody>\n<tr class=\"odd\">\n<td valign=\"middle\" width=\"32\"><\/td>\n<td valign=\"middle\">riferimento :<\/td>\n<td valign=\"middle\">slrome<\/td>\n<\/tr>\n<tr class=\"even\">\n<td valign=\"middle\" width=\"32\"><\/td>\n<td valign=\"middle\">Potenza nominale :<\/td>\n<td valign=\"middle\">40w-50w-65w<\/td>\n<\/tr>\n<tr class=\"odd\">\n<td valign=\"middle\" width=\"32\"><\/td>\n<td valign=\"middle\">tensione nominale:<\/td>\n<td valign=\"middle\">170v-270v<\/td>\n<\/tr>\n<tr class=\"even\">\n<td valign=\"middle\" width=\"32\"><\/td>\n<td valign=\"middle\">temperatura della luce:<\/td>\n<td valign=\"middle\">3000k-4000k-5000k<\/td>\n<\/tr>\n<tr class=\"odd\">\n<td valign=\"middle\" width=\"32\"><\/td>\n<td valign=\"middle\">cri -indice di riproduzione cromatica:<\/td>\n<td valign=\"middle\">bridgelux: 70 osram: 80<\/td>\n<\/tr>\n<tr class=\"even\">\n<td valign=\"middle\" width=\"32\"><\/td>\n<td valign=\"middle\">materiale da costruzione:<\/td>\n<td valign=\"middle\">alluminio +pmma<\/td>\n<\/tr>\n<tr class=\"odd\">\n<td valign=\"middle\" width=\"32\"><\/td>\n<td valign=\"middle\">tipo di LED:<\/td>\n<td valign=\"middle\">40w: smd3030 bridgelux. 50w magnum: smd3030 osram. 50w dob: smd3030 osram - 50w: smd505050 bridgelux chip.<\/td>\n<\/tr>\n<tr class=\"even\">\n<td valign=\"middle\" width=\"32\"><\/td>\n<td valign=\"middle\">angolo di apertura (\u00ba):<\/td>\n<td valign=\"middle\">40w:70\u00ba-150\u00ba - 50w:136\u00bax78\u00ba - 90\u00bax90\u00ba 100w::136\u00bax78\u00ba - 90\u00bax90\u00ba<\/td>\n<\/tr>\n<tr class=\"odd\">\n<td valign=\"middle\" width=\"32\"><\/td>\n<td valign=\"middle\">efficienza del diodo led (lm\/w):<\/td>\n<td valign=\"middle\">40w:160lm\/w - 50w:180lm\/w - 50w dob:180lm\/w - 50w 5050: 220lm\/w 65w:200lm\/w<\/td>\n<\/tr>\n<tr class=\"even\">\n<td valign=\"middle\" width=\"32\"><\/td>\n<td valign=\"middle\">efficacia luminosa (lm\/w):<\/td>\n<td valign=\"middle\">40w: 135lm\/w - 50w: 150lm\/w - 50w dob: 140lm\/w - 50w 5050: 188lm\/w 65w: 160lm\/w<\/td>\n<\/tr>\n<tr class=\"odd\">\n<td valign=\"middle\" width=\"32\"><\/td>\n<td valign=\"middle\">grado di ip:<\/td>\n<td valign=\"middle\">ip65-esterno<\/td>\n<\/tr>\n<\/tbody>\n<\/table>\n<\/div>\n<div class=\"col-xs-12 col-md-6 2\">\n<table class=\"table table-data-sheet 2\">\n<tbody>\n<tr class=\"odd\">\n<td valign=\"middle\" width=\"32\"><\/td>\n<td valign=\"middle\">vita stimata del diodo led (h):<\/td>\n<td valign=\"middle\">50.000<\/td>\n<\/tr>\n<tr class=\"even\">\n<td valign=\"middle\" width=\"32\"><\/td>\n<td valign=\"middle\">dimensioni (mm):<\/td>\n<td valign=\"middle\">550x550xh950mm<\/td>\n<\/tr>\n<tr class=\"odd\">\n<td valign=\"middle\" width=\"32\"><\/td>\n<td valign=\"middle\">fattore di potenza (pf):<\/td>\n<td valign=\"middle\">0.95<\/td>\n<\/tr>\n<tr class=\"even\">\n<td valign=\"middle\" width=\"32\"><\/td>\n<td valign=\"middle\">frequenza di lavoro (hz):<\/td>\n<td valign=\"middle\">50\/60hz<\/td>\n<\/tr>\n<tr class=\"odd\">\n<td valign=\"middle\" width=\"32\"><\/td>\n<td valign=\"middle\">intervallo di temperatura (\u00baC):<\/td>\n<td valign=\"middle\">-20\u00b0c ~ +55\u00b0c<\/td>\n<\/tr>\n<tr class=\"even\">\n<td valign=\"middle\" width=\"32\"><\/td>\n<td valign=\"middle\">cicli di accensione:<\/td>\n<td valign=\"middle\">100.000<\/td>\n<\/tr>\n<tr class=\"odd\">\n<td valign=\"middle\" width=\"32\"><\/td>\n<td valign=\"middle\">tempo di avvio (s):<\/td>\n<td valign=\"middle\">0,2s<\/td>\n<\/tr>\n<tr class=\"even\">\n<td valign=\"middle\" width=\"32\"><\/td>\n<td valign=\"middle\">protezione dagli impatti (ik):<\/td>\n<td valign=\"middle\">ik10<\/td>\n<\/tr>\n<tr class=\"odd\">\n<td valign=\"middle\" width=\"32\"><\/td>\n<td valign=\"middle\">driver incluso:<\/td>\n<td valign=\"middle\">40w: gxtronic - 50w: gxtronic - 65w: - 100w: gxtronic<\/td>\n<\/tr>\n<tr class=\"even\">\n<td valign=\"middle\" width=\"32\"><\/td>\n<td valign=\"middle\">classe energetica (2021-EU-2019\/2015):<\/td>\n<td valign=\"middle\">a+<\/td>\n<\/tr>\n<tr class=\"odd\">\n<td valign=\"middle\" width=\"32\"><\/td>\n<td valign=\"middle\">anni di garanzia:<\/td>\n<td valign=\"middle\">5<\/td>\n<\/tr>\n<\/tbody>\n<\/table>\n<p>&nbsp;<\/p>\n<\/div>\n<\/div>","protected":false},"excerpt":{"rendered":"<div class=\"col-md-12\"><i class=\"fa fa-truck\"><\/i>&nbsp;<span class=\"text-muted textprop\">Consegna in 24\/48 ore<\/span><div class=\"col-md-12\"><i class=\"fa fa-exchange\"><\/i>&nbsp;<span class=\"text-muted textprop\">Garanzia assicurata<\/span><\/div><div class=\"col-md-12\"><i class=\"fa fa-box\"><\/i>&nbsp;<span class=\"text-muted textprop\">1 unit\u00e0 per Masterbox<\/span><\/div><div><strong>TEMPERATURA DI COLORE: 3000K\/4000K<\/strong><\/div><\/div>","protected":false},"featured_media":7071,"template":"","meta":{"site-sidebar-layout":"default","site-content-layout":"default","ast-global-header-display":"","ast-main-header-display":"","ast-hfb-above-header-display":"","ast-hfb-below-header-display":"","ast-hfb-mobile-header-display":"","site-post-title":"","ast-breadcrumbs-content":"","ast-featured-img":"","footer-sml-layout":"","theme-transparent-header-meta":"default","adv-header-id-meta":"","stick-header-meta":"","header-above-stick-meta":"","header-main-stick-meta":"","header-below-stick-meta":""},"product_cat":[96,30],"product_tag":[],"class_list":["post-7061","product","type-product","status-publish","has-post-thumbnail","hentry","product_cat-farolas-led-clasicas","product_cat-iluminacion-publica-y-vial"],"_links":{"self":[{"href":"https:\/\/starlediluminacion.com\/it\/wp-json\/wp\/v3\/product\/7061","targetHints":{"allow":["GET"]}}],"collection":[{"href":"https:\/\/starlediluminacion.com\/it\/wp-json\/wp\/v3\/product"}],"about":[{"href":"https:\/\/starlediluminacion.com\/it\/wp-json\/wp\/v2\/types\/product"}],"wp:featuredmedia":[{"embeddable":true,"href":"https:\/\/starlediluminacion.com\/it\/wp-json\/wp\/v2\/media\/7071"}],"wp:attachment":[{"href":"https:\/\/starlediluminacion.com\/it\/wp-json\/wp\/v2\/media?parent=7061"}],"wp:term":[{"taxonomy":"product_cat","embeddable":true,"href":"https:\/\/starlediluminacion.com\/it\/wp-json\/wp\/v2\/product_cat?post=7061"},{"taxonomy":"product_tag","embeddable":true,"href":"https:\/\/starlediluminacion.com\/it\/wp-json\/wp\/v2\/product_tag?post=7061"}],"curies":[{"name":"wp","href":"https:\/\/api.w.org\/{rel}","templated":true}]}}