{"id":6494,"date":"2022-08-14T14:49:40","date_gmt":"2022-08-14T14:49:40","guid":{"rendered":"https:\/\/starlediluminacion.com\/?post_type=product&#038;p=6494"},"modified":"2022-08-14T15:27:53","modified_gmt":"2022-08-14T15:27:53","slug":"tira-led-24v-240xled-m-5m-smd2835-3000lm-30w-m-cri97-ip20-high-lumens","status":"publish","type":"product","link":"https:\/\/starlediluminacion.com\/it\/product\/tira-led-24v-240xled-m-5m-smd2835-3000lm-30w-m-cri97-ip20-high-lumens\/","title":{"rendered":"<p>Striscia LED 24V | 240xLED\/m | 5m | SMD2835 | 3000Lm | 30W\/M | CRI97 | IP20| ALTI LUMENTI<\/p>"},"content":{"rendered":"<p><label>RIFERIMENTO: SL90503<\/label><div class=\"hidden-xs parrafo\">\n<p><strong>Rotolo da 5 metri<\/strong>&nbsp;di Striscia LED 24V,&nbsp;<strong>ALTA LUMINOSIT\u00c0, con elevato CRI97<\/strong>\u00c8 dotato di nastro adesivo per facilitare l'installazione. Progettato per l'installazione in interni. Si consiglia di installarlo su un profilo di alluminio per ottenere una buona dissipazione del calore e una lunga durata.<strong>&nbsp;Perfetto per l'illuminazione.<\/strong><\/p>\n<\/div><div id=\"views_block\" class=\"clearfix\">\n<div id=\"thumbs_list\">\n<h1>Striscia LED 24V | 240xLED\/m | 5m | SMD2835 | 3000Lm | 30W\/M | CRI97 | IP20| ALTI LUMENTI<\/h1>\n<p>Questo&nbsp;<strong>Striscia LED 24V<\/strong>&nbsp;DC&nbsp;<strong>240LED\/m IP20<\/strong>&nbsp;ha una lunghezza di&nbsp;<strong>5 metri<\/strong>&nbsp;e integra 240 LED ad alta efficienza con tecnologia SMD2835, distribuiti con un angolo di 120\u00ba.<\/p>\n<p>La nostra striscia LED \u00e8 autoadesiva per una facile installazione. Per alimentare la striscia LED \u00e8 necessario un alimentatore a corrente continua (CC) costante. Il&nbsp;<strong>Strisce LED<\/strong>&nbsp;pu\u00f2 essere&nbsp;<strong>regolare<\/strong>&nbsp;l'intensit\u00e0 (-<strong>Dimmerabile<\/strong>-).<\/p>\n<p>La striscia LED pu\u00f2 essere tagliata e unita negli spazi indicati sulla striscia (area di giunzione del rame), seguendo sempre le relative istruzioni (fare attenzione che il saldatore mantenga un breve contatto con la striscia durante la saldatura, poich\u00e9 un calore eccessivo danneggia il conduttore).<\/p>\n<p>Si raccomanda che qualsiasi tipo di installazione di questo tipo non superi i 10 metri per evitare cadute di tensione nella corrente continua che alimenta le strisce LED, anche se si ha la possibilit\u00e0 di alimentare la striscia da entrambe le estremit\u00e0, opzione pi\u00f9 consigliabile se si intende installare 20 metri continui. Per l'installazione di pi\u00f9 metri continui, \u00e8 necessario installare amplificatori di segnale per la striscia LED.<\/p>\n<p>Per aumentare la durata di vita della striscia LED, \u00e8 necessario&nbsp;<strong>raccomandato<\/strong>&nbsp;utilizzare il&nbsp;<strong>nastro per dissipatori di calore<\/strong>&nbsp;bifacciale, nonch\u00e9 di posizionarlo su&nbsp;<strong>profilo in alluminio<\/strong>per una corretta gestione del calore della striscia LED stessa.<\/p>\n<p>Sul nostro sito web \u00e8 possibile trovare sia amplificatori di segnale, sia nastri di dissipazione, accessori di incollaggio, alimentatori, unit\u00e0 di alimentazione per&nbsp;<strong>12-24v,<\/strong>&nbsp;nonch\u00e9 i profili in alluminio.<\/p>\n<p>Le strisce LED sono ideali per illuminare qualsiasi tipo di angolo o elemento dell'azienda o della casa, grazie alla loro flessibilit\u00e0. Si pu\u00f2 dire che uno dei loro principali vantaggi \u00e8 la grande versatilit\u00e0 di utilizzo che possono avere, in quanto possono essere installati in qualsiasi area e adattarsi a qualsiasi angolo, e quindi essere collocati in qualsiasi posizione, grazie al loro design lineare adattabile.<\/p>\n<h2>Usi della striscia LED 24V | 240xLED\/m | 5m | SMD2835 | 3000Lm | 30W\/M | CRI97 | IP20| ALTI LUMENTI<\/h2>\n<ul>\n<li>&nbsp;&nbsp;&nbsp; Nelle biblioteche<\/li>\n<li>&nbsp;&nbsp;&nbsp; Bar<\/li>\n<li>&nbsp;&nbsp;&nbsp; Casa<\/li>\n<li>&nbsp;&nbsp;&nbsp; Ristoranti<\/li>\n<li>&nbsp;&nbsp;&nbsp; Coperture<\/li>\n<\/ul>\n<h3 class=\"page-product-heading\">DATI TECNICI<\/h3>\n<div class=\"col-xs-12 col-md-6\">\n<table class=\"table table-data-sheet 1\">\n<tbody>\n<tr class=\"odd\">\n<td valign=\"middle\" width=\"32\"><\/td>\n<td valign=\"middle\">RIFERIMENTO :<\/td>\n<td valign=\"middle\">SLSR30W<\/td>\n<\/tr>\n<tr class=\"even\">\n<td valign=\"middle\" width=\"32\"><\/td>\n<td valign=\"middle\">Potenza nominale :<\/td>\n<td valign=\"middle\">30W<\/td>\n<\/tr>\n<tr class=\"odd\">\n<td valign=\"middle\" width=\"32\"><\/td>\n<td valign=\"middle\">Tensione nominale:<\/td>\n<td valign=\"middle\">24 V CC<\/td>\n<\/tr>\n<tr class=\"even\">\n<td valign=\"middle\" width=\"32\"><\/td>\n<td valign=\"middle\">Temperatura della luce:<\/td>\n<td valign=\"middle\">2200K - 3000K - 4000K - 6000K<\/td>\n<\/tr>\n<tr class=\"odd\">\n<td valign=\"middle\" width=\"32\"><\/td>\n<td valign=\"middle\">CRI - Indice di resa cromatica:<\/td>\n<td valign=\"middle\">97<\/td>\n<\/tr>\n<tr class=\"even\">\n<td valign=\"middle\" width=\"32\"><\/td>\n<td valign=\"middle\">Materiale da costruzione:<\/td>\n<td valign=\"middle\">PCB<\/td>\n<\/tr>\n<tr class=\"odd\">\n<td valign=\"middle\" width=\"32\"><\/td>\n<td valign=\"middle\">Luminosit\u00e0-Lm:<\/td>\n<td valign=\"middle\">1M: 3000Lm - 5M: 15000Lm<\/td>\n<\/tr>\n<tr class=\"even\">\n<td valign=\"middle\" width=\"32\"><\/td>\n<td valign=\"middle\">Tipo di LED:<\/td>\n<td valign=\"middle\">SMD 2835<\/td>\n<\/tr>\n<tr class=\"odd\">\n<td valign=\"middle\" width=\"32\"><\/td>\n<td valign=\"middle\">Angolo di apertura (\u00ba):<\/td>\n<td valign=\"middle\">120\u00ba<\/td>\n<\/tr>\n<tr class=\"even\">\n<td valign=\"middle\" width=\"32\"><\/td>\n<td valign=\"middle\">Dimmerabile:<\/td>\n<td valign=\"middle\">S\u00cc<\/td>\n<\/tr>\n<\/tbody>\n<\/table>\n<\/div>\n<div class=\"col-xs-12 col-md-6 2\">\n<table class=\"table table-data-sheet 2\">\n<tbody>\n<tr class=\"odd\">\n<td valign=\"middle\" width=\"32\"><\/td>\n<td valign=\"middle\">Certificati:<\/td>\n<td valign=\"middle\">CE - ROHS<\/td>\n<\/tr>\n<tr class=\"even\">\n<td valign=\"middle\" width=\"32\"><\/td>\n<td valign=\"middle\">Grado di protezione IP:<\/td>\n<td valign=\"middle\">IP20<\/td>\n<\/tr>\n<tr class=\"odd\">\n<td valign=\"middle\" width=\"32\"><\/td>\n<td valign=\"middle\">Durata stimata del diodo LED (H):<\/td>\n<td valign=\"middle\">100.000<\/td>\n<\/tr>\n<tr class=\"even\">\n<td valign=\"middle\" width=\"32\"><\/td>\n<td valign=\"middle\">Dimensioni (mm):<\/td>\n<td valign=\"middle\">5m. x 10mm<\/td>\n<\/tr>\n<tr class=\"odd\">\n<td valign=\"middle\" width=\"32\"><\/td>\n<td valign=\"middle\">Frequenza di lavoro (Hz):<\/td>\n<td valign=\"middle\">50\/60Hz<\/td>\n<\/tr>\n<tr class=\"even\">\n<td valign=\"middle\" width=\"32\"><\/td>\n<td valign=\"middle\">Intervallo di temperatura (\u00baC):<\/td>\n<td valign=\"middle\">-20\u00b0C ~ +55\u00b0C<\/td>\n<\/tr>\n<tr class=\"odd\">\n<td valign=\"middle\" width=\"32\"><\/td>\n<td valign=\"middle\">Cicli di accensione:<\/td>\n<td valign=\"middle\">100.000<\/td>\n<\/tr>\n<tr class=\"even\">\n<td valign=\"middle\" width=\"32\"><\/td>\n<td valign=\"middle\">Classe energetica (2021-EU-2019\/2015):<\/td>\n<td valign=\"middle\">A+<\/td>\n<\/tr>\n<tr class=\"odd\">\n<td valign=\"middle\" width=\"32\"><\/td>\n<td valign=\"middle\">Anni di garanzia:<\/td>\n<td valign=\"middle\">3<\/td>\n<\/tr>\n<\/tbody>\n<\/table>\n<p>&nbsp;<\/p>\n<\/div>\n<\/div>\n<\/div><\/p>","protected":false},"excerpt":{"rendered":"<div class=\"col-md-12\"><i class=\"fa fa-truck\"><\/i>&nbsp;<span class=\"text-muted textprop\">Consegna in 24\/48 ore<\/span><div class=\"col-md-12\"><i class=\"fa fa-exchange\"><\/i>&nbsp;<span class=\"text-muted textprop\">Garanzia assicurata<\/span><\/div><div class=\"col-md-12\"><i class=\"fa fa-box\"><\/i>&nbsp;<span class=\"text-muted textprop\">200 unit\u00e0 per Masterbox<\/span><\/div><div>\n<div class=\"woocommerce-product-details__short-description\">\n<div>\n<div id=\"views_block\" class=\"clearfix\">\n<div id=\"thumbs_list\">\n<p><strong>TEMPERATURA DI COLORE: 2400K\/3000K\/4000K\/6000K&nbsp;<\/strong><\/p>\n<\/div>\n<\/div>\n<\/div>\n<\/div>\n<\/div><\/div>","protected":false},"featured_media":6500,"template":"","meta":{"site-sidebar-layout":"default","site-content-layout":"default","ast-global-header-display":"","ast-main-header-display":"","ast-hfb-above-header-display":"","ast-hfb-below-header-display":"","ast-hfb-mobile-header-display":"","site-post-title":"","ast-breadcrumbs-content":"","ast-featured-img":"","footer-sml-layout":"","theme-transparent-header-meta":"default","adv-header-id-meta":"","stick-header-meta":"","header-above-stick-meta":"","header-main-stick-meta":"","header-below-stick-meta":""},"product_cat":[89,45],"product_tag":[],"class_list":["post-6494","product","type-product","status-publish","has-post-thumbnail","hentry","product_cat-tiras-led-24v-dc","product_cat-tiras-led-y-neon-flexible"],"yoast_head":"<!-- This site is optimized with the Yoast SEO plugin v27.4 - https:\/\/yoast.com\/product\/yoast-seo-wordpress\/ -->\n<title>Tira LED 24V | 240xLED\/m | 5m | SMD2835 | 3000Lm | 30W\/M | CRI97 | | IP20| HIGH LUMENS - STARLED Iluminacion<\/title>\n<meta name=\"robots\" content=\"index, follow, max-snippet:-1, max-image-preview:large, max-video-preview:-1\" \/>\n<link rel=\"canonical\" href=\"https:\/\/starlediluminacion.com\/it\/product\/tira-led-24v-240xled-m-5m-smd2835-3000lm-30w-m-cri97-ip20-high-lumens\/\" \/>\n<meta property=\"og:locale\" content=\"it_IT\" \/>\n<meta property=\"og:type\" content=\"article\" \/>\n<meta property=\"og:title\" content=\"Tira LED 24V | 240xLED\/m | 5m | SMD2835 | 3000Lm | 30W\/M | CRI97 | | IP20| HIGH LUMENS - STARLED Iluminacion\" \/>\n<meta property=\"og:description\" content=\"\u00a0Entrega en 24\/48 horas \u00a0Garant\u00eda asegurada \u00a0200 unidad(es) por Masterbox       TEMPERATURA DE COLOR:2400K\/3000K\/4000K\/6000K\u00a0\" \/>\n<meta property=\"og:url\" content=\"https:\/\/starlediluminacion.com\/it\/product\/tira-led-24v-240xled-m-5m-smd2835-3000lm-30w-m-cri97-ip20-high-lumens\/\" \/>\n<meta property=\"og:site_name\" content=\"STARLED Iluminacion\" \/>\n<meta property=\"article:modified_time\" content=\"2022-08-14T15:27:53+00:00\" \/>\n<meta property=\"og:image\" content=\"https:\/\/starlediluminacion.com\/wp-content\/uploads\/2022\/08\/tira-led-24v-240xledm-5m-smd2835-3000lm-30wm-cri90-ip20-high-lumens-factorled.jpg\" \/>\n\t<meta property=\"og:image:width\" content=\"1000\" \/>\n\t<meta property=\"og:image:height\" content=\"1000\" \/>\n\t<meta property=\"og:image:type\" content=\"image\/jpeg\" \/>\n<meta name=\"twitter:card\" content=\"summary_large_image\" \/>\n<meta name=\"twitter:label1\" content=\"Tempo di lettura stimato\" \/>\n\t<meta name=\"twitter:data1\" content=\"3 minuti\" \/>\n<script type=\"application\/ld+json\" class=\"yoast-schema-graph\">{\"@context\":\"https:\\\/\\\/schema.org\",\"@graph\":[{\"@type\":\"WebPage\",\"@id\":\"https:\\\/\\\/starlediluminacion.com\\\/en\\\/product\\\/tira-led-24v-240xled-m-5m-smd2835-3000lm-30w-m-cri97-ip20-high-lumens\\\/\",\"url\":\"https:\\\/\\\/starlediluminacion.com\\\/en\\\/product\\\/tira-led-24v-240xled-m-5m-smd2835-3000lm-30w-m-cri97-ip20-high-lumens\\\/\",\"name\":\"Tira LED 24V | 240xLED\\\/m | 5m | SMD2835 | 3000Lm | 30W\\\/M | CRI97 | | IP20| HIGH LUMENS - STARLED Iluminacion\",\"isPartOf\":{\"@id\":\"https:\\\/\\\/starlediluminacion.com\\\/#website\"},\"primaryImageOfPage\":{\"@id\":\"https:\\\/\\\/starlediluminacion.com\\\/en\\\/product\\\/tira-led-24v-240xled-m-5m-smd2835-3000lm-30w-m-cri97-ip20-high-lumens\\\/#primaryimage\"},\"image\":{\"@id\":\"https:\\\/\\\/starlediluminacion.com\\\/en\\\/product\\\/tira-led-24v-240xled-m-5m-smd2835-3000lm-30w-m-cri97-ip20-high-lumens\\\/#primaryimage\"},\"thumbnailUrl\":\"https:\\\/\\\/starlediluminacion.com\\\/wp-content\\\/uploads\\\/2022\\\/08\\\/tira-led-24v-240xledm-5m-smd2835-3000lm-30wm-cri90-ip20-high-lumens-factorled.jpg\",\"datePublished\":\"2022-08-14T14:49:40+00:00\",\"dateModified\":\"2022-08-14T15:27:53+00:00\",\"breadcrumb\":{\"@id\":\"https:\\\/\\\/starlediluminacion.com\\\/en\\\/product\\\/tira-led-24v-240xled-m-5m-smd2835-3000lm-30w-m-cri97-ip20-high-lumens\\\/#breadcrumb\"},\"inLanguage\":\"it-IT\",\"potentialAction\":[{\"@type\":\"ReadAction\",\"target\":[\"https:\\\/\\\/starlediluminacion.com\\\/en\\\/product\\\/tira-led-24v-240xled-m-5m-smd2835-3000lm-30w-m-cri97-ip20-high-lumens\\\/\"]}]},{\"@type\":\"ImageObject\",\"inLanguage\":\"it-IT\",\"@id\":\"https:\\\/\\\/starlediluminacion.com\\\/en\\\/product\\\/tira-led-24v-240xled-m-5m-smd2835-3000lm-30w-m-cri97-ip20-high-lumens\\\/#primaryimage\",\"url\":\"https:\\\/\\\/starlediluminacion.com\\\/wp-content\\\/uploads\\\/2022\\\/08\\\/tira-led-24v-240xledm-5m-smd2835-3000lm-30wm-cri90-ip20-high-lumens-factorled.jpg\",\"contentUrl\":\"https:\\\/\\\/starlediluminacion.com\\\/wp-content\\\/uploads\\\/2022\\\/08\\\/tira-led-24v-240xledm-5m-smd2835-3000lm-30wm-cri90-ip20-high-lumens-factorled.jpg\",\"width\":1000,\"height\":1000},{\"@type\":\"BreadcrumbList\",\"@id\":\"https:\\\/\\\/starlediluminacion.com\\\/en\\\/product\\\/tira-led-24v-240xled-m-5m-smd2835-3000lm-30w-m-cri97-ip20-high-lumens\\\/#breadcrumb\",\"itemListElement\":[{\"@type\":\"ListItem\",\"position\":1,\"name\":\"Portada\",\"item\":\"https:\\\/\\\/starlediluminacion.com\\\/\"},{\"@type\":\"ListItem\",\"position\":2,\"name\":\"Shop\",\"item\":\"https:\\\/\\\/starlediluminacion.com\\\/shop-2\\\/\"},{\"@type\":\"ListItem\",\"position\":3,\"name\":\"Tira LED 24V | 240xLED\\\/m | 5m | SMD2835 | 3000Lm | 30W\\\/M | CRI97 | | IP20| HIGH LUMENS\"}]},{\"@type\":\"WebSite\",\"@id\":\"https:\\\/\\\/starlediluminacion.com\\\/#website\",\"url\":\"https:\\\/\\\/starlediluminacion.com\\\/\",\"name\":\"STARLED Iluminacion\",\"description\":\"\",\"potentialAction\":[{\"@type\":\"SearchAction\",\"target\":{\"@type\":\"EntryPoint\",\"urlTemplate\":\"https:\\\/\\\/starlediluminacion.com\\\/?s={search_term_string}\"},\"query-input\":{\"@type\":\"PropertyValueSpecification\",\"valueRequired\":true,\"valueName\":\"search_term_string\"}}],\"inLanguage\":\"it-IT\"}]}<\/script>\n<!-- \/ Yoast SEO plugin. -->","yoast_head_json":{"title":"Tira LED 24V | 240xLED\/m | 5m | SMD2835 | 3000Lm | 30W\/M | CRI97 | | IP20| HIGH LUMENS - STARLED Iluminacion","robots":{"index":"index","follow":"follow","max-snippet":"max-snippet:-1","max-image-preview":"max-image-preview:large","max-video-preview":"max-video-preview:-1"},"canonical":"https:\/\/starlediluminacion.com\/it\/product\/tira-led-24v-240xled-m-5m-smd2835-3000lm-30w-m-cri97-ip20-high-lumens\/","og_locale":"it_IT","og_type":"article","og_title":"Tira LED 24V | 240xLED\/m | 5m | SMD2835 | 3000Lm | 30W\/M | CRI97 | | IP20| HIGH LUMENS - STARLED Iluminacion","og_description":"\u00a0Entrega en 24\/48 horas \u00a0Garant\u00eda asegurada \u00a0200 unidad(es) por Masterbox       TEMPERATURA DE COLOR:2400K\/3000K\/4000K\/6000K\u00a0","og_url":"https:\/\/starlediluminacion.com\/it\/product\/tira-led-24v-240xled-m-5m-smd2835-3000lm-30w-m-cri97-ip20-high-lumens\/","og_site_name":"STARLED Iluminacion","article_modified_time":"2022-08-14T15:27:53+00:00","og_image":[{"width":1000,"height":1000,"url":"https:\/\/starlediluminacion.com\/wp-content\/uploads\/2022\/08\/tira-led-24v-240xledm-5m-smd2835-3000lm-30wm-cri90-ip20-high-lumens-factorled.jpg","type":"image\/jpeg"}],"twitter_card":"summary_large_image","twitter_misc":{"Tempo di lettura stimato":"3 minuti"},"schema":{"@context":"https:\/\/schema.org","@graph":[{"@type":"WebPage","@id":"https:\/\/starlediluminacion.com\/en\/product\/tira-led-24v-240xled-m-5m-smd2835-3000lm-30w-m-cri97-ip20-high-lumens\/","url":"https:\/\/starlediluminacion.com\/en\/product\/tira-led-24v-240xled-m-5m-smd2835-3000lm-30w-m-cri97-ip20-high-lumens\/","name":"Tira LED 24V | 240xLED\/m | 5m | SMD2835 | 3000Lm | 30W\/M | CRI97 | | IP20| HIGH LUMENS - STARLED Iluminacion","isPartOf":{"@id":"https:\/\/starlediluminacion.com\/#website"},"primaryImageOfPage":{"@id":"https:\/\/starlediluminacion.com\/en\/product\/tira-led-24v-240xled-m-5m-smd2835-3000lm-30w-m-cri97-ip20-high-lumens\/#primaryimage"},"image":{"@id":"https:\/\/starlediluminacion.com\/en\/product\/tira-led-24v-240xled-m-5m-smd2835-3000lm-30w-m-cri97-ip20-high-lumens\/#primaryimage"},"thumbnailUrl":"https:\/\/starlediluminacion.com\/wp-content\/uploads\/2022\/08\/tira-led-24v-240xledm-5m-smd2835-3000lm-30wm-cri90-ip20-high-lumens-factorled.jpg","datePublished":"2022-08-14T14:49:40+00:00","dateModified":"2022-08-14T15:27:53+00:00","breadcrumb":{"@id":"https:\/\/starlediluminacion.com\/en\/product\/tira-led-24v-240xled-m-5m-smd2835-3000lm-30w-m-cri97-ip20-high-lumens\/#breadcrumb"},"inLanguage":"it-IT","potentialAction":[{"@type":"ReadAction","target":["https:\/\/starlediluminacion.com\/en\/product\/tira-led-24v-240xled-m-5m-smd2835-3000lm-30w-m-cri97-ip20-high-lumens\/"]}]},{"@type":"ImageObject","inLanguage":"it-IT","@id":"https:\/\/starlediluminacion.com\/en\/product\/tira-led-24v-240xled-m-5m-smd2835-3000lm-30w-m-cri97-ip20-high-lumens\/#primaryimage","url":"https:\/\/starlediluminacion.com\/wp-content\/uploads\/2022\/08\/tira-led-24v-240xledm-5m-smd2835-3000lm-30wm-cri90-ip20-high-lumens-factorled.jpg","contentUrl":"https:\/\/starlediluminacion.com\/wp-content\/uploads\/2022\/08\/tira-led-24v-240xledm-5m-smd2835-3000lm-30wm-cri90-ip20-high-lumens-factorled.jpg","width":1000,"height":1000},{"@type":"BreadcrumbList","@id":"https:\/\/starlediluminacion.com\/en\/product\/tira-led-24v-240xled-m-5m-smd2835-3000lm-30w-m-cri97-ip20-high-lumens\/#breadcrumb","itemListElement":[{"@type":"ListItem","position":1,"name":"Portada","item":"https:\/\/starlediluminacion.com\/"},{"@type":"ListItem","position":2,"name":"Shop","item":"https:\/\/starlediluminacion.com\/shop-2\/"},{"@type":"ListItem","position":3,"name":"Tira LED 24V | 240xLED\/m | 5m | SMD2835 | 3000Lm | 30W\/M | CRI97 | | IP20| HIGH LUMENS"}]},{"@type":"WebSite","@id":"https:\/\/starlediluminacion.com\/#website","url":"https:\/\/starlediluminacion.com\/","name":"STARLED Iluminacion","description":"","potentialAction":[{"@type":"SearchAction","target":{"@type":"EntryPoint","urlTemplate":"https:\/\/starlediluminacion.com\/?s={search_term_string}"},"query-input":{"@type":"PropertyValueSpecification","valueRequired":true,"valueName":"search_term_string"}}],"inLanguage":"it-IT"}]}},"_links":{"self":[{"href":"https:\/\/starlediluminacion.com\/it\/wp-json\/wp\/v3\/product\/6494","targetHints":{"allow":["GET"]}}],"collection":[{"href":"https:\/\/starlediluminacion.com\/it\/wp-json\/wp\/v3\/product"}],"about":[{"href":"https:\/\/starlediluminacion.com\/it\/wp-json\/wp\/v2\/types\/product"}],"wp:featuredmedia":[{"embeddable":true,"href":"https:\/\/starlediluminacion.com\/it\/wp-json\/wp\/v2\/media\/6500"}],"wp:attachment":[{"href":"https:\/\/starlediluminacion.com\/it\/wp-json\/wp\/v2\/media?parent=6494"}],"wp:term":[{"taxonomy":"product_cat","embeddable":true,"href":"https:\/\/starlediluminacion.com\/it\/wp-json\/wp\/v2\/product_cat?post=6494"},{"taxonomy":"product_tag","embeddable":true,"href":"https:\/\/starlediluminacion.com\/it\/wp-json\/wp\/v2\/product_tag?post=6494"}],"curies":[{"name":"wp","href":"https:\/\/api.w.org\/{rel}","templated":true}]}}