{"id":6470,"date":"2022-08-14T14:35:06","date_gmt":"2022-08-14T14:35:06","guid":{"rendered":"https:\/\/starlediluminacion.com\/?post_type=product&#038;p=6470"},"modified":"2022-08-14T14:35:06","modified_gmt":"2022-08-14T14:35:06","slug":"tira-led-24v-rgb-5m-cob-624-led-m-1650lm-m-18w-m-ip20","status":"publish","type":"product","link":"https:\/\/starlediluminacion.com\/it\/product\/tira-led-24v-rgb-5m-cob-624-led-m-1650lm-m-18w-m-ip20\/","title":{"rendered":"<p>Striscia LED 24V RGB | 5m | COB | 624 LED\/m | 1650Lm\/m | 18W\/M | IP20<\/p>"},"content":{"rendered":"<p>RIFERIMENTO: SLSP18WRGB-90692<div class=\"hidden-xs parrafo\">\n<p><strong>Striscia LED<\/strong>&nbsp;<strong>RGB COB 18W al metro<\/strong>&nbsp;di colori per&nbsp;<strong>24V<\/strong>&nbsp;y&nbsp;<strong>5 metri<\/strong>&nbsp;con nastro adesivo per una facile installazione. Progettato per l'installazione in interni. Perfetto per decorare tutti i tipi di spazi. Richiede un alimentatore e si consiglia di installarlo su un profilo di alluminio per una buona dissipazione del calore.<\/p>\n<\/div><div id=\"views_block\" class=\"clearfix\">\n<div id=\"thumbs_list\">\n<h1>Striscia LED RGB flessibile per interni 18W*5m - COB - 24V - IP20<\/h1>\n<p>Questo&nbsp;<strong>Striscia LED 24V<\/strong>&nbsp;DC&nbsp;<strong>RGB IP20<\/strong>&nbsp;ha una lunghezza di&nbsp;<strong>5 metri<\/strong>&nbsp;La luce \u00e8 emessa dalla tecnologia COB ad alta efficienza che consuma solo 18 watt al metro. La luce brillante e colorata emessa si diffonde su un angolo di 120\u00b0.<\/p>\n<p>La nostra striscia LED \u00e8 autoadesiva per una facile installazione. Per alimentare la striscia LED \u00e8 necessario un alimentatore a corrente continua (CC) costante. Il&nbsp;<strong>Strisce LED<\/strong>&nbsp;pu\u00f2 essere&nbsp;<strong>regolare<\/strong>&nbsp;l'intensit\u00e0 (-<strong>Dimmerabile<\/strong>-).<\/p>\n<p>La striscia LED pu\u00f2 essere tagliata e unita negli spazi indicati sulla striscia (area di giunzione del rame), seguendo sempre le relative istruzioni (fare attenzione che il saldatore mantenga un breve contatto con la striscia durante la saldatura, poich\u00e9 un calore eccessivo danneggia il conduttore).<\/p>\n<p>Si raccomanda che qualsiasi tipo di installazione di questo tipo non superi i 10 metri per evitare cadute di tensione nella corrente continua che alimenta le strisce LED, anche se si ha la possibilit\u00e0 di alimentare la striscia da entrambe le estremit\u00e0, opzione pi\u00f9 consigliabile se si intende installare 20 metri continui. Per l'installazione di pi\u00f9 metri continui, \u00e8 necessario installare amplificatori di segnale per la striscia LED.<\/p>\n<p>Per aumentare la durata di vita della striscia LED, \u00e8 necessario&nbsp;<strong>raccomandato<\/strong>&nbsp;utilizzare il&nbsp;<strong>nastro per dissipatori di calore<\/strong>&nbsp;bifacciale, nonch\u00e9 di posizionarlo su&nbsp;<strong>profilo in alluminio<\/strong>per una corretta gestione del calore della striscia LED stessa.<\/p>\n<p>Sul nostro sito web \u00e8 possibile trovare sia amplificatori di segnale, sia nastri di dissipazione, accessori di incollaggio, alimentatori, unit\u00e0 di alimentazione per&nbsp;<strong>12-24v,<\/strong>&nbsp;nonch\u00e9 i profili in alluminio.<\/p>\n<p>Le strisce LED sono ideali per illuminare qualsiasi tipo di angolo o elemento dell'azienda o della casa, grazie alla loro flessibilit\u00e0. Si pu\u00f2 dire che uno dei loro principali vantaggi \u00e8 la grande versatilit\u00e0 di utilizzo che possono avere, in quanto possono essere installati in qualsiasi area e adattarsi a qualsiasi angolo, e quindi essere collocati in qualsiasi posizione, grazie al loro design lineare adattabile.<\/p>\n<h2>\nUsi della striscia LED - RGBW- flessibile per interni 18W*5m - COB - 24V - IP20<\/h2>\n<ul>\n<li>Nelle biblioteche<\/li>\n<li>Bar<\/li>\n<li>Casa<\/li>\n<li>Ristoranti<\/li>\n<li>Coperture<\/li>\n<\/ul>\n<h3 class=\"page-product-heading\">DATI TECNICI<\/h3>\n<div class=\"col-xs-12 col-md-6\">\n<table class=\"table table-data-sheet 1\">\n<tbody>\n<tr class=\"odd\">\n<td valign=\"middle\" width=\"32\"><\/td>\n<td valign=\"middle\">RIFERIMENTO :<\/td>\n<td valign=\"middle\">SLSP18WRGB-90692<\/td>\n<\/tr>\n<tr class=\"even\">\n<td valign=\"middle\" width=\"32\"><\/td>\n<td valign=\"middle\">Potenza nominale :<\/td>\n<td valign=\"middle\">18W<\/td>\n<\/tr>\n<tr class=\"odd\">\n<td valign=\"middle\" width=\"32\"><\/td>\n<td valign=\"middle\">Tensione nominale:<\/td>\n<td valign=\"middle\">24 V CC<\/td>\n<\/tr>\n<tr class=\"even\">\n<td valign=\"middle\" width=\"32\"><\/td>\n<td valign=\"middle\">Temperatura della luce:<\/td>\n<td valign=\"middle\">RGB<\/td>\n<\/tr>\n<tr class=\"odd\">\n<td valign=\"middle\" width=\"32\"><\/td>\n<td valign=\"middle\">CRI - Indice di resa cromatica:<\/td>\n<td valign=\"middle\">90<\/td>\n<\/tr>\n<tr class=\"even\">\n<td valign=\"middle\" width=\"32\"><\/td>\n<td valign=\"middle\">Materiale da costruzione:<\/td>\n<td valign=\"middle\">PCB<\/td>\n<\/tr>\n<tr class=\"odd\">\n<td valign=\"middle\" width=\"32\"><\/td>\n<td valign=\"middle\">Luminosit\u00e0-Lm:<\/td>\n<td valign=\"middle\">1M: 1650Lm - 5M: 8250Lm<\/td>\n<\/tr>\n<tr class=\"even\">\n<td valign=\"middle\" width=\"32\"><\/td>\n<td valign=\"middle\">Tipo di LED:<\/td>\n<td valign=\"middle\">COB<\/td>\n<\/tr>\n<tr class=\"odd\">\n<td valign=\"middle\" width=\"32\"><\/td>\n<td valign=\"middle\">Angolo di apertura (\u00ba):<\/td>\n<td valign=\"middle\">120\u00ba<\/td>\n<\/tr>\n<tr class=\"even\">\n<td valign=\"middle\" width=\"32\"><\/td>\n<td valign=\"middle\">Dimmerabile:<\/td>\n<td valign=\"middle\">S\u00cc<\/td>\n<\/tr>\n<\/tbody>\n<\/table>\n<\/div>\n<div class=\"col-xs-12 col-md-6 2\">\n<table class=\"table table-data-sheet 2\">\n<tbody>\n<tr class=\"odd\">\n<td valign=\"middle\" width=\"32\"><\/td>\n<td valign=\"middle\">Certificati:<\/td>\n<td valign=\"middle\">CE - ROHS<\/td>\n<\/tr>\n<tr class=\"even\">\n<td valign=\"middle\" width=\"32\"><\/td>\n<td valign=\"middle\">Grado di protezione IP:<\/td>\n<td valign=\"middle\">IP20<\/td>\n<\/tr>\n<tr class=\"odd\">\n<td valign=\"middle\" width=\"32\"><\/td>\n<td valign=\"middle\">Durata stimata del diodo LED (H):<\/td>\n<td valign=\"middle\">35.000<\/td>\n<\/tr>\n<tr class=\"even\">\n<td valign=\"middle\" width=\"32\"><\/td>\n<td valign=\"middle\">Dimensioni (mm):<\/td>\n<td valign=\"middle\">5m. x 10mm<\/td>\n<\/tr>\n<tr class=\"odd\">\n<td valign=\"middle\" width=\"32\"><\/td>\n<td valign=\"middle\">Frequenza di lavoro (Hz):<\/td>\n<td valign=\"middle\">50\/60Hz<\/td>\n<\/tr>\n<tr class=\"even\">\n<td valign=\"middle\" width=\"32\"><\/td>\n<td valign=\"middle\">Intervallo di temperatura (\u00baC):<\/td>\n<td valign=\"middle\">-20\u00b0C ~ +55\u00b0C<\/td>\n<\/tr>\n<tr class=\"odd\">\n<td valign=\"middle\" width=\"32\"><\/td>\n<td valign=\"middle\">Cicli di accensione:<\/td>\n<td valign=\"middle\">100.000<\/td>\n<\/tr>\n<tr class=\"even\">\n<td valign=\"middle\" width=\"32\"><\/td>\n<td valign=\"middle\">Classe energetica (2021-EU-2019\/2015):<\/td>\n<td valign=\"middle\">A+<\/td>\n<\/tr>\n<tr class=\"odd\">\n<td valign=\"middle\" width=\"32\"><\/td>\n<td valign=\"middle\">Anni di garanzia:<\/td>\n<td valign=\"middle\">3<\/td>\n<\/tr>\n<\/tbody>\n<\/table>\n<\/div>\n<\/div>\n<\/div><\/p>","protected":false},"excerpt":{"rendered":"<div class=\"col-md-12\"><i class=\"fa fa-truck\"><\/i>&nbsp;<span class=\"text-muted textprop\">Consegna in 24\/48 ore<\/span><div class=\"col-md-12\"><i class=\"fa fa-exchange\"><\/i>&nbsp;<span class=\"text-muted textprop\">Garanzia assicurata<\/span><\/div><div class=\"col-md-12\"><i class=\"fa fa-box\"><\/i>&nbsp;<span class=\"text-muted textprop\">20 unit\u00e0 per Masterbox<\/span><\/div><\/div>","protected":false},"featured_media":6471,"template":"","meta":{"site-sidebar-layout":"default","site-content-layout":"default","ast-global-header-display":"","ast-main-header-display":"","ast-hfb-above-header-display":"","ast-hfb-below-header-display":"","ast-hfb-mobile-header-display":"","site-post-title":"","ast-breadcrumbs-content":"","ast-featured-img":"","footer-sml-layout":"","theme-transparent-header-meta":"default","adv-header-id-meta":"","stick-header-meta":"","header-above-stick-meta":"","header-main-stick-meta":"","header-below-stick-meta":""},"product_cat":[89,45],"product_tag":[],"class_list":["post-6470","product","type-product","status-publish","has-post-thumbnail","hentry","product_cat-tiras-led-24v-dc","product_cat-tiras-led-y-neon-flexible"],"yoast_head":"<!-- This site is optimized with the Yoast SEO plugin v27.4 - https:\/\/yoast.com\/product\/yoast-seo-wordpress\/ -->\n<title>Tira LED 24V RGB | 5m | COB | 624 LED\/m | 1650Lm\/m | 18W\/M | IP20 - STARLED Iluminacion<\/title>\n<meta name=\"robots\" content=\"index, follow, max-snippet:-1, max-image-preview:large, max-video-preview:-1\" \/>\n<link rel=\"canonical\" href=\"https:\/\/starlediluminacion.com\/it\/product\/tira-led-24v-rgb-5m-cob-624-led-m-1650lm-m-18w-m-ip20\/\" \/>\n<meta property=\"og:locale\" content=\"it_IT\" \/>\n<meta property=\"og:type\" content=\"article\" \/>\n<meta property=\"og:title\" content=\"Tira LED 24V RGB | 5m | COB | 624 LED\/m | 1650Lm\/m | 18W\/M | IP20 - STARLED Iluminacion\" \/>\n<meta property=\"og:description\" content=\"\u00a0Entrega en 24\/48 horas \u00a0Garant\u00eda asegurada \u00a020 unidad(es) por Masterbox\" \/>\n<meta property=\"og:url\" content=\"https:\/\/starlediluminacion.com\/it\/product\/tira-led-24v-rgb-5m-cob-624-led-m-1650lm-m-18w-m-ip20\/\" \/>\n<meta property=\"og:site_name\" content=\"STARLED Iluminacion\" \/>\n<meta property=\"og:image\" content=\"https:\/\/starlediluminacion.com\/wp-content\/uploads\/2022\/08\/tira-led-24v-120xledm-5m-smd2835-1100lm-12wm-ip20-factorled-1-1.jpg\" \/>\n\t<meta property=\"og:image:width\" content=\"1000\" \/>\n\t<meta property=\"og:image:height\" content=\"1000\" \/>\n\t<meta property=\"og:image:type\" content=\"image\/jpeg\" \/>\n<meta name=\"twitter:card\" content=\"summary_large_image\" \/>\n<meta name=\"twitter:label1\" content=\"Tempo di lettura stimato\" \/>\n\t<meta name=\"twitter:data1\" content=\"3 minuti\" \/>\n<script type=\"application\/ld+json\" class=\"yoast-schema-graph\">{\"@context\":\"https:\\\/\\\/schema.org\",\"@graph\":[{\"@type\":\"WebPage\",\"@id\":\"https:\\\/\\\/starlediluminacion.com\\\/producto\\\/tira-led-24v-rgb-5m-cob-624-led-m-1650lm-m-18w-m-ip20\\\/\",\"url\":\"https:\\\/\\\/starlediluminacion.com\\\/producto\\\/tira-led-24v-rgb-5m-cob-624-led-m-1650lm-m-18w-m-ip20\\\/\",\"name\":\"Tira LED 24V RGB | 5m | COB | 624 LED\\\/m | 1650Lm\\\/m | 18W\\\/M | IP20 - STARLED Iluminacion\",\"isPartOf\":{\"@id\":\"https:\\\/\\\/starlediluminacion.com\\\/#website\"},\"primaryImageOfPage\":{\"@id\":\"https:\\\/\\\/starlediluminacion.com\\\/producto\\\/tira-led-24v-rgb-5m-cob-624-led-m-1650lm-m-18w-m-ip20\\\/#primaryimage\"},\"image\":{\"@id\":\"https:\\\/\\\/starlediluminacion.com\\\/producto\\\/tira-led-24v-rgb-5m-cob-624-led-m-1650lm-m-18w-m-ip20\\\/#primaryimage\"},\"thumbnailUrl\":\"https:\\\/\\\/starlediluminacion.com\\\/wp-content\\\/uploads\\\/2022\\\/08\\\/tira-led-24v-120xledm-5m-smd2835-1100lm-12wm-ip20-factorled-1-1.jpg\",\"datePublished\":\"2022-08-14T14:35:06+00:00\",\"breadcrumb\":{\"@id\":\"https:\\\/\\\/starlediluminacion.com\\\/producto\\\/tira-led-24v-rgb-5m-cob-624-led-m-1650lm-m-18w-m-ip20\\\/#breadcrumb\"},\"inLanguage\":\"it-IT\",\"potentialAction\":[{\"@type\":\"ReadAction\",\"target\":[\"https:\\\/\\\/starlediluminacion.com\\\/producto\\\/tira-led-24v-rgb-5m-cob-624-led-m-1650lm-m-18w-m-ip20\\\/\"]}]},{\"@type\":\"ImageObject\",\"inLanguage\":\"it-IT\",\"@id\":\"https:\\\/\\\/starlediluminacion.com\\\/producto\\\/tira-led-24v-rgb-5m-cob-624-led-m-1650lm-m-18w-m-ip20\\\/#primaryimage\",\"url\":\"https:\\\/\\\/starlediluminacion.com\\\/wp-content\\\/uploads\\\/2022\\\/08\\\/tira-led-24v-120xledm-5m-smd2835-1100lm-12wm-ip20-factorled-1-1.jpg\",\"contentUrl\":\"https:\\\/\\\/starlediluminacion.com\\\/wp-content\\\/uploads\\\/2022\\\/08\\\/tira-led-24v-120xledm-5m-smd2835-1100lm-12wm-ip20-factorled-1-1.jpg\",\"width\":1000,\"height\":1000},{\"@type\":\"BreadcrumbList\",\"@id\":\"https:\\\/\\\/starlediluminacion.com\\\/producto\\\/tira-led-24v-rgb-5m-cob-624-led-m-1650lm-m-18w-m-ip20\\\/#breadcrumb\",\"itemListElement\":[{\"@type\":\"ListItem\",\"position\":1,\"name\":\"Portada\",\"item\":\"https:\\\/\\\/starlediluminacion.com\\\/\"},{\"@type\":\"ListItem\",\"position\":2,\"name\":\"Shop\",\"item\":\"https:\\\/\\\/starlediluminacion.com\\\/shop-2\\\/\"},{\"@type\":\"ListItem\",\"position\":3,\"name\":\"Tira LED 24V RGB | 5m | COB | 624 LED\\\/m | 1650Lm\\\/m | 18W\\\/M | IP20\"}]},{\"@type\":\"WebSite\",\"@id\":\"https:\\\/\\\/starlediluminacion.com\\\/#website\",\"url\":\"https:\\\/\\\/starlediluminacion.com\\\/\",\"name\":\"STARLED Iluminacion\",\"description\":\"\",\"potentialAction\":[{\"@type\":\"SearchAction\",\"target\":{\"@type\":\"EntryPoint\",\"urlTemplate\":\"https:\\\/\\\/starlediluminacion.com\\\/?s={search_term_string}\"},\"query-input\":{\"@type\":\"PropertyValueSpecification\",\"valueRequired\":true,\"valueName\":\"search_term_string\"}}],\"inLanguage\":\"it-IT\"}]}<\/script>\n<!-- \/ Yoast SEO plugin. -->","yoast_head_json":{"title":"Tira LED 24V RGB | 5m | COB | 624 LED\/m | 1650Lm\/m | 18W\/M | IP20 - STARLED Iluminacion","robots":{"index":"index","follow":"follow","max-snippet":"max-snippet:-1","max-image-preview":"max-image-preview:large","max-video-preview":"max-video-preview:-1"},"canonical":"https:\/\/starlediluminacion.com\/it\/product\/tira-led-24v-rgb-5m-cob-624-led-m-1650lm-m-18w-m-ip20\/","og_locale":"it_IT","og_type":"article","og_title":"Tira LED 24V RGB | 5m | COB | 624 LED\/m | 1650Lm\/m | 18W\/M | IP20 - STARLED Iluminacion","og_description":"\u00a0Entrega en 24\/48 horas \u00a0Garant\u00eda asegurada \u00a020 unidad(es) por Masterbox","og_url":"https:\/\/starlediluminacion.com\/it\/product\/tira-led-24v-rgb-5m-cob-624-led-m-1650lm-m-18w-m-ip20\/","og_site_name":"STARLED Iluminacion","og_image":[{"width":1000,"height":1000,"url":"https:\/\/starlediluminacion.com\/wp-content\/uploads\/2022\/08\/tira-led-24v-120xledm-5m-smd2835-1100lm-12wm-ip20-factorled-1-1.jpg","type":"image\/jpeg"}],"twitter_card":"summary_large_image","twitter_misc":{"Tempo di lettura stimato":"3 minuti"},"schema":{"@context":"https:\/\/schema.org","@graph":[{"@type":"WebPage","@id":"https:\/\/starlediluminacion.com\/producto\/tira-led-24v-rgb-5m-cob-624-led-m-1650lm-m-18w-m-ip20\/","url":"https:\/\/starlediluminacion.com\/producto\/tira-led-24v-rgb-5m-cob-624-led-m-1650lm-m-18w-m-ip20\/","name":"Tira LED 24V RGB | 5m | COB | 624 LED\/m | 1650Lm\/m | 18W\/M | IP20 - STARLED Iluminacion","isPartOf":{"@id":"https:\/\/starlediluminacion.com\/#website"},"primaryImageOfPage":{"@id":"https:\/\/starlediluminacion.com\/producto\/tira-led-24v-rgb-5m-cob-624-led-m-1650lm-m-18w-m-ip20\/#primaryimage"},"image":{"@id":"https:\/\/starlediluminacion.com\/producto\/tira-led-24v-rgb-5m-cob-624-led-m-1650lm-m-18w-m-ip20\/#primaryimage"},"thumbnailUrl":"https:\/\/starlediluminacion.com\/wp-content\/uploads\/2022\/08\/tira-led-24v-120xledm-5m-smd2835-1100lm-12wm-ip20-factorled-1-1.jpg","datePublished":"2022-08-14T14:35:06+00:00","breadcrumb":{"@id":"https:\/\/starlediluminacion.com\/producto\/tira-led-24v-rgb-5m-cob-624-led-m-1650lm-m-18w-m-ip20\/#breadcrumb"},"inLanguage":"it-IT","potentialAction":[{"@type":"ReadAction","target":["https:\/\/starlediluminacion.com\/producto\/tira-led-24v-rgb-5m-cob-624-led-m-1650lm-m-18w-m-ip20\/"]}]},{"@type":"ImageObject","inLanguage":"it-IT","@id":"https:\/\/starlediluminacion.com\/producto\/tira-led-24v-rgb-5m-cob-624-led-m-1650lm-m-18w-m-ip20\/#primaryimage","url":"https:\/\/starlediluminacion.com\/wp-content\/uploads\/2022\/08\/tira-led-24v-120xledm-5m-smd2835-1100lm-12wm-ip20-factorled-1-1.jpg","contentUrl":"https:\/\/starlediluminacion.com\/wp-content\/uploads\/2022\/08\/tira-led-24v-120xledm-5m-smd2835-1100lm-12wm-ip20-factorled-1-1.jpg","width":1000,"height":1000},{"@type":"BreadcrumbList","@id":"https:\/\/starlediluminacion.com\/producto\/tira-led-24v-rgb-5m-cob-624-led-m-1650lm-m-18w-m-ip20\/#breadcrumb","itemListElement":[{"@type":"ListItem","position":1,"name":"Portada","item":"https:\/\/starlediluminacion.com\/"},{"@type":"ListItem","position":2,"name":"Shop","item":"https:\/\/starlediluminacion.com\/shop-2\/"},{"@type":"ListItem","position":3,"name":"Tira LED 24V RGB | 5m | COB | 624 LED\/m | 1650Lm\/m | 18W\/M | IP20"}]},{"@type":"WebSite","@id":"https:\/\/starlediluminacion.com\/#website","url":"https:\/\/starlediluminacion.com\/","name":"STARLED Iluminacion","description":"","potentialAction":[{"@type":"SearchAction","target":{"@type":"EntryPoint","urlTemplate":"https:\/\/starlediluminacion.com\/?s={search_term_string}"},"query-input":{"@type":"PropertyValueSpecification","valueRequired":true,"valueName":"search_term_string"}}],"inLanguage":"it-IT"}]}},"_links":{"self":[{"href":"https:\/\/starlediluminacion.com\/it\/wp-json\/wp\/v3\/product\/6470","targetHints":{"allow":["GET"]}}],"collection":[{"href":"https:\/\/starlediluminacion.com\/it\/wp-json\/wp\/v3\/product"}],"about":[{"href":"https:\/\/starlediluminacion.com\/it\/wp-json\/wp\/v2\/types\/product"}],"wp:featuredmedia":[{"embeddable":true,"href":"https:\/\/starlediluminacion.com\/it\/wp-json\/wp\/v2\/media\/6471"}],"wp:attachment":[{"href":"https:\/\/starlediluminacion.com\/it\/wp-json\/wp\/v2\/media?parent=6470"}],"wp:term":[{"taxonomy":"product_cat","embeddable":true,"href":"https:\/\/starlediluminacion.com\/it\/wp-json\/wp\/v2\/product_cat?post=6470"},{"taxonomy":"product_tag","embeddable":true,"href":"https:\/\/starlediluminacion.com\/it\/wp-json\/wp\/v2\/product_tag?post=6470"}],"curies":[{"name":"wp","href":"https:\/\/api.w.org\/{rel}","templated":true}]}}