{"id":6216,"date":"2022-08-14T08:20:17","date_gmt":"2022-08-14T08:20:17","guid":{"rendered":"https:\/\/starlediluminacion.com\/?post_type=product&#038;p=6216"},"modified":"2025-10-18T09:22:49","modified_gmt":"2025-10-18T09:22:49","slug":"baliza-led-50w-wanda-rectangular-2","status":"publish","type":"product","link":"https:\/\/starlediluminacion.com\/it\/product\/bitta-led-50w-wanda-rettangolare-2\/","title":{"rendered":"<p>Faro LED 50W Wanda rettangolare<\/p>"},"content":{"rendered":"<p>riferimento: slwnd50w<div class=\"hidden-xs parrafo\">\n<p>il<strong>&nbsp;faro&nbsp;<\/strong><strong>led 50w&nbsp;<\/strong>dar&aacute; a la ciudad la iluminaci&oacute;n espec&iacute;fica para los espacios urbanos. la luminaria incluye 1 m&oacute;dulos &oacute;pticos&nbsp;de 84 diodos&nbsp;<strong>leds<\/strong>&nbsp;<strong>smd 3030 2d,&nbsp;de  lumileds,&nbsp;<\/strong>il suo<strong>&nbsp;<\/strong><strong>angolo di apertura&nbsp;<\/strong>\u00e8<strong>&nbsp;136\u00bax78\u00ba.&nbsp;<\/strong>gracias a su gran disipaci&oacute;n la vida &uacute;til del producto puede ser mucho mayor.&nbsp;la gama de balizas&nbsp;<strong>wanda<\/strong>&nbsp;copre qualsiasi tipo di esigenza grazie ai suoi molteplici modelli.<\/p>\n<h1>baliza led 50w wanda rect&aacute;ngular<\/h1>\n<p>il tipo di apparecchio&nbsp;<strong>wanda&nbsp;<\/strong>incorpora un modulo&nbsp;<strong>led<\/strong>&nbsp;<strong>&nbsp;lumileds optical 50w&nbsp;<\/strong>que sirve para la sustituci&oacute;n de las antiguas bombillas e40 y e27, gracias a su potencia consiguen generar una gran iluminaci&oacute;n en las&nbsp;<strong>fari&nbsp;<\/strong>raggiungere il&nbsp;<strong>7500 lumen<\/strong>.<\/p>\n<p>con&nbsp;<strong>design architettonico moderno<\/strong>&nbsp;\u00e8 in grado di creare ambienti luminosi uniformi con gli spazi contemporanei che le citt\u00e0 di prima classe richiedono, inoltre \u00e8 possibile scegliere la corretta temperatura della luce in base alle esigenze di ogni installazione, bianco neutro (4000k) o bianco freddo (5000k). prodotto in&nbsp;<strong>acciaio verniciato a fuoco<\/strong>&nbsp;con vernice epossidica per cui la sua resistenza e il suo peso sono ideali per il trasporto e l'installazione, garantendo una maggiore protezione e una lunga durata; la qualit\u00e0 dei suoi materiali lo rendono un prodotto essenziale per generare energia pulita e prolungato nel tempo.<\/p>\n<p>Il design \u00e8 semplice, sottile ed elegante, con la possibilit\u00e0 di essere costruito in&nbsp;<strong>ruggine o colore metallico.<\/strong><\/p>\n<p>si adatta a qualsiasi tipo di&nbsp;<strong>illuminazione esterna<\/strong>come \u00e8<strong>&nbsp;<\/strong>si inserisce naturalmente in qualsiasi tipo di paesaggio urbano o di propriet\u00e0 privata.<\/p>\n<p>Grazie alla tecnologia LED, \u00e8 possibile raggiungere&nbsp;<strong>salvare<\/strong>&nbsp;fino a&nbsp;<strong>Potenza 80%<\/strong>Le lampade alogene hanno una durata maggiore rispetto alle lampade alogene.&nbsp;<strong>prodotto biologico<\/strong>&nbsp;poich\u00e9 \u00e8 realizzato con materiali non inquinanti, quindi contribuisce a prendersi cura del pianeta.<\/p>\n<p>la loro protezione&nbsp;<strong>ip67<\/strong>&nbsp;La sua struttura \u00e8 adatta all'uso all'esterno e al riparo da schizzi e da qualsiasi tipo di cambiamento climatico.<\/p>\n<h2>usos de la baliza led 50w wanda<\/h2>\n<ul>\n<li>parchi<\/li>\n<li>giardini<\/li>\n<li>comunit\u00e0<\/li>\n<li>AREE EDIFICABILI<\/li>\n<li>luoghi<\/li>\n<li>SALE DA SPOSI<\/li>\n<li>chalet<\/li>\n<li>case rurali<\/li>\n<li>magazzini industriali<\/li>\n<\/ul>\n<h3 class=\"page-product-heading\">dettagli tecnici<\/h3>\n<div class=\"col-xs-12 col-md-6\">\n<table class=\"table table-data-sheet 1\">\n<tbody>\n<tr class=\"odd\">\n<td valign=\"middle\" width=\"32\"><\/td>\n<td valign=\"middle\">riferimento :<\/td>\n<td valign=\"middle\">slwnd50w<\/td>\n<\/tr>\n<tr class=\"even\">\n<td valign=\"middle\" width=\"32\"><\/td>\n<td valign=\"middle\">Potenza nominale :<\/td>\n<td valign=\"middle\">50w<\/td>\n<\/tr>\n<tr class=\"odd\">\n<td valign=\"middle\" width=\"32\"><\/td>\n<td valign=\"middle\">tensione nominale:<\/td>\n<td valign=\"middle\">85-265v<\/td>\n<\/tr>\n<tr class=\"even\">\n<td valign=\"middle\" width=\"32\"><\/td>\n<td valign=\"middle\">temperatura della luce:<\/td>\n<td valign=\"middle\">4000k - 5000k<\/td>\n<\/tr>\n<tr class=\"odd\">\n<td valign=\"middle\" width=\"32\"><\/td>\n<td valign=\"middle\">cri -indice di riproduzione cromatica:<\/td>\n<td valign=\"middle\">80<\/td>\n<\/tr>\n<tr class=\"even\">\n<td valign=\"middle\" width=\"32\"><\/td>\n<td valign=\"middle\">materiale da costruzione:<\/td>\n<td valign=\"middle\">stell + alluminio +pmma<\/td>\n<\/tr>\n<tr class=\"odd\">\n<td valign=\"middle\" width=\"32\"><\/td>\n<td valign=\"middle\">luminosit\u00e0-lm:<\/td>\n<td valign=\"middle\">7500<\/td>\n<\/tr>\n<tr class=\"even\">\n<td valign=\"middle\" width=\"32\"><\/td>\n<td valign=\"middle\">tipo di LED:<\/td>\n<td valign=\"middle\">84 diodes  luneox 3030 -2d<\/td>\n<\/tr>\n<tr class=\"odd\">\n<td valign=\"middle\" width=\"32\"><\/td>\n<td valign=\"middle\">angolo di apertura (\u00ba):<\/td>\n<td valign=\"middle\">136\u00d778\u00ba<\/td>\n<\/tr>\n<tr class=\"even\">\n<td valign=\"middle\" width=\"32\"><\/td>\n<td valign=\"middle\">efficienza del diodo led (lm\/w):<\/td>\n<td valign=\"middle\">186 lm\/w<\/td>\n<\/tr>\n<tr class=\"odd\">\n<td valign=\"middle\" width=\"32\"><\/td>\n<td valign=\"middle\">efficacia luminosa (lm\/w):<\/td>\n<td valign=\"middle\">150 lm\/w<\/td>\n<\/tr>\n<tr class=\"even\">\n<td valign=\"middle\" width=\"32\"><\/td>\n<td valign=\"middle\">certificati:<\/td>\n<td valign=\"middle\">ce - rohs<\/td>\n<\/tr>\n<tr class=\"odd\">\n<td valign=\"middle\" width=\"32\"><\/td>\n<td valign=\"middle\">grado di ip:<\/td>\n<td valign=\"middle\">ip67-esterno<\/td>\n<\/tr>\n<\/tbody>\n<\/table>\n<\/div>\n<div class=\"col-xs-12 col-md-6 2\">\n<table class=\"table table-data-sheet 2\">\n<tbody>\n<tr class=\"odd\">\n<td valign=\"middle\" width=\"32\"><\/td>\n<td valign=\"middle\">vita stimata del diodo led (h):<\/td>\n<td valign=\"middle\">50.000<\/td>\n<\/tr>\n<tr class=\"even\">\n<td valign=\"middle\" width=\"32\"><\/td>\n<td valign=\"middle\">dimensioni (mm):<\/td>\n<td valign=\"middle\">h950 mm x 140 mm x 80 mm (tubo 3 mm)<\/td>\n<\/tr>\n<tr class=\"odd\">\n<td valign=\"middle\" width=\"32\"><\/td>\n<td valign=\"middle\">fattore di potenza (pf):<\/td>\n<td valign=\"middle\">0.95<\/td>\n<\/tr>\n<tr class=\"even\">\n<td valign=\"middle\" width=\"32\"><\/td>\n<td valign=\"middle\">frequenza di lavoro (hz):<\/td>\n<td valign=\"middle\">50\/60hz<\/td>\n<\/tr>\n<tr class=\"odd\">\n<td valign=\"middle\" width=\"32\"><\/td>\n<td valign=\"middle\">intervallo di temperatura (\u00baC):<\/td>\n<td valign=\"middle\">-15\u00ba+70\u00ba -15\u00ba+70\u00ba -15\u00ba+70\u00ba -15\u00ba+70\u00ba -15\u00ba+70\u00ba -15\u00ba+70\u00ba<\/td>\n<\/tr>\n<tr class=\"even\">\n<td valign=\"middle\" width=\"32\"><\/td>\n<td valign=\"middle\">cicli di accensione:<\/td>\n<td valign=\"middle\">100.000<\/td>\n<\/tr>\n<tr class=\"odd\">\n<td valign=\"middle\" width=\"32\"><\/td>\n<td valign=\"middle\">tempo di avvio (s):<\/td>\n<td valign=\"middle\">0,2s<\/td>\n<\/tr>\n<tr class=\"even\">\n<td valign=\"middle\" width=\"32\"><\/td>\n<td valign=\"middle\">informazioni aggiuntive:<\/td>\n<td valign=\"middle\">driver: 23-42 vdc 1300ma +-5% - 10k previsione di consegna 15-20 giorni<\/td>\n<\/tr>\n<tr class=\"odd\">\n<td valign=\"middle\" width=\"32\"><\/td>\n<td valign=\"middle\">protezione dagli impatti (ik):<\/td>\n<td valign=\"middle\">ik10<\/td>\n<\/tr>\n<tr class=\"even\">\n<td valign=\"middle\" width=\"32\"><\/td>\n<td valign=\"middle\">driver incluso:<\/td>\n<td valign=\"middle\">se<\/td>\n<\/tr>\n<tr class=\"odd\">\n<td valign=\"middle\" width=\"32\"><\/td>\n<td valign=\"middle\">classe energetica (2021-EU-2019\/2015):<\/td>\n<td valign=\"middle\">a++<\/td>\n<\/tr>\n<tr class=\"even\">\n<td valign=\"middle\" width=\"32\"><\/td>\n<td valign=\"middle\">anni di garanzia:<\/td>\n<td valign=\"middle\">5<\/td>\n<\/tr>\n<\/tbody>\n<\/table>\n<\/div>\n<\/div><\/p>","protected":false},"excerpt":{"rendered":"<div class=\"woocommerce-product-details__short-description\">\n<div class=\"col-md-12\"><i class=\"fa fa-truck\"><\/i>&nbsp;<span class=\"text-muted textprop\">Consegna in 24\/48 ore<\/span><\/div>\n<div class=\"col-md-12\"><i class=\"fa fa-exchange\"><\/i>&nbsp;<span class=\"text-muted textprop\">Garanzia assicurata<\/span><\/div>\n<div class=\"col-md-12\"><i class=\"fa fa-box\"><\/i>&nbsp;<span class=\"text-muted textprop\">1 unit\u00e0 per Masterbox<\/span><\/div>\n<div><strong>TEMPERATURA DI COLORE: 4000K\/5000K<\/strong><\/div>\n<\/div>","protected":false},"featured_media":0,"template":"","meta":{"site-sidebar-layout":"default","site-content-layout":"default","ast-global-header-display":"","ast-main-header-display":"","ast-hfb-above-header-display":"","ast-hfb-below-header-display":"","ast-hfb-mobile-header-display":"","site-post-title":"","ast-breadcrumbs-content":"","ast-featured-img":"","footer-sml-layout":"","theme-transparent-header-meta":"default","adv-header-id-meta":"","stick-header-meta":"","header-above-stick-meta":"","header-main-stick-meta":"","header-below-stick-meta":""},"product_cat":[103,38],"product_tag":[],"class_list":["post-6216","product","type-product","status-publish","hentry","product_cat-balizas-led","product_cat-senalizacion-y-emergencias-led"],"_links":{"self":[{"href":"https:\/\/starlediluminacion.com\/it\/wp-json\/wp\/v3\/product\/6216","targetHints":{"allow":["GET"]}}],"collection":[{"href":"https:\/\/starlediluminacion.com\/it\/wp-json\/wp\/v3\/product"}],"about":[{"href":"https:\/\/starlediluminacion.com\/it\/wp-json\/wp\/v2\/types\/product"}],"wp:attachment":[{"href":"https:\/\/starlediluminacion.com\/it\/wp-json\/wp\/v2\/media?parent=6216"}],"wp:term":[{"taxonomy":"product_cat","embeddable":true,"href":"https:\/\/starlediluminacion.com\/it\/wp-json\/wp\/v2\/product_cat?post=6216"},{"taxonomy":"product_tag","embeddable":true,"href":"https:\/\/starlediluminacion.com\/it\/wp-json\/wp\/v2\/product_tag?post=6216"}],"curies":[{"name":"wp","href":"https:\/\/api.w.org\/{rel}","templated":true}]}}