{"id":5995,"date":"2022-08-12T18:41:48","date_gmt":"2022-08-12T18:41:48","guid":{"rendered":"https:\/\/starlediluminacion.com\/?post_type=product&#038;p=5995"},"modified":"2022-08-12T18:41:48","modified_gmt":"2022-08-12T18:41:48","slug":"foco-proyector-exterior-led-50w-4000k-new-evolution-osram-chip-150lm-w-con-sensor-de-movimiento-y-mando-a-distancia","status":"publish","type":"product","link":"https:\/\/starlediluminacion.com\/it\/product\/proiettore-spot-da-esterno-led-50w-4000k-nuova-evoluzione-osram-chip-150lm-w-con-sensore-di-movimento-e-distanza-comando\/","title":{"rendered":"<p>Proiettore LED da esterno 50W 4000K NUOVA EVOLUZIONE Chip Osram 150Lm\/W con sensore di movimento e telecomando<\/p>"},"content":{"rendered":"<div class=\"product-info-line\">\n<p id=\"product_reference\"><label>NUMERO DI PARTE: SLFLMSOSR50W<br>\n<\/label><\/p>\n<p>Il<strong>&nbsp;Proiettore a LED<\/strong><strong>&nbsp;NUOVA EVOLUZIONE Chip Osram,&nbsp;<\/strong>ha una potenza di&nbsp;<strong>50W 4000k<\/strong>&nbsp;e ha un&nbsp;<strong>Sensore di movimento<\/strong>&nbsp;Il suo design all'avanguardia lo rende particolarmente adatto all'illuminazione architettonica, pubblicitaria e decorativa. Ha anche un grado di protezione&nbsp;<strong>IP65<\/strong>&nbsp;che lo rende resistente alla pioggia e impossibile da arrugginire.<\/p>\n<p>Il nostro nuovo proiettore con&nbsp;<strong>rilevatore di movimento<\/strong>&nbsp;\u00e8 dotato di un telecomando con il quale \u00e8 possibile selezionare la funzione pi\u00f9 adatta alle proprie esigenze.<\/p>\n<h1>Proiettore LED da esterno 50W 4000k NUOVA EVOLUZIONE Chip Osram 150Lm\/W con sensore di movimento e telecomando<\/h1>\n<p>Il<strong>&nbsp;Faretto LED NUOVA EVOLUZIONE&nbsp;<\/strong>da<strong>&nbsp;Chip Osram da 50W&nbsp;&nbsp;<\/strong>\u00e8 perfetto per l'illuminazione architettonica, pubblicitaria e decorativa. Grazie al suo angolo di<strong>&nbsp;110\u00ba<\/strong>&nbsp;permette di distribuire la luce in modo omogeneo, ottenendo cos\u00ec<strong>&nbsp;<\/strong>ampia illuminazione.<strong>&nbsp;<\/strong>Grazie all'involucro colorato<strong>&nbsp;-<\/strong>GRIGIO RAL9006<strong>-<\/strong>&nbsp;potete progettare i vostri spazi in modo esclusivo, ottenendo atmosfere eleganti e moderne.<\/p>\n<p>Il nostro nuovo proiettore con&nbsp;<strong>sensore di movimento<\/strong>&nbsp;\u00e8 dotato di un telecomando con il quale \u00e8 possibile selezionare la funzione pi\u00f9 adatta alle proprie esigenze.<\/p>\n<p>Dispone di diverse funzioni, come il tempo di accensione, la quantit\u00e0 di luce desiderata o l'angolo di rilevamento, tra le altre, che possono essere regolate grazie al telecomando.<\/p>\n<p>Inoltre, il faretto \u00e8 stato progettato per essere utilizzato in spazi diversi, per questo ha un grado di protezione.&nbsp;<strong>IP65<\/strong>&nbsp;in modo che possa essere utilizzato sia nell'area della&nbsp;<strong>all'esterno&nbsp;<\/strong>a partire da<strong>&nbsp;nell'entroterra; &nbsp;<\/strong>dove \u00e8 necessaria un'elevata qualit\u00e0 della luce e per ridurre la bolletta elettrica.<\/p>\n<p>\u00c8 realizzato in&nbsp;<strong>alluminio<\/strong>&nbsp;y&nbsp;<strong>vetro<\/strong>&nbsp;L'elevata resistenza del prodotto ne aumenta la durata, in modo che il suo funzionamento sia prolungato e possa dare il massimo delle prestazioni.<\/p>\n<p>&nbsp;<\/p>\n<h2>Applicazioni del faretto LED da esterno 50W NEW EVOLUTION Osram Chip 150Lm\/W con sensore di movimento e telecomando<\/h2>\n<ul>\n<li>Giardini<\/li>\n<li>Parchi<\/li>\n<li>Luoghi<\/li>\n<li>Rotatorie<\/li>\n<li>Musei<\/li>\n<li>Percorsi<\/li>\n<li>Gallerie<\/li>\n<\/ul>\n<h3 class=\"page-product-heading\">DATI TECNICI<\/h3>\n<div class=\"col-xs-12 col-md-6\">\n<table class=\"table table-data-sheet 1\">\n<tbody>\n<tr class=\"odd\">\n<td valign=\"middle\" width=\"32\"><\/td>\n<td valign=\"middle\">RIFERIMENTO :<\/td>\n<td valign=\"middle\">SLFLMSOSR50W<\/td>\n<\/tr>\n<tr class=\"even\">\n<td valign=\"middle\" width=\"32\"><\/td>\n<td valign=\"middle\">Potenza nominale :<\/td>\n<td valign=\"middle\">50w<\/td>\n<\/tr>\n<tr class=\"odd\">\n<td valign=\"middle\" width=\"32\"><\/td>\n<td valign=\"middle\">Tensione nominale:<\/td>\n<td valign=\"middle\">220-240V<\/td>\n<\/tr>\n<tr class=\"even\">\n<td valign=\"middle\" width=\"32\"><\/td>\n<td valign=\"middle\">Temperatura della luce:<\/td>\n<td valign=\"middle\">4000K<\/td>\n<\/tr>\n<tr class=\"odd\">\n<td valign=\"middle\" width=\"32\"><\/td>\n<td valign=\"middle\">CRI - Indice di resa cromatica:<\/td>\n<td valign=\"middle\">70<\/td>\n<\/tr>\n<tr class=\"even\">\n<td valign=\"middle\" width=\"32\"><\/td>\n<td valign=\"middle\">Materiale da costruzione:<\/td>\n<td valign=\"middle\">Alluminio + vetro<\/td>\n<\/tr>\n<tr class=\"odd\">\n<td valign=\"middle\" width=\"32\"><\/td>\n<td valign=\"middle\">Luminosit\u00e0-Lm:<\/td>\n<td valign=\"middle\">7500<\/td>\n<\/tr>\n<tr class=\"even\">\n<td valign=\"middle\" width=\"32\"><\/td>\n<td valign=\"middle\">Tipo di LED:<\/td>\n<td valign=\"middle\">CHIP SMD 2835 OSRAM<\/td>\n<\/tr>\n<tr class=\"odd\">\n<td valign=\"middle\" width=\"32\"><\/td>\n<td valign=\"middle\">Angolo di apertura (\u00ba):<\/td>\n<td valign=\"middle\">110\u00ba<\/td>\n<\/tr>\n<tr class=\"even\">\n<td valign=\"middle\" width=\"32\"><\/td>\n<td valign=\"middle\">Efficienza del diodo LED (Lm\/W):<\/td>\n<td valign=\"middle\">150Lm\/W<\/td>\n<\/tr>\n<tr class=\"odd\">\n<td valign=\"middle\" width=\"32\"><\/td>\n<td valign=\"middle\">Efficienza luminosa (Lm\/W):<\/td>\n<td valign=\"middle\">130 Lm\/W<\/td>\n<\/tr>\n<tr class=\"even\">\n<td valign=\"middle\" width=\"32\"><\/td>\n<td valign=\"middle\">Certificati:<\/td>\n<td valign=\"middle\">CE - ROHS<\/td>\n<\/tr>\n<tr class=\"odd\">\n<td valign=\"middle\" width=\"32\"><\/td>\n<td valign=\"middle\">Grado di protezione IP:<\/td>\n<td valign=\"middle\">IP65-Outdoor<\/td>\n<\/tr>\n<\/tbody>\n<\/table>\n<\/div>\n<div class=\"col-xs-12 col-md-6 2\">\n<table class=\"table table-data-sheet 2\">\n<tbody>\n<tr class=\"odd\">\n<td valign=\"middle\" width=\"32\"><\/td>\n<td valign=\"middle\">Durata stimata del diodo LED (H):<\/td>\n<td valign=\"middle\">30.000<\/td>\n<\/tr>\n<tr class=\"even\">\n<td valign=\"middle\" width=\"32\"><\/td>\n<td valign=\"middle\">Dimensioni (mm):<\/td>\n<td valign=\"middle\">188x45x212<\/td>\n<\/tr>\n<tr class=\"odd\">\n<td valign=\"middle\" width=\"32\"><\/td>\n<td valign=\"middle\">Fattore di potenza (PF):<\/td>\n<td valign=\"middle\">0,98<\/td>\n<\/tr>\n<tr class=\"even\">\n<td valign=\"middle\" width=\"32\"><\/td>\n<td valign=\"middle\">Frequenza di lavoro (Hz):<\/td>\n<td valign=\"middle\">50\/60Hz<\/td>\n<\/tr>\n<tr class=\"odd\">\n<td valign=\"middle\" width=\"32\"><\/td>\n<td valign=\"middle\">Intervallo di temperatura (\u00baC):<\/td>\n<td valign=\"middle\">-20\u00b0C ~ +55\u00b0C<\/td>\n<\/tr>\n<tr class=\"even\">\n<td valign=\"middle\" width=\"32\"><\/td>\n<td valign=\"middle\">Cicli di accensione:<\/td>\n<td valign=\"middle\">100.000<\/td>\n<\/tr>\n<tr class=\"odd\">\n<td valign=\"middle\" width=\"32\"><\/td>\n<td valign=\"middle\">Tempo di avvio (s):<\/td>\n<td valign=\"middle\">0,2s<\/td>\n<\/tr>\n<tr class=\"even\">\n<td valign=\"middle\" width=\"32\"><\/td>\n<td valign=\"middle\">Informazioni aggiuntive:<\/td>\n<td valign=\"middle\">Autista No Flick<\/td>\n<\/tr>\n<tr class=\"odd\">\n<td valign=\"middle\" width=\"32\"><\/td>\n<td valign=\"middle\">Modalit\u00e0 di controllo:<\/td>\n<td valign=\"middle\">UNIT\u00c0 DI CONTROLLO + INFRAROSSI<\/td>\n<\/tr>\n<tr class=\"even\">\n<td valign=\"middle\" width=\"32\"><\/td>\n<td valign=\"middle\">Protezione dagli impatti (IK):<\/td>\n<td valign=\"middle\">IK06<\/td>\n<\/tr>\n<tr class=\"odd\">\n<td valign=\"middle\" width=\"32\"><\/td>\n<td valign=\"middle\">Classe energetica (2021-EU-2019\/2015):<\/td>\n<td valign=\"middle\">A+<\/td>\n<\/tr>\n<tr class=\"even\">\n<td valign=\"middle\" width=\"32\"><\/td>\n<td valign=\"middle\">Classe energetica (2023 - UE-2019\/2015):<\/td>\n<td valign=\"middle\">E<\/td>\n<\/tr>\n<tr class=\"odd\">\n<td valign=\"middle\" width=\"32\"><\/td>\n<td valign=\"middle\">Anni di garanzia:<\/td>\n<td valign=\"middle\">5<\/td>\n<\/tr>\n<\/tbody>\n<\/table>\n<\/div>\n<\/div>","protected":false},"excerpt":{"rendered":"<div class=\"col-md-12\"><i class=\"fa fa-truck\"><\/i>&nbsp;<span class=\"text-muted textprop\">Consegna in 24\/48 ore<\/span><div class=\"col-md-12\"><i class=\"fa fa-exchange\"><\/i>&nbsp;<span class=\"text-muted textprop\">Garanzia assicurata<\/span><\/div><div class=\"col-md-12\"><i class=\"fa fa-box\"><\/i>&nbsp;<span class=\"text-muted textprop\">30 unit\u00e0 per Masterbox<\/span><\/div><\/div>","protected":false},"featured_media":6003,"template":"","meta":{"site-sidebar-layout":"default","site-content-layout":"default","ast-global-header-display":"","ast-main-header-display":"","ast-hfb-above-header-display":"","ast-hfb-below-header-display":"","ast-hfb-mobile-header-display":"","site-post-title":"","ast-breadcrumbs-content":"","ast-featured-img":"","footer-sml-layout":"","theme-transparent-header-meta":"default","adv-header-id-meta":"","stick-header-meta":"","header-above-stick-meta":"","header-main-stick-meta":"","header-below-stick-meta":""},"product_cat":[82,28],"product_tag":[],"class_list":["post-5995","product","type-product","status-publish","has-post-thumbnail","hentry","product_cat-foco-proyector-serie-evolution","product_cat-proyectores-led-exterior-y-jardin"],"yoast_head":"<!-- This site is optimized with the Yoast SEO plugin v27.4 - https:\/\/yoast.com\/product\/yoast-seo-wordpress\/ -->\n<title>Foco Proyector Exterior LED 50W 4000K NEW EVOLUTION Osram Chip 150Lm\/W con Sensor de Movimiento y Mando a Distancia - STARLED Iluminacion<\/title>\n<meta name=\"robots\" content=\"index, follow, max-snippet:-1, max-image-preview:large, max-video-preview:-1\" \/>\n<link rel=\"canonical\" href=\"https:\/\/starlediluminacion.com\/it\/product\/proiettore-spot-da-esterno-led-50w-4000k-nuova-evoluzione-osram-chip-150lm-w-con-sensore-di-movimento-e-distanza-comando\/\" \/>\n<meta property=\"og:locale\" content=\"it_IT\" \/>\n<meta property=\"og:type\" content=\"article\" \/>\n<meta property=\"og:title\" content=\"Foco Proyector Exterior LED 50W 4000K NEW EVOLUTION Osram Chip 150Lm\/W con Sensor de Movimiento y Mando a Distancia - STARLED Iluminacion\" \/>\n<meta property=\"og:description\" content=\"\u00a0Entrega en 24\/48 horas \u00a0Garant\u00eda asegurada \u00a030 unidad(es) por Masterbox\" \/>\n<meta property=\"og:url\" content=\"https:\/\/starlediluminacion.com\/it\/product\/proiettore-spot-da-esterno-led-50w-4000k-nuova-evoluzione-osram-chip-150lm-w-con-sensore-di-movimento-e-distanza-comando\/\" \/>\n<meta property=\"og:site_name\" content=\"STARLED Iluminacion\" \/>\n<meta property=\"og:image\" content=\"https:\/\/starlediluminacion.com\/wp-content\/uploads\/2022\/08\/foco-proyector-exterior-led-50w-new-evolution-osram-sensor-movimiento-factorled.jpg\" \/>\n\t<meta property=\"og:image:width\" content=\"1000\" \/>\n\t<meta property=\"og:image:height\" content=\"1000\" \/>\n\t<meta property=\"og:image:type\" content=\"image\/jpeg\" \/>\n<meta name=\"twitter:card\" content=\"summary_large_image\" \/>\n<meta name=\"twitter:label1\" content=\"Tempo di lettura stimato\" \/>\n\t<meta name=\"twitter:data1\" content=\"2 minuti\" \/>\n<script type=\"application\/ld+json\" class=\"yoast-schema-graph\">{\"@context\":\"https:\\\/\\\/schema.org\",\"@graph\":[{\"@type\":\"WebPage\",\"@id\":\"https:\\\/\\\/starlediluminacion.com\\\/producto\\\/foco-proyector-exterior-led-50w-4000k-new-evolution-osram-chip-150lm-w-con-sensor-de-movimiento-y-mando-a-distancia\\\/\",\"url\":\"https:\\\/\\\/starlediluminacion.com\\\/producto\\\/foco-proyector-exterior-led-50w-4000k-new-evolution-osram-chip-150lm-w-con-sensor-de-movimiento-y-mando-a-distancia\\\/\",\"name\":\"Foco Proyector Exterior LED 50W 4000K NEW EVOLUTION Osram Chip 150Lm\\\/W con Sensor de Movimiento y Mando a Distancia - STARLED Iluminacion\",\"isPartOf\":{\"@id\":\"https:\\\/\\\/starlediluminacion.com\\\/#website\"},\"primaryImageOfPage\":{\"@id\":\"https:\\\/\\\/starlediluminacion.com\\\/producto\\\/foco-proyector-exterior-led-50w-4000k-new-evolution-osram-chip-150lm-w-con-sensor-de-movimiento-y-mando-a-distancia\\\/#primaryimage\"},\"image\":{\"@id\":\"https:\\\/\\\/starlediluminacion.com\\\/producto\\\/foco-proyector-exterior-led-50w-4000k-new-evolution-osram-chip-150lm-w-con-sensor-de-movimiento-y-mando-a-distancia\\\/#primaryimage\"},\"thumbnailUrl\":\"https:\\\/\\\/starlediluminacion.com\\\/wp-content\\\/uploads\\\/2022\\\/08\\\/foco-proyector-exterior-led-50w-new-evolution-osram-sensor-movimiento-factorled.jpg\",\"datePublished\":\"2022-08-12T18:41:48+00:00\",\"breadcrumb\":{\"@id\":\"https:\\\/\\\/starlediluminacion.com\\\/producto\\\/foco-proyector-exterior-led-50w-4000k-new-evolution-osram-chip-150lm-w-con-sensor-de-movimiento-y-mando-a-distancia\\\/#breadcrumb\"},\"inLanguage\":\"it-IT\",\"potentialAction\":[{\"@type\":\"ReadAction\",\"target\":[\"https:\\\/\\\/starlediluminacion.com\\\/producto\\\/foco-proyector-exterior-led-50w-4000k-new-evolution-osram-chip-150lm-w-con-sensor-de-movimiento-y-mando-a-distancia\\\/\"]}]},{\"@type\":\"ImageObject\",\"inLanguage\":\"it-IT\",\"@id\":\"https:\\\/\\\/starlediluminacion.com\\\/producto\\\/foco-proyector-exterior-led-50w-4000k-new-evolution-osram-chip-150lm-w-con-sensor-de-movimiento-y-mando-a-distancia\\\/#primaryimage\",\"url\":\"https:\\\/\\\/starlediluminacion.com\\\/wp-content\\\/uploads\\\/2022\\\/08\\\/foco-proyector-exterior-led-50w-new-evolution-osram-sensor-movimiento-factorled.jpg\",\"contentUrl\":\"https:\\\/\\\/starlediluminacion.com\\\/wp-content\\\/uploads\\\/2022\\\/08\\\/foco-proyector-exterior-led-50w-new-evolution-osram-sensor-movimiento-factorled.jpg\",\"width\":1000,\"height\":1000},{\"@type\":\"BreadcrumbList\",\"@id\":\"https:\\\/\\\/starlediluminacion.com\\\/producto\\\/foco-proyector-exterior-led-50w-4000k-new-evolution-osram-chip-150lm-w-con-sensor-de-movimiento-y-mando-a-distancia\\\/#breadcrumb\",\"itemListElement\":[{\"@type\":\"ListItem\",\"position\":1,\"name\":\"Portada\",\"item\":\"https:\\\/\\\/starlediluminacion.com\\\/\"},{\"@type\":\"ListItem\",\"position\":2,\"name\":\"Shop\",\"item\":\"https:\\\/\\\/starlediluminacion.com\\\/shop-2\\\/\"},{\"@type\":\"ListItem\",\"position\":3,\"name\":\"Foco Proyector Exterior LED 50W 4000K NEW EVOLUTION Osram Chip 150Lm\\\/W con Sensor de Movimiento y Mando a Distancia\"}]},{\"@type\":\"WebSite\",\"@id\":\"https:\\\/\\\/starlediluminacion.com\\\/#website\",\"url\":\"https:\\\/\\\/starlediluminacion.com\\\/\",\"name\":\"STARLED Iluminacion\",\"description\":\"\",\"potentialAction\":[{\"@type\":\"SearchAction\",\"target\":{\"@type\":\"EntryPoint\",\"urlTemplate\":\"https:\\\/\\\/starlediluminacion.com\\\/?s={search_term_string}\"},\"query-input\":{\"@type\":\"PropertyValueSpecification\",\"valueRequired\":true,\"valueName\":\"search_term_string\"}}],\"inLanguage\":\"it-IT\"}]}<\/script>\n<!-- \/ Yoast SEO plugin. -->","yoast_head_json":{"title":"Foco Proyector Exterior LED 50W 4000K NEW EVOLUTION Osram Chip 150Lm\/W con Sensor de Movimiento y Mando a Distancia - STARLED Iluminacion","robots":{"index":"index","follow":"follow","max-snippet":"max-snippet:-1","max-image-preview":"max-image-preview:large","max-video-preview":"max-video-preview:-1"},"canonical":"https:\/\/starlediluminacion.com\/it\/product\/proiettore-spot-da-esterno-led-50w-4000k-nuova-evoluzione-osram-chip-150lm-w-con-sensore-di-movimento-e-distanza-comando\/","og_locale":"it_IT","og_type":"article","og_title":"Foco Proyector Exterior LED 50W 4000K NEW EVOLUTION Osram Chip 150Lm\/W con Sensor de Movimiento y Mando a Distancia - STARLED Iluminacion","og_description":"\u00a0Entrega en 24\/48 horas \u00a0Garant\u00eda asegurada \u00a030 unidad(es) por Masterbox","og_url":"https:\/\/starlediluminacion.com\/it\/product\/proiettore-spot-da-esterno-led-50w-4000k-nuova-evoluzione-osram-chip-150lm-w-con-sensore-di-movimento-e-distanza-comando\/","og_site_name":"STARLED Iluminacion","og_image":[{"width":1000,"height":1000,"url":"https:\/\/starlediluminacion.com\/wp-content\/uploads\/2022\/08\/foco-proyector-exterior-led-50w-new-evolution-osram-sensor-movimiento-factorled.jpg","type":"image\/jpeg"}],"twitter_card":"summary_large_image","twitter_misc":{"Tempo di lettura stimato":"2 minuti"},"schema":{"@context":"https:\/\/schema.org","@graph":[{"@type":"WebPage","@id":"https:\/\/starlediluminacion.com\/producto\/foco-proyector-exterior-led-50w-4000k-new-evolution-osram-chip-150lm-w-con-sensor-de-movimiento-y-mando-a-distancia\/","url":"https:\/\/starlediluminacion.com\/producto\/foco-proyector-exterior-led-50w-4000k-new-evolution-osram-chip-150lm-w-con-sensor-de-movimiento-y-mando-a-distancia\/","name":"Foco Proyector Exterior LED 50W 4000K NEW EVOLUTION Osram Chip 150Lm\/W con Sensor de Movimiento y Mando a Distancia - STARLED Iluminacion","isPartOf":{"@id":"https:\/\/starlediluminacion.com\/#website"},"primaryImageOfPage":{"@id":"https:\/\/starlediluminacion.com\/producto\/foco-proyector-exterior-led-50w-4000k-new-evolution-osram-chip-150lm-w-con-sensor-de-movimiento-y-mando-a-distancia\/#primaryimage"},"image":{"@id":"https:\/\/starlediluminacion.com\/producto\/foco-proyector-exterior-led-50w-4000k-new-evolution-osram-chip-150lm-w-con-sensor-de-movimiento-y-mando-a-distancia\/#primaryimage"},"thumbnailUrl":"https:\/\/starlediluminacion.com\/wp-content\/uploads\/2022\/08\/foco-proyector-exterior-led-50w-new-evolution-osram-sensor-movimiento-factorled.jpg","datePublished":"2022-08-12T18:41:48+00:00","breadcrumb":{"@id":"https:\/\/starlediluminacion.com\/producto\/foco-proyector-exterior-led-50w-4000k-new-evolution-osram-chip-150lm-w-con-sensor-de-movimiento-y-mando-a-distancia\/#breadcrumb"},"inLanguage":"it-IT","potentialAction":[{"@type":"ReadAction","target":["https:\/\/starlediluminacion.com\/producto\/foco-proyector-exterior-led-50w-4000k-new-evolution-osram-chip-150lm-w-con-sensor-de-movimiento-y-mando-a-distancia\/"]}]},{"@type":"ImageObject","inLanguage":"it-IT","@id":"https:\/\/starlediluminacion.com\/producto\/foco-proyector-exterior-led-50w-4000k-new-evolution-osram-chip-150lm-w-con-sensor-de-movimiento-y-mando-a-distancia\/#primaryimage","url":"https:\/\/starlediluminacion.com\/wp-content\/uploads\/2022\/08\/foco-proyector-exterior-led-50w-new-evolution-osram-sensor-movimiento-factorled.jpg","contentUrl":"https:\/\/starlediluminacion.com\/wp-content\/uploads\/2022\/08\/foco-proyector-exterior-led-50w-new-evolution-osram-sensor-movimiento-factorled.jpg","width":1000,"height":1000},{"@type":"BreadcrumbList","@id":"https:\/\/starlediluminacion.com\/producto\/foco-proyector-exterior-led-50w-4000k-new-evolution-osram-chip-150lm-w-con-sensor-de-movimiento-y-mando-a-distancia\/#breadcrumb","itemListElement":[{"@type":"ListItem","position":1,"name":"Portada","item":"https:\/\/starlediluminacion.com\/"},{"@type":"ListItem","position":2,"name":"Shop","item":"https:\/\/starlediluminacion.com\/shop-2\/"},{"@type":"ListItem","position":3,"name":"Foco Proyector Exterior LED 50W 4000K NEW EVOLUTION Osram Chip 150Lm\/W con Sensor de Movimiento y Mando a Distancia"}]},{"@type":"WebSite","@id":"https:\/\/starlediluminacion.com\/#website","url":"https:\/\/starlediluminacion.com\/","name":"STARLED Iluminacion","description":"","potentialAction":[{"@type":"SearchAction","target":{"@type":"EntryPoint","urlTemplate":"https:\/\/starlediluminacion.com\/?s={search_term_string}"},"query-input":{"@type":"PropertyValueSpecification","valueRequired":true,"valueName":"search_term_string"}}],"inLanguage":"it-IT"}]}},"_links":{"self":[{"href":"https:\/\/starlediluminacion.com\/it\/wp-json\/wp\/v3\/product\/5995","targetHints":{"allow":["GET"]}}],"collection":[{"href":"https:\/\/starlediluminacion.com\/it\/wp-json\/wp\/v3\/product"}],"about":[{"href":"https:\/\/starlediluminacion.com\/it\/wp-json\/wp\/v2\/types\/product"}],"wp:featuredmedia":[{"embeddable":true,"href":"https:\/\/starlediluminacion.com\/it\/wp-json\/wp\/v2\/media\/6003"}],"wp:attachment":[{"href":"https:\/\/starlediluminacion.com\/it\/wp-json\/wp\/v2\/media?parent=5995"}],"wp:term":[{"taxonomy":"product_cat","embeddable":true,"href":"https:\/\/starlediluminacion.com\/it\/wp-json\/wp\/v2\/product_cat?post=5995"},{"taxonomy":"product_tag","embeddable":true,"href":"https:\/\/starlediluminacion.com\/it\/wp-json\/wp\/v2\/product_tag?post=5995"}],"curies":[{"name":"wp","href":"https:\/\/api.w.org\/{rel}","templated":true}]}}