{"id":5470,"date":"2022-08-12T12:45:11","date_gmt":"2022-08-12T12:45:11","guid":{"rendered":"https:\/\/starlediluminacion.com\/?post_type=product&#038;p=5470"},"modified":"2022-08-12T12:45:11","modified_gmt":"2022-08-12T12:45:11","slug":"foco-led-40w-pisa-negro-carril-monofasico","status":"publish","type":"product","link":"https:\/\/starlediluminacion.com\/it\/product\/proiettore-led-40w-nero-pavimento-nero-rotaia-monophase\/","title":{"rendered":"<p>40W PISA Faretto LED Nero Binario monofase<\/p>"},"content":{"rendered":"<p>RIFERIMENTO: SL4852<div class=\"hidden-xs parrafo\">\n<p><strong>Faretto a binario LED 40w<\/strong>&nbsp;potenza. Con il suo&nbsp;<strong>sistema girevole<\/strong>&nbsp;permette&nbsp;<strong>dirigere la luce in qualsiasi direzione<\/strong>&nbsp;che consente di modificare l'illuminazione a seconda delle esigenze. Ci\u00f2 rende questo faretto perfetto per&nbsp;<strong>evidenziare elementi specifici<\/strong>generando cos\u00ec atmosfere multiple. Angolo primario di<strong>&nbsp;35\u00ba<\/strong>&nbsp;e secondario di&nbsp;<strong>70\u00ba.<\/strong><\/p>\n<\/div><div id=\"views_block-1\" class=\"clearfix\">\n<div id=\"thumbs_list\">\n<h1>Focus<strong>&nbsp;LED 40W PISA nero per binario monofase 35\u00ba<\/strong><\/h1>\n<p><strong>Si tratta di uno dei faretti pi\u00f9 flessibili quando si tratta di arredare il negozio, perch\u00e9 grazie al suo design pu\u00f2 essere ruotato quasi completamente.<\/strong>di&nbsp;<strong>leggerezza<\/strong>&nbsp;ma versatile, otteniamo risultati incredibili nella decorazione.<\/p>\n<p>Ottenere un&nbsp;<strong>effetto doppio&nbsp;<\/strong>&nbsp;grazie alla lente collimatrice emisferica di ultima generazione (concentratore di fasci luminosi) in PMMA (polimetilmetacrilato) e al riflettore curvo in alluminio lucidato a forma di diamante, che produce una luce di base e un angolo pi\u00f9 concentrato per enfatizzare l'oggetto da illuminare senza causare ombre accentuate con un angolo primario di&nbsp;<strong>35\u00ba<\/strong>&nbsp;e secondario di&nbsp;<strong>70\u00ba.<\/strong><\/p>\n<p>&nbsp;<\/p>\n<h2>Usi del focus<strong>&nbsp;LED 40W PISA nero per binario monofase 35\u00ba<\/strong><\/h2>\n<ul>\n<li>- Vetrine<\/li>\n<li>\u2013 Oficinas<\/li>\n<li>- Gallerie d'arte<\/li>\n<li>- Musei<\/li>\n<\/ul>\n<h3 class=\"page-product-heading\">DATI TECNICI<\/h3>\n<div class=\"col-xs-12 col-md-6\">\n<table class=\"table table-data-sheet 1\">\n<tbody>\n<tr class=\"odd\">\n<td valign=\"middle\" width=\"32\"><\/td>\n<td valign=\"middle\">RIFERIMENTO :<\/td>\n<td valign=\"middle\">SL4852<\/td>\n<\/tr>\n<tr class=\"even\">\n<td valign=\"middle\" width=\"32\"><\/td>\n<td valign=\"middle\">Potenza nominale :<\/td>\n<td valign=\"middle\">40w<\/td>\n<\/tr>\n<tr class=\"odd\">\n<td valign=\"middle\" width=\"32\"><\/td>\n<td valign=\"middle\">Tensione nominale:<\/td>\n<td valign=\"middle\">85V-265V<\/td>\n<\/tr>\n<tr class=\"even\">\n<td valign=\"middle\" width=\"32\"><\/td>\n<td valign=\"middle\">Temperatura della luce:<\/td>\n<td valign=\"middle\">3000K - 4000K 6000K<\/td>\n<\/tr>\n<tr class=\"odd\">\n<td valign=\"middle\" width=\"32\"><\/td>\n<td valign=\"middle\">CRI - Indice di resa cromatica:<\/td>\n<td valign=\"middle\">92<\/td>\n<\/tr>\n<tr class=\"even\">\n<td valign=\"middle\" width=\"32\"><\/td>\n<td valign=\"middle\">Materiale da costruzione:<\/td>\n<td valign=\"middle\">Alluminio +PC<\/td>\n<\/tr>\n<tr class=\"odd\">\n<td valign=\"middle\" width=\"32\"><\/td>\n<td valign=\"middle\">Luminosit\u00e0-Lm:<\/td>\n<td valign=\"middle\">4000<\/td>\n<\/tr>\n<tr class=\"even\">\n<td valign=\"middle\" width=\"32\"><\/td>\n<td valign=\"middle\">Tipo di LED:<\/td>\n<td valign=\"middle\">2630 DS-C30<\/td>\n<\/tr>\n<tr class=\"odd\">\n<td valign=\"middle\" width=\"32\"><\/td>\n<td valign=\"middle\">Angolo di apertura (\u00ba):<\/td>\n<td valign=\"middle\">35\u00ba-70\u00ba.<\/td>\n<\/tr>\n<tr class=\"even\">\n<td valign=\"middle\" width=\"32\"><\/td>\n<td valign=\"middle\">Efficienza del diodo LED (Lm\/W):<\/td>\n<td valign=\"middle\">120Lm\/W<\/td>\n<\/tr>\n<tr class=\"odd\">\n<td valign=\"middle\" width=\"32\"><\/td>\n<td valign=\"middle\">Efficienza luminosa (Lm\/W):<\/td>\n<td valign=\"middle\">100 Lm\/W<\/td>\n<\/tr>\n<\/tbody>\n<\/table>\n<\/div>\n<div class=\"col-xs-12 col-md-6 2\">\n<table class=\"table table-data-sheet 2\">\n<tbody>\n<tr class=\"odd\">\n<td valign=\"middle\" width=\"32\"><\/td>\n<td valign=\"middle\">Certificati:<\/td>\n<td valign=\"middle\">CE - ROHS<\/td>\n<\/tr>\n<tr class=\"even\">\n<td valign=\"middle\" width=\"32\"><\/td>\n<td valign=\"middle\">Grado di protezione IP:<\/td>\n<td valign=\"middle\">IP20<\/td>\n<\/tr>\n<tr class=\"odd\">\n<td valign=\"middle\" width=\"32\"><\/td>\n<td valign=\"middle\">Durata stimata del diodo LED (H):<\/td>\n<td valign=\"middle\">35.000<\/td>\n<\/tr>\n<tr class=\"even\">\n<td valign=\"middle\" width=\"32\"><\/td>\n<td valign=\"middle\">Dimensioni (mm):<\/td>\n<td valign=\"middle\">L188*W100*H152 mm<\/td>\n<\/tr>\n<tr class=\"odd\">\n<td valign=\"middle\" width=\"32\"><\/td>\n<td valign=\"middle\">Fattore di potenza (PF):<\/td>\n<td valign=\"middle\">0.92<\/td>\n<\/tr>\n<tr class=\"even\">\n<td valign=\"middle\" width=\"32\"><\/td>\n<td valign=\"middle\">Frequenza di lavoro (Hz):<\/td>\n<td valign=\"middle\">50\/60Hz<\/td>\n<\/tr>\n<tr class=\"odd\">\n<td valign=\"middle\" width=\"32\"><\/td>\n<td valign=\"middle\">Intervallo di temperatura (\u00baC):<\/td>\n<td valign=\"middle\">-20\u00ba ~ +40\u00ba.<\/td>\n<\/tr>\n<tr class=\"even\">\n<td valign=\"middle\" width=\"32\"><\/td>\n<td valign=\"middle\">Cicli di accensione:<\/td>\n<td valign=\"middle\">100.000<\/td>\n<\/tr>\n<tr class=\"odd\">\n<td valign=\"middle\" width=\"32\"><\/td>\n<td valign=\"middle\">Tempo di avvio (s):<\/td>\n<td valign=\"middle\">0,2s<\/td>\n<\/tr>\n<tr class=\"even\">\n<td valign=\"middle\" width=\"32\"><\/td>\n<td valign=\"middle\">Classe energetica (2021-EU-2019\/2015):<\/td>\n<td valign=\"middle\">A++<\/td>\n<\/tr>\n<tr class=\"odd\">\n<td valign=\"middle\" width=\"32\"><\/td>\n<td valign=\"middle\">Anni di garanzia:<\/td>\n<td valign=\"middle\">3<\/td>\n<\/tr>\n<\/tbody>\n<\/table>\n<\/div>\n<\/div>\n<\/div><\/p>","protected":false},"excerpt":{"rendered":"<div class=\"col-md-12\"><i class=\"fa fa-truck\"><\/i>&nbsp;<span class=\"text-muted textprop\">Consegna in 24\/48 ore<\/span><div class=\"col-md-12\"><i class=\"fa fa-exchange\"><\/i>&nbsp;<span class=\"text-muted textprop\">Garanzia assicurata<\/span><\/div><div class=\"col-md-12\"><i class=\"fa fa-box\"><\/i>&nbsp;<span class=\"text-muted textprop\">20 unit\u00e0 per Masterbox<\/span><\/div><div>\n<div class=\"woocommerce-product-details__short-description\">\n<div>\n<div class=\"woocommerce-product-details__short-description\">\n<div><strong>TEMPERATURA DI COLORE: 3000K\/4000K\/6000K<\/strong><\/div>\n<\/div>\n<\/div>\n<\/div>\n<\/div><\/div>","protected":false},"featured_media":5471,"template":"","meta":{"site-sidebar-layout":"default","site-content-layout":"default","ast-global-header-display":"","ast-main-header-display":"","ast-hfb-above-header-display":"","ast-hfb-below-header-display":"","ast-hfb-mobile-header-display":"","site-post-title":"","ast-breadcrumbs-content":"","ast-featured-img":"","footer-sml-layout":"","theme-transparent-header-meta":"default","adv-header-id-meta":"","stick-header-meta":"","header-above-stick-meta":"","header-main-stick-meta":"","header-below-stick-meta":""},"product_cat":[32,76],"product_tag":[],"class_list":["post-5470","product","type-product","status-publish","has-post-thumbnail","hentry","product_cat-iluminacion-comercial-para-tienda","product_cat-iluminacion-led-carril"],"yoast_head":"<!-- This site is optimized with the Yoast SEO plugin v27.4 - https:\/\/yoast.com\/product\/yoast-seo-wordpress\/ -->\n<title>Foco LED 40W PISA Negro Carril Monof\u00e1sico - STARLED Iluminacion<\/title>\n<meta name=\"robots\" content=\"index, follow, max-snippet:-1, max-image-preview:large, max-video-preview:-1\" \/>\n<link rel=\"canonical\" href=\"https:\/\/starlediluminacion.com\/it\/product\/projetor-led-40w-preto-chao-preto-carril-monofasico\/\" \/>\n<meta property=\"og:locale\" content=\"it_IT\" \/>\n<meta property=\"og:type\" content=\"article\" \/>\n<meta property=\"og:title\" content=\"Foco LED 40W PISA Negro Carril Monof\u00e1sico - STARLED Iluminacion\" \/>\n<meta property=\"og:description\" content=\"\u00a0Entrega en 24\/48 horas \u00a0Garant\u00eda asegurada \u00a020 unidad(es) por Masterbox     TEMPERATURA DE COLOR: 3000K\/4000K\/6000K\" \/>\n<meta property=\"og:url\" content=\"https:\/\/starlediluminacion.com\/it\/product\/projetor-led-40w-preto-chao-preto-carril-monofasico\/\" \/>\n<meta property=\"og:site_name\" content=\"STARLED Iluminacion\" \/>\n<meta property=\"og:image\" content=\"https:\/\/starlediluminacion.com\/wp-content\/uploads\/2022\/08\/foco-led-40w-pisa-negro-para-carril-monofasico-35-factorled-1.webp\" \/>\n\t<meta property=\"og:image:width\" content=\"1000\" \/>\n\t<meta property=\"og:image:height\" content=\"1000\" \/>\n\t<meta property=\"og:image:type\" content=\"image\/webp\" \/>\n<meta name=\"twitter:card\" content=\"summary_large_image\" \/>\n<meta name=\"twitter:label1\" content=\"Tempo di lettura stimato\" \/>\n\t<meta name=\"twitter:data1\" content=\"1 minuto\" \/>\n<script type=\"application\/ld+json\" class=\"yoast-schema-graph\">{\"@context\":\"https:\\\/\\\/schema.org\",\"@graph\":[{\"@type\":\"WebPage\",\"@id\":\"https:\\\/\\\/starlediluminacion.com\\\/pt\\\/product\\\/projetor-led-40w-preto-chao-preto-carril-monofasico\\\/\",\"url\":\"https:\\\/\\\/starlediluminacion.com\\\/pt\\\/product\\\/projetor-led-40w-preto-chao-preto-carril-monofasico\\\/\",\"name\":\"Foco LED 40W PISA Negro Carril Monof\u00e1sico - STARLED Iluminacion\",\"isPartOf\":{\"@id\":\"https:\\\/\\\/starlediluminacion.com\\\/#website\"},\"primaryImageOfPage\":{\"@id\":\"https:\\\/\\\/starlediluminacion.com\\\/pt\\\/product\\\/projetor-led-40w-preto-chao-preto-carril-monofasico\\\/#primaryimage\"},\"image\":{\"@id\":\"https:\\\/\\\/starlediluminacion.com\\\/pt\\\/product\\\/projetor-led-40w-preto-chao-preto-carril-monofasico\\\/#primaryimage\"},\"thumbnailUrl\":\"https:\\\/\\\/starlediluminacion.com\\\/wp-content\\\/uploads\\\/2022\\\/08\\\/foco-led-40w-pisa-negro-para-carril-monofasico-35-factorled-1.webp\",\"datePublished\":\"2022-08-12T12:45:11+00:00\",\"breadcrumb\":{\"@id\":\"https:\\\/\\\/starlediluminacion.com\\\/pt\\\/product\\\/projetor-led-40w-preto-chao-preto-carril-monofasico\\\/#breadcrumb\"},\"inLanguage\":\"it-IT\",\"potentialAction\":[{\"@type\":\"ReadAction\",\"target\":[\"https:\\\/\\\/starlediluminacion.com\\\/pt\\\/product\\\/projetor-led-40w-preto-chao-preto-carril-monofasico\\\/\"]}]},{\"@type\":\"ImageObject\",\"inLanguage\":\"it-IT\",\"@id\":\"https:\\\/\\\/starlediluminacion.com\\\/pt\\\/product\\\/projetor-led-40w-preto-chao-preto-carril-monofasico\\\/#primaryimage\",\"url\":\"https:\\\/\\\/starlediluminacion.com\\\/wp-content\\\/uploads\\\/2022\\\/08\\\/foco-led-40w-pisa-negro-para-carril-monofasico-35-factorled-1.webp\",\"contentUrl\":\"https:\\\/\\\/starlediluminacion.com\\\/wp-content\\\/uploads\\\/2022\\\/08\\\/foco-led-40w-pisa-negro-para-carril-monofasico-35-factorled-1.webp\",\"width\":1000,\"height\":1000},{\"@type\":\"BreadcrumbList\",\"@id\":\"https:\\\/\\\/starlediluminacion.com\\\/pt\\\/product\\\/projetor-led-40w-preto-chao-preto-carril-monofasico\\\/#breadcrumb\",\"itemListElement\":[{\"@type\":\"ListItem\",\"position\":1,\"name\":\"Portada\",\"item\":\"https:\\\/\\\/starlediluminacion.com\\\/\"},{\"@type\":\"ListItem\",\"position\":2,\"name\":\"Shop\",\"item\":\"https:\\\/\\\/starlediluminacion.com\\\/shop-2\\\/\"},{\"@type\":\"ListItem\",\"position\":3,\"name\":\"Foco LED 40W PISA Negro Carril Monof\u00e1sico\"}]},{\"@type\":\"WebSite\",\"@id\":\"https:\\\/\\\/starlediluminacion.com\\\/#website\",\"url\":\"https:\\\/\\\/starlediluminacion.com\\\/\",\"name\":\"STARLED Iluminacion\",\"description\":\"\",\"potentialAction\":[{\"@type\":\"SearchAction\",\"target\":{\"@type\":\"EntryPoint\",\"urlTemplate\":\"https:\\\/\\\/starlediluminacion.com\\\/?s={search_term_string}\"},\"query-input\":{\"@type\":\"PropertyValueSpecification\",\"valueRequired\":true,\"valueName\":\"search_term_string\"}}],\"inLanguage\":\"it-IT\"}]}<\/script>\n<!-- \/ Yoast SEO plugin. -->","yoast_head_json":{"title":"Foco LED 40W PISA Negro Carril Monof\u00e1sico - STARLED Iluminacion","robots":{"index":"index","follow":"follow","max-snippet":"max-snippet:-1","max-image-preview":"max-image-preview:large","max-video-preview":"max-video-preview:-1"},"canonical":"https:\/\/starlediluminacion.com\/it\/product\/projetor-led-40w-preto-chao-preto-carril-monofasico\/","og_locale":"it_IT","og_type":"article","og_title":"Foco LED 40W PISA Negro Carril Monof\u00e1sico - STARLED Iluminacion","og_description":"\u00a0Entrega en 24\/48 horas \u00a0Garant\u00eda asegurada \u00a020 unidad(es) por Masterbox     TEMPERATURA DE COLOR: 3000K\/4000K\/6000K","og_url":"https:\/\/starlediluminacion.com\/it\/product\/projetor-led-40w-preto-chao-preto-carril-monofasico\/","og_site_name":"STARLED Iluminacion","og_image":[{"width":1000,"height":1000,"url":"https:\/\/starlediluminacion.com\/wp-content\/uploads\/2022\/08\/foco-led-40w-pisa-negro-para-carril-monofasico-35-factorled-1.webp","type":"image\/webp"}],"twitter_card":"summary_large_image","twitter_misc":{"Tempo di lettura stimato":"1 minuto"},"schema":{"@context":"https:\/\/schema.org","@graph":[{"@type":"WebPage","@id":"https:\/\/starlediluminacion.com\/pt\/product\/projetor-led-40w-preto-chao-preto-carril-monofasico\/","url":"https:\/\/starlediluminacion.com\/pt\/product\/projetor-led-40w-preto-chao-preto-carril-monofasico\/","name":"Foco LED 40W PISA Negro Carril Monof\u00e1sico - STARLED Iluminacion","isPartOf":{"@id":"https:\/\/starlediluminacion.com\/#website"},"primaryImageOfPage":{"@id":"https:\/\/starlediluminacion.com\/pt\/product\/projetor-led-40w-preto-chao-preto-carril-monofasico\/#primaryimage"},"image":{"@id":"https:\/\/starlediluminacion.com\/pt\/product\/projetor-led-40w-preto-chao-preto-carril-monofasico\/#primaryimage"},"thumbnailUrl":"https:\/\/starlediluminacion.com\/wp-content\/uploads\/2022\/08\/foco-led-40w-pisa-negro-para-carril-monofasico-35-factorled-1.webp","datePublished":"2022-08-12T12:45:11+00:00","breadcrumb":{"@id":"https:\/\/starlediluminacion.com\/pt\/product\/projetor-led-40w-preto-chao-preto-carril-monofasico\/#breadcrumb"},"inLanguage":"it-IT","potentialAction":[{"@type":"ReadAction","target":["https:\/\/starlediluminacion.com\/pt\/product\/projetor-led-40w-preto-chao-preto-carril-monofasico\/"]}]},{"@type":"ImageObject","inLanguage":"it-IT","@id":"https:\/\/starlediluminacion.com\/pt\/product\/projetor-led-40w-preto-chao-preto-carril-monofasico\/#primaryimage","url":"https:\/\/starlediluminacion.com\/wp-content\/uploads\/2022\/08\/foco-led-40w-pisa-negro-para-carril-monofasico-35-factorled-1.webp","contentUrl":"https:\/\/starlediluminacion.com\/wp-content\/uploads\/2022\/08\/foco-led-40w-pisa-negro-para-carril-monofasico-35-factorled-1.webp","width":1000,"height":1000},{"@type":"BreadcrumbList","@id":"https:\/\/starlediluminacion.com\/pt\/product\/projetor-led-40w-preto-chao-preto-carril-monofasico\/#breadcrumb","itemListElement":[{"@type":"ListItem","position":1,"name":"Portada","item":"https:\/\/starlediluminacion.com\/"},{"@type":"ListItem","position":2,"name":"Shop","item":"https:\/\/starlediluminacion.com\/shop-2\/"},{"@type":"ListItem","position":3,"name":"Foco LED 40W PISA Negro Carril Monof\u00e1sico"}]},{"@type":"WebSite","@id":"https:\/\/starlediluminacion.com\/#website","url":"https:\/\/starlediluminacion.com\/","name":"STARLED Iluminacion","description":"","potentialAction":[{"@type":"SearchAction","target":{"@type":"EntryPoint","urlTemplate":"https:\/\/starlediluminacion.com\/?s={search_term_string}"},"query-input":{"@type":"PropertyValueSpecification","valueRequired":true,"valueName":"search_term_string"}}],"inLanguage":"it-IT"}]}},"_links":{"self":[{"href":"https:\/\/starlediluminacion.com\/it\/wp-json\/wp\/v3\/product\/5470","targetHints":{"allow":["GET"]}}],"collection":[{"href":"https:\/\/starlediluminacion.com\/it\/wp-json\/wp\/v3\/product"}],"about":[{"href":"https:\/\/starlediluminacion.com\/it\/wp-json\/wp\/v2\/types\/product"}],"wp:featuredmedia":[{"embeddable":true,"href":"https:\/\/starlediluminacion.com\/it\/wp-json\/wp\/v2\/media\/5471"}],"wp:attachment":[{"href":"https:\/\/starlediluminacion.com\/it\/wp-json\/wp\/v2\/media?parent=5470"}],"wp:term":[{"taxonomy":"product_cat","embeddable":true,"href":"https:\/\/starlediluminacion.com\/it\/wp-json\/wp\/v2\/product_cat?post=5470"},{"taxonomy":"product_tag","embeddable":true,"href":"https:\/\/starlediluminacion.com\/it\/wp-json\/wp\/v2\/product_tag?post=5470"}],"curies":[{"name":"wp","href":"https:\/\/api.w.org\/{rel}","templated":true}]}}