{"id":5219,"date":"2022-08-12T09:59:36","date_gmt":"2022-08-12T09:59:36","guid":{"rendered":"https:\/\/starlediluminacion.com\/?post_type=product&#038;p=5219"},"modified":"2022-12-18T10:42:48","modified_gmt":"2022-12-18T10:42:48","slug":"foco-led-30w-parma-negro-carril-monofasico-cri-92","status":"publish","type":"product","link":"https:\/\/starlediluminacion.com\/it\/product\/spot-led-30w-parma-parma-traccia-nera-monophase-cri-92\/","title":{"rendered":"<p>Faretto LED 30W PARMA Nero Binario monofase CRI +92<\/p>"},"content":{"rendered":"<p>NUMERO DI PARTE: SLTLB30W-NW-90782<p>Il nostro&nbsp;<strong>Faretto LED PARMA 30W<\/strong>&nbsp;per&nbsp;<strong>Binario monofase<\/strong>&nbsp;\u00e8 perfetta come luce di intonazione in qualsiasi sistema di illuminazione a binario, il che la rende ideale per mettere in risalto elementi specifici, e ha un angolo di&nbsp;<strong>48\u00ba di apertura<\/strong>.<\/p><h1>Faretto LED 30W PARMA Nero Binario monofase CRI +92<\/h1><p>Il&nbsp;<strong>focus PARMA&nbsp;<\/strong>da&nbsp;<strong>30w<\/strong>&nbsp;\u00e8 caratterizzato da un design che si adatta a qualsiasi stile e da prestazioni eccellenti. Il&nbsp;<strong>PARMA Faretto LED&nbsp;<\/strong>\u00e8 ideale per illuminare qualsiasi luogo che si voglia mettere in risalto, \u00e8 perfetta anche per situazioni in spazi che cercano classe e distinzione nella propria rete di illuminazione anche in presenza di temperature diverse.&nbsp;<strong>3000k e 4000k<\/strong><\/p><p>Il suo design a colori&nbsp;<strong>nero&nbsp;<\/strong>\u00e8 ideale per creare atmosfere minimaliste e allo stesso tempo mettere in risalto gli spazi che si desidera evidenziare. \u00c8 facile da installare e pu\u00f2 essere posizionato in&nbsp;<strong>ferrovia<\/strong>&nbsp;<strong>monofase<\/strong>Ora la decorazione \u00e8 nelle vostre mani e nel modo pi\u00f9 semplice.<\/p><p>Questo prodotto \u00e8 stato realizzato per un uso speciale in ambienti interni, pertanto la sua protezione&nbsp;<strong>IP20<\/strong>.<\/p><p>Il nostro&nbsp;<strong>Faretto LED<\/strong>&nbsp;trasmissioni&nbsp;<strong>3900 lumen<\/strong>&nbsp;e risparmia fino a&nbsp;<strong>90%<\/strong>&nbsp;sul nostro conto. Lo Spotlight \u00e8 in grado di resistere ad una tensione da&nbsp;<strong>Da 175V a 265V.<\/strong><\/p><h2>Utilizzi del faretto 30W PARMA Black LED Spotlight Single Phase Track CRI +92<\/h2><ul>\n<li>Vetrine<\/li>\n<li>Uffici<\/li>\n<li>Gallerie d'arte<\/li>\n<li>Musei<\/li>\n<\/ul><h3 class=\"page-product-heading\">DATI TECNICI<\/h3><div class=\"col-xs-12 col-md-6\">\n<table class=\"table table-data-sheet 1\">\n<tbody>\n<tr class=\"odd\">\n<td valign=\"middle\" width=\"32\"><\/td>\n<td valign=\"middle\">RIFERIMENTO :<\/td>\n<td valign=\"middle\">SLTLB30W-NW<\/td>\n<\/tr>\n<tr class=\"even\">\n<td valign=\"middle\" width=\"32\"><\/td>\n<td valign=\"middle\">Potenza nominale :<\/td>\n<td valign=\"middle\">30W<\/td>\n<\/tr>\n<tr class=\"odd\">\n<td valign=\"middle\" width=\"32\"><\/td>\n<td valign=\"middle\">Tensione nominale:<\/td>\n<td valign=\"middle\">175-265V<\/td>\n<\/tr>\n<tr class=\"even\">\n<td valign=\"middle\" width=\"32\"><\/td>\n<td valign=\"middle\">Temperatura della luce:<\/td>\n<td valign=\"middle\">3000K - 4000K<\/td>\n<\/tr>\n<tr class=\"odd\">\n<td valign=\"middle\" width=\"32\"><\/td>\n<td valign=\"middle\">CRI - Indice di resa cromatica:<\/td>\n<td valign=\"middle\">92<\/td>\n<\/tr>\n<tr class=\"even\">\n<td valign=\"middle\" width=\"32\"><\/td>\n<td valign=\"middle\">Materiale da costruzione:<\/td>\n<td valign=\"middle\">Alluminio +PMMA<\/td>\n<\/tr>\n<tr class=\"odd\">\n<td valign=\"middle\" width=\"32\"><\/td>\n<td valign=\"middle\">Luminosit\u00e0-Lm:<\/td>\n<td valign=\"middle\">3900Lm<\/td>\n<\/tr>\n<tr class=\"even\">\n<td valign=\"middle\" width=\"32\"><\/td>\n<td valign=\"middle\">Tipo di LED:<\/td>\n<td valign=\"middle\">Chip COB Bridgelux 1530 DS-C30<\/td>\n<\/tr>\n<tr class=\"odd\">\n<td valign=\"middle\" width=\"32\"><\/td>\n<td valign=\"middle\">Angolo di apertura (\u00ba):<\/td>\n<td valign=\"middle\">48\u00ba<\/td>\n<\/tr>\n<tr class=\"even\">\n<td valign=\"middle\" width=\"32\"><\/td>\n<td valign=\"middle\">Efficienza del diodo LED (Lm\/W):<\/td>\n<td valign=\"middle\">130Lm\/W<\/td>\n<\/tr>\n<tr class=\"odd\">\n<td valign=\"middle\" width=\"32\"><\/td>\n<td valign=\"middle\">Efficienza luminosa (Lm\/W):<\/td>\n<td valign=\"middle\">110Lm\/W<\/td>\n<\/tr>\n<\/tbody>\n<\/table>\n<\/div><div class=\"col-xs-12 col-md-6 2\">\n<table class=\"table table-data-sheet 2\">\n<tbody>\n<tr class=\"odd\">\n<td valign=\"middle\" width=\"32\"><\/td>\n<td valign=\"middle\">Certificati:<\/td>\n<td valign=\"middle\">CE - ROHS<\/td>\n<\/tr>\n<tr class=\"even\">\n<td valign=\"middle\" width=\"32\"><\/td>\n<td valign=\"middle\">Grado di protezione IP:<\/td>\n<td valign=\"middle\">IP20<\/td>\n<\/tr>\n<tr class=\"odd\">\n<td valign=\"middle\" width=\"32\"><\/td>\n<td valign=\"middle\">Dimensioni (mm):<\/td>\n<td valign=\"middle\">160x90 mm<\/td>\n<\/tr>\n<tr class=\"even\">\n<td valign=\"middle\" width=\"32\"><\/td>\n<td valign=\"middle\">Fattore di potenza (PF):<\/td>\n<td valign=\"middle\">0.92<\/td>\n<\/tr>\n<tr class=\"odd\">\n<td valign=\"middle\" width=\"32\"><\/td>\n<td valign=\"middle\">Frequenza di lavoro (Hz):<\/td>\n<td valign=\"middle\">50\/60Hz<\/td>\n<\/tr>\n<tr class=\"even\">\n<td valign=\"middle\" width=\"32\"><\/td>\n<td valign=\"middle\">Intervallo di temperatura (\u00baC):<\/td>\n<td valign=\"middle\">-20\u00b0C ~ +55\u00b0C<\/td>\n<\/tr>\n<tr class=\"odd\">\n<td valign=\"middle\" width=\"32\"><\/td>\n<td valign=\"middle\">Cicli di accensione:<\/td>\n<td valign=\"middle\">100.000<\/td>\n<\/tr>\n<tr class=\"even\">\n<td valign=\"middle\" width=\"32\"><\/td>\n<td valign=\"middle\">Tempo di avvio (s):<\/td>\n<td valign=\"middle\">0,2s<\/td>\n<\/tr>\n<tr class=\"odd\">\n<td valign=\"middle\" width=\"32\"><\/td>\n<td valign=\"middle\">Driver incluso:<\/td>\n<td valign=\"middle\">DRIVER NO FLICK - NO FLICKER<\/td>\n<\/tr>\n<tr class=\"even\">\n<td valign=\"middle\" width=\"32\"><\/td>\n<td valign=\"middle\">Classe energetica (2021-EU-2019\/2015):<\/td>\n<td valign=\"middle\">A+<\/td>\n<\/tr>\n<tr class=\"odd\">\n<td valign=\"middle\" width=\"32\"><\/td>\n<td valign=\"middle\">Anni di garanzia:<\/td>\n<td valign=\"middle\">3<\/td>\n<\/tr>\n<\/tbody>\n<\/table>\n<\/div><\/p>","protected":false},"excerpt":{"rendered":"<div class=\"col-md-12\"><i class=\"fa fa-truck\"><\/i>&nbsp;<span class=\"text-muted textprop\">Consegna in 24\/48 ore<\/span><div class=\"col-md-12\"><i class=\"fa fa-exchange\"><\/i>&nbsp;<span class=\"text-muted textprop\">Garanzia assicurata<\/span><\/div><div class=\"col-md-12\"><i class=\"fa fa-box\"><\/i>&nbsp;<span class=\"text-muted textprop\">20 unit\u00e0 per Masterbox<\/span><\/div><div><strong>TEMPERATURA DI COLORE: 3000K\/4000K<\/strong><\/div><\/div>","protected":false},"featured_media":5224,"template":"","meta":{"site-sidebar-layout":"default","site-content-layout":"default","ast-global-header-display":"","ast-main-header-display":"","ast-hfb-above-header-display":"","ast-hfb-below-header-display":"","ast-hfb-mobile-header-display":"","site-post-title":"","ast-breadcrumbs-content":"","ast-featured-img":"","footer-sml-layout":"","theme-transparent-header-meta":"default","adv-header-id-meta":"","stick-header-meta":"","header-above-stick-meta":"","header-main-stick-meta":"","header-below-stick-meta":""},"product_cat":[32,76],"product_tag":[],"class_list":["post-5219","product","type-product","status-publish","has-post-thumbnail","hentry","product_cat-iluminacion-comercial-para-tienda","product_cat-iluminacion-led-carril"],"_links":{"self":[{"href":"https:\/\/starlediluminacion.com\/it\/wp-json\/wp\/v3\/product\/5219","targetHints":{"allow":["GET"]}}],"collection":[{"href":"https:\/\/starlediluminacion.com\/it\/wp-json\/wp\/v3\/product"}],"about":[{"href":"https:\/\/starlediluminacion.com\/it\/wp-json\/wp\/v2\/types\/product"}],"wp:featuredmedia":[{"embeddable":true,"href":"https:\/\/starlediluminacion.com\/it\/wp-json\/wp\/v2\/media\/5224"}],"wp:attachment":[{"href":"https:\/\/starlediluminacion.com\/it\/wp-json\/wp\/v2\/media?parent=5219"}],"wp:term":[{"taxonomy":"product_cat","embeddable":true,"href":"https:\/\/starlediluminacion.com\/it\/wp-json\/wp\/v2\/product_cat?post=5219"},{"taxonomy":"product_tag","embeddable":true,"href":"https:\/\/starlediluminacion.com\/it\/wp-json\/wp\/v2\/product_tag?post=5219"}],"curies":[{"name":"wp","href":"https:\/\/api.w.org\/{rel}","templated":true}]}}