{"id":5058,"date":"2022-08-11T19:52:04","date_gmt":"2022-08-11T19:52:04","guid":{"rendered":"https:\/\/starlediluminacion.com\/?post_type=product&#038;p=5058"},"modified":"2022-08-11T19:52:05","modified_gmt":"2022-08-11T19:52:05","slug":"fuente-alimentacion-profesional-24v-200w-ecoled-ip67-tuv","status":"publish","type":"product","link":"https:\/\/starlediluminacion.com\/it\/product\/fuente-alimentacion-profesional-24v-200w-ecoled-ip67-tuv\/","title":{"rendered":"<p>ALIMENTATORE PROFESSIONALE 24V 200W - ECOLED - IP67 - T\u00dcV<\/p>"},"content":{"rendered":"<div class=\"product-info-line\">\n<p id=\"product_reference\"><label>RIFERIMENTO: SL<span style=\"font-size: 16px;\">FAECOLED200W24V<\/span><\/label><\/p>\n<div class=\"hidden-xs parrafo\">\n<p dir=\"ltr\"><strong>Trasformatore professionale&nbsp;<\/strong>da&nbsp;<strong>200W<\/strong>&nbsp;a&nbsp;<strong>24 volt<\/strong>La lampada ECOLED LUZNEGRA, del prestigioso marchio ECOLED LUZNEGRA, ha la capacit\u00e0 di convertire la corrente alternata in corrente continua. Inoltre, \u00e8 dotata di&nbsp;<strong>Certificato T\u00dcV. Prodotto utilizzabile 24 ore\/365 giorni all'anno.&nbsp;<\/strong>&nbsp;<strong>5 anni di garanzia.<\/strong><\/p>\n<h1>Fuente Alimentaci&oacute;n 24V 200W &ndash; ECOLED &ndash; IP67-T&Uuml;V<\/h1>\n<p dir=\"ltr\">Questo<strong>&nbsp;alimentazione<\/strong>&nbsp;ECOLED consente di convertire la corrente alternata (CA) dalla rete elettrica in corrente continua (CC) dalla rete elettrica.&nbsp;<strong>24 volt.<\/strong>&nbsp;Ha una potenza di&nbsp;<strong>200W<\/strong>.<\/p>\n<p dir=\"ltr\">Il suo alloggiamento lo rende un prodotto resistente agli urti ma leggero.<\/p>\n<p dir=\"ltr\">Il prodotto \u00e8 protetto da sovraccarico e cortocircuito.<\/p>\n<p dir=\"ltr\">Questo prodotto ha tutte le&nbsp;<strong>Certificati CE, ROHS e T\u00dcV<\/strong>&nbsp;che garantisce l'alta qualit\u00e0 del prodotto: conforme alle norme europee sull'illuminazione EN-61347-1-2-13, EN-61547, EN-61000-3-2, EN-62384, EN-55015.<\/p>\n<p>&nbsp;<\/p>\n<h2 dir=\"ltr\">Usos de la fuente Alimentaci&oacute;n 24V 200W &ndash; ECOLED &ndash; IP67<\/h2>\n<p dir=\"ltr\">Sebbene i loro impieghi siano diversi, sono pi\u00f9 comunemente utilizzati nell'installazione di sistemi di illuminazione costituiti da strisce.&nbsp;<strong>LED<\/strong>.<\/p>\n<h3 class=\"page-product-heading\">DATI TECNICI<\/h3>\n<div class=\"col-xs-12 col-md-6\">\n<table class=\"table table-data-sheet 1\">\n<tbody>\n<tr class=\"odd\">\n<td valign=\"middle\" width=\"32\"><\/td>\n<td valign=\"middle\">RIFERIMENTO :<\/td>\n<td valign=\"middle\">SLFAECOLED200W24V<\/td>\n<\/tr>\n<tr class=\"even\">\n<td valign=\"middle\" width=\"32\"><\/td>\n<td valign=\"middle\">Potenza nominale :<\/td>\n<td valign=\"middle\">200w<\/td>\n<\/tr>\n<tr class=\"odd\">\n<td valign=\"middle\" width=\"32\"><\/td>\n<td valign=\"middle\">Tensione nominale:<\/td>\n<td valign=\"middle\">85V-265V<\/td>\n<\/tr>\n<tr class=\"even\">\n<td valign=\"middle\" width=\"32\"><\/td>\n<td valign=\"middle\">Materiale da costruzione:<\/td>\n<td valign=\"middle\">Ritardante di fiamma termoplastico<\/td>\n<\/tr>\n<tr class=\"odd\">\n<td valign=\"middle\" width=\"32\"><\/td>\n<td valign=\"middle\">Certificati:<\/td>\n<td valign=\"middle\">CE - ROHS<\/td>\n<\/tr>\n<tr class=\"even\">\n<td valign=\"middle\" width=\"32\"><\/td>\n<td valign=\"middle\">Grado di protezione IP:<\/td>\n<td valign=\"middle\">IP67-Outdoor<\/td>\n<\/tr>\n<tr class=\"odd\">\n<td valign=\"middle\" width=\"32\"><\/td>\n<td valign=\"middle\">Durata stimata del diodo LED (H):<\/td>\n<td valign=\"middle\">50.000<\/td>\n<\/tr>\n<tr class=\"even\">\n<td valign=\"middle\" width=\"32\"><\/td>\n<td valign=\"middle\">Dimensioni (mm):<\/td>\n<td valign=\"middle\">230x90x43mm<\/td>\n<\/tr>\n<\/tbody>\n<\/table>\n<\/div>\n<div class=\"col-xs-12 col-md-6 2\">\n<table class=\"table table-data-sheet 2\">\n<tbody>\n<tr class=\"odd\">\n<td valign=\"middle\" width=\"32\"><\/td>\n<td valign=\"middle\">Fattore di potenza (PF):<\/td>\n<td valign=\"middle\">0,95<\/td>\n<\/tr>\n<tr class=\"even\">\n<td valign=\"middle\" width=\"32\"><\/td>\n<td valign=\"middle\">Frequenza di lavoro (Hz):<\/td>\n<td valign=\"middle\">50\/60Hz<\/td>\n<\/tr>\n<tr class=\"odd\">\n<td valign=\"middle\" width=\"32\"><\/td>\n<td valign=\"middle\">Intervallo di temperatura (\u00baC):<\/td>\n<td valign=\"middle\">-20\u00b0C ~ +55\u00b0C<\/td>\n<\/tr>\n<tr class=\"even\">\n<td valign=\"middle\" width=\"32\"><\/td>\n<td valign=\"middle\">Cicli di accensione:<\/td>\n<td valign=\"middle\">100.000<\/td>\n<\/tr>\n<tr class=\"odd\">\n<td valign=\"middle\" width=\"32\"><\/td>\n<td valign=\"middle\">Tempo di avvio (s):<\/td>\n<td valign=\"middle\">0,2s<\/td>\n<\/tr>\n<tr class=\"even\">\n<td valign=\"middle\" width=\"32\"><\/td>\n<td valign=\"middle\">Classe energetica (2021-EU-2019\/2015):<\/td>\n<td valign=\"middle\">A++<\/td>\n<\/tr>\n<tr class=\"odd\">\n<td valign=\"middle\" width=\"32\"><\/td>\n<td valign=\"middle\">Anni di garanzia:<\/td>\n<td valign=\"middle\">5<\/td>\n<\/tr>\n<\/tbody>\n<\/table>\n<\/div>\n<\/div>\n<\/div>","protected":false},"excerpt":{"rendered":"<div class=\"col-md-12\"><i class=\"fa fa-truck\"><\/i>&nbsp;<span class=\"text-muted textprop\">Consegna in 24\/48 ore<\/span><div class=\"col-md-12\"><i class=\"fa fa-exchange\"><\/i>&nbsp;<span class=\"text-muted textprop\">Garanzia assicurata<\/span><\/div><div class=\"col-md-12\"><i class=\"fa fa-box\"><\/i>&nbsp;<span class=\"text-muted textprop\">12 unit\u00e0 per Masterbox<\/span><\/div><div class=\"col-md-12 certificados\"><\/div><\/div>","protected":false},"featured_media":5064,"template":"","meta":{"site-sidebar-layout":"default","site-content-layout":"default","ast-global-header-display":"","ast-main-header-display":"","ast-hfb-above-header-display":"","ast-hfb-below-header-display":"","ast-hfb-mobile-header-display":"","site-post-title":"","ast-breadcrumbs-content":"","ast-featured-img":"","footer-sml-layout":"","theme-transparent-header-meta":"default","adv-header-id-meta":"","stick-header-meta":"","header-above-stick-meta":"","header-main-stick-meta":"","header-below-stick-meta":""},"product_cat":[74,35],"product_tag":[],"class_list":["post-5058","product","type-product","status-publish","has-post-thumbnail","hentry","product_cat-fuentes-24v","product_cat-fuentes-de-alimentacion-y-driver"],"_links":{"self":[{"href":"https:\/\/starlediluminacion.com\/it\/wp-json\/wp\/v3\/product\/5058","targetHints":{"allow":["GET"]}}],"collection":[{"href":"https:\/\/starlediluminacion.com\/it\/wp-json\/wp\/v3\/product"}],"about":[{"href":"https:\/\/starlediluminacion.com\/it\/wp-json\/wp\/v2\/types\/product"}],"wp:featuredmedia":[{"embeddable":true,"href":"https:\/\/starlediluminacion.com\/it\/wp-json\/wp\/v2\/media\/5064"}],"wp:attachment":[{"href":"https:\/\/starlediluminacion.com\/it\/wp-json\/wp\/v2\/media?parent=5058"}],"wp:term":[{"taxonomy":"product_cat","embeddable":true,"href":"https:\/\/starlediluminacion.com\/it\/wp-json\/wp\/v2\/product_cat?post=5058"},{"taxonomy":"product_tag","embeddable":true,"href":"https:\/\/starlediluminacion.com\/it\/wp-json\/wp\/v2\/product_tag?post=5058"}],"curies":[{"name":"wp","href":"https:\/\/api.w.org\/{rel}","templated":true}]}}