{"id":4806,"date":"2022-08-11T13:13:08","date_gmt":"2022-08-11T13:13:08","guid":{"rendered":"https:\/\/starlediluminacion.com\/?post_type=product&#038;p=4806"},"modified":"2022-08-13T17:39:52","modified_gmt":"2022-08-13T17:39:52","slug":"foco-proyector-exterior-led-90w-ip65-rgbw-dmx-water","status":"publish","type":"product","link":"https:\/\/starlediluminacion.com\/it\/product\/proiettore-spotlight-outdoor-led-90w-ip65-rgbw-dmx-water\/","title":{"rendered":"<p>Proiettore LED da esterno 90W - IP65 - RGB+W DMX ACQUA<\/p>"},"content":{"rendered":"<div class=\"product-info-line\">\n<p id=\"product_reference\"><label>RIFERIMENTO: SL<span style=\"font-size: 16px;\">7906<\/span><\/label><\/p>\n<div class=\"hidden-xs parrafo\">\n<p>Potente&nbsp;<strong>Proiettore LED da 90w<\/strong>&nbsp;<strong>da<\/strong>&nbsp;<strong>ESTERNO RGB+W<\/strong>. Sono disponibili 9 LED da 10W (RGB+W) con controllo: automatico, mediante&nbsp;<strong>DMX<\/strong>per suono, per Master\/Slave, con connettori per uso esterno&nbsp;<strong>IP65<\/strong>&nbsp;di chiusure filettate ermetiche.<\/p>\n<\/div>\n<div id=\"views_block\" class=\"clearfix\">\n<div id=\"thumbs_list\">\n<h1>Proiettore LED da esterno 90W RGB+W DMX ACQUA<\/h1>\n<p>L'effetto della luce&nbsp;<strong>RGB+W<\/strong>&nbsp;di questo tipo di&nbsp;<strong>Proiettore<\/strong>&nbsp;\u00e8 un grande cannone fulminante&nbsp;<strong>Led<\/strong>&nbsp;da&nbsp;<strong>alta potenza<\/strong>grazie alla sua&nbsp;<strong>90w<\/strong>&nbsp;e la sua sintonia cromatica mescolata con la morbidezza dei bordi si pu\u00f2 dare un grande spettacolo a qualsiasi tipo di evento e in tutti i tipi di spazi, specialmente per&nbsp;<strong>all'esterno<\/strong>.<\/p>\n<p>Caratteristiche:<\/p>\n<ul>\n<li>90W: 9 LED RGB+W da 10W<\/li>\n<li>RGBW 4 in 1<\/li>\n<li>DMX: 4\/8 canali<\/li>\n<li>Modalit\u00e0 operative: DMX 512, Automatico, Controllo sonoro, Master-Slave<\/li>\n<li>Cavi isolati<\/li>\n<li>Connettori con elementi di fissaggio filettati.<\/li>\n<li>Protezione: IP65<\/li>\n<\/ul>\n<p>I suoi 9 LED RGBW da 10W forniscono una potenza superiore e sono 4 in 1 (ogni LED fornisce i 4 colori).<\/p>\n<p>Ha una modalit\u00e0 automatica,&nbsp;<strong>controllato<\/strong>&nbsp;dal suono, dallo slave, oppure pu\u00f2 essere controllato anche da&nbsp;<strong>DMX<\/strong>. Dispone di due modalit\u00e0 di controllo, a 4 o 8 canali.<\/p>\n<p>Attraverso il suo display a tre caratteri e grazie ai suoi quattro pulsanti, \u00e8 possibile cambiare facilmente la modalit\u00e0 di funzionamento, nonch\u00e9 regolare i colori e l'intensit\u00e0. Con Water 90 potrete illuminare la terrazza del vostro locale, senza temere la pioggia, o il giardino della vostra casa.<\/p>\n<p>I suoi 90 watt di potenza ne consentono l'utilizzo in un'ampia gamma di situazioni, cos\u00ec come la sua protezione.&nbsp;<strong>IP65<\/strong>Il nuovo design, che ne consente l'utilizzo nelle condizioni climatiche pi\u00f9 avverse, \u00e8 stato studiato per essere utilizzato anche in condizioni di scarsa visibilit\u00e0.<\/p>\n<h2>Utilizzi del proiettore LED da esterno 90W RGB+W DMX ACQUA<\/h2>\n<ul>\n<li>Discoteche<\/li>\n<li>Fiere<\/li>\n<li>Pub<\/li>\n<li>Sale da ballo<\/li>\n<li>Scenari<\/li>\n<li>Eventi<\/li>\n<\/ul>\n<h3 class=\"page-product-heading\">DATI TECNICI<\/h3>\n<div class=\"col-xs-12 col-md-6\">\n<table class=\"table table-data-sheet 1\">\n<tbody>\n<tr class=\"odd\">\n<td valign=\"middle\" width=\"32\"><\/td>\n<td valign=\"middle\">RIFERIMENTO :<\/td>\n<td valign=\"middle\">SL7906<\/td>\n<\/tr>\n<tr class=\"even\">\n<td valign=\"middle\" width=\"32\"><\/td>\n<td valign=\"middle\">Potenza nominale :<\/td>\n<td valign=\"middle\">90w<\/td>\n<\/tr>\n<tr class=\"odd\">\n<td valign=\"middle\" width=\"32\"><\/td>\n<td valign=\"middle\">Tensione nominale:<\/td>\n<td valign=\"middle\">85V-265V<\/td>\n<\/tr>\n<tr class=\"even\">\n<td valign=\"middle\" width=\"32\"><\/td>\n<td valign=\"middle\">Temperatura della luce:<\/td>\n<td valign=\"middle\">RGBW<\/td>\n<\/tr>\n<tr class=\"odd\">\n<td valign=\"middle\" width=\"32\"><\/td>\n<td valign=\"middle\">Materiale da costruzione:<\/td>\n<td valign=\"middle\">Alluminio +PC<\/td>\n<\/tr>\n<tr class=\"even\">\n<td valign=\"middle\" width=\"32\"><\/td>\n<td valign=\"middle\">Tipo di LED:<\/td>\n<td valign=\"middle\">1RGBWx10W<\/td>\n<\/tr>\n<tr class=\"odd\">\n<td valign=\"middle\" width=\"32\"><\/td>\n<td valign=\"middle\">Angolo di apertura (\u00ba):<\/td>\n<td valign=\"middle\">20\u00ba<\/td>\n<\/tr>\n<tr class=\"even\">\n<td valign=\"middle\" width=\"32\"><\/td>\n<td valign=\"middle\">Dimmerabile:<\/td>\n<td valign=\"middle\">DMX<\/td>\n<\/tr>\n<tr class=\"odd\">\n<td valign=\"middle\" width=\"32\"><\/td>\n<td valign=\"middle\">Certificati:<\/td>\n<td valign=\"middle\">CE - ROHS<\/td>\n<\/tr>\n<\/tbody>\n<\/table>\n<\/div>\n<div class=\"col-xs-12 col-md-6 2\">\n<table class=\"table table-data-sheet 2\">\n<tbody>\n<tr class=\"odd\">\n<td valign=\"middle\" width=\"32\"><\/td>\n<td valign=\"middle\">Grado di protezione IP:<\/td>\n<td valign=\"middle\">IP65-Outdoor<\/td>\n<\/tr>\n<tr class=\"even\">\n<td valign=\"middle\" width=\"32\"><\/td>\n<td valign=\"middle\">Durata stimata del diodo LED (H):<\/td>\n<td valign=\"middle\">30.000<\/td>\n<\/tr>\n<tr class=\"odd\">\n<td valign=\"middle\" width=\"32\"><\/td>\n<td valign=\"middle\">Frequenza di lavoro (Hz):<\/td>\n<td valign=\"middle\">50\/60Hz<\/td>\n<\/tr>\n<tr class=\"even\">\n<td valign=\"middle\" width=\"32\"><\/td>\n<td valign=\"middle\">Intervallo di temperatura (\u00baC):<\/td>\n<td valign=\"middle\">-20\u00b0C ~ +55\u00b0C<\/td>\n<\/tr>\n<tr class=\"odd\">\n<td valign=\"middle\" width=\"32\"><\/td>\n<td valign=\"middle\">Cicli di accensione:<\/td>\n<td valign=\"middle\">100.000<\/td>\n<\/tr>\n<tr class=\"even\">\n<td valign=\"middle\" width=\"32\"><\/td>\n<td valign=\"middle\">Modalit\u00e0 di controllo:<\/td>\n<td valign=\"middle\">DMX<\/td>\n<\/tr>\n<tr class=\"odd\">\n<td valign=\"middle\" width=\"32\"><\/td>\n<td valign=\"middle\">Classe energetica (2021-EU-2019\/2015):<\/td>\n<td valign=\"middle\">A+<\/td>\n<\/tr>\n<tr class=\"even\">\n<td valign=\"middle\" width=\"32\"><\/td>\n<td valign=\"middle\">Anni di garanzia:<\/td>\n<td valign=\"middle\">2<\/td>\n<\/tr>\n<\/tbody>\n<\/table>\n<\/div>\n<\/div>\n<\/div>\n<\/div>","protected":false},"excerpt":{"rendered":"<div class=\"col-md-12\"><i class=\"fa fa-truck\"><\/i>&nbsp;<span class=\"text-muted textprop\">Consegna in 24\/48 ore<\/span><div class=\"col-md-12\"><i class=\"fa fa-exchange\"><\/i>&nbsp;<span class=\"text-muted textprop\">Garanzia assicurata<\/span><\/div><div class=\"col-md-12\"><i class=\"fa fa-box\"><\/i>&nbsp;<span class=\"text-muted textprop\">1 unit\u00e0 per Masterbox<\/span><\/div><\/div>","protected":false},"featured_media":4812,"template":"","meta":{"site-sidebar-layout":"default","site-content-layout":"default","ast-global-header-display":"","ast-main-header-display":"","ast-hfb-above-header-display":"","ast-hfb-below-header-display":"","ast-hfb-mobile-header-display":"","site-post-title":"","ast-breadcrumbs-content":"","ast-featured-img":"","footer-sml-layout":"","theme-transparent-header-meta":"default","adv-header-id-meta":"","stick-header-meta":"","header-above-stick-meta":"","header-main-stick-meta":"","header-below-stick-meta":""},"product_cat":[83,34,28],"product_tag":[],"class_list":["post-4806","product","type-product","status-publish","has-post-thumbnail","hentry","product_cat-foco-proyector-serie-rgb","product_cat-iluminacion-espectaculos-led","product_cat-proyectores-led-exterior-y-jardin"],"_links":{"self":[{"href":"https:\/\/starlediluminacion.com\/it\/wp-json\/wp\/v3\/product\/4806","targetHints":{"allow":["GET"]}}],"collection":[{"href":"https:\/\/starlediluminacion.com\/it\/wp-json\/wp\/v3\/product"}],"about":[{"href":"https:\/\/starlediluminacion.com\/it\/wp-json\/wp\/v2\/types\/product"}],"wp:featuredmedia":[{"embeddable":true,"href":"https:\/\/starlediluminacion.com\/it\/wp-json\/wp\/v2\/media\/4812"}],"wp:attachment":[{"href":"https:\/\/starlediluminacion.com\/it\/wp-json\/wp\/v2\/media?parent=4806"}],"wp:term":[{"taxonomy":"product_cat","embeddable":true,"href":"https:\/\/starlediluminacion.com\/it\/wp-json\/wp\/v2\/product_cat?post=4806"},{"taxonomy":"product_tag","embeddable":true,"href":"https:\/\/starlediluminacion.com\/it\/wp-json\/wp\/v2\/product_tag?post=4806"}],"curies":[{"name":"wp","href":"https:\/\/api.w.org\/{rel}","templated":true}]}}