{"id":4677,"date":"2022-08-11T10:48:47","date_gmt":"2022-08-11T10:48:47","guid":{"rendered":"https:\/\/starlediluminacion.com\/?post_type=product&#038;p=4677"},"modified":"2022-08-11T10:48:47","modified_gmt":"2022-08-11T10:48:47","slug":"lampara-lineal-colgante-led-rgbwhite-munich-negro-0-5m-1m-15m-2m-ip54","status":"publish","type":"product","link":"https:\/\/starlediluminacion.com\/it\/product\/lampara-lineal-colgante-led-rgbwhite-munich-negro-0-5m-1m-15m-2m-ip54\/","title":{"rendered":"<p>L&aacute;mpara Lineal Colgante LED RGB+WHITE &ndash; MUNICH NEGRO &ndash; 0.5m &ndash; 1m &ndash; 1,5m &ndash; 2m &ndash; IP54<\/p>"},"content":{"rendered":"<p>REFERENCIA: SL16006-N-RGBW<p>Il nostro&nbsp;<strong>Apparecchio LED professionale<\/strong>&nbsp;lineare<strong>&nbsp;<\/strong>&nbsp;<strong>&ndash; RGB+ WHITE&nbsp; &ndash; Munich&nbsp; NEGRO &ndash;<\/strong>&nbsp;\u00e8 progettata per un uso intensivo di 24 ore ininterrotte. La nostra lampada a sospensione \u00e8&nbsp;<strong>prodotto in Europa<\/strong>per soddisfare le vostre esigenze. Alluminio estruso di purezza 98%, sorgente luminosa RGB.&nbsp;&nbsp;<strong>SMD3535 24W\/metro<\/strong>;&nbsp;<strong>224 leds\/metro + SMD2835 -20W\/m. 140 leds\/m.<\/strong>&nbsp;L'apparecchio LED include il controller e il telecomando Mi-light di alta qualit\u00e0.&nbsp;&nbsp;<strong>5 A&ntilde;os de Garant&iacute;a.&nbsp;5 A&ntilde;os de Garant&iacute;a.&nbsp;<\/strong><\/p><p><strong>I tempi di produzione sono di 5-7 giorni lavorativi.<\/strong><strong>&nbsp;<\/strong>(dal luned\u00ec al venerd\u00ec).<\/p><p>Nuestro difusor es Blanco Opal<\/p><h1>L&aacute;mpara Lineal Colgante LED&nbsp;<strong>RGB+BIANCO<br>\n<\/strong><\/h1><h1><\/h1><p>I nostri scaffali&nbsp;<strong>LED RGB+W4K<\/strong>&nbsp;-&nbsp;<strong>MONACO DI BAVIERA&nbsp;<\/strong>- \u00e8 una gamma versatile e senza tempo, che pu\u00f2 essere protagonista dell'interior design di uno spazio o adattarsi ad esso. Grazie alle diverse dimensioni e colori disponibili, pu\u00f2 fornire un'ampia variet\u00e0 di sensazioni visive che definiranno lo spazio da una nuova prospettiva.<\/p><p>Disponibili in varie lunghezze e nelle versioni sospese o a soffitto, per soddisfare le diverse esigenze e altezze di installazione. Gli apparecchi, lunghi fino a 2 metri, diventano splendide tracce di luce che modellano lo spazio.<\/p><p>Il LED lineare<strong>&nbsp;-MONACO DI BAVIERA.<\/strong>&nbsp;&nbsp;disegna linee di luce omogenee che si adattano a un'ampia variet\u00e0 di spazi con un impatto visivo minimo, risolvendo sia le esigenze di illuminazione generale che l'illuminazione di piani verticali.<\/p><p>Il suo design combina un diffusore nero opalino, che lascia passare la luce dell'apparecchio quando \u00e8 acceso, offrendo un grande comfort visivo e un design esclusivo.<\/p><p>L'accessorio cavo a sospensione \u00e8 lungo 2 metri e pu\u00f2 essere regolato all'altezza desiderata. L'apparecchio \u00e8 dotato di un cavo lungo 2 metri per facilitare il collegamento.<\/p><p>Il nostro&nbsp;<strong>apparecchio lineare professionale a LED<\/strong>&nbsp;dispone de una potencia de RGB 24W\/metro +6000k 20W\/metro<\/p><p>La fuente luminosa de nuestra luminaria lineal LED incorpora:<\/p><ul>\n<li>224 Leds RGB\/metro de alta luminosidad SMD3535 que entrega 1150Lm\/metro.<\/li>\n<li>140 Leds\/metro &ndash; Color 4000K &ndash; SMD2835 que entrega 2050Lm\/metro<\/li>\n<\/ul><p>La luminaria incorpor&aacute; fuente de alimentacion dentro del perfil de aluminio de 24 voltios de la prestigiosa marca Ecoled (M&aacute;xima calidad), asi como la controladora de RGB. El consumo de la luminaria es de 12W para 50cm; 24W para 100cm; 36W para 150cm; y 48W para 200cm.&nbsp; La luminaria LED esta fabricada en aluminio 6063\/6060 de alta pureza (98%), con tratamiento t&eacute;rmico UNE EN 755 y UNE EN 12020-1.<\/p><p>Il rivestimento dell'apparecchio \u00e8 di&nbsp;<strong>alta resistenza e qualit\u00e0<\/strong>&nbsp;ed \u00e8 testurizzata in bianco e nero - Qualicoat -, e anodizzata in argento - Qualanod - con uno spessore di 15 micron per una lunga durata.<\/p><p>Il nostro apparecchio lineare a LED -<strong>MONACO -<\/strong>&nbsp; essendo realizzato su misura, offre diverse possibilit\u00e0 di scelta tra un'illuminazione pi\u00f9 calda, neutra o fredda, e finiture anodizzate in argento, bianco e nero. L'apparecchio \u00e8 realizzato a mano in Europa secondo le dimensioni desiderate dal cliente, pertanto questo prodotto non ammette resi, essendo un prodotto su misura.<\/p><p><strong>I tempi di produzione sono di 5-7 giorni lavorativi.<\/strong><\/p><p>I nostri apparecchi lineari possono essere uniti tra loro e trasformati in un&nbsp;<strong>apparecchio ad effetto continuo<\/strong>&nbsp;con l'accessorio corrispondente.<\/p><p>&nbsp;<\/p><h2>Usos de la L&aacute;mpara Lineal Colgante LED&nbsp;<strong>RGB+ WHITE<\/strong>&nbsp;&ndash; MUNICH&nbsp; NEGRO<\/h2><ul>\n<li>Negozi<\/li>\n<li>Mostre<\/li>\n<li>Industrie<\/li>\n<li>Uffici<\/li>\n<li>Famiglie<\/li>\n<\/ul><h3 class=\"page-product-heading\">DATI TECNICI<\/h3><div class=\"col-xs-12 col-md-6\">\n<table class=\"table table-data-sheet 1\">\n<tbody>\n<tr class=\"odd\">\n<td valign=\"middle\" width=\"32\"><\/td>\n<td valign=\"middle\">RIFERIMENTO :<\/td>\n<td valign=\"middle\">SL16006-N-RGBW<\/td>\n<\/tr>\n<tr class=\"even\">\n<td valign=\"middle\" width=\"32\"><\/td>\n<td valign=\"middle\">Potenza nominale :<\/td>\n<td valign=\"middle\">12W+10W 0.5m &ndash; 24W + 20W 1m -36W+30W 1,5m-48W+40W 2m<\/td>\n<\/tr>\n<tr class=\"odd\">\n<td valign=\"middle\" width=\"32\"><\/td>\n<td valign=\"middle\">Tensione nominale:<\/td>\n<td valign=\"middle\">85-265V<\/td>\n<\/tr>\n<tr class=\"even\">\n<td valign=\"middle\" width=\"32\"><\/td>\n<td valign=\"middle\">Temperatura della luce:<\/td>\n<td valign=\"middle\">RGB<\/td>\n<\/tr>\n<tr class=\"odd\">\n<td valign=\"middle\" width=\"32\"><\/td>\n<td valign=\"middle\">CRI - Indice di resa cromatica:<\/td>\n<td valign=\"middle\">80<\/td>\n<\/tr>\n<tr class=\"even\">\n<td valign=\"middle\" width=\"32\"><\/td>\n<td valign=\"middle\">Materiale da costruzione:<\/td>\n<td valign=\"middle\">Alluminio +PC<\/td>\n<\/tr>\n<tr class=\"odd\">\n<td valign=\"middle\" width=\"32\"><\/td>\n<td valign=\"middle\">Luminosit\u00e0-Lm:<\/td>\n<td valign=\"middle\">1150 Lm\/m (RGB white)+ 2050Lm\/m (4000K)<\/td>\n<\/tr>\n<tr class=\"even\">\n<td valign=\"middle\" width=\"32\"><\/td>\n<td valign=\"middle\">Tipo di LED:<\/td>\n<td valign=\"middle\">RGB: SMD3535 &ndash; 224 Chips\/M + 4K: SMD2835 -140 Chips\/M<\/td>\n<\/tr>\n<tr class=\"odd\">\n<td valign=\"middle\" width=\"32\"><\/td>\n<td valign=\"middle\">Angolo di apertura (\u00ba):<\/td>\n<td valign=\"middle\">120\u00ba<\/td>\n<\/tr>\n<tr class=\"even\">\n<td valign=\"middle\" width=\"32\"><\/td>\n<td valign=\"middle\">Certificati:<\/td>\n<td valign=\"middle\">CE - ROHS<\/td>\n<\/tr>\n<tr class=\"odd\">\n<td valign=\"middle\" width=\"32\"><\/td>\n<td valign=\"middle\">Grado di protezione IP:<\/td>\n<td valign=\"middle\">IP54<\/td>\n<\/tr>\n<\/tbody>\n<\/table>\n<\/div><div class=\"col-xs-12 col-md-6 2\">\n<table class=\"table table-data-sheet 2\">\n<tbody>\n<tr class=\"odd\">\n<td valign=\"middle\" width=\"32\"><\/td>\n<td valign=\"middle\">Durata stimata del diodo LED (H):<\/td>\n<td valign=\"middle\">50.000<\/td>\n<\/tr>\n<tr class=\"even\">\n<td valign=\"middle\" width=\"32\"><\/td>\n<td valign=\"middle\">Dimensioni (mm):<\/td>\n<td valign=\"middle\">L: 0,50m - 1,00m - 1,50m - 2,00m<\/td>\n<\/tr>\n<tr class=\"odd\">\n<td valign=\"middle\" width=\"32\"><\/td>\n<td valign=\"middle\">Fattore di potenza (PF):<\/td>\n<td valign=\"middle\">0.97<\/td>\n<\/tr>\n<tr class=\"even\">\n<td valign=\"middle\" width=\"32\"><\/td>\n<td valign=\"middle\">Frequenza di lavoro (Hz):<\/td>\n<td valign=\"middle\">50\/60Hz<\/td>\n<\/tr>\n<tr class=\"odd\">\n<td valign=\"middle\" width=\"32\"><\/td>\n<td valign=\"middle\">Intervallo di temperatura (\u00baC):<\/td>\n<td valign=\"middle\">-20\u00b0C ~ +55\u00b0C<\/td>\n<\/tr>\n<tr class=\"even\">\n<td valign=\"middle\" width=\"32\"><\/td>\n<td valign=\"middle\">Cicli di accensione:<\/td>\n<td valign=\"middle\">100.000<\/td>\n<\/tr>\n<tr class=\"odd\">\n<td valign=\"middle\" width=\"32\"><\/td>\n<td valign=\"middle\">Tempo di avvio (s):<\/td>\n<td valign=\"middle\">0,2s<\/td>\n<\/tr>\n<tr class=\"odd\">\n<td valign=\"middle\" width=\"32\"><\/td>\n<td valign=\"middle\">Classe energetica (2021-EU-2019\/2015):<\/td>\n<td valign=\"middle\">A+<\/td>\n<\/tr>\n<tr class=\"even\">\n<td valign=\"middle\" width=\"32\"><\/td>\n<td valign=\"middle\">Anni di garanzia:<\/td>\n<td valign=\"middle\">5<\/td>\n<\/tr>\n<tr class=\"odd\">\n<td valign=\"middle\" width=\"32\"><\/td>\n<td valign=\"middle\">Portata (m) :<\/td>\n<td valign=\"middle\">12 m.<\/td>\n<\/tr>\n<\/tbody>\n<\/table>\n<\/div><\/p>","protected":false},"excerpt":{"rendered":"<div class=\"col-md-12\"><i class=\"fa fa-truck\"><\/i>&nbsp;<span class=\"text-muted textprop\">Consegna in 24\/48 ore<\/span><div class=\"col-md-12\"><i class=\"fa fa-exchange\"><\/i>&nbsp;<span class=\"text-muted textprop\">Garanzia assicurata<\/span><\/div><div class=\"col-md-12\"><i class=\"fa fa-box\"><\/i>&nbsp;<span class=\"text-muted textprop\">20 unit\u00e0 per Masterbox<\/span><\/div><\/div>","protected":false},"featured_media":4685,"template":"","meta":{"site-sidebar-layout":"default","site-content-layout":"default","ast-global-header-display":"","ast-main-header-display":"","ast-hfb-above-header-display":"","ast-hfb-below-header-display":"","ast-hfb-mobile-header-display":"","site-post-title":"","ast-breadcrumbs-content":"","ast-featured-img":"","footer-sml-layout":"","theme-transparent-header-meta":"default","adv-header-id-meta":"","stick-header-meta":"","header-above-stick-meta":"","header-main-stick-meta":"","header-below-stick-meta":""},"product_cat":[33],"product_tag":[],"class_list":["post-4677","product","type-product","status-publish","has-post-thumbnail","hentry","product_cat-barras-lineales-led"],"_links":{"self":[{"href":"https:\/\/starlediluminacion.com\/it\/wp-json\/wp\/v3\/product\/4677","targetHints":{"allow":["GET"]}}],"collection":[{"href":"https:\/\/starlediluminacion.com\/it\/wp-json\/wp\/v3\/product"}],"about":[{"href":"https:\/\/starlediluminacion.com\/it\/wp-json\/wp\/v2\/types\/product"}],"wp:featuredmedia":[{"embeddable":true,"href":"https:\/\/starlediluminacion.com\/it\/wp-json\/wp\/v2\/media\/4685"}],"wp:attachment":[{"href":"https:\/\/starlediluminacion.com\/it\/wp-json\/wp\/v2\/media?parent=4677"}],"wp:term":[{"taxonomy":"product_cat","embeddable":true,"href":"https:\/\/starlediluminacion.com\/it\/wp-json\/wp\/v2\/product_cat?post=4677"},{"taxonomy":"product_tag","embeddable":true,"href":"https:\/\/starlediluminacion.com\/it\/wp-json\/wp\/v2\/product_tag?post=4677"}],"curies":[{"name":"wp","href":"https:\/\/api.w.org\/{rel}","templated":true}]}}