{"id":4430,"date":"2022-08-10T20:32:11","date_gmt":"2022-08-10T20:32:11","guid":{"rendered":"https:\/\/starlediluminacion.com\/?post_type=product&#038;p=4430"},"modified":"2022-12-18T10:15:49","modified_gmt":"2022-12-18T10:15:49","slug":"regleta-lineal-led-ricardo-marfil-0-5m-1m-15m-2m","status":"publish","type":"product","link":"https:\/\/starlediluminacion.com\/it\/product\/regleta-lineal-led-ricardo-marfil-0-5m-1m-15m-2m\/","title":{"rendered":"<p>Striscia LED lineare - RICARDO Ivory - 0.5m - 1m - 1,5m - 2m<\/p>"},"content":{"rendered":"<div class=\"product-info-line\">\n<p id=\"product_reference\"><label>RIFERIMENTO: SL<span style=\"font-size: 16px;\">R-17059-MF<\/span><\/label><\/p>\n<p>Il nostro&nbsp;<strong>Apparecchio professionale<\/strong>&nbsp;lineare<strong>&nbsp;<\/strong>&nbsp;<strong>- RICARDO Marfil -<\/strong>&nbsp;\u00e8 progettato per un uso intensivo di 24 ore ininterrotte. Il nostro&nbsp;<strong>luce a sospensione<\/strong>&nbsp;\u00e8&nbsp;<strong>prodotto in Europa<\/strong>La sorgente luminosa \u00e8 personalizzata in base alle vostre esigenze. Alluminio estruso di purezza 98%, la fonte di luce \u00e8&nbsp;<strong>40W\/M SMD3040<\/strong>&nbsp;consegna<strong>&nbsp;5732 lumen al metro<\/strong>&nbsp;- 192 led\/metro<strong>.  5 anni di garanzia.&nbsp;&nbsp;<\/strong>Tempo di produzione: da 5 a 7 giorni lavorativi<strong>&nbsp;<\/strong>(dal luned\u00ec al venerd\u00ec).<\/p>\n<p>Il nostro diffusore \u00e8 a microprismi con UGR&lt;19<\/p>\n<h1>Striscia LED lineare - RICARDO Ivory - 0.5m - 1m - 1,5m - 2m<\/h1>\n<p>&nbsp;<\/p>\n<p>I nostri display lineari a LED -&nbsp;<strong>RICARDO&nbsp;<\/strong>- \u00e8 una gamma versatile e senza tempo, che pu\u00f2 essere protagonista dell'interior design di uno spazio o adattarsi ad esso. Grazie alle diverse dimensioni e colori disponibili, pu\u00f2 fornire un'ampia variet\u00e0 di sensazioni visive che definiranno lo spazio da una nuova prospettiva.<\/p>\n<p>Disponibili in varie lunghezze e nelle versioni sospese o a soffitto, per soddisfare le diverse esigenze e altezze di installazione. Gli apparecchi, lunghi fino a 2 metri, diventano splendide tracce di luce che modellano lo spazio.<\/p>\n<p>Il LED lineare<strong>&nbsp;-RICARDO-<\/strong>&nbsp;&nbsp;disegna linee di luce omogenee che si adattano a un'ampia variet\u00e0 di spazi con un impatto visivo minimo, risolvendo sia le esigenze di illuminazione generale che l'illuminazione di piani verticali.<\/p>\n<p>Il suo design combina diffusori ad alta trasmittanza che garantiscono un elevato comfort visivo e un'elevata efficienza energetica.<\/p>\n<p>L'accessorio cavo a sospensione \u00e8 lungo 2 metri e pu\u00f2 essere regolato all'altezza desiderata. L'apparecchio \u00e8 dotato di un cavo lungo 2 metri per facilitare il collegamento.<\/p>\n<p>Il nostro<strong>&nbsp;apparecchio lineare professionale a LED<\/strong>&nbsp;ha una potenza di&nbsp;<strong>40W\/metro.<\/strong><\/p>\n<p>L'apparecchio incorpora un alimentatore all'interno del profilo in alluminio a 24 volt del prestigioso marchio Ecoled (Maximum quality).<\/p>\n<p>Il consumo dell'apparecchio \u00e8 di 20W per 50cm; 40W per 100cm; 60W per 150cm e 40W per 200cm. L'apparecchio a LED \u00e8 realizzato in alluminio 6063\/6060 ad alta purezza (98%), con trattamento termico UNE EN 755 e UNE EN 12020-1.<\/p>\n<p>La sorgente luminosa del nostro apparecchio lineare a LED incorpora 192 LED\/metro di&nbsp;<strong>alta luminosit\u00e0<\/strong>&nbsp;SMD3040 che fornisce 5700Lm\/metro; i diodi LED incorporano saldature a filo d'oro per una maggiore durata, con rinforzi in acciaio per una maggiore affidabilit\u00e0.<\/p>\n<p>&nbsp;<\/p>\n<p>Il rivestimento dell'apparecchio \u00e8 di&nbsp;<strong>alta resistenza e qualit\u00e0<\/strong>&nbsp;ed \u00e8 testurizzata in bianco e nero - Qualicoat -, e anodizzata in argento - Qualanod - con uno spessore di 15 micron per una lunga durata.<\/p>\n<p>L'apparecchio incorpora il nostro diffusore: Micro Prisma trasparente (UGR&lt;19),<\/p>\n<p>Il nostro apparecchio lineare a LED -<strong>RICARDO-<\/strong>&nbsp; essendo realizzato su misura, offre diverse possibilit\u00e0 di scelta tra un'illuminazione pi\u00f9 calda, neutra o fredda, e finiture anodizzate in argento, bianco e nero. L'apparecchio \u00e8 realizzato a mano in Europa secondo le dimensioni desiderate dal cliente, pertanto questo prodotto non ammette resi, essendo un prodotto su misura.  I nostri tempi di produzione sono di 48 ore lavorative.<\/p>\n<p>I nostri apparecchi lineari possono essere uniti nella parte superiore e trasformati in un&nbsp;<strong>apparecchio ad effetto continuo dei metri necessari.<\/strong><\/p>\n<p>&nbsp;<\/p>\n<p>Colori disponibili del nostro apparecchio&nbsp;<strong>RICARDO:<\/strong><\/p>\n<p>- Azzurro testurizzato -RAL 5009<\/p>\n<p>- Bianco strutturato -RAL 9003<\/p>\n<p>- Nero testurizzato -RAL 9005<\/p>\n<p>- Verde patina strutturato -RAL 6000<\/p>\n<p>- Grigio pietra strutturato -RAL 7030<\/p>\n<p>- Giallo pastello strutturato -RAL 1034<\/p>\n<p>- Rosso pomodoro strutturato -RAL 3013<\/p>\n<p>- Avorio strutturato -RAL 1014<\/p>\n<p>&nbsp;<\/p>\n<h2>Utilizzi della striscia lineare LED - RICARDO Ivory - 0.5m - 1m - 1,5m - 2m<\/h2>\n<p>&nbsp;<\/p>\n<ul>\n<li>Negozi<\/li>\n<li>Mostre<\/li>\n<li>Industrie<\/li>\n<li>Uffici<\/li>\n<li>Famiglie<\/li>\n<\/ul>\n<h3 class=\"page-product-heading\">DATI TECNICI<\/h3>\n<div class=\"col-xs-12 col-md-6\">\n<table class=\"table table-data-sheet 1\">\n<tbody>\n<tr class=\"odd\">\n<td valign=\"middle\" width=\"32\"><\/td>\n<td valign=\"middle\">RIFERIMENTO :<\/td>\n<td valign=\"middle\">SLR-17059-MF<\/td>\n<\/tr>\n<tr class=\"even\">\n<td valign=\"middle\" width=\"32\"><\/td>\n<td valign=\"middle\">Potenza nominale :<\/td>\n<td valign=\"middle\">-20W 0,5m - 40W 1m -60W 1,5m -80W 2m<\/td>\n<\/tr>\n<tr class=\"odd\">\n<td valign=\"middle\" width=\"32\"><\/td>\n<td valign=\"middle\">Tensione nominale:<\/td>\n<td valign=\"middle\">85-265V<\/td>\n<\/tr>\n<tr class=\"even\">\n<td valign=\"middle\" width=\"32\"><\/td>\n<td valign=\"middle\">Temperatura della luce:<\/td>\n<td valign=\"middle\">2700K -4000K -6000K<\/td>\n<\/tr>\n<tr class=\"odd\">\n<td valign=\"middle\" width=\"32\"><\/td>\n<td valign=\"middle\">CRI - Indice di resa cromatica:<\/td>\n<td valign=\"middle\">82<\/td>\n<\/tr>\n<tr class=\"even\">\n<td valign=\"middle\" width=\"32\"><\/td>\n<td valign=\"middle\">Materiale da costruzione:<\/td>\n<td valign=\"middle\">Alluminio +PC<\/td>\n<\/tr>\n<tr class=\"odd\">\n<td valign=\"middle\" width=\"32\"><\/td>\n<td valign=\"middle\">Tipo di LED:<\/td>\n<td valign=\"middle\">SMD3040 - 192 chip\/M<\/td>\n<\/tr>\n<tr class=\"even\">\n<td valign=\"middle\" width=\"32\"><\/td>\n<td valign=\"middle\">Angolo di apertura (\u00ba):<\/td>\n<td valign=\"middle\">60\u00ba<\/td>\n<\/tr>\n<tr class=\"odd\">\n<td valign=\"middle\" width=\"32\"><\/td>\n<td valign=\"middle\">Efficienza del diodo LED (Lm\/W):<\/td>\n<td valign=\"middle\">160 Lm\/w<\/td>\n<\/tr>\n<tr class=\"even\">\n<td valign=\"middle\" width=\"32\"><\/td>\n<td valign=\"middle\">Efficienza luminosa (Lm\/W):<\/td>\n<td valign=\"middle\">110 Lm\/W<\/td>\n<\/tr>\n<tr class=\"odd\">\n<td valign=\"middle\" width=\"32\"><\/td>\n<td valign=\"middle\">Certificati:<\/td>\n<td valign=\"middle\">CE - ROHS<\/td>\n<\/tr>\n<\/tbody>\n<\/table>\n<\/div>\n<div class=\"col-xs-12 col-md-6 2\">\n<table class=\"table table-data-sheet 2\">\n<tbody>\n<tr class=\"odd\">\n<td valign=\"middle\" width=\"32\"><\/td>\n<td valign=\"middle\">Grado di protezione IP:<\/td>\n<td valign=\"middle\">IP20<\/td>\n<\/tr>\n<tr class=\"even\">\n<td valign=\"middle\" width=\"32\"><\/td>\n<td valign=\"middle\">Durata stimata del diodo LED (H):<\/td>\n<td valign=\"middle\">50.000<\/td>\n<\/tr>\n<tr class=\"odd\">\n<td valign=\"middle\" width=\"32\"><\/td>\n<td valign=\"middle\">Dimensioni (mm):<\/td>\n<td valign=\"middle\">L: 0,5 m - 1 m - 1,50 m - 2 m<\/td>\n<\/tr>\n<tr class=\"even\">\n<td valign=\"middle\" width=\"32\"><\/td>\n<td valign=\"middle\">Fattore di potenza (PF):<\/td>\n<td valign=\"middle\">0.97<\/td>\n<\/tr>\n<tr class=\"odd\">\n<td valign=\"middle\" width=\"32\"><\/td>\n<td valign=\"middle\">Frequenza di lavoro (Hz):<\/td>\n<td valign=\"middle\">50\/60Hz<\/td>\n<\/tr>\n<tr class=\"even\">\n<td valign=\"middle\" width=\"32\"><\/td>\n<td valign=\"middle\">Intervallo di temperatura (\u00baC):<\/td>\n<td valign=\"middle\">-20\u00b0C ~ +55\u00b0C<\/td>\n<\/tr>\n<tr class=\"odd\">\n<td valign=\"middle\" width=\"32\"><\/td>\n<td valign=\"middle\">Cicli di accensione:<\/td>\n<td valign=\"middle\">100.000<\/td>\n<\/tr>\n<tr class=\"even\">\n<td valign=\"middle\" width=\"32\"><\/td>\n<td valign=\"middle\">Tempo di avvio (s):<\/td>\n<td valign=\"middle\">0,2s<\/td>\n<\/tr>\n<tr class=\"even\">\n<td valign=\"middle\" width=\"32\"><\/td>\n<td valign=\"middle\">Classe energetica (2021-EU-2019\/2015):<\/td>\n<td valign=\"middle\">A+<\/td>\n<\/tr>\n<tr class=\"odd\">\n<td valign=\"middle\" width=\"32\"><\/td>\n<td valign=\"middle\">Anni di garanzia:<\/td>\n<td valign=\"middle\">5<\/td>\n<\/tr>\n<\/tbody>\n<\/table>\n<\/div>\n<\/div>","protected":false},"excerpt":{"rendered":"<div class=\"col-md-12\"><i class=\"fa fa-truck\"><\/i>&nbsp;<span class=\"text-muted textprop\">Consegna in 24\/48 ore<\/span><div class=\"col-md-12\"><i class=\"fa fa-exchange\"><\/i>&nbsp;<span class=\"text-muted textprop\">Garanzia assicurata<\/span><\/div><div class=\"col-md-12\"><i class=\"fa fa-box\"><\/i>&nbsp;<span class=\"text-muted textprop\">20 unit\u00e0 per Masterbox<\/span><\/div><div><strong>TEMPERATURA DI COLORE: 2700K\/4000K\/6000K<\/strong><\/div><\/div>","protected":false},"featured_media":4431,"template":"","meta":{"site-sidebar-layout":"default","site-content-layout":"default","ast-global-header-display":"","ast-main-header-display":"","ast-hfb-above-header-display":"","ast-hfb-below-header-display":"","ast-hfb-mobile-header-display":"","site-post-title":"","ast-breadcrumbs-content":"","ast-featured-img":"","footer-sml-layout":"","theme-transparent-header-meta":"default","adv-header-id-meta":"","stick-header-meta":"","header-above-stick-meta":"","header-main-stick-meta":"","header-below-stick-meta":""},"product_cat":[33],"product_tag":[],"class_list":["post-4430","product","type-product","status-publish","has-post-thumbnail","hentry","product_cat-barras-lineales-led"],"yoast_head":"<!-- This site is optimized with the Yoast SEO plugin v27.4 - https:\/\/yoast.com\/product\/yoast-seo-wordpress\/ -->\n<title>Regleta Lineal LED - RICARDO Marfil - 0.5m - 1m - 1,5m - 2m - STARLED Iluminacion<\/title>\n<meta name=\"robots\" content=\"index, follow, max-snippet:-1, max-image-preview:large, max-video-preview:-1\" \/>\n<link rel=\"canonical\" href=\"https:\/\/starlediluminacion.com\/it\/product\/regleta-lineal-led-ricardo-marfil-0-5m-1m-15m-2m\/\" \/>\n<meta property=\"og:locale\" content=\"it_IT\" \/>\n<meta property=\"og:type\" content=\"article\" \/>\n<meta property=\"og:title\" content=\"Regleta Lineal LED - RICARDO Marfil - 0.5m - 1m - 1,5m - 2m - STARLED Iluminacion\" \/>\n<meta property=\"og:description\" content=\"\u00a0Entrega en 24\/48 horas \u00a0Garant\u00eda asegurada \u00a020 unidad(es) por Masterbox TEMPERATURA DE COLOR: 2700K\/4000K\/6000K\" \/>\n<meta property=\"og:url\" content=\"https:\/\/starlediluminacion.com\/it\/product\/regleta-lineal-led-ricardo-marfil-0-5m-1m-15m-2m\/\" \/>\n<meta property=\"og:site_name\" content=\"STARLED Iluminacion\" \/>\n<meta property=\"article:modified_time\" content=\"2022-12-18T10:15:49+00:00\" \/>\n<meta property=\"og:image\" content=\"https:\/\/starlediluminacion.com\/wp-content\/uploads\/2022\/08\/regleta-lineal-led-lola-blanco-05m-1m-15m-2m-factorled-1.jpg\" \/>\n\t<meta property=\"og:image:width\" content=\"1000\" \/>\n\t<meta property=\"og:image:height\" content=\"1000\" \/>\n\t<meta property=\"og:image:type\" content=\"image\/jpeg\" \/>\n<meta name=\"twitter:card\" content=\"summary_large_image\" \/>\n<meta name=\"twitter:label1\" content=\"Tempo di lettura stimato\" \/>\n\t<meta name=\"twitter:data1\" content=\"4 minuti\" \/>\n<script type=\"application\/ld+json\" class=\"yoast-schema-graph\">{\"@context\":\"https:\\\/\\\/schema.org\",\"@graph\":[{\"@type\":\"WebPage\",\"@id\":\"https:\\\/\\\/starlediluminacion.com\\\/producto\\\/regleta-lineal-led-ricardo-marfil-0-5m-1m-15m-2m\\\/\",\"url\":\"https:\\\/\\\/starlediluminacion.com\\\/producto\\\/regleta-lineal-led-ricardo-marfil-0-5m-1m-15m-2m\\\/\",\"name\":\"Regleta Lineal LED - RICARDO Marfil - 0.5m - 1m - 1,5m - 2m - STARLED Iluminacion\",\"isPartOf\":{\"@id\":\"https:\\\/\\\/starlediluminacion.com\\\/#website\"},\"primaryImageOfPage\":{\"@id\":\"https:\\\/\\\/starlediluminacion.com\\\/producto\\\/regleta-lineal-led-ricardo-marfil-0-5m-1m-15m-2m\\\/#primaryimage\"},\"image\":{\"@id\":\"https:\\\/\\\/starlediluminacion.com\\\/producto\\\/regleta-lineal-led-ricardo-marfil-0-5m-1m-15m-2m\\\/#primaryimage\"},\"thumbnailUrl\":\"https:\\\/\\\/starlediluminacion.com\\\/wp-content\\\/uploads\\\/2022\\\/08\\\/regleta-lineal-led-lola-blanco-05m-1m-15m-2m-factorled-1.jpg\",\"datePublished\":\"2022-08-10T20:32:11+00:00\",\"dateModified\":\"2022-12-18T10:15:49+00:00\",\"breadcrumb\":{\"@id\":\"https:\\\/\\\/starlediluminacion.com\\\/producto\\\/regleta-lineal-led-ricardo-marfil-0-5m-1m-15m-2m\\\/#breadcrumb\"},\"inLanguage\":\"it-IT\",\"potentialAction\":[{\"@type\":\"ReadAction\",\"target\":[\"https:\\\/\\\/starlediluminacion.com\\\/producto\\\/regleta-lineal-led-ricardo-marfil-0-5m-1m-15m-2m\\\/\"]}]},{\"@type\":\"ImageObject\",\"inLanguage\":\"it-IT\",\"@id\":\"https:\\\/\\\/starlediluminacion.com\\\/producto\\\/regleta-lineal-led-ricardo-marfil-0-5m-1m-15m-2m\\\/#primaryimage\",\"url\":\"https:\\\/\\\/starlediluminacion.com\\\/wp-content\\\/uploads\\\/2022\\\/08\\\/regleta-lineal-led-lola-blanco-05m-1m-15m-2m-factorled-1.jpg\",\"contentUrl\":\"https:\\\/\\\/starlediluminacion.com\\\/wp-content\\\/uploads\\\/2022\\\/08\\\/regleta-lineal-led-lola-blanco-05m-1m-15m-2m-factorled-1.jpg\",\"width\":1000,\"height\":1000},{\"@type\":\"BreadcrumbList\",\"@id\":\"https:\\\/\\\/starlediluminacion.com\\\/producto\\\/regleta-lineal-led-ricardo-marfil-0-5m-1m-15m-2m\\\/#breadcrumb\",\"itemListElement\":[{\"@type\":\"ListItem\",\"position\":1,\"name\":\"Portada\",\"item\":\"https:\\\/\\\/starlediluminacion.com\\\/\"},{\"@type\":\"ListItem\",\"position\":2,\"name\":\"Shop\",\"item\":\"https:\\\/\\\/starlediluminacion.com\\\/shop-2\\\/\"},{\"@type\":\"ListItem\",\"position\":3,\"name\":\"Regleta Lineal LED &#8211; RICARDO Marfil &#8211; 0.5m &#8211; 1m &#8211; 1,5m &#8211; 2m\"}]},{\"@type\":\"WebSite\",\"@id\":\"https:\\\/\\\/starlediluminacion.com\\\/#website\",\"url\":\"https:\\\/\\\/starlediluminacion.com\\\/\",\"name\":\"STARLED Iluminacion\",\"description\":\"\",\"potentialAction\":[{\"@type\":\"SearchAction\",\"target\":{\"@type\":\"EntryPoint\",\"urlTemplate\":\"https:\\\/\\\/starlediluminacion.com\\\/?s={search_term_string}\"},\"query-input\":{\"@type\":\"PropertyValueSpecification\",\"valueRequired\":true,\"valueName\":\"search_term_string\"}}],\"inLanguage\":\"it-IT\"}]}<\/script>\n<!-- \/ Yoast SEO plugin. -->","yoast_head_json":{"title":"Regleta Lineal LED - RICARDO Marfil - 0.5m - 1m - 1,5m - 2m - STARLED Iluminacion","robots":{"index":"index","follow":"follow","max-snippet":"max-snippet:-1","max-image-preview":"max-image-preview:large","max-video-preview":"max-video-preview:-1"},"canonical":"https:\/\/starlediluminacion.com\/it\/product\/regleta-lineal-led-ricardo-marfil-0-5m-1m-15m-2m\/","og_locale":"it_IT","og_type":"article","og_title":"Regleta Lineal LED - RICARDO Marfil - 0.5m - 1m - 1,5m - 2m - STARLED Iluminacion","og_description":"\u00a0Entrega en 24\/48 horas \u00a0Garant\u00eda asegurada \u00a020 unidad(es) por Masterbox TEMPERATURA DE COLOR: 2700K\/4000K\/6000K","og_url":"https:\/\/starlediluminacion.com\/it\/product\/regleta-lineal-led-ricardo-marfil-0-5m-1m-15m-2m\/","og_site_name":"STARLED Iluminacion","article_modified_time":"2022-12-18T10:15:49+00:00","og_image":[{"width":1000,"height":1000,"url":"https:\/\/starlediluminacion.com\/wp-content\/uploads\/2022\/08\/regleta-lineal-led-lola-blanco-05m-1m-15m-2m-factorled-1.jpg","type":"image\/jpeg"}],"twitter_card":"summary_large_image","twitter_misc":{"Tempo di lettura stimato":"4 minuti"},"schema":{"@context":"https:\/\/schema.org","@graph":[{"@type":"WebPage","@id":"https:\/\/starlediluminacion.com\/producto\/regleta-lineal-led-ricardo-marfil-0-5m-1m-15m-2m\/","url":"https:\/\/starlediluminacion.com\/producto\/regleta-lineal-led-ricardo-marfil-0-5m-1m-15m-2m\/","name":"Regleta Lineal LED - RICARDO Marfil - 0.5m - 1m - 1,5m - 2m - STARLED Iluminacion","isPartOf":{"@id":"https:\/\/starlediluminacion.com\/#website"},"primaryImageOfPage":{"@id":"https:\/\/starlediluminacion.com\/producto\/regleta-lineal-led-ricardo-marfil-0-5m-1m-15m-2m\/#primaryimage"},"image":{"@id":"https:\/\/starlediluminacion.com\/producto\/regleta-lineal-led-ricardo-marfil-0-5m-1m-15m-2m\/#primaryimage"},"thumbnailUrl":"https:\/\/starlediluminacion.com\/wp-content\/uploads\/2022\/08\/regleta-lineal-led-lola-blanco-05m-1m-15m-2m-factorled-1.jpg","datePublished":"2022-08-10T20:32:11+00:00","dateModified":"2022-12-18T10:15:49+00:00","breadcrumb":{"@id":"https:\/\/starlediluminacion.com\/producto\/regleta-lineal-led-ricardo-marfil-0-5m-1m-15m-2m\/#breadcrumb"},"inLanguage":"it-IT","potentialAction":[{"@type":"ReadAction","target":["https:\/\/starlediluminacion.com\/producto\/regleta-lineal-led-ricardo-marfil-0-5m-1m-15m-2m\/"]}]},{"@type":"ImageObject","inLanguage":"it-IT","@id":"https:\/\/starlediluminacion.com\/producto\/regleta-lineal-led-ricardo-marfil-0-5m-1m-15m-2m\/#primaryimage","url":"https:\/\/starlediluminacion.com\/wp-content\/uploads\/2022\/08\/regleta-lineal-led-lola-blanco-05m-1m-15m-2m-factorled-1.jpg","contentUrl":"https:\/\/starlediluminacion.com\/wp-content\/uploads\/2022\/08\/regleta-lineal-led-lola-blanco-05m-1m-15m-2m-factorled-1.jpg","width":1000,"height":1000},{"@type":"BreadcrumbList","@id":"https:\/\/starlediluminacion.com\/producto\/regleta-lineal-led-ricardo-marfil-0-5m-1m-15m-2m\/#breadcrumb","itemListElement":[{"@type":"ListItem","position":1,"name":"Portada","item":"https:\/\/starlediluminacion.com\/"},{"@type":"ListItem","position":2,"name":"Shop","item":"https:\/\/starlediluminacion.com\/shop-2\/"},{"@type":"ListItem","position":3,"name":"Regleta Lineal LED &#8211; RICARDO Marfil &#8211; 0.5m &#8211; 1m &#8211; 1,5m &#8211; 2m"}]},{"@type":"WebSite","@id":"https:\/\/starlediluminacion.com\/#website","url":"https:\/\/starlediluminacion.com\/","name":"STARLED Iluminacion","description":"","potentialAction":[{"@type":"SearchAction","target":{"@type":"EntryPoint","urlTemplate":"https:\/\/starlediluminacion.com\/?s={search_term_string}"},"query-input":{"@type":"PropertyValueSpecification","valueRequired":true,"valueName":"search_term_string"}}],"inLanguage":"it-IT"}]}},"_links":{"self":[{"href":"https:\/\/starlediluminacion.com\/it\/wp-json\/wp\/v3\/product\/4430","targetHints":{"allow":["GET"]}}],"collection":[{"href":"https:\/\/starlediluminacion.com\/it\/wp-json\/wp\/v3\/product"}],"about":[{"href":"https:\/\/starlediluminacion.com\/it\/wp-json\/wp\/v2\/types\/product"}],"wp:featuredmedia":[{"embeddable":true,"href":"https:\/\/starlediluminacion.com\/it\/wp-json\/wp\/v2\/media\/4431"}],"wp:attachment":[{"href":"https:\/\/starlediluminacion.com\/it\/wp-json\/wp\/v2\/media?parent=4430"}],"wp:term":[{"taxonomy":"product_cat","embeddable":true,"href":"https:\/\/starlediluminacion.com\/it\/wp-json\/wp\/v2\/product_cat?post=4430"},{"taxonomy":"product_tag","embeddable":true,"href":"https:\/\/starlediluminacion.com\/it\/wp-json\/wp\/v2\/product_tag?post=4430"}],"curies":[{"name":"wp","href":"https:\/\/api.w.org\/{rel}","templated":true}]}}