{"id":43950,"date":"2025-10-17T14:42:30","date_gmt":"2025-10-17T14:42:30","guid":{"rendered":"https:\/\/starlediluminacion.com\/?post_type=product&#038;p=43950"},"modified":"2025-10-17T14:43:45","modified_gmt":"2025-10-17T14:43:45","slug":"bombilla-led-filamento-8w-e27-a60-dimable-2","status":"publish","type":"product","link":"https:\/\/starlediluminacion.com\/it\/product\/bombilla-led-filamento-8w-e27-a60-dimable-2\/","title":{"rendered":"<p>Lampadina a filamento LED 8W E27 A60 - DIMABILE<\/p>"},"content":{"rendered":"<h1>Lampadina a filamento LED 8W E27 A60 - DIMABILE<p>Questo&nbsp;<strong>Lampadina LED<\/strong>&nbsp;da&nbsp;<strong>Filamento<\/strong>&nbsp;ha un tipo di boccola&nbsp;<strong>E27<\/strong>&nbsp;e ha una potenza di 8W. Offre un'atmosfera calda grazie alla sua temperatura di 2200K.<\/p><p>Si distingue perch\u00e9 \u00e8 dimmerabile, in modo che il&nbsp;<strong>lampadina<\/strong>&nbsp;pu\u00f2&nbsp;<strong>regolare<\/strong>&nbsp;la sua intensit\u00e0 di&nbsp;<strong>luce<\/strong>&nbsp;tra 0-100%, per poter svolgere questa funzione \u00e8 necessario acquistare un regolatore.<\/p><p>&nbsp;<\/p><p>Permette di risparmiare sul consumo energetico grazie alla tecnologia LED, oltre che sui costi di manutenzione e sostituzione. Rispetterete l'ambiente senza rinunciare al design classico delle lampadine tradizionali. Ha inoltre un'efficienza luminosa di&nbsp;<strong>100lm\/W<\/strong>.<\/p><p>\u00c8 una lampadina multiuso che pu\u00f2 essere utilizzata sia in casa che sul posto di lavoro, creando atmosfere originali con un tocco retr\u00f2, senza dimenticare la nostra garanzia di 2 anni.<\/p><h2>Utilizzi della lampadina a filamento LED 8W E27 A60 - DIMABILE<\/h2><ul>\n<li>Illuminazione decorativa<\/li>\n<li>Ristoranti<\/li>\n<li>Hotel<\/li>\n<li>La camera<\/li>\n<li>Lampade da scrivania o da comodino<\/li>\n<li>Salotti<\/li>\n<li>Chillout<\/li>\n<\/ul><h3 class=\"h6\">Scheda tecnica del prodotto<\/h3><dl class=\"data-sheet\">\n<dt class=\"name\"><img loading=\"lazy\" decoding=\"async\" src=\"https:\/\/www.factorled.com\/modules\/oa_features\/img\/2-default.jpg\" width=\"32\" height=\"32\">&nbsp;RIFERIMENTO<\/dt>\n<dd class=\"value\">A60DIM8W<\/dd>\n<dt class=\"name\"><img loading=\"lazy\" decoding=\"async\" src=\"https:\/\/www.factorled.com\/modules\/oa_features\/img\/3-default.jpg\" width=\"32\" height=\"32\">&nbsp;Potenza nominale<\/dt>\n<dd class=\"value\">8w<\/dd>\n<dt class=\"name\"><img loading=\"lazy\" decoding=\"async\" src=\"https:\/\/www.factorled.com\/modules\/oa_features\/img\/4-default.jpg\" width=\"32\" height=\"32\">&nbsp;Tensione nominale<\/dt>\n<dd class=\"value\">220-240V<\/dd>\n<dt class=\"name\"><img loading=\"lazy\" decoding=\"async\" src=\"https:\/\/www.factorled.com\/modules\/oa_features\/img\/5-default.jpg\" width=\"32\" height=\"32\">&nbsp;Temperatura della luce<\/dt>\n<dd class=\"value\">2200K<\/dd>\n<dt class=\"name\"><img loading=\"lazy\" decoding=\"async\" src=\"https:\/\/www.factorled.com\/modules\/oa_features\/img\/6-default.jpg\" width=\"32\" height=\"32\">&nbsp;CRI - Indice di riproduzione cromatica<\/dt>\n<dd class=\"value\">80<\/dd>\n<dt class=\"name\"><img loading=\"lazy\" decoding=\"async\" src=\"https:\/\/www.factorled.com\/modules\/oa_features\/img\/25-default.jpg\" width=\"32\" height=\"32\">&nbsp;Materiale da costruzione<\/dt>\n<dd class=\"value\">Vetro<\/dd>\n<dt class=\"name\"><img loading=\"lazy\" decoding=\"async\" src=\"https:\/\/www.factorled.com\/modules\/oa_features\/img\/8-default.jpg\" width=\"32\" height=\"32\">&nbsp;Luminosit\u00e0-Lm<\/dt>\n<dd class=\"value\">950<\/dd>\n<dt class=\"name\"><img loading=\"lazy\" decoding=\"async\" src=\"https:\/\/www.factorled.com\/modules\/oa_features\/img\/10-default.jpg\" width=\"32\" height=\"32\">&nbsp;Angolo di apertura (\u00ba)<\/dt>\n<dd class=\"value\">180\u00ba<\/dd>\n<dt class=\"name\"><img loading=\"lazy\" decoding=\"async\" src=\"https:\/\/www.factorled.com\/modules\/oa_features\/img\/12-default.jpg\" width=\"32\" height=\"32\">&nbsp;Efficienza del diodo LED (Lm\/W)<\/dt>\n<dd class=\"value\">125 Lm\/W<\/dd>\n<dt class=\"name\"><img loading=\"lazy\" decoding=\"async\" src=\"https:\/\/www.factorled.com\/modules\/oa_features\/img\/13-default.jpg\" width=\"32\" height=\"32\">&nbsp;Efficienza luminosa (Lm\/W)<\/dt>\n<dd class=\"value\">120 Lm\/W<\/dd>\n<dt class=\"name\"><img loading=\"lazy\" decoding=\"async\" src=\"https:\/\/www.factorled.com\/modules\/oa_features\/img\/11-default.jpg\" width=\"32\" height=\"32\">&nbsp;Dimostrabile<\/dt>\n<dd class=\"value\">S\u00cc<\/dd>\n<dt class=\"name\"><img loading=\"lazy\" decoding=\"async\" src=\"https:\/\/www.factorled.com\/modules\/oa_features\/img\/14-default.jpg\" width=\"32\" height=\"32\">&nbsp;Cappello<\/dt>\n<dd class=\"value\">E27<\/dd>\n<dt class=\"name\"><img loading=\"lazy\" decoding=\"async\" src=\"https:\/\/www.factorled.com\/modules\/oa_features\/img\/15-default.jpg\" width=\"32\" height=\"32\">&nbsp;Certificati<\/dt>\n<dd class=\"value\">CE - ROHS<\/dd>\n<dt class=\"name\"><img loading=\"lazy\" decoding=\"async\" src=\"https:\/\/www.factorled.com\/modules\/oa_features\/img\/17-default.jpg\" width=\"32\" height=\"32\">&nbsp;Vita stimata Diodo LED (H)<\/dt>\n<dd class=\"value\">15.000<\/dd>\n<dt class=\"name\"><img loading=\"lazy\" decoding=\"async\" src=\"https:\/\/www.factorled.com\/modules\/oa_features\/img\/18-default.jpg\" width=\"32\" height=\"32\">&nbsp;Dimensioni (mm)<\/dt>\n<dd class=\"value\">\u00f860x106mm<\/dd>\n<dt class=\"name\"><img loading=\"lazy\" decoding=\"async\" src=\"https:\/\/www.factorled.com\/modules\/oa_features\/img\/21-default.jpg\" width=\"32\" height=\"32\">&nbsp;Frequenza di lavoro (Hz)<\/dt>\n<dd class=\"value\">50\/60Hz<\/dd>\n<dt class=\"name\"><img loading=\"lazy\" decoding=\"async\" src=\"https:\/\/www.factorled.com\/modules\/oa_features\/img\/22-default.jpg\" width=\"32\" height=\"32\">&nbsp;Intervallo di temperatura (\u00baC)<\/dt>\n<dd class=\"value\">-20\u00b0C ~ +55\u00b0C<\/dd>\n<dt class=\"name\"><img loading=\"lazy\" decoding=\"async\" src=\"https:\/\/www.factorled.com\/modules\/oa_features\/img\/23-default.jpg\" width=\"32\" height=\"32\">&nbsp;Cicli di accensione<\/dt>\n<dd class=\"value\">100.000<\/dd>\n<dt class=\"name\"><img loading=\"lazy\" decoding=\"async\" src=\"https:\/\/www.factorled.com\/modules\/oa_features\/img\/24-default.jpg\" width=\"32\" height=\"32\">&nbsp;Tempo di avvio (s)<\/dt>\n<dd class=\"value\">0,2s<\/dd>\n<dt class=\"name\"><img loading=\"lazy\" decoding=\"async\" src=\"https:\/\/www.factorled.com\/modules\/oa_features\/img\/7-default.jpg\" width=\"32\" height=\"32\">&nbsp;Classe energetica (2021-EU-2019\/2015)<\/dt>\n<dd class=\"value\">A+<\/dd>\n<dt class=\"name\"><img loading=\"lazy\" decoding=\"async\" src=\"https:\/\/www.factorled.com\/modules\/oa_features\/img\/101-default.jpg\" width=\"32\" height=\"32\">&nbsp;Classe energetica (2023 - UE-2019\/2015)<\/dt>\n<dd class=\"value\">F<\/dd>\n<dt class=\"name\"><img loading=\"lazy\" decoding=\"async\" src=\"https:\/\/www.factorled.com\/modules\/oa_features\/img\/75-default.jpg\" width=\"32\" height=\"32\">&nbsp;Anni di garanzia<\/dt>\n<dd class=\"value\">2<\/dd>\n<\/dl><\/h1>","protected":false},"excerpt":{"rendered":"<div class=\"product-reference\"><strong><label class=\"label\">Riferimento:<\/label> SLA60DIM8W-90919-22K<\/strong>\n<div><\/div>\n<div class=\"product-description-short\">\n<div id=\"product-description-short-2701\">\n<p>Questo&nbsp;<strong>lampadina<\/strong>&nbsp;A60 di&nbsp;<strong>Filamento<\/strong>&nbsp;ha una potenza di 8W e un tipo di presa&nbsp;<strong>E27<\/strong>. \u00c8 possibile sostituire facilmente le lampadine convenzionali, a incandescenza e a carbone, e grazie alla sua tecnologia&nbsp;<strong>LED<\/strong>&nbsp;ridurre il consumo di elettricit\u00e0 mantenendo un design classico.<\/p>\n<p>La lampadina \u00e8&nbsp;<strong>regolabile<\/strong>&nbsp;da&nbsp;<strong>TRIAC<\/strong><\/p>\n<\/div>\n<\/div><div class=\"product-information\">\n<div class=\"col-md-6\">\n<div class=\"product-oa-features oa-features clearfix\"><\/div>\n<\/div>\n<\/div><\/div>","protected":false},"featured_media":43951,"template":"","meta":{"site-sidebar-layout":"default","site-content-layout":"default","ast-global-header-display":"","ast-main-header-display":"","ast-hfb-above-header-display":"","ast-hfb-below-header-display":"","ast-hfb-mobile-header-display":"","site-post-title":"","ast-breadcrumbs-content":"","ast-featured-img":"","footer-sml-layout":"","theme-transparent-header-meta":"default","adv-header-id-meta":"","stick-header-meta":"","header-above-stick-meta":"","header-main-stick-meta":"","header-below-stick-meta":""},"product_cat":[46,23,24],"product_tag":[],"class_list":["post-43950","product","type-product","status-publish","has-post-thumbnail","hentry","product_cat-bombillas-led-e27","product_cat-bombillas-y-lamparas-led","product_cat-novedades"],"yoast_head":"<!-- This site is optimized with the Yoast SEO plugin v27.4 - https:\/\/yoast.com\/product\/yoast-seo-wordpress\/ -->\n<title>Bombilla LED Filamento 8W E27 A60 - DIMABLE - STARLED Iluminacion<\/title>\n<meta name=\"robots\" content=\"index, follow, max-snippet:-1, max-image-preview:large, max-video-preview:-1\" \/>\n<link rel=\"canonical\" href=\"https:\/\/starlediluminacion.com\/it\/product\/bombilla-led-filamento-8w-e27-a60-dimable-2\/\" \/>\n<meta property=\"og:locale\" content=\"it_IT\" \/>\n<meta property=\"og:type\" content=\"article\" \/>\n<meta property=\"og:title\" content=\"Bombilla LED Filamento 8W E27 A60 - DIMABLE - STARLED Iluminacion\" \/>\n<meta property=\"og:description\" content=\"Referencia: SLA60DIM8W-90919-22K      Esta\u00a0bombilla\u00a0A60 de\u00a0Filamento\u00a0tiene una potencia de 8W\u00a0y un casquillo tipo\u00a0E27. Podr\u00e1s sustituir tus bombillas convencionales,\u00a0incandescentes\u00a0y\u00a0de carbono f\u00e1cilmente, y gracias a su tecnolog\u00eda\u00a0LED\u00a0reducir tu consumo de energ\u00eda el\u00e9ctrica manteniendo un dise\u00f1o cl\u00e1sico.  La bombilla es\u00a0regulable\u00a0por\u00a0TRIAC\" \/>\n<meta property=\"og:url\" content=\"https:\/\/starlediluminacion.com\/it\/product\/bombilla-led-filamento-8w-e27-a60-dimable-2\/\" \/>\n<meta property=\"og:site_name\" content=\"STARLED Iluminacion\" \/>\n<meta property=\"article:modified_time\" content=\"2025-10-17T14:43:45+00:00\" \/>\n<meta property=\"og:image\" content=\"https:\/\/starlediluminacion.com\/wp-content\/uploads\/2025\/10\/bombilla-led-filamento-8w-e27-a60-dimable.jpg\" \/>\n\t<meta property=\"og:image:width\" content=\"744\" \/>\n\t<meta property=\"og:image:height\" content=\"800\" \/>\n\t<meta property=\"og:image:type\" content=\"image\/jpeg\" \/>\n<meta name=\"twitter:card\" content=\"summary_large_image\" \/>\n<meta name=\"twitter:label1\" content=\"Tempo di lettura stimato\" \/>\n\t<meta name=\"twitter:data1\" content=\"1 minuto\" \/>\n<script type=\"application\/ld+json\" class=\"yoast-schema-graph\">{\"@context\":\"https:\\\/\\\/schema.org\",\"@graph\":[{\"@type\":\"WebPage\",\"@id\":\"https:\\\/\\\/starlediluminacion.com\\\/producto\\\/bombilla-led-filamento-8w-e27-a60-dimable-2\\\/\",\"url\":\"https:\\\/\\\/starlediluminacion.com\\\/producto\\\/bombilla-led-filamento-8w-e27-a60-dimable-2\\\/\",\"name\":\"Bombilla LED Filamento 8W E27 A60 - DIMABLE - STARLED Iluminacion\",\"isPartOf\":{\"@id\":\"https:\\\/\\\/starlediluminacion.com\\\/#website\"},\"primaryImageOfPage\":{\"@id\":\"https:\\\/\\\/starlediluminacion.com\\\/producto\\\/bombilla-led-filamento-8w-e27-a60-dimable-2\\\/#primaryimage\"},\"image\":{\"@id\":\"https:\\\/\\\/starlediluminacion.com\\\/producto\\\/bombilla-led-filamento-8w-e27-a60-dimable-2\\\/#primaryimage\"},\"thumbnailUrl\":\"https:\\\/\\\/starlediluminacion.com\\\/wp-content\\\/uploads\\\/2025\\\/10\\\/bombilla-led-filamento-8w-e27-a60-dimable.jpg\",\"datePublished\":\"2025-10-17T14:42:30+00:00\",\"dateModified\":\"2025-10-17T14:43:45+00:00\",\"breadcrumb\":{\"@id\":\"https:\\\/\\\/starlediluminacion.com\\\/producto\\\/bombilla-led-filamento-8w-e27-a60-dimable-2\\\/#breadcrumb\"},\"inLanguage\":\"it-IT\",\"potentialAction\":[{\"@type\":\"ReadAction\",\"target\":[\"https:\\\/\\\/starlediluminacion.com\\\/producto\\\/bombilla-led-filamento-8w-e27-a60-dimable-2\\\/\"]}]},{\"@type\":\"ImageObject\",\"inLanguage\":\"it-IT\",\"@id\":\"https:\\\/\\\/starlediluminacion.com\\\/producto\\\/bombilla-led-filamento-8w-e27-a60-dimable-2\\\/#primaryimage\",\"url\":\"https:\\\/\\\/starlediluminacion.com\\\/wp-content\\\/uploads\\\/2025\\\/10\\\/bombilla-led-filamento-8w-e27-a60-dimable.jpg\",\"contentUrl\":\"https:\\\/\\\/starlediluminacion.com\\\/wp-content\\\/uploads\\\/2025\\\/10\\\/bombilla-led-filamento-8w-e27-a60-dimable.jpg\",\"width\":744,\"height\":800},{\"@type\":\"BreadcrumbList\",\"@id\":\"https:\\\/\\\/starlediluminacion.com\\\/producto\\\/bombilla-led-filamento-8w-e27-a60-dimable-2\\\/#breadcrumb\",\"itemListElement\":[{\"@type\":\"ListItem\",\"position\":1,\"name\":\"Portada\",\"item\":\"https:\\\/\\\/starlediluminacion.com\\\/\"},{\"@type\":\"ListItem\",\"position\":2,\"name\":\"Shop\",\"item\":\"https:\\\/\\\/starlediluminacion.com\\\/shop-2\\\/\"},{\"@type\":\"ListItem\",\"position\":3,\"name\":\"Bombilla LED Filamento 8W E27 A60 &#8211; DIMABLE\"}]},{\"@type\":\"WebSite\",\"@id\":\"https:\\\/\\\/starlediluminacion.com\\\/#website\",\"url\":\"https:\\\/\\\/starlediluminacion.com\\\/\",\"name\":\"STARLED Iluminacion\",\"description\":\"\",\"potentialAction\":[{\"@type\":\"SearchAction\",\"target\":{\"@type\":\"EntryPoint\",\"urlTemplate\":\"https:\\\/\\\/starlediluminacion.com\\\/?s={search_term_string}\"},\"query-input\":{\"@type\":\"PropertyValueSpecification\",\"valueRequired\":true,\"valueName\":\"search_term_string\"}}],\"inLanguage\":\"it-IT\"}]}<\/script>\n<!-- \/ Yoast SEO plugin. -->","yoast_head_json":{"title":"Bombilla LED Filamento 8W E27 A60 - DIMABLE - STARLED Iluminacion","robots":{"index":"index","follow":"follow","max-snippet":"max-snippet:-1","max-image-preview":"max-image-preview:large","max-video-preview":"max-video-preview:-1"},"canonical":"https:\/\/starlediluminacion.com\/it\/product\/bombilla-led-filamento-8w-e27-a60-dimable-2\/","og_locale":"it_IT","og_type":"article","og_title":"Bombilla LED Filamento 8W E27 A60 - DIMABLE - STARLED Iluminacion","og_description":"Referencia: SLA60DIM8W-90919-22K      Esta\u00a0bombilla\u00a0A60 de\u00a0Filamento\u00a0tiene una potencia de 8W\u00a0y un casquillo tipo\u00a0E27. Podr\u00e1s sustituir tus bombillas convencionales,\u00a0incandescentes\u00a0y\u00a0de carbono f\u00e1cilmente, y gracias a su tecnolog\u00eda\u00a0LED\u00a0reducir tu consumo de energ\u00eda el\u00e9ctrica manteniendo un dise\u00f1o cl\u00e1sico.  La bombilla es\u00a0regulable\u00a0por\u00a0TRIAC","og_url":"https:\/\/starlediluminacion.com\/it\/product\/bombilla-led-filamento-8w-e27-a60-dimable-2\/","og_site_name":"STARLED Iluminacion","article_modified_time":"2025-10-17T14:43:45+00:00","og_image":[{"width":744,"height":800,"url":"https:\/\/starlediluminacion.com\/wp-content\/uploads\/2025\/10\/bombilla-led-filamento-8w-e27-a60-dimable.jpg","type":"image\/jpeg"}],"twitter_card":"summary_large_image","twitter_misc":{"Tempo di lettura stimato":"1 minuto"},"schema":{"@context":"https:\/\/schema.org","@graph":[{"@type":"WebPage","@id":"https:\/\/starlediluminacion.com\/producto\/bombilla-led-filamento-8w-e27-a60-dimable-2\/","url":"https:\/\/starlediluminacion.com\/producto\/bombilla-led-filamento-8w-e27-a60-dimable-2\/","name":"Bombilla LED Filamento 8W E27 A60 - DIMABLE - STARLED Iluminacion","isPartOf":{"@id":"https:\/\/starlediluminacion.com\/#website"},"primaryImageOfPage":{"@id":"https:\/\/starlediluminacion.com\/producto\/bombilla-led-filamento-8w-e27-a60-dimable-2\/#primaryimage"},"image":{"@id":"https:\/\/starlediluminacion.com\/producto\/bombilla-led-filamento-8w-e27-a60-dimable-2\/#primaryimage"},"thumbnailUrl":"https:\/\/starlediluminacion.com\/wp-content\/uploads\/2025\/10\/bombilla-led-filamento-8w-e27-a60-dimable.jpg","datePublished":"2025-10-17T14:42:30+00:00","dateModified":"2025-10-17T14:43:45+00:00","breadcrumb":{"@id":"https:\/\/starlediluminacion.com\/producto\/bombilla-led-filamento-8w-e27-a60-dimable-2\/#breadcrumb"},"inLanguage":"it-IT","potentialAction":[{"@type":"ReadAction","target":["https:\/\/starlediluminacion.com\/producto\/bombilla-led-filamento-8w-e27-a60-dimable-2\/"]}]},{"@type":"ImageObject","inLanguage":"it-IT","@id":"https:\/\/starlediluminacion.com\/producto\/bombilla-led-filamento-8w-e27-a60-dimable-2\/#primaryimage","url":"https:\/\/starlediluminacion.com\/wp-content\/uploads\/2025\/10\/bombilla-led-filamento-8w-e27-a60-dimable.jpg","contentUrl":"https:\/\/starlediluminacion.com\/wp-content\/uploads\/2025\/10\/bombilla-led-filamento-8w-e27-a60-dimable.jpg","width":744,"height":800},{"@type":"BreadcrumbList","@id":"https:\/\/starlediluminacion.com\/producto\/bombilla-led-filamento-8w-e27-a60-dimable-2\/#breadcrumb","itemListElement":[{"@type":"ListItem","position":1,"name":"Portada","item":"https:\/\/starlediluminacion.com\/"},{"@type":"ListItem","position":2,"name":"Shop","item":"https:\/\/starlediluminacion.com\/shop-2\/"},{"@type":"ListItem","position":3,"name":"Bombilla LED Filamento 8W E27 A60 &#8211; DIMABLE"}]},{"@type":"WebSite","@id":"https:\/\/starlediluminacion.com\/#website","url":"https:\/\/starlediluminacion.com\/","name":"STARLED Iluminacion","description":"","potentialAction":[{"@type":"SearchAction","target":{"@type":"EntryPoint","urlTemplate":"https:\/\/starlediluminacion.com\/?s={search_term_string}"},"query-input":{"@type":"PropertyValueSpecification","valueRequired":true,"valueName":"search_term_string"}}],"inLanguage":"it-IT"}]}},"_links":{"self":[{"href":"https:\/\/starlediluminacion.com\/it\/wp-json\/wp\/v3\/product\/43950","targetHints":{"allow":["GET"]}}],"collection":[{"href":"https:\/\/starlediluminacion.com\/it\/wp-json\/wp\/v3\/product"}],"about":[{"href":"https:\/\/starlediluminacion.com\/it\/wp-json\/wp\/v2\/types\/product"}],"wp:featuredmedia":[{"embeddable":true,"href":"https:\/\/starlediluminacion.com\/it\/wp-json\/wp\/v2\/media\/43951"}],"wp:attachment":[{"href":"https:\/\/starlediluminacion.com\/it\/wp-json\/wp\/v2\/media?parent=43950"}],"wp:term":[{"taxonomy":"product_cat","embeddable":true,"href":"https:\/\/starlediluminacion.com\/it\/wp-json\/wp\/v2\/product_cat?post=43950"},{"taxonomy":"product_tag","embeddable":true,"href":"https:\/\/starlediluminacion.com\/it\/wp-json\/wp\/v2\/product_tag?post=43950"}],"curies":[{"name":"wp","href":"https:\/\/api.w.org\/{rel}","templated":true}]}}