{"id":43872,"date":"2025-10-17T14:24:17","date_gmt":"2025-10-17T14:24:17","guid":{"rendered":"https:\/\/starlediluminacion.com\/?post_type=product&#038;p=43872"},"modified":"2025-10-17T14:25:38","modified_gmt":"2025-10-17T14:25:38","slug":"kit-pegamento-de-silicona-cable-conector-para-tiras-led-cob-smd-10mm-12mm-ip65","status":"publish","type":"product","link":"https:\/\/starlediluminacion.com\/it\/product\/kit-silicone-colla-silicone-cavo-connettore-kit-per-led-strips-cob-smd-10mm-12mm-ip65\/","title":{"rendered":"<p>KIT Colla in silicone + cavo connettore per strisce LED COB + SMD - 10 mm - 12 mm - IP65<\/p>"},"content":{"rendered":"<h1>KIT Colla in silicone + cavo connettore per strisce LED COB + SMD - 10 mm - 12 mm - IP65<p>Con il nostro kit sarete in grado di collegare tutti i tipi di&nbsp;<strong>Strisce LED da 10 e 12 mm con IP65<\/strong>&nbsp;e proteggerli in caso di utilizzo all'aperto.<\/p><p>Il kit completo per il collegamento di strisce LED da 10 mm - 12 mm \u00e8 una soluzione completa e affidabile per i progetti di illuminazione a LED. Questo kit \u00e8 stato meticolosamente progettato per garantire un'installazione facile, sicura e di alta qualit\u00e0 delle strisce LED in una variet\u00e0 di applicazioni.<\/p><p><strong>Il kit per strisce LED impermeabili \u00e8 composto da:<\/strong><\/p><ul>\n<li>Cavo con connettore da 20 cm con connessione a scatto.<\/li>\n<li>Tappo terminale.<\/li>\n<li>Vaso in silicone speciale per strisce LED.<\/li>\n<\/ul><p>&nbsp;<\/p><p>Il nostro adesivo e sigillante siliconico \u00e8 stato progettato appositamente per il fissaggio di apparecchiature elettroniche e strisce LED.<\/p><ul>\n<li>Il nostro silicone \u00e8 neutro, non contiene alcol nella sua composizione, \u00e8 resistente all'umidit\u00e0 e ha una consistenza semi-rigida.<\/li>\n<li>Resistente alle temperature da -55\u00baC a 160\u00baC.<\/li>\n<li>Resistenza all'invecchiamento e agli agenti atmosferici.<\/li>\n<li>Flessibile e stabile nel lungo periodo.<\/li>\n<li>Conforme ai requisiti ambientali RoHS.<\/li>\n<li>Pu\u00f2 essere utilizzato nei settori dei macchinari, dell'elettronica, dei prodotti chimici e dell'hardware.<\/li>\n<\/ul><p>&nbsp;<\/p><p>Questo kit \u00e8 particolarmente adatto alle strisce LED 220V IP65 in silicone o PVC, con una larghezza di 10 mm (PCB 8 mm) o 12 mm (PCB 10 mm).<br>\nIl nostro silicone non produce corrosione sulla plastica.<\/p><p><strong>Vantaggi del kit:<\/strong><\/p><ul>\n<li>L'installazione delle strisce LED \u00e8 semplice anche per chi non ha esperienza di illuminazione.<\/li>\n<li>Garantisce una connessione sicura e duratura, assicurando prestazioni ottimali nel tempo.<\/li>\n<li>Protegge le strisce LED dagli agenti atmosferici, prolungandone la durata e mantenendone la luminosit\u00e0 e la qualit\u00e0 di illuminazione.<\/li>\n<\/ul><h3 class=\"h6\">Scheda tecnica del prodotto<\/h3><dl class=\"data-sheet\">\n<dt class=\"name\"><img loading=\"lazy\" decoding=\"async\" src=\"https:\/\/www.factorled.com\/modules\/oa_features\/img\/2-default.jpg\" width=\"32\" height=\"32\">&nbsp;RIFERIMENTO<\/dt>\n<dd class=\"value\">92067-92069<\/dd>\n<dt class=\"name\"><img loading=\"lazy\" decoding=\"async\" src=\"https:\/\/www.factorled.com\/modules\/oa_features\/img\/25-default.jpg\" width=\"32\" height=\"32\">&nbsp;Materiale da costruzione<\/dt>\n<dd class=\"value\">Silicone<\/dd>\n<dt class=\"name\"><img loading=\"lazy\" decoding=\"async\" src=\"https:\/\/www.factorled.com\/modules\/oa_features\/img\/15-default.jpg\" width=\"32\" height=\"32\">&nbsp;Certificati<\/dt>\n<dd class=\"value\">CE - ROHS<\/dd>\n<dt class=\"name\"><img loading=\"lazy\" decoding=\"async\" src=\"https:\/\/www.factorled.com\/modules\/oa_features\/img\/16-default.jpg\" width=\"32\" height=\"32\">&nbsp;Grado di protezione IP<\/dt>\n<dd class=\"value\">IP65-Outdoor<\/dd>\n<dt class=\"name\"><img loading=\"lazy\" decoding=\"async\" src=\"https:\/\/www.factorled.com\/modules\/oa_features\/img\/75-default.jpg\" width=\"32\" height=\"32\">&nbsp;Anni di garanzia<\/dt>\n<dd class=\"value\">3<\/dd>\n<\/dl><\/h1>","protected":false},"excerpt":{"rendered":"<div class=\"product-reference\"><strong><label class=\"label\">Riferimento:<\/label> SLWIP65-92067<\/strong>\n<div><\/div>\n<div class=\"product-description-short\">\n<div id=\"product-description-short-3559\">\n<p>Kit completo per il collegamento di&nbsp;<strong>Strisce LED da 10 e 12 mm.<\/strong>&nbsp;<strong>Include un cavo di collegamento di 16 cm<\/strong>&nbsp;con attacco push-in per un'alimentazione facile e sicura. Inoltre,&nbsp;<strong>\u00e8 previsto uno speciale adesivo siliconico e una barra di tenuta.<\/strong>progettato specificamente per il fissaggio e la protezione delle strisce LED. Il kit&nbsp;<strong>comprende anche un tappo terminale<\/strong>&nbsp;per garantire un'installazione professionale e duratura.<\/p>\n<\/div>\n<\/div><\/div>","protected":false},"featured_media":43878,"template":"","meta":{"site-sidebar-layout":"default","site-content-layout":"default","ast-global-header-display":"","ast-main-header-display":"","ast-hfb-above-header-display":"","ast-hfb-below-header-display":"","ast-hfb-mobile-header-display":"","site-post-title":"","ast-breadcrumbs-content":"","ast-featured-img":"","footer-sml-layout":"","theme-transparent-header-meta":"default","adv-header-id-meta":"","stick-header-meta":"","header-above-stick-meta":"","header-main-stick-meta":"","header-below-stick-meta":""},"product_cat":[92,24,45],"product_tag":[],"class_list":["post-43872","product","type-product","status-publish","has-post-thumbnail","hentry","product_cat-accesorios-tiras-led","product_cat-novedades","product_cat-tiras-led-y-neon-flexible"],"_links":{"self":[{"href":"https:\/\/starlediluminacion.com\/it\/wp-json\/wp\/v3\/product\/43872","targetHints":{"allow":["GET"]}}],"collection":[{"href":"https:\/\/starlediluminacion.com\/it\/wp-json\/wp\/v3\/product"}],"about":[{"href":"https:\/\/starlediluminacion.com\/it\/wp-json\/wp\/v2\/types\/product"}],"wp:featuredmedia":[{"embeddable":true,"href":"https:\/\/starlediluminacion.com\/it\/wp-json\/wp\/v2\/media\/43878"}],"wp:attachment":[{"href":"https:\/\/starlediluminacion.com\/it\/wp-json\/wp\/v2\/media?parent=43872"}],"wp:term":[{"taxonomy":"product_cat","embeddable":true,"href":"https:\/\/starlediluminacion.com\/it\/wp-json\/wp\/v2\/product_cat?post=43872"},{"taxonomy":"product_tag","embeddable":true,"href":"https:\/\/starlediluminacion.com\/it\/wp-json\/wp\/v2\/product_tag?post=43872"}],"curies":[{"name":"wp","href":"https:\/\/api.w.org\/{rel}","templated":true}]}}