{"id":4352,"date":"2022-08-10T18:12:22","date_gmt":"2022-08-10T18:12:22","guid":{"rendered":"https:\/\/starlediluminacion.com\/?post_type=product&#038;p=4352"},"modified":"2022-08-19T20:36:43","modified_gmt":"2022-08-19T20:36:43","slug":"barra-lineal-led-integrado-superficie-texas-plata-24v-05m-1m-15m-2m","status":"publish","type":"product","link":"https:\/\/starlediluminacion.com\/it\/product\/led-linear-bar-integrated-surface-texas-silver-24v-05m-1m-15m-2m\/","title":{"rendered":"<p>Barra lineare LED integrata - Superficie - TEXAS SILVER -24V- 0,5m - 1m - 1,5m - 2m<\/p>"},"content":{"rendered":"<div class=\"product-info-line\">\n<p id=\"product_reference\"><label>RIFERIMENTO: SL<span style=\"font-size: 16px;\">05015-P<\/span><\/label><\/p>\n<p>Il nostro&nbsp;<strong>Apparecchio professionale<\/strong>&nbsp;lineare&nbsp;<strong>24V<\/strong>.<strong>&nbsp;<\/strong><strong>- TEXAS - ARGENTO ANODIZZATO -<\/strong>&nbsp;\u00e8 progettato per un uso intensivo di 24 ore ininterrotte. Il nostro&nbsp;<strong>barra di superficie<\/strong>&nbsp;\u00e8&nbsp;<strong>prodotto in Europa<\/strong>La sorgente luminosa \u00e8 personalizzata in base alle vostre esigenze. Alluminio estruso di purezza 98%, fonte di luce professionale&nbsp;<strong>SMD2010 12W\/M -<\/strong>&nbsp;consegna<strong>&nbsp;1188 lumen al metro<\/strong>&nbsp;-&nbsp;<strong>266 Led\/metro<\/strong>. L'apparecchio LED integrato comprende le clip di fissaggio, l'alimentatore non \u00e8 incluso. 2 metri di cavo.<strong>&nbsp;3 anni di garanzia.&nbsp;<\/strong><\/p>\n<p><strong>I tempi di produzione sono di 5-7 giorni lavorativi.<\/strong><strong>&nbsp;<\/strong>(dal luned\u00ec al venerd\u00ec).<\/p>\n<p>Il nostro diffusore \u00e8 di colore bianco opalino.<\/p>\n<h1>Barra lineare LED integrata 24V TEXAS Silver - Superficie<\/h1>\n<p>&nbsp;<\/p>\n<p>Il nostro&nbsp;<strong>barra LED integrata<\/strong>&nbsp;\u00e8 progettato per un uso professionale intensivo in cui \u00e8 richiesta un'elevata qualit\u00e0 della luce.&nbsp;<strong>- INDICE DI PRESTAZIONE CROMATICA +90<\/strong>-e allo stesso tempo una buona durata.<\/p>\n<p>La nostra gamma di LED lineari \u00e8 versatile e senza tempo, pu\u00f2 essere protagonista dell'interior design di uno spazio o adattarsi ad esso. Grazie alle varie dimensioni e ai colori disponibili, pu\u00f2 fornire un'ampia variet\u00e0 di sensazioni visive che definiranno lo spazio da una nuova prospettiva.<\/p>\n<p>Disponibili in varie lunghezze e nelle versioni sospese o a soffitto, per soddisfare le diverse esigenze e altezze di installazione. Gli apparecchi, lunghi fino a 2 metri, diventano splendide tracce di luce che modellano lo spazio.<\/p>\n<p>Il nostro&nbsp;<strong>profilo LED integrato<\/strong>&nbsp;disegna linee di luce omogenee che si adattano a un'ampia variet\u00e0 di spazi con un impatto visivo minimo, risolvendo sia le esigenze di illuminazione generale sia l'illuminazione di piani verticali e orizzontali.<\/p>\n<p>Il suo design combina diffusori ad alta trasmittanza che garantiscono un elevato comfort visivo e un'elevata efficienza energetica.<\/p>\n<p>Il nostro<strong>&nbsp;apparecchio lineare professionale a LED<\/strong>&nbsp;ha una potenza di&nbsp;<strong>12W\/metro.<\/strong><\/p>\n<p>La sorgente luminosa del nostro apparecchio lineare a LED incorpora 266 LED\/metro di&nbsp;<strong>alta luminosit\u00e0<\/strong>&nbsp;SMD2010 che fornisce1188Lm\/metro; i LED sono dotati di saldature a filo d'oro per una maggiore durata.<strong><br>\n<\/strong><\/p>\n<p>L'apparecchio LED integrato comprende 2 metri di cavo per un facile collegamento. Il consumo dell'apparecchio \u00e8 di 6W per 50 cm; 12W per 100 cm; 18W per 150 cm e 24W per 200 cm. L'apparecchio LED \u00e8 realizzato in alluminio 6063\/6060 di elevata purezza (98%), con trattamento termico UNE EN 755 e UNE EN 12020-1.<\/p>\n<p>Il rivestimento dell'apparecchio \u00e8 di&nbsp;<strong>alta resistenza e qualit\u00e0<\/strong>Il rivestimento in argento \u00e8 -Qualanod- con uno spessore di 15 micron per una lunga durata. Diffusore ad alta trasmittanza per ridurre al minimo la perdita di lumen.<\/p>\n<p>Il nostro&nbsp;<strong>barra lineare LED integrata<\/strong>&nbsp; essendo realizzato su misura, offre diverse possibilit\u00e0 di scegliere tra un'illuminazione pi\u00f9 calda, neutra o fredda, e diversi colori tra cui scegliere.<\/p>\n<p>L'apparecchio viene prodotto in Europa secondo le dimensioni desiderate dal cliente, pertanto questo prodotto non ammette resi, essendo un prodotto su misura.<\/p>\n<p><strong>I tempi di produzione sono di 5-7 giorni lavorativi.<\/strong><\/p>\n<p>&nbsp;<\/p>\n<h2>Usi della barra lineare LED integrata - Superficie - TEXAS SILVER<\/h2>\n<ul>\n<li>Negozi<\/li>\n<li>Mostre<\/li>\n<li>Industrie<\/li>\n<li>Uffici<\/li>\n<li>Famiglie<\/li>\n<\/ul>\n<h3 class=\"page-product-heading\">DATI TECNICI<\/h3>\n<div class=\"col-xs-12 col-md-6\">\n<table class=\"table table-data-sheet 1\">\n<tbody>\n<tr class=\"odd\">\n<td valign=\"middle\" width=\"32\"><\/td>\n<td valign=\"middle\">RIFERIMENTO :<\/td>\n<td valign=\"middle\">SL05015-P<\/td>\n<\/tr>\n<tr class=\"even\">\n<td valign=\"middle\" width=\"32\"><\/td>\n<td valign=\"middle\">Potenza nominale :<\/td>\n<td valign=\"middle\">6W 0,5m -12W 1m -18W 1,5m-24W 2m<\/td>\n<\/tr>\n<tr class=\"odd\">\n<td valign=\"middle\" width=\"32\"><\/td>\n<td valign=\"middle\">Tensione nominale:<\/td>\n<td valign=\"middle\">24 V CC<\/td>\n<\/tr>\n<tr class=\"even\">\n<td valign=\"middle\" width=\"32\"><\/td>\n<td valign=\"middle\">Temperatura della luce:<\/td>\n<td valign=\"middle\">3000K-4000K-6000K -RED-GREEN-BLUE<\/td>\n<\/tr>\n<tr class=\"odd\">\n<td valign=\"middle\" width=\"32\"><\/td>\n<td valign=\"middle\">CRI - Indice di resa cromatica:<\/td>\n<td valign=\"middle\">90<\/td>\n<\/tr>\n<tr class=\"even\">\n<td valign=\"middle\" width=\"32\"><\/td>\n<td valign=\"middle\">Materiale da costruzione:<\/td>\n<td valign=\"middle\">Alluminio +PC<\/td>\n<\/tr>\n<tr class=\"odd\">\n<td valign=\"middle\" width=\"32\"><\/td>\n<td valign=\"middle\">Luminosit\u00e0-Lm:<\/td>\n<td valign=\"middle\">1M: 1188Lm\/2M: 2376Lm<\/td>\n<\/tr>\n<tr class=\"even\">\n<td valign=\"middle\" width=\"32\"><\/td>\n<td valign=\"middle\">Tipo di LED:<\/td>\n<td valign=\"middle\">SMD2010 - 266 chip\/M<\/td>\n<\/tr>\n<tr class=\"odd\">\n<td valign=\"middle\" width=\"32\"><\/td>\n<td valign=\"middle\">Angolo di apertura (\u00ba):<\/td>\n<td valign=\"middle\">120\u00ba<\/td>\n<\/tr>\n<tr class=\"even\">\n<td valign=\"middle\" width=\"32\"><\/td>\n<td valign=\"middle\">Efficienza del diodo LED (Lm\/W):<\/td>\n<td valign=\"middle\">150Lm\/W<\/td>\n<\/tr>\n<tr class=\"odd\">\n<td valign=\"middle\" width=\"32\"><\/td>\n<td valign=\"middle\">Efficienza luminosa (Lm\/W):<\/td>\n<td valign=\"middle\">100 Lm\/W<\/td>\n<\/tr>\n<tr class=\"even\">\n<td valign=\"middle\" width=\"32\"><\/td>\n<td valign=\"middle\">Certificati:<\/td>\n<td valign=\"middle\">CE - ROHS<\/td>\n<\/tr>\n<\/tbody>\n<\/table>\n<\/div>\n<div class=\"col-xs-12 col-md-6 2\">\n<table class=\"table table-data-sheet 2\">\n<tbody>\n<tr class=\"odd\">\n<td valign=\"middle\" width=\"32\"><\/td>\n<td valign=\"middle\">Grado di protezione IP:<\/td>\n<td valign=\"middle\">IP54<\/td>\n<\/tr>\n<tr class=\"even\">\n<td valign=\"middle\" width=\"32\"><\/td>\n<td valign=\"middle\">Durata stimata del diodo LED (H):<\/td>\n<td valign=\"middle\">50.000<\/td>\n<\/tr>\n<tr class=\"odd\">\n<td valign=\"middle\" width=\"32\"><\/td>\n<td valign=\"middle\">Dimensioni (mm):<\/td>\n<td valign=\"middle\">L: 0,50 m - 1 m - 1,5 m - 2 m<\/td>\n<\/tr>\n<tr class=\"even\">\n<td valign=\"middle\" width=\"32\"><\/td>\n<td valign=\"middle\">Fattore di potenza (PF):<\/td>\n<td valign=\"middle\">0.97<\/td>\n<\/tr>\n<tr class=\"odd\">\n<td valign=\"middle\" width=\"32\"><\/td>\n<td valign=\"middle\">Frequenza di lavoro (Hz):<\/td>\n<td valign=\"middle\">50\/60Hz<\/td>\n<\/tr>\n<tr class=\"even\">\n<td valign=\"middle\" width=\"32\"><\/td>\n<td valign=\"middle\">Intervallo di temperatura (\u00baC):<\/td>\n<td valign=\"middle\">-20\u00b0C ~ +55\u00b0C<\/td>\n<\/tr>\n<tr class=\"odd\">\n<td valign=\"middle\" width=\"32\"><\/td>\n<td valign=\"middle\">Cicli di accensione:<\/td>\n<td valign=\"middle\">100.000<\/td>\n<\/tr>\n<tr class=\"even\">\n<td valign=\"middle\" width=\"32\"><\/td>\n<td valign=\"middle\">Tempo di avvio (s):<\/td>\n<td valign=\"middle\">0,2s<\/td>\n<\/tr>\n<tr class=\"even\">\n<td valign=\"middle\" width=\"32\"><\/td>\n<td valign=\"middle\">Classe energetica (2021-EU-2019\/2015):<\/td>\n<td valign=\"middle\">A+<\/td>\n<\/tr>\n<tr class=\"odd\">\n<td valign=\"middle\" width=\"32\"><\/td>\n<td valign=\"middle\">Anni di garanzia:<\/td>\n<td valign=\"middle\">3<\/td>\n<\/tr>\n<\/tbody>\n<\/table>\n<p>&nbsp;<\/p>\n<\/div>\n<\/div>","protected":false},"excerpt":{"rendered":"<div class=\"col-md-12\"><i class=\"fa fa-truck\"><\/i>&nbsp;<span class=\"text-muted textprop\">Consegna in 24\/48 ore<\/span><div class=\"col-md-12\"><i class=\"fa fa-exchange\"><\/i>&nbsp;<span class=\"text-muted textprop\">Garanzia assicurata<\/span><\/div><div class=\"col-md-12\"><i class=\"fa fa-box\"><\/i>&nbsp;<span class=\"text-muted textprop\">50 unit\u00e0 per Masterbox<\/span><\/div><div><strong>TEMPERATURA DI COLORE: 3000K\/4000K\/6000K (BLU\/ROSSO\/VERDE)<\/strong><\/div><div><strong>LUNGHEZZA: 0,5M\/1M\/1,5\/2M<\/strong><\/div><\/div>","protected":false},"featured_media":4353,"template":"","meta":{"site-sidebar-layout":"default","site-content-layout":"default","ast-global-header-display":"","ast-main-header-display":"","ast-hfb-above-header-display":"","ast-hfb-below-header-display":"","ast-hfb-mobile-header-display":"","site-post-title":"","ast-breadcrumbs-content":"","ast-featured-img":"","footer-sml-layout":"","theme-transparent-header-meta":"default","adv-header-id-meta":"","stick-header-meta":"","header-above-stick-meta":"","header-main-stick-meta":"","header-below-stick-meta":""},"product_cat":[33,94,45],"product_tag":[],"class_list":["post-4352","product","type-product","status-publish","has-post-thumbnail","hentry","product_cat-barras-lineales-led","product_cat-perfiles-de-aluminio-led","product_cat-tiras-led-y-neon-flexible"],"yoast_head":"<!-- This site is optimized with the Yoast SEO plugin v27.4 - https:\/\/yoast.com\/product\/yoast-seo-wordpress\/ -->\n<title>Barra Lineal LED Integrado - Superficie - TEXAS PLATA -24V- 0,5m - 1m - 1,5m - 2m - STARLED Iluminacion<\/title>\n<meta name=\"robots\" content=\"index, follow, max-snippet:-1, max-image-preview:large, max-video-preview:-1\" \/>\n<link rel=\"canonical\" href=\"https:\/\/starlediluminacion.com\/it\/product\/led-linear-bar-integrated-surface-texas-silver-24v-05m-1m-15m-2m\/\" \/>\n<meta property=\"og:locale\" content=\"it_IT\" \/>\n<meta property=\"og:type\" content=\"article\" \/>\n<meta property=\"og:title\" content=\"Barra Lineal LED Integrado - Superficie - TEXAS PLATA -24V- 0,5m - 1m - 1,5m - 2m - STARLED Iluminacion\" \/>\n<meta property=\"og:description\" content=\"\u00a0Entrega en 24\/48 horas \u00a0Garant\u00eda asegurada \u00a050 unidad(es) por Masterbox TEMPERATURA DE COLOR: 3000K\/4000K\/6000K ( AZUL\/ROJO\/VERDE ) LARGO : 0.5M\/1M\/1.5\/2M\" \/>\n<meta property=\"og:url\" content=\"https:\/\/starlediluminacion.com\/it\/product\/led-linear-bar-integrated-surface-texas-silver-24v-05m-1m-15m-2m\/\" \/>\n<meta property=\"og:site_name\" content=\"STARLED Iluminacion\" \/>\n<meta property=\"article:modified_time\" content=\"2022-08-19T20:36:43+00:00\" \/>\n<meta property=\"og:image\" content=\"https:\/\/starlediluminacion.com\/wp-content\/uploads\/2022\/08\/barra-lineal-led-integrado-superficie-texas-plata-24v-factorled-1.jpg\" \/>\n\t<meta property=\"og:image:width\" content=\"1000\" \/>\n\t<meta property=\"og:image:height\" content=\"1000\" \/>\n\t<meta property=\"og:image:type\" content=\"image\/jpeg\" \/>\n<meta name=\"twitter:card\" content=\"summary_large_image\" \/>\n<meta name=\"twitter:label1\" content=\"Tempo di lettura stimato\" \/>\n\t<meta name=\"twitter:data1\" content=\"3 minuti\" \/>\n<script type=\"application\/ld+json\" class=\"yoast-schema-graph\">{\"@context\":\"https:\\\/\\\/schema.org\",\"@graph\":[{\"@type\":\"WebPage\",\"@id\":\"https:\\\/\\\/starlediluminacion.com\\\/producto\\\/barra-lineal-led-integrado-superficie-texas-plata-24v-05m-1m-15m-2m\\\/\",\"url\":\"https:\\\/\\\/starlediluminacion.com\\\/producto\\\/barra-lineal-led-integrado-superficie-texas-plata-24v-05m-1m-15m-2m\\\/\",\"name\":\"Barra Lineal LED Integrado - Superficie - TEXAS PLATA -24V- 0,5m - 1m - 1,5m - 2m - STARLED Iluminacion\",\"isPartOf\":{\"@id\":\"https:\\\/\\\/starlediluminacion.com\\\/#website\"},\"primaryImageOfPage\":{\"@id\":\"https:\\\/\\\/starlediluminacion.com\\\/producto\\\/barra-lineal-led-integrado-superficie-texas-plata-24v-05m-1m-15m-2m\\\/#primaryimage\"},\"image\":{\"@id\":\"https:\\\/\\\/starlediluminacion.com\\\/producto\\\/barra-lineal-led-integrado-superficie-texas-plata-24v-05m-1m-15m-2m\\\/#primaryimage\"},\"thumbnailUrl\":\"https:\\\/\\\/starlediluminacion.com\\\/wp-content\\\/uploads\\\/2022\\\/08\\\/barra-lineal-led-integrado-superficie-texas-plata-24v-factorled-1.jpg\",\"datePublished\":\"2022-08-10T18:12:22+00:00\",\"dateModified\":\"2022-08-19T20:36:43+00:00\",\"breadcrumb\":{\"@id\":\"https:\\\/\\\/starlediluminacion.com\\\/producto\\\/barra-lineal-led-integrado-superficie-texas-plata-24v-05m-1m-15m-2m\\\/#breadcrumb\"},\"inLanguage\":\"it-IT\",\"potentialAction\":[{\"@type\":\"ReadAction\",\"target\":[\"https:\\\/\\\/starlediluminacion.com\\\/producto\\\/barra-lineal-led-integrado-superficie-texas-plata-24v-05m-1m-15m-2m\\\/\"]}]},{\"@type\":\"ImageObject\",\"inLanguage\":\"it-IT\",\"@id\":\"https:\\\/\\\/starlediluminacion.com\\\/producto\\\/barra-lineal-led-integrado-superficie-texas-plata-24v-05m-1m-15m-2m\\\/#primaryimage\",\"url\":\"https:\\\/\\\/starlediluminacion.com\\\/wp-content\\\/uploads\\\/2022\\\/08\\\/barra-lineal-led-integrado-superficie-texas-plata-24v-factorled-1.jpg\",\"contentUrl\":\"https:\\\/\\\/starlediluminacion.com\\\/wp-content\\\/uploads\\\/2022\\\/08\\\/barra-lineal-led-integrado-superficie-texas-plata-24v-factorled-1.jpg\",\"width\":1000,\"height\":1000},{\"@type\":\"BreadcrumbList\",\"@id\":\"https:\\\/\\\/starlediluminacion.com\\\/producto\\\/barra-lineal-led-integrado-superficie-texas-plata-24v-05m-1m-15m-2m\\\/#breadcrumb\",\"itemListElement\":[{\"@type\":\"ListItem\",\"position\":1,\"name\":\"Portada\",\"item\":\"https:\\\/\\\/starlediluminacion.com\\\/\"},{\"@type\":\"ListItem\",\"position\":2,\"name\":\"Shop\",\"item\":\"https:\\\/\\\/starlediluminacion.com\\\/shop-2\\\/\"},{\"@type\":\"ListItem\",\"position\":3,\"name\":\"Barra Lineal LED Integrado &#8211; Superficie &#8211; TEXAS PLATA -24V- 0,5m &#8211; 1m &#8211; 1,5m &#8211; 2m\"}]},{\"@type\":\"WebSite\",\"@id\":\"https:\\\/\\\/starlediluminacion.com\\\/#website\",\"url\":\"https:\\\/\\\/starlediluminacion.com\\\/\",\"name\":\"STARLED Iluminacion\",\"description\":\"\",\"potentialAction\":[{\"@type\":\"SearchAction\",\"target\":{\"@type\":\"EntryPoint\",\"urlTemplate\":\"https:\\\/\\\/starlediluminacion.com\\\/?s={search_term_string}\"},\"query-input\":{\"@type\":\"PropertyValueSpecification\",\"valueRequired\":true,\"valueName\":\"search_term_string\"}}],\"inLanguage\":\"it-IT\"}]}<\/script>\n<!-- \/ Yoast SEO plugin. -->","yoast_head_json":{"title":"Barra Lineal LED Integrado - Superficie - TEXAS PLATA -24V- 0,5m - 1m - 1,5m - 2m - STARLED Iluminacion","robots":{"index":"index","follow":"follow","max-snippet":"max-snippet:-1","max-image-preview":"max-image-preview:large","max-video-preview":"max-video-preview:-1"},"canonical":"https:\/\/starlediluminacion.com\/it\/product\/led-linear-bar-integrated-surface-texas-silver-24v-05m-1m-15m-2m\/","og_locale":"it_IT","og_type":"article","og_title":"Barra Lineal LED Integrado - Superficie - TEXAS PLATA -24V- 0,5m - 1m - 1,5m - 2m - STARLED Iluminacion","og_description":"\u00a0Entrega en 24\/48 horas \u00a0Garant\u00eda asegurada \u00a050 unidad(es) por Masterbox TEMPERATURA DE COLOR: 3000K\/4000K\/6000K ( AZUL\/ROJO\/VERDE ) LARGO : 0.5M\/1M\/1.5\/2M","og_url":"https:\/\/starlediluminacion.com\/it\/product\/led-linear-bar-integrated-surface-texas-silver-24v-05m-1m-15m-2m\/","og_site_name":"STARLED Iluminacion","article_modified_time":"2022-08-19T20:36:43+00:00","og_image":[{"width":1000,"height":1000,"url":"https:\/\/starlediluminacion.com\/wp-content\/uploads\/2022\/08\/barra-lineal-led-integrado-superficie-texas-plata-24v-factorled-1.jpg","type":"image\/jpeg"}],"twitter_card":"summary_large_image","twitter_misc":{"Tempo di lettura stimato":"3 minuti"},"schema":{"@context":"https:\/\/schema.org","@graph":[{"@type":"WebPage","@id":"https:\/\/starlediluminacion.com\/producto\/barra-lineal-led-integrado-superficie-texas-plata-24v-05m-1m-15m-2m\/","url":"https:\/\/starlediluminacion.com\/producto\/barra-lineal-led-integrado-superficie-texas-plata-24v-05m-1m-15m-2m\/","name":"Barra Lineal LED Integrado - Superficie - TEXAS PLATA -24V- 0,5m - 1m - 1,5m - 2m - STARLED Iluminacion","isPartOf":{"@id":"https:\/\/starlediluminacion.com\/#website"},"primaryImageOfPage":{"@id":"https:\/\/starlediluminacion.com\/producto\/barra-lineal-led-integrado-superficie-texas-plata-24v-05m-1m-15m-2m\/#primaryimage"},"image":{"@id":"https:\/\/starlediluminacion.com\/producto\/barra-lineal-led-integrado-superficie-texas-plata-24v-05m-1m-15m-2m\/#primaryimage"},"thumbnailUrl":"https:\/\/starlediluminacion.com\/wp-content\/uploads\/2022\/08\/barra-lineal-led-integrado-superficie-texas-plata-24v-factorled-1.jpg","datePublished":"2022-08-10T18:12:22+00:00","dateModified":"2022-08-19T20:36:43+00:00","breadcrumb":{"@id":"https:\/\/starlediluminacion.com\/producto\/barra-lineal-led-integrado-superficie-texas-plata-24v-05m-1m-15m-2m\/#breadcrumb"},"inLanguage":"it-IT","potentialAction":[{"@type":"ReadAction","target":["https:\/\/starlediluminacion.com\/producto\/barra-lineal-led-integrado-superficie-texas-plata-24v-05m-1m-15m-2m\/"]}]},{"@type":"ImageObject","inLanguage":"it-IT","@id":"https:\/\/starlediluminacion.com\/producto\/barra-lineal-led-integrado-superficie-texas-plata-24v-05m-1m-15m-2m\/#primaryimage","url":"https:\/\/starlediluminacion.com\/wp-content\/uploads\/2022\/08\/barra-lineal-led-integrado-superficie-texas-plata-24v-factorled-1.jpg","contentUrl":"https:\/\/starlediluminacion.com\/wp-content\/uploads\/2022\/08\/barra-lineal-led-integrado-superficie-texas-plata-24v-factorled-1.jpg","width":1000,"height":1000},{"@type":"BreadcrumbList","@id":"https:\/\/starlediluminacion.com\/producto\/barra-lineal-led-integrado-superficie-texas-plata-24v-05m-1m-15m-2m\/#breadcrumb","itemListElement":[{"@type":"ListItem","position":1,"name":"Portada","item":"https:\/\/starlediluminacion.com\/"},{"@type":"ListItem","position":2,"name":"Shop","item":"https:\/\/starlediluminacion.com\/shop-2\/"},{"@type":"ListItem","position":3,"name":"Barra Lineal LED Integrado &#8211; Superficie &#8211; TEXAS PLATA -24V- 0,5m &#8211; 1m &#8211; 1,5m &#8211; 2m"}]},{"@type":"WebSite","@id":"https:\/\/starlediluminacion.com\/#website","url":"https:\/\/starlediluminacion.com\/","name":"STARLED Iluminacion","description":"","potentialAction":[{"@type":"SearchAction","target":{"@type":"EntryPoint","urlTemplate":"https:\/\/starlediluminacion.com\/?s={search_term_string}"},"query-input":{"@type":"PropertyValueSpecification","valueRequired":true,"valueName":"search_term_string"}}],"inLanguage":"it-IT"}]}},"_links":{"self":[{"href":"https:\/\/starlediluminacion.com\/it\/wp-json\/wp\/v3\/product\/4352","targetHints":{"allow":["GET"]}}],"collection":[{"href":"https:\/\/starlediluminacion.com\/it\/wp-json\/wp\/v3\/product"}],"about":[{"href":"https:\/\/starlediluminacion.com\/it\/wp-json\/wp\/v2\/types\/product"}],"wp:featuredmedia":[{"embeddable":true,"href":"https:\/\/starlediluminacion.com\/it\/wp-json\/wp\/v2\/media\/4353"}],"wp:attachment":[{"href":"https:\/\/starlediluminacion.com\/it\/wp-json\/wp\/v2\/media?parent=4352"}],"wp:term":[{"taxonomy":"product_cat","embeddable":true,"href":"https:\/\/starlediluminacion.com\/it\/wp-json\/wp\/v2\/product_cat?post=4352"},{"taxonomy":"product_tag","embeddable":true,"href":"https:\/\/starlediluminacion.com\/it\/wp-json\/wp\/v2\/product_tag?post=4352"}],"curies":[{"name":"wp","href":"https:\/\/api.w.org\/{rel}","templated":true}]}}