{"id":4018,"date":"2022-08-09T13:08:35","date_gmt":"2022-08-09T13:08:35","guid":{"rendered":"https:\/\/starlediluminacion.com\/?post_type=product&#038;p=4018"},"modified":"2022-08-15T11:19:15","modified_gmt":"2022-08-15T11:19:15","slug":"farola-solar-led-100w-sunway-aluminio","status":"publish","type":"product","link":"https:\/\/starlediluminacion.com\/it\/product\/lampione-solar-led-100w-sunway-alluminio\/","title":{"rendered":"<p>SUNWAY Lampione solare a LED 100W SUNWAY Alluminio<\/p>"},"content":{"rendered":"<div class=\"product-info-line\">\n<p id=\"product_reference\"><label>RIFERIMENTO:<span style=\"font-size: 16px;\"> SL<\/span><span class=\"editable\" style=\"font-size: 16px;\">FA-ILU10<\/span><\/label><\/p>\n<p>Il&nbsp;<strong>Lampione solare -SUNWAY- LED<\/strong>&nbsp;ad alta potenza&nbsp;<strong>Chip da 100W<\/strong>La lampada \u00e8 perfetta quando si vuole risparmiare e allo stesso tempo non si vuole installare l'elettricit\u00e0, il che la rende perfetta per l'illuminazione pubblica in tutti i tipi di aree. Il lampione viene fornito pre-programmato per massimizzare l'uso della luce.<strong>&nbsp;Batteria al litio BYD<\/strong>&nbsp;con&nbsp;<strong>Tecnologia MPPT<\/strong>&nbsp;che si ricarica anche nelle giornate nuvolose. Pannello solare&nbsp;<strong>Monocristallino. PROGRAMMAZIONE AUTOMATICA.<\/strong><\/p>\n<h1>SUNWAY 100W Lampione solare a LED - Tecnologia MPPT - Pannello monocristallino<\/h1>\n<p>&nbsp;<\/p>\n<p>Il nostro lampione solare SUNWAY -SUNWAY- \u00e8 dotato di un sistema di regolazione di gestione MPPT (Maximum Power Point Tracker), che \u00e8 il sistema di controllo della batteria pi\u00f9 efficiente, sia per la protezione della batteria, prolungandone la vita utile, sia per il sistema di rendimento pi\u00f9 efficiente per ottenere pi\u00f9 lumen dall'apparecchio, che raggiunge la massima vita utile e massimizza il rendimento della batteria.<\/p>\n<p>Il pannello solare del lampione \u00e8 monocristallino, che \u00e8 il pi\u00f9 efficiente sul mercato, raggiungendo 20% di raccolta, rispetto ai 15% dei pannelli policristallini. Il regolatore MPPT \u00e8 in grado di separare la tensione di funzionamento del pannello solare dalla tensione della batteria. Questo gli permette di impostare la tensione dei pannelli solari al punto ottimale per ottenere la massima potenza in ogni momento di utilizzo dell'apparecchio solare, caricando anche nelle giornate nuvolose.<\/p>\n<p>&nbsp;<\/p>\n<p>Il lampione solare professionale \u00e8 dotato di una batteria ad alta capacit\u00e0 di BYD.<\/p>\n<p>&nbsp;<\/p>\n<p>Approfittate anche dei vantaggi di questo lampione Professional S. Grazie all'avanzata tecnologia LED, infatti, otterrete un'ottima resa luminosa.<\/p>\n<ul>\n<li>Risparmio sui costi di manutenzione.<\/li>\n<li>Ideale per sostituire i vecchi lampioni.<\/li>\n<li>\u00c8 protetto per l'uso esterno&nbsp;<strong>IP65.<\/strong><\/li>\n<li>Non \u00e8 necessaria un'alimentazione esterna.<\/li>\n<li>Non \u00e8 necessaria l'installazione del cablaggio.<\/li>\n<li>Si accende automaticamente al calar del sole.<\/li>\n<li>Sfrutta l'energia pulita e rinnovabile perch\u00e9 questo pannello cattura il calore prodotto dal sole durante il giorno e lo converte in energia, caricando cos\u00ec la batteria, mentre di notte il modulo LED si illumina utilizzando l'energia immagazzinata.<\/li>\n<li>L'installazione \u00e8 molto semplice.<\/li>\n<\/ul>\n<p>Una volta installato, basta aspettare che il sole carichi le sue batterie e di notte si accender\u00e0 automaticamente per fornire la luce necessaria nel luogo in cui \u00e8 stato installato.<\/p>\n<p><strong>Operazione:<\/strong><\/p>\n<p>La lanterna \u00e8 programmata per funzionare in modo ottimale per 7 ore. Ha 4 fasi di funzionamento automatico, che si attivano al calar della notte:<\/p>\n<p>1) Prima fase: per 1,5 ore: la luce viene accesa dolcemente fino a 100%.<\/p>\n<p>2) Seconda fase: per 1,5 ore, la luce si accende dolcemente fino a 70%.<\/p>\n<p>3) Terza fase: per 1,5 ore, la luce si accende dolcemente fino a un 50%.<\/p>\n<p>4) Quarta fase: per il resto del tempo si avvia in modo soft fino a un 30% per prolungare la durata della batteria al litio.<\/p>\n<p>&nbsp;<\/p>\n<h2>Applicazioni del lampione LED solare SUNWAY 100W:<\/h2>\n<ul>\n<li>Giardini<\/li>\n<li>Parchi pubblici<\/li>\n<li>Strade<\/li>\n<li>Strade<\/li>\n<li>Luoghi?<\/li>\n<\/ul>\n<h3 class=\"page-product-heading\">DATI TECNICI<\/h3>\n<div class=\"col-xs-12 col-md-6\">\n<table class=\"table table-data-sheet 1\">\n<tbody>\n<tr class=\"odd\">\n<td valign=\"middle\" width=\"32\"><\/td>\n<td valign=\"middle\">RIFERIMENTO :<\/td>\n<td valign=\"middle\">SLFA-ILU10<\/td>\n<\/tr>\n<tr class=\"even\">\n<td valign=\"middle\" width=\"32\"><\/td>\n<td valign=\"middle\">Potenza nominale :<\/td>\n<td valign=\"middle\">Chip da 100W<\/td>\n<\/tr>\n<tr class=\"odd\">\n<td valign=\"middle\" width=\"32\"><\/td>\n<td valign=\"middle\">Temperatura della luce:<\/td>\n<td valign=\"middle\">4000K<\/td>\n<\/tr>\n<tr class=\"even\">\n<td valign=\"middle\" width=\"32\"><\/td>\n<td valign=\"middle\">CRI - Indice di resa cromatica:<\/td>\n<td valign=\"middle\">80<\/td>\n<\/tr>\n<tr class=\"odd\">\n<td valign=\"middle\" width=\"32\"><\/td>\n<td valign=\"middle\">Materiale da costruzione:<\/td>\n<td valign=\"middle\">Alluminio +PC<\/td>\n<\/tr>\n<tr class=\"even\">\n<td valign=\"middle\" width=\"32\"><\/td>\n<td valign=\"middle\">Luminosit\u00e0-Lm:<\/td>\n<td valign=\"middle\">2700 Lm<\/td>\n<\/tr>\n<tr class=\"odd\">\n<td valign=\"middle\" width=\"32\"><\/td>\n<td valign=\"middle\">Tipo di LED:<\/td>\n<td valign=\"middle\">SMD 3030<\/td>\n<\/tr>\n<tr class=\"even\">\n<td valign=\"middle\" width=\"32\"><\/td>\n<td valign=\"middle\">Angolo di apertura (\u00ba):<\/td>\n<td valign=\"middle\">360\u00ba<\/td>\n<\/tr>\n<tr class=\"odd\">\n<td valign=\"middle\" width=\"32\"><\/td>\n<td valign=\"middle\">Efficienza del diodo LED (Lm\/W):<\/td>\n<td valign=\"middle\">190Lm\/W<\/td>\n<\/tr>\n<tr class=\"even\">\n<td valign=\"middle\" width=\"32\"><\/td>\n<td valign=\"middle\">Dimmerabile:<\/td>\n<td valign=\"middle\">S\u00cc<\/td>\n<\/tr>\n<tr class=\"odd\">\n<td valign=\"middle\" width=\"32\"><\/td>\n<td valign=\"middle\">Certificati:<\/td>\n<td valign=\"middle\">CE - ROHS<\/td>\n<\/tr>\n<\/tbody>\n<\/table>\n<\/div>\n<div class=\"col-xs-12 col-md-6 2\">\n<table class=\"table table-data-sheet 2\">\n<tbody>\n<tr class=\"odd\">\n<td valign=\"middle\" width=\"32\"><\/td>\n<td valign=\"middle\">Grado di protezione IP:<\/td>\n<td valign=\"middle\">IP65-Outdoor<\/td>\n<\/tr>\n<tr class=\"even\">\n<td valign=\"middle\" width=\"32\"><\/td>\n<td valign=\"middle\">Durata stimata del diodo LED (H):<\/td>\n<td valign=\"middle\">50.000<\/td>\n<\/tr>\n<tr class=\"odd\">\n<td valign=\"middle\" width=\"32\"><\/td>\n<td valign=\"middle\">Dimensioni (mm):<\/td>\n<td valign=\"middle\">433xH156<\/td>\n<\/tr>\n<tr class=\"even\">\n<td valign=\"middle\" width=\"32\"><\/td>\n<td valign=\"middle\">Intervallo di temperatura (\u00baC):<\/td>\n<td valign=\"middle\">-10\u00ba +60\u00ba -10\u00ba +60\u00ba -10\u00ba +60\u00ba -10\u00ba +60\u00ba -10\u00ba +60\u00ba -10\u00ba +60\u00ba<\/td>\n<\/tr>\n<tr class=\"odd\">\n<td valign=\"middle\" width=\"32\"><\/td>\n<td valign=\"middle\">Informazioni aggiuntive:<\/td>\n<td valign=\"middle\">Pannello solare: Monocristallino Classe: A 16,2V<\/td>\n<\/tr>\n<tr class=\"even\">\n<td valign=\"middle\" width=\"32\"><\/td>\n<td valign=\"middle\">Materiale della batteria :<\/td>\n<td valign=\"middle\">LiFePO4 - Fosfato di litio -LPF 3,2V 38AH<\/td>\n<\/tr>\n<tr class=\"odd\">\n<td valign=\"middle\" width=\"32\"><\/td>\n<td valign=\"middle\">Tempo di scarico (h):<\/td>\n<td valign=\"middle\">Tempo di ricarica: 9 ore - Tempo di download: 7 ore<\/td>\n<\/tr>\n<tr class=\"even\">\n<td valign=\"middle\" width=\"32\"><\/td>\n<td valign=\"middle\">Classe energetica (2021-EU-2019\/2015):<\/td>\n<td valign=\"middle\">A++<\/td>\n<\/tr>\n<tr class=\"odd\">\n<td valign=\"middle\" width=\"32\"><\/td>\n<td valign=\"middle\">Anni di garanzia:<\/td>\n<td valign=\"middle\">Batteria BYD 3 anni - LED 5 anni<\/td>\n<\/tr>\n<tr class=\"even\">\n<td valign=\"middle\" width=\"32\"><\/td>\n<td valign=\"middle\">Tempo di accensione :<\/td>\n<td valign=\"middle\">48h<\/td>\n<\/tr>\n<\/tbody>\n<\/table>\n<p>&nbsp;<\/p>\n<\/div>\n<\/div>","protected":false},"excerpt":{"rendered":"<div class=\"col-md-12\"><i class=\"fa fa-truck\"><\/i>&nbsp;<span class=\"text-muted textprop\">Consegna in 24\/48 ore<\/span><div class=\"col-md-12\"><i class=\"fa fa-exchange\"><\/i>&nbsp;<span class=\"text-muted textprop\">Garanzia assicurata<\/span><\/div><div class=\"col-md-12\"><i class=\"fa fa-box\"><\/i>&nbsp;<span class=\"text-muted textprop\">1 unit\u00e0 per Masterbox<\/span><\/div><div class=\"col-md-12 certificados\"><\/div><\/div>","protected":false},"featured_media":4031,"template":"","meta":{"site-sidebar-layout":"default","site-content-layout":"default","ast-global-header-display":"","ast-main-header-display":"","ast-hfb-above-header-display":"","ast-hfb-below-header-display":"","ast-hfb-mobile-header-display":"","site-post-title":"","ast-breadcrumbs-content":"","ast-featured-img":"","footer-sml-layout":"","theme-transparent-header-meta":"default","adv-header-id-meta":"","stick-header-meta":"","header-above-stick-meta":"","header-main-stick-meta":"","header-below-stick-meta":""},"product_cat":[97,30,37,41],"product_tag":[],"class_list":["post-4018","product","type-product","status-publish","has-post-thumbnail","hentry","product_cat-farolas-led-solares","product_cat-iluminacion-publica-y-vial","product_cat-iluminacion-solar-led","product_cat-ofertas"],"_links":{"self":[{"href":"https:\/\/starlediluminacion.com\/it\/wp-json\/wp\/v3\/product\/4018","targetHints":{"allow":["GET"]}}],"collection":[{"href":"https:\/\/starlediluminacion.com\/it\/wp-json\/wp\/v3\/product"}],"about":[{"href":"https:\/\/starlediluminacion.com\/it\/wp-json\/wp\/v2\/types\/product"}],"wp:featuredmedia":[{"embeddable":true,"href":"https:\/\/starlediluminacion.com\/it\/wp-json\/wp\/v2\/media\/4031"}],"wp:attachment":[{"href":"https:\/\/starlediluminacion.com\/it\/wp-json\/wp\/v2\/media?parent=4018"}],"wp:term":[{"taxonomy":"product_cat","embeddable":true,"href":"https:\/\/starlediluminacion.com\/it\/wp-json\/wp\/v2\/product_cat?post=4018"},{"taxonomy":"product_tag","embeddable":true,"href":"https:\/\/starlediluminacion.com\/it\/wp-json\/wp\/v2\/product_tag?post=4018"}],"curies":[{"name":"wp","href":"https:\/\/api.w.org\/{rel}","templated":true}]}}